{"id":2091,"date":"2025-08-01T07:16:42","date_gmt":"2025-08-01T07:16:42","guid":{"rendered":"https:\/\/stavebninynikol.cz\/?post_type=product&#038;p=2091"},"modified":"2025-08-20T09:54:07","modified_gmt":"2025-08-20T09:54:07","slug":"sadrove-lepidlo-na-sdk-desky-20-kg","status":"publish","type":"product","link":"https:\/\/stavebninynikol.cz\/index.php\/product\/sadrove-lepidlo-na-sdk-desky-20-kg\/","title":{"rendered":"S\u00e1drov\u00e9 lepidlo na SDK desky 20 kg"},"content":{"rendered":"","protected":false},"excerpt":{"rendered":"<p>S\u00e1drov\u00e9 lepidlo k upevn\u011bn\u00ed s\u00e1drokartonov\u00fdch desek na podklady jako keramick\u00e1 cihla, p\u00f3robetonov\u00e9 tv\u00e1rnice a beton. Lepen\u00ed zcela nahrazuje drah\u00e9 ocelov\u00e9 ro\u0161ty nebo pracnou mont\u00e1\u017e d\u0159ev\u011bn\u00fdch vyrovn\u00e1vac\u00edch ro\u0161t\u016f prov\u00e1d\u011bn\u00fdch na nerovn\u00fdch podkladech. Za deskami lze zachovat rozvody el. kabel\u016f a odv\u011btr\u00e1n\u00ed st\u011bn. <\/p>\n","protected":false},"featured_media":2092,"comment_status":"open","ping_status":"closed","template":"","meta":[],"product_brand":[],"product_cat":[223,182,196,190],"product_tag":[],"class_list":{"0":"post-2091","1":"product","2":"type-product","3":"status-publish","4":"has-post-thumbnail","6":"product_cat-ostatni-suche-smesi","7":"product_cat-sadrokartony","8":"product_cat-suche-smesi","9":"product_cat-tmely","11":"first","12":"instock","13":"shipping-taxable","14":"product-type-simple"},"yoast_head":"<!-- This site is optimized with the Yoast SEO plugin v26.9 - https:\/\/yoast.com\/product\/yoast-seo-wordpress\/ -->\n<title>S\u00e1drov\u00e9 lepidlo na SDK desky 20 kg - StavebninyNikol<\/title>\n<meta name=\"description\" content=\"S\u00e1drov\u00e9 lepidlo na SDK desky 20 kg StavebninyNikol\" \/>\n<meta name=\"robots\" content=\"index, follow, max-snippet:-1, max-image-preview:large, max-video-preview:-1\" \/>\n<link rel=\"canonical\" href=\"https:\/\/stavebninynikol.cz\/index.php\/product\/sadrove-lepidlo-na-sdk-desky-20-kg\/\" \/>\n<meta property=\"og:locale\" content=\"cs_CZ\" \/>\n<meta property=\"og:type\" content=\"article\" \/>\n<meta property=\"og:title\" content=\"S\u00e1drov\u00e9 lepidlo na SDK desky 20 kg - StavebninyNikol\" \/>\n<meta property=\"og:description\" content=\"S\u00e1drov\u00e9 lepidlo na SDK desky 20 kg StavebninyNikol\" \/>\n<meta property=\"og:url\" content=\"https:\/\/stavebninynikol.cz\/index.php\/product\/sadrove-lepidlo-na-sdk-desky-20-kg\/\" \/>\n<meta property=\"og:site_name\" content=\"StavebninyNikol\" \/>\n<meta property=\"article:publisher\" content=\"https:\/\/www.facebook.com\/profile.php?id=100057375402895&amp;mibextid=wwXIfr&amp;rdid=6fQOqALSBiK69Ovq&amp;share_url=httpswww.facebook.comshare1AicpAHGFPmibextidwwXIfr\" \/>\n<meta property=\"article:modified_time\" content=\"2025-08-20T09:54:07+00:00\" \/>\n<meta property=\"og:image\" content=\"https:\/\/stavebninynikol.cz\/wp-content\/uploads\/2025\/08\/0016065_den-braven-sadrove-lepidlo-na-sdk-desky-pytel-20-kg-bile_550.png\" \/>\n\t<meta property=\"og:image:width\" content=\"550\" \/>\n\t<meta property=\"og:image:height\" content=\"550\" \/>\n\t<meta property=\"og:image:type\" content=\"image\/png\" \/>\n<meta name=\"twitter:card\" content=\"summary_large_image\" \/>\n<script type=\"application\/ld+json\" class=\"yoast-schema-graph\">{\"@context\":\"https:\/\/schema.org\",\"@graph\":[{\"@type\":\"WebPage\",\"@id\":\"https:\/\/stavebninynikol.cz\/index.php\/product\/sadrove-lepidlo-na-sdk-desky-20-kg\/\",\"url\":\"https:\/\/stavebninynikol.cz\/index.php\/product\/sadrove-lepidlo-na-sdk-desky-20-kg\/\",\"name\":\"S\u00e1drov\u00e9 lepidlo na SDK desky 20 kg - StavebninyNikol\",\"isPartOf\":{\"@id\":\"https:\/\/stavebninynikol.cz\/#website\"},\"primaryImageOfPage\":{\"@id\":\"https:\/\/stavebninynikol.cz\/index.php\/product\/sadrove-lepidlo-na-sdk-desky-20-kg\/#primaryimage\"},\"image\":{\"@id\":\"https:\/\/stavebninynikol.cz\/index.php\/product\/sadrove-lepidlo-na-sdk-desky-20-kg\/#primaryimage\"},\"thumbnailUrl\":\"https:\/\/stavebninynikol.cz\/wp-content\/uploads\/2025\/08\/0016065_den-braven-sadrove-lepidlo-na-sdk-desky-pytel-20-kg-bile_550.png\",\"datePublished\":\"2025-08-01T07:16:42+00:00\",\"dateModified\":\"2025-08-20T09:54:07+00:00\",\"description\":\"S\u00e1drov\u00e9 lepidlo na SDK desky 20 kg StavebninyNikol\",\"breadcrumb\":{\"@id\":\"https:\/\/stavebninynikol.cz\/index.php\/product\/sadrove-lepidlo-na-sdk-desky-20-kg\/#breadcrumb\"},\"inLanguage\":\"cs\",\"potentialAction\":[{\"@type\":\"ReadAction\",\"target\":[\"https:\/\/stavebninynikol.cz\/index.php\/product\/sadrove-lepidlo-na-sdk-desky-20-kg\/\"]}]},{\"@type\":\"ImageObject\",\"inLanguage\":\"cs\",\"@id\":\"https:\/\/stavebninynikol.cz\/index.php\/product\/sadrove-lepidlo-na-sdk-desky-20-kg\/#primaryimage\",\"url\":\"https:\/\/stavebninynikol.cz\/wp-content\/uploads\/2025\/08\/0016065_den-braven-sadrove-lepidlo-na-sdk-desky-pytel-20-kg-bile_550.png\",\"contentUrl\":\"https:\/\/stavebninynikol.cz\/wp-content\/uploads\/2025\/08\/0016065_den-braven-sadrove-lepidlo-na-sdk-desky-pytel-20-kg-bile_550.png\",\"width\":550,\"height\":550},{\"@type\":\"BreadcrumbList\",\"@id\":\"https:\/\/stavebninynikol.cz\/index.php\/product\/sadrove-lepidlo-na-sdk-desky-20-kg\/#breadcrumb\",\"itemListElement\":[{\"@type\":\"ListItem\",\"position\":1,\"name\":\"Dom\u016f\",\"item\":\"https:\/\/stavebninynikol.cz\/\"},{\"@type\":\"ListItem\",\"position\":2,\"name\":\"Take Your Adventure To The Next Level\",\"item\":\"https:\/\/stavebninynikol.cz\/index.php\/shop\/\"},{\"@type\":\"ListItem\",\"position\":3,\"name\":\"S\u00e1drov\u00e9 lepidlo na SDK desky 20 kg\"}]},{\"@type\":\"WebSite\",\"@id\":\"https:\/\/stavebninynikol.cz\/#website\",\"url\":\"https:\/\/stavebninynikol.cz\/\",\"name\":\"StavebninyNikol\",\"description\":\"stavebniny nikol\",\"publisher\":{\"@id\":\"https:\/\/stavebninynikol.cz\/#organization\"},\"potentialAction\":[{\"@type\":\"SearchAction\",\"target\":{\"@type\":\"EntryPoint\",\"urlTemplate\":\"https:\/\/stavebninynikol.cz\/?s={search_term_string}\"},\"query-input\":{\"@type\":\"PropertyValueSpecification\",\"valueRequired\":true,\"valueName\":\"search_term_string\"}}],\"inLanguage\":\"cs\"},{\"@type\":\"Organization\",\"@id\":\"https:\/\/stavebninynikol.cz\/#organization\",\"name\":\"StavebninyNikol\",\"url\":\"https:\/\/stavebninynikol.cz\/\",\"logo\":{\"@type\":\"ImageObject\",\"inLanguage\":\"cs\",\"@id\":\"https:\/\/stavebninynikol.cz\/#\/schema\/logo\/image\/\",\"url\":\"https:\/\/stavebninynikol.cz\/wp-content\/uploads\/2025\/07\/NIKOL_logo.eps-1-e1757927564347.webp\",\"contentUrl\":\"https:\/\/stavebninynikol.cz\/wp-content\/uploads\/2025\/07\/NIKOL_logo.eps-1-e1757927564347.webp\",\"width\":512,\"height\":132,\"caption\":\"StavebninyNikol\"},\"image\":{\"@id\":\"https:\/\/stavebninynikol.cz\/#\/schema\/logo\/image\/\"},\"sameAs\":[\"https:\/\/www.facebook.com\/profile.php?id=100057375402895&mibextid=wwXIfr&rdid=6fQOqALSBiK69Ovq&share_url=httpswww.facebook.comshare1AicpAHGFPmibextidwwXIfr\"]}]}<\/script>\n<!-- \/ Yoast SEO plugin. -->","yoast_head_json":{"title":"S\u00e1drov\u00e9 lepidlo na SDK desky 20 kg - StavebninyNikol","description":"S\u00e1drov\u00e9 lepidlo na SDK desky 20 kg StavebninyNikol","robots":{"index":"index","follow":"follow","max-snippet":"max-snippet:-1","max-image-preview":"max-image-preview:large","max-video-preview":"max-video-preview:-1"},"canonical":"https:\/\/stavebninynikol.cz\/index.php\/product\/sadrove-lepidlo-na-sdk-desky-20-kg\/","og_locale":"cs_CZ","og_type":"article","og_title":"S\u00e1drov\u00e9 lepidlo na SDK desky 20 kg - StavebninyNikol","og_description":"S\u00e1drov\u00e9 lepidlo na SDK desky 20 kg StavebninyNikol","og_url":"https:\/\/stavebninynikol.cz\/index.php\/product\/sadrove-lepidlo-na-sdk-desky-20-kg\/","og_site_name":"StavebninyNikol","article_publisher":"https:\/\/www.facebook.com\/profile.php?id=100057375402895&mibextid=wwXIfr&rdid=6fQOqALSBiK69Ovq&share_url=httpswww.facebook.comshare1AicpAHGFPmibextidwwXIfr","article_modified_time":"2025-08-20T09:54:07+00:00","og_image":[{"width":550,"height":550,"url":"https:\/\/stavebninynikol.cz\/wp-content\/uploads\/2025\/08\/0016065_den-braven-sadrove-lepidlo-na-sdk-desky-pytel-20-kg-bile_550.png","type":"image\/png"}],"twitter_card":"summary_large_image","schema":{"@context":"https:\/\/schema.org","@graph":[{"@type":"WebPage","@id":"https:\/\/stavebninynikol.cz\/index.php\/product\/sadrove-lepidlo-na-sdk-desky-20-kg\/","url":"https:\/\/stavebninynikol.cz\/index.php\/product\/sadrove-lepidlo-na-sdk-desky-20-kg\/","name":"S\u00e1drov\u00e9 lepidlo na SDK desky 20 kg - StavebninyNikol","isPartOf":{"@id":"https:\/\/stavebninynikol.cz\/#website"},"primaryImageOfPage":{"@id":"https:\/\/stavebninynikol.cz\/index.php\/product\/sadrove-lepidlo-na-sdk-desky-20-kg\/#primaryimage"},"image":{"@id":"https:\/\/stavebninynikol.cz\/index.php\/product\/sadrove-lepidlo-na-sdk-desky-20-kg\/#primaryimage"},"thumbnailUrl":"https:\/\/stavebninynikol.cz\/wp-content\/uploads\/2025\/08\/0016065_den-braven-sadrove-lepidlo-na-sdk-desky-pytel-20-kg-bile_550.png","datePublished":"2025-08-01T07:16:42+00:00","dateModified":"2025-08-20T09:54:07+00:00","description":"S\u00e1drov\u00e9 lepidlo na SDK desky 20 kg StavebninyNikol","breadcrumb":{"@id":"https:\/\/stavebninynikol.cz\/index.php\/product\/sadrove-lepidlo-na-sdk-desky-20-kg\/#breadcrumb"},"inLanguage":"cs","potentialAction":[{"@type":"ReadAction","target":["https:\/\/stavebninynikol.cz\/index.php\/product\/sadrove-lepidlo-na-sdk-desky-20-kg\/"]}]},{"@type":"ImageObject","inLanguage":"cs","@id":"https:\/\/stavebninynikol.cz\/index.php\/product\/sadrove-lepidlo-na-sdk-desky-20-kg\/#primaryimage","url":"https:\/\/stavebninynikol.cz\/wp-content\/uploads\/2025\/08\/0016065_den-braven-sadrove-lepidlo-na-sdk-desky-pytel-20-kg-bile_550.png","contentUrl":"https:\/\/stavebninynikol.cz\/wp-content\/uploads\/2025\/08\/0016065_den-braven-sadrove-lepidlo-na-sdk-desky-pytel-20-kg-bile_550.png","width":550,"height":550},{"@type":"BreadcrumbList","@id":"https:\/\/stavebninynikol.cz\/index.php\/product\/sadrove-lepidlo-na-sdk-desky-20-kg\/#breadcrumb","itemListElement":[{"@type":"ListItem","position":1,"name":"Dom\u016f","item":"https:\/\/stavebninynikol.cz\/"},{"@type":"ListItem","position":2,"name":"Take Your Adventure To The Next Level","item":"https:\/\/stavebninynikol.cz\/index.php\/shop\/"},{"@type":"ListItem","position":3,"name":"S\u00e1drov\u00e9 lepidlo na SDK desky 20 kg"}]},{"@type":"WebSite","@id":"https:\/\/stavebninynikol.cz\/#website","url":"https:\/\/stavebninynikol.cz\/","name":"StavebninyNikol","description":"stavebniny nikol","publisher":{"@id":"https:\/\/stavebninynikol.cz\/#organization"},"potentialAction":[{"@type":"SearchAction","target":{"@type":"EntryPoint","urlTemplate":"https:\/\/stavebninynikol.cz\/?s={search_term_string}"},"query-input":{"@type":"PropertyValueSpecification","valueRequired":true,"valueName":"search_term_string"}}],"inLanguage":"cs"},{"@type":"Organization","@id":"https:\/\/stavebninynikol.cz\/#organization","name":"StavebninyNikol","url":"https:\/\/stavebninynikol.cz\/","logo":{"@type":"ImageObject","inLanguage":"cs","@id":"https:\/\/stavebninynikol.cz\/#\/schema\/logo\/image\/","url":"https:\/\/stavebninynikol.cz\/wp-content\/uploads\/2025\/07\/NIKOL_logo.eps-1-e1757927564347.webp","contentUrl":"https:\/\/stavebninynikol.cz\/wp-content\/uploads\/2025\/07\/NIKOL_logo.eps-1-e1757927564347.webp","width":512,"height":132,"caption":"StavebninyNikol"},"image":{"@id":"https:\/\/stavebninynikol.cz\/#\/schema\/logo\/image\/"},"sameAs":["https:\/\/www.facebook.com\/profile.php?id=100057375402895&mibextid=wwXIfr&rdid=6fQOqALSBiK69Ovq&share_url=httpswww.facebook.comshare1AicpAHGFPmibextidwwXIfr"]}]}},"_links":{"self":[{"href":"https:\/\/stavebninynikol.cz\/index.php\/wp-json\/wp\/v2\/product\/2091","targetHints":{"allow":["GET"]}}],"collection":[{"href":"https:\/\/stavebninynikol.cz\/index.php\/wp-json\/wp\/v2\/product"}],"about":[{"href":"https:\/\/stavebninynikol.cz\/index.php\/wp-json\/wp\/v2\/types\/product"}],"replies":[{"embeddable":true,"href":"https:\/\/stavebninynikol.cz\/index.php\/wp-json\/wp\/v2\/comments?post=2091"}],"wp:featuredmedia":[{"embeddable":true,"href":"https:\/\/stavebninynikol.cz\/index.php\/wp-json\/wp\/v2\/media\/2092"}],"wp:attachment":[{"href":"https:\/\/stavebninynikol.cz\/index.php\/wp-json\/wp\/v2\/media?parent=2091"}],"wp:term":[{"taxonomy":"product_brand","embeddable":true,"href":"https:\/\/stavebninynikol.cz\/index.php\/wp-json\/wp\/v2\/product_brand?post=2091"},{"taxonomy":"product_cat","embeddable":true,"href":"https:\/\/stavebninynikol.cz\/index.php\/wp-json\/wp\/v2\/product_cat?post=2091"},{"taxonomy":"product_tag","embeddable":true,"href":"https:\/\/stavebninynikol.cz\/index.php\/wp-json\/wp\/v2\/product_tag?post=2091"}],"curies":[{"name":"wp","href":"https:\/\/api.w.org\/{rel}","templated":true}]}}