{"id":2132,"date":"2025-08-19T05:30:56","date_gmt":"2025-08-19T05:30:56","guid":{"rendered":"https:\/\/stavebninynikol.cz\/?post_type=product&#038;p=2132"},"modified":"2025-08-20T09:16:27","modified_gmt":"2025-08-20T09:16:27","slug":"flexibilni-lepidlo-den-braven","status":"publish","type":"product","link":"https:\/\/stavebninynikol.cz\/index.php\/product\/flexibilni-lepidlo-den-braven\/","title":{"rendered":"Flexibiln\u00ed lepidlo Den Braven"},"content":{"rendered":"","protected":false},"excerpt":{"rendered":"<p>Deformovateln\u00e9 cementov\u00e9 lepidlo se sn\u00ed\u017een\u00fdm skluzem a prodlou\u017eenou dobou zavadnut\u00ed vyhovuj\u00edc\u00ed n\u00e1ro\u010dn\u011bj\u0161\u00edm podm\u00ednk\u00e1m. Ur\u010den\u00e9 pro lepen\u00ed obklad\u016f a dla\u017eby, lepen\u00ed tepeln\u011b izola\u010dn\u00edch materi\u00e1l\u016f a st\u011brkov\u00e1n\u00ed armovac\u00ed tkaniny. Lepen\u00ed p\u0159\u00edmo na starou dla\u017ebu, el. vyt\u00e1p\u011bn\u00e9 roho\u017ee, velkoform\u00e1tov\u00e9 prvky s vysokou mechanickou z\u00e1t\u011b\u017e\u00ed om\u00edtku beton, p\u00f3robeton, neom\u00edtnut\u00e9 zdivo, apod. <\/p>\n","protected":false},"featured_media":2133,"comment_status":"open","ping_status":"closed","template":"","meta":[],"product_brand":[],"product_cat":[211,196],"product_tag":[],"class_list":{"0":"post-2132","1":"product","2":"type-product","3":"status-publish","4":"has-post-thumbnail","6":"product_cat-lepidla-na-obklady-a-dlazby","7":"product_cat-suche-smesi","9":"first","10":"instock","11":"shipping-taxable","12":"product-type-simple"},"yoast_head":"<!-- This site is optimized with the Yoast SEO plugin v26.9 - https:\/\/yoast.com\/product\/yoast-seo-wordpress\/ -->\n<title>Flexibiln\u00ed lepidlo Den Braven - StavebninyNikol<\/title>\n<meta name=\"description\" content=\"Flexibiln\u00ed lepidlo Den Braven StavebninyNikol\" \/>\n<meta name=\"robots\" content=\"index, follow, max-snippet:-1, max-image-preview:large, max-video-preview:-1\" \/>\n<link rel=\"canonical\" href=\"https:\/\/stavebninynikol.cz\/index.php\/product\/flexibilni-lepidlo-den-braven\/\" \/>\n<meta property=\"og:locale\" content=\"cs_CZ\" \/>\n<meta property=\"og:type\" content=\"article\" \/>\n<meta property=\"og:title\" content=\"Flexibiln\u00ed lepidlo Den Braven - StavebninyNikol\" \/>\n<meta property=\"og:description\" content=\"Flexibiln\u00ed lepidlo Den Braven StavebninyNikol\" \/>\n<meta property=\"og:url\" content=\"https:\/\/stavebninynikol.cz\/index.php\/product\/flexibilni-lepidlo-den-braven\/\" \/>\n<meta property=\"og:site_name\" content=\"StavebninyNikol\" \/>\n<meta property=\"article:publisher\" content=\"https:\/\/www.facebook.com\/profile.php?id=100057375402895&amp;mibextid=wwXIfr&amp;rdid=6fQOqALSBiK69Ovq&amp;share_url=httpswww.facebook.comshare1AicpAHGFPmibextidwwXIfr\" \/>\n<meta property=\"article:modified_time\" content=\"2025-08-20T09:16:27+00:00\" \/>\n<meta property=\"og:image\" content=\"https:\/\/stavebninynikol.cz\/wp-content\/uploads\/2025\/08\/flexibilni-lepidlo-na-obklady-a-dlazbu-super-flex-c2tes1.webp\" \/>\n\t<meta property=\"og:image:width\" content=\"500\" \/>\n\t<meta property=\"og:image:height\" content=\"500\" \/>\n\t<meta property=\"og:image:type\" content=\"image\/webp\" \/>\n<meta name=\"twitter:card\" content=\"summary_large_image\" \/>\n<script type=\"application\/ld+json\" class=\"yoast-schema-graph\">{\"@context\":\"https:\/\/schema.org\",\"@graph\":[{\"@type\":\"WebPage\",\"@id\":\"https:\/\/stavebninynikol.cz\/index.php\/product\/flexibilni-lepidlo-den-braven\/\",\"url\":\"https:\/\/stavebninynikol.cz\/index.php\/product\/flexibilni-lepidlo-den-braven\/\",\"name\":\"Flexibiln\u00ed lepidlo Den Braven - StavebninyNikol\",\"isPartOf\":{\"@id\":\"https:\/\/stavebninynikol.cz\/#website\"},\"primaryImageOfPage\":{\"@id\":\"https:\/\/stavebninynikol.cz\/index.php\/product\/flexibilni-lepidlo-den-braven\/#primaryimage\"},\"image\":{\"@id\":\"https:\/\/stavebninynikol.cz\/index.php\/product\/flexibilni-lepidlo-den-braven\/#primaryimage\"},\"thumbnailUrl\":\"https:\/\/stavebninynikol.cz\/wp-content\/uploads\/2025\/08\/flexibilni-lepidlo-na-obklady-a-dlazbu-super-flex-c2tes1.webp\",\"datePublished\":\"2025-08-19T05:30:56+00:00\",\"dateModified\":\"2025-08-20T09:16:27+00:00\",\"description\":\"Flexibiln\u00ed lepidlo Den Braven StavebninyNikol\",\"breadcrumb\":{\"@id\":\"https:\/\/stavebninynikol.cz\/index.php\/product\/flexibilni-lepidlo-den-braven\/#breadcrumb\"},\"inLanguage\":\"cs\",\"potentialAction\":[{\"@type\":\"ReadAction\",\"target\":[\"https:\/\/stavebninynikol.cz\/index.php\/product\/flexibilni-lepidlo-den-braven\/\"]}]},{\"@type\":\"ImageObject\",\"inLanguage\":\"cs\",\"@id\":\"https:\/\/stavebninynikol.cz\/index.php\/product\/flexibilni-lepidlo-den-braven\/#primaryimage\",\"url\":\"https:\/\/stavebninynikol.cz\/wp-content\/uploads\/2025\/08\/flexibilni-lepidlo-na-obklady-a-dlazbu-super-flex-c2tes1.webp\",\"contentUrl\":\"https:\/\/stavebninynikol.cz\/wp-content\/uploads\/2025\/08\/flexibilni-lepidlo-na-obklady-a-dlazbu-super-flex-c2tes1.webp\",\"width\":500,\"height\":500},{\"@type\":\"BreadcrumbList\",\"@id\":\"https:\/\/stavebninynikol.cz\/index.php\/product\/flexibilni-lepidlo-den-braven\/#breadcrumb\",\"itemListElement\":[{\"@type\":\"ListItem\",\"position\":1,\"name\":\"Dom\u016f\",\"item\":\"https:\/\/stavebninynikol.cz\/\"},{\"@type\":\"ListItem\",\"position\":2,\"name\":\"Take Your Adventure To The Next Level\",\"item\":\"https:\/\/stavebninynikol.cz\/index.php\/shop\/\"},{\"@type\":\"ListItem\",\"position\":3,\"name\":\"Flexibiln\u00ed lepidlo Den Braven\"}]},{\"@type\":\"WebSite\",\"@id\":\"https:\/\/stavebninynikol.cz\/#website\",\"url\":\"https:\/\/stavebninynikol.cz\/\",\"name\":\"StavebninyNikol\",\"description\":\"stavebniny nikol\",\"publisher\":{\"@id\":\"https:\/\/stavebninynikol.cz\/#organization\"},\"potentialAction\":[{\"@type\":\"SearchAction\",\"target\":{\"@type\":\"EntryPoint\",\"urlTemplate\":\"https:\/\/stavebninynikol.cz\/?s={search_term_string}\"},\"query-input\":{\"@type\":\"PropertyValueSpecification\",\"valueRequired\":true,\"valueName\":\"search_term_string\"}}],\"inLanguage\":\"cs\"},{\"@type\":\"Organization\",\"@id\":\"https:\/\/stavebninynikol.cz\/#organization\",\"name\":\"StavebninyNikol\",\"url\":\"https:\/\/stavebninynikol.cz\/\",\"logo\":{\"@type\":\"ImageObject\",\"inLanguage\":\"cs\",\"@id\":\"https:\/\/stavebninynikol.cz\/#\/schema\/logo\/image\/\",\"url\":\"https:\/\/stavebninynikol.cz\/wp-content\/uploads\/2025\/07\/NIKOL_logo.eps-1-e1757927564347.webp\",\"contentUrl\":\"https:\/\/stavebninynikol.cz\/wp-content\/uploads\/2025\/07\/NIKOL_logo.eps-1-e1757927564347.webp\",\"width\":512,\"height\":132,\"caption\":\"StavebninyNikol\"},\"image\":{\"@id\":\"https:\/\/stavebninynikol.cz\/#\/schema\/logo\/image\/\"},\"sameAs\":[\"https:\/\/www.facebook.com\/profile.php?id=100057375402895&mibextid=wwXIfr&rdid=6fQOqALSBiK69Ovq&share_url=httpswww.facebook.comshare1AicpAHGFPmibextidwwXIfr\"]}]}<\/script>\n<!-- \/ Yoast SEO plugin. -->","yoast_head_json":{"title":"Flexibiln\u00ed lepidlo Den Braven - StavebninyNikol","description":"Flexibiln\u00ed lepidlo Den Braven StavebninyNikol","robots":{"index":"index","follow":"follow","max-snippet":"max-snippet:-1","max-image-preview":"max-image-preview:large","max-video-preview":"max-video-preview:-1"},"canonical":"https:\/\/stavebninynikol.cz\/index.php\/product\/flexibilni-lepidlo-den-braven\/","og_locale":"cs_CZ","og_type":"article","og_title":"Flexibiln\u00ed lepidlo Den Braven - StavebninyNikol","og_description":"Flexibiln\u00ed lepidlo Den Braven StavebninyNikol","og_url":"https:\/\/stavebninynikol.cz\/index.php\/product\/flexibilni-lepidlo-den-braven\/","og_site_name":"StavebninyNikol","article_publisher":"https:\/\/www.facebook.com\/profile.php?id=100057375402895&mibextid=wwXIfr&rdid=6fQOqALSBiK69Ovq&share_url=httpswww.facebook.comshare1AicpAHGFPmibextidwwXIfr","article_modified_time":"2025-08-20T09:16:27+00:00","og_image":[{"width":500,"height":500,"url":"https:\/\/stavebninynikol.cz\/wp-content\/uploads\/2025\/08\/flexibilni-lepidlo-na-obklady-a-dlazbu-super-flex-c2tes1.webp","type":"image\/webp"}],"twitter_card":"summary_large_image","schema":{"@context":"https:\/\/schema.org","@graph":[{"@type":"WebPage","@id":"https:\/\/stavebninynikol.cz\/index.php\/product\/flexibilni-lepidlo-den-braven\/","url":"https:\/\/stavebninynikol.cz\/index.php\/product\/flexibilni-lepidlo-den-braven\/","name":"Flexibiln\u00ed lepidlo Den Braven - StavebninyNikol","isPartOf":{"@id":"https:\/\/stavebninynikol.cz\/#website"},"primaryImageOfPage":{"@id":"https:\/\/stavebninynikol.cz\/index.php\/product\/flexibilni-lepidlo-den-braven\/#primaryimage"},"image":{"@id":"https:\/\/stavebninynikol.cz\/index.php\/product\/flexibilni-lepidlo-den-braven\/#primaryimage"},"thumbnailUrl":"https:\/\/stavebninynikol.cz\/wp-content\/uploads\/2025\/08\/flexibilni-lepidlo-na-obklady-a-dlazbu-super-flex-c2tes1.webp","datePublished":"2025-08-19T05:30:56+00:00","dateModified":"2025-08-20T09:16:27+00:00","description":"Flexibiln\u00ed lepidlo Den Braven StavebninyNikol","breadcrumb":{"@id":"https:\/\/stavebninynikol.cz\/index.php\/product\/flexibilni-lepidlo-den-braven\/#breadcrumb"},"inLanguage":"cs","potentialAction":[{"@type":"ReadAction","target":["https:\/\/stavebninynikol.cz\/index.php\/product\/flexibilni-lepidlo-den-braven\/"]}]},{"@type":"ImageObject","inLanguage":"cs","@id":"https:\/\/stavebninynikol.cz\/index.php\/product\/flexibilni-lepidlo-den-braven\/#primaryimage","url":"https:\/\/stavebninynikol.cz\/wp-content\/uploads\/2025\/08\/flexibilni-lepidlo-na-obklady-a-dlazbu-super-flex-c2tes1.webp","contentUrl":"https:\/\/stavebninynikol.cz\/wp-content\/uploads\/2025\/08\/flexibilni-lepidlo-na-obklady-a-dlazbu-super-flex-c2tes1.webp","width":500,"height":500},{"@type":"BreadcrumbList","@id":"https:\/\/stavebninynikol.cz\/index.php\/product\/flexibilni-lepidlo-den-braven\/#breadcrumb","itemListElement":[{"@type":"ListItem","position":1,"name":"Dom\u016f","item":"https:\/\/stavebninynikol.cz\/"},{"@type":"ListItem","position":2,"name":"Take Your Adventure To The Next Level","item":"https:\/\/stavebninynikol.cz\/index.php\/shop\/"},{"@type":"ListItem","position":3,"name":"Flexibiln\u00ed lepidlo Den Braven"}]},{"@type":"WebSite","@id":"https:\/\/stavebninynikol.cz\/#website","url":"https:\/\/stavebninynikol.cz\/","name":"StavebninyNikol","description":"stavebniny nikol","publisher":{"@id":"https:\/\/stavebninynikol.cz\/#organization"},"potentialAction":[{"@type":"SearchAction","target":{"@type":"EntryPoint","urlTemplate":"https:\/\/stavebninynikol.cz\/?s={search_term_string}"},"query-input":{"@type":"PropertyValueSpecification","valueRequired":true,"valueName":"search_term_string"}}],"inLanguage":"cs"},{"@type":"Organization","@id":"https:\/\/stavebninynikol.cz\/#organization","name":"StavebninyNikol","url":"https:\/\/stavebninynikol.cz\/","logo":{"@type":"ImageObject","inLanguage":"cs","@id":"https:\/\/stavebninynikol.cz\/#\/schema\/logo\/image\/","url":"https:\/\/stavebninynikol.cz\/wp-content\/uploads\/2025\/07\/NIKOL_logo.eps-1-e1757927564347.webp","contentUrl":"https:\/\/stavebninynikol.cz\/wp-content\/uploads\/2025\/07\/NIKOL_logo.eps-1-e1757927564347.webp","width":512,"height":132,"caption":"StavebninyNikol"},"image":{"@id":"https:\/\/stavebninynikol.cz\/#\/schema\/logo\/image\/"},"sameAs":["https:\/\/www.facebook.com\/profile.php?id=100057375402895&mibextid=wwXIfr&rdid=6fQOqALSBiK69Ovq&share_url=httpswww.facebook.comshare1AicpAHGFPmibextidwwXIfr"]}]}},"_links":{"self":[{"href":"https:\/\/stavebninynikol.cz\/index.php\/wp-json\/wp\/v2\/product\/2132","targetHints":{"allow":["GET"]}}],"collection":[{"href":"https:\/\/stavebninynikol.cz\/index.php\/wp-json\/wp\/v2\/product"}],"about":[{"href":"https:\/\/stavebninynikol.cz\/index.php\/wp-json\/wp\/v2\/types\/product"}],"replies":[{"embeddable":true,"href":"https:\/\/stavebninynikol.cz\/index.php\/wp-json\/wp\/v2\/comments?post=2132"}],"wp:featuredmedia":[{"embeddable":true,"href":"https:\/\/stavebninynikol.cz\/index.php\/wp-json\/wp\/v2\/media\/2133"}],"wp:attachment":[{"href":"https:\/\/stavebninynikol.cz\/index.php\/wp-json\/wp\/v2\/media?parent=2132"}],"wp:term":[{"taxonomy":"product_brand","embeddable":true,"href":"https:\/\/stavebninynikol.cz\/index.php\/wp-json\/wp\/v2\/product_brand?post=2132"},{"taxonomy":"product_cat","embeddable":true,"href":"https:\/\/stavebninynikol.cz\/index.php\/wp-json\/wp\/v2\/product_cat?post=2132"},{"taxonomy":"product_tag","embeddable":true,"href":"https:\/\/stavebninynikol.cz\/index.php\/wp-json\/wp\/v2\/product_tag?post=2132"}],"curies":[{"name":"wp","href":"https:\/\/api.w.org\/{rel}","templated":true}]}}