{"id":2144,"date":"2025-08-19T09:59:54","date_gmt":"2025-08-19T09:59:54","guid":{"rendered":"https:\/\/stavebninynikol.cz\/?post_type=product&#038;p=2144"},"modified":"2025-08-20T09:18:41","modified_gmt":"2025-08-20T09:18:41","slug":"lepidlo-fasadni-ts-special-eco","status":"publish","type":"product","link":"https:\/\/stavebninynikol.cz\/index.php\/product\/lepidlo-fasadni-ts-special-eco\/","title":{"rendered":"Lepidlo fas\u00e1dn\u00ed TS Special ECO"},"content":{"rendered":"","protected":false},"excerpt":{"rendered":"<p>Cementov\u00fd tmel pro zateplov\u00e1n\u00ed fas\u00e1d. Je p\u0159\u00edmo ur\u010den pro lepen\u00ed tepeln\u011b izola\u010dn\u00edch materi\u00e1l\u016f &#8211; fas\u00e1dn\u00edho polystyrenu EPS (expandovan\u00fd), XPS (extrudovan\u00fd polystyren), izola\u010dn\u00edch desek z miner\u00e1ln\u00edch vl\u00e1ken MW s pod\u00e9lnou orientac\u00ed vl\u00e1ken. Je komponentou ETICS pro lepen\u00ed v syst\u00e9mu EXCEL THERM s evropsk\u00fdm technick\u00fdm schv\u00e1len\u00edm (ETA), vydan\u00fdm podle sm\u011brnice ETAG 004.<\/p>\n<p>POU\u017dIT\u00cd<br \/>\nPro kontaktn\u00ed zateplovac\u00ed syst\u00e9my<br \/>\nNa b\u011b\u017en\u00e9 podklady \u2013 beton, om\u00edtky, p\u00f3robetony, cihly<br \/>\nK lepen\u00ed deskov\u00fdch izolant\u016f \u2013 EPS, XPS, MW pod\u00e9ln\u00e9 vl\u00e1kno<br \/>\nKe st\u011brkov\u00e1n\u00ed &#8211; EPS, MW s pod\u00e9ln\u00fdm vl\u00e1knem<br \/>\nV kombinaci s armovac\u00ed s\u00ed\u0165ovinou pro renovace star\u00fdch vypraskan\u00fdch om\u00edtek nebo zdiva z p\u00f3robetonov\u00fdch tv\u00e1rnic<\/p>\n","protected":false},"featured_media":2145,"comment_status":"open","ping_status":"closed","template":"","meta":[],"product_brand":[],"product_cat":[214,196],"product_tag":[],"class_list":{"0":"post-2144","1":"product","2":"type-product","3":"status-publish","4":"has-post-thumbnail","6":"product_cat-fasadni-lepidla","7":"product_cat-suche-smesi","9":"first","10":"instock","11":"shipping-taxable","12":"product-type-simple"},"yoast_head":"<!-- This site is optimized with the Yoast SEO plugin v26.9 - https:\/\/yoast.com\/product\/yoast-seo-wordpress\/ -->\n<title>Lepidlo fas\u00e1dn\u00ed TS Special ECO - StavebninyNikol<\/title>\n<meta name=\"description\" content=\"Lepidlo fas\u00e1dn\u00ed TS Special ECO StavebninyNikol\" \/>\n<meta name=\"robots\" content=\"index, follow, max-snippet:-1, max-image-preview:large, max-video-preview:-1\" \/>\n<link rel=\"canonical\" href=\"https:\/\/stavebninynikol.cz\/index.php\/product\/lepidlo-fasadni-ts-special-eco\/\" \/>\n<meta property=\"og:locale\" content=\"cs_CZ\" \/>\n<meta property=\"og:type\" content=\"article\" \/>\n<meta property=\"og:title\" content=\"Lepidlo fas\u00e1dn\u00ed TS Special ECO - StavebninyNikol\" \/>\n<meta property=\"og:description\" content=\"Lepidlo fas\u00e1dn\u00ed TS Special ECO StavebninyNikol\" \/>\n<meta property=\"og:url\" content=\"https:\/\/stavebninynikol.cz\/index.php\/product\/lepidlo-fasadni-ts-special-eco\/\" \/>\n<meta property=\"og:site_name\" content=\"StavebninyNikol\" \/>\n<meta property=\"article:publisher\" content=\"https:\/\/www.facebook.com\/profile.php?id=100057375402895&amp;mibextid=wwXIfr&amp;rdid=6fQOqALSBiK69Ovq&amp;share_url=httpswww.facebook.comshare1AicpAHGFPmibextidwwXIfr\" \/>\n<meta property=\"article:modified_time\" content=\"2025-08-20T09:18:41+00:00\" \/>\n<meta property=\"og:image\" content=\"https:\/\/stavebninynikol.cz\/wp-content\/uploads\/2025\/08\/4031_ts-special-eco.png\" \/>\n\t<meta property=\"og:image:width\" content=\"306\" \/>\n\t<meta property=\"og:image:height\" content=\"520\" \/>\n\t<meta property=\"og:image:type\" content=\"image\/png\" \/>\n<meta name=\"twitter:card\" content=\"summary_large_image\" \/>\n<script type=\"application\/ld+json\" class=\"yoast-schema-graph\">{\"@context\":\"https:\/\/schema.org\",\"@graph\":[{\"@type\":\"WebPage\",\"@id\":\"https:\/\/stavebninynikol.cz\/index.php\/product\/lepidlo-fasadni-ts-special-eco\/\",\"url\":\"https:\/\/stavebninynikol.cz\/index.php\/product\/lepidlo-fasadni-ts-special-eco\/\",\"name\":\"Lepidlo fas\u00e1dn\u00ed TS Special ECO - StavebninyNikol\",\"isPartOf\":{\"@id\":\"https:\/\/stavebninynikol.cz\/#website\"},\"primaryImageOfPage\":{\"@id\":\"https:\/\/stavebninynikol.cz\/index.php\/product\/lepidlo-fasadni-ts-special-eco\/#primaryimage\"},\"image\":{\"@id\":\"https:\/\/stavebninynikol.cz\/index.php\/product\/lepidlo-fasadni-ts-special-eco\/#primaryimage\"},\"thumbnailUrl\":\"https:\/\/stavebninynikol.cz\/wp-content\/uploads\/2025\/08\/4031_ts-special-eco.png\",\"datePublished\":\"2025-08-19T09:59:54+00:00\",\"dateModified\":\"2025-08-20T09:18:41+00:00\",\"description\":\"Lepidlo fas\u00e1dn\u00ed TS Special ECO StavebninyNikol\",\"breadcrumb\":{\"@id\":\"https:\/\/stavebninynikol.cz\/index.php\/product\/lepidlo-fasadni-ts-special-eco\/#breadcrumb\"},\"inLanguage\":\"cs\",\"potentialAction\":[{\"@type\":\"ReadAction\",\"target\":[\"https:\/\/stavebninynikol.cz\/index.php\/product\/lepidlo-fasadni-ts-special-eco\/\"]}]},{\"@type\":\"ImageObject\",\"inLanguage\":\"cs\",\"@id\":\"https:\/\/stavebninynikol.cz\/index.php\/product\/lepidlo-fasadni-ts-special-eco\/#primaryimage\",\"url\":\"https:\/\/stavebninynikol.cz\/wp-content\/uploads\/2025\/08\/4031_ts-special-eco.png\",\"contentUrl\":\"https:\/\/stavebninynikol.cz\/wp-content\/uploads\/2025\/08\/4031_ts-special-eco.png\",\"width\":306,\"height\":520},{\"@type\":\"BreadcrumbList\",\"@id\":\"https:\/\/stavebninynikol.cz\/index.php\/product\/lepidlo-fasadni-ts-special-eco\/#breadcrumb\",\"itemListElement\":[{\"@type\":\"ListItem\",\"position\":1,\"name\":\"Dom\u016f\",\"item\":\"https:\/\/stavebninynikol.cz\/\"},{\"@type\":\"ListItem\",\"position\":2,\"name\":\"Take Your Adventure To The Next Level\",\"item\":\"https:\/\/stavebninynikol.cz\/index.php\/shop\/\"},{\"@type\":\"ListItem\",\"position\":3,\"name\":\"Lepidlo fas\u00e1dn\u00ed TS Special ECO\"}]},{\"@type\":\"WebSite\",\"@id\":\"https:\/\/stavebninynikol.cz\/#website\",\"url\":\"https:\/\/stavebninynikol.cz\/\",\"name\":\"StavebninyNikol\",\"description\":\"stavebniny nikol\",\"publisher\":{\"@id\":\"https:\/\/stavebninynikol.cz\/#organization\"},\"potentialAction\":[{\"@type\":\"SearchAction\",\"target\":{\"@type\":\"EntryPoint\",\"urlTemplate\":\"https:\/\/stavebninynikol.cz\/?s={search_term_string}\"},\"query-input\":{\"@type\":\"PropertyValueSpecification\",\"valueRequired\":true,\"valueName\":\"search_term_string\"}}],\"inLanguage\":\"cs\"},{\"@type\":\"Organization\",\"@id\":\"https:\/\/stavebninynikol.cz\/#organization\",\"name\":\"StavebninyNikol\",\"url\":\"https:\/\/stavebninynikol.cz\/\",\"logo\":{\"@type\":\"ImageObject\",\"inLanguage\":\"cs\",\"@id\":\"https:\/\/stavebninynikol.cz\/#\/schema\/logo\/image\/\",\"url\":\"https:\/\/stavebninynikol.cz\/wp-content\/uploads\/2025\/07\/NIKOL_logo.eps-1-e1757927564347.webp\",\"contentUrl\":\"https:\/\/stavebninynikol.cz\/wp-content\/uploads\/2025\/07\/NIKOL_logo.eps-1-e1757927564347.webp\",\"width\":512,\"height\":132,\"caption\":\"StavebninyNikol\"},\"image\":{\"@id\":\"https:\/\/stavebninynikol.cz\/#\/schema\/logo\/image\/\"},\"sameAs\":[\"https:\/\/www.facebook.com\/profile.php?id=100057375402895&mibextid=wwXIfr&rdid=6fQOqALSBiK69Ovq&share_url=httpswww.facebook.comshare1AicpAHGFPmibextidwwXIfr\"]}]}<\/script>\n<!-- \/ Yoast SEO plugin. -->","yoast_head_json":{"title":"Lepidlo fas\u00e1dn\u00ed TS Special ECO - StavebninyNikol","description":"Lepidlo fas\u00e1dn\u00ed TS Special ECO StavebninyNikol","robots":{"index":"index","follow":"follow","max-snippet":"max-snippet:-1","max-image-preview":"max-image-preview:large","max-video-preview":"max-video-preview:-1"},"canonical":"https:\/\/stavebninynikol.cz\/index.php\/product\/lepidlo-fasadni-ts-special-eco\/","og_locale":"cs_CZ","og_type":"article","og_title":"Lepidlo fas\u00e1dn\u00ed TS Special ECO - StavebninyNikol","og_description":"Lepidlo fas\u00e1dn\u00ed TS Special ECO StavebninyNikol","og_url":"https:\/\/stavebninynikol.cz\/index.php\/product\/lepidlo-fasadni-ts-special-eco\/","og_site_name":"StavebninyNikol","article_publisher":"https:\/\/www.facebook.com\/profile.php?id=100057375402895&mibextid=wwXIfr&rdid=6fQOqALSBiK69Ovq&share_url=httpswww.facebook.comshare1AicpAHGFPmibextidwwXIfr","article_modified_time":"2025-08-20T09:18:41+00:00","og_image":[{"width":306,"height":520,"url":"https:\/\/stavebninynikol.cz\/wp-content\/uploads\/2025\/08\/4031_ts-special-eco.png","type":"image\/png"}],"twitter_card":"summary_large_image","schema":{"@context":"https:\/\/schema.org","@graph":[{"@type":"WebPage","@id":"https:\/\/stavebninynikol.cz\/index.php\/product\/lepidlo-fasadni-ts-special-eco\/","url":"https:\/\/stavebninynikol.cz\/index.php\/product\/lepidlo-fasadni-ts-special-eco\/","name":"Lepidlo fas\u00e1dn\u00ed TS Special ECO - StavebninyNikol","isPartOf":{"@id":"https:\/\/stavebninynikol.cz\/#website"},"primaryImageOfPage":{"@id":"https:\/\/stavebninynikol.cz\/index.php\/product\/lepidlo-fasadni-ts-special-eco\/#primaryimage"},"image":{"@id":"https:\/\/stavebninynikol.cz\/index.php\/product\/lepidlo-fasadni-ts-special-eco\/#primaryimage"},"thumbnailUrl":"https:\/\/stavebninynikol.cz\/wp-content\/uploads\/2025\/08\/4031_ts-special-eco.png","datePublished":"2025-08-19T09:59:54+00:00","dateModified":"2025-08-20T09:18:41+00:00","description":"Lepidlo fas\u00e1dn\u00ed TS Special ECO StavebninyNikol","breadcrumb":{"@id":"https:\/\/stavebninynikol.cz\/index.php\/product\/lepidlo-fasadni-ts-special-eco\/#breadcrumb"},"inLanguage":"cs","potentialAction":[{"@type":"ReadAction","target":["https:\/\/stavebninynikol.cz\/index.php\/product\/lepidlo-fasadni-ts-special-eco\/"]}]},{"@type":"ImageObject","inLanguage":"cs","@id":"https:\/\/stavebninynikol.cz\/index.php\/product\/lepidlo-fasadni-ts-special-eco\/#primaryimage","url":"https:\/\/stavebninynikol.cz\/wp-content\/uploads\/2025\/08\/4031_ts-special-eco.png","contentUrl":"https:\/\/stavebninynikol.cz\/wp-content\/uploads\/2025\/08\/4031_ts-special-eco.png","width":306,"height":520},{"@type":"BreadcrumbList","@id":"https:\/\/stavebninynikol.cz\/index.php\/product\/lepidlo-fasadni-ts-special-eco\/#breadcrumb","itemListElement":[{"@type":"ListItem","position":1,"name":"Dom\u016f","item":"https:\/\/stavebninynikol.cz\/"},{"@type":"ListItem","position":2,"name":"Take Your Adventure To The Next Level","item":"https:\/\/stavebninynikol.cz\/index.php\/shop\/"},{"@type":"ListItem","position":3,"name":"Lepidlo fas\u00e1dn\u00ed TS Special ECO"}]},{"@type":"WebSite","@id":"https:\/\/stavebninynikol.cz\/#website","url":"https:\/\/stavebninynikol.cz\/","name":"StavebninyNikol","description":"stavebniny nikol","publisher":{"@id":"https:\/\/stavebninynikol.cz\/#organization"},"potentialAction":[{"@type":"SearchAction","target":{"@type":"EntryPoint","urlTemplate":"https:\/\/stavebninynikol.cz\/?s={search_term_string}"},"query-input":{"@type":"PropertyValueSpecification","valueRequired":true,"valueName":"search_term_string"}}],"inLanguage":"cs"},{"@type":"Organization","@id":"https:\/\/stavebninynikol.cz\/#organization","name":"StavebninyNikol","url":"https:\/\/stavebninynikol.cz\/","logo":{"@type":"ImageObject","inLanguage":"cs","@id":"https:\/\/stavebninynikol.cz\/#\/schema\/logo\/image\/","url":"https:\/\/stavebninynikol.cz\/wp-content\/uploads\/2025\/07\/NIKOL_logo.eps-1-e1757927564347.webp","contentUrl":"https:\/\/stavebninynikol.cz\/wp-content\/uploads\/2025\/07\/NIKOL_logo.eps-1-e1757927564347.webp","width":512,"height":132,"caption":"StavebninyNikol"},"image":{"@id":"https:\/\/stavebninynikol.cz\/#\/schema\/logo\/image\/"},"sameAs":["https:\/\/www.facebook.com\/profile.php?id=100057375402895&mibextid=wwXIfr&rdid=6fQOqALSBiK69Ovq&share_url=httpswww.facebook.comshare1AicpAHGFPmibextidwwXIfr"]}]}},"_links":{"self":[{"href":"https:\/\/stavebninynikol.cz\/index.php\/wp-json\/wp\/v2\/product\/2144","targetHints":{"allow":["GET"]}}],"collection":[{"href":"https:\/\/stavebninynikol.cz\/index.php\/wp-json\/wp\/v2\/product"}],"about":[{"href":"https:\/\/stavebninynikol.cz\/index.php\/wp-json\/wp\/v2\/types\/product"}],"replies":[{"embeddable":true,"href":"https:\/\/stavebninynikol.cz\/index.php\/wp-json\/wp\/v2\/comments?post=2144"}],"wp:featuredmedia":[{"embeddable":true,"href":"https:\/\/stavebninynikol.cz\/index.php\/wp-json\/wp\/v2\/media\/2145"}],"wp:attachment":[{"href":"https:\/\/stavebninynikol.cz\/index.php\/wp-json\/wp\/v2\/media?parent=2144"}],"wp:term":[{"taxonomy":"product_brand","embeddable":true,"href":"https:\/\/stavebninynikol.cz\/index.php\/wp-json\/wp\/v2\/product_brand?post=2144"},{"taxonomy":"product_cat","embeddable":true,"href":"https:\/\/stavebninynikol.cz\/index.php\/wp-json\/wp\/v2\/product_cat?post=2144"},{"taxonomy":"product_tag","embeddable":true,"href":"https:\/\/stavebninynikol.cz\/index.php\/wp-json\/wp\/v2\/product_tag?post=2144"}],"curies":[{"name":"wp","href":"https:\/\/api.w.org\/{rel}","templated":true}]}}