{"id":2200,"date":"2025-08-20T09:56:54","date_gmt":"2025-08-20T09:56:54","guid":{"rendered":"https:\/\/stavebninynikol.cz\/?post_type=product&#038;p=2200"},"modified":"2025-08-20T09:56:54","modified_gmt":"2025-08-20T09:56:54","slug":"lepici-a-zdici-tmel-na-porobetony-a-cihly-quartz-poro","status":"publish","type":"product","link":"https:\/\/stavebninynikol.cz\/index.php\/product\/lepici-a-zdici-tmel-na-porobetony-a-cihly-quartz-poro\/","title":{"rendered":"Lepic\u00ed a zdic\u00ed tmel na p\u00f3robetony a cihly QUARTZ PORO"},"content":{"rendered":"","protected":false},"excerpt":{"rendered":"<p>Pr\u016fmyslov\u011b vyr\u00e1b\u011bn\u00e1 such\u00e1 lepic\u00ed malta vyu\u017e\u00edvaj\u00edc\u00ed p\u0159\u00edrodn\u00ed materi\u00e1ly, k\u0159emi\u010dit\u00fdch p\u00edsk\u016f, cementu, p\u0159\u00edm\u011bs\u00ed a p\u0159\u00edsad. Velikost st\u0159edn\u00edho zrna 0,7 mm. Malta je ur\u010den\u00e1 pro zd\u011bn\u00ed\/lepen\u00ed p\u00f3robetonov\u00fdch tv\u00e1rnic nosn\u00fdch i p\u0159\u00ed\u010dkov\u00fdch st\u011bn (Ytong, Hebel, Siporex, H+H aj.) a keramick\u00fdch cihel. Je mo\u017en\u00e9 ji pou\u017e\u00edt pro vyspravov\u00e1n\u00ed nerovn\u00fdch povrch\u016f vnit\u0159n\u00edch om\u00edtek, beton\u016f, neom\u00edtnut\u00fdch p\u00f3robetonov\u00fdch zd\u00ed a dal\u0161\u00edch aplikac\u00ed. A\u017e na 24 bm nosn\u00e9ho zdiva.<\/p>\n","protected":false},"featured_media":2201,"comment_status":"open","ping_status":"closed","template":"","meta":[],"product_brand":[],"product_cat":[223,196],"product_tag":[],"class_list":{"0":"post-2200","1":"product","2":"type-product","3":"status-publish","4":"has-post-thumbnail","6":"product_cat-ostatni-suche-smesi","7":"product_cat-suche-smesi","9":"first","10":"instock","11":"shipping-taxable","12":"product-type-simple"},"yoast_head":"<!-- This site is optimized with the Yoast SEO plugin v26.9 - https:\/\/yoast.com\/product\/yoast-seo-wordpress\/ -->\n<title>Lepic\u00ed a zdic\u00ed tmel na p\u00f3robetony a cihly QUARTZ PORO - StavebninyNikol<\/title>\n<meta name=\"description\" content=\"Lepic\u00ed a zdic\u00ed tmel na p\u00f3robetony a cihly QUARTZ PORO StavebninyNikol\" \/>\n<meta name=\"robots\" content=\"index, follow, max-snippet:-1, max-image-preview:large, max-video-preview:-1\" \/>\n<link rel=\"canonical\" href=\"https:\/\/stavebninynikol.cz\/index.php\/product\/lepici-a-zdici-tmel-na-porobetony-a-cihly-quartz-poro\/\" \/>\n<meta property=\"og:locale\" content=\"cs_CZ\" \/>\n<meta property=\"og:type\" content=\"article\" \/>\n<meta property=\"og:title\" content=\"Lepic\u00ed a zdic\u00ed tmel na p\u00f3robetony a cihly QUARTZ PORO - StavebninyNikol\" \/>\n<meta property=\"og:description\" content=\"Lepic\u00ed a zdic\u00ed tmel na p\u00f3robetony a cihly QUARTZ PORO StavebninyNikol\" \/>\n<meta property=\"og:url\" content=\"https:\/\/stavebninynikol.cz\/index.php\/product\/lepici-a-zdici-tmel-na-porobetony-a-cihly-quartz-poro\/\" \/>\n<meta property=\"og:site_name\" content=\"StavebninyNikol\" \/>\n<meta property=\"article:publisher\" content=\"https:\/\/www.facebook.com\/profile.php?id=100057375402895&amp;mibextid=wwXIfr&amp;rdid=6fQOqALSBiK69Ovq&amp;share_url=httpswww.facebook.comshare1AicpAHGFPmibextidwwXIfr\" \/>\n<meta property=\"og:image\" content=\"https:\/\/stavebninynikol.cz\/wp-content\/uploads\/2025\/08\/Lepici-a-zdici-tmel-na-porobetony-a-cihly-QUARTZ-PORO-debbex-by-den-braven-web-2025.png.webp\" \/>\n\t<meta property=\"og:image:width\" content=\"600\" \/>\n\t<meta property=\"og:image:height\" content=\"600\" \/>\n\t<meta property=\"og:image:type\" content=\"image\/webp\" \/>\n<meta name=\"twitter:card\" content=\"summary_large_image\" \/>\n<script type=\"application\/ld+json\" class=\"yoast-schema-graph\">{\"@context\":\"https:\/\/schema.org\",\"@graph\":[{\"@type\":\"WebPage\",\"@id\":\"https:\/\/stavebninynikol.cz\/index.php\/product\/lepici-a-zdici-tmel-na-porobetony-a-cihly-quartz-poro\/\",\"url\":\"https:\/\/stavebninynikol.cz\/index.php\/product\/lepici-a-zdici-tmel-na-porobetony-a-cihly-quartz-poro\/\",\"name\":\"Lepic\u00ed a zdic\u00ed tmel na p\u00f3robetony a cihly QUARTZ PORO - StavebninyNikol\",\"isPartOf\":{\"@id\":\"https:\/\/stavebninynikol.cz\/#website\"},\"primaryImageOfPage\":{\"@id\":\"https:\/\/stavebninynikol.cz\/index.php\/product\/lepici-a-zdici-tmel-na-porobetony-a-cihly-quartz-poro\/#primaryimage\"},\"image\":{\"@id\":\"https:\/\/stavebninynikol.cz\/index.php\/product\/lepici-a-zdici-tmel-na-porobetony-a-cihly-quartz-poro\/#primaryimage\"},\"thumbnailUrl\":\"https:\/\/stavebninynikol.cz\/wp-content\/uploads\/2025\/08\/Lepici-a-zdici-tmel-na-porobetony-a-cihly-QUARTZ-PORO-debbex-by-den-braven-web-2025.png.webp\",\"datePublished\":\"2025-08-20T09:56:54+00:00\",\"description\":\"Lepic\u00ed a zdic\u00ed tmel na p\u00f3robetony a cihly QUARTZ PORO StavebninyNikol\",\"breadcrumb\":{\"@id\":\"https:\/\/stavebninynikol.cz\/index.php\/product\/lepici-a-zdici-tmel-na-porobetony-a-cihly-quartz-poro\/#breadcrumb\"},\"inLanguage\":\"cs\",\"potentialAction\":[{\"@type\":\"ReadAction\",\"target\":[\"https:\/\/stavebninynikol.cz\/index.php\/product\/lepici-a-zdici-tmel-na-porobetony-a-cihly-quartz-poro\/\"]}]},{\"@type\":\"ImageObject\",\"inLanguage\":\"cs\",\"@id\":\"https:\/\/stavebninynikol.cz\/index.php\/product\/lepici-a-zdici-tmel-na-porobetony-a-cihly-quartz-poro\/#primaryimage\",\"url\":\"https:\/\/stavebninynikol.cz\/wp-content\/uploads\/2025\/08\/Lepici-a-zdici-tmel-na-porobetony-a-cihly-QUARTZ-PORO-debbex-by-den-braven-web-2025.png.webp\",\"contentUrl\":\"https:\/\/stavebninynikol.cz\/wp-content\/uploads\/2025\/08\/Lepici-a-zdici-tmel-na-porobetony-a-cihly-QUARTZ-PORO-debbex-by-den-braven-web-2025.png.webp\",\"width\":600,\"height\":600},{\"@type\":\"BreadcrumbList\",\"@id\":\"https:\/\/stavebninynikol.cz\/index.php\/product\/lepici-a-zdici-tmel-na-porobetony-a-cihly-quartz-poro\/#breadcrumb\",\"itemListElement\":[{\"@type\":\"ListItem\",\"position\":1,\"name\":\"Dom\u016f\",\"item\":\"https:\/\/stavebninynikol.cz\/\"},{\"@type\":\"ListItem\",\"position\":2,\"name\":\"Take Your Adventure To The Next Level\",\"item\":\"https:\/\/stavebninynikol.cz\/index.php\/shop\/\"},{\"@type\":\"ListItem\",\"position\":3,\"name\":\"Lepic\u00ed a zdic\u00ed tmel na p\u00f3robetony a cihly QUARTZ PORO\"}]},{\"@type\":\"WebSite\",\"@id\":\"https:\/\/stavebninynikol.cz\/#website\",\"url\":\"https:\/\/stavebninynikol.cz\/\",\"name\":\"StavebninyNikol\",\"description\":\"stavebniny nikol\",\"publisher\":{\"@id\":\"https:\/\/stavebninynikol.cz\/#organization\"},\"potentialAction\":[{\"@type\":\"SearchAction\",\"target\":{\"@type\":\"EntryPoint\",\"urlTemplate\":\"https:\/\/stavebninynikol.cz\/?s={search_term_string}\"},\"query-input\":{\"@type\":\"PropertyValueSpecification\",\"valueRequired\":true,\"valueName\":\"search_term_string\"}}],\"inLanguage\":\"cs\"},{\"@type\":\"Organization\",\"@id\":\"https:\/\/stavebninynikol.cz\/#organization\",\"name\":\"StavebninyNikol\",\"url\":\"https:\/\/stavebninynikol.cz\/\",\"logo\":{\"@type\":\"ImageObject\",\"inLanguage\":\"cs\",\"@id\":\"https:\/\/stavebninynikol.cz\/#\/schema\/logo\/image\/\",\"url\":\"https:\/\/stavebninynikol.cz\/wp-content\/uploads\/2025\/07\/NIKOL_logo.eps-1-e1757927564347.webp\",\"contentUrl\":\"https:\/\/stavebninynikol.cz\/wp-content\/uploads\/2025\/07\/NIKOL_logo.eps-1-e1757927564347.webp\",\"width\":512,\"height\":132,\"caption\":\"StavebninyNikol\"},\"image\":{\"@id\":\"https:\/\/stavebninynikol.cz\/#\/schema\/logo\/image\/\"},\"sameAs\":[\"https:\/\/www.facebook.com\/profile.php?id=100057375402895&mibextid=wwXIfr&rdid=6fQOqALSBiK69Ovq&share_url=httpswww.facebook.comshare1AicpAHGFPmibextidwwXIfr\"]}]}<\/script>\n<!-- \/ Yoast SEO plugin. -->","yoast_head_json":{"title":"Lepic\u00ed a zdic\u00ed tmel na p\u00f3robetony a cihly QUARTZ PORO - StavebninyNikol","description":"Lepic\u00ed a zdic\u00ed tmel na p\u00f3robetony a cihly QUARTZ PORO StavebninyNikol","robots":{"index":"index","follow":"follow","max-snippet":"max-snippet:-1","max-image-preview":"max-image-preview:large","max-video-preview":"max-video-preview:-1"},"canonical":"https:\/\/stavebninynikol.cz\/index.php\/product\/lepici-a-zdici-tmel-na-porobetony-a-cihly-quartz-poro\/","og_locale":"cs_CZ","og_type":"article","og_title":"Lepic\u00ed a zdic\u00ed tmel na p\u00f3robetony a cihly QUARTZ PORO - StavebninyNikol","og_description":"Lepic\u00ed a zdic\u00ed tmel na p\u00f3robetony a cihly QUARTZ PORO StavebninyNikol","og_url":"https:\/\/stavebninynikol.cz\/index.php\/product\/lepici-a-zdici-tmel-na-porobetony-a-cihly-quartz-poro\/","og_site_name":"StavebninyNikol","article_publisher":"https:\/\/www.facebook.com\/profile.php?id=100057375402895&mibextid=wwXIfr&rdid=6fQOqALSBiK69Ovq&share_url=httpswww.facebook.comshare1AicpAHGFPmibextidwwXIfr","og_image":[{"width":600,"height":600,"url":"https:\/\/stavebninynikol.cz\/wp-content\/uploads\/2025\/08\/Lepici-a-zdici-tmel-na-porobetony-a-cihly-QUARTZ-PORO-debbex-by-den-braven-web-2025.png.webp","type":"image\/webp"}],"twitter_card":"summary_large_image","schema":{"@context":"https:\/\/schema.org","@graph":[{"@type":"WebPage","@id":"https:\/\/stavebninynikol.cz\/index.php\/product\/lepici-a-zdici-tmel-na-porobetony-a-cihly-quartz-poro\/","url":"https:\/\/stavebninynikol.cz\/index.php\/product\/lepici-a-zdici-tmel-na-porobetony-a-cihly-quartz-poro\/","name":"Lepic\u00ed a zdic\u00ed tmel na p\u00f3robetony a cihly QUARTZ PORO - StavebninyNikol","isPartOf":{"@id":"https:\/\/stavebninynikol.cz\/#website"},"primaryImageOfPage":{"@id":"https:\/\/stavebninynikol.cz\/index.php\/product\/lepici-a-zdici-tmel-na-porobetony-a-cihly-quartz-poro\/#primaryimage"},"image":{"@id":"https:\/\/stavebninynikol.cz\/index.php\/product\/lepici-a-zdici-tmel-na-porobetony-a-cihly-quartz-poro\/#primaryimage"},"thumbnailUrl":"https:\/\/stavebninynikol.cz\/wp-content\/uploads\/2025\/08\/Lepici-a-zdici-tmel-na-porobetony-a-cihly-QUARTZ-PORO-debbex-by-den-braven-web-2025.png.webp","datePublished":"2025-08-20T09:56:54+00:00","description":"Lepic\u00ed a zdic\u00ed tmel na p\u00f3robetony a cihly QUARTZ PORO StavebninyNikol","breadcrumb":{"@id":"https:\/\/stavebninynikol.cz\/index.php\/product\/lepici-a-zdici-tmel-na-porobetony-a-cihly-quartz-poro\/#breadcrumb"},"inLanguage":"cs","potentialAction":[{"@type":"ReadAction","target":["https:\/\/stavebninynikol.cz\/index.php\/product\/lepici-a-zdici-tmel-na-porobetony-a-cihly-quartz-poro\/"]}]},{"@type":"ImageObject","inLanguage":"cs","@id":"https:\/\/stavebninynikol.cz\/index.php\/product\/lepici-a-zdici-tmel-na-porobetony-a-cihly-quartz-poro\/#primaryimage","url":"https:\/\/stavebninynikol.cz\/wp-content\/uploads\/2025\/08\/Lepici-a-zdici-tmel-na-porobetony-a-cihly-QUARTZ-PORO-debbex-by-den-braven-web-2025.png.webp","contentUrl":"https:\/\/stavebninynikol.cz\/wp-content\/uploads\/2025\/08\/Lepici-a-zdici-tmel-na-porobetony-a-cihly-QUARTZ-PORO-debbex-by-den-braven-web-2025.png.webp","width":600,"height":600},{"@type":"BreadcrumbList","@id":"https:\/\/stavebninynikol.cz\/index.php\/product\/lepici-a-zdici-tmel-na-porobetony-a-cihly-quartz-poro\/#breadcrumb","itemListElement":[{"@type":"ListItem","position":1,"name":"Dom\u016f","item":"https:\/\/stavebninynikol.cz\/"},{"@type":"ListItem","position":2,"name":"Take Your Adventure To The Next Level","item":"https:\/\/stavebninynikol.cz\/index.php\/shop\/"},{"@type":"ListItem","position":3,"name":"Lepic\u00ed a zdic\u00ed tmel na p\u00f3robetony a cihly QUARTZ PORO"}]},{"@type":"WebSite","@id":"https:\/\/stavebninynikol.cz\/#website","url":"https:\/\/stavebninynikol.cz\/","name":"StavebninyNikol","description":"stavebniny nikol","publisher":{"@id":"https:\/\/stavebninynikol.cz\/#organization"},"potentialAction":[{"@type":"SearchAction","target":{"@type":"EntryPoint","urlTemplate":"https:\/\/stavebninynikol.cz\/?s={search_term_string}"},"query-input":{"@type":"PropertyValueSpecification","valueRequired":true,"valueName":"search_term_string"}}],"inLanguage":"cs"},{"@type":"Organization","@id":"https:\/\/stavebninynikol.cz\/#organization","name":"StavebninyNikol","url":"https:\/\/stavebninynikol.cz\/","logo":{"@type":"ImageObject","inLanguage":"cs","@id":"https:\/\/stavebninynikol.cz\/#\/schema\/logo\/image\/","url":"https:\/\/stavebninynikol.cz\/wp-content\/uploads\/2025\/07\/NIKOL_logo.eps-1-e1757927564347.webp","contentUrl":"https:\/\/stavebninynikol.cz\/wp-content\/uploads\/2025\/07\/NIKOL_logo.eps-1-e1757927564347.webp","width":512,"height":132,"caption":"StavebninyNikol"},"image":{"@id":"https:\/\/stavebninynikol.cz\/#\/schema\/logo\/image\/"},"sameAs":["https:\/\/www.facebook.com\/profile.php?id=100057375402895&mibextid=wwXIfr&rdid=6fQOqALSBiK69Ovq&share_url=httpswww.facebook.comshare1AicpAHGFPmibextidwwXIfr"]}]}},"_links":{"self":[{"href":"https:\/\/stavebninynikol.cz\/index.php\/wp-json\/wp\/v2\/product\/2200","targetHints":{"allow":["GET"]}}],"collection":[{"href":"https:\/\/stavebninynikol.cz\/index.php\/wp-json\/wp\/v2\/product"}],"about":[{"href":"https:\/\/stavebninynikol.cz\/index.php\/wp-json\/wp\/v2\/types\/product"}],"replies":[{"embeddable":true,"href":"https:\/\/stavebninynikol.cz\/index.php\/wp-json\/wp\/v2\/comments?post=2200"}],"wp:featuredmedia":[{"embeddable":true,"href":"https:\/\/stavebninynikol.cz\/index.php\/wp-json\/wp\/v2\/media\/2201"}],"wp:attachment":[{"href":"https:\/\/stavebninynikol.cz\/index.php\/wp-json\/wp\/v2\/media?parent=2200"}],"wp:term":[{"taxonomy":"product_brand","embeddable":true,"href":"https:\/\/stavebninynikol.cz\/index.php\/wp-json\/wp\/v2\/product_brand?post=2200"},{"taxonomy":"product_cat","embeddable":true,"href":"https:\/\/stavebninynikol.cz\/index.php\/wp-json\/wp\/v2\/product_cat?post=2200"},{"taxonomy":"product_tag","embeddable":true,"href":"https:\/\/stavebninynikol.cz\/index.php\/wp-json\/wp\/v2\/product_tag?post=2200"}],"curies":[{"name":"wp","href":"https:\/\/api.w.org\/{rel}","templated":true}]}}