{"id":2372,"date":"2025-09-03T06:57:33","date_gmt":"2025-09-03T06:57:33","guid":{"rendered":"https:\/\/stavebninynikol.cz\/?post_type=product&#038;p=2372"},"modified":"2025-09-03T06:57:33","modified_gmt":"2025-09-03T06:57:33","slug":"sanitarni-silikon-44u","status":"publish","type":"product","link":"https:\/\/stavebninynikol.cz\/index.php\/product\/sanitarni-silikon-44u\/","title":{"rendered":"Sanit\u00e1rn\u00ed silikon 44U"},"content":{"rendered":"","protected":false},"excerpt":{"rendered":"<p>Barvy : b\u00edl\u00fd, \u010dir\u00fd, hn\u011bd\u00fd, \u0161ed\u00fd, manhatan, bahama<\/p>\n<p>Tmel je ur\u010den do prost\u0159ed\u00ed s po\u017eadavkem na vysokou ochranu a dlouhodobou odolnost silikonu proti vzniku pl\u00edsn\u00ed jako jsou kuchyn\u011b, koupelny, sprchy a um\u00fdv\u00e1rny, su\u0161\u00e1rny, mrazic\u00ed boxy, laborato\u0159e apod., k tmelen\u00ed a t\u011bsn\u011bn\u00ed sp\u00e1r, odpad\u016f, d\u0159ez\u016f, litinov\u00fdch koupelnov\u00fdch van, n\u00e1dr\u017e\u00ed, sanit\u00e1rn\u00ed keramiky, obklad\u016f, dla\u017eeb apod. M\u00e1 v\u00fdbornou p\u0159ilnavost na sklo, porcel\u00e1n, glazuru, povrchov\u011b o\u0161et\u0159en\u00e9 kovy a d\u0159evo, epoxidov\u00e9 a polyesterov\u00e9 desky, PVC, nerez, eloxovan\u00fd hlin\u00edk apod.<strong>\u00a0Teplotn\u00ed odolnost: -50\u00b0C a\u017e +150\u00b0C.<\/strong><\/p>\n","protected":false},"featured_media":2373,"comment_status":"open","ping_status":"closed","template":"","meta":[],"product_brand":[],"product_cat":[227,224],"product_tag":[],"class_list":{"0":"post-2372","1":"product","2":"type-product","3":"status-publish","4":"has-post-thumbnail","6":"product_cat-silikonove-tmely","7":"product_cat-stavebni-chemie","9":"first","10":"instock","11":"shipping-taxable","12":"product-type-simple"},"yoast_head":"<!-- This site is optimized with the Yoast SEO plugin v26.9 - https:\/\/yoast.com\/product\/yoast-seo-wordpress\/ -->\n<title>Sanit\u00e1rn\u00ed silikon 44U - StavebninyNikol<\/title>\n<meta name=\"description\" content=\"Sanit\u00e1rn\u00ed silikon 44U StavebninyNikol\" \/>\n<meta name=\"robots\" content=\"index, follow, max-snippet:-1, max-image-preview:large, max-video-preview:-1\" \/>\n<link rel=\"canonical\" href=\"https:\/\/stavebninynikol.cz\/index.php\/product\/sanitarni-silikon-44u\/\" \/>\n<meta property=\"og:locale\" content=\"cs_CZ\" \/>\n<meta property=\"og:type\" content=\"article\" \/>\n<meta property=\"og:title\" content=\"Sanit\u00e1rn\u00ed silikon 44U - StavebninyNikol\" \/>\n<meta property=\"og:description\" content=\"Sanit\u00e1rn\u00ed silikon 44U StavebninyNikol\" \/>\n<meta property=\"og:url\" content=\"https:\/\/stavebninynikol.cz\/index.php\/product\/sanitarni-silikon-44u\/\" \/>\n<meta property=\"og:site_name\" content=\"StavebninyNikol\" \/>\n<meta property=\"article:publisher\" content=\"https:\/\/www.facebook.com\/profile.php?id=100057375402895&amp;mibextid=wwXIfr&amp;rdid=6fQOqALSBiK69Ovq&amp;share_url=httpswww.facebook.comshare1AicpAHGFPmibextidwwXIfr\" \/>\n<meta property=\"og:image\" content=\"https:\/\/stavebninynikol.cz\/wp-content\/uploads\/2025\/09\/021-44u_Sanitarni_Silikon_PROFI.jpg\" \/>\n\t<meta property=\"og:image:width\" content=\"800\" \/>\n\t<meta property=\"og:image:height\" content=\"800\" \/>\n\t<meta property=\"og:image:type\" content=\"image\/jpeg\" \/>\n<meta name=\"twitter:card\" content=\"summary_large_image\" \/>\n<script type=\"application\/ld+json\" class=\"yoast-schema-graph\">{\"@context\":\"https:\/\/schema.org\",\"@graph\":[{\"@type\":\"WebPage\",\"@id\":\"https:\/\/stavebninynikol.cz\/index.php\/product\/sanitarni-silikon-44u\/\",\"url\":\"https:\/\/stavebninynikol.cz\/index.php\/product\/sanitarni-silikon-44u\/\",\"name\":\"Sanit\u00e1rn\u00ed silikon 44U - StavebninyNikol\",\"isPartOf\":{\"@id\":\"https:\/\/stavebninynikol.cz\/#website\"},\"primaryImageOfPage\":{\"@id\":\"https:\/\/stavebninynikol.cz\/index.php\/product\/sanitarni-silikon-44u\/#primaryimage\"},\"image\":{\"@id\":\"https:\/\/stavebninynikol.cz\/index.php\/product\/sanitarni-silikon-44u\/#primaryimage\"},\"thumbnailUrl\":\"https:\/\/stavebninynikol.cz\/wp-content\/uploads\/2025\/09\/021-44u_Sanitarni_Silikon_PROFI.jpg\",\"datePublished\":\"2025-09-03T06:57:33+00:00\",\"description\":\"Sanit\u00e1rn\u00ed silikon 44U StavebninyNikol\",\"breadcrumb\":{\"@id\":\"https:\/\/stavebninynikol.cz\/index.php\/product\/sanitarni-silikon-44u\/#breadcrumb\"},\"inLanguage\":\"cs\",\"potentialAction\":[{\"@type\":\"ReadAction\",\"target\":[\"https:\/\/stavebninynikol.cz\/index.php\/product\/sanitarni-silikon-44u\/\"]}]},{\"@type\":\"ImageObject\",\"inLanguage\":\"cs\",\"@id\":\"https:\/\/stavebninynikol.cz\/index.php\/product\/sanitarni-silikon-44u\/#primaryimage\",\"url\":\"https:\/\/stavebninynikol.cz\/wp-content\/uploads\/2025\/09\/021-44u_Sanitarni_Silikon_PROFI.jpg\",\"contentUrl\":\"https:\/\/stavebninynikol.cz\/wp-content\/uploads\/2025\/09\/021-44u_Sanitarni_Silikon_PROFI.jpg\",\"width\":800,\"height\":800},{\"@type\":\"BreadcrumbList\",\"@id\":\"https:\/\/stavebninynikol.cz\/index.php\/product\/sanitarni-silikon-44u\/#breadcrumb\",\"itemListElement\":[{\"@type\":\"ListItem\",\"position\":1,\"name\":\"Dom\u016f\",\"item\":\"https:\/\/stavebninynikol.cz\/\"},{\"@type\":\"ListItem\",\"position\":2,\"name\":\"Take Your Adventure To The Next Level\",\"item\":\"https:\/\/stavebninynikol.cz\/index.php\/shop\/\"},{\"@type\":\"ListItem\",\"position\":3,\"name\":\"Sanit\u00e1rn\u00ed silikon 44U\"}]},{\"@type\":\"WebSite\",\"@id\":\"https:\/\/stavebninynikol.cz\/#website\",\"url\":\"https:\/\/stavebninynikol.cz\/\",\"name\":\"StavebninyNikol\",\"description\":\"stavebniny nikol\",\"publisher\":{\"@id\":\"https:\/\/stavebninynikol.cz\/#organization\"},\"potentialAction\":[{\"@type\":\"SearchAction\",\"target\":{\"@type\":\"EntryPoint\",\"urlTemplate\":\"https:\/\/stavebninynikol.cz\/?s={search_term_string}\"},\"query-input\":{\"@type\":\"PropertyValueSpecification\",\"valueRequired\":true,\"valueName\":\"search_term_string\"}}],\"inLanguage\":\"cs\"},{\"@type\":\"Organization\",\"@id\":\"https:\/\/stavebninynikol.cz\/#organization\",\"name\":\"StavebninyNikol\",\"url\":\"https:\/\/stavebninynikol.cz\/\",\"logo\":{\"@type\":\"ImageObject\",\"inLanguage\":\"cs\",\"@id\":\"https:\/\/stavebninynikol.cz\/#\/schema\/logo\/image\/\",\"url\":\"https:\/\/stavebninynikol.cz\/wp-content\/uploads\/2025\/07\/NIKOL_logo.eps-1-e1757927564347.webp\",\"contentUrl\":\"https:\/\/stavebninynikol.cz\/wp-content\/uploads\/2025\/07\/NIKOL_logo.eps-1-e1757927564347.webp\",\"width\":512,\"height\":132,\"caption\":\"StavebninyNikol\"},\"image\":{\"@id\":\"https:\/\/stavebninynikol.cz\/#\/schema\/logo\/image\/\"},\"sameAs\":[\"https:\/\/www.facebook.com\/profile.php?id=100057375402895&mibextid=wwXIfr&rdid=6fQOqALSBiK69Ovq&share_url=httpswww.facebook.comshare1AicpAHGFPmibextidwwXIfr\"]}]}<\/script>\n<!-- \/ Yoast SEO plugin. -->","yoast_head_json":{"title":"Sanit\u00e1rn\u00ed silikon 44U - StavebninyNikol","description":"Sanit\u00e1rn\u00ed silikon 44U StavebninyNikol","robots":{"index":"index","follow":"follow","max-snippet":"max-snippet:-1","max-image-preview":"max-image-preview:large","max-video-preview":"max-video-preview:-1"},"canonical":"https:\/\/stavebninynikol.cz\/index.php\/product\/sanitarni-silikon-44u\/","og_locale":"cs_CZ","og_type":"article","og_title":"Sanit\u00e1rn\u00ed silikon 44U - StavebninyNikol","og_description":"Sanit\u00e1rn\u00ed silikon 44U StavebninyNikol","og_url":"https:\/\/stavebninynikol.cz\/index.php\/product\/sanitarni-silikon-44u\/","og_site_name":"StavebninyNikol","article_publisher":"https:\/\/www.facebook.com\/profile.php?id=100057375402895&mibextid=wwXIfr&rdid=6fQOqALSBiK69Ovq&share_url=httpswww.facebook.comshare1AicpAHGFPmibextidwwXIfr","og_image":[{"width":800,"height":800,"url":"https:\/\/stavebninynikol.cz\/wp-content\/uploads\/2025\/09\/021-44u_Sanitarni_Silikon_PROFI.jpg","type":"image\/jpeg"}],"twitter_card":"summary_large_image","schema":{"@context":"https:\/\/schema.org","@graph":[{"@type":"WebPage","@id":"https:\/\/stavebninynikol.cz\/index.php\/product\/sanitarni-silikon-44u\/","url":"https:\/\/stavebninynikol.cz\/index.php\/product\/sanitarni-silikon-44u\/","name":"Sanit\u00e1rn\u00ed silikon 44U - StavebninyNikol","isPartOf":{"@id":"https:\/\/stavebninynikol.cz\/#website"},"primaryImageOfPage":{"@id":"https:\/\/stavebninynikol.cz\/index.php\/product\/sanitarni-silikon-44u\/#primaryimage"},"image":{"@id":"https:\/\/stavebninynikol.cz\/index.php\/product\/sanitarni-silikon-44u\/#primaryimage"},"thumbnailUrl":"https:\/\/stavebninynikol.cz\/wp-content\/uploads\/2025\/09\/021-44u_Sanitarni_Silikon_PROFI.jpg","datePublished":"2025-09-03T06:57:33+00:00","description":"Sanit\u00e1rn\u00ed silikon 44U StavebninyNikol","breadcrumb":{"@id":"https:\/\/stavebninynikol.cz\/index.php\/product\/sanitarni-silikon-44u\/#breadcrumb"},"inLanguage":"cs","potentialAction":[{"@type":"ReadAction","target":["https:\/\/stavebninynikol.cz\/index.php\/product\/sanitarni-silikon-44u\/"]}]},{"@type":"ImageObject","inLanguage":"cs","@id":"https:\/\/stavebninynikol.cz\/index.php\/product\/sanitarni-silikon-44u\/#primaryimage","url":"https:\/\/stavebninynikol.cz\/wp-content\/uploads\/2025\/09\/021-44u_Sanitarni_Silikon_PROFI.jpg","contentUrl":"https:\/\/stavebninynikol.cz\/wp-content\/uploads\/2025\/09\/021-44u_Sanitarni_Silikon_PROFI.jpg","width":800,"height":800},{"@type":"BreadcrumbList","@id":"https:\/\/stavebninynikol.cz\/index.php\/product\/sanitarni-silikon-44u\/#breadcrumb","itemListElement":[{"@type":"ListItem","position":1,"name":"Dom\u016f","item":"https:\/\/stavebninynikol.cz\/"},{"@type":"ListItem","position":2,"name":"Take Your Adventure To The Next Level","item":"https:\/\/stavebninynikol.cz\/index.php\/shop\/"},{"@type":"ListItem","position":3,"name":"Sanit\u00e1rn\u00ed silikon 44U"}]},{"@type":"WebSite","@id":"https:\/\/stavebninynikol.cz\/#website","url":"https:\/\/stavebninynikol.cz\/","name":"StavebninyNikol","description":"stavebniny nikol","publisher":{"@id":"https:\/\/stavebninynikol.cz\/#organization"},"potentialAction":[{"@type":"SearchAction","target":{"@type":"EntryPoint","urlTemplate":"https:\/\/stavebninynikol.cz\/?s={search_term_string}"},"query-input":{"@type":"PropertyValueSpecification","valueRequired":true,"valueName":"search_term_string"}}],"inLanguage":"cs"},{"@type":"Organization","@id":"https:\/\/stavebninynikol.cz\/#organization","name":"StavebninyNikol","url":"https:\/\/stavebninynikol.cz\/","logo":{"@type":"ImageObject","inLanguage":"cs","@id":"https:\/\/stavebninynikol.cz\/#\/schema\/logo\/image\/","url":"https:\/\/stavebninynikol.cz\/wp-content\/uploads\/2025\/07\/NIKOL_logo.eps-1-e1757927564347.webp","contentUrl":"https:\/\/stavebninynikol.cz\/wp-content\/uploads\/2025\/07\/NIKOL_logo.eps-1-e1757927564347.webp","width":512,"height":132,"caption":"StavebninyNikol"},"image":{"@id":"https:\/\/stavebninynikol.cz\/#\/schema\/logo\/image\/"},"sameAs":["https:\/\/www.facebook.com\/profile.php?id=100057375402895&mibextid=wwXIfr&rdid=6fQOqALSBiK69Ovq&share_url=httpswww.facebook.comshare1AicpAHGFPmibextidwwXIfr"]}]}},"_links":{"self":[{"href":"https:\/\/stavebninynikol.cz\/index.php\/wp-json\/wp\/v2\/product\/2372","targetHints":{"allow":["GET"]}}],"collection":[{"href":"https:\/\/stavebninynikol.cz\/index.php\/wp-json\/wp\/v2\/product"}],"about":[{"href":"https:\/\/stavebninynikol.cz\/index.php\/wp-json\/wp\/v2\/types\/product"}],"replies":[{"embeddable":true,"href":"https:\/\/stavebninynikol.cz\/index.php\/wp-json\/wp\/v2\/comments?post=2372"}],"wp:featuredmedia":[{"embeddable":true,"href":"https:\/\/stavebninynikol.cz\/index.php\/wp-json\/wp\/v2\/media\/2373"}],"wp:attachment":[{"href":"https:\/\/stavebninynikol.cz\/index.php\/wp-json\/wp\/v2\/media?parent=2372"}],"wp:term":[{"taxonomy":"product_brand","embeddable":true,"href":"https:\/\/stavebninynikol.cz\/index.php\/wp-json\/wp\/v2\/product_brand?post=2372"},{"taxonomy":"product_cat","embeddable":true,"href":"https:\/\/stavebninynikol.cz\/index.php\/wp-json\/wp\/v2\/product_cat?post=2372"},{"taxonomy":"product_tag","embeddable":true,"href":"https:\/\/stavebninynikol.cz\/index.php\/wp-json\/wp\/v2\/product_tag?post=2372"}],"curies":[{"name":"wp","href":"https:\/\/api.w.org\/{rel}","templated":true}]}}