{"id":2374,"date":"2025-09-03T07:06:46","date_gmt":"2025-09-03T07:06:46","guid":{"rendered":"https:\/\/stavebninynikol.cz\/?post_type=product&#038;p=2374"},"modified":"2025-09-03T10:02:42","modified_gmt":"2025-09-03T10:02:42","slug":"univerzalni-silikon-buldok-transparentni","status":"publish","type":"product","link":"https:\/\/stavebninynikol.cz\/index.php\/product\/univerzalni-silikon-buldok-transparentni\/","title":{"rendered":"Univerz\u00e1ln\u00ed silikon Buldok"},"content":{"rendered":"","protected":false},"excerpt":{"rendered":"<p>Barva: Transparentn\u00ed, B\u00edl\u00fd<\/p>\n<p>Silikonov\u00fd tmel se vytvrzuje vulkanizac\u00ed pomoc\u00ed vzdu\u0161n\u00e9 vlhkosti. Vynik\u00e1 vysokou p\u0159ilnavost\u00ed na nesav\u00e9 materi\u00e1ly a jejich vz\u00e1jemn\u00e9 kombinace. Vhodn\u00fd pro sklen\u00e1\u0159sk\u00e9 pr\u00e1ce, t\u011bsn\u011bn\u00ed sp\u00e1r v dom\u00e1cnosti, tmelen\u00ed lakovan\u00fdch a glazovan\u00fdch povrch\u016f, skla a keramiky.<\/p>\n<p><b>Pou\u017eit\u00ed<\/b><br \/>\n\u2022 ve\u0161ker\u00e9 sklen\u00e1\u0159sk\u00e9 pr\u00e1ce, tmelen\u00ed a ut\u011bs\u0148ov\u00e1n\u00ed sp\u00e1r v dom\u00e1cnosti<br \/>\n\u2022 ut\u011bs\u0148ov\u00e1n\u00ed ocelov\u00fdch konstrukc\u00ed ve stavebnictv\u00ed a v pr\u016fmyslu, tmelen\u00ed sp\u00e1r v budov\u00e1ch<br \/>\n\u2022 tmelen\u00ed sp\u00e1r glazovan\u00fdch a lakovan\u00fdch povrch\u016f, skla, keramiky apod.<br \/>\n\u2022 tmelen\u00ed ukon\u010den\u00ed a vn\u011bj\u0161\u00edch sp\u00e1r p\u0159i stavb\u011b a oprav\u00e1ch balk\u00f3n\u016f a teras<\/p>\n","protected":false},"featured_media":2376,"comment_status":"open","ping_status":"closed","template":"","meta":[],"product_brand":[],"product_cat":[227,224],"product_tag":[],"class_list":{"0":"post-2374","1":"product","2":"type-product","3":"status-publish","4":"has-post-thumbnail","6":"product_cat-silikonove-tmely","7":"product_cat-stavebni-chemie","9":"first","10":"instock","11":"shipping-taxable","12":"product-type-simple"},"yoast_head":"<!-- This site is optimized with the Yoast SEO plugin v26.9 - https:\/\/yoast.com\/product\/yoast-seo-wordpress\/ -->\n<title>Univerz\u00e1ln\u00ed silikon Buldok - StavebninyNikol<\/title>\n<meta name=\"description\" content=\"Univerz\u00e1ln\u00ed silikon Buldok StavebninyNikol\" \/>\n<meta name=\"robots\" content=\"index, follow, max-snippet:-1, max-image-preview:large, max-video-preview:-1\" \/>\n<link rel=\"canonical\" href=\"https:\/\/stavebninynikol.cz\/index.php\/product\/univerzalni-silikon-buldok-transparentni\/\" \/>\n<meta property=\"og:locale\" content=\"cs_CZ\" \/>\n<meta property=\"og:type\" content=\"article\" \/>\n<meta property=\"og:title\" content=\"Univerz\u00e1ln\u00ed silikon Buldok - StavebninyNikol\" \/>\n<meta property=\"og:description\" content=\"Univerz\u00e1ln\u00ed silikon Buldok StavebninyNikol\" \/>\n<meta property=\"og:url\" content=\"https:\/\/stavebninynikol.cz\/index.php\/product\/univerzalni-silikon-buldok-transparentni\/\" \/>\n<meta property=\"og:site_name\" content=\"StavebninyNikol\" \/>\n<meta property=\"article:publisher\" content=\"https:\/\/www.facebook.com\/profile.php?id=100057375402895&amp;mibextid=wwXIfr&amp;rdid=6fQOqALSBiK69Ovq&amp;share_url=httpswww.facebook.comshare1AicpAHGFPmibextidwwXIfr\" \/>\n<meta property=\"article:modified_time\" content=\"2025-09-03T10:02:42+00:00\" \/>\n<meta property=\"og:image\" content=\"https:\/\/stavebninynikol.cz\/wp-content\/uploads\/2025\/09\/166784_Silikon-univerzalni-transparentni-280-ml-BULDOK_0.jpg\" \/>\n\t<meta property=\"og:image:width\" content=\"470\" \/>\n\t<meta property=\"og:image:height\" content=\"520\" \/>\n\t<meta property=\"og:image:type\" content=\"image\/jpeg\" \/>\n<meta name=\"twitter:card\" content=\"summary_large_image\" \/>\n<script type=\"application\/ld+json\" class=\"yoast-schema-graph\">{\"@context\":\"https:\/\/schema.org\",\"@graph\":[{\"@type\":\"WebPage\",\"@id\":\"https:\/\/stavebninynikol.cz\/index.php\/product\/univerzalni-silikon-buldok-transparentni\/\",\"url\":\"https:\/\/stavebninynikol.cz\/index.php\/product\/univerzalni-silikon-buldok-transparentni\/\",\"name\":\"Univerz\u00e1ln\u00ed silikon Buldok - StavebninyNikol\",\"isPartOf\":{\"@id\":\"https:\/\/stavebninynikol.cz\/#website\"},\"primaryImageOfPage\":{\"@id\":\"https:\/\/stavebninynikol.cz\/index.php\/product\/univerzalni-silikon-buldok-transparentni\/#primaryimage\"},\"image\":{\"@id\":\"https:\/\/stavebninynikol.cz\/index.php\/product\/univerzalni-silikon-buldok-transparentni\/#primaryimage\"},\"thumbnailUrl\":\"https:\/\/stavebninynikol.cz\/wp-content\/uploads\/2025\/09\/166784_Silikon-univerzalni-transparentni-280-ml-BULDOK_0.jpg\",\"datePublished\":\"2025-09-03T07:06:46+00:00\",\"dateModified\":\"2025-09-03T10:02:42+00:00\",\"description\":\"Univerz\u00e1ln\u00ed silikon Buldok StavebninyNikol\",\"breadcrumb\":{\"@id\":\"https:\/\/stavebninynikol.cz\/index.php\/product\/univerzalni-silikon-buldok-transparentni\/#breadcrumb\"},\"inLanguage\":\"cs\",\"potentialAction\":[{\"@type\":\"ReadAction\",\"target\":[\"https:\/\/stavebninynikol.cz\/index.php\/product\/univerzalni-silikon-buldok-transparentni\/\"]}]},{\"@type\":\"ImageObject\",\"inLanguage\":\"cs\",\"@id\":\"https:\/\/stavebninynikol.cz\/index.php\/product\/univerzalni-silikon-buldok-transparentni\/#primaryimage\",\"url\":\"https:\/\/stavebninynikol.cz\/wp-content\/uploads\/2025\/09\/166784_Silikon-univerzalni-transparentni-280-ml-BULDOK_0.jpg\",\"contentUrl\":\"https:\/\/stavebninynikol.cz\/wp-content\/uploads\/2025\/09\/166784_Silikon-univerzalni-transparentni-280-ml-BULDOK_0.jpg\",\"width\":470,\"height\":520},{\"@type\":\"BreadcrumbList\",\"@id\":\"https:\/\/stavebninynikol.cz\/index.php\/product\/univerzalni-silikon-buldok-transparentni\/#breadcrumb\",\"itemListElement\":[{\"@type\":\"ListItem\",\"position\":1,\"name\":\"Dom\u016f\",\"item\":\"https:\/\/stavebninynikol.cz\/\"},{\"@type\":\"ListItem\",\"position\":2,\"name\":\"Take Your Adventure To The Next Level\",\"item\":\"https:\/\/stavebninynikol.cz\/index.php\/shop\/\"},{\"@type\":\"ListItem\",\"position\":3,\"name\":\"Univerz\u00e1ln\u00ed silikon Buldok\"}]},{\"@type\":\"WebSite\",\"@id\":\"https:\/\/stavebninynikol.cz\/#website\",\"url\":\"https:\/\/stavebninynikol.cz\/\",\"name\":\"StavebninyNikol\",\"description\":\"stavebniny nikol\",\"publisher\":{\"@id\":\"https:\/\/stavebninynikol.cz\/#organization\"},\"potentialAction\":[{\"@type\":\"SearchAction\",\"target\":{\"@type\":\"EntryPoint\",\"urlTemplate\":\"https:\/\/stavebninynikol.cz\/?s={search_term_string}\"},\"query-input\":{\"@type\":\"PropertyValueSpecification\",\"valueRequired\":true,\"valueName\":\"search_term_string\"}}],\"inLanguage\":\"cs\"},{\"@type\":\"Organization\",\"@id\":\"https:\/\/stavebninynikol.cz\/#organization\",\"name\":\"StavebninyNikol\",\"url\":\"https:\/\/stavebninynikol.cz\/\",\"logo\":{\"@type\":\"ImageObject\",\"inLanguage\":\"cs\",\"@id\":\"https:\/\/stavebninynikol.cz\/#\/schema\/logo\/image\/\",\"url\":\"https:\/\/stavebninynikol.cz\/wp-content\/uploads\/2025\/07\/NIKOL_logo.eps-1-e1757927564347.webp\",\"contentUrl\":\"https:\/\/stavebninynikol.cz\/wp-content\/uploads\/2025\/07\/NIKOL_logo.eps-1-e1757927564347.webp\",\"width\":512,\"height\":132,\"caption\":\"StavebninyNikol\"},\"image\":{\"@id\":\"https:\/\/stavebninynikol.cz\/#\/schema\/logo\/image\/\"},\"sameAs\":[\"https:\/\/www.facebook.com\/profile.php?id=100057375402895&mibextid=wwXIfr&rdid=6fQOqALSBiK69Ovq&share_url=httpswww.facebook.comshare1AicpAHGFPmibextidwwXIfr\"]}]}<\/script>\n<!-- \/ Yoast SEO plugin. -->","yoast_head_json":{"title":"Univerz\u00e1ln\u00ed silikon Buldok - StavebninyNikol","description":"Univerz\u00e1ln\u00ed silikon Buldok StavebninyNikol","robots":{"index":"index","follow":"follow","max-snippet":"max-snippet:-1","max-image-preview":"max-image-preview:large","max-video-preview":"max-video-preview:-1"},"canonical":"https:\/\/stavebninynikol.cz\/index.php\/product\/univerzalni-silikon-buldok-transparentni\/","og_locale":"cs_CZ","og_type":"article","og_title":"Univerz\u00e1ln\u00ed silikon Buldok - StavebninyNikol","og_description":"Univerz\u00e1ln\u00ed silikon Buldok StavebninyNikol","og_url":"https:\/\/stavebninynikol.cz\/index.php\/product\/univerzalni-silikon-buldok-transparentni\/","og_site_name":"StavebninyNikol","article_publisher":"https:\/\/www.facebook.com\/profile.php?id=100057375402895&mibextid=wwXIfr&rdid=6fQOqALSBiK69Ovq&share_url=httpswww.facebook.comshare1AicpAHGFPmibextidwwXIfr","article_modified_time":"2025-09-03T10:02:42+00:00","og_image":[{"width":470,"height":520,"url":"https:\/\/stavebninynikol.cz\/wp-content\/uploads\/2025\/09\/166784_Silikon-univerzalni-transparentni-280-ml-BULDOK_0.jpg","type":"image\/jpeg"}],"twitter_card":"summary_large_image","schema":{"@context":"https:\/\/schema.org","@graph":[{"@type":"WebPage","@id":"https:\/\/stavebninynikol.cz\/index.php\/product\/univerzalni-silikon-buldok-transparentni\/","url":"https:\/\/stavebninynikol.cz\/index.php\/product\/univerzalni-silikon-buldok-transparentni\/","name":"Univerz\u00e1ln\u00ed silikon Buldok - StavebninyNikol","isPartOf":{"@id":"https:\/\/stavebninynikol.cz\/#website"},"primaryImageOfPage":{"@id":"https:\/\/stavebninynikol.cz\/index.php\/product\/univerzalni-silikon-buldok-transparentni\/#primaryimage"},"image":{"@id":"https:\/\/stavebninynikol.cz\/index.php\/product\/univerzalni-silikon-buldok-transparentni\/#primaryimage"},"thumbnailUrl":"https:\/\/stavebninynikol.cz\/wp-content\/uploads\/2025\/09\/166784_Silikon-univerzalni-transparentni-280-ml-BULDOK_0.jpg","datePublished":"2025-09-03T07:06:46+00:00","dateModified":"2025-09-03T10:02:42+00:00","description":"Univerz\u00e1ln\u00ed silikon Buldok StavebninyNikol","breadcrumb":{"@id":"https:\/\/stavebninynikol.cz\/index.php\/product\/univerzalni-silikon-buldok-transparentni\/#breadcrumb"},"inLanguage":"cs","potentialAction":[{"@type":"ReadAction","target":["https:\/\/stavebninynikol.cz\/index.php\/product\/univerzalni-silikon-buldok-transparentni\/"]}]},{"@type":"ImageObject","inLanguage":"cs","@id":"https:\/\/stavebninynikol.cz\/index.php\/product\/univerzalni-silikon-buldok-transparentni\/#primaryimage","url":"https:\/\/stavebninynikol.cz\/wp-content\/uploads\/2025\/09\/166784_Silikon-univerzalni-transparentni-280-ml-BULDOK_0.jpg","contentUrl":"https:\/\/stavebninynikol.cz\/wp-content\/uploads\/2025\/09\/166784_Silikon-univerzalni-transparentni-280-ml-BULDOK_0.jpg","width":470,"height":520},{"@type":"BreadcrumbList","@id":"https:\/\/stavebninynikol.cz\/index.php\/product\/univerzalni-silikon-buldok-transparentni\/#breadcrumb","itemListElement":[{"@type":"ListItem","position":1,"name":"Dom\u016f","item":"https:\/\/stavebninynikol.cz\/"},{"@type":"ListItem","position":2,"name":"Take Your Adventure To The Next Level","item":"https:\/\/stavebninynikol.cz\/index.php\/shop\/"},{"@type":"ListItem","position":3,"name":"Univerz\u00e1ln\u00ed silikon Buldok"}]},{"@type":"WebSite","@id":"https:\/\/stavebninynikol.cz\/#website","url":"https:\/\/stavebninynikol.cz\/","name":"StavebninyNikol","description":"stavebniny nikol","publisher":{"@id":"https:\/\/stavebninynikol.cz\/#organization"},"potentialAction":[{"@type":"SearchAction","target":{"@type":"EntryPoint","urlTemplate":"https:\/\/stavebninynikol.cz\/?s={search_term_string}"},"query-input":{"@type":"PropertyValueSpecification","valueRequired":true,"valueName":"search_term_string"}}],"inLanguage":"cs"},{"@type":"Organization","@id":"https:\/\/stavebninynikol.cz\/#organization","name":"StavebninyNikol","url":"https:\/\/stavebninynikol.cz\/","logo":{"@type":"ImageObject","inLanguage":"cs","@id":"https:\/\/stavebninynikol.cz\/#\/schema\/logo\/image\/","url":"https:\/\/stavebninynikol.cz\/wp-content\/uploads\/2025\/07\/NIKOL_logo.eps-1-e1757927564347.webp","contentUrl":"https:\/\/stavebninynikol.cz\/wp-content\/uploads\/2025\/07\/NIKOL_logo.eps-1-e1757927564347.webp","width":512,"height":132,"caption":"StavebninyNikol"},"image":{"@id":"https:\/\/stavebninynikol.cz\/#\/schema\/logo\/image\/"},"sameAs":["https:\/\/www.facebook.com\/profile.php?id=100057375402895&mibextid=wwXIfr&rdid=6fQOqALSBiK69Ovq&share_url=httpswww.facebook.comshare1AicpAHGFPmibextidwwXIfr"]}]}},"_links":{"self":[{"href":"https:\/\/stavebninynikol.cz\/index.php\/wp-json\/wp\/v2\/product\/2374","targetHints":{"allow":["GET"]}}],"collection":[{"href":"https:\/\/stavebninynikol.cz\/index.php\/wp-json\/wp\/v2\/product"}],"about":[{"href":"https:\/\/stavebninynikol.cz\/index.php\/wp-json\/wp\/v2\/types\/product"}],"replies":[{"embeddable":true,"href":"https:\/\/stavebninynikol.cz\/index.php\/wp-json\/wp\/v2\/comments?post=2374"}],"wp:featuredmedia":[{"embeddable":true,"href":"https:\/\/stavebninynikol.cz\/index.php\/wp-json\/wp\/v2\/media\/2376"}],"wp:attachment":[{"href":"https:\/\/stavebninynikol.cz\/index.php\/wp-json\/wp\/v2\/media?parent=2374"}],"wp:term":[{"taxonomy":"product_brand","embeddable":true,"href":"https:\/\/stavebninynikol.cz\/index.php\/wp-json\/wp\/v2\/product_brand?post=2374"},{"taxonomy":"product_cat","embeddable":true,"href":"https:\/\/stavebninynikol.cz\/index.php\/wp-json\/wp\/v2\/product_cat?post=2374"},{"taxonomy":"product_tag","embeddable":true,"href":"https:\/\/stavebninynikol.cz\/index.php\/wp-json\/wp\/v2\/product_tag?post=2374"}],"curies":[{"name":"wp","href":"https:\/\/api.w.org\/{rel}","templated":true}]}}