{"id":2475,"date":"2025-09-03T10:17:06","date_gmt":"2025-09-03T10:17:06","guid":{"rendered":"https:\/\/stavebninynikol.cz\/?post_type=product&#038;p=2475"},"modified":"2025-09-03T10:17:06","modified_gmt":"2025-09-03T10:17:06","slug":"polyuretanovy-tmel-buldok","status":"publish","type":"product","link":"https:\/\/stavebninynikol.cz\/index.php\/product\/polyuretanovy-tmel-buldok\/","title":{"rendered":"Polyuretanov\u00fd tmel Buldok"},"content":{"rendered":"","protected":false},"excerpt":{"rendered":"<p>Jednoslo\u017ekov\u00fd t\u011bsn\u00edc\u00ed materi\u00e1l na b\u00e1zi polyuretanu vytvrzuj\u00edc\u00ed vlhkost\u00ed. Vytv\u00e1\u0159\u00ed pru\u017en\u00fd a hou\u017eevnat\u00fd spoj s velmi dobrou p\u0159ilnavost\u00ed k v\u011bt\u0161in\u011b materi\u00e1l\u016f.<\/p>\n<p><b>Pou\u017eit\u00ed automobilov\u00fd pr\u016fmysl<\/b><br \/>\n\u2022 OEM aplikace v automobilov\u00e9m pr\u016fmyslu<br \/>\n\u2022 r\u016fzn\u00e1 ut\u011bs\u0148ov\u00e1n\u00ed, jednoduch\u00e9 lepen\u00ed, opat\u0159en\u00ed ke sn\u00ed\u017een\u00ed vibrac\u00ed a tlumen\u00ed hluku p\u0159i oprav\u00e1ch karoseri\u00ed automobil\u016f<br \/>\n\u2022 lepen\u00ed p\u0159i mont\u00e1\u017ei auto-n\u00e1staveb<br \/>\n\u2022 lepen\u00ed kovov\u00fdch a sklen\u011bn\u00fdch materi\u00e1l\u016f<\/p>\n<p><b>Pou\u017eit\u00ed ve stavebnictv\u00ed<\/b><br \/>\n\u2022 vypl\u0148ov\u00e1n\u00ed konstruk\u010dn\u00edch a dilata\u010dn\u00edch sp\u00e1r parapet\u016f, schodi\u0161\u0165, sokl\u016f, prah\u016f apod.<br \/>\n\u2022 lepen\u00ed p\u0159i v\u00fdrob\u011b i mont\u00e1\u017ei hlin\u00edkov\u00fdch, d\u0159ev\u011bn\u00fdch nebo PVC okenn\u00edch r\u00e1m\u016f<br \/>\n\u2022 lepen\u00ed p\u0159i pokl\u00e1dce st\u0159e\u0161n\u00edch ta\u0161ek<br \/>\n\u2022 tmelen\u00ed sp\u00e1r obvodov\u00e9ho pl\u00e1\u0161t\u011b obytn\u00fdch kontejner\u016f<\/p>\n","protected":false},"featured_media":2477,"comment_status":"open","ping_status":"closed","template":"","meta":[],"product_brand":[],"product_cat":[230,224],"product_tag":[],"class_list":{"0":"post-2475","1":"product","2":"type-product","3":"status-publish","4":"has-post-thumbnail","6":"product_cat-ostatni-tmely","7":"product_cat-stavebni-chemie","9":"first","10":"instock","11":"shipping-taxable","12":"product-type-simple"},"yoast_head":"<!-- This site is optimized with the Yoast SEO plugin v26.9 - https:\/\/yoast.com\/product\/yoast-seo-wordpress\/ -->\n<title>Polyuretanov\u00fd tmel Buldok - StavebninyNikol<\/title>\n<meta name=\"description\" content=\"Polyuretanov\u00fd tmel Buldok StavebninyNikol\" \/>\n<meta name=\"robots\" content=\"index, follow, max-snippet:-1, max-image-preview:large, max-video-preview:-1\" \/>\n<link rel=\"canonical\" href=\"https:\/\/stavebninynikol.cz\/index.php\/product\/polyuretanovy-tmel-buldok\/\" \/>\n<meta property=\"og:locale\" content=\"cs_CZ\" \/>\n<meta property=\"og:type\" content=\"article\" \/>\n<meta property=\"og:title\" content=\"Polyuretanov\u00fd tmel Buldok - StavebninyNikol\" \/>\n<meta property=\"og:description\" content=\"Polyuretanov\u00fd tmel Buldok StavebninyNikol\" \/>\n<meta property=\"og:url\" content=\"https:\/\/stavebninynikol.cz\/index.php\/product\/polyuretanovy-tmel-buldok\/\" \/>\n<meta property=\"og:site_name\" content=\"StavebninyNikol\" \/>\n<meta property=\"article:publisher\" content=\"https:\/\/www.facebook.com\/profile.php?id=100057375402895&amp;mibextid=wwXIfr&amp;rdid=6fQOqALSBiK69Ovq&amp;share_url=httpswww.facebook.comshare1AicpAHGFPmibextidwwXIfr\" \/>\n<meta property=\"og:image\" content=\"https:\/\/stavebninynikol.cz\/wp-content\/uploads\/2025\/09\/d2bd14bd-8192-5fdb-bcbc-76fc51950701-1.jpg\" \/>\n\t<meta property=\"og:image:width\" content=\"400\" \/>\n\t<meta property=\"og:image:height\" content=\"800\" \/>\n\t<meta property=\"og:image:type\" content=\"image\/jpeg\" \/>\n<meta name=\"twitter:card\" content=\"summary_large_image\" \/>\n<script type=\"application\/ld+json\" class=\"yoast-schema-graph\">{\"@context\":\"https:\/\/schema.org\",\"@graph\":[{\"@type\":\"WebPage\",\"@id\":\"https:\/\/stavebninynikol.cz\/index.php\/product\/polyuretanovy-tmel-buldok\/\",\"url\":\"https:\/\/stavebninynikol.cz\/index.php\/product\/polyuretanovy-tmel-buldok\/\",\"name\":\"Polyuretanov\u00fd tmel Buldok - StavebninyNikol\",\"isPartOf\":{\"@id\":\"https:\/\/stavebninynikol.cz\/#website\"},\"primaryImageOfPage\":{\"@id\":\"https:\/\/stavebninynikol.cz\/index.php\/product\/polyuretanovy-tmel-buldok\/#primaryimage\"},\"image\":{\"@id\":\"https:\/\/stavebninynikol.cz\/index.php\/product\/polyuretanovy-tmel-buldok\/#primaryimage\"},\"thumbnailUrl\":\"https:\/\/stavebninynikol.cz\/wp-content\/uploads\/2025\/09\/d2bd14bd-8192-5fdb-bcbc-76fc51950701-1.jpg\",\"datePublished\":\"2025-09-03T10:17:06+00:00\",\"description\":\"Polyuretanov\u00fd tmel Buldok StavebninyNikol\",\"breadcrumb\":{\"@id\":\"https:\/\/stavebninynikol.cz\/index.php\/product\/polyuretanovy-tmel-buldok\/#breadcrumb\"},\"inLanguage\":\"cs\",\"potentialAction\":[{\"@type\":\"ReadAction\",\"target\":[\"https:\/\/stavebninynikol.cz\/index.php\/product\/polyuretanovy-tmel-buldok\/\"]}]},{\"@type\":\"ImageObject\",\"inLanguage\":\"cs\",\"@id\":\"https:\/\/stavebninynikol.cz\/index.php\/product\/polyuretanovy-tmel-buldok\/#primaryimage\",\"url\":\"https:\/\/stavebninynikol.cz\/wp-content\/uploads\/2025\/09\/d2bd14bd-8192-5fdb-bcbc-76fc51950701-1.jpg\",\"contentUrl\":\"https:\/\/stavebninynikol.cz\/wp-content\/uploads\/2025\/09\/d2bd14bd-8192-5fdb-bcbc-76fc51950701-1.jpg\",\"width\":400,\"height\":800},{\"@type\":\"BreadcrumbList\",\"@id\":\"https:\/\/stavebninynikol.cz\/index.php\/product\/polyuretanovy-tmel-buldok\/#breadcrumb\",\"itemListElement\":[{\"@type\":\"ListItem\",\"position\":1,\"name\":\"Dom\u016f\",\"item\":\"https:\/\/stavebninynikol.cz\/\"},{\"@type\":\"ListItem\",\"position\":2,\"name\":\"Take Your Adventure To The Next Level\",\"item\":\"https:\/\/stavebninynikol.cz\/index.php\/shop\/\"},{\"@type\":\"ListItem\",\"position\":3,\"name\":\"Polyuretanov\u00fd tmel Buldok\"}]},{\"@type\":\"WebSite\",\"@id\":\"https:\/\/stavebninynikol.cz\/#website\",\"url\":\"https:\/\/stavebninynikol.cz\/\",\"name\":\"StavebninyNikol\",\"description\":\"stavebniny nikol\",\"publisher\":{\"@id\":\"https:\/\/stavebninynikol.cz\/#organization\"},\"potentialAction\":[{\"@type\":\"SearchAction\",\"target\":{\"@type\":\"EntryPoint\",\"urlTemplate\":\"https:\/\/stavebninynikol.cz\/?s={search_term_string}\"},\"query-input\":{\"@type\":\"PropertyValueSpecification\",\"valueRequired\":true,\"valueName\":\"search_term_string\"}}],\"inLanguage\":\"cs\"},{\"@type\":\"Organization\",\"@id\":\"https:\/\/stavebninynikol.cz\/#organization\",\"name\":\"StavebninyNikol\",\"url\":\"https:\/\/stavebninynikol.cz\/\",\"logo\":{\"@type\":\"ImageObject\",\"inLanguage\":\"cs\",\"@id\":\"https:\/\/stavebninynikol.cz\/#\/schema\/logo\/image\/\",\"url\":\"https:\/\/stavebninynikol.cz\/wp-content\/uploads\/2025\/07\/NIKOL_logo.eps-1-e1757927564347.webp\",\"contentUrl\":\"https:\/\/stavebninynikol.cz\/wp-content\/uploads\/2025\/07\/NIKOL_logo.eps-1-e1757927564347.webp\",\"width\":512,\"height\":132,\"caption\":\"StavebninyNikol\"},\"image\":{\"@id\":\"https:\/\/stavebninynikol.cz\/#\/schema\/logo\/image\/\"},\"sameAs\":[\"https:\/\/www.facebook.com\/profile.php?id=100057375402895&mibextid=wwXIfr&rdid=6fQOqALSBiK69Ovq&share_url=httpswww.facebook.comshare1AicpAHGFPmibextidwwXIfr\"]}]}<\/script>\n<!-- \/ Yoast SEO plugin. -->","yoast_head_json":{"title":"Polyuretanov\u00fd tmel Buldok - StavebninyNikol","description":"Polyuretanov\u00fd tmel Buldok StavebninyNikol","robots":{"index":"index","follow":"follow","max-snippet":"max-snippet:-1","max-image-preview":"max-image-preview:large","max-video-preview":"max-video-preview:-1"},"canonical":"https:\/\/stavebninynikol.cz\/index.php\/product\/polyuretanovy-tmel-buldok\/","og_locale":"cs_CZ","og_type":"article","og_title":"Polyuretanov\u00fd tmel Buldok - StavebninyNikol","og_description":"Polyuretanov\u00fd tmel Buldok StavebninyNikol","og_url":"https:\/\/stavebninynikol.cz\/index.php\/product\/polyuretanovy-tmel-buldok\/","og_site_name":"StavebninyNikol","article_publisher":"https:\/\/www.facebook.com\/profile.php?id=100057375402895&mibextid=wwXIfr&rdid=6fQOqALSBiK69Ovq&share_url=httpswww.facebook.comshare1AicpAHGFPmibextidwwXIfr","og_image":[{"width":400,"height":800,"url":"https:\/\/stavebninynikol.cz\/wp-content\/uploads\/2025\/09\/d2bd14bd-8192-5fdb-bcbc-76fc51950701-1.jpg","type":"image\/jpeg"}],"twitter_card":"summary_large_image","schema":{"@context":"https:\/\/schema.org","@graph":[{"@type":"WebPage","@id":"https:\/\/stavebninynikol.cz\/index.php\/product\/polyuretanovy-tmel-buldok\/","url":"https:\/\/stavebninynikol.cz\/index.php\/product\/polyuretanovy-tmel-buldok\/","name":"Polyuretanov\u00fd tmel Buldok - StavebninyNikol","isPartOf":{"@id":"https:\/\/stavebninynikol.cz\/#website"},"primaryImageOfPage":{"@id":"https:\/\/stavebninynikol.cz\/index.php\/product\/polyuretanovy-tmel-buldok\/#primaryimage"},"image":{"@id":"https:\/\/stavebninynikol.cz\/index.php\/product\/polyuretanovy-tmel-buldok\/#primaryimage"},"thumbnailUrl":"https:\/\/stavebninynikol.cz\/wp-content\/uploads\/2025\/09\/d2bd14bd-8192-5fdb-bcbc-76fc51950701-1.jpg","datePublished":"2025-09-03T10:17:06+00:00","description":"Polyuretanov\u00fd tmel Buldok StavebninyNikol","breadcrumb":{"@id":"https:\/\/stavebninynikol.cz\/index.php\/product\/polyuretanovy-tmel-buldok\/#breadcrumb"},"inLanguage":"cs","potentialAction":[{"@type":"ReadAction","target":["https:\/\/stavebninynikol.cz\/index.php\/product\/polyuretanovy-tmel-buldok\/"]}]},{"@type":"ImageObject","inLanguage":"cs","@id":"https:\/\/stavebninynikol.cz\/index.php\/product\/polyuretanovy-tmel-buldok\/#primaryimage","url":"https:\/\/stavebninynikol.cz\/wp-content\/uploads\/2025\/09\/d2bd14bd-8192-5fdb-bcbc-76fc51950701-1.jpg","contentUrl":"https:\/\/stavebninynikol.cz\/wp-content\/uploads\/2025\/09\/d2bd14bd-8192-5fdb-bcbc-76fc51950701-1.jpg","width":400,"height":800},{"@type":"BreadcrumbList","@id":"https:\/\/stavebninynikol.cz\/index.php\/product\/polyuretanovy-tmel-buldok\/#breadcrumb","itemListElement":[{"@type":"ListItem","position":1,"name":"Dom\u016f","item":"https:\/\/stavebninynikol.cz\/"},{"@type":"ListItem","position":2,"name":"Take Your Adventure To The Next Level","item":"https:\/\/stavebninynikol.cz\/index.php\/shop\/"},{"@type":"ListItem","position":3,"name":"Polyuretanov\u00fd tmel Buldok"}]},{"@type":"WebSite","@id":"https:\/\/stavebninynikol.cz\/#website","url":"https:\/\/stavebninynikol.cz\/","name":"StavebninyNikol","description":"stavebniny nikol","publisher":{"@id":"https:\/\/stavebninynikol.cz\/#organization"},"potentialAction":[{"@type":"SearchAction","target":{"@type":"EntryPoint","urlTemplate":"https:\/\/stavebninynikol.cz\/?s={search_term_string}"},"query-input":{"@type":"PropertyValueSpecification","valueRequired":true,"valueName":"search_term_string"}}],"inLanguage":"cs"},{"@type":"Organization","@id":"https:\/\/stavebninynikol.cz\/#organization","name":"StavebninyNikol","url":"https:\/\/stavebninynikol.cz\/","logo":{"@type":"ImageObject","inLanguage":"cs","@id":"https:\/\/stavebninynikol.cz\/#\/schema\/logo\/image\/","url":"https:\/\/stavebninynikol.cz\/wp-content\/uploads\/2025\/07\/NIKOL_logo.eps-1-e1757927564347.webp","contentUrl":"https:\/\/stavebninynikol.cz\/wp-content\/uploads\/2025\/07\/NIKOL_logo.eps-1-e1757927564347.webp","width":512,"height":132,"caption":"StavebninyNikol"},"image":{"@id":"https:\/\/stavebninynikol.cz\/#\/schema\/logo\/image\/"},"sameAs":["https:\/\/www.facebook.com\/profile.php?id=100057375402895&mibextid=wwXIfr&rdid=6fQOqALSBiK69Ovq&share_url=httpswww.facebook.comshare1AicpAHGFPmibextidwwXIfr"]}]}},"_links":{"self":[{"href":"https:\/\/stavebninynikol.cz\/index.php\/wp-json\/wp\/v2\/product\/2475","targetHints":{"allow":["GET"]}}],"collection":[{"href":"https:\/\/stavebninynikol.cz\/index.php\/wp-json\/wp\/v2\/product"}],"about":[{"href":"https:\/\/stavebninynikol.cz\/index.php\/wp-json\/wp\/v2\/types\/product"}],"replies":[{"embeddable":true,"href":"https:\/\/stavebninynikol.cz\/index.php\/wp-json\/wp\/v2\/comments?post=2475"}],"wp:featuredmedia":[{"embeddable":true,"href":"https:\/\/stavebninynikol.cz\/index.php\/wp-json\/wp\/v2\/media\/2477"}],"wp:attachment":[{"href":"https:\/\/stavebninynikol.cz\/index.php\/wp-json\/wp\/v2\/media?parent=2475"}],"wp:term":[{"taxonomy":"product_brand","embeddable":true,"href":"https:\/\/stavebninynikol.cz\/index.php\/wp-json\/wp\/v2\/product_brand?post=2475"},{"taxonomy":"product_cat","embeddable":true,"href":"https:\/\/stavebninynikol.cz\/index.php\/wp-json\/wp\/v2\/product_cat?post=2475"},{"taxonomy":"product_tag","embeddable":true,"href":"https:\/\/stavebninynikol.cz\/index.php\/wp-json\/wp\/v2\/product_tag?post=2475"}],"curies":[{"name":"wp","href":"https:\/\/api.w.org\/{rel}","templated":true}]}}