{"id":2518,"date":"2025-09-03T12:08:22","date_gmt":"2025-09-03T12:08:22","guid":{"rendered":"https:\/\/stavebninynikol.cz\/?post_type=product&#038;p=2518"},"modified":"2025-09-03T12:08:42","modified_gmt":"2025-09-03T12:08:42","slug":"hloubkova-penetrace-nano-den-braven","status":"publish","type":"product","link":"https:\/\/stavebninynikol.cz\/index.php\/product\/hloubkova-penetrace-nano-den-braven\/","title":{"rendered":"Hloubkov\u00e1 penetrace Nano 1L Den Braven"},"content":{"rendered":"","protected":false},"excerpt":{"rendered":"<p>Vysoce kvalitn\u00ed penetrace pro sjednocen\u00ed savosti podkladu a\u00a0sn\u00ed\u017een\u00ed jeho nas\u00e1kavosti. Vhodn\u00e9 pou\u017eit\u00ed p\u0159ed lepen\u00edm obklad\u016f a\u00a0dla\u017eeb, tak\u00e9 p\u0159ed vyrovn\u00e1v\u00e1n\u00edm podlah samonivela\u010dn\u00edmi hmotami. Hloubkov\u00e1 penetrace slou\u017e\u00ed k\u00a0lok\u00e1ln\u00edm oprav\u00e1m podkladn\u00edch beton\u016f, betonov\u00fdch podlah, ciheln\u00e9ho zdiva a\u00a0tahan\u00fdch om\u00edtek, nebo p\u0159ed n\u00e1t\u011bry zdiva \u010di\u00a0fas\u00e1d. Vytv\u00e1\u0159\u00ed bari\u00e9rov\u00fd efekt \u2013 potla\u010duje vzl\u00edn\u00e1n\u00ed rozpustn\u00fdch sol\u00ed z\u00a0podkladu. Vydatnost a\u017e 30 m2 \/l (p\u0159i\u00a0\u0159ed\u011bn\u00ed 1:5).<\/p>\n<h3>Charakteristika<\/h3>\n<ul>\n<li>Po vytvrzen\u00ed nerozpustn\u00e1 ve vod\u011b<\/li>\n<li>Zpev\u0148uje podklad, zvy\u0161uje jeho mechanickou odolnost<\/li>\n<li>Zvy\u0161uje p\u0159ilnavost podkladu n\u00e1sledn\u00fdch vrstev<\/li>\n<li>Bez obsahu rozpou\u0161t\u011bdel<\/li>\n<li>Spot\u0159eba 0,20 l\/m2<\/li>\n<\/ul>\n<h3>Pou\u017eit\u00ed<\/h3>\n<ul>\n<li>na nekonstruk\u010dn\u00ed a\u00a0konstruk\u010dn\u00ed beton, anhydrit, zdivo, om\u00edtky, s\u00e1drokartonov\u00e9 a\u00a0cementovl\u00e1knit\u00e9 desky a\u00a0jin\u00e9 miner\u00e1ln\u00ed podklady<\/li>\n<li>penetrace betonov\u00fdch podlah p\u0159ed aplikac\u00ed samonivela\u010dn\u00edch a\u00a0vyrovn\u00e1vac\u00edch st\u011brek<\/li>\n<li>ke zpevn\u011bn\u00ed a\u00a0sjednocen\u00ed savosti podkladu<\/li>\n<li>sjednocen\u00ed nas\u00e1kavosti podkladu p\u0159ed lepen\u00edm obklad\u016f a\u00a0dla\u017eeb<\/li>\n<li>jako adhezn\u00ed m\u016fstek pro dal\u0161\u00ed materi\u00e1ly: vodou \u0159editeln\u00e9 n\u00e1t\u011brov\u00e9 hmoty, lepidla, akryl\u00e1tov\u00e9 fas\u00e1dn\u00ed n\u00e1t\u011brov\u00e9 hmoty, syntetick\u00e9 om\u00edtkoviny, tmely, vyrovn\u00e1vac\u00ed a\u00a0sana\u010dn\u00ed hmoty na b\u00e1zi polymern\u00edch disperz\u00ed<\/li>\n<\/ul>\n","protected":false},"featured_media":2519,"comment_status":"open","ping_status":"closed","template":"","meta":[],"product_brand":[],"product_cat":[226,224],"product_tag":[],"class_list":{"0":"post-2518","1":"product","2":"type-product","3":"status-publish","4":"has-post-thumbnail","6":"product_cat-penetrace-stavebni-chemie","7":"product_cat-stavebni-chemie","9":"first","10":"instock","11":"shipping-taxable","12":"product-type-simple"},"yoast_head":"<!-- This site is optimized with the Yoast SEO plugin v27.4 - https:\/\/yoast.com\/product\/yoast-seo-wordpress\/ -->\n<title>Hloubkov\u00e1 penetrace Nano 1L Den Braven - StavebninyNikol<\/title>\n<meta name=\"description\" content=\"Hloubkov\u00e1 penetrace Nano 1L Den Braven StavebninyNikol\" \/>\n<meta name=\"robots\" content=\"index, follow, max-snippet:-1, max-image-preview:large, max-video-preview:-1\" \/>\n<link rel=\"canonical\" href=\"https:\/\/stavebninynikol.cz\/index.php\/product\/hloubkova-penetrace-nano-den-braven\/\" \/>\n<meta property=\"og:locale\" content=\"cs_CZ\" \/>\n<meta property=\"og:type\" content=\"article\" \/>\n<meta property=\"og:title\" content=\"Hloubkov\u00e1 penetrace Nano 1L Den Braven - StavebninyNikol\" \/>\n<meta property=\"og:description\" content=\"Hloubkov\u00e1 penetrace Nano 1L Den Braven StavebninyNikol\" \/>\n<meta property=\"og:url\" content=\"https:\/\/stavebninynikol.cz\/index.php\/product\/hloubkova-penetrace-nano-den-braven\/\" \/>\n<meta property=\"og:site_name\" content=\"StavebninyNikol\" \/>\n<meta property=\"article:publisher\" content=\"https:\/\/www.facebook.com\/profile.php?id=100057375402895&amp;mibextid=wwXIfr&amp;rdid=6fQOqALSBiK69Ovq&amp;share_url=httpswww.facebook.comshare1AicpAHGFPmibextidwwXIfr\" \/>\n<meta property=\"article:modified_time\" content=\"2025-09-03T12:08:42+00:00\" \/>\n<meta property=\"og:image\" content=\"https:\/\/stavebninynikol.cz\/wp-content\/uploads\/2025\/09\/Hloubkova-penetrace-nano-web-2024.png.webp\" \/>\n\t<meta property=\"og:image:width\" content=\"600\" \/>\n\t<meta property=\"og:image:height\" content=\"600\" \/>\n\t<meta property=\"og:image:type\" content=\"image\/webp\" \/>\n<meta name=\"twitter:card\" content=\"summary_large_image\" \/>\n<script type=\"application\/ld+json\" class=\"yoast-schema-graph\">{\"@context\":\"https:\\\/\\\/schema.org\",\"@graph\":[{\"@type\":\"WebPage\",\"@id\":\"https:\\\/\\\/stavebninynikol.cz\\\/index.php\\\/product\\\/hloubkova-penetrace-nano-den-braven\\\/\",\"url\":\"https:\\\/\\\/stavebninynikol.cz\\\/index.php\\\/product\\\/hloubkova-penetrace-nano-den-braven\\\/\",\"name\":\"Hloubkov\u00e1 penetrace Nano 1L Den Braven - StavebninyNikol\",\"isPartOf\":{\"@id\":\"https:\\\/\\\/stavebninynikol.cz\\\/#website\"},\"primaryImageOfPage\":{\"@id\":\"https:\\\/\\\/stavebninynikol.cz\\\/index.php\\\/product\\\/hloubkova-penetrace-nano-den-braven\\\/#primaryimage\"},\"image\":{\"@id\":\"https:\\\/\\\/stavebninynikol.cz\\\/index.php\\\/product\\\/hloubkova-penetrace-nano-den-braven\\\/#primaryimage\"},\"thumbnailUrl\":\"https:\\\/\\\/stavebninynikol.cz\\\/wp-content\\\/uploads\\\/2025\\\/09\\\/Hloubkova-penetrace-nano-web-2024.png.webp\",\"datePublished\":\"2025-09-03T12:08:22+00:00\",\"dateModified\":\"2025-09-03T12:08:42+00:00\",\"description\":\"Hloubkov\u00e1 penetrace Nano 1L Den Braven StavebninyNikol\",\"breadcrumb\":{\"@id\":\"https:\\\/\\\/stavebninynikol.cz\\\/index.php\\\/product\\\/hloubkova-penetrace-nano-den-braven\\\/#breadcrumb\"},\"inLanguage\":\"cs\",\"potentialAction\":[{\"@type\":\"ReadAction\",\"target\":[\"https:\\\/\\\/stavebninynikol.cz\\\/index.php\\\/product\\\/hloubkova-penetrace-nano-den-braven\\\/\"]}]},{\"@type\":\"ImageObject\",\"inLanguage\":\"cs\",\"@id\":\"https:\\\/\\\/stavebninynikol.cz\\\/index.php\\\/product\\\/hloubkova-penetrace-nano-den-braven\\\/#primaryimage\",\"url\":\"https:\\\/\\\/stavebninynikol.cz\\\/wp-content\\\/uploads\\\/2025\\\/09\\\/Hloubkova-penetrace-nano-web-2024.png.webp\",\"contentUrl\":\"https:\\\/\\\/stavebninynikol.cz\\\/wp-content\\\/uploads\\\/2025\\\/09\\\/Hloubkova-penetrace-nano-web-2024.png.webp\",\"width\":600,\"height\":600},{\"@type\":\"BreadcrumbList\",\"@id\":\"https:\\\/\\\/stavebninynikol.cz\\\/index.php\\\/product\\\/hloubkova-penetrace-nano-den-braven\\\/#breadcrumb\",\"itemListElement\":[{\"@type\":\"ListItem\",\"position\":1,\"name\":\"Dom\u016f\",\"item\":\"https:\\\/\\\/stavebninynikol.cz\\\/\"},{\"@type\":\"ListItem\",\"position\":2,\"name\":\"Take Your Adventure To The Next Level\",\"item\":\"https:\\\/\\\/stavebninynikol.cz\\\/index.php\\\/shop\\\/\"},{\"@type\":\"ListItem\",\"position\":3,\"name\":\"Hloubkov\u00e1 penetrace Nano 1L Den Braven\"}]},{\"@type\":\"WebSite\",\"@id\":\"https:\\\/\\\/stavebninynikol.cz\\\/#website\",\"url\":\"https:\\\/\\\/stavebninynikol.cz\\\/\",\"name\":\"StavebninyNikol\",\"description\":\"stavebniny nikol\",\"publisher\":{\"@id\":\"https:\\\/\\\/stavebninynikol.cz\\\/#organization\"},\"potentialAction\":[{\"@type\":\"SearchAction\",\"target\":{\"@type\":\"EntryPoint\",\"urlTemplate\":\"https:\\\/\\\/stavebninynikol.cz\\\/?s={search_term_string}\"},\"query-input\":{\"@type\":\"PropertyValueSpecification\",\"valueRequired\":true,\"valueName\":\"search_term_string\"}}],\"inLanguage\":\"cs\"},{\"@type\":\"Organization\",\"@id\":\"https:\\\/\\\/stavebninynikol.cz\\\/#organization\",\"name\":\"StavebninyNikol\",\"url\":\"https:\\\/\\\/stavebninynikol.cz\\\/\",\"logo\":{\"@type\":\"ImageObject\",\"inLanguage\":\"cs\",\"@id\":\"https:\\\/\\\/stavebninynikol.cz\\\/#\\\/schema\\\/logo\\\/image\\\/\",\"url\":\"https:\\\/\\\/stavebninynikol.cz\\\/wp-content\\\/uploads\\\/2025\\\/07\\\/NIKOL_logo.eps-1-e1757927564347.webp\",\"contentUrl\":\"https:\\\/\\\/stavebninynikol.cz\\\/wp-content\\\/uploads\\\/2025\\\/07\\\/NIKOL_logo.eps-1-e1757927564347.webp\",\"width\":512,\"height\":132,\"caption\":\"StavebninyNikol\"},\"image\":{\"@id\":\"https:\\\/\\\/stavebninynikol.cz\\\/#\\\/schema\\\/logo\\\/image\\\/\"},\"sameAs\":[\"https:\\\/\\\/www.facebook.com\\\/profile.php?id=100057375402895&mibextid=wwXIfr&rdid=6fQOqALSBiK69Ovq&share_url=httpswww.facebook.comshare1AicpAHGFPmibextidwwXIfr\"]}]}<\/script>\n<!-- \/ Yoast SEO plugin. -->","yoast_head_json":{"title":"Hloubkov\u00e1 penetrace Nano 1L Den Braven - StavebninyNikol","description":"Hloubkov\u00e1 penetrace Nano 1L Den Braven StavebninyNikol","robots":{"index":"index","follow":"follow","max-snippet":"max-snippet:-1","max-image-preview":"max-image-preview:large","max-video-preview":"max-video-preview:-1"},"canonical":"https:\/\/stavebninynikol.cz\/index.php\/product\/hloubkova-penetrace-nano-den-braven\/","og_locale":"cs_CZ","og_type":"article","og_title":"Hloubkov\u00e1 penetrace Nano 1L Den Braven - StavebninyNikol","og_description":"Hloubkov\u00e1 penetrace Nano 1L Den Braven StavebninyNikol","og_url":"https:\/\/stavebninynikol.cz\/index.php\/product\/hloubkova-penetrace-nano-den-braven\/","og_site_name":"StavebninyNikol","article_publisher":"https:\/\/www.facebook.com\/profile.php?id=100057375402895&mibextid=wwXIfr&rdid=6fQOqALSBiK69Ovq&share_url=httpswww.facebook.comshare1AicpAHGFPmibextidwwXIfr","article_modified_time":"2025-09-03T12:08:42+00:00","og_image":[{"width":600,"height":600,"url":"https:\/\/stavebninynikol.cz\/wp-content\/uploads\/2025\/09\/Hloubkova-penetrace-nano-web-2024.png.webp","type":"image\/webp"}],"twitter_card":"summary_large_image","schema":{"@context":"https:\/\/schema.org","@graph":[{"@type":"WebPage","@id":"https:\/\/stavebninynikol.cz\/index.php\/product\/hloubkova-penetrace-nano-den-braven\/","url":"https:\/\/stavebninynikol.cz\/index.php\/product\/hloubkova-penetrace-nano-den-braven\/","name":"Hloubkov\u00e1 penetrace Nano 1L Den Braven - StavebninyNikol","isPartOf":{"@id":"https:\/\/stavebninynikol.cz\/#website"},"primaryImageOfPage":{"@id":"https:\/\/stavebninynikol.cz\/index.php\/product\/hloubkova-penetrace-nano-den-braven\/#primaryimage"},"image":{"@id":"https:\/\/stavebninynikol.cz\/index.php\/product\/hloubkova-penetrace-nano-den-braven\/#primaryimage"},"thumbnailUrl":"https:\/\/stavebninynikol.cz\/wp-content\/uploads\/2025\/09\/Hloubkova-penetrace-nano-web-2024.png.webp","datePublished":"2025-09-03T12:08:22+00:00","dateModified":"2025-09-03T12:08:42+00:00","description":"Hloubkov\u00e1 penetrace Nano 1L Den Braven StavebninyNikol","breadcrumb":{"@id":"https:\/\/stavebninynikol.cz\/index.php\/product\/hloubkova-penetrace-nano-den-braven\/#breadcrumb"},"inLanguage":"cs","potentialAction":[{"@type":"ReadAction","target":["https:\/\/stavebninynikol.cz\/index.php\/product\/hloubkova-penetrace-nano-den-braven\/"]}]},{"@type":"ImageObject","inLanguage":"cs","@id":"https:\/\/stavebninynikol.cz\/index.php\/product\/hloubkova-penetrace-nano-den-braven\/#primaryimage","url":"https:\/\/stavebninynikol.cz\/wp-content\/uploads\/2025\/09\/Hloubkova-penetrace-nano-web-2024.png.webp","contentUrl":"https:\/\/stavebninynikol.cz\/wp-content\/uploads\/2025\/09\/Hloubkova-penetrace-nano-web-2024.png.webp","width":600,"height":600},{"@type":"BreadcrumbList","@id":"https:\/\/stavebninynikol.cz\/index.php\/product\/hloubkova-penetrace-nano-den-braven\/#breadcrumb","itemListElement":[{"@type":"ListItem","position":1,"name":"Dom\u016f","item":"https:\/\/stavebninynikol.cz\/"},{"@type":"ListItem","position":2,"name":"Take Your Adventure To The Next Level","item":"https:\/\/stavebninynikol.cz\/index.php\/shop\/"},{"@type":"ListItem","position":3,"name":"Hloubkov\u00e1 penetrace Nano 1L Den Braven"}]},{"@type":"WebSite","@id":"https:\/\/stavebninynikol.cz\/#website","url":"https:\/\/stavebninynikol.cz\/","name":"StavebninyNikol","description":"stavebniny nikol","publisher":{"@id":"https:\/\/stavebninynikol.cz\/#organization"},"potentialAction":[{"@type":"SearchAction","target":{"@type":"EntryPoint","urlTemplate":"https:\/\/stavebninynikol.cz\/?s={search_term_string}"},"query-input":{"@type":"PropertyValueSpecification","valueRequired":true,"valueName":"search_term_string"}}],"inLanguage":"cs"},{"@type":"Organization","@id":"https:\/\/stavebninynikol.cz\/#organization","name":"StavebninyNikol","url":"https:\/\/stavebninynikol.cz\/","logo":{"@type":"ImageObject","inLanguage":"cs","@id":"https:\/\/stavebninynikol.cz\/#\/schema\/logo\/image\/","url":"https:\/\/stavebninynikol.cz\/wp-content\/uploads\/2025\/07\/NIKOL_logo.eps-1-e1757927564347.webp","contentUrl":"https:\/\/stavebninynikol.cz\/wp-content\/uploads\/2025\/07\/NIKOL_logo.eps-1-e1757927564347.webp","width":512,"height":132,"caption":"StavebninyNikol"},"image":{"@id":"https:\/\/stavebninynikol.cz\/#\/schema\/logo\/image\/"},"sameAs":["https:\/\/www.facebook.com\/profile.php?id=100057375402895&mibextid=wwXIfr&rdid=6fQOqALSBiK69Ovq&share_url=httpswww.facebook.comshare1AicpAHGFPmibextidwwXIfr"]}]}},"_links":{"self":[{"href":"https:\/\/stavebninynikol.cz\/index.php\/wp-json\/wp\/v2\/product\/2518","targetHints":{"allow":["GET"]}}],"collection":[{"href":"https:\/\/stavebninynikol.cz\/index.php\/wp-json\/wp\/v2\/product"}],"about":[{"href":"https:\/\/stavebninynikol.cz\/index.php\/wp-json\/wp\/v2\/types\/product"}],"replies":[{"embeddable":true,"href":"https:\/\/stavebninynikol.cz\/index.php\/wp-json\/wp\/v2\/comments?post=2518"}],"wp:featuredmedia":[{"embeddable":true,"href":"https:\/\/stavebninynikol.cz\/index.php\/wp-json\/wp\/v2\/media\/2519"}],"wp:attachment":[{"href":"https:\/\/stavebninynikol.cz\/index.php\/wp-json\/wp\/v2\/media?parent=2518"}],"wp:term":[{"taxonomy":"product_brand","embeddable":true,"href":"https:\/\/stavebninynikol.cz\/index.php\/wp-json\/wp\/v2\/product_brand?post=2518"},{"taxonomy":"product_cat","embeddable":true,"href":"https:\/\/stavebninynikol.cz\/index.php\/wp-json\/wp\/v2\/product_cat?post=2518"},{"taxonomy":"product_tag","embeddable":true,"href":"https:\/\/stavebninynikol.cz\/index.php\/wp-json\/wp\/v2\/product_tag?post=2518"}],"curies":[{"name":"wp","href":"https:\/\/api.w.org\/{rel}","templated":true}]}}