{"id":2526,"date":"2025-09-03T12:32:39","date_gmt":"2025-09-03T12:32:39","guid":{"rendered":"https:\/\/stavebninynikol.cz\/?post_type=product&#038;p=2526"},"modified":"2025-09-03T12:35:40","modified_gmt":"2025-09-03T12:35:40","slug":"s2802a-penetrace-stavebnich-podkladu-5l-den-braven","status":"publish","type":"product","link":"https:\/\/stavebninynikol.cz\/index.php\/product\/s2802a-penetrace-stavebnich-podkladu-5l-den-braven\/","title":{"rendered":"S2802A Penetrace stavebn\u00edch podklad\u016f 5L Den Braven"},"content":{"rendered":"","protected":false},"excerpt":{"rendered":"<p>Jednoslo\u017ekov\u00e1 n\u00edzkovisk\u00f3zn\u00ed kapalina na b\u00e1zi vodn\u00e9 disperze styrenakryl\u00e1tov\u00e9ho kopolymeru SOKRAT, vytv\u00e1\u0159ej\u00edc\u00ed po vytvrzen\u00ed transparentn\u00ed polymern\u00ed vodou nerozpustn\u00fd film. Sni\u017euje a\u00a0sjednocuje savost podkladu a\u00a0zvy\u0161uje adhezi n\u00e1sledn\u00fdch vrstev. Pou\u017e\u00edv\u00e1 se pro penetra\u010dn\u00ed n\u00e1t\u011bry pod j\u00e1drov\u00e9 a\u00a0fin\u00e1ln\u00ed om\u00edtky, fas\u00e1dn\u00ed a\u00a0interi\u00e9rov\u00e9 malby. D\u00e1le pro zv\u00fd\u0161en\u00ed p\u0159ilnavosti stavebn\u00edch lepidel, samonivela\u010dn\u00edch hmot apod. \u0158ed\u00ed se v\u00a0pom\u011bru 1:2 a\u017e 1:15 s\u00a0vodou. Vydatnost &gt; 40 m<sup>2<\/sup>\/kg (p\u0159i\u00a0\u0159ed\u011bn\u00ed 1:15).<\/p>\n<h3>Charakteristika<\/h3>\n<ul>\n<li>Po vytvrzen\u00ed ve vod\u011b nerozpustn\u00e1<\/li>\n<li>Penetra\u010dn\u00ed \u2013 zvy\u0161uje p\u0159\u00eddr\u017enost k\u00a0podkladu (tzv. kotven\u00ed), pevnost a\u00a0pru\u017enost<\/li>\n<li>Impregna\u010dn\u00ed \u2013 zvy\u0161uje odolnost proti pov\u011btrnostn\u00edm vliv\u016fm v\u010detn\u011b UV z\u00e1\u0159en\u00ed<\/li>\n<\/ul>\n<h3>Pou\u017eit\u00ed<\/h3>\n<ul>\n<li>penetra\u010dn\u00ed a\u00a0kotv\u00edc\u00ed n\u00e1t\u011bry pod fas\u00e1dn\u00ed n\u00e1t\u011brov\u00e9 hmoty<\/li>\n<li>penetra\u010dn\u00ed n\u00e1t\u011bry nov\u00fdch st\u011bn z\u00a0ciheln\u00e9ho zdiva a\u00a0jin\u00fdch miner\u00e1ln\u00edch podklad\u016f p\u0159ed nan\u00e1\u0161en\u00edm om\u00edtek<\/li>\n<li>penetra\u010dn\u00ed n\u00e1t\u011bry nov\u00fdch i\u00a0star\u00fdch om\u00edtek (v\u00e1penn\u00e9, s\u00e1drov\u00e9 \u0161tukov\u00e9 apod.) a\u00a0na s\u00e1drokartony p\u0159ed mal\u00ed\u0159sk\u00fdmi n\u00e1t\u011bry<\/li>\n<li>penetra\u010dn\u00ed n\u00e1t\u011bry anhydritov\u00fdch podklad\u016f<\/li>\n<\/ul>\n","protected":false},"featured_media":2529,"comment_status":"open","ping_status":"closed","template":"","meta":[],"product_brand":[],"product_cat":[226,224],"product_tag":[],"class_list":{"0":"post-2526","1":"product","2":"type-product","3":"status-publish","4":"has-post-thumbnail","6":"product_cat-penetrace-stavebni-chemie","7":"product_cat-stavebni-chemie","9":"first","10":"instock","11":"shipping-taxable","12":"product-type-simple"},"yoast_head":"<!-- This site is optimized with the Yoast SEO plugin v26.9 - https:\/\/yoast.com\/product\/yoast-seo-wordpress\/ -->\n<title>S2802A Penetrace stavebn\u00edch podklad\u016f 5L Den Braven - StavebninyNikol<\/title>\n<meta name=\"description\" content=\"S2802A Penetrace stavebn\u00edch podklad\u016f 5L Den Braven StavebninyNikol\" \/>\n<meta name=\"robots\" content=\"index, follow, max-snippet:-1, max-image-preview:large, max-video-preview:-1\" \/>\n<link rel=\"canonical\" href=\"https:\/\/stavebninynikol.cz\/index.php\/product\/s2802a-penetrace-stavebnich-podkladu-5l-den-braven\/\" \/>\n<meta property=\"og:locale\" content=\"cs_CZ\" \/>\n<meta property=\"og:type\" content=\"article\" \/>\n<meta property=\"og:title\" content=\"S2802A Penetrace stavebn\u00edch podklad\u016f 5L Den Braven - StavebninyNikol\" \/>\n<meta property=\"og:description\" content=\"S2802A Penetrace stavebn\u00edch podklad\u016f 5L Den Braven StavebninyNikol\" \/>\n<meta property=\"og:url\" content=\"https:\/\/stavebninynikol.cz\/index.php\/product\/s2802a-penetrace-stavebnich-podkladu-5l-den-braven\/\" \/>\n<meta property=\"og:site_name\" content=\"StavebninyNikol\" \/>\n<meta property=\"article:publisher\" content=\"https:\/\/www.facebook.com\/profile.php?id=100057375402895&amp;mibextid=wwXIfr&amp;rdid=6fQOqALSBiK69Ovq&amp;share_url=httpswww.facebook.comshare1AicpAHGFPmibextidwwXIfr\" \/>\n<meta property=\"article:modified_time\" content=\"2025-09-03T12:35:40+00:00\" \/>\n<meta property=\"og:image\" content=\"https:\/\/stavebninynikol.cz\/wp-content\/uploads\/2025\/09\/den_braven_s2802a_penetrace_stavebnich_podkladu_5_l_v1a4p0v5ebqFTw4YiqmplnbKtnhHV7mpeo-jpg.webp\" \/>\n\t<meta property=\"og:image:width\" content=\"665\" \/>\n\t<meta property=\"og:image:height\" content=\"665\" \/>\n\t<meta property=\"og:image:type\" content=\"image\/webp\" \/>\n<meta name=\"twitter:card\" content=\"summary_large_image\" \/>\n<script type=\"application\/ld+json\" class=\"yoast-schema-graph\">{\"@context\":\"https:\/\/schema.org\",\"@graph\":[{\"@type\":\"WebPage\",\"@id\":\"https:\/\/stavebninynikol.cz\/index.php\/product\/s2802a-penetrace-stavebnich-podkladu-5l-den-braven\/\",\"url\":\"https:\/\/stavebninynikol.cz\/index.php\/product\/s2802a-penetrace-stavebnich-podkladu-5l-den-braven\/\",\"name\":\"S2802A Penetrace stavebn\u00edch podklad\u016f 5L Den Braven - StavebninyNikol\",\"isPartOf\":{\"@id\":\"https:\/\/stavebninynikol.cz\/#website\"},\"primaryImageOfPage\":{\"@id\":\"https:\/\/stavebninynikol.cz\/index.php\/product\/s2802a-penetrace-stavebnich-podkladu-5l-den-braven\/#primaryimage\"},\"image\":{\"@id\":\"https:\/\/stavebninynikol.cz\/index.php\/product\/s2802a-penetrace-stavebnich-podkladu-5l-den-braven\/#primaryimage\"},\"thumbnailUrl\":\"https:\/\/stavebninynikol.cz\/wp-content\/uploads\/2025\/09\/den_braven_s2802a_penetrace_stavebnich_podkladu_5_l_v1a4p0v5ebqFTw4YiqmplnbKtnhHV7mpeo-jpg.webp\",\"datePublished\":\"2025-09-03T12:32:39+00:00\",\"dateModified\":\"2025-09-03T12:35:40+00:00\",\"description\":\"S2802A Penetrace stavebn\u00edch podklad\u016f 5L Den Braven StavebninyNikol\",\"breadcrumb\":{\"@id\":\"https:\/\/stavebninynikol.cz\/index.php\/product\/s2802a-penetrace-stavebnich-podkladu-5l-den-braven\/#breadcrumb\"},\"inLanguage\":\"cs\",\"potentialAction\":[{\"@type\":\"ReadAction\",\"target\":[\"https:\/\/stavebninynikol.cz\/index.php\/product\/s2802a-penetrace-stavebnich-podkladu-5l-den-braven\/\"]}]},{\"@type\":\"ImageObject\",\"inLanguage\":\"cs\",\"@id\":\"https:\/\/stavebninynikol.cz\/index.php\/product\/s2802a-penetrace-stavebnich-podkladu-5l-den-braven\/#primaryimage\",\"url\":\"https:\/\/stavebninynikol.cz\/wp-content\/uploads\/2025\/09\/den_braven_s2802a_penetrace_stavebnich_podkladu_5_l_v1a4p0v5ebqFTw4YiqmplnbKtnhHV7mpeo-jpg.webp\",\"contentUrl\":\"https:\/\/stavebninynikol.cz\/wp-content\/uploads\/2025\/09\/den_braven_s2802a_penetrace_stavebnich_podkladu_5_l_v1a4p0v5ebqFTw4YiqmplnbKtnhHV7mpeo-jpg.webp\",\"width\":665,\"height\":665},{\"@type\":\"BreadcrumbList\",\"@id\":\"https:\/\/stavebninynikol.cz\/index.php\/product\/s2802a-penetrace-stavebnich-podkladu-5l-den-braven\/#breadcrumb\",\"itemListElement\":[{\"@type\":\"ListItem\",\"position\":1,\"name\":\"Dom\u016f\",\"item\":\"https:\/\/stavebninynikol.cz\/\"},{\"@type\":\"ListItem\",\"position\":2,\"name\":\"Take Your Adventure To The Next Level\",\"item\":\"https:\/\/stavebninynikol.cz\/index.php\/shop\/\"},{\"@type\":\"ListItem\",\"position\":3,\"name\":\"S2802A Penetrace stavebn\u00edch podklad\u016f 5L Den Braven\"}]},{\"@type\":\"WebSite\",\"@id\":\"https:\/\/stavebninynikol.cz\/#website\",\"url\":\"https:\/\/stavebninynikol.cz\/\",\"name\":\"StavebninyNikol\",\"description\":\"stavebniny nikol\",\"publisher\":{\"@id\":\"https:\/\/stavebninynikol.cz\/#organization\"},\"potentialAction\":[{\"@type\":\"SearchAction\",\"target\":{\"@type\":\"EntryPoint\",\"urlTemplate\":\"https:\/\/stavebninynikol.cz\/?s={search_term_string}\"},\"query-input\":{\"@type\":\"PropertyValueSpecification\",\"valueRequired\":true,\"valueName\":\"search_term_string\"}}],\"inLanguage\":\"cs\"},{\"@type\":\"Organization\",\"@id\":\"https:\/\/stavebninynikol.cz\/#organization\",\"name\":\"StavebninyNikol\",\"url\":\"https:\/\/stavebninynikol.cz\/\",\"logo\":{\"@type\":\"ImageObject\",\"inLanguage\":\"cs\",\"@id\":\"https:\/\/stavebninynikol.cz\/#\/schema\/logo\/image\/\",\"url\":\"https:\/\/stavebninynikol.cz\/wp-content\/uploads\/2025\/07\/NIKOL_logo.eps-1-e1757927564347.webp\",\"contentUrl\":\"https:\/\/stavebninynikol.cz\/wp-content\/uploads\/2025\/07\/NIKOL_logo.eps-1-e1757927564347.webp\",\"width\":512,\"height\":132,\"caption\":\"StavebninyNikol\"},\"image\":{\"@id\":\"https:\/\/stavebninynikol.cz\/#\/schema\/logo\/image\/\"},\"sameAs\":[\"https:\/\/www.facebook.com\/profile.php?id=100057375402895&mibextid=wwXIfr&rdid=6fQOqALSBiK69Ovq&share_url=httpswww.facebook.comshare1AicpAHGFPmibextidwwXIfr\"]}]}<\/script>\n<!-- \/ Yoast SEO plugin. -->","yoast_head_json":{"title":"S2802A Penetrace stavebn\u00edch podklad\u016f 5L Den Braven - StavebninyNikol","description":"S2802A Penetrace stavebn\u00edch podklad\u016f 5L Den Braven StavebninyNikol","robots":{"index":"index","follow":"follow","max-snippet":"max-snippet:-1","max-image-preview":"max-image-preview:large","max-video-preview":"max-video-preview:-1"},"canonical":"https:\/\/stavebninynikol.cz\/index.php\/product\/s2802a-penetrace-stavebnich-podkladu-5l-den-braven\/","og_locale":"cs_CZ","og_type":"article","og_title":"S2802A Penetrace stavebn\u00edch podklad\u016f 5L Den Braven - StavebninyNikol","og_description":"S2802A Penetrace stavebn\u00edch podklad\u016f 5L Den Braven StavebninyNikol","og_url":"https:\/\/stavebninynikol.cz\/index.php\/product\/s2802a-penetrace-stavebnich-podkladu-5l-den-braven\/","og_site_name":"StavebninyNikol","article_publisher":"https:\/\/www.facebook.com\/profile.php?id=100057375402895&mibextid=wwXIfr&rdid=6fQOqALSBiK69Ovq&share_url=httpswww.facebook.comshare1AicpAHGFPmibextidwwXIfr","article_modified_time":"2025-09-03T12:35:40+00:00","og_image":[{"width":665,"height":665,"url":"https:\/\/stavebninynikol.cz\/wp-content\/uploads\/2025\/09\/den_braven_s2802a_penetrace_stavebnich_podkladu_5_l_v1a4p0v5ebqFTw4YiqmplnbKtnhHV7mpeo-jpg.webp","type":"image\/webp"}],"twitter_card":"summary_large_image","schema":{"@context":"https:\/\/schema.org","@graph":[{"@type":"WebPage","@id":"https:\/\/stavebninynikol.cz\/index.php\/product\/s2802a-penetrace-stavebnich-podkladu-5l-den-braven\/","url":"https:\/\/stavebninynikol.cz\/index.php\/product\/s2802a-penetrace-stavebnich-podkladu-5l-den-braven\/","name":"S2802A Penetrace stavebn\u00edch podklad\u016f 5L Den Braven - StavebninyNikol","isPartOf":{"@id":"https:\/\/stavebninynikol.cz\/#website"},"primaryImageOfPage":{"@id":"https:\/\/stavebninynikol.cz\/index.php\/product\/s2802a-penetrace-stavebnich-podkladu-5l-den-braven\/#primaryimage"},"image":{"@id":"https:\/\/stavebninynikol.cz\/index.php\/product\/s2802a-penetrace-stavebnich-podkladu-5l-den-braven\/#primaryimage"},"thumbnailUrl":"https:\/\/stavebninynikol.cz\/wp-content\/uploads\/2025\/09\/den_braven_s2802a_penetrace_stavebnich_podkladu_5_l_v1a4p0v5ebqFTw4YiqmplnbKtnhHV7mpeo-jpg.webp","datePublished":"2025-09-03T12:32:39+00:00","dateModified":"2025-09-03T12:35:40+00:00","description":"S2802A Penetrace stavebn\u00edch podklad\u016f 5L Den Braven StavebninyNikol","breadcrumb":{"@id":"https:\/\/stavebninynikol.cz\/index.php\/product\/s2802a-penetrace-stavebnich-podkladu-5l-den-braven\/#breadcrumb"},"inLanguage":"cs","potentialAction":[{"@type":"ReadAction","target":["https:\/\/stavebninynikol.cz\/index.php\/product\/s2802a-penetrace-stavebnich-podkladu-5l-den-braven\/"]}]},{"@type":"ImageObject","inLanguage":"cs","@id":"https:\/\/stavebninynikol.cz\/index.php\/product\/s2802a-penetrace-stavebnich-podkladu-5l-den-braven\/#primaryimage","url":"https:\/\/stavebninynikol.cz\/wp-content\/uploads\/2025\/09\/den_braven_s2802a_penetrace_stavebnich_podkladu_5_l_v1a4p0v5ebqFTw4YiqmplnbKtnhHV7mpeo-jpg.webp","contentUrl":"https:\/\/stavebninynikol.cz\/wp-content\/uploads\/2025\/09\/den_braven_s2802a_penetrace_stavebnich_podkladu_5_l_v1a4p0v5ebqFTw4YiqmplnbKtnhHV7mpeo-jpg.webp","width":665,"height":665},{"@type":"BreadcrumbList","@id":"https:\/\/stavebninynikol.cz\/index.php\/product\/s2802a-penetrace-stavebnich-podkladu-5l-den-braven\/#breadcrumb","itemListElement":[{"@type":"ListItem","position":1,"name":"Dom\u016f","item":"https:\/\/stavebninynikol.cz\/"},{"@type":"ListItem","position":2,"name":"Take Your Adventure To The Next Level","item":"https:\/\/stavebninynikol.cz\/index.php\/shop\/"},{"@type":"ListItem","position":3,"name":"S2802A Penetrace stavebn\u00edch podklad\u016f 5L Den Braven"}]},{"@type":"WebSite","@id":"https:\/\/stavebninynikol.cz\/#website","url":"https:\/\/stavebninynikol.cz\/","name":"StavebninyNikol","description":"stavebniny nikol","publisher":{"@id":"https:\/\/stavebninynikol.cz\/#organization"},"potentialAction":[{"@type":"SearchAction","target":{"@type":"EntryPoint","urlTemplate":"https:\/\/stavebninynikol.cz\/?s={search_term_string}"},"query-input":{"@type":"PropertyValueSpecification","valueRequired":true,"valueName":"search_term_string"}}],"inLanguage":"cs"},{"@type":"Organization","@id":"https:\/\/stavebninynikol.cz\/#organization","name":"StavebninyNikol","url":"https:\/\/stavebninynikol.cz\/","logo":{"@type":"ImageObject","inLanguage":"cs","@id":"https:\/\/stavebninynikol.cz\/#\/schema\/logo\/image\/","url":"https:\/\/stavebninynikol.cz\/wp-content\/uploads\/2025\/07\/NIKOL_logo.eps-1-e1757927564347.webp","contentUrl":"https:\/\/stavebninynikol.cz\/wp-content\/uploads\/2025\/07\/NIKOL_logo.eps-1-e1757927564347.webp","width":512,"height":132,"caption":"StavebninyNikol"},"image":{"@id":"https:\/\/stavebninynikol.cz\/#\/schema\/logo\/image\/"},"sameAs":["https:\/\/www.facebook.com\/profile.php?id=100057375402895&mibextid=wwXIfr&rdid=6fQOqALSBiK69Ovq&share_url=httpswww.facebook.comshare1AicpAHGFPmibextidwwXIfr"]}]}},"_links":{"self":[{"href":"https:\/\/stavebninynikol.cz\/index.php\/wp-json\/wp\/v2\/product\/2526","targetHints":{"allow":["GET"]}}],"collection":[{"href":"https:\/\/stavebninynikol.cz\/index.php\/wp-json\/wp\/v2\/product"}],"about":[{"href":"https:\/\/stavebninynikol.cz\/index.php\/wp-json\/wp\/v2\/types\/product"}],"replies":[{"embeddable":true,"href":"https:\/\/stavebninynikol.cz\/index.php\/wp-json\/wp\/v2\/comments?post=2526"}],"wp:featuredmedia":[{"embeddable":true,"href":"https:\/\/stavebninynikol.cz\/index.php\/wp-json\/wp\/v2\/media\/2529"}],"wp:attachment":[{"href":"https:\/\/stavebninynikol.cz\/index.php\/wp-json\/wp\/v2\/media?parent=2526"}],"wp:term":[{"taxonomy":"product_brand","embeddable":true,"href":"https:\/\/stavebninynikol.cz\/index.php\/wp-json\/wp\/v2\/product_brand?post=2526"},{"taxonomy":"product_cat","embeddable":true,"href":"https:\/\/stavebninynikol.cz\/index.php\/wp-json\/wp\/v2\/product_cat?post=2526"},{"taxonomy":"product_tag","embeddable":true,"href":"https:\/\/stavebninynikol.cz\/index.php\/wp-json\/wp\/v2\/product_tag?post=2526"}],"curies":[{"name":"wp","href":"https:\/\/api.w.org\/{rel}","templated":true}]}}