{"id":2530,"date":"2025-09-03T12:44:55","date_gmt":"2025-09-03T12:44:55","guid":{"rendered":"https:\/\/stavebninynikol.cz\/?post_type=product&#038;p=2530"},"modified":"2025-09-03T12:44:55","modified_gmt":"2025-09-03T12:44:55","slug":"adhezni-mustek-5kg","status":"publish","type":"product","link":"https:\/\/stavebninynikol.cz\/index.php\/product\/adhezni-mustek-5kg\/","title":{"rendered":"Adh\u00e9zn\u00ed m\u016fstek 5kg"},"content":{"rendered":"","protected":false},"excerpt":{"rendered":"<p><strong>Speci\u00e1ln\u00ed penetra\u010dn\u00ed n\u00e1t\u011br \u2013 jednoslo\u017ekov\u00fd, bezrozpou\u0161t\u011bdlov\u00fd<\/strong><\/p>\n<p>Zvy\u0161uje vodoodpudivost podkladu a zlep\u0161uje p\u0159\u00eddr\u017enost n\u00e1sledn\u011b aplikovan\u00fdch materi\u00e1l\u016f. Je paropropustn\u00fd a odoln\u00fd v\u016f\u010di pov\u011btrnostn\u00edm vliv\u016fm.<\/p>\n<p><strong>Vlastnosti:<\/strong><\/p>\n<ul>\n<li>Ur\u010den\u00fd pro star\u00e9 i nov\u00e9 podklady<\/li>\n<li>Vhodn\u00fd na nesav\u00e9 povrchy: umakart, obklady, kov, dla\u017eba, sklo<\/li>\n<li>Vhodn\u00fd i na sav\u00e9 povrchy: beton, zdivo, s\u00e1drokarton, d\u0159evo<\/li>\n<li>Po vytvrzen\u00ed odol\u00e1v\u00e1 vod\u011b<\/li>\n<li>Neobsahuje rozpou\u0161t\u011bdla<\/li>\n<li>Paropropustn\u00fd<\/li>\n<\/ul>\n<p><strong>Spot\u0159eba:<\/strong><\/p>\n<ul>\n<li>Na\u0159ed\u011bn\u00fd p\u0159\u00edpravek (1:1): cca 0,2 kg\/m\u00b2<\/li>\n<li>Ne\u0159ed\u011bn\u00fd p\u0159\u00edpravek: cca 0,25 kg\/m\u00b2<\/li>\n<\/ul>\n","protected":false},"featured_media":2531,"comment_status":"open","ping_status":"closed","template":"","meta":[],"product_brand":[],"product_cat":[226,224],"product_tag":[],"class_list":{"0":"post-2530","1":"product","2":"type-product","3":"status-publish","4":"has-post-thumbnail","6":"product_cat-penetrace-stavebni-chemie","7":"product_cat-stavebni-chemie","9":"first","10":"instock","11":"shipping-taxable","12":"product-type-simple"},"yoast_head":"<!-- This site is optimized with the Yoast SEO plugin v26.9 - https:\/\/yoast.com\/product\/yoast-seo-wordpress\/ -->\n<title>Adh\u00e9zn\u00ed m\u016fstek 5kg - StavebninyNikol<\/title>\n<meta name=\"description\" content=\"Adh\u00e9zn\u00ed m\u016fstek 5kg StavebninyNikol\" \/>\n<meta name=\"robots\" content=\"index, follow, max-snippet:-1, max-image-preview:large, max-video-preview:-1\" \/>\n<link rel=\"canonical\" href=\"https:\/\/stavebninynikol.cz\/index.php\/product\/adhezni-mustek-5kg\/\" \/>\n<meta property=\"og:locale\" content=\"cs_CZ\" \/>\n<meta property=\"og:type\" content=\"article\" \/>\n<meta property=\"og:title\" content=\"Adh\u00e9zn\u00ed m\u016fstek 5kg - StavebninyNikol\" \/>\n<meta property=\"og:description\" content=\"Adh\u00e9zn\u00ed m\u016fstek 5kg StavebninyNikol\" \/>\n<meta property=\"og:url\" content=\"https:\/\/stavebninynikol.cz\/index.php\/product\/adhezni-mustek-5kg\/\" \/>\n<meta property=\"og:site_name\" content=\"StavebninyNikol\" \/>\n<meta property=\"article:publisher\" content=\"https:\/\/www.facebook.com\/profile.php?id=100057375402895&amp;mibextid=wwXIfr&amp;rdid=6fQOqALSBiK69Ovq&amp;share_url=httpswww.facebook.comshare1AicpAHGFPmibextidwwXIfr\" \/>\n<meta property=\"og:image\" content=\"https:\/\/stavebninynikol.cz\/wp-content\/uploads\/2025\/09\/vyr_2105-44u_Adhezni_Mustek.jpg\" \/>\n\t<meta property=\"og:image:width\" content=\"800\" \/>\n\t<meta property=\"og:image:height\" content=\"800\" \/>\n\t<meta property=\"og:image:type\" content=\"image\/jpeg\" \/>\n<meta name=\"twitter:card\" content=\"summary_large_image\" \/>\n<script type=\"application\/ld+json\" class=\"yoast-schema-graph\">{\"@context\":\"https:\/\/schema.org\",\"@graph\":[{\"@type\":\"WebPage\",\"@id\":\"https:\/\/stavebninynikol.cz\/index.php\/product\/adhezni-mustek-5kg\/\",\"url\":\"https:\/\/stavebninynikol.cz\/index.php\/product\/adhezni-mustek-5kg\/\",\"name\":\"Adh\u00e9zn\u00ed m\u016fstek 5kg - StavebninyNikol\",\"isPartOf\":{\"@id\":\"https:\/\/stavebninynikol.cz\/#website\"},\"primaryImageOfPage\":{\"@id\":\"https:\/\/stavebninynikol.cz\/index.php\/product\/adhezni-mustek-5kg\/#primaryimage\"},\"image\":{\"@id\":\"https:\/\/stavebninynikol.cz\/index.php\/product\/adhezni-mustek-5kg\/#primaryimage\"},\"thumbnailUrl\":\"https:\/\/stavebninynikol.cz\/wp-content\/uploads\/2025\/09\/vyr_2105-44u_Adhezni_Mustek.jpg\",\"datePublished\":\"2025-09-03T12:44:55+00:00\",\"description\":\"Adh\u00e9zn\u00ed m\u016fstek 5kg StavebninyNikol\",\"breadcrumb\":{\"@id\":\"https:\/\/stavebninynikol.cz\/index.php\/product\/adhezni-mustek-5kg\/#breadcrumb\"},\"inLanguage\":\"cs\",\"potentialAction\":[{\"@type\":\"ReadAction\",\"target\":[\"https:\/\/stavebninynikol.cz\/index.php\/product\/adhezni-mustek-5kg\/\"]}]},{\"@type\":\"ImageObject\",\"inLanguage\":\"cs\",\"@id\":\"https:\/\/stavebninynikol.cz\/index.php\/product\/adhezni-mustek-5kg\/#primaryimage\",\"url\":\"https:\/\/stavebninynikol.cz\/wp-content\/uploads\/2025\/09\/vyr_2105-44u_Adhezni_Mustek.jpg\",\"contentUrl\":\"https:\/\/stavebninynikol.cz\/wp-content\/uploads\/2025\/09\/vyr_2105-44u_Adhezni_Mustek.jpg\",\"width\":800,\"height\":800},{\"@type\":\"BreadcrumbList\",\"@id\":\"https:\/\/stavebninynikol.cz\/index.php\/product\/adhezni-mustek-5kg\/#breadcrumb\",\"itemListElement\":[{\"@type\":\"ListItem\",\"position\":1,\"name\":\"Dom\u016f\",\"item\":\"https:\/\/stavebninynikol.cz\/\"},{\"@type\":\"ListItem\",\"position\":2,\"name\":\"Take Your Adventure To The Next Level\",\"item\":\"https:\/\/stavebninynikol.cz\/index.php\/shop\/\"},{\"@type\":\"ListItem\",\"position\":3,\"name\":\"Adh\u00e9zn\u00ed m\u016fstek 5kg\"}]},{\"@type\":\"WebSite\",\"@id\":\"https:\/\/stavebninynikol.cz\/#website\",\"url\":\"https:\/\/stavebninynikol.cz\/\",\"name\":\"StavebninyNikol\",\"description\":\"stavebniny nikol\",\"publisher\":{\"@id\":\"https:\/\/stavebninynikol.cz\/#organization\"},\"potentialAction\":[{\"@type\":\"SearchAction\",\"target\":{\"@type\":\"EntryPoint\",\"urlTemplate\":\"https:\/\/stavebninynikol.cz\/?s={search_term_string}\"},\"query-input\":{\"@type\":\"PropertyValueSpecification\",\"valueRequired\":true,\"valueName\":\"search_term_string\"}}],\"inLanguage\":\"cs\"},{\"@type\":\"Organization\",\"@id\":\"https:\/\/stavebninynikol.cz\/#organization\",\"name\":\"StavebninyNikol\",\"url\":\"https:\/\/stavebninynikol.cz\/\",\"logo\":{\"@type\":\"ImageObject\",\"inLanguage\":\"cs\",\"@id\":\"https:\/\/stavebninynikol.cz\/#\/schema\/logo\/image\/\",\"url\":\"https:\/\/stavebninynikol.cz\/wp-content\/uploads\/2025\/07\/NIKOL_logo.eps-1-e1757927564347.webp\",\"contentUrl\":\"https:\/\/stavebninynikol.cz\/wp-content\/uploads\/2025\/07\/NIKOL_logo.eps-1-e1757927564347.webp\",\"width\":512,\"height\":132,\"caption\":\"StavebninyNikol\"},\"image\":{\"@id\":\"https:\/\/stavebninynikol.cz\/#\/schema\/logo\/image\/\"},\"sameAs\":[\"https:\/\/www.facebook.com\/profile.php?id=100057375402895&mibextid=wwXIfr&rdid=6fQOqALSBiK69Ovq&share_url=httpswww.facebook.comshare1AicpAHGFPmibextidwwXIfr\"]}]}<\/script>\n<!-- \/ Yoast SEO plugin. -->","yoast_head_json":{"title":"Adh\u00e9zn\u00ed m\u016fstek 5kg - StavebninyNikol","description":"Adh\u00e9zn\u00ed m\u016fstek 5kg StavebninyNikol","robots":{"index":"index","follow":"follow","max-snippet":"max-snippet:-1","max-image-preview":"max-image-preview:large","max-video-preview":"max-video-preview:-1"},"canonical":"https:\/\/stavebninynikol.cz\/index.php\/product\/adhezni-mustek-5kg\/","og_locale":"cs_CZ","og_type":"article","og_title":"Adh\u00e9zn\u00ed m\u016fstek 5kg - StavebninyNikol","og_description":"Adh\u00e9zn\u00ed m\u016fstek 5kg StavebninyNikol","og_url":"https:\/\/stavebninynikol.cz\/index.php\/product\/adhezni-mustek-5kg\/","og_site_name":"StavebninyNikol","article_publisher":"https:\/\/www.facebook.com\/profile.php?id=100057375402895&mibextid=wwXIfr&rdid=6fQOqALSBiK69Ovq&share_url=httpswww.facebook.comshare1AicpAHGFPmibextidwwXIfr","og_image":[{"width":800,"height":800,"url":"https:\/\/stavebninynikol.cz\/wp-content\/uploads\/2025\/09\/vyr_2105-44u_Adhezni_Mustek.jpg","type":"image\/jpeg"}],"twitter_card":"summary_large_image","schema":{"@context":"https:\/\/schema.org","@graph":[{"@type":"WebPage","@id":"https:\/\/stavebninynikol.cz\/index.php\/product\/adhezni-mustek-5kg\/","url":"https:\/\/stavebninynikol.cz\/index.php\/product\/adhezni-mustek-5kg\/","name":"Adh\u00e9zn\u00ed m\u016fstek 5kg - StavebninyNikol","isPartOf":{"@id":"https:\/\/stavebninynikol.cz\/#website"},"primaryImageOfPage":{"@id":"https:\/\/stavebninynikol.cz\/index.php\/product\/adhezni-mustek-5kg\/#primaryimage"},"image":{"@id":"https:\/\/stavebninynikol.cz\/index.php\/product\/adhezni-mustek-5kg\/#primaryimage"},"thumbnailUrl":"https:\/\/stavebninynikol.cz\/wp-content\/uploads\/2025\/09\/vyr_2105-44u_Adhezni_Mustek.jpg","datePublished":"2025-09-03T12:44:55+00:00","description":"Adh\u00e9zn\u00ed m\u016fstek 5kg StavebninyNikol","breadcrumb":{"@id":"https:\/\/stavebninynikol.cz\/index.php\/product\/adhezni-mustek-5kg\/#breadcrumb"},"inLanguage":"cs","potentialAction":[{"@type":"ReadAction","target":["https:\/\/stavebninynikol.cz\/index.php\/product\/adhezni-mustek-5kg\/"]}]},{"@type":"ImageObject","inLanguage":"cs","@id":"https:\/\/stavebninynikol.cz\/index.php\/product\/adhezni-mustek-5kg\/#primaryimage","url":"https:\/\/stavebninynikol.cz\/wp-content\/uploads\/2025\/09\/vyr_2105-44u_Adhezni_Mustek.jpg","contentUrl":"https:\/\/stavebninynikol.cz\/wp-content\/uploads\/2025\/09\/vyr_2105-44u_Adhezni_Mustek.jpg","width":800,"height":800},{"@type":"BreadcrumbList","@id":"https:\/\/stavebninynikol.cz\/index.php\/product\/adhezni-mustek-5kg\/#breadcrumb","itemListElement":[{"@type":"ListItem","position":1,"name":"Dom\u016f","item":"https:\/\/stavebninynikol.cz\/"},{"@type":"ListItem","position":2,"name":"Take Your Adventure To The Next Level","item":"https:\/\/stavebninynikol.cz\/index.php\/shop\/"},{"@type":"ListItem","position":3,"name":"Adh\u00e9zn\u00ed m\u016fstek 5kg"}]},{"@type":"WebSite","@id":"https:\/\/stavebninynikol.cz\/#website","url":"https:\/\/stavebninynikol.cz\/","name":"StavebninyNikol","description":"stavebniny nikol","publisher":{"@id":"https:\/\/stavebninynikol.cz\/#organization"},"potentialAction":[{"@type":"SearchAction","target":{"@type":"EntryPoint","urlTemplate":"https:\/\/stavebninynikol.cz\/?s={search_term_string}"},"query-input":{"@type":"PropertyValueSpecification","valueRequired":true,"valueName":"search_term_string"}}],"inLanguage":"cs"},{"@type":"Organization","@id":"https:\/\/stavebninynikol.cz\/#organization","name":"StavebninyNikol","url":"https:\/\/stavebninynikol.cz\/","logo":{"@type":"ImageObject","inLanguage":"cs","@id":"https:\/\/stavebninynikol.cz\/#\/schema\/logo\/image\/","url":"https:\/\/stavebninynikol.cz\/wp-content\/uploads\/2025\/07\/NIKOL_logo.eps-1-e1757927564347.webp","contentUrl":"https:\/\/stavebninynikol.cz\/wp-content\/uploads\/2025\/07\/NIKOL_logo.eps-1-e1757927564347.webp","width":512,"height":132,"caption":"StavebninyNikol"},"image":{"@id":"https:\/\/stavebninynikol.cz\/#\/schema\/logo\/image\/"},"sameAs":["https:\/\/www.facebook.com\/profile.php?id=100057375402895&mibextid=wwXIfr&rdid=6fQOqALSBiK69Ovq&share_url=httpswww.facebook.comshare1AicpAHGFPmibextidwwXIfr"]}]}},"_links":{"self":[{"href":"https:\/\/stavebninynikol.cz\/index.php\/wp-json\/wp\/v2\/product\/2530","targetHints":{"allow":["GET"]}}],"collection":[{"href":"https:\/\/stavebninynikol.cz\/index.php\/wp-json\/wp\/v2\/product"}],"about":[{"href":"https:\/\/stavebninynikol.cz\/index.php\/wp-json\/wp\/v2\/types\/product"}],"replies":[{"embeddable":true,"href":"https:\/\/stavebninynikol.cz\/index.php\/wp-json\/wp\/v2\/comments?post=2530"}],"wp:featuredmedia":[{"embeddable":true,"href":"https:\/\/stavebninynikol.cz\/index.php\/wp-json\/wp\/v2\/media\/2531"}],"wp:attachment":[{"href":"https:\/\/stavebninynikol.cz\/index.php\/wp-json\/wp\/v2\/media?parent=2530"}],"wp:term":[{"taxonomy":"product_brand","embeddable":true,"href":"https:\/\/stavebninynikol.cz\/index.php\/wp-json\/wp\/v2\/product_brand?post=2530"},{"taxonomy":"product_cat","embeddable":true,"href":"https:\/\/stavebninynikol.cz\/index.php\/wp-json\/wp\/v2\/product_cat?post=2530"},{"taxonomy":"product_tag","embeddable":true,"href":"https:\/\/stavebninynikol.cz\/index.php\/wp-json\/wp\/v2\/product_tag?post=2530"}],"curies":[{"name":"wp","href":"https:\/\/api.w.org\/{rel}","templated":true}]}}