{"id":2535,"date":"2025-09-03T12:52:43","date_gmt":"2025-09-03T12:52:43","guid":{"rendered":"https:\/\/stavebninynikol.cz\/?post_type=product&#038;p=2535"},"modified":"2025-09-03T12:53:26","modified_gmt":"2025-09-03T12:53:26","slug":"adhezni-mustek-1kg-excel-mix","status":"publish","type":"product","link":"https:\/\/stavebninynikol.cz\/index.php\/product\/adhezni-mustek-1kg-excel-mix\/","title":{"rendered":"Adh\u00e9zn\u00ed m\u016fstek 1kg Excel mix"},"content":{"rendered":"","protected":false},"excerpt":{"rendered":"<p>Speci\u00e1ln\u011b modifikovan\u00fd spojovac\u00ed m\u016fstek na b\u00e1zi disperze akryl\u00e1tov\u00fdch kopolymer\u016f, pln\u011bn\u00fd k\u0159emi\u010dit\u00fdm p\u00edskem pro\u00a0zaji\u0161t\u011bn\u00ed p\u0159\u00eddr\u017enosti mezi kritick\u00fdm podkladem a\u00a0spojovan\u00fdm prvkem na nesav\u00fdch podkladech.<\/p>\n<h3>POU\u017dIT\u00cd<\/h3>\n<ul>\n<li>Pro interi\u00e9ry i exteri\u00e9ry<\/li>\n<li>P\u0159i po\u017eadavku lepit novou dla\u017ebu na starou<\/li>\n<li>K vytvo\u0159en\u00ed kontaktn\u00ed vrstvy na hladk\u00fdch ploch\u00e1ch, jako je gletovan\u00fd beton, glazovan\u00e9 keramick\u00e9 v\u00fdrobky, sklo i umakart<\/li>\n<li>Jako kontaktn\u00ed n\u00e1t\u011br na deskov\u00e9 materi\u00e1ly &#8211;\u00a0s\u00e1drokartonov\u00e9, cementovl\u00e1knit\u00e9, OSB a\u00a0d\u0159evo\u0161t\u011bpkov\u00e9 desky<\/li>\n<li>V\u00fdrazn\u011b zv\u00fd\u0161\u00ed drsnost podkladu a zaru\u010d\u00ed tak vy\u0161\u0161\u00ed<br \/>\np\u0159\u00eddr\u017enost lepidel pou\u017e\u00edvan\u00fdch pro\u00a0lepen\u00ed fin\u00e1ln\u00ed<br \/>\npovrchov\u00e9 \u00fapravy na v\u00fd\u0161e uveden\u00e9 podklady<\/li>\n<\/ul>\n","protected":false},"featured_media":2534,"comment_status":"open","ping_status":"closed","template":"","meta":[],"product_brand":[],"product_cat":[226,224],"product_tag":[],"class_list":{"0":"post-2535","1":"product","2":"type-product","3":"status-publish","4":"has-post-thumbnail","6":"product_cat-penetrace-stavebni-chemie","7":"product_cat-stavebni-chemie","9":"first","10":"instock","11":"shipping-taxable","12":"product-type-simple"},"yoast_head":"<!-- This site is optimized with the Yoast SEO plugin v26.9 - https:\/\/yoast.com\/product\/yoast-seo-wordpress\/ -->\n<title>Adh\u00e9zn\u00ed m\u016fstek 1kg Excel mix - StavebninyNikol<\/title>\n<meta name=\"description\" content=\"Adh\u00e9zn\u00ed m\u016fstek 1kg Excel mix StavebninyNikol\" \/>\n<meta name=\"robots\" content=\"index, follow, max-snippet:-1, max-image-preview:large, max-video-preview:-1\" \/>\n<link rel=\"canonical\" href=\"https:\/\/stavebninynikol.cz\/index.php\/product\/adhezni-mustek-1kg-excel-mix\/\" \/>\n<meta property=\"og:locale\" content=\"cs_CZ\" \/>\n<meta property=\"og:type\" content=\"article\" \/>\n<meta property=\"og:title\" content=\"Adh\u00e9zn\u00ed m\u016fstek 1kg Excel mix - StavebninyNikol\" \/>\n<meta property=\"og:description\" content=\"Adh\u00e9zn\u00ed m\u016fstek 1kg Excel mix StavebninyNikol\" \/>\n<meta property=\"og:url\" content=\"https:\/\/stavebninynikol.cz\/index.php\/product\/adhezni-mustek-1kg-excel-mix\/\" \/>\n<meta property=\"og:site_name\" content=\"StavebninyNikol\" \/>\n<meta property=\"article:publisher\" content=\"https:\/\/www.facebook.com\/profile.php?id=100057375402895&amp;mibextid=wwXIfr&amp;rdid=6fQOqALSBiK69Ovq&amp;share_url=httpswww.facebook.comshare1AicpAHGFPmibextidwwXIfr\" \/>\n<meta property=\"article:modified_time\" content=\"2025-09-03T12:53:26+00:00\" \/>\n<meta property=\"og:image\" content=\"https:\/\/stavebninynikol.cz\/wp-content\/uploads\/2025\/09\/4191_excel-mix-adhezni-mustek-5kg-vizualizace2023.png\" \/>\n\t<meta property=\"og:image:width\" content=\"463\" \/>\n\t<meta property=\"og:image:height\" content=\"520\" \/>\n\t<meta property=\"og:image:type\" content=\"image\/png\" \/>\n<meta name=\"twitter:card\" content=\"summary_large_image\" \/>\n<script type=\"application\/ld+json\" class=\"yoast-schema-graph\">{\"@context\":\"https:\/\/schema.org\",\"@graph\":[{\"@type\":\"WebPage\",\"@id\":\"https:\/\/stavebninynikol.cz\/index.php\/product\/adhezni-mustek-1kg-excel-mix\/\",\"url\":\"https:\/\/stavebninynikol.cz\/index.php\/product\/adhezni-mustek-1kg-excel-mix\/\",\"name\":\"Adh\u00e9zn\u00ed m\u016fstek 1kg Excel mix - StavebninyNikol\",\"isPartOf\":{\"@id\":\"https:\/\/stavebninynikol.cz\/#website\"},\"primaryImageOfPage\":{\"@id\":\"https:\/\/stavebninynikol.cz\/index.php\/product\/adhezni-mustek-1kg-excel-mix\/#primaryimage\"},\"image\":{\"@id\":\"https:\/\/stavebninynikol.cz\/index.php\/product\/adhezni-mustek-1kg-excel-mix\/#primaryimage\"},\"thumbnailUrl\":\"https:\/\/stavebninynikol.cz\/wp-content\/uploads\/2025\/09\/4191_excel-mix-adhezni-mustek-5kg-vizualizace2023.png\",\"datePublished\":\"2025-09-03T12:52:43+00:00\",\"dateModified\":\"2025-09-03T12:53:26+00:00\",\"description\":\"Adh\u00e9zn\u00ed m\u016fstek 1kg Excel mix StavebninyNikol\",\"breadcrumb\":{\"@id\":\"https:\/\/stavebninynikol.cz\/index.php\/product\/adhezni-mustek-1kg-excel-mix\/#breadcrumb\"},\"inLanguage\":\"cs\",\"potentialAction\":[{\"@type\":\"ReadAction\",\"target\":[\"https:\/\/stavebninynikol.cz\/index.php\/product\/adhezni-mustek-1kg-excel-mix\/\"]}]},{\"@type\":\"ImageObject\",\"inLanguage\":\"cs\",\"@id\":\"https:\/\/stavebninynikol.cz\/index.php\/product\/adhezni-mustek-1kg-excel-mix\/#primaryimage\",\"url\":\"https:\/\/stavebninynikol.cz\/wp-content\/uploads\/2025\/09\/4191_excel-mix-adhezni-mustek-5kg-vizualizace2023.png\",\"contentUrl\":\"https:\/\/stavebninynikol.cz\/wp-content\/uploads\/2025\/09\/4191_excel-mix-adhezni-mustek-5kg-vizualizace2023.png\",\"width\":463,\"height\":520},{\"@type\":\"BreadcrumbList\",\"@id\":\"https:\/\/stavebninynikol.cz\/index.php\/product\/adhezni-mustek-1kg-excel-mix\/#breadcrumb\",\"itemListElement\":[{\"@type\":\"ListItem\",\"position\":1,\"name\":\"Dom\u016f\",\"item\":\"https:\/\/stavebninynikol.cz\/\"},{\"@type\":\"ListItem\",\"position\":2,\"name\":\"Take Your Adventure To The Next Level\",\"item\":\"https:\/\/stavebninynikol.cz\/index.php\/shop\/\"},{\"@type\":\"ListItem\",\"position\":3,\"name\":\"Adh\u00e9zn\u00ed m\u016fstek 1kg Excel mix\"}]},{\"@type\":\"WebSite\",\"@id\":\"https:\/\/stavebninynikol.cz\/#website\",\"url\":\"https:\/\/stavebninynikol.cz\/\",\"name\":\"StavebninyNikol\",\"description\":\"stavebniny nikol\",\"publisher\":{\"@id\":\"https:\/\/stavebninynikol.cz\/#organization\"},\"potentialAction\":[{\"@type\":\"SearchAction\",\"target\":{\"@type\":\"EntryPoint\",\"urlTemplate\":\"https:\/\/stavebninynikol.cz\/?s={search_term_string}\"},\"query-input\":{\"@type\":\"PropertyValueSpecification\",\"valueRequired\":true,\"valueName\":\"search_term_string\"}}],\"inLanguage\":\"cs\"},{\"@type\":\"Organization\",\"@id\":\"https:\/\/stavebninynikol.cz\/#organization\",\"name\":\"StavebninyNikol\",\"url\":\"https:\/\/stavebninynikol.cz\/\",\"logo\":{\"@type\":\"ImageObject\",\"inLanguage\":\"cs\",\"@id\":\"https:\/\/stavebninynikol.cz\/#\/schema\/logo\/image\/\",\"url\":\"https:\/\/stavebninynikol.cz\/wp-content\/uploads\/2025\/07\/NIKOL_logo.eps-1-e1757927564347.webp\",\"contentUrl\":\"https:\/\/stavebninynikol.cz\/wp-content\/uploads\/2025\/07\/NIKOL_logo.eps-1-e1757927564347.webp\",\"width\":512,\"height\":132,\"caption\":\"StavebninyNikol\"},\"image\":{\"@id\":\"https:\/\/stavebninynikol.cz\/#\/schema\/logo\/image\/\"},\"sameAs\":[\"https:\/\/www.facebook.com\/profile.php?id=100057375402895&mibextid=wwXIfr&rdid=6fQOqALSBiK69Ovq&share_url=httpswww.facebook.comshare1AicpAHGFPmibextidwwXIfr\"]}]}<\/script>\n<!-- \/ Yoast SEO plugin. -->","yoast_head_json":{"title":"Adh\u00e9zn\u00ed m\u016fstek 1kg Excel mix - StavebninyNikol","description":"Adh\u00e9zn\u00ed m\u016fstek 1kg Excel mix StavebninyNikol","robots":{"index":"index","follow":"follow","max-snippet":"max-snippet:-1","max-image-preview":"max-image-preview:large","max-video-preview":"max-video-preview:-1"},"canonical":"https:\/\/stavebninynikol.cz\/index.php\/product\/adhezni-mustek-1kg-excel-mix\/","og_locale":"cs_CZ","og_type":"article","og_title":"Adh\u00e9zn\u00ed m\u016fstek 1kg Excel mix - StavebninyNikol","og_description":"Adh\u00e9zn\u00ed m\u016fstek 1kg Excel mix StavebninyNikol","og_url":"https:\/\/stavebninynikol.cz\/index.php\/product\/adhezni-mustek-1kg-excel-mix\/","og_site_name":"StavebninyNikol","article_publisher":"https:\/\/www.facebook.com\/profile.php?id=100057375402895&mibextid=wwXIfr&rdid=6fQOqALSBiK69Ovq&share_url=httpswww.facebook.comshare1AicpAHGFPmibextidwwXIfr","article_modified_time":"2025-09-03T12:53:26+00:00","og_image":[{"width":463,"height":520,"url":"https:\/\/stavebninynikol.cz\/wp-content\/uploads\/2025\/09\/4191_excel-mix-adhezni-mustek-5kg-vizualizace2023.png","type":"image\/png"}],"twitter_card":"summary_large_image","schema":{"@context":"https:\/\/schema.org","@graph":[{"@type":"WebPage","@id":"https:\/\/stavebninynikol.cz\/index.php\/product\/adhezni-mustek-1kg-excel-mix\/","url":"https:\/\/stavebninynikol.cz\/index.php\/product\/adhezni-mustek-1kg-excel-mix\/","name":"Adh\u00e9zn\u00ed m\u016fstek 1kg Excel mix - StavebninyNikol","isPartOf":{"@id":"https:\/\/stavebninynikol.cz\/#website"},"primaryImageOfPage":{"@id":"https:\/\/stavebninynikol.cz\/index.php\/product\/adhezni-mustek-1kg-excel-mix\/#primaryimage"},"image":{"@id":"https:\/\/stavebninynikol.cz\/index.php\/product\/adhezni-mustek-1kg-excel-mix\/#primaryimage"},"thumbnailUrl":"https:\/\/stavebninynikol.cz\/wp-content\/uploads\/2025\/09\/4191_excel-mix-adhezni-mustek-5kg-vizualizace2023.png","datePublished":"2025-09-03T12:52:43+00:00","dateModified":"2025-09-03T12:53:26+00:00","description":"Adh\u00e9zn\u00ed m\u016fstek 1kg Excel mix StavebninyNikol","breadcrumb":{"@id":"https:\/\/stavebninynikol.cz\/index.php\/product\/adhezni-mustek-1kg-excel-mix\/#breadcrumb"},"inLanguage":"cs","potentialAction":[{"@type":"ReadAction","target":["https:\/\/stavebninynikol.cz\/index.php\/product\/adhezni-mustek-1kg-excel-mix\/"]}]},{"@type":"ImageObject","inLanguage":"cs","@id":"https:\/\/stavebninynikol.cz\/index.php\/product\/adhezni-mustek-1kg-excel-mix\/#primaryimage","url":"https:\/\/stavebninynikol.cz\/wp-content\/uploads\/2025\/09\/4191_excel-mix-adhezni-mustek-5kg-vizualizace2023.png","contentUrl":"https:\/\/stavebninynikol.cz\/wp-content\/uploads\/2025\/09\/4191_excel-mix-adhezni-mustek-5kg-vizualizace2023.png","width":463,"height":520},{"@type":"BreadcrumbList","@id":"https:\/\/stavebninynikol.cz\/index.php\/product\/adhezni-mustek-1kg-excel-mix\/#breadcrumb","itemListElement":[{"@type":"ListItem","position":1,"name":"Dom\u016f","item":"https:\/\/stavebninynikol.cz\/"},{"@type":"ListItem","position":2,"name":"Take Your Adventure To The Next Level","item":"https:\/\/stavebninynikol.cz\/index.php\/shop\/"},{"@type":"ListItem","position":3,"name":"Adh\u00e9zn\u00ed m\u016fstek 1kg Excel mix"}]},{"@type":"WebSite","@id":"https:\/\/stavebninynikol.cz\/#website","url":"https:\/\/stavebninynikol.cz\/","name":"StavebninyNikol","description":"stavebniny nikol","publisher":{"@id":"https:\/\/stavebninynikol.cz\/#organization"},"potentialAction":[{"@type":"SearchAction","target":{"@type":"EntryPoint","urlTemplate":"https:\/\/stavebninynikol.cz\/?s={search_term_string}"},"query-input":{"@type":"PropertyValueSpecification","valueRequired":true,"valueName":"search_term_string"}}],"inLanguage":"cs"},{"@type":"Organization","@id":"https:\/\/stavebninynikol.cz\/#organization","name":"StavebninyNikol","url":"https:\/\/stavebninynikol.cz\/","logo":{"@type":"ImageObject","inLanguage":"cs","@id":"https:\/\/stavebninynikol.cz\/#\/schema\/logo\/image\/","url":"https:\/\/stavebninynikol.cz\/wp-content\/uploads\/2025\/07\/NIKOL_logo.eps-1-e1757927564347.webp","contentUrl":"https:\/\/stavebninynikol.cz\/wp-content\/uploads\/2025\/07\/NIKOL_logo.eps-1-e1757927564347.webp","width":512,"height":132,"caption":"StavebninyNikol"},"image":{"@id":"https:\/\/stavebninynikol.cz\/#\/schema\/logo\/image\/"},"sameAs":["https:\/\/www.facebook.com\/profile.php?id=100057375402895&mibextid=wwXIfr&rdid=6fQOqALSBiK69Ovq&share_url=httpswww.facebook.comshare1AicpAHGFPmibextidwwXIfr"]}]}},"_links":{"self":[{"href":"https:\/\/stavebninynikol.cz\/index.php\/wp-json\/wp\/v2\/product\/2535","targetHints":{"allow":["GET"]}}],"collection":[{"href":"https:\/\/stavebninynikol.cz\/index.php\/wp-json\/wp\/v2\/product"}],"about":[{"href":"https:\/\/stavebninynikol.cz\/index.php\/wp-json\/wp\/v2\/types\/product"}],"replies":[{"embeddable":true,"href":"https:\/\/stavebninynikol.cz\/index.php\/wp-json\/wp\/v2\/comments?post=2535"}],"wp:featuredmedia":[{"embeddable":true,"href":"https:\/\/stavebninynikol.cz\/index.php\/wp-json\/wp\/v2\/media\/2534"}],"wp:attachment":[{"href":"https:\/\/stavebninynikol.cz\/index.php\/wp-json\/wp\/v2\/media?parent=2535"}],"wp:term":[{"taxonomy":"product_brand","embeddable":true,"href":"https:\/\/stavebninynikol.cz\/index.php\/wp-json\/wp\/v2\/product_brand?post=2535"},{"taxonomy":"product_cat","embeddable":true,"href":"https:\/\/stavebninynikol.cz\/index.php\/wp-json\/wp\/v2\/product_cat?post=2535"},{"taxonomy":"product_tag","embeddable":true,"href":"https:\/\/stavebninynikol.cz\/index.php\/wp-json\/wp\/v2\/product_tag?post=2535"}],"curies":[{"name":"wp","href":"https:\/\/api.w.org\/{rel}","templated":true}]}}