{"id":2544,"date":"2025-09-04T14:02:12","date_gmt":"2025-09-04T14:02:12","guid":{"rendered":"https:\/\/stavebninynikol.cz\/?post_type=product&#038;p=2544"},"modified":"2025-09-04T14:17:20","modified_gmt":"2025-09-04T14:17:20","slug":"chemicka-kotva-polyester-bez-styrenu-44u","status":"publish","type":"product","link":"https:\/\/stavebninynikol.cz\/index.php\/product\/chemicka-kotva-polyester-bez-styrenu-44u\/","title":{"rendered":"Chemick\u00e1 kotva Polyester bez styrenu 44u"},"content":{"rendered":"","protected":false},"excerpt":{"rendered":"<p>CHEMICK\u00c1 KOTVA POLYESTER je vysoce kvalitn\u00ed polyesterov\u00e1 chemick\u00e1 kotva bez rozp\u011brn\u00fdch sil s velmi dobr\u00fdmi mechanick\u00fdmi vlastnostmi a chemickou odolnost\u00ed nahrazuj\u00edc\u00ed hmo\u017edinky, kovov\u00e9 kotvy apod. Je vhodn\u00e1 pouze do such\u00e9ho prost\u0159ed\u00ed. Pou\u017eit\u00ed p\u0159i kotven\u00ed z\u00e1vitov\u00fdch ty\u010d\u00ed, z\u00e1vitov\u00fdch obj\u00edmek, armovac\u00edch ty\u010d\u00ed (nap\u0159. roxor\u016f, r\u016fzn\u00fdch profil\u016f apod.), do v\u011bt\u0161iny typ\u016f pln\u00fdch i dut\u00fdch stavebn\u00edch materi\u00e1l\u016f jako jsou cihly, beton, k\u00e1men, problematick\u00e9 zdi z nesoudr\u017en\u00e9ho materi\u00e1lu apod.<\/p>\n","protected":false},"featured_media":2547,"comment_status":"open","ping_status":"closed","template":"","meta":[],"product_brand":[],"product_cat":[231,224],"product_tag":[],"class_list":{"0":"post-2544","1":"product","2":"type-product","3":"status-publish","4":"has-post-thumbnail","6":"product_cat-chemicke-kotvy","7":"product_cat-stavebni-chemie","9":"first","10":"instock","11":"shipping-taxable","12":"product-type-simple"},"yoast_head":"<!-- This site is optimized with the Yoast SEO plugin v26.9 - https:\/\/yoast.com\/product\/yoast-seo-wordpress\/ -->\n<title>Chemick\u00e1 kotva Polyester bez styrenu 44u - StavebninyNikol<\/title>\n<meta name=\"description\" content=\"Chemick\u00e1 kotva Polyester bez styrenu 44u StavebninyNikol\" \/>\n<meta name=\"robots\" content=\"index, follow, max-snippet:-1, max-image-preview:large, max-video-preview:-1\" \/>\n<link rel=\"canonical\" href=\"https:\/\/stavebninynikol.cz\/index.php\/product\/chemicka-kotva-polyester-bez-styrenu-44u\/\" \/>\n<meta property=\"og:locale\" content=\"cs_CZ\" \/>\n<meta property=\"og:type\" content=\"article\" \/>\n<meta property=\"og:title\" content=\"Chemick\u00e1 kotva Polyester bez styrenu 44u - StavebninyNikol\" \/>\n<meta property=\"og:description\" content=\"Chemick\u00e1 kotva Polyester bez styrenu 44u StavebninyNikol\" \/>\n<meta property=\"og:url\" content=\"https:\/\/stavebninynikol.cz\/index.php\/product\/chemicka-kotva-polyester-bez-styrenu-44u\/\" \/>\n<meta property=\"og:site_name\" content=\"StavebninyNikol\" \/>\n<meta property=\"article:publisher\" content=\"https:\/\/www.facebook.com\/profile.php?id=100057375402895&amp;mibextid=wwXIfr&amp;rdid=6fQOqALSBiK69Ovq&amp;share_url=httpswww.facebook.comshare1AicpAHGFPmibextidwwXIfr\" \/>\n<meta property=\"article:modified_time\" content=\"2025-09-04T14:17:20+00:00\" \/>\n<meta property=\"og:image\" content=\"https:\/\/stavebninynikol.cz\/wp-content\/uploads\/2025\/09\/chemicka-kotva-211004-800x600-2.jpg\" \/>\n\t<meta property=\"og:image:width\" content=\"800\" \/>\n\t<meta property=\"og:image:height\" content=\"600\" \/>\n\t<meta property=\"og:image:type\" content=\"image\/jpeg\" \/>\n<meta name=\"twitter:card\" content=\"summary_large_image\" \/>\n<script type=\"application\/ld+json\" class=\"yoast-schema-graph\">{\"@context\":\"https:\/\/schema.org\",\"@graph\":[{\"@type\":\"WebPage\",\"@id\":\"https:\/\/stavebninynikol.cz\/index.php\/product\/chemicka-kotva-polyester-bez-styrenu-44u\/\",\"url\":\"https:\/\/stavebninynikol.cz\/index.php\/product\/chemicka-kotva-polyester-bez-styrenu-44u\/\",\"name\":\"Chemick\u00e1 kotva Polyester bez styrenu 44u - StavebninyNikol\",\"isPartOf\":{\"@id\":\"https:\/\/stavebninynikol.cz\/#website\"},\"primaryImageOfPage\":{\"@id\":\"https:\/\/stavebninynikol.cz\/index.php\/product\/chemicka-kotva-polyester-bez-styrenu-44u\/#primaryimage\"},\"image\":{\"@id\":\"https:\/\/stavebninynikol.cz\/index.php\/product\/chemicka-kotva-polyester-bez-styrenu-44u\/#primaryimage\"},\"thumbnailUrl\":\"https:\/\/stavebninynikol.cz\/wp-content\/uploads\/2025\/09\/chemicka-kotva-211004-800x600-2.jpg\",\"datePublished\":\"2025-09-04T14:02:12+00:00\",\"dateModified\":\"2025-09-04T14:17:20+00:00\",\"description\":\"Chemick\u00e1 kotva Polyester bez styrenu 44u StavebninyNikol\",\"breadcrumb\":{\"@id\":\"https:\/\/stavebninynikol.cz\/index.php\/product\/chemicka-kotva-polyester-bez-styrenu-44u\/#breadcrumb\"},\"inLanguage\":\"cs\",\"potentialAction\":[{\"@type\":\"ReadAction\",\"target\":[\"https:\/\/stavebninynikol.cz\/index.php\/product\/chemicka-kotva-polyester-bez-styrenu-44u\/\"]}]},{\"@type\":\"ImageObject\",\"inLanguage\":\"cs\",\"@id\":\"https:\/\/stavebninynikol.cz\/index.php\/product\/chemicka-kotva-polyester-bez-styrenu-44u\/#primaryimage\",\"url\":\"https:\/\/stavebninynikol.cz\/wp-content\/uploads\/2025\/09\/chemicka-kotva-211004-800x600-2.jpg\",\"contentUrl\":\"https:\/\/stavebninynikol.cz\/wp-content\/uploads\/2025\/09\/chemicka-kotva-211004-800x600-2.jpg\",\"width\":800,\"height\":600},{\"@type\":\"BreadcrumbList\",\"@id\":\"https:\/\/stavebninynikol.cz\/index.php\/product\/chemicka-kotva-polyester-bez-styrenu-44u\/#breadcrumb\",\"itemListElement\":[{\"@type\":\"ListItem\",\"position\":1,\"name\":\"Dom\u016f\",\"item\":\"https:\/\/stavebninynikol.cz\/\"},{\"@type\":\"ListItem\",\"position\":2,\"name\":\"Take Your Adventure To The Next Level\",\"item\":\"https:\/\/stavebninynikol.cz\/index.php\/shop\/\"},{\"@type\":\"ListItem\",\"position\":3,\"name\":\"Chemick\u00e1 kotva Polyester bez styrenu 44u\"}]},{\"@type\":\"WebSite\",\"@id\":\"https:\/\/stavebninynikol.cz\/#website\",\"url\":\"https:\/\/stavebninynikol.cz\/\",\"name\":\"StavebninyNikol\",\"description\":\"stavebniny nikol\",\"publisher\":{\"@id\":\"https:\/\/stavebninynikol.cz\/#organization\"},\"potentialAction\":[{\"@type\":\"SearchAction\",\"target\":{\"@type\":\"EntryPoint\",\"urlTemplate\":\"https:\/\/stavebninynikol.cz\/?s={search_term_string}\"},\"query-input\":{\"@type\":\"PropertyValueSpecification\",\"valueRequired\":true,\"valueName\":\"search_term_string\"}}],\"inLanguage\":\"cs\"},{\"@type\":\"Organization\",\"@id\":\"https:\/\/stavebninynikol.cz\/#organization\",\"name\":\"StavebninyNikol\",\"url\":\"https:\/\/stavebninynikol.cz\/\",\"logo\":{\"@type\":\"ImageObject\",\"inLanguage\":\"cs\",\"@id\":\"https:\/\/stavebninynikol.cz\/#\/schema\/logo\/image\/\",\"url\":\"https:\/\/stavebninynikol.cz\/wp-content\/uploads\/2025\/07\/NIKOL_logo.eps-1-e1757927564347.webp\",\"contentUrl\":\"https:\/\/stavebninynikol.cz\/wp-content\/uploads\/2025\/07\/NIKOL_logo.eps-1-e1757927564347.webp\",\"width\":512,\"height\":132,\"caption\":\"StavebninyNikol\"},\"image\":{\"@id\":\"https:\/\/stavebninynikol.cz\/#\/schema\/logo\/image\/\"},\"sameAs\":[\"https:\/\/www.facebook.com\/profile.php?id=100057375402895&mibextid=wwXIfr&rdid=6fQOqALSBiK69Ovq&share_url=httpswww.facebook.comshare1AicpAHGFPmibextidwwXIfr\"]}]}<\/script>\n<!-- \/ Yoast SEO plugin. -->","yoast_head_json":{"title":"Chemick\u00e1 kotva Polyester bez styrenu 44u - StavebninyNikol","description":"Chemick\u00e1 kotva Polyester bez styrenu 44u StavebninyNikol","robots":{"index":"index","follow":"follow","max-snippet":"max-snippet:-1","max-image-preview":"max-image-preview:large","max-video-preview":"max-video-preview:-1"},"canonical":"https:\/\/stavebninynikol.cz\/index.php\/product\/chemicka-kotva-polyester-bez-styrenu-44u\/","og_locale":"cs_CZ","og_type":"article","og_title":"Chemick\u00e1 kotva Polyester bez styrenu 44u - StavebninyNikol","og_description":"Chemick\u00e1 kotva Polyester bez styrenu 44u StavebninyNikol","og_url":"https:\/\/stavebninynikol.cz\/index.php\/product\/chemicka-kotva-polyester-bez-styrenu-44u\/","og_site_name":"StavebninyNikol","article_publisher":"https:\/\/www.facebook.com\/profile.php?id=100057375402895&mibextid=wwXIfr&rdid=6fQOqALSBiK69Ovq&share_url=httpswww.facebook.comshare1AicpAHGFPmibextidwwXIfr","article_modified_time":"2025-09-04T14:17:20+00:00","og_image":[{"width":800,"height":600,"url":"https:\/\/stavebninynikol.cz\/wp-content\/uploads\/2025\/09\/chemicka-kotva-211004-800x600-2.jpg","type":"image\/jpeg"}],"twitter_card":"summary_large_image","schema":{"@context":"https:\/\/schema.org","@graph":[{"@type":"WebPage","@id":"https:\/\/stavebninynikol.cz\/index.php\/product\/chemicka-kotva-polyester-bez-styrenu-44u\/","url":"https:\/\/stavebninynikol.cz\/index.php\/product\/chemicka-kotva-polyester-bez-styrenu-44u\/","name":"Chemick\u00e1 kotva Polyester bez styrenu 44u - StavebninyNikol","isPartOf":{"@id":"https:\/\/stavebninynikol.cz\/#website"},"primaryImageOfPage":{"@id":"https:\/\/stavebninynikol.cz\/index.php\/product\/chemicka-kotva-polyester-bez-styrenu-44u\/#primaryimage"},"image":{"@id":"https:\/\/stavebninynikol.cz\/index.php\/product\/chemicka-kotva-polyester-bez-styrenu-44u\/#primaryimage"},"thumbnailUrl":"https:\/\/stavebninynikol.cz\/wp-content\/uploads\/2025\/09\/chemicka-kotva-211004-800x600-2.jpg","datePublished":"2025-09-04T14:02:12+00:00","dateModified":"2025-09-04T14:17:20+00:00","description":"Chemick\u00e1 kotva Polyester bez styrenu 44u StavebninyNikol","breadcrumb":{"@id":"https:\/\/stavebninynikol.cz\/index.php\/product\/chemicka-kotva-polyester-bez-styrenu-44u\/#breadcrumb"},"inLanguage":"cs","potentialAction":[{"@type":"ReadAction","target":["https:\/\/stavebninynikol.cz\/index.php\/product\/chemicka-kotva-polyester-bez-styrenu-44u\/"]}]},{"@type":"ImageObject","inLanguage":"cs","@id":"https:\/\/stavebninynikol.cz\/index.php\/product\/chemicka-kotva-polyester-bez-styrenu-44u\/#primaryimage","url":"https:\/\/stavebninynikol.cz\/wp-content\/uploads\/2025\/09\/chemicka-kotva-211004-800x600-2.jpg","contentUrl":"https:\/\/stavebninynikol.cz\/wp-content\/uploads\/2025\/09\/chemicka-kotva-211004-800x600-2.jpg","width":800,"height":600},{"@type":"BreadcrumbList","@id":"https:\/\/stavebninynikol.cz\/index.php\/product\/chemicka-kotva-polyester-bez-styrenu-44u\/#breadcrumb","itemListElement":[{"@type":"ListItem","position":1,"name":"Dom\u016f","item":"https:\/\/stavebninynikol.cz\/"},{"@type":"ListItem","position":2,"name":"Take Your Adventure To The Next Level","item":"https:\/\/stavebninynikol.cz\/index.php\/shop\/"},{"@type":"ListItem","position":3,"name":"Chemick\u00e1 kotva Polyester bez styrenu 44u"}]},{"@type":"WebSite","@id":"https:\/\/stavebninynikol.cz\/#website","url":"https:\/\/stavebninynikol.cz\/","name":"StavebninyNikol","description":"stavebniny nikol","publisher":{"@id":"https:\/\/stavebninynikol.cz\/#organization"},"potentialAction":[{"@type":"SearchAction","target":{"@type":"EntryPoint","urlTemplate":"https:\/\/stavebninynikol.cz\/?s={search_term_string}"},"query-input":{"@type":"PropertyValueSpecification","valueRequired":true,"valueName":"search_term_string"}}],"inLanguage":"cs"},{"@type":"Organization","@id":"https:\/\/stavebninynikol.cz\/#organization","name":"StavebninyNikol","url":"https:\/\/stavebninynikol.cz\/","logo":{"@type":"ImageObject","inLanguage":"cs","@id":"https:\/\/stavebninynikol.cz\/#\/schema\/logo\/image\/","url":"https:\/\/stavebninynikol.cz\/wp-content\/uploads\/2025\/07\/NIKOL_logo.eps-1-e1757927564347.webp","contentUrl":"https:\/\/stavebninynikol.cz\/wp-content\/uploads\/2025\/07\/NIKOL_logo.eps-1-e1757927564347.webp","width":512,"height":132,"caption":"StavebninyNikol"},"image":{"@id":"https:\/\/stavebninynikol.cz\/#\/schema\/logo\/image\/"},"sameAs":["https:\/\/www.facebook.com\/profile.php?id=100057375402895&mibextid=wwXIfr&rdid=6fQOqALSBiK69Ovq&share_url=httpswww.facebook.comshare1AicpAHGFPmibextidwwXIfr"]}]}},"_links":{"self":[{"href":"https:\/\/stavebninynikol.cz\/index.php\/wp-json\/wp\/v2\/product\/2544","targetHints":{"allow":["GET"]}}],"collection":[{"href":"https:\/\/stavebninynikol.cz\/index.php\/wp-json\/wp\/v2\/product"}],"about":[{"href":"https:\/\/stavebninynikol.cz\/index.php\/wp-json\/wp\/v2\/types\/product"}],"replies":[{"embeddable":true,"href":"https:\/\/stavebninynikol.cz\/index.php\/wp-json\/wp\/v2\/comments?post=2544"}],"wp:featuredmedia":[{"embeddable":true,"href":"https:\/\/stavebninynikol.cz\/index.php\/wp-json\/wp\/v2\/media\/2547"}],"wp:attachment":[{"href":"https:\/\/stavebninynikol.cz\/index.php\/wp-json\/wp\/v2\/media?parent=2544"}],"wp:term":[{"taxonomy":"product_brand","embeddable":true,"href":"https:\/\/stavebninynikol.cz\/index.php\/wp-json\/wp\/v2\/product_brand?post=2544"},{"taxonomy":"product_cat","embeddable":true,"href":"https:\/\/stavebninynikol.cz\/index.php\/wp-json\/wp\/v2\/product_cat?post=2544"},{"taxonomy":"product_tag","embeddable":true,"href":"https:\/\/stavebninynikol.cz\/index.php\/wp-json\/wp\/v2\/product_tag?post=2544"}],"curies":[{"name":"wp","href":"https:\/\/api.w.org\/{rel}","templated":true}]}}