{"id":2548,"date":"2025-09-04T14:26:08","date_gmt":"2025-09-04T14:26:08","guid":{"rendered":"https:\/\/stavebninynikol.cz\/?post_type=product&#038;p=2548"},"modified":"2025-09-04T14:26:08","modified_gmt":"2025-09-04T14:26:08","slug":"rychleschnouci-pu-lepidlo-turbo-speed-combo","status":"publish","type":"product","link":"https:\/\/stavebninynikol.cz\/index.php\/product\/rychleschnouci-pu-lepidlo-turbo-speed-combo\/","title":{"rendered":"Rychleschnouc\u00ed PU lepidlo Turbo Speed COMBO"},"content":{"rendered":"","protected":false},"excerpt":{"rendered":"<p>Rychleschnouc\u00ed PU lepidlo Turbo Speed COMBO je jednoslo\u017ekov\u00e1 p\u011bna, speci\u00e1ln\u011b vyvinut\u00e1 pro rychl\u00e9 lepen\u00ed s\u00a0po\u010d\u00e1tkem tuhnut\u00ed ji\u017e po 60\u00a0sekund\u00e1ch. Mo\u017enost aplikace pistol\u00ed i\u00a0trubi\u010dkou 2v1. D\u00edky vysok\u00e9 p\u0159ilnavosti a\u00a0lepivosti k\u00a0r\u016fzn\u00fdm stavebn\u00edm podklad\u016fm, jako je beton, d\u0159evo, k\u00e1men nebo polystyren, je ide\u00e1ln\u00ed pro \u0161irok\u00e9 spektrum pou\u017eit\u00ed. Po vytvrzen\u00ed je objemov\u011b st\u00e1l\u00e9 a\u00a0vytv\u00e1\u0159\u00ed kvalitn\u00ed, rovnom\u011brnou strukturu.<\/p>\n","protected":false},"featured_media":2549,"comment_status":"open","ping_status":"closed","template":"","meta":[],"product_brand":[],"product_cat":[225,224],"product_tag":[],"class_list":{"0":"post-2548","1":"product","2":"type-product","3":"status-publish","4":"has-post-thumbnail","6":"product_cat-montazni-peny-stavebni-chemie","7":"product_cat-stavebni-chemie","9":"first","10":"instock","11":"shipping-taxable","12":"product-type-simple"},"yoast_head":"<!-- This site is optimized with the Yoast SEO plugin v26.9 - https:\/\/yoast.com\/product\/yoast-seo-wordpress\/ -->\n<title>Rychleschnouc\u00ed PU lepidlo Turbo Speed COMBO - StavebninyNikol<\/title>\n<meta name=\"description\" content=\"Rychleschnouc\u00ed PU lepidlo Turbo Speed COMBO StavebninyNikol\" \/>\n<meta name=\"robots\" content=\"index, follow, max-snippet:-1, max-image-preview:large, max-video-preview:-1\" \/>\n<link rel=\"canonical\" href=\"https:\/\/stavebninynikol.cz\/index.php\/product\/rychleschnouci-pu-lepidlo-turbo-speed-combo\/\" \/>\n<meta property=\"og:locale\" content=\"cs_CZ\" \/>\n<meta property=\"og:type\" content=\"article\" \/>\n<meta property=\"og:title\" content=\"Rychleschnouc\u00ed PU lepidlo Turbo Speed COMBO - StavebninyNikol\" \/>\n<meta property=\"og:description\" content=\"Rychleschnouc\u00ed PU lepidlo Turbo Speed COMBO StavebninyNikol\" \/>\n<meta property=\"og:url\" content=\"https:\/\/stavebninynikol.cz\/index.php\/product\/rychleschnouci-pu-lepidlo-turbo-speed-combo\/\" \/>\n<meta property=\"og:site_name\" content=\"StavebninyNikol\" \/>\n<meta property=\"article:publisher\" content=\"https:\/\/www.facebook.com\/profile.php?id=100057375402895&amp;mibextid=wwXIfr&amp;rdid=6fQOqALSBiK69Ovq&amp;share_url=httpswww.facebook.comshare1AicpAHGFPmibextidwwXIfr\" \/>\n<meta property=\"og:image\" content=\"https:\/\/stavebninynikol.cz\/wp-content\/uploads\/2025\/09\/Rychleschnouci-PU-lepidlo-Turbo-Speed-COMBO-debbex-by-den-braven-web-2025-v3.png.webp\" \/>\n\t<meta property=\"og:image:width\" content=\"600\" \/>\n\t<meta property=\"og:image:height\" content=\"600\" \/>\n\t<meta property=\"og:image:type\" content=\"image\/webp\" \/>\n<meta name=\"twitter:card\" content=\"summary_large_image\" \/>\n<script type=\"application\/ld+json\" class=\"yoast-schema-graph\">{\"@context\":\"https:\/\/schema.org\",\"@graph\":[{\"@type\":\"WebPage\",\"@id\":\"https:\/\/stavebninynikol.cz\/index.php\/product\/rychleschnouci-pu-lepidlo-turbo-speed-combo\/\",\"url\":\"https:\/\/stavebninynikol.cz\/index.php\/product\/rychleschnouci-pu-lepidlo-turbo-speed-combo\/\",\"name\":\"Rychleschnouc\u00ed PU lepidlo Turbo Speed COMBO - StavebninyNikol\",\"isPartOf\":{\"@id\":\"https:\/\/stavebninynikol.cz\/#website\"},\"primaryImageOfPage\":{\"@id\":\"https:\/\/stavebninynikol.cz\/index.php\/product\/rychleschnouci-pu-lepidlo-turbo-speed-combo\/#primaryimage\"},\"image\":{\"@id\":\"https:\/\/stavebninynikol.cz\/index.php\/product\/rychleschnouci-pu-lepidlo-turbo-speed-combo\/#primaryimage\"},\"thumbnailUrl\":\"https:\/\/stavebninynikol.cz\/wp-content\/uploads\/2025\/09\/Rychleschnouci-PU-lepidlo-Turbo-Speed-COMBO-debbex-by-den-braven-web-2025-v3.png.webp\",\"datePublished\":\"2025-09-04T14:26:08+00:00\",\"description\":\"Rychleschnouc\u00ed PU lepidlo Turbo Speed COMBO StavebninyNikol\",\"breadcrumb\":{\"@id\":\"https:\/\/stavebninynikol.cz\/index.php\/product\/rychleschnouci-pu-lepidlo-turbo-speed-combo\/#breadcrumb\"},\"inLanguage\":\"cs\",\"potentialAction\":[{\"@type\":\"ReadAction\",\"target\":[\"https:\/\/stavebninynikol.cz\/index.php\/product\/rychleschnouci-pu-lepidlo-turbo-speed-combo\/\"]}]},{\"@type\":\"ImageObject\",\"inLanguage\":\"cs\",\"@id\":\"https:\/\/stavebninynikol.cz\/index.php\/product\/rychleschnouci-pu-lepidlo-turbo-speed-combo\/#primaryimage\",\"url\":\"https:\/\/stavebninynikol.cz\/wp-content\/uploads\/2025\/09\/Rychleschnouci-PU-lepidlo-Turbo-Speed-COMBO-debbex-by-den-braven-web-2025-v3.png.webp\",\"contentUrl\":\"https:\/\/stavebninynikol.cz\/wp-content\/uploads\/2025\/09\/Rychleschnouci-PU-lepidlo-Turbo-Speed-COMBO-debbex-by-den-braven-web-2025-v3.png.webp\",\"width\":600,\"height\":600},{\"@type\":\"BreadcrumbList\",\"@id\":\"https:\/\/stavebninynikol.cz\/index.php\/product\/rychleschnouci-pu-lepidlo-turbo-speed-combo\/#breadcrumb\",\"itemListElement\":[{\"@type\":\"ListItem\",\"position\":1,\"name\":\"Dom\u016f\",\"item\":\"https:\/\/stavebninynikol.cz\/\"},{\"@type\":\"ListItem\",\"position\":2,\"name\":\"Take Your Adventure To The Next Level\",\"item\":\"https:\/\/stavebninynikol.cz\/index.php\/shop\/\"},{\"@type\":\"ListItem\",\"position\":3,\"name\":\"Rychleschnouc\u00ed PU lepidlo Turbo Speed COMBO\"}]},{\"@type\":\"WebSite\",\"@id\":\"https:\/\/stavebninynikol.cz\/#website\",\"url\":\"https:\/\/stavebninynikol.cz\/\",\"name\":\"StavebninyNikol\",\"description\":\"stavebniny nikol\",\"publisher\":{\"@id\":\"https:\/\/stavebninynikol.cz\/#organization\"},\"potentialAction\":[{\"@type\":\"SearchAction\",\"target\":{\"@type\":\"EntryPoint\",\"urlTemplate\":\"https:\/\/stavebninynikol.cz\/?s={search_term_string}\"},\"query-input\":{\"@type\":\"PropertyValueSpecification\",\"valueRequired\":true,\"valueName\":\"search_term_string\"}}],\"inLanguage\":\"cs\"},{\"@type\":\"Organization\",\"@id\":\"https:\/\/stavebninynikol.cz\/#organization\",\"name\":\"StavebninyNikol\",\"url\":\"https:\/\/stavebninynikol.cz\/\",\"logo\":{\"@type\":\"ImageObject\",\"inLanguage\":\"cs\",\"@id\":\"https:\/\/stavebninynikol.cz\/#\/schema\/logo\/image\/\",\"url\":\"https:\/\/stavebninynikol.cz\/wp-content\/uploads\/2025\/07\/NIKOL_logo.eps-1-e1757927564347.webp\",\"contentUrl\":\"https:\/\/stavebninynikol.cz\/wp-content\/uploads\/2025\/07\/NIKOL_logo.eps-1-e1757927564347.webp\",\"width\":512,\"height\":132,\"caption\":\"StavebninyNikol\"},\"image\":{\"@id\":\"https:\/\/stavebninynikol.cz\/#\/schema\/logo\/image\/\"},\"sameAs\":[\"https:\/\/www.facebook.com\/profile.php?id=100057375402895&mibextid=wwXIfr&rdid=6fQOqALSBiK69Ovq&share_url=httpswww.facebook.comshare1AicpAHGFPmibextidwwXIfr\"]}]}<\/script>\n<!-- \/ Yoast SEO plugin. -->","yoast_head_json":{"title":"Rychleschnouc\u00ed PU lepidlo Turbo Speed COMBO - StavebninyNikol","description":"Rychleschnouc\u00ed PU lepidlo Turbo Speed COMBO StavebninyNikol","robots":{"index":"index","follow":"follow","max-snippet":"max-snippet:-1","max-image-preview":"max-image-preview:large","max-video-preview":"max-video-preview:-1"},"canonical":"https:\/\/stavebninynikol.cz\/index.php\/product\/rychleschnouci-pu-lepidlo-turbo-speed-combo\/","og_locale":"cs_CZ","og_type":"article","og_title":"Rychleschnouc\u00ed PU lepidlo Turbo Speed COMBO - StavebninyNikol","og_description":"Rychleschnouc\u00ed PU lepidlo Turbo Speed COMBO StavebninyNikol","og_url":"https:\/\/stavebninynikol.cz\/index.php\/product\/rychleschnouci-pu-lepidlo-turbo-speed-combo\/","og_site_name":"StavebninyNikol","article_publisher":"https:\/\/www.facebook.com\/profile.php?id=100057375402895&mibextid=wwXIfr&rdid=6fQOqALSBiK69Ovq&share_url=httpswww.facebook.comshare1AicpAHGFPmibextidwwXIfr","og_image":[{"width":600,"height":600,"url":"https:\/\/stavebninynikol.cz\/wp-content\/uploads\/2025\/09\/Rychleschnouci-PU-lepidlo-Turbo-Speed-COMBO-debbex-by-den-braven-web-2025-v3.png.webp","type":"image\/webp"}],"twitter_card":"summary_large_image","schema":{"@context":"https:\/\/schema.org","@graph":[{"@type":"WebPage","@id":"https:\/\/stavebninynikol.cz\/index.php\/product\/rychleschnouci-pu-lepidlo-turbo-speed-combo\/","url":"https:\/\/stavebninynikol.cz\/index.php\/product\/rychleschnouci-pu-lepidlo-turbo-speed-combo\/","name":"Rychleschnouc\u00ed PU lepidlo Turbo Speed COMBO - StavebninyNikol","isPartOf":{"@id":"https:\/\/stavebninynikol.cz\/#website"},"primaryImageOfPage":{"@id":"https:\/\/stavebninynikol.cz\/index.php\/product\/rychleschnouci-pu-lepidlo-turbo-speed-combo\/#primaryimage"},"image":{"@id":"https:\/\/stavebninynikol.cz\/index.php\/product\/rychleschnouci-pu-lepidlo-turbo-speed-combo\/#primaryimage"},"thumbnailUrl":"https:\/\/stavebninynikol.cz\/wp-content\/uploads\/2025\/09\/Rychleschnouci-PU-lepidlo-Turbo-Speed-COMBO-debbex-by-den-braven-web-2025-v3.png.webp","datePublished":"2025-09-04T14:26:08+00:00","description":"Rychleschnouc\u00ed PU lepidlo Turbo Speed COMBO StavebninyNikol","breadcrumb":{"@id":"https:\/\/stavebninynikol.cz\/index.php\/product\/rychleschnouci-pu-lepidlo-turbo-speed-combo\/#breadcrumb"},"inLanguage":"cs","potentialAction":[{"@type":"ReadAction","target":["https:\/\/stavebninynikol.cz\/index.php\/product\/rychleschnouci-pu-lepidlo-turbo-speed-combo\/"]}]},{"@type":"ImageObject","inLanguage":"cs","@id":"https:\/\/stavebninynikol.cz\/index.php\/product\/rychleschnouci-pu-lepidlo-turbo-speed-combo\/#primaryimage","url":"https:\/\/stavebninynikol.cz\/wp-content\/uploads\/2025\/09\/Rychleschnouci-PU-lepidlo-Turbo-Speed-COMBO-debbex-by-den-braven-web-2025-v3.png.webp","contentUrl":"https:\/\/stavebninynikol.cz\/wp-content\/uploads\/2025\/09\/Rychleschnouci-PU-lepidlo-Turbo-Speed-COMBO-debbex-by-den-braven-web-2025-v3.png.webp","width":600,"height":600},{"@type":"BreadcrumbList","@id":"https:\/\/stavebninynikol.cz\/index.php\/product\/rychleschnouci-pu-lepidlo-turbo-speed-combo\/#breadcrumb","itemListElement":[{"@type":"ListItem","position":1,"name":"Dom\u016f","item":"https:\/\/stavebninynikol.cz\/"},{"@type":"ListItem","position":2,"name":"Take Your Adventure To The Next Level","item":"https:\/\/stavebninynikol.cz\/index.php\/shop\/"},{"@type":"ListItem","position":3,"name":"Rychleschnouc\u00ed PU lepidlo Turbo Speed COMBO"}]},{"@type":"WebSite","@id":"https:\/\/stavebninynikol.cz\/#website","url":"https:\/\/stavebninynikol.cz\/","name":"StavebninyNikol","description":"stavebniny nikol","publisher":{"@id":"https:\/\/stavebninynikol.cz\/#organization"},"potentialAction":[{"@type":"SearchAction","target":{"@type":"EntryPoint","urlTemplate":"https:\/\/stavebninynikol.cz\/?s={search_term_string}"},"query-input":{"@type":"PropertyValueSpecification","valueRequired":true,"valueName":"search_term_string"}}],"inLanguage":"cs"},{"@type":"Organization","@id":"https:\/\/stavebninynikol.cz\/#organization","name":"StavebninyNikol","url":"https:\/\/stavebninynikol.cz\/","logo":{"@type":"ImageObject","inLanguage":"cs","@id":"https:\/\/stavebninynikol.cz\/#\/schema\/logo\/image\/","url":"https:\/\/stavebninynikol.cz\/wp-content\/uploads\/2025\/07\/NIKOL_logo.eps-1-e1757927564347.webp","contentUrl":"https:\/\/stavebninynikol.cz\/wp-content\/uploads\/2025\/07\/NIKOL_logo.eps-1-e1757927564347.webp","width":512,"height":132,"caption":"StavebninyNikol"},"image":{"@id":"https:\/\/stavebninynikol.cz\/#\/schema\/logo\/image\/"},"sameAs":["https:\/\/www.facebook.com\/profile.php?id=100057375402895&mibextid=wwXIfr&rdid=6fQOqALSBiK69Ovq&share_url=httpswww.facebook.comshare1AicpAHGFPmibextidwwXIfr"]}]}},"_links":{"self":[{"href":"https:\/\/stavebninynikol.cz\/index.php\/wp-json\/wp\/v2\/product\/2548","targetHints":{"allow":["GET"]}}],"collection":[{"href":"https:\/\/stavebninynikol.cz\/index.php\/wp-json\/wp\/v2\/product"}],"about":[{"href":"https:\/\/stavebninynikol.cz\/index.php\/wp-json\/wp\/v2\/types\/product"}],"replies":[{"embeddable":true,"href":"https:\/\/stavebninynikol.cz\/index.php\/wp-json\/wp\/v2\/comments?post=2548"}],"wp:featuredmedia":[{"embeddable":true,"href":"https:\/\/stavebninynikol.cz\/index.php\/wp-json\/wp\/v2\/media\/2549"}],"wp:attachment":[{"href":"https:\/\/stavebninynikol.cz\/index.php\/wp-json\/wp\/v2\/media?parent=2548"}],"wp:term":[{"taxonomy":"product_brand","embeddable":true,"href":"https:\/\/stavebninynikol.cz\/index.php\/wp-json\/wp\/v2\/product_brand?post=2548"},{"taxonomy":"product_cat","embeddable":true,"href":"https:\/\/stavebninynikol.cz\/index.php\/wp-json\/wp\/v2\/product_cat?post=2548"},{"taxonomy":"product_tag","embeddable":true,"href":"https:\/\/stavebninynikol.cz\/index.php\/wp-json\/wp\/v2\/product_tag?post=2548"}],"curies":[{"name":"wp","href":"https:\/\/api.w.org\/{rel}","templated":true}]}}