{"id":2550,"date":"2025-09-04T14:28:20","date_gmt":"2025-09-04T14:28:20","guid":{"rendered":"https:\/\/stavebninynikol.cz\/?post_type=product&#038;p=2550"},"modified":"2025-09-04T14:28:20","modified_gmt":"2025-09-04T14:28:20","slug":"rychleschnouci-pu-lepidlo-turbo-speed","status":"publish","type":"product","link":"https:\/\/stavebninynikol.cz\/index.php\/product\/rychleschnouci-pu-lepidlo-turbo-speed\/","title":{"rendered":"Rychleschnouc\u00ed PU lepidlo Turbo Speed"},"content":{"rendered":"","protected":false},"excerpt":{"rendered":"<p>Vysoce kvalitn\u00ed a\u00a0v\u00edce\u00fa\u010delov\u00e9 PU lepidlo. Speci\u00e1ln\u011b vyvinuto pro rychl\u00e9 lepen\u00ed s\u00a0po\u010d\u00e1tkem tuhnut\u00ed ji\u017e po 60 sekund\u00e1ch. Lepidlo m\u00e1 v\u00fdbornou p\u0159ilnavost na v\u011bt\u0161inu stavebn\u00edch podklad\u016f \u2013 beton, om\u00edtku, zdivo, d\u0159evo, polystyren, nem\u011bk\u010den\u00e9 PVC apod. Slou\u017e\u00ed pro lepen\u00ed EPS a\u00a0XPS desek, s\u00e1drokarton\u016f, d\u0159ev\u011bn\u00fdch prvk\u016f, OSB desek, dekorativn\u00edch prvk\u016f, parapet\u016f a\u00a0vnit\u0159n\u00edch p\u0159\u00ed\u010dek.<\/p>\n<h3>Charakteristika<\/h3>\n<ul>\n<li>rychle vytvrzuj\u00edc\u00ed<\/li>\n<li>po\u010d\u00e1tek tuhnut\u00ed po 60 sekund\u00e1ch<\/li>\n<li>mo\u017enost korekce do 2 minut<\/li>\n<li>kvalitn\u00ed struktura<\/li>\n<li>po vytvrzen\u00ed je objemov\u011b st\u00e1l\u00e1<\/li>\n<li>vysok\u00e1 p\u0159ilnavost a\u00a0lepivost k\u00a0r\u016fzn\u00fdm stavebn\u00edm podklad\u016fm<\/li>\n<\/ul>\n","protected":false},"featured_media":2551,"comment_status":"open","ping_status":"closed","template":"","meta":[],"product_brand":[],"product_cat":[225,224],"product_tag":[],"class_list":{"0":"post-2550","1":"product","2":"type-product","3":"status-publish","4":"has-post-thumbnail","6":"product_cat-montazni-peny-stavebni-chemie","7":"product_cat-stavebni-chemie","9":"first","10":"instock","11":"shipping-taxable","12":"product-type-simple"},"yoast_head":"<!-- This site is optimized with the Yoast SEO plugin v26.9 - https:\/\/yoast.com\/product\/yoast-seo-wordpress\/ -->\n<title>Rychleschnouc\u00ed PU lepidlo Turbo Speed - StavebninyNikol<\/title>\n<meta name=\"description\" content=\"Rychleschnouc\u00ed PU lepidlo Turbo Speed StavebninyNikol\" \/>\n<meta name=\"robots\" content=\"index, follow, max-snippet:-1, max-image-preview:large, max-video-preview:-1\" \/>\n<link rel=\"canonical\" href=\"https:\/\/stavebninynikol.cz\/index.php\/product\/rychleschnouci-pu-lepidlo-turbo-speed\/\" \/>\n<meta property=\"og:locale\" content=\"cs_CZ\" \/>\n<meta property=\"og:type\" content=\"article\" \/>\n<meta property=\"og:title\" content=\"Rychleschnouc\u00ed PU lepidlo Turbo Speed - StavebninyNikol\" \/>\n<meta property=\"og:description\" content=\"Rychleschnouc\u00ed PU lepidlo Turbo Speed StavebninyNikol\" \/>\n<meta property=\"og:url\" content=\"https:\/\/stavebninynikol.cz\/index.php\/product\/rychleschnouci-pu-lepidlo-turbo-speed\/\" \/>\n<meta property=\"og:site_name\" content=\"StavebninyNikol\" \/>\n<meta property=\"article:publisher\" content=\"https:\/\/www.facebook.com\/profile.php?id=100057375402895&amp;mibextid=wwXIfr&amp;rdid=6fQOqALSBiK69Ovq&amp;share_url=httpswww.facebook.comshare1AicpAHGFPmibextidwwXIfr\" \/>\n<meta property=\"og:image\" content=\"https:\/\/stavebninynikol.cz\/wp-content\/uploads\/2025\/09\/Rychleschnouci-PU-lepidlo-Turbo-Speed-debbex-by-den-braven-web-2025.webp\" \/>\n\t<meta property=\"og:image:width\" content=\"600\" \/>\n\t<meta property=\"og:image:height\" content=\"600\" \/>\n\t<meta property=\"og:image:type\" content=\"image\/webp\" \/>\n<meta name=\"twitter:card\" content=\"summary_large_image\" \/>\n<script type=\"application\/ld+json\" class=\"yoast-schema-graph\">{\"@context\":\"https:\/\/schema.org\",\"@graph\":[{\"@type\":\"WebPage\",\"@id\":\"https:\/\/stavebninynikol.cz\/index.php\/product\/rychleschnouci-pu-lepidlo-turbo-speed\/\",\"url\":\"https:\/\/stavebninynikol.cz\/index.php\/product\/rychleschnouci-pu-lepidlo-turbo-speed\/\",\"name\":\"Rychleschnouc\u00ed PU lepidlo Turbo Speed - StavebninyNikol\",\"isPartOf\":{\"@id\":\"https:\/\/stavebninynikol.cz\/#website\"},\"primaryImageOfPage\":{\"@id\":\"https:\/\/stavebninynikol.cz\/index.php\/product\/rychleschnouci-pu-lepidlo-turbo-speed\/#primaryimage\"},\"image\":{\"@id\":\"https:\/\/stavebninynikol.cz\/index.php\/product\/rychleschnouci-pu-lepidlo-turbo-speed\/#primaryimage\"},\"thumbnailUrl\":\"https:\/\/stavebninynikol.cz\/wp-content\/uploads\/2025\/09\/Rychleschnouci-PU-lepidlo-Turbo-Speed-debbex-by-den-braven-web-2025.webp\",\"datePublished\":\"2025-09-04T14:28:20+00:00\",\"description\":\"Rychleschnouc\u00ed PU lepidlo Turbo Speed StavebninyNikol\",\"breadcrumb\":{\"@id\":\"https:\/\/stavebninynikol.cz\/index.php\/product\/rychleschnouci-pu-lepidlo-turbo-speed\/#breadcrumb\"},\"inLanguage\":\"cs\",\"potentialAction\":[{\"@type\":\"ReadAction\",\"target\":[\"https:\/\/stavebninynikol.cz\/index.php\/product\/rychleschnouci-pu-lepidlo-turbo-speed\/\"]}]},{\"@type\":\"ImageObject\",\"inLanguage\":\"cs\",\"@id\":\"https:\/\/stavebninynikol.cz\/index.php\/product\/rychleschnouci-pu-lepidlo-turbo-speed\/#primaryimage\",\"url\":\"https:\/\/stavebninynikol.cz\/wp-content\/uploads\/2025\/09\/Rychleschnouci-PU-lepidlo-Turbo-Speed-debbex-by-den-braven-web-2025.webp\",\"contentUrl\":\"https:\/\/stavebninynikol.cz\/wp-content\/uploads\/2025\/09\/Rychleschnouci-PU-lepidlo-Turbo-Speed-debbex-by-den-braven-web-2025.webp\",\"width\":600,\"height\":600},{\"@type\":\"BreadcrumbList\",\"@id\":\"https:\/\/stavebninynikol.cz\/index.php\/product\/rychleschnouci-pu-lepidlo-turbo-speed\/#breadcrumb\",\"itemListElement\":[{\"@type\":\"ListItem\",\"position\":1,\"name\":\"Dom\u016f\",\"item\":\"https:\/\/stavebninynikol.cz\/\"},{\"@type\":\"ListItem\",\"position\":2,\"name\":\"Take Your Adventure To The Next Level\",\"item\":\"https:\/\/stavebninynikol.cz\/index.php\/shop\/\"},{\"@type\":\"ListItem\",\"position\":3,\"name\":\"Rychleschnouc\u00ed PU lepidlo Turbo Speed\"}]},{\"@type\":\"WebSite\",\"@id\":\"https:\/\/stavebninynikol.cz\/#website\",\"url\":\"https:\/\/stavebninynikol.cz\/\",\"name\":\"StavebninyNikol\",\"description\":\"stavebniny nikol\",\"publisher\":{\"@id\":\"https:\/\/stavebninynikol.cz\/#organization\"},\"potentialAction\":[{\"@type\":\"SearchAction\",\"target\":{\"@type\":\"EntryPoint\",\"urlTemplate\":\"https:\/\/stavebninynikol.cz\/?s={search_term_string}\"},\"query-input\":{\"@type\":\"PropertyValueSpecification\",\"valueRequired\":true,\"valueName\":\"search_term_string\"}}],\"inLanguage\":\"cs\"},{\"@type\":\"Organization\",\"@id\":\"https:\/\/stavebninynikol.cz\/#organization\",\"name\":\"StavebninyNikol\",\"url\":\"https:\/\/stavebninynikol.cz\/\",\"logo\":{\"@type\":\"ImageObject\",\"inLanguage\":\"cs\",\"@id\":\"https:\/\/stavebninynikol.cz\/#\/schema\/logo\/image\/\",\"url\":\"https:\/\/stavebninynikol.cz\/wp-content\/uploads\/2025\/07\/NIKOL_logo.eps-1-e1757927564347.webp\",\"contentUrl\":\"https:\/\/stavebninynikol.cz\/wp-content\/uploads\/2025\/07\/NIKOL_logo.eps-1-e1757927564347.webp\",\"width\":512,\"height\":132,\"caption\":\"StavebninyNikol\"},\"image\":{\"@id\":\"https:\/\/stavebninynikol.cz\/#\/schema\/logo\/image\/\"},\"sameAs\":[\"https:\/\/www.facebook.com\/profile.php?id=100057375402895&mibextid=wwXIfr&rdid=6fQOqALSBiK69Ovq&share_url=httpswww.facebook.comshare1AicpAHGFPmibextidwwXIfr\"]}]}<\/script>\n<!-- \/ Yoast SEO plugin. -->","yoast_head_json":{"title":"Rychleschnouc\u00ed PU lepidlo Turbo Speed - StavebninyNikol","description":"Rychleschnouc\u00ed PU lepidlo Turbo Speed StavebninyNikol","robots":{"index":"index","follow":"follow","max-snippet":"max-snippet:-1","max-image-preview":"max-image-preview:large","max-video-preview":"max-video-preview:-1"},"canonical":"https:\/\/stavebninynikol.cz\/index.php\/product\/rychleschnouci-pu-lepidlo-turbo-speed\/","og_locale":"cs_CZ","og_type":"article","og_title":"Rychleschnouc\u00ed PU lepidlo Turbo Speed - StavebninyNikol","og_description":"Rychleschnouc\u00ed PU lepidlo Turbo Speed StavebninyNikol","og_url":"https:\/\/stavebninynikol.cz\/index.php\/product\/rychleschnouci-pu-lepidlo-turbo-speed\/","og_site_name":"StavebninyNikol","article_publisher":"https:\/\/www.facebook.com\/profile.php?id=100057375402895&mibextid=wwXIfr&rdid=6fQOqALSBiK69Ovq&share_url=httpswww.facebook.comshare1AicpAHGFPmibextidwwXIfr","og_image":[{"width":600,"height":600,"url":"https:\/\/stavebninynikol.cz\/wp-content\/uploads\/2025\/09\/Rychleschnouci-PU-lepidlo-Turbo-Speed-debbex-by-den-braven-web-2025.webp","type":"image\/webp"}],"twitter_card":"summary_large_image","schema":{"@context":"https:\/\/schema.org","@graph":[{"@type":"WebPage","@id":"https:\/\/stavebninynikol.cz\/index.php\/product\/rychleschnouci-pu-lepidlo-turbo-speed\/","url":"https:\/\/stavebninynikol.cz\/index.php\/product\/rychleschnouci-pu-lepidlo-turbo-speed\/","name":"Rychleschnouc\u00ed PU lepidlo Turbo Speed - StavebninyNikol","isPartOf":{"@id":"https:\/\/stavebninynikol.cz\/#website"},"primaryImageOfPage":{"@id":"https:\/\/stavebninynikol.cz\/index.php\/product\/rychleschnouci-pu-lepidlo-turbo-speed\/#primaryimage"},"image":{"@id":"https:\/\/stavebninynikol.cz\/index.php\/product\/rychleschnouci-pu-lepidlo-turbo-speed\/#primaryimage"},"thumbnailUrl":"https:\/\/stavebninynikol.cz\/wp-content\/uploads\/2025\/09\/Rychleschnouci-PU-lepidlo-Turbo-Speed-debbex-by-den-braven-web-2025.webp","datePublished":"2025-09-04T14:28:20+00:00","description":"Rychleschnouc\u00ed PU lepidlo Turbo Speed StavebninyNikol","breadcrumb":{"@id":"https:\/\/stavebninynikol.cz\/index.php\/product\/rychleschnouci-pu-lepidlo-turbo-speed\/#breadcrumb"},"inLanguage":"cs","potentialAction":[{"@type":"ReadAction","target":["https:\/\/stavebninynikol.cz\/index.php\/product\/rychleschnouci-pu-lepidlo-turbo-speed\/"]}]},{"@type":"ImageObject","inLanguage":"cs","@id":"https:\/\/stavebninynikol.cz\/index.php\/product\/rychleschnouci-pu-lepidlo-turbo-speed\/#primaryimage","url":"https:\/\/stavebninynikol.cz\/wp-content\/uploads\/2025\/09\/Rychleschnouci-PU-lepidlo-Turbo-Speed-debbex-by-den-braven-web-2025.webp","contentUrl":"https:\/\/stavebninynikol.cz\/wp-content\/uploads\/2025\/09\/Rychleschnouci-PU-lepidlo-Turbo-Speed-debbex-by-den-braven-web-2025.webp","width":600,"height":600},{"@type":"BreadcrumbList","@id":"https:\/\/stavebninynikol.cz\/index.php\/product\/rychleschnouci-pu-lepidlo-turbo-speed\/#breadcrumb","itemListElement":[{"@type":"ListItem","position":1,"name":"Dom\u016f","item":"https:\/\/stavebninynikol.cz\/"},{"@type":"ListItem","position":2,"name":"Take Your Adventure To The Next Level","item":"https:\/\/stavebninynikol.cz\/index.php\/shop\/"},{"@type":"ListItem","position":3,"name":"Rychleschnouc\u00ed PU lepidlo Turbo Speed"}]},{"@type":"WebSite","@id":"https:\/\/stavebninynikol.cz\/#website","url":"https:\/\/stavebninynikol.cz\/","name":"StavebninyNikol","description":"stavebniny nikol","publisher":{"@id":"https:\/\/stavebninynikol.cz\/#organization"},"potentialAction":[{"@type":"SearchAction","target":{"@type":"EntryPoint","urlTemplate":"https:\/\/stavebninynikol.cz\/?s={search_term_string}"},"query-input":{"@type":"PropertyValueSpecification","valueRequired":true,"valueName":"search_term_string"}}],"inLanguage":"cs"},{"@type":"Organization","@id":"https:\/\/stavebninynikol.cz\/#organization","name":"StavebninyNikol","url":"https:\/\/stavebninynikol.cz\/","logo":{"@type":"ImageObject","inLanguage":"cs","@id":"https:\/\/stavebninynikol.cz\/#\/schema\/logo\/image\/","url":"https:\/\/stavebninynikol.cz\/wp-content\/uploads\/2025\/07\/NIKOL_logo.eps-1-e1757927564347.webp","contentUrl":"https:\/\/stavebninynikol.cz\/wp-content\/uploads\/2025\/07\/NIKOL_logo.eps-1-e1757927564347.webp","width":512,"height":132,"caption":"StavebninyNikol"},"image":{"@id":"https:\/\/stavebninynikol.cz\/#\/schema\/logo\/image\/"},"sameAs":["https:\/\/www.facebook.com\/profile.php?id=100057375402895&mibextid=wwXIfr&rdid=6fQOqALSBiK69Ovq&share_url=httpswww.facebook.comshare1AicpAHGFPmibextidwwXIfr"]}]}},"_links":{"self":[{"href":"https:\/\/stavebninynikol.cz\/index.php\/wp-json\/wp\/v2\/product\/2550","targetHints":{"allow":["GET"]}}],"collection":[{"href":"https:\/\/stavebninynikol.cz\/index.php\/wp-json\/wp\/v2\/product"}],"about":[{"href":"https:\/\/stavebninynikol.cz\/index.php\/wp-json\/wp\/v2\/types\/product"}],"replies":[{"embeddable":true,"href":"https:\/\/stavebninynikol.cz\/index.php\/wp-json\/wp\/v2\/comments?post=2550"}],"wp:featuredmedia":[{"embeddable":true,"href":"https:\/\/stavebninynikol.cz\/index.php\/wp-json\/wp\/v2\/media\/2551"}],"wp:attachment":[{"href":"https:\/\/stavebninynikol.cz\/index.php\/wp-json\/wp\/v2\/media?parent=2550"}],"wp:term":[{"taxonomy":"product_brand","embeddable":true,"href":"https:\/\/stavebninynikol.cz\/index.php\/wp-json\/wp\/v2\/product_brand?post=2550"},{"taxonomy":"product_cat","embeddable":true,"href":"https:\/\/stavebninynikol.cz\/index.php\/wp-json\/wp\/v2\/product_cat?post=2550"},{"taxonomy":"product_tag","embeddable":true,"href":"https:\/\/stavebninynikol.cz\/index.php\/wp-json\/wp\/v2\/product_tag?post=2550"}],"curies":[{"name":"wp","href":"https:\/\/api.w.org\/{rel}","templated":true}]}}