{"id":2565,"date":"2025-09-05T06:18:52","date_gmt":"2025-09-05T06:18:52","guid":{"rendered":"https:\/\/stavebninynikol.cz\/?post_type=product&#038;p=2565"},"modified":"2025-09-05T06:18:52","modified_gmt":"2025-09-05T06:18:52","slug":"lepici-pistolova-pena-44u","status":"publish","type":"product","link":"https:\/\/stavebninynikol.cz\/index.php\/product\/lepici-pistolova-pena-44u\/","title":{"rendered":"Lep\u00edc\u00ed pistolov\u00e1 p\u011bna 44u"},"content":{"rendered":"","protected":false},"excerpt":{"rendered":"<p>Lep\u00edc\u00ed p\u011bna je polyuretanov\u00e9 lepidlo ur\u010den\u00e9 na efektivn\u00ed lepen\u00ed a mont\u00e1\u017e izola\u010dn\u00edch syst\u00e9m\u016f. Pou\u017e\u00edv\u00e1 se p\u0159i izolaci panelov\u00fdch dom\u016f, rodinn\u00fdch dom\u016f, montovan\u00fdch staveb atd. Je v\u00fdborn\u00e9 p\u0159i tvorb\u011b obvodov\u00e9ho pl\u00e1\u0161t\u011b tzv. sendvi\u010d\u016f u d\u0159evostaveb (d\u0159evo-PUR-EPS) i p\u0159i vypl\u0148ov\u00e1n\u00ed sp\u00e1r mezi tepeln\u011b izola\u010dn\u00edmi deskami z materi\u00e1l\u016f EPS, XPS a z miner\u00e1ln\u00edch vl\u00e1ken a p\u0159i lepen\u00ed soklov\u00e9ho EPS-P nebo XPS a v\u0161ude tam, kde je kladen po\u017eadavek na dobrou p\u0159ilnavost ke v\u0161em b\u011b\u017en\u011b pou\u017e\u00edvan\u00fdm stavebn\u00edm materi\u00e1l\u016fm (cihla, beton, d\u0159evo, s\u00e1drokarton, bitumenov\u00e9 a asfaltov\u00e9 p\u00e1sy s posypem) s ohledem na mimo\u0159\u00e1dn\u011b kr\u00e1tkou dobu tuhnut\u00ed. D\u00edky jednoduch\u00e9 a rychl\u00e9 p\u0159eprav\u011b, p\u0159\u00edprav\u011b i aplikaci je lepidlo ur\u010deno jak pro profesion\u00e1ln\u00ed, tak i hobby pou\u017eit\u00ed p\u0159i stavb\u00e1ch i rekonstrukc\u00edch.<\/p>\n<p><strong>Vydatnost: 4 &#8211; 8 m<sup>2<\/sup><\/strong><\/p>\n","protected":false},"featured_media":2566,"comment_status":"open","ping_status":"closed","template":"","meta":[],"product_brand":[],"product_cat":[225,224],"product_tag":[],"class_list":{"0":"post-2565","1":"product","2":"type-product","3":"status-publish","4":"has-post-thumbnail","6":"product_cat-montazni-peny-stavebni-chemie","7":"product_cat-stavebni-chemie","9":"first","10":"instock","11":"shipping-taxable","12":"product-type-simple"},"yoast_head":"<!-- This site is optimized with the Yoast SEO plugin v26.9 - https:\/\/yoast.com\/product\/yoast-seo-wordpress\/ -->\n<title>Lep\u00edc\u00ed pistolov\u00e1 p\u011bna 44u - StavebninyNikol<\/title>\n<meta name=\"description\" content=\"Lep\u00edc\u00ed pistolov\u00e1 p\u011bna 44u StavebninyNikol\" \/>\n<meta name=\"robots\" content=\"index, follow, max-snippet:-1, max-image-preview:large, max-video-preview:-1\" \/>\n<link rel=\"canonical\" href=\"https:\/\/stavebninynikol.cz\/index.php\/product\/lepici-pistolova-pena-44u\/\" \/>\n<meta property=\"og:locale\" content=\"cs_CZ\" \/>\n<meta property=\"og:type\" content=\"article\" \/>\n<meta property=\"og:title\" content=\"Lep\u00edc\u00ed pistolov\u00e1 p\u011bna 44u - StavebninyNikol\" \/>\n<meta property=\"og:description\" content=\"Lep\u00edc\u00ed pistolov\u00e1 p\u011bna 44u StavebninyNikol\" \/>\n<meta property=\"og:url\" content=\"https:\/\/stavebninynikol.cz\/index.php\/product\/lepici-pistolova-pena-44u\/\" \/>\n<meta property=\"og:site_name\" content=\"StavebninyNikol\" \/>\n<meta property=\"article:publisher\" content=\"https:\/\/www.facebook.com\/profile.php?id=100057375402895&amp;mibextid=wwXIfr&amp;rdid=6fQOqALSBiK69Ovq&amp;share_url=httpswww.facebook.comshare1AicpAHGFPmibextidwwXIfr\" \/>\n<meta property=\"og:image\" content=\"https:\/\/stavebninynikol.cz\/wp-content\/uploads\/2025\/09\/obrazek-2024-12-18-092757767.png\" \/>\n\t<meta property=\"og:image:width\" content=\"800\" \/>\n\t<meta property=\"og:image:height\" content=\"800\" \/>\n\t<meta property=\"og:image:type\" content=\"image\/png\" \/>\n<meta name=\"twitter:card\" content=\"summary_large_image\" \/>\n<script type=\"application\/ld+json\" class=\"yoast-schema-graph\">{\"@context\":\"https:\/\/schema.org\",\"@graph\":[{\"@type\":\"WebPage\",\"@id\":\"https:\/\/stavebninynikol.cz\/index.php\/product\/lepici-pistolova-pena-44u\/\",\"url\":\"https:\/\/stavebninynikol.cz\/index.php\/product\/lepici-pistolova-pena-44u\/\",\"name\":\"Lep\u00edc\u00ed pistolov\u00e1 p\u011bna 44u - StavebninyNikol\",\"isPartOf\":{\"@id\":\"https:\/\/stavebninynikol.cz\/#website\"},\"primaryImageOfPage\":{\"@id\":\"https:\/\/stavebninynikol.cz\/index.php\/product\/lepici-pistolova-pena-44u\/#primaryimage\"},\"image\":{\"@id\":\"https:\/\/stavebninynikol.cz\/index.php\/product\/lepici-pistolova-pena-44u\/#primaryimage\"},\"thumbnailUrl\":\"https:\/\/stavebninynikol.cz\/wp-content\/uploads\/2025\/09\/obrazek-2024-12-18-092757767.png\",\"datePublished\":\"2025-09-05T06:18:52+00:00\",\"description\":\"Lep\u00edc\u00ed pistolov\u00e1 p\u011bna 44u StavebninyNikol\",\"breadcrumb\":{\"@id\":\"https:\/\/stavebninynikol.cz\/index.php\/product\/lepici-pistolova-pena-44u\/#breadcrumb\"},\"inLanguage\":\"cs\",\"potentialAction\":[{\"@type\":\"ReadAction\",\"target\":[\"https:\/\/stavebninynikol.cz\/index.php\/product\/lepici-pistolova-pena-44u\/\"]}]},{\"@type\":\"ImageObject\",\"inLanguage\":\"cs\",\"@id\":\"https:\/\/stavebninynikol.cz\/index.php\/product\/lepici-pistolova-pena-44u\/#primaryimage\",\"url\":\"https:\/\/stavebninynikol.cz\/wp-content\/uploads\/2025\/09\/obrazek-2024-12-18-092757767.png\",\"contentUrl\":\"https:\/\/stavebninynikol.cz\/wp-content\/uploads\/2025\/09\/obrazek-2024-12-18-092757767.png\",\"width\":800,\"height\":800},{\"@type\":\"BreadcrumbList\",\"@id\":\"https:\/\/stavebninynikol.cz\/index.php\/product\/lepici-pistolova-pena-44u\/#breadcrumb\",\"itemListElement\":[{\"@type\":\"ListItem\",\"position\":1,\"name\":\"Dom\u016f\",\"item\":\"https:\/\/stavebninynikol.cz\/\"},{\"@type\":\"ListItem\",\"position\":2,\"name\":\"Take Your Adventure To The Next Level\",\"item\":\"https:\/\/stavebninynikol.cz\/index.php\/shop\/\"},{\"@type\":\"ListItem\",\"position\":3,\"name\":\"Lep\u00edc\u00ed pistolov\u00e1 p\u011bna 44u\"}]},{\"@type\":\"WebSite\",\"@id\":\"https:\/\/stavebninynikol.cz\/#website\",\"url\":\"https:\/\/stavebninynikol.cz\/\",\"name\":\"StavebninyNikol\",\"description\":\"stavebniny nikol\",\"publisher\":{\"@id\":\"https:\/\/stavebninynikol.cz\/#organization\"},\"potentialAction\":[{\"@type\":\"SearchAction\",\"target\":{\"@type\":\"EntryPoint\",\"urlTemplate\":\"https:\/\/stavebninynikol.cz\/?s={search_term_string}\"},\"query-input\":{\"@type\":\"PropertyValueSpecification\",\"valueRequired\":true,\"valueName\":\"search_term_string\"}}],\"inLanguage\":\"cs\"},{\"@type\":\"Organization\",\"@id\":\"https:\/\/stavebninynikol.cz\/#organization\",\"name\":\"StavebninyNikol\",\"url\":\"https:\/\/stavebninynikol.cz\/\",\"logo\":{\"@type\":\"ImageObject\",\"inLanguage\":\"cs\",\"@id\":\"https:\/\/stavebninynikol.cz\/#\/schema\/logo\/image\/\",\"url\":\"https:\/\/stavebninynikol.cz\/wp-content\/uploads\/2025\/07\/NIKOL_logo.eps-1-e1757927564347.webp\",\"contentUrl\":\"https:\/\/stavebninynikol.cz\/wp-content\/uploads\/2025\/07\/NIKOL_logo.eps-1-e1757927564347.webp\",\"width\":512,\"height\":132,\"caption\":\"StavebninyNikol\"},\"image\":{\"@id\":\"https:\/\/stavebninynikol.cz\/#\/schema\/logo\/image\/\"},\"sameAs\":[\"https:\/\/www.facebook.com\/profile.php?id=100057375402895&mibextid=wwXIfr&rdid=6fQOqALSBiK69Ovq&share_url=httpswww.facebook.comshare1AicpAHGFPmibextidwwXIfr\"]}]}<\/script>\n<!-- \/ Yoast SEO plugin. -->","yoast_head_json":{"title":"Lep\u00edc\u00ed pistolov\u00e1 p\u011bna 44u - StavebninyNikol","description":"Lep\u00edc\u00ed pistolov\u00e1 p\u011bna 44u StavebninyNikol","robots":{"index":"index","follow":"follow","max-snippet":"max-snippet:-1","max-image-preview":"max-image-preview:large","max-video-preview":"max-video-preview:-1"},"canonical":"https:\/\/stavebninynikol.cz\/index.php\/product\/lepici-pistolova-pena-44u\/","og_locale":"cs_CZ","og_type":"article","og_title":"Lep\u00edc\u00ed pistolov\u00e1 p\u011bna 44u - StavebninyNikol","og_description":"Lep\u00edc\u00ed pistolov\u00e1 p\u011bna 44u StavebninyNikol","og_url":"https:\/\/stavebninynikol.cz\/index.php\/product\/lepici-pistolova-pena-44u\/","og_site_name":"StavebninyNikol","article_publisher":"https:\/\/www.facebook.com\/profile.php?id=100057375402895&mibextid=wwXIfr&rdid=6fQOqALSBiK69Ovq&share_url=httpswww.facebook.comshare1AicpAHGFPmibextidwwXIfr","og_image":[{"width":800,"height":800,"url":"https:\/\/stavebninynikol.cz\/wp-content\/uploads\/2025\/09\/obrazek-2024-12-18-092757767.png","type":"image\/png"}],"twitter_card":"summary_large_image","schema":{"@context":"https:\/\/schema.org","@graph":[{"@type":"WebPage","@id":"https:\/\/stavebninynikol.cz\/index.php\/product\/lepici-pistolova-pena-44u\/","url":"https:\/\/stavebninynikol.cz\/index.php\/product\/lepici-pistolova-pena-44u\/","name":"Lep\u00edc\u00ed pistolov\u00e1 p\u011bna 44u - StavebninyNikol","isPartOf":{"@id":"https:\/\/stavebninynikol.cz\/#website"},"primaryImageOfPage":{"@id":"https:\/\/stavebninynikol.cz\/index.php\/product\/lepici-pistolova-pena-44u\/#primaryimage"},"image":{"@id":"https:\/\/stavebninynikol.cz\/index.php\/product\/lepici-pistolova-pena-44u\/#primaryimage"},"thumbnailUrl":"https:\/\/stavebninynikol.cz\/wp-content\/uploads\/2025\/09\/obrazek-2024-12-18-092757767.png","datePublished":"2025-09-05T06:18:52+00:00","description":"Lep\u00edc\u00ed pistolov\u00e1 p\u011bna 44u StavebninyNikol","breadcrumb":{"@id":"https:\/\/stavebninynikol.cz\/index.php\/product\/lepici-pistolova-pena-44u\/#breadcrumb"},"inLanguage":"cs","potentialAction":[{"@type":"ReadAction","target":["https:\/\/stavebninynikol.cz\/index.php\/product\/lepici-pistolova-pena-44u\/"]}]},{"@type":"ImageObject","inLanguage":"cs","@id":"https:\/\/stavebninynikol.cz\/index.php\/product\/lepici-pistolova-pena-44u\/#primaryimage","url":"https:\/\/stavebninynikol.cz\/wp-content\/uploads\/2025\/09\/obrazek-2024-12-18-092757767.png","contentUrl":"https:\/\/stavebninynikol.cz\/wp-content\/uploads\/2025\/09\/obrazek-2024-12-18-092757767.png","width":800,"height":800},{"@type":"BreadcrumbList","@id":"https:\/\/stavebninynikol.cz\/index.php\/product\/lepici-pistolova-pena-44u\/#breadcrumb","itemListElement":[{"@type":"ListItem","position":1,"name":"Dom\u016f","item":"https:\/\/stavebninynikol.cz\/"},{"@type":"ListItem","position":2,"name":"Take Your Adventure To The Next Level","item":"https:\/\/stavebninynikol.cz\/index.php\/shop\/"},{"@type":"ListItem","position":3,"name":"Lep\u00edc\u00ed pistolov\u00e1 p\u011bna 44u"}]},{"@type":"WebSite","@id":"https:\/\/stavebninynikol.cz\/#website","url":"https:\/\/stavebninynikol.cz\/","name":"StavebninyNikol","description":"stavebniny nikol","publisher":{"@id":"https:\/\/stavebninynikol.cz\/#organization"},"potentialAction":[{"@type":"SearchAction","target":{"@type":"EntryPoint","urlTemplate":"https:\/\/stavebninynikol.cz\/?s={search_term_string}"},"query-input":{"@type":"PropertyValueSpecification","valueRequired":true,"valueName":"search_term_string"}}],"inLanguage":"cs"},{"@type":"Organization","@id":"https:\/\/stavebninynikol.cz\/#organization","name":"StavebninyNikol","url":"https:\/\/stavebninynikol.cz\/","logo":{"@type":"ImageObject","inLanguage":"cs","@id":"https:\/\/stavebninynikol.cz\/#\/schema\/logo\/image\/","url":"https:\/\/stavebninynikol.cz\/wp-content\/uploads\/2025\/07\/NIKOL_logo.eps-1-e1757927564347.webp","contentUrl":"https:\/\/stavebninynikol.cz\/wp-content\/uploads\/2025\/07\/NIKOL_logo.eps-1-e1757927564347.webp","width":512,"height":132,"caption":"StavebninyNikol"},"image":{"@id":"https:\/\/stavebninynikol.cz\/#\/schema\/logo\/image\/"},"sameAs":["https:\/\/www.facebook.com\/profile.php?id=100057375402895&mibextid=wwXIfr&rdid=6fQOqALSBiK69Ovq&share_url=httpswww.facebook.comshare1AicpAHGFPmibextidwwXIfr"]}]}},"_links":{"self":[{"href":"https:\/\/stavebninynikol.cz\/index.php\/wp-json\/wp\/v2\/product\/2565","targetHints":{"allow":["GET"]}}],"collection":[{"href":"https:\/\/stavebninynikol.cz\/index.php\/wp-json\/wp\/v2\/product"}],"about":[{"href":"https:\/\/stavebninynikol.cz\/index.php\/wp-json\/wp\/v2\/types\/product"}],"replies":[{"embeddable":true,"href":"https:\/\/stavebninynikol.cz\/index.php\/wp-json\/wp\/v2\/comments?post=2565"}],"wp:featuredmedia":[{"embeddable":true,"href":"https:\/\/stavebninynikol.cz\/index.php\/wp-json\/wp\/v2\/media\/2566"}],"wp:attachment":[{"href":"https:\/\/stavebninynikol.cz\/index.php\/wp-json\/wp\/v2\/media?parent=2565"}],"wp:term":[{"taxonomy":"product_brand","embeddable":true,"href":"https:\/\/stavebninynikol.cz\/index.php\/wp-json\/wp\/v2\/product_brand?post=2565"},{"taxonomy":"product_cat","embeddable":true,"href":"https:\/\/stavebninynikol.cz\/index.php\/wp-json\/wp\/v2\/product_cat?post=2565"},{"taxonomy":"product_tag","embeddable":true,"href":"https:\/\/stavebninynikol.cz\/index.php\/wp-json\/wp\/v2\/product_tag?post=2565"}],"curies":[{"name":"wp","href":"https:\/\/api.w.org\/{rel}","templated":true}]}}