{"id":2569,"date":"2025-09-05T06:25:00","date_gmt":"2025-09-05T06:25:00","guid":{"rendered":"https:\/\/stavebninynikol.cz\/?post_type=product&#038;p=2569"},"modified":"2025-09-05T06:25:00","modified_gmt":"2025-09-05T06:25:00","slug":"flexibilni-pistolova-pena-44u","status":"publish","type":"product","link":"https:\/\/stavebninynikol.cz\/index.php\/product\/flexibilni-pistolova-pena-44u\/","title":{"rendered":"Flexibiln\u00ed pistolov\u00e1 p\u011bna 44U"},"content":{"rendered":"","protected":false},"excerpt":{"rendered":"<p>Celoro\u010dn\u00ed flexibiln\u00ed polyuretanov\u00e1 p\u011bna (-10\u00b0C a\u017e\u00a0+30\u00b0C) je vysoce st\u00e1le elastick\u00e1 mont\u00e1\u017en\u00ed polyuretanov\u00e1\u00a0hmota\u00a0 umo\u017e\u0148uj\u00edc\u00ed absorbovat\u00a0pohyb stavebn\u00edch prvk\u016f zp\u016fsoben\u00fd zm\u011bnami\u00a0teplot, vlhkost\u00ed apod.<\/p>\n<p>D\u00edky sv\u00e9 zv\u00fd\u0161en\u00e9 elasticit\u011b a vynikaj\u00edc\u00ed schopnosti zp\u011btn\u00e9 pru\u017enosti a tvarov\u00e9 pam\u011bti, paropropustnosti, t\u011bsnosti proti vod\u011b a vzduchu a velmi n\u00edzk\u00e9 nas\u00e1kavosti je vhodn\u00e1 pro vypl\u0148ov\u00e1n\u00ed stavebn\u00edch sp\u00e1r p\u0159i mont\u00e1\u017ei oken a dve\u0159\u00ed (m\u016f\u017ee nahradit i3, 3D a podobn\u00e9 syst\u00e9my mont\u00e1\u017ee v\u00fdpln\u00ed obvodov\u00fdch pl\u00e1\u0161\u0165\u016f budov), t\u011bsn\u011bn\u00ed a vypl\u0148ov\u00e1n\u00ed sp\u00e1r d\u0159evostaveb, n\u00edzkoenergetick\u00fdch staveb, pasivn\u00edch staveb, k izolaci st\u0159ech a k vyp\u011b\u0148ov\u00e1n\u00ed dutin.<\/p>\n","protected":false},"featured_media":2570,"comment_status":"open","ping_status":"closed","template":"","meta":[],"product_brand":[],"product_cat":[225,224],"product_tag":[],"class_list":{"0":"post-2569","1":"product","2":"type-product","3":"status-publish","4":"has-post-thumbnail","6":"product_cat-montazni-peny-stavebni-chemie","7":"product_cat-stavebni-chemie","9":"first","10":"instock","11":"shipping-taxable","12":"product-type-simple"},"yoast_head":"<!-- This site is optimized with the Yoast SEO plugin v26.9 - https:\/\/yoast.com\/product\/yoast-seo-wordpress\/ -->\n<title>Flexibiln\u00ed pistolov\u00e1 p\u011bna 44U - StavebninyNikol<\/title>\n<meta name=\"description\" content=\"Flexibiln\u00ed pistolov\u00e1 p\u011bna 44U StavebninyNikol\" \/>\n<meta name=\"robots\" content=\"index, follow, max-snippet:-1, max-image-preview:large, max-video-preview:-1\" \/>\n<link rel=\"canonical\" href=\"https:\/\/stavebninynikol.cz\/index.php\/product\/flexibilni-pistolova-pena-44u\/\" \/>\n<meta property=\"og:locale\" content=\"cs_CZ\" \/>\n<meta property=\"og:type\" content=\"article\" \/>\n<meta property=\"og:title\" content=\"Flexibiln\u00ed pistolov\u00e1 p\u011bna 44U - StavebninyNikol\" \/>\n<meta property=\"og:description\" content=\"Flexibiln\u00ed pistolov\u00e1 p\u011bna 44U StavebninyNikol\" \/>\n<meta property=\"og:url\" content=\"https:\/\/stavebninynikol.cz\/index.php\/product\/flexibilni-pistolova-pena-44u\/\" \/>\n<meta property=\"og:site_name\" content=\"StavebninyNikol\" \/>\n<meta property=\"article:publisher\" content=\"https:\/\/www.facebook.com\/profile.php?id=100057375402895&amp;mibextid=wwXIfr&amp;rdid=6fQOqALSBiK69Ovq&amp;share_url=httpswww.facebook.comshare1AicpAHGFPmibextidwwXIfr\" \/>\n<meta property=\"og:image\" content=\"https:\/\/stavebninynikol.cz\/wp-content\/uploads\/2025\/09\/44u-flexibilni-pena-750-ml-pistolova.jpg\" \/>\n\t<meta property=\"og:image:width\" content=\"800\" \/>\n\t<meta property=\"og:image:height\" content=\"800\" \/>\n\t<meta property=\"og:image:type\" content=\"image\/jpeg\" \/>\n<meta name=\"twitter:card\" content=\"summary_large_image\" \/>\n<script type=\"application\/ld+json\" class=\"yoast-schema-graph\">{\"@context\":\"https:\/\/schema.org\",\"@graph\":[{\"@type\":\"WebPage\",\"@id\":\"https:\/\/stavebninynikol.cz\/index.php\/product\/flexibilni-pistolova-pena-44u\/\",\"url\":\"https:\/\/stavebninynikol.cz\/index.php\/product\/flexibilni-pistolova-pena-44u\/\",\"name\":\"Flexibiln\u00ed pistolov\u00e1 p\u011bna 44U - StavebninyNikol\",\"isPartOf\":{\"@id\":\"https:\/\/stavebninynikol.cz\/#website\"},\"primaryImageOfPage\":{\"@id\":\"https:\/\/stavebninynikol.cz\/index.php\/product\/flexibilni-pistolova-pena-44u\/#primaryimage\"},\"image\":{\"@id\":\"https:\/\/stavebninynikol.cz\/index.php\/product\/flexibilni-pistolova-pena-44u\/#primaryimage\"},\"thumbnailUrl\":\"https:\/\/stavebninynikol.cz\/wp-content\/uploads\/2025\/09\/44u-flexibilni-pena-750-ml-pistolova.jpg\",\"datePublished\":\"2025-09-05T06:25:00+00:00\",\"description\":\"Flexibiln\u00ed pistolov\u00e1 p\u011bna 44U StavebninyNikol\",\"breadcrumb\":{\"@id\":\"https:\/\/stavebninynikol.cz\/index.php\/product\/flexibilni-pistolova-pena-44u\/#breadcrumb\"},\"inLanguage\":\"cs\",\"potentialAction\":[{\"@type\":\"ReadAction\",\"target\":[\"https:\/\/stavebninynikol.cz\/index.php\/product\/flexibilni-pistolova-pena-44u\/\"]}]},{\"@type\":\"ImageObject\",\"inLanguage\":\"cs\",\"@id\":\"https:\/\/stavebninynikol.cz\/index.php\/product\/flexibilni-pistolova-pena-44u\/#primaryimage\",\"url\":\"https:\/\/stavebninynikol.cz\/wp-content\/uploads\/2025\/09\/44u-flexibilni-pena-750-ml-pistolova.jpg\",\"contentUrl\":\"https:\/\/stavebninynikol.cz\/wp-content\/uploads\/2025\/09\/44u-flexibilni-pena-750-ml-pistolova.jpg\",\"width\":800,\"height\":800},{\"@type\":\"BreadcrumbList\",\"@id\":\"https:\/\/stavebninynikol.cz\/index.php\/product\/flexibilni-pistolova-pena-44u\/#breadcrumb\",\"itemListElement\":[{\"@type\":\"ListItem\",\"position\":1,\"name\":\"Dom\u016f\",\"item\":\"https:\/\/stavebninynikol.cz\/\"},{\"@type\":\"ListItem\",\"position\":2,\"name\":\"Take Your Adventure To The Next Level\",\"item\":\"https:\/\/stavebninynikol.cz\/index.php\/shop\/\"},{\"@type\":\"ListItem\",\"position\":3,\"name\":\"Flexibiln\u00ed pistolov\u00e1 p\u011bna 44U\"}]},{\"@type\":\"WebSite\",\"@id\":\"https:\/\/stavebninynikol.cz\/#website\",\"url\":\"https:\/\/stavebninynikol.cz\/\",\"name\":\"StavebninyNikol\",\"description\":\"stavebniny nikol\",\"publisher\":{\"@id\":\"https:\/\/stavebninynikol.cz\/#organization\"},\"potentialAction\":[{\"@type\":\"SearchAction\",\"target\":{\"@type\":\"EntryPoint\",\"urlTemplate\":\"https:\/\/stavebninynikol.cz\/?s={search_term_string}\"},\"query-input\":{\"@type\":\"PropertyValueSpecification\",\"valueRequired\":true,\"valueName\":\"search_term_string\"}}],\"inLanguage\":\"cs\"},{\"@type\":\"Organization\",\"@id\":\"https:\/\/stavebninynikol.cz\/#organization\",\"name\":\"StavebninyNikol\",\"url\":\"https:\/\/stavebninynikol.cz\/\",\"logo\":{\"@type\":\"ImageObject\",\"inLanguage\":\"cs\",\"@id\":\"https:\/\/stavebninynikol.cz\/#\/schema\/logo\/image\/\",\"url\":\"https:\/\/stavebninynikol.cz\/wp-content\/uploads\/2025\/07\/NIKOL_logo.eps-1-e1757927564347.webp\",\"contentUrl\":\"https:\/\/stavebninynikol.cz\/wp-content\/uploads\/2025\/07\/NIKOL_logo.eps-1-e1757927564347.webp\",\"width\":512,\"height\":132,\"caption\":\"StavebninyNikol\"},\"image\":{\"@id\":\"https:\/\/stavebninynikol.cz\/#\/schema\/logo\/image\/\"},\"sameAs\":[\"https:\/\/www.facebook.com\/profile.php?id=100057375402895&mibextid=wwXIfr&rdid=6fQOqALSBiK69Ovq&share_url=httpswww.facebook.comshare1AicpAHGFPmibextidwwXIfr\"]}]}<\/script>\n<!-- \/ Yoast SEO plugin. -->","yoast_head_json":{"title":"Flexibiln\u00ed pistolov\u00e1 p\u011bna 44U - StavebninyNikol","description":"Flexibiln\u00ed pistolov\u00e1 p\u011bna 44U StavebninyNikol","robots":{"index":"index","follow":"follow","max-snippet":"max-snippet:-1","max-image-preview":"max-image-preview:large","max-video-preview":"max-video-preview:-1"},"canonical":"https:\/\/stavebninynikol.cz\/index.php\/product\/flexibilni-pistolova-pena-44u\/","og_locale":"cs_CZ","og_type":"article","og_title":"Flexibiln\u00ed pistolov\u00e1 p\u011bna 44U - StavebninyNikol","og_description":"Flexibiln\u00ed pistolov\u00e1 p\u011bna 44U StavebninyNikol","og_url":"https:\/\/stavebninynikol.cz\/index.php\/product\/flexibilni-pistolova-pena-44u\/","og_site_name":"StavebninyNikol","article_publisher":"https:\/\/www.facebook.com\/profile.php?id=100057375402895&mibextid=wwXIfr&rdid=6fQOqALSBiK69Ovq&share_url=httpswww.facebook.comshare1AicpAHGFPmibextidwwXIfr","og_image":[{"width":800,"height":800,"url":"https:\/\/stavebninynikol.cz\/wp-content\/uploads\/2025\/09\/44u-flexibilni-pena-750-ml-pistolova.jpg","type":"image\/jpeg"}],"twitter_card":"summary_large_image","schema":{"@context":"https:\/\/schema.org","@graph":[{"@type":"WebPage","@id":"https:\/\/stavebninynikol.cz\/index.php\/product\/flexibilni-pistolova-pena-44u\/","url":"https:\/\/stavebninynikol.cz\/index.php\/product\/flexibilni-pistolova-pena-44u\/","name":"Flexibiln\u00ed pistolov\u00e1 p\u011bna 44U - StavebninyNikol","isPartOf":{"@id":"https:\/\/stavebninynikol.cz\/#website"},"primaryImageOfPage":{"@id":"https:\/\/stavebninynikol.cz\/index.php\/product\/flexibilni-pistolova-pena-44u\/#primaryimage"},"image":{"@id":"https:\/\/stavebninynikol.cz\/index.php\/product\/flexibilni-pistolova-pena-44u\/#primaryimage"},"thumbnailUrl":"https:\/\/stavebninynikol.cz\/wp-content\/uploads\/2025\/09\/44u-flexibilni-pena-750-ml-pistolova.jpg","datePublished":"2025-09-05T06:25:00+00:00","description":"Flexibiln\u00ed pistolov\u00e1 p\u011bna 44U StavebninyNikol","breadcrumb":{"@id":"https:\/\/stavebninynikol.cz\/index.php\/product\/flexibilni-pistolova-pena-44u\/#breadcrumb"},"inLanguage":"cs","potentialAction":[{"@type":"ReadAction","target":["https:\/\/stavebninynikol.cz\/index.php\/product\/flexibilni-pistolova-pena-44u\/"]}]},{"@type":"ImageObject","inLanguage":"cs","@id":"https:\/\/stavebninynikol.cz\/index.php\/product\/flexibilni-pistolova-pena-44u\/#primaryimage","url":"https:\/\/stavebninynikol.cz\/wp-content\/uploads\/2025\/09\/44u-flexibilni-pena-750-ml-pistolova.jpg","contentUrl":"https:\/\/stavebninynikol.cz\/wp-content\/uploads\/2025\/09\/44u-flexibilni-pena-750-ml-pistolova.jpg","width":800,"height":800},{"@type":"BreadcrumbList","@id":"https:\/\/stavebninynikol.cz\/index.php\/product\/flexibilni-pistolova-pena-44u\/#breadcrumb","itemListElement":[{"@type":"ListItem","position":1,"name":"Dom\u016f","item":"https:\/\/stavebninynikol.cz\/"},{"@type":"ListItem","position":2,"name":"Take Your Adventure To The Next Level","item":"https:\/\/stavebninynikol.cz\/index.php\/shop\/"},{"@type":"ListItem","position":3,"name":"Flexibiln\u00ed pistolov\u00e1 p\u011bna 44U"}]},{"@type":"WebSite","@id":"https:\/\/stavebninynikol.cz\/#website","url":"https:\/\/stavebninynikol.cz\/","name":"StavebninyNikol","description":"stavebniny nikol","publisher":{"@id":"https:\/\/stavebninynikol.cz\/#organization"},"potentialAction":[{"@type":"SearchAction","target":{"@type":"EntryPoint","urlTemplate":"https:\/\/stavebninynikol.cz\/?s={search_term_string}"},"query-input":{"@type":"PropertyValueSpecification","valueRequired":true,"valueName":"search_term_string"}}],"inLanguage":"cs"},{"@type":"Organization","@id":"https:\/\/stavebninynikol.cz\/#organization","name":"StavebninyNikol","url":"https:\/\/stavebninynikol.cz\/","logo":{"@type":"ImageObject","inLanguage":"cs","@id":"https:\/\/stavebninynikol.cz\/#\/schema\/logo\/image\/","url":"https:\/\/stavebninynikol.cz\/wp-content\/uploads\/2025\/07\/NIKOL_logo.eps-1-e1757927564347.webp","contentUrl":"https:\/\/stavebninynikol.cz\/wp-content\/uploads\/2025\/07\/NIKOL_logo.eps-1-e1757927564347.webp","width":512,"height":132,"caption":"StavebninyNikol"},"image":{"@id":"https:\/\/stavebninynikol.cz\/#\/schema\/logo\/image\/"},"sameAs":["https:\/\/www.facebook.com\/profile.php?id=100057375402895&mibextid=wwXIfr&rdid=6fQOqALSBiK69Ovq&share_url=httpswww.facebook.comshare1AicpAHGFPmibextidwwXIfr"]}]}},"_links":{"self":[{"href":"https:\/\/stavebninynikol.cz\/index.php\/wp-json\/wp\/v2\/product\/2569","targetHints":{"allow":["GET"]}}],"collection":[{"href":"https:\/\/stavebninynikol.cz\/index.php\/wp-json\/wp\/v2\/product"}],"about":[{"href":"https:\/\/stavebninynikol.cz\/index.php\/wp-json\/wp\/v2\/types\/product"}],"replies":[{"embeddable":true,"href":"https:\/\/stavebninynikol.cz\/index.php\/wp-json\/wp\/v2\/comments?post=2569"}],"wp:featuredmedia":[{"embeddable":true,"href":"https:\/\/stavebninynikol.cz\/index.php\/wp-json\/wp\/v2\/media\/2570"}],"wp:attachment":[{"href":"https:\/\/stavebninynikol.cz\/index.php\/wp-json\/wp\/v2\/media?parent=2569"}],"wp:term":[{"taxonomy":"product_brand","embeddable":true,"href":"https:\/\/stavebninynikol.cz\/index.php\/wp-json\/wp\/v2\/product_brand?post=2569"},{"taxonomy":"product_cat","embeddable":true,"href":"https:\/\/stavebninynikol.cz\/index.php\/wp-json\/wp\/v2\/product_cat?post=2569"},{"taxonomy":"product_tag","embeddable":true,"href":"https:\/\/stavebninynikol.cz\/index.php\/wp-json\/wp\/v2\/product_tag?post=2569"}],"curies":[{"name":"wp","href":"https:\/\/api.w.org\/{rel}","templated":true}]}}