{"id":2577,"date":"2025-09-05T09:24:28","date_gmt":"2025-09-05T09:24:28","guid":{"rendered":"https:\/\/stavebninynikol.cz\/?post_type=product&#038;p=2577"},"modified":"2025-09-05T09:24:28","modified_gmt":"2025-09-05T09:24:28","slug":"protipozarni-pistolova-pena-44u","status":"publish","type":"product","link":"https:\/\/stavebninynikol.cz\/index.php\/product\/protipozarni-pistolova-pena-44u\/","title":{"rendered":"Protipo\u017e\u00e1rn\u00ed pistolov\u00e1 p\u011bna 44U"},"content":{"rendered":"","protected":false},"excerpt":{"rendered":"<p>Protipo\u017e\u00e1rn\u00ed p\u011bna\u00a0je mont\u00e1\u017en\u00ed a t\u011bsn\u00edc\u00ed polyuretanov\u00e1 hmota vznikaj\u00edc\u00ed nap\u011bn\u011bn\u00edm a vytvrzen\u00edm kapaln\u00e9 reak\u010dn\u00ed sm\u011bsi vlivem vzdu\u0161n\u00e9 vlhkosti. Je ur\u010dena pro aplikace s po\u017eadavkem na ni\u017e\u0161\u00ed expanzi vytvrzen\u00e9 p\u011bny a p\u0159\u00edpadn\u00e9 lepen\u00ed r\u016fzn\u00fdch stavebn\u00edch materi\u00e1l\u016f. Proveden\u00ed B1 m\u00e1 sn\u00ed\u017eenou ho\u0159lavost \u2013 ozna\u010den\u00ed B1 podle DIN 4102.<\/p>\n<p><strong>Pou\u017eit\u00ed:<\/strong><\/p>\n<ul>\n<li>Je vhodn\u00e1 pro vnit\u0159n\u00ed i vn\u011bj\u0161\u00ed pou\u017eit\u00ed na upev\u0148ov\u00e1n\u00ed a t\u011bsn\u011bn\u00ed elektroinstalac\u00ed, protipo\u017e\u00e1rn\u00edch dve\u0159\u00ed, trezor\u016f, dve\u0159n\u00edch a okenn\u00edch r\u00e1m\u016f, opravy zdiva, om\u00edtky v m\u00edstech pr\u016fchodu potrub\u00ed a pro vypl\u0148ov\u00e1n\u00ed dutin, prasklin a d\u011br.<\/li>\n<li>Je tak\u00e9 vhodn\u00e1 pro izolace van, sprchov\u00fdch kout\u016f, dot\u011bs\u0148ov\u00e1n\u00ed st\u0159e\u0161n\u00edch ta\u0161ek apod., v\u0161ude tam, kde jsou zv\u00fd\u0161en\u00e9 po\u017eadavky na odolnost proti ohni.<\/li>\n<\/ul>\n","protected":false},"featured_media":2579,"comment_status":"open","ping_status":"closed","template":"","meta":[],"product_brand":[],"product_cat":[225,224],"product_tag":[],"class_list":{"0":"post-2577","1":"product","2":"type-product","3":"status-publish","4":"has-post-thumbnail","6":"product_cat-montazni-peny-stavebni-chemie","7":"product_cat-stavebni-chemie","9":"first","10":"instock","11":"shipping-taxable","12":"product-type-simple"},"yoast_head":"<!-- This site is optimized with the Yoast SEO plugin v26.9 - https:\/\/yoast.com\/product\/yoast-seo-wordpress\/ -->\n<title>Protipo\u017e\u00e1rn\u00ed pistolov\u00e1 p\u011bna 44U - StavebninyNikol<\/title>\n<meta name=\"description\" content=\"Protipo\u017e\u00e1rn\u00ed pistolov\u00e1 p\u011bna 44U StavebninyNikol\" \/>\n<meta name=\"robots\" content=\"index, follow, max-snippet:-1, max-image-preview:large, max-video-preview:-1\" \/>\n<link rel=\"canonical\" href=\"https:\/\/stavebninynikol.cz\/index.php\/product\/protipozarni-pistolova-pena-44u\/\" \/>\n<meta property=\"og:locale\" content=\"cs_CZ\" \/>\n<meta property=\"og:type\" content=\"article\" \/>\n<meta property=\"og:title\" content=\"Protipo\u017e\u00e1rn\u00ed pistolov\u00e1 p\u011bna 44U - StavebninyNikol\" \/>\n<meta property=\"og:description\" content=\"Protipo\u017e\u00e1rn\u00ed pistolov\u00e1 p\u011bna 44U StavebninyNikol\" \/>\n<meta property=\"og:url\" content=\"https:\/\/stavebninynikol.cz\/index.php\/product\/protipozarni-pistolova-pena-44u\/\" \/>\n<meta property=\"og:site_name\" content=\"StavebninyNikol\" \/>\n<meta property=\"article:publisher\" content=\"https:\/\/www.facebook.com\/profile.php?id=100057375402895&amp;mibextid=wwXIfr&amp;rdid=6fQOqALSBiK69Ovq&amp;share_url=httpswww.facebook.comshare1AicpAHGFPmibextidwwXIfr\" \/>\n<meta property=\"og:image\" content=\"https:\/\/stavebninynikol.cz\/wp-content\/uploads\/2025\/09\/44u-montazni-pena-750-ml-ohnivzdorna-pistolova.jpg\" \/>\n\t<meta property=\"og:image:width\" content=\"800\" \/>\n\t<meta property=\"og:image:height\" content=\"800\" \/>\n\t<meta property=\"og:image:type\" content=\"image\/jpeg\" \/>\n<meta name=\"twitter:card\" content=\"summary_large_image\" \/>\n<script type=\"application\/ld+json\" class=\"yoast-schema-graph\">{\"@context\":\"https:\/\/schema.org\",\"@graph\":[{\"@type\":\"WebPage\",\"@id\":\"https:\/\/stavebninynikol.cz\/index.php\/product\/protipozarni-pistolova-pena-44u\/\",\"url\":\"https:\/\/stavebninynikol.cz\/index.php\/product\/protipozarni-pistolova-pena-44u\/\",\"name\":\"Protipo\u017e\u00e1rn\u00ed pistolov\u00e1 p\u011bna 44U - StavebninyNikol\",\"isPartOf\":{\"@id\":\"https:\/\/stavebninynikol.cz\/#website\"},\"primaryImageOfPage\":{\"@id\":\"https:\/\/stavebninynikol.cz\/index.php\/product\/protipozarni-pistolova-pena-44u\/#primaryimage\"},\"image\":{\"@id\":\"https:\/\/stavebninynikol.cz\/index.php\/product\/protipozarni-pistolova-pena-44u\/#primaryimage\"},\"thumbnailUrl\":\"https:\/\/stavebninynikol.cz\/wp-content\/uploads\/2025\/09\/44u-montazni-pena-750-ml-ohnivzdorna-pistolova.jpg\",\"datePublished\":\"2025-09-05T09:24:28+00:00\",\"description\":\"Protipo\u017e\u00e1rn\u00ed pistolov\u00e1 p\u011bna 44U StavebninyNikol\",\"breadcrumb\":{\"@id\":\"https:\/\/stavebninynikol.cz\/index.php\/product\/protipozarni-pistolova-pena-44u\/#breadcrumb\"},\"inLanguage\":\"cs\",\"potentialAction\":[{\"@type\":\"ReadAction\",\"target\":[\"https:\/\/stavebninynikol.cz\/index.php\/product\/protipozarni-pistolova-pena-44u\/\"]}]},{\"@type\":\"ImageObject\",\"inLanguage\":\"cs\",\"@id\":\"https:\/\/stavebninynikol.cz\/index.php\/product\/protipozarni-pistolova-pena-44u\/#primaryimage\",\"url\":\"https:\/\/stavebninynikol.cz\/wp-content\/uploads\/2025\/09\/44u-montazni-pena-750-ml-ohnivzdorna-pistolova.jpg\",\"contentUrl\":\"https:\/\/stavebninynikol.cz\/wp-content\/uploads\/2025\/09\/44u-montazni-pena-750-ml-ohnivzdorna-pistolova.jpg\",\"width\":800,\"height\":800},{\"@type\":\"BreadcrumbList\",\"@id\":\"https:\/\/stavebninynikol.cz\/index.php\/product\/protipozarni-pistolova-pena-44u\/#breadcrumb\",\"itemListElement\":[{\"@type\":\"ListItem\",\"position\":1,\"name\":\"Dom\u016f\",\"item\":\"https:\/\/stavebninynikol.cz\/\"},{\"@type\":\"ListItem\",\"position\":2,\"name\":\"Take Your Adventure To The Next Level\",\"item\":\"https:\/\/stavebninynikol.cz\/index.php\/shop\/\"},{\"@type\":\"ListItem\",\"position\":3,\"name\":\"Protipo\u017e\u00e1rn\u00ed pistolov\u00e1 p\u011bna 44U\"}]},{\"@type\":\"WebSite\",\"@id\":\"https:\/\/stavebninynikol.cz\/#website\",\"url\":\"https:\/\/stavebninynikol.cz\/\",\"name\":\"StavebninyNikol\",\"description\":\"stavebniny nikol\",\"publisher\":{\"@id\":\"https:\/\/stavebninynikol.cz\/#organization\"},\"potentialAction\":[{\"@type\":\"SearchAction\",\"target\":{\"@type\":\"EntryPoint\",\"urlTemplate\":\"https:\/\/stavebninynikol.cz\/?s={search_term_string}\"},\"query-input\":{\"@type\":\"PropertyValueSpecification\",\"valueRequired\":true,\"valueName\":\"search_term_string\"}}],\"inLanguage\":\"cs\"},{\"@type\":\"Organization\",\"@id\":\"https:\/\/stavebninynikol.cz\/#organization\",\"name\":\"StavebninyNikol\",\"url\":\"https:\/\/stavebninynikol.cz\/\",\"logo\":{\"@type\":\"ImageObject\",\"inLanguage\":\"cs\",\"@id\":\"https:\/\/stavebninynikol.cz\/#\/schema\/logo\/image\/\",\"url\":\"https:\/\/stavebninynikol.cz\/wp-content\/uploads\/2025\/07\/NIKOL_logo.eps-1-e1757927564347.webp\",\"contentUrl\":\"https:\/\/stavebninynikol.cz\/wp-content\/uploads\/2025\/07\/NIKOL_logo.eps-1-e1757927564347.webp\",\"width\":512,\"height\":132,\"caption\":\"StavebninyNikol\"},\"image\":{\"@id\":\"https:\/\/stavebninynikol.cz\/#\/schema\/logo\/image\/\"},\"sameAs\":[\"https:\/\/www.facebook.com\/profile.php?id=100057375402895&mibextid=wwXIfr&rdid=6fQOqALSBiK69Ovq&share_url=httpswww.facebook.comshare1AicpAHGFPmibextidwwXIfr\"]}]}<\/script>\n<!-- \/ Yoast SEO plugin. -->","yoast_head_json":{"title":"Protipo\u017e\u00e1rn\u00ed pistolov\u00e1 p\u011bna 44U - StavebninyNikol","description":"Protipo\u017e\u00e1rn\u00ed pistolov\u00e1 p\u011bna 44U StavebninyNikol","robots":{"index":"index","follow":"follow","max-snippet":"max-snippet:-1","max-image-preview":"max-image-preview:large","max-video-preview":"max-video-preview:-1"},"canonical":"https:\/\/stavebninynikol.cz\/index.php\/product\/protipozarni-pistolova-pena-44u\/","og_locale":"cs_CZ","og_type":"article","og_title":"Protipo\u017e\u00e1rn\u00ed pistolov\u00e1 p\u011bna 44U - StavebninyNikol","og_description":"Protipo\u017e\u00e1rn\u00ed pistolov\u00e1 p\u011bna 44U StavebninyNikol","og_url":"https:\/\/stavebninynikol.cz\/index.php\/product\/protipozarni-pistolova-pena-44u\/","og_site_name":"StavebninyNikol","article_publisher":"https:\/\/www.facebook.com\/profile.php?id=100057375402895&mibextid=wwXIfr&rdid=6fQOqALSBiK69Ovq&share_url=httpswww.facebook.comshare1AicpAHGFPmibextidwwXIfr","og_image":[{"width":800,"height":800,"url":"https:\/\/stavebninynikol.cz\/wp-content\/uploads\/2025\/09\/44u-montazni-pena-750-ml-ohnivzdorna-pistolova.jpg","type":"image\/jpeg"}],"twitter_card":"summary_large_image","schema":{"@context":"https:\/\/schema.org","@graph":[{"@type":"WebPage","@id":"https:\/\/stavebninynikol.cz\/index.php\/product\/protipozarni-pistolova-pena-44u\/","url":"https:\/\/stavebninynikol.cz\/index.php\/product\/protipozarni-pistolova-pena-44u\/","name":"Protipo\u017e\u00e1rn\u00ed pistolov\u00e1 p\u011bna 44U - StavebninyNikol","isPartOf":{"@id":"https:\/\/stavebninynikol.cz\/#website"},"primaryImageOfPage":{"@id":"https:\/\/stavebninynikol.cz\/index.php\/product\/protipozarni-pistolova-pena-44u\/#primaryimage"},"image":{"@id":"https:\/\/stavebninynikol.cz\/index.php\/product\/protipozarni-pistolova-pena-44u\/#primaryimage"},"thumbnailUrl":"https:\/\/stavebninynikol.cz\/wp-content\/uploads\/2025\/09\/44u-montazni-pena-750-ml-ohnivzdorna-pistolova.jpg","datePublished":"2025-09-05T09:24:28+00:00","description":"Protipo\u017e\u00e1rn\u00ed pistolov\u00e1 p\u011bna 44U StavebninyNikol","breadcrumb":{"@id":"https:\/\/stavebninynikol.cz\/index.php\/product\/protipozarni-pistolova-pena-44u\/#breadcrumb"},"inLanguage":"cs","potentialAction":[{"@type":"ReadAction","target":["https:\/\/stavebninynikol.cz\/index.php\/product\/protipozarni-pistolova-pena-44u\/"]}]},{"@type":"ImageObject","inLanguage":"cs","@id":"https:\/\/stavebninynikol.cz\/index.php\/product\/protipozarni-pistolova-pena-44u\/#primaryimage","url":"https:\/\/stavebninynikol.cz\/wp-content\/uploads\/2025\/09\/44u-montazni-pena-750-ml-ohnivzdorna-pistolova.jpg","contentUrl":"https:\/\/stavebninynikol.cz\/wp-content\/uploads\/2025\/09\/44u-montazni-pena-750-ml-ohnivzdorna-pistolova.jpg","width":800,"height":800},{"@type":"BreadcrumbList","@id":"https:\/\/stavebninynikol.cz\/index.php\/product\/protipozarni-pistolova-pena-44u\/#breadcrumb","itemListElement":[{"@type":"ListItem","position":1,"name":"Dom\u016f","item":"https:\/\/stavebninynikol.cz\/"},{"@type":"ListItem","position":2,"name":"Take Your Adventure To The Next Level","item":"https:\/\/stavebninynikol.cz\/index.php\/shop\/"},{"@type":"ListItem","position":3,"name":"Protipo\u017e\u00e1rn\u00ed pistolov\u00e1 p\u011bna 44U"}]},{"@type":"WebSite","@id":"https:\/\/stavebninynikol.cz\/#website","url":"https:\/\/stavebninynikol.cz\/","name":"StavebninyNikol","description":"stavebniny nikol","publisher":{"@id":"https:\/\/stavebninynikol.cz\/#organization"},"potentialAction":[{"@type":"SearchAction","target":{"@type":"EntryPoint","urlTemplate":"https:\/\/stavebninynikol.cz\/?s={search_term_string}"},"query-input":{"@type":"PropertyValueSpecification","valueRequired":true,"valueName":"search_term_string"}}],"inLanguage":"cs"},{"@type":"Organization","@id":"https:\/\/stavebninynikol.cz\/#organization","name":"StavebninyNikol","url":"https:\/\/stavebninynikol.cz\/","logo":{"@type":"ImageObject","inLanguage":"cs","@id":"https:\/\/stavebninynikol.cz\/#\/schema\/logo\/image\/","url":"https:\/\/stavebninynikol.cz\/wp-content\/uploads\/2025\/07\/NIKOL_logo.eps-1-e1757927564347.webp","contentUrl":"https:\/\/stavebninynikol.cz\/wp-content\/uploads\/2025\/07\/NIKOL_logo.eps-1-e1757927564347.webp","width":512,"height":132,"caption":"StavebninyNikol"},"image":{"@id":"https:\/\/stavebninynikol.cz\/#\/schema\/logo\/image\/"},"sameAs":["https:\/\/www.facebook.com\/profile.php?id=100057375402895&mibextid=wwXIfr&rdid=6fQOqALSBiK69Ovq&share_url=httpswww.facebook.comshare1AicpAHGFPmibextidwwXIfr"]}]}},"_links":{"self":[{"href":"https:\/\/stavebninynikol.cz\/index.php\/wp-json\/wp\/v2\/product\/2577","targetHints":{"allow":["GET"]}}],"collection":[{"href":"https:\/\/stavebninynikol.cz\/index.php\/wp-json\/wp\/v2\/product"}],"about":[{"href":"https:\/\/stavebninynikol.cz\/index.php\/wp-json\/wp\/v2\/types\/product"}],"replies":[{"embeddable":true,"href":"https:\/\/stavebninynikol.cz\/index.php\/wp-json\/wp\/v2\/comments?post=2577"}],"wp:featuredmedia":[{"embeddable":true,"href":"https:\/\/stavebninynikol.cz\/index.php\/wp-json\/wp\/v2\/media\/2579"}],"wp:attachment":[{"href":"https:\/\/stavebninynikol.cz\/index.php\/wp-json\/wp\/v2\/media?parent=2577"}],"wp:term":[{"taxonomy":"product_brand","embeddable":true,"href":"https:\/\/stavebninynikol.cz\/index.php\/wp-json\/wp\/v2\/product_brand?post=2577"},{"taxonomy":"product_cat","embeddable":true,"href":"https:\/\/stavebninynikol.cz\/index.php\/wp-json\/wp\/v2\/product_cat?post=2577"},{"taxonomy":"product_tag","embeddable":true,"href":"https:\/\/stavebninynikol.cz\/index.php\/wp-json\/wp\/v2\/product_tag?post=2577"}],"curies":[{"name":"wp","href":"https:\/\/api.w.org\/{rel}","templated":true}]}}