{"id":2588,"date":"2025-09-09T07:38:13","date_gmt":"2025-09-09T07:38:13","guid":{"rendered":"https:\/\/stavebninynikol.cz\/?post_type=product&#038;p=2588"},"modified":"2025-09-09T07:38:13","modified_gmt":"2025-09-09T07:38:13","slug":"buldok-ciste-odpady-extra-silny","status":"publish","type":"product","link":"https:\/\/stavebninynikol.cz\/index.php\/product\/buldok-ciste-odpady-extra-silny\/","title":{"rendered":"Buldok \u010cist\u00e9 odpady Extra Siln\u00fd"},"content":{"rendered":"<p><b>BULDOK \u010cIST\u00c9 ODPADY \u2013 EXTRA SILN\u00dd<\/b>\u00a0\u010dist\u00ed, odma\u0161\u0165uje, rozpou\u0161t\u00ed vlasy a jin\u00e9 organick\u00e9 zbytky v sifonech a domovn\u00edch odpadech z kuchyn\u00ed, koupelen apod.<\/p>\n<p>Chemicky rozpou\u0161t\u00ed organick\u00e9 zbytky v\u010detn\u011b vlas\u016f, pap\u00edru, vaty. Odma\u0161\u0165uje a zpr\u016fchod\u0148uje odpadn\u00ed sifony a potrub\u00ed. Pou\u017e\u00edv\u00e1 se p\u0159i zanesen\u00ed odpad\u016f v kuchyn\u00edch, koupeln\u00e1ch, pr\u00e1deln\u00e1ch apod. Preventivn\u011b udr\u017euje odpadn\u00ed potrub\u00ed pr\u016fchodn\u00e1.<\/p>\n<p>\u2022 Efektivn\u00ed rozklad tuk\u016f v\u00a0odpadn\u00edch syst\u00e9mech.<br \/>\n\u2022 Zabezpe\u010duje jejich plnou funk\u010dnost.<\/p>\n<p><b>Pou\u017eit\u00ed<\/b><br \/>\n\u2022 udr\u017eov\u00e1n\u00ed dom\u00e1c\u00edho odpadn\u00edho potrub\u00ed v pr\u016fchodn\u00e9m a \u010dist\u00e9m stavu<\/p>\n<p><b>V\u00fdhody<\/b><br \/>\n\u2022 snadno pou\u017eiteln\u00fd<br \/>\n\u2022 rozpou\u0161t\u00ed drobn\u00fd kuchy\u0148sk\u00fd odpad, tuk, vlasy, pap\u00edr, vatu<br \/>\n\u2022 \u010dist\u00ed, odma\u0161\u0165uje<br \/>\n\u2022 vyr\u00e1b\u011bn v syst\u00e9mu \u0159\u00edzen\u00ed jakosti ISO 9001 v \u010cR<\/p>\n<p><b>Pracovn\u00ed postup<\/b><br \/>\nDo sifonu p\u0159es um\u00fdvadlo, v\u00fdlevku \u010di vanu nebo do WC nalijte asi 1\/2 litru velmi tepl\u00e9 vody a potom nas\u00fdpejte 2-3 v\u00ed\u010dka BULDOKU. Nechejte p\u016fsobit asi 10 minut a d\u016fkladn\u011b propl\u00e1chn\u011bte horkou vodou (pou\u017eit\u00ed va\u0159\u00edc\u00ed vody je nej\u00fa\u010dinn\u011bj\u0161\u00ed). P\u0159i v\u011bt\u0161\u00edm zanesen\u00ed postup opakujte, d\u00e1le udr\u017eujte odpady \u010dist\u00e9 preventivn\u00edm pou\u017e\u00edv\u00e1n\u00edm po asi dvou t\u00fddnech.<\/p>\n<p><b>Technick\u00e9 \u00fadaje<\/b><br \/>\n\u2022 \u00da\u010dinn\u00e1 l\u00e1tka hydroxid sodn\u00fd<br \/>\n\u2022 Konzistence b\u00edl\u00e9 perli\u010dky nebo peci\u010dky<br \/>\n\u2022 D\u00e1vkov\u00e1n\u00ed 2 \u2013 3 v\u00ed\u010dka balen\u00ed<br \/>\n\u2022 Hodnota pH p\u0159\u00edpravek a v\u0161echny jeho roztoky jsou siln\u011b alkalick\u00e9<br \/>\n\u2022 Rozpustnost ve vod\u011b 1090 g\/l (20 \u00b0C)<\/p>\n<p><b>Upozorn\u011bn\u00ed<\/b><br \/>\nP\u0159i pou\u017e\u00edv\u00e1n\u00ed doch\u00e1z\u00ed k bou\u0159liv\u00e9 reakci a prudk\u00e9mu oh\u0159\u00e1t\u00ed \u010di\u0161t\u011bn\u00e9ho odpadu. V\u017edy pou\u017e\u00edvejte gumov\u00e9 rukavice a t\u011bsn\u00e9 ochrann\u00e9 br\u00fdle. D\u00e1vky p\u0159\u00edpravku nenavy\u0161ujte &#8211; \u010distic\u00ed proces opakujte. NEPOU\u017d\u00cdVEJTE NA HLIN\u00cdKOV\u00c9 POTRUB\u00cd! Nepou\u017e\u00edvejte jinak, ne\u017e je uvedeno v n\u00e1vodu.<\/p>\n","protected":false},"excerpt":{"rendered":"<p><b>BULDOK \u010cIST\u00c9 ODPADY \u2013 EXTRA SILN\u00dd<\/b>\u00a0\u010dist\u00ed, odma\u0161\u0165uje, rozpou\u0161t\u00ed vlasy a jin\u00e9 organick\u00e9 zbytky v sifonech a domovn\u00edch odpadech z kuchyn\u00ed, koupelen apod.<\/p>\n<p>Chemicky rozpou\u0161t\u00ed organick\u00e9 zbytky v\u010detn\u011b vlas\u016f, pap\u00edru, vaty. Odma\u0161\u0165uje a zpr\u016fchod\u0148uje odpadn\u00ed sifony a potrub\u00ed. Pou\u017e\u00edv\u00e1 se p\u0159i zanesen\u00ed odpad\u016f v kuchyn\u00edch, koupeln\u00e1ch, pr\u00e1deln\u00e1ch apod. Preventivn\u011b udr\u017euje odpadn\u00ed potrub\u00ed pr\u016fchodn\u00e1.<\/p>\n","protected":false},"featured_media":2589,"comment_status":"open","ping_status":"closed","template":"","meta":[],"product_brand":[],"product_cat":[234,224],"product_tag":[],"class_list":{"0":"post-2588","1":"product","2":"type-product","3":"status-publish","4":"has-post-thumbnail","6":"product_cat-cistici-a-udrzbova-chemie","7":"product_cat-stavebni-chemie","9":"first","10":"instock","11":"shipping-taxable","12":"product-type-simple"},"yoast_head":"<!-- This site is optimized with the Yoast SEO plugin v26.9 - https:\/\/yoast.com\/product\/yoast-seo-wordpress\/ -->\n<title>Buldok \u010cist\u00e9 odpady Extra Siln\u00fd - StavebninyNikol<\/title>\n<meta name=\"description\" content=\"Buldok \u010cist\u00e9 odpady Extra Siln\u00fd StavebninyNikol\" \/>\n<meta name=\"robots\" content=\"index, follow, max-snippet:-1, max-image-preview:large, max-video-preview:-1\" \/>\n<link rel=\"canonical\" href=\"https:\/\/stavebninynikol.cz\/index.php\/product\/buldok-ciste-odpady-extra-silny\/\" \/>\n<meta property=\"og:locale\" content=\"cs_CZ\" \/>\n<meta property=\"og:type\" content=\"article\" \/>\n<meta property=\"og:title\" content=\"Buldok \u010cist\u00e9 odpady Extra Siln\u00fd - StavebninyNikol\" \/>\n<meta property=\"og:description\" content=\"Buldok \u010cist\u00e9 odpady Extra Siln\u00fd StavebninyNikol\" \/>\n<meta property=\"og:url\" content=\"https:\/\/stavebninynikol.cz\/index.php\/product\/buldok-ciste-odpady-extra-silny\/\" \/>\n<meta property=\"og:site_name\" content=\"StavebninyNikol\" \/>\n<meta property=\"article:publisher\" content=\"https:\/\/www.facebook.com\/profile.php?id=100057375402895&amp;mibextid=wwXIfr&amp;rdid=6fQOqALSBiK69Ovq&amp;share_url=httpswww.facebook.comshare1AicpAHGFPmibextidwwXIfr\" \/>\n<meta property=\"og:image\" content=\"https:\/\/stavebninynikol.cz\/wp-content\/uploads\/2025\/09\/www_product_images_esh0000100_20_800x800-q100.webp\" \/>\n\t<meta property=\"og:image:width\" content=\"800\" \/>\n\t<meta property=\"og:image:height\" content=\"800\" \/>\n\t<meta property=\"og:image:type\" content=\"image\/webp\" \/>\n<meta name=\"twitter:card\" content=\"summary_large_image\" \/>\n<meta name=\"twitter:label1\" content=\"Odhadovan\u00e1 doba \u010dten\u00ed\" \/>\n\t<meta name=\"twitter:data1\" content=\"2 minuty\" \/>\n<script type=\"application\/ld+json\" class=\"yoast-schema-graph\">{\"@context\":\"https:\/\/schema.org\",\"@graph\":[{\"@type\":\"WebPage\",\"@id\":\"https:\/\/stavebninynikol.cz\/index.php\/product\/buldok-ciste-odpady-extra-silny\/\",\"url\":\"https:\/\/stavebninynikol.cz\/index.php\/product\/buldok-ciste-odpady-extra-silny\/\",\"name\":\"Buldok \u010cist\u00e9 odpady Extra Siln\u00fd - StavebninyNikol\",\"isPartOf\":{\"@id\":\"https:\/\/stavebninynikol.cz\/#website\"},\"primaryImageOfPage\":{\"@id\":\"https:\/\/stavebninynikol.cz\/index.php\/product\/buldok-ciste-odpady-extra-silny\/#primaryimage\"},\"image\":{\"@id\":\"https:\/\/stavebninynikol.cz\/index.php\/product\/buldok-ciste-odpady-extra-silny\/#primaryimage\"},\"thumbnailUrl\":\"https:\/\/stavebninynikol.cz\/wp-content\/uploads\/2025\/09\/www_product_images_esh0000100_20_800x800-q100.webp\",\"datePublished\":\"2025-09-09T07:38:13+00:00\",\"description\":\"Buldok \u010cist\u00e9 odpady Extra Siln\u00fd StavebninyNikol\",\"breadcrumb\":{\"@id\":\"https:\/\/stavebninynikol.cz\/index.php\/product\/buldok-ciste-odpady-extra-silny\/#breadcrumb\"},\"inLanguage\":\"cs\",\"potentialAction\":[{\"@type\":\"ReadAction\",\"target\":[\"https:\/\/stavebninynikol.cz\/index.php\/product\/buldok-ciste-odpady-extra-silny\/\"]}]},{\"@type\":\"ImageObject\",\"inLanguage\":\"cs\",\"@id\":\"https:\/\/stavebninynikol.cz\/index.php\/product\/buldok-ciste-odpady-extra-silny\/#primaryimage\",\"url\":\"https:\/\/stavebninynikol.cz\/wp-content\/uploads\/2025\/09\/www_product_images_esh0000100_20_800x800-q100.webp\",\"contentUrl\":\"https:\/\/stavebninynikol.cz\/wp-content\/uploads\/2025\/09\/www_product_images_esh0000100_20_800x800-q100.webp\",\"width\":800,\"height\":800},{\"@type\":\"BreadcrumbList\",\"@id\":\"https:\/\/stavebninynikol.cz\/index.php\/product\/buldok-ciste-odpady-extra-silny\/#breadcrumb\",\"itemListElement\":[{\"@type\":\"ListItem\",\"position\":1,\"name\":\"Dom\u016f\",\"item\":\"https:\/\/stavebninynikol.cz\/\"},{\"@type\":\"ListItem\",\"position\":2,\"name\":\"Take Your Adventure To The Next Level\",\"item\":\"https:\/\/stavebninynikol.cz\/index.php\/shop\/\"},{\"@type\":\"ListItem\",\"position\":3,\"name\":\"Buldok \u010cist\u00e9 odpady Extra Siln\u00fd\"}]},{\"@type\":\"WebSite\",\"@id\":\"https:\/\/stavebninynikol.cz\/#website\",\"url\":\"https:\/\/stavebninynikol.cz\/\",\"name\":\"StavebninyNikol\",\"description\":\"stavebniny nikol\",\"publisher\":{\"@id\":\"https:\/\/stavebninynikol.cz\/#organization\"},\"potentialAction\":[{\"@type\":\"SearchAction\",\"target\":{\"@type\":\"EntryPoint\",\"urlTemplate\":\"https:\/\/stavebninynikol.cz\/?s={search_term_string}\"},\"query-input\":{\"@type\":\"PropertyValueSpecification\",\"valueRequired\":true,\"valueName\":\"search_term_string\"}}],\"inLanguage\":\"cs\"},{\"@type\":\"Organization\",\"@id\":\"https:\/\/stavebninynikol.cz\/#organization\",\"name\":\"StavebninyNikol\",\"url\":\"https:\/\/stavebninynikol.cz\/\",\"logo\":{\"@type\":\"ImageObject\",\"inLanguage\":\"cs\",\"@id\":\"https:\/\/stavebninynikol.cz\/#\/schema\/logo\/image\/\",\"url\":\"https:\/\/stavebninynikol.cz\/wp-content\/uploads\/2025\/07\/NIKOL_logo.eps-1-e1757927564347.webp\",\"contentUrl\":\"https:\/\/stavebninynikol.cz\/wp-content\/uploads\/2025\/07\/NIKOL_logo.eps-1-e1757927564347.webp\",\"width\":512,\"height\":132,\"caption\":\"StavebninyNikol\"},\"image\":{\"@id\":\"https:\/\/stavebninynikol.cz\/#\/schema\/logo\/image\/\"},\"sameAs\":[\"https:\/\/www.facebook.com\/profile.php?id=100057375402895&mibextid=wwXIfr&rdid=6fQOqALSBiK69Ovq&share_url=httpswww.facebook.comshare1AicpAHGFPmibextidwwXIfr\"]}]}<\/script>\n<!-- \/ Yoast SEO plugin. -->","yoast_head_json":{"title":"Buldok \u010cist\u00e9 odpady Extra Siln\u00fd - StavebninyNikol","description":"Buldok \u010cist\u00e9 odpady Extra Siln\u00fd StavebninyNikol","robots":{"index":"index","follow":"follow","max-snippet":"max-snippet:-1","max-image-preview":"max-image-preview:large","max-video-preview":"max-video-preview:-1"},"canonical":"https:\/\/stavebninynikol.cz\/index.php\/product\/buldok-ciste-odpady-extra-silny\/","og_locale":"cs_CZ","og_type":"article","og_title":"Buldok \u010cist\u00e9 odpady Extra Siln\u00fd - StavebninyNikol","og_description":"Buldok \u010cist\u00e9 odpady Extra Siln\u00fd StavebninyNikol","og_url":"https:\/\/stavebninynikol.cz\/index.php\/product\/buldok-ciste-odpady-extra-silny\/","og_site_name":"StavebninyNikol","article_publisher":"https:\/\/www.facebook.com\/profile.php?id=100057375402895&mibextid=wwXIfr&rdid=6fQOqALSBiK69Ovq&share_url=httpswww.facebook.comshare1AicpAHGFPmibextidwwXIfr","og_image":[{"width":800,"height":800,"url":"https:\/\/stavebninynikol.cz\/wp-content\/uploads\/2025\/09\/www_product_images_esh0000100_20_800x800-q100.webp","type":"image\/webp"}],"twitter_card":"summary_large_image","twitter_misc":{"Odhadovan\u00e1 doba \u010dten\u00ed":"2 minuty"},"schema":{"@context":"https:\/\/schema.org","@graph":[{"@type":"WebPage","@id":"https:\/\/stavebninynikol.cz\/index.php\/product\/buldok-ciste-odpady-extra-silny\/","url":"https:\/\/stavebninynikol.cz\/index.php\/product\/buldok-ciste-odpady-extra-silny\/","name":"Buldok \u010cist\u00e9 odpady Extra Siln\u00fd - StavebninyNikol","isPartOf":{"@id":"https:\/\/stavebninynikol.cz\/#website"},"primaryImageOfPage":{"@id":"https:\/\/stavebninynikol.cz\/index.php\/product\/buldok-ciste-odpady-extra-silny\/#primaryimage"},"image":{"@id":"https:\/\/stavebninynikol.cz\/index.php\/product\/buldok-ciste-odpady-extra-silny\/#primaryimage"},"thumbnailUrl":"https:\/\/stavebninynikol.cz\/wp-content\/uploads\/2025\/09\/www_product_images_esh0000100_20_800x800-q100.webp","datePublished":"2025-09-09T07:38:13+00:00","description":"Buldok \u010cist\u00e9 odpady Extra Siln\u00fd StavebninyNikol","breadcrumb":{"@id":"https:\/\/stavebninynikol.cz\/index.php\/product\/buldok-ciste-odpady-extra-silny\/#breadcrumb"},"inLanguage":"cs","potentialAction":[{"@type":"ReadAction","target":["https:\/\/stavebninynikol.cz\/index.php\/product\/buldok-ciste-odpady-extra-silny\/"]}]},{"@type":"ImageObject","inLanguage":"cs","@id":"https:\/\/stavebninynikol.cz\/index.php\/product\/buldok-ciste-odpady-extra-silny\/#primaryimage","url":"https:\/\/stavebninynikol.cz\/wp-content\/uploads\/2025\/09\/www_product_images_esh0000100_20_800x800-q100.webp","contentUrl":"https:\/\/stavebninynikol.cz\/wp-content\/uploads\/2025\/09\/www_product_images_esh0000100_20_800x800-q100.webp","width":800,"height":800},{"@type":"BreadcrumbList","@id":"https:\/\/stavebninynikol.cz\/index.php\/product\/buldok-ciste-odpady-extra-silny\/#breadcrumb","itemListElement":[{"@type":"ListItem","position":1,"name":"Dom\u016f","item":"https:\/\/stavebninynikol.cz\/"},{"@type":"ListItem","position":2,"name":"Take Your Adventure To The Next Level","item":"https:\/\/stavebninynikol.cz\/index.php\/shop\/"},{"@type":"ListItem","position":3,"name":"Buldok \u010cist\u00e9 odpady Extra Siln\u00fd"}]},{"@type":"WebSite","@id":"https:\/\/stavebninynikol.cz\/#website","url":"https:\/\/stavebninynikol.cz\/","name":"StavebninyNikol","description":"stavebniny nikol","publisher":{"@id":"https:\/\/stavebninynikol.cz\/#organization"},"potentialAction":[{"@type":"SearchAction","target":{"@type":"EntryPoint","urlTemplate":"https:\/\/stavebninynikol.cz\/?s={search_term_string}"},"query-input":{"@type":"PropertyValueSpecification","valueRequired":true,"valueName":"search_term_string"}}],"inLanguage":"cs"},{"@type":"Organization","@id":"https:\/\/stavebninynikol.cz\/#organization","name":"StavebninyNikol","url":"https:\/\/stavebninynikol.cz\/","logo":{"@type":"ImageObject","inLanguage":"cs","@id":"https:\/\/stavebninynikol.cz\/#\/schema\/logo\/image\/","url":"https:\/\/stavebninynikol.cz\/wp-content\/uploads\/2025\/07\/NIKOL_logo.eps-1-e1757927564347.webp","contentUrl":"https:\/\/stavebninynikol.cz\/wp-content\/uploads\/2025\/07\/NIKOL_logo.eps-1-e1757927564347.webp","width":512,"height":132,"caption":"StavebninyNikol"},"image":{"@id":"https:\/\/stavebninynikol.cz\/#\/schema\/logo\/image\/"},"sameAs":["https:\/\/www.facebook.com\/profile.php?id=100057375402895&mibextid=wwXIfr&rdid=6fQOqALSBiK69Ovq&share_url=httpswww.facebook.comshare1AicpAHGFPmibextidwwXIfr"]}]}},"_links":{"self":[{"href":"https:\/\/stavebninynikol.cz\/index.php\/wp-json\/wp\/v2\/product\/2588","targetHints":{"allow":["GET"]}}],"collection":[{"href":"https:\/\/stavebninynikol.cz\/index.php\/wp-json\/wp\/v2\/product"}],"about":[{"href":"https:\/\/stavebninynikol.cz\/index.php\/wp-json\/wp\/v2\/types\/product"}],"replies":[{"embeddable":true,"href":"https:\/\/stavebninynikol.cz\/index.php\/wp-json\/wp\/v2\/comments?post=2588"}],"wp:featuredmedia":[{"embeddable":true,"href":"https:\/\/stavebninynikol.cz\/index.php\/wp-json\/wp\/v2\/media\/2589"}],"wp:attachment":[{"href":"https:\/\/stavebninynikol.cz\/index.php\/wp-json\/wp\/v2\/media?parent=2588"}],"wp:term":[{"taxonomy":"product_brand","embeddable":true,"href":"https:\/\/stavebninynikol.cz\/index.php\/wp-json\/wp\/v2\/product_brand?post=2588"},{"taxonomy":"product_cat","embeddable":true,"href":"https:\/\/stavebninynikol.cz\/index.php\/wp-json\/wp\/v2\/product_cat?post=2588"},{"taxonomy":"product_tag","embeddable":true,"href":"https:\/\/stavebninynikol.cz\/index.php\/wp-json\/wp\/v2\/product_tag?post=2588"}],"curies":[{"name":"wp","href":"https:\/\/api.w.org\/{rel}","templated":true}]}}