{"id":2590,"date":"2025-09-09T07:41:40","date_gmt":"2025-09-09T07:41:40","guid":{"rendered":"https:\/\/stavebninynikol.cz\/?post_type=product&#038;p=2590"},"modified":"2025-09-09T07:41:40","modified_gmt":"2025-09-09T07:41:40","slug":"buldok-ciste-odpady-tekuty","status":"publish","type":"product","link":"https:\/\/stavebninynikol.cz\/index.php\/product\/buldok-ciste-odpady-tekuty\/","title":{"rendered":"Buldok \u010dist\u00e9 odpady tekut\u00fd"},"content":{"rendered":"<p><b>Charakteristika:<\/b><br \/>\n\u2022 snadno pou\u017eiteln\u00fd<br \/>\n\u2022 \u010dist\u00ed, odma\u0161\u0165uje<br \/>\n\u2022 rozpou\u0161t\u00ed drobn\u00fd kuchy\u0148sk\u00fd odpad, tuk, vlasy, pap\u00edr, vatu<br \/>\n\u2022 nedoch\u00e1z\u00ed k lok\u00e1ln\u00edmu v\u00fdvoji tepla a nebezpe\u010d\u00ed vyst\u0159\u00edknut\u00ed<br \/>\n\u2022 vyr\u00e1b\u011bn v syst\u00e9mu \u0159\u00edzen\u00ed jakosti ISO 9001 v \u010cR<\/p>\n<p>\u2022 Velmi siln\u00fd prost\u0159edek s vynikaj\u00edc\u00edm v\u00fdsledkem<br \/>\n\u2022 K p\u0159\u00edm\u00e9mu pou\u017eit\u00ed, bez nutnosti slo\u017eit\u00e9 p\u0159\u00edpravy<br \/>\n\u2022 Jednoduch\u00e1 aplikace s v\u00fdsledkem ji\u017e za 10 minut<br \/>\n\u2022 Zpr\u016fchod\u0148uje odtok a eliminuje nep\u0159\u00edjemn\u00e9 pachy<br \/>\n\u2022 Tekut\u00e1 forma p\u0159\u00edpravku neucp\u00e1v\u00e1 jako granulov\u00e9 p\u0159\u00edpravky, je \u0161etrn\u011bj\u0161\u00ed k odpad\u016fm<br \/>\n\u2022 Nezap\u00e1ch\u00e1, neprsk\u00e1, nev\u0159e<\/p>\n<p><b>P\u0159\u00edklady pou\u017eit\u00ed:<\/b><br \/>\n\u2022 udr\u017eov\u00e1n\u00ed dom\u00e1c\u00edho odpadn\u00edho potrub\u00ed v pr\u016fchodn\u00e9m a \u010dist\u00e9m stavu<\/p>\n<p><b>Technick\u00e1 data:<\/b><\/p>\n<p>\u2022 \u00da\u010dinn\u00e1 l\u00e1tka: hydroxid sodn\u00fd<br \/>\n\u2022 Konzistence: bezbarv\u00e1 kapalina<br \/>\n\u2022 D\u00e1vkov\u00e1n\u00ed: 200 ml p\u0159i zna\u010dn\u00e9m zne\u010di\u0161t\u011bn\u00ed \/ 100 ml udr\u017eovac\u00ed d\u00e1vka<br \/>\n\u2022 Hodnota pH: 14<br \/>\n\u2022 Hustota: cca 1 400 g\/l (20 \u00b0C)<br \/>\n\u2022 Doba pou\u017eitelnosti: 3 roky od data na obale<br \/>\n\u2022 Skladov\u00e1n\u00ed: v p\u016fvodn\u00edm t\u011bsn\u011b uzav\u0159en\u00e9m balen\u00ed, na such\u00fdch m\u00edstech<\/p>\n<p><b>Pracovn\u00ed postup:<\/b><br \/>\n\u2022 Siln\u00e9 zanesen\u00ed: Do sifonu p\u0159es um\u00fdvadlo, v\u00fdlevku \u010di vanu nalijte asi 1\/2 litru velmi tepl\u00e9 vody a potom p\u0159idejte cca 200 ml BULDOKU. Nechejte p\u016fsobit asi 10 minut a d\u016fkladn\u011b propl\u00e1chn\u011bte horkou vodou (pou\u017eit\u00ed va\u0159\u00edc\u00ed vody je nej\u00fa\u010dinn\u011bj\u0161\u00ed). P\u0159i v\u011bt\u0161\u00edm zanesen\u00ed postup opakujte.<br \/>\n\u2022 Udr\u017eovac\u00ed d\u00e1vka: Prov\u00e1d\u00ed se pravideln\u011b asi po dvou t\u00fddnech stejn\u00fdm postupem jako p\u0159i siln\u00e9m zanesen\u00ed, ale s polovi\u010dn\u00ed d\u00e1vkou, tj. 100 ml<\/p>\n<p><b>Upozorn\u011bn\u00ed:<\/b><br \/>\nV\u017edy pou\u017e\u00edvejte gumov\u00e9 rukavice a ochrann\u00e9 br\u00fdle. D\u00e1vky p\u0159\u00edpravku nenavy\u0161ujte &#8211; \u010distic\u00ed proces opakujte. NEPOU\u017d\u00cdVEJTE NA HLIN\u00cdKOV\u00c9 POTRUB\u00cd! Nepou\u017e\u00edvejte jinak, ne\u017e je uvedeno v n\u00e1vodu! V\u00fdrobce nezodpov\u00edd\u00e1 za \u0161kody zp\u016fsoben\u00e9 nespr\u00e1vn\u00fdm pou\u017eit\u00edm p\u0159\u00edpravku.<\/p>\n","protected":false},"excerpt":{"rendered":"<p>Chemicky rozpou\u0161t\u00ed organick\u00e9 zbytky v\u010detn\u011b vlas\u016f, pap\u00edru, vaty. Odma\u0161\u0165uje a zpr\u016fchod\u0148uje odpadn\u00ed sifony a potrub\u00ed. Pou\u017e\u00edv\u00e1 se p\u0159i zanesen\u00ed odpad\u016f v kuchyn\u00edch, koupeln\u00e1ch, pr\u00e1deln\u00e1ch apod. Preventivn\u011b udr\u017euje odpadn\u00ed potrub\u00ed pr\u016fchodn\u00e1.<\/p>\n<p><b>BULDOK \u010dist\u00e9 odpady tekut\u00fd<\/b>\u00a0\u010cist\u00ed, odma\u0161\u0165uje, rozpou\u0161t\u00ed vlasy a jin\u00e9 organick\u00e9 zbytky v sifonech a domovn\u00edch odpadech z kuchyn\u00ed, koupelen apod.<\/p>\n","protected":false},"featured_media":2591,"comment_status":"open","ping_status":"closed","template":"","meta":[],"product_brand":[],"product_cat":[234,224],"product_tag":[],"class_list":{"0":"post-2590","1":"product","2":"type-product","3":"status-publish","4":"has-post-thumbnail","6":"product_cat-cistici-a-udrzbova-chemie","7":"product_cat-stavebni-chemie","9":"first","10":"instock","11":"shipping-taxable","12":"product-type-simple"},"yoast_head":"<!-- This site is optimized with the Yoast SEO plugin v26.9 - https:\/\/yoast.com\/product\/yoast-seo-wordpress\/ -->\n<title>Buldok \u010dist\u00e9 odpady tekut\u00fd - StavebninyNikol<\/title>\n<meta name=\"description\" content=\"Buldok \u010dist\u00e9 odpady tekut\u00fd StavebninyNikol\" \/>\n<meta name=\"robots\" content=\"index, follow, max-snippet:-1, max-image-preview:large, max-video-preview:-1\" \/>\n<link rel=\"canonical\" href=\"https:\/\/stavebninynikol.cz\/index.php\/product\/buldok-ciste-odpady-tekuty\/\" \/>\n<meta property=\"og:locale\" content=\"cs_CZ\" \/>\n<meta property=\"og:type\" content=\"article\" \/>\n<meta property=\"og:title\" content=\"Buldok \u010dist\u00e9 odpady tekut\u00fd - StavebninyNikol\" \/>\n<meta property=\"og:description\" content=\"Buldok \u010dist\u00e9 odpady tekut\u00fd StavebninyNikol\" \/>\n<meta property=\"og:url\" content=\"https:\/\/stavebninynikol.cz\/index.php\/product\/buldok-ciste-odpady-tekuty\/\" \/>\n<meta property=\"og:site_name\" content=\"StavebninyNikol\" \/>\n<meta property=\"article:publisher\" content=\"https:\/\/www.facebook.com\/profile.php?id=100057375402895&amp;mibextid=wwXIfr&amp;rdid=6fQOqALSBiK69Ovq&amp;share_url=httpswww.facebook.comshare1AicpAHGFPmibextidwwXIfr\" \/>\n<meta property=\"og:image\" content=\"https:\/\/stavebninynikol.cz\/wp-content\/uploads\/2025\/09\/www_product_images_esh0000102_20_800x800-q100.webp\" \/>\n\t<meta property=\"og:image:width\" content=\"800\" \/>\n\t<meta property=\"og:image:height\" content=\"800\" \/>\n\t<meta property=\"og:image:type\" content=\"image\/webp\" \/>\n<meta name=\"twitter:card\" content=\"summary_large_image\" \/>\n<meta name=\"twitter:label1\" content=\"Odhadovan\u00e1 doba \u010dten\u00ed\" \/>\n\t<meta name=\"twitter:data1\" content=\"2 minuty\" \/>\n<script type=\"application\/ld+json\" class=\"yoast-schema-graph\">{\"@context\":\"https:\/\/schema.org\",\"@graph\":[{\"@type\":\"WebPage\",\"@id\":\"https:\/\/stavebninynikol.cz\/index.php\/product\/buldok-ciste-odpady-tekuty\/\",\"url\":\"https:\/\/stavebninynikol.cz\/index.php\/product\/buldok-ciste-odpady-tekuty\/\",\"name\":\"Buldok \u010dist\u00e9 odpady tekut\u00fd - StavebninyNikol\",\"isPartOf\":{\"@id\":\"https:\/\/stavebninynikol.cz\/#website\"},\"primaryImageOfPage\":{\"@id\":\"https:\/\/stavebninynikol.cz\/index.php\/product\/buldok-ciste-odpady-tekuty\/#primaryimage\"},\"image\":{\"@id\":\"https:\/\/stavebninynikol.cz\/index.php\/product\/buldok-ciste-odpady-tekuty\/#primaryimage\"},\"thumbnailUrl\":\"https:\/\/stavebninynikol.cz\/wp-content\/uploads\/2025\/09\/www_product_images_esh0000102_20_800x800-q100.webp\",\"datePublished\":\"2025-09-09T07:41:40+00:00\",\"description\":\"Buldok \u010dist\u00e9 odpady tekut\u00fd StavebninyNikol\",\"breadcrumb\":{\"@id\":\"https:\/\/stavebninynikol.cz\/index.php\/product\/buldok-ciste-odpady-tekuty\/#breadcrumb\"},\"inLanguage\":\"cs\",\"potentialAction\":[{\"@type\":\"ReadAction\",\"target\":[\"https:\/\/stavebninynikol.cz\/index.php\/product\/buldok-ciste-odpady-tekuty\/\"]}]},{\"@type\":\"ImageObject\",\"inLanguage\":\"cs\",\"@id\":\"https:\/\/stavebninynikol.cz\/index.php\/product\/buldok-ciste-odpady-tekuty\/#primaryimage\",\"url\":\"https:\/\/stavebninynikol.cz\/wp-content\/uploads\/2025\/09\/www_product_images_esh0000102_20_800x800-q100.webp\",\"contentUrl\":\"https:\/\/stavebninynikol.cz\/wp-content\/uploads\/2025\/09\/www_product_images_esh0000102_20_800x800-q100.webp\",\"width\":800,\"height\":800},{\"@type\":\"BreadcrumbList\",\"@id\":\"https:\/\/stavebninynikol.cz\/index.php\/product\/buldok-ciste-odpady-tekuty\/#breadcrumb\",\"itemListElement\":[{\"@type\":\"ListItem\",\"position\":1,\"name\":\"Dom\u016f\",\"item\":\"https:\/\/stavebninynikol.cz\/\"},{\"@type\":\"ListItem\",\"position\":2,\"name\":\"Take Your Adventure To The Next Level\",\"item\":\"https:\/\/stavebninynikol.cz\/index.php\/shop\/\"},{\"@type\":\"ListItem\",\"position\":3,\"name\":\"Buldok \u010dist\u00e9 odpady tekut\u00fd\"}]},{\"@type\":\"WebSite\",\"@id\":\"https:\/\/stavebninynikol.cz\/#website\",\"url\":\"https:\/\/stavebninynikol.cz\/\",\"name\":\"StavebninyNikol\",\"description\":\"stavebniny nikol\",\"publisher\":{\"@id\":\"https:\/\/stavebninynikol.cz\/#organization\"},\"potentialAction\":[{\"@type\":\"SearchAction\",\"target\":{\"@type\":\"EntryPoint\",\"urlTemplate\":\"https:\/\/stavebninynikol.cz\/?s={search_term_string}\"},\"query-input\":{\"@type\":\"PropertyValueSpecification\",\"valueRequired\":true,\"valueName\":\"search_term_string\"}}],\"inLanguage\":\"cs\"},{\"@type\":\"Organization\",\"@id\":\"https:\/\/stavebninynikol.cz\/#organization\",\"name\":\"StavebninyNikol\",\"url\":\"https:\/\/stavebninynikol.cz\/\",\"logo\":{\"@type\":\"ImageObject\",\"inLanguage\":\"cs\",\"@id\":\"https:\/\/stavebninynikol.cz\/#\/schema\/logo\/image\/\",\"url\":\"https:\/\/stavebninynikol.cz\/wp-content\/uploads\/2025\/07\/NIKOL_logo.eps-1-e1757927564347.webp\",\"contentUrl\":\"https:\/\/stavebninynikol.cz\/wp-content\/uploads\/2025\/07\/NIKOL_logo.eps-1-e1757927564347.webp\",\"width\":512,\"height\":132,\"caption\":\"StavebninyNikol\"},\"image\":{\"@id\":\"https:\/\/stavebninynikol.cz\/#\/schema\/logo\/image\/\"},\"sameAs\":[\"https:\/\/www.facebook.com\/profile.php?id=100057375402895&mibextid=wwXIfr&rdid=6fQOqALSBiK69Ovq&share_url=httpswww.facebook.comshare1AicpAHGFPmibextidwwXIfr\"]}]}<\/script>\n<!-- \/ Yoast SEO plugin. -->","yoast_head_json":{"title":"Buldok \u010dist\u00e9 odpady tekut\u00fd - StavebninyNikol","description":"Buldok \u010dist\u00e9 odpady tekut\u00fd StavebninyNikol","robots":{"index":"index","follow":"follow","max-snippet":"max-snippet:-1","max-image-preview":"max-image-preview:large","max-video-preview":"max-video-preview:-1"},"canonical":"https:\/\/stavebninynikol.cz\/index.php\/product\/buldok-ciste-odpady-tekuty\/","og_locale":"cs_CZ","og_type":"article","og_title":"Buldok \u010dist\u00e9 odpady tekut\u00fd - StavebninyNikol","og_description":"Buldok \u010dist\u00e9 odpady tekut\u00fd StavebninyNikol","og_url":"https:\/\/stavebninynikol.cz\/index.php\/product\/buldok-ciste-odpady-tekuty\/","og_site_name":"StavebninyNikol","article_publisher":"https:\/\/www.facebook.com\/profile.php?id=100057375402895&mibextid=wwXIfr&rdid=6fQOqALSBiK69Ovq&share_url=httpswww.facebook.comshare1AicpAHGFPmibextidwwXIfr","og_image":[{"width":800,"height":800,"url":"https:\/\/stavebninynikol.cz\/wp-content\/uploads\/2025\/09\/www_product_images_esh0000102_20_800x800-q100.webp","type":"image\/webp"}],"twitter_card":"summary_large_image","twitter_misc":{"Odhadovan\u00e1 doba \u010dten\u00ed":"2 minuty"},"schema":{"@context":"https:\/\/schema.org","@graph":[{"@type":"WebPage","@id":"https:\/\/stavebninynikol.cz\/index.php\/product\/buldok-ciste-odpady-tekuty\/","url":"https:\/\/stavebninynikol.cz\/index.php\/product\/buldok-ciste-odpady-tekuty\/","name":"Buldok \u010dist\u00e9 odpady tekut\u00fd - StavebninyNikol","isPartOf":{"@id":"https:\/\/stavebninynikol.cz\/#website"},"primaryImageOfPage":{"@id":"https:\/\/stavebninynikol.cz\/index.php\/product\/buldok-ciste-odpady-tekuty\/#primaryimage"},"image":{"@id":"https:\/\/stavebninynikol.cz\/index.php\/product\/buldok-ciste-odpady-tekuty\/#primaryimage"},"thumbnailUrl":"https:\/\/stavebninynikol.cz\/wp-content\/uploads\/2025\/09\/www_product_images_esh0000102_20_800x800-q100.webp","datePublished":"2025-09-09T07:41:40+00:00","description":"Buldok \u010dist\u00e9 odpady tekut\u00fd StavebninyNikol","breadcrumb":{"@id":"https:\/\/stavebninynikol.cz\/index.php\/product\/buldok-ciste-odpady-tekuty\/#breadcrumb"},"inLanguage":"cs","potentialAction":[{"@type":"ReadAction","target":["https:\/\/stavebninynikol.cz\/index.php\/product\/buldok-ciste-odpady-tekuty\/"]}]},{"@type":"ImageObject","inLanguage":"cs","@id":"https:\/\/stavebninynikol.cz\/index.php\/product\/buldok-ciste-odpady-tekuty\/#primaryimage","url":"https:\/\/stavebninynikol.cz\/wp-content\/uploads\/2025\/09\/www_product_images_esh0000102_20_800x800-q100.webp","contentUrl":"https:\/\/stavebninynikol.cz\/wp-content\/uploads\/2025\/09\/www_product_images_esh0000102_20_800x800-q100.webp","width":800,"height":800},{"@type":"BreadcrumbList","@id":"https:\/\/stavebninynikol.cz\/index.php\/product\/buldok-ciste-odpady-tekuty\/#breadcrumb","itemListElement":[{"@type":"ListItem","position":1,"name":"Dom\u016f","item":"https:\/\/stavebninynikol.cz\/"},{"@type":"ListItem","position":2,"name":"Take Your Adventure To The Next Level","item":"https:\/\/stavebninynikol.cz\/index.php\/shop\/"},{"@type":"ListItem","position":3,"name":"Buldok \u010dist\u00e9 odpady tekut\u00fd"}]},{"@type":"WebSite","@id":"https:\/\/stavebninynikol.cz\/#website","url":"https:\/\/stavebninynikol.cz\/","name":"StavebninyNikol","description":"stavebniny nikol","publisher":{"@id":"https:\/\/stavebninynikol.cz\/#organization"},"potentialAction":[{"@type":"SearchAction","target":{"@type":"EntryPoint","urlTemplate":"https:\/\/stavebninynikol.cz\/?s={search_term_string}"},"query-input":{"@type":"PropertyValueSpecification","valueRequired":true,"valueName":"search_term_string"}}],"inLanguage":"cs"},{"@type":"Organization","@id":"https:\/\/stavebninynikol.cz\/#organization","name":"StavebninyNikol","url":"https:\/\/stavebninynikol.cz\/","logo":{"@type":"ImageObject","inLanguage":"cs","@id":"https:\/\/stavebninynikol.cz\/#\/schema\/logo\/image\/","url":"https:\/\/stavebninynikol.cz\/wp-content\/uploads\/2025\/07\/NIKOL_logo.eps-1-e1757927564347.webp","contentUrl":"https:\/\/stavebninynikol.cz\/wp-content\/uploads\/2025\/07\/NIKOL_logo.eps-1-e1757927564347.webp","width":512,"height":132,"caption":"StavebninyNikol"},"image":{"@id":"https:\/\/stavebninynikol.cz\/#\/schema\/logo\/image\/"},"sameAs":["https:\/\/www.facebook.com\/profile.php?id=100057375402895&mibextid=wwXIfr&rdid=6fQOqALSBiK69Ovq&share_url=httpswww.facebook.comshare1AicpAHGFPmibextidwwXIfr"]}]}},"_links":{"self":[{"href":"https:\/\/stavebninynikol.cz\/index.php\/wp-json\/wp\/v2\/product\/2590","targetHints":{"allow":["GET"]}}],"collection":[{"href":"https:\/\/stavebninynikol.cz\/index.php\/wp-json\/wp\/v2\/product"}],"about":[{"href":"https:\/\/stavebninynikol.cz\/index.php\/wp-json\/wp\/v2\/types\/product"}],"replies":[{"embeddable":true,"href":"https:\/\/stavebninynikol.cz\/index.php\/wp-json\/wp\/v2\/comments?post=2590"}],"wp:featuredmedia":[{"embeddable":true,"href":"https:\/\/stavebninynikol.cz\/index.php\/wp-json\/wp\/v2\/media\/2591"}],"wp:attachment":[{"href":"https:\/\/stavebninynikol.cz\/index.php\/wp-json\/wp\/v2\/media?parent=2590"}],"wp:term":[{"taxonomy":"product_brand","embeddable":true,"href":"https:\/\/stavebninynikol.cz\/index.php\/wp-json\/wp\/v2\/product_brand?post=2590"},{"taxonomy":"product_cat","embeddable":true,"href":"https:\/\/stavebninynikol.cz\/index.php\/wp-json\/wp\/v2\/product_cat?post=2590"},{"taxonomy":"product_tag","embeddable":true,"href":"https:\/\/stavebninynikol.cz\/index.php\/wp-json\/wp\/v2\/product_tag?post=2590"}],"curies":[{"name":"wp","href":"https:\/\/api.w.org\/{rel}","templated":true}]}}