{"id":2596,"date":"2025-09-09T08:00:10","date_gmt":"2025-09-09T08:00:10","guid":{"rendered":"https:\/\/stavebninynikol.cz\/?post_type=product&#038;p=2596"},"modified":"2025-09-09T08:00:10","modified_gmt":"2025-09-09T08:00:10","slug":"buldok-mechstop-cistic","status":"publish","type":"product","link":"https:\/\/stavebninynikol.cz\/index.php\/product\/buldok-mechstop-cistic\/","title":{"rendered":"Buldok mechstop \u010disti\u010d"},"content":{"rendered":"<p>\u010dist\u011bn\u00ed st\u0159ech od mechanick\u00fdch ne\u010distot a d\u00e1le porost\u016f jako jsou \u0159asy nebo mechy. Tak\u00e9 na fas\u00e1dy, zdivo, kameny, kamenn\u00e9 sokly, betonov\u00e9 n\u00e1jezdy, obklady, dla\u017eby, \u017eulov\u00e9 nebo p\u00edskovcov\u00e9 n\u00e1hrobky, podezd\u00edvky sklen\u00edk\u016f, zahradn\u00ed n\u00e1bytek. Lze pou\u017eit na p\u00e1len\u00e9 nebo betonov\u00e9 ta\u0161ky, cementovl\u00e1knit\u00e9 i bitumenov\u00e9 krytiny.<\/p>\n<p><b>Pou\u017eit\u00ed<\/b><br \/>\n\u2022 \u010dist\u011bn\u00ed st\u0159ech od mechanick\u00fdch ne\u010distot a d\u00e1le porost\u016f jako jsou \u0159asy nebo mechy<br \/>\n\u2022 lze pou\u017eit na p\u00e1len\u00e9 nebo betonov\u00e9 ta\u0161ky, \u0161indele, cementovl\u00e1knit\u00e9 i bitumenov\u00e9 krytiny<br \/>\n\u2022 \u010dist\u00ed bezpe\u010dn\u011b i mech z plechov\u00fdch krytin opat\u0159eb\u00fdch barevn\u00fdm n\u00e1t\u011brem<br \/>\n\u2022 vhodn\u00e9 i pro polykarbon\u00e1tov\u00e9 \/ lexan desky (u v\u00edcevrstv\u00fdch desek je jen pot\u0159eba preventivn\u011b db\u00e1t na to, aby p\u0159\u00edpravek nezatekl dovnit\u0159 v\u00edcevrstv\u00e9 desky a nez\u016fstal tam trvale. Pop\u0159\u00edpad\u011b sta\u010d\u00ed dob\u0159e vypl\u00e1chnout)<br \/>\n\u2022 tak\u00e9 na fas\u00e1dy, zdivo, kamenn\u00e9 sokly, betonov\u00e9 n\u00e1jezdy, obklady, dla\u017eby, \u017eulov\u00e9 nebo p\u00edskovcov\u00e9 n\u00e1hrobky, podezd\u00edvky sklen\u00edk\u016f, zahradn\u00ed n\u00e1bytek<br \/>\n\u2022 do exteri\u00e9ru<br \/>\n\u2022 nepo\u0161kozuje m\u011bd\u011bn\u00e9 povrchy<\/p>\n<p><b>V\u00fdhody<\/b><br \/>\n\u2022 \u010dist\u00ed venkovn\u00ed povrchy staveb<br \/>\n\u2022 snadn\u00e9 pou\u017eit\u00ed, neupravuje se, ne\u0159ed\u00ed se<br \/>\n\u2022 \u00fa\u010dinn\u00fd na sav\u00fdch i nesav\u00fdch podkladech<br \/>\n\u2022 vyr\u00e1b\u011bno v syst\u00e9mu \u0159\u00edzen\u00ed jakosti ISO 9001<br \/>\n\u2022 vyroben\u00e9 v \u010cR<\/p>\n<p><b>Pracovn\u00ed postup<\/b><br \/>\nPovrch pro o\u0161et\u0159en\u00ed mus\u00ed b\u00fdt such\u00fd a nesm\u00ed b\u00fdt namrzl\u00fd ani oj\u00edn\u011bn\u00fd. Produkt je p\u0159ipraven k pou\u017eit\u00ed, ne\u0159e\u010fte jej. Nan\u00e1\u0161ejte za such\u00e9ho po\u010das\u00ed \u0161t\u011btcem, n\u00edzkotlak\u00fdm post\u0159ikova\u010dem, rozlivem pomoc\u00ed konve, smet\u00e1kem nebo kart\u00e1\u010dem. \u010ci\u0161t\u011bn\u00fd povrch mus\u00ed b\u00fdt po nanesen\u00ed zcela mokr\u00fd. P\u0159i v\u011bt\u0161\u00edm zne\u010di\u0161t\u011bn\u00ed postup opakujte po 2 \u2013 3 dnech. Nepou\u017e\u00edvejte p\u0159ed de\u0161t\u011bm, \u010distic\u00ed \u00fa\u010dinnost se sni\u017euje. Po\u017eadujete-li okam\u017eit\u00fd \u010dist\u00fd efekt, opl\u00e1chn\u011bte povrch po 24 hodin\u00e1ch tlakovou vodou. N\u00e1sledn\u00e9 opl\u00e1chnut\u00ed nen\u00ed obvykle nutn\u00e9, v p\u0159\u00edpad\u011b de\u0161t\u011b a pov\u011btrnostn\u00edch vliv\u016f dojde k spl\u00e1chnut\u00ed p\u0159\u00edpravkem uvoln\u011bn\u00fdch ne\u010distot a porost\u016f. Siln\u011bj\u0161\u00ed vrstvy je nutn\u00e9 opl\u00e1chnout zahradn\u00ed hadic\u00ed, vysokotlak\u00fdm \u010disti\u010dem a\/nebo odstranit jemn\u011b pomoc\u00ed kart\u00e1\u010de. Vysokotlak\u00fd \u010disti\u010d nepou\u017e\u00edvejte na asfaltov\u00e9 st\u0159e\u0161n\u00ed krytiny se zrnit\u00fdmi povrchy.<\/p>\n<p><b>Na co si d\u00e1t pozor?<\/b><br \/>\nNa pozinkovan\u00e9m plechu m\u016f\u017ee zanechat \u0161mouhy. Pozinkovan\u00fd povrch nepo\u0161kod\u00ed do hloubky, ale m\u016f\u017ee esteticky znehodnotit. Plat\u00ed zlat\u00e9 pravidlo, stejn\u011b jako p\u0159i aplikaci jin\u00fdch podobn\u00fdch \u010dist\u00edc\u00edch p\u0159\u00edpravk\u016f &#8211; Pro kontrolu v\u017edy vyzkou\u0161ejte p\u0159edem na neexponovan\u00e9m m\u00edst\u011b \u010di\u0161t\u011bn\u00e9ho povrchu.<\/p>\n<p><b>Upozorn\u011bn\u00ed<\/b><br \/>\nP\u0159\u00edpravek pou\u017e\u00edvejte za p\u011bkn\u00e9ho, such\u00e9ho a bezv\u011btrn\u00e9ho po\u010das\u00ed. P\u0159i teplot\u00e1ch nad +30 \u00b0C doch\u00e1z\u00ed k rychl\u00e9mu odpa\u0159ov\u00e1n\u00ed a sni\u017eov\u00e1n\u00ed \u00fa\u010dinnosti. Dbejte na to, aby p\u0159i nan\u00e1\u0161en\u00ed post\u0159ikem nedo\u0161lo k zasa\u017een\u00ed bl\u00edzk\u00fdch strom\u016f a jin\u00e9 vegetace.<\/p>\n","protected":false},"excerpt":{"rendered":"<p>\u010cistic\u00ed prost\u0159edek na v\u0161echny druhy miner\u00e1ln\u00edch st\u0159e\u0161n\u00edch krytin, fas\u00e1d, zdivo, kamenn\u00e9 sokly atd. Snadn\u00e9 pou\u017eit\u00ed, neupravuje se.<\/p>\n","protected":false},"featured_media":2597,"comment_status":"open","ping_status":"closed","template":"","meta":[],"product_brand":[],"product_cat":[234,224],"product_tag":[],"class_list":{"0":"post-2596","1":"product","2":"type-product","3":"status-publish","4":"has-post-thumbnail","6":"product_cat-cistici-a-udrzbova-chemie","7":"product_cat-stavebni-chemie","9":"first","10":"instock","11":"shipping-taxable","12":"product-type-variable","13":"has-default-attributes"},"yoast_head":"<!-- This site is optimized with the Yoast SEO plugin v26.9 - https:\/\/yoast.com\/product\/yoast-seo-wordpress\/ -->\n<title>Buldok mechstop \u010disti\u010d - StavebninyNikol<\/title>\n<meta name=\"description\" content=\"Buldok mechstop \u010disti\u010d StavebninyNikol\" \/>\n<meta name=\"robots\" content=\"index, follow, max-snippet:-1, max-image-preview:large, max-video-preview:-1\" \/>\n<link rel=\"canonical\" href=\"https:\/\/stavebninynikol.cz\/index.php\/product\/buldok-mechstop-cistic\/\" \/>\n<meta property=\"og:locale\" content=\"cs_CZ\" \/>\n<meta property=\"og:type\" content=\"article\" \/>\n<meta property=\"og:title\" content=\"Buldok mechstop \u010disti\u010d - StavebninyNikol\" \/>\n<meta property=\"og:description\" content=\"Buldok mechstop \u010disti\u010d StavebninyNikol\" \/>\n<meta property=\"og:url\" content=\"https:\/\/stavebninynikol.cz\/index.php\/product\/buldok-mechstop-cistic\/\" \/>\n<meta property=\"og:site_name\" content=\"StavebninyNikol\" \/>\n<meta property=\"article:publisher\" content=\"https:\/\/www.facebook.com\/profile.php?id=100057375402895&amp;mibextid=wwXIfr&amp;rdid=6fQOqALSBiK69Ovq&amp;share_url=httpswww.facebook.comshare1AicpAHGFPmibextidwwXIfr\" \/>\n<meta property=\"og:image\" content=\"https:\/\/stavebninynikol.cz\/wp-content\/uploads\/2025\/09\/www_product_images_esh0001738_20_800x800-q100.webp\" \/>\n\t<meta property=\"og:image:width\" content=\"800\" \/>\n\t<meta property=\"og:image:height\" content=\"800\" \/>\n\t<meta property=\"og:image:type\" content=\"image\/webp\" \/>\n<meta name=\"twitter:card\" content=\"summary_large_image\" \/>\n<meta name=\"twitter:label1\" content=\"Odhadovan\u00e1 doba \u010dten\u00ed\" \/>\n\t<meta name=\"twitter:data1\" content=\"3 minuty\" \/>\n<script type=\"application\/ld+json\" class=\"yoast-schema-graph\">{\"@context\":\"https:\/\/schema.org\",\"@graph\":[{\"@type\":\"WebPage\",\"@id\":\"https:\/\/stavebninynikol.cz\/index.php\/product\/buldok-mechstop-cistic\/\",\"url\":\"https:\/\/stavebninynikol.cz\/index.php\/product\/buldok-mechstop-cistic\/\",\"name\":\"Buldok mechstop \u010disti\u010d - StavebninyNikol\",\"isPartOf\":{\"@id\":\"https:\/\/stavebninynikol.cz\/#website\"},\"primaryImageOfPage\":{\"@id\":\"https:\/\/stavebninynikol.cz\/index.php\/product\/buldok-mechstop-cistic\/#primaryimage\"},\"image\":{\"@id\":\"https:\/\/stavebninynikol.cz\/index.php\/product\/buldok-mechstop-cistic\/#primaryimage\"},\"thumbnailUrl\":\"https:\/\/stavebninynikol.cz\/wp-content\/uploads\/2025\/09\/www_product_images_esh0001738_20_800x800-q100.webp\",\"datePublished\":\"2025-09-09T08:00:10+00:00\",\"description\":\"Buldok mechstop \u010disti\u010d StavebninyNikol\",\"breadcrumb\":{\"@id\":\"https:\/\/stavebninynikol.cz\/index.php\/product\/buldok-mechstop-cistic\/#breadcrumb\"},\"inLanguage\":\"cs\",\"potentialAction\":[{\"@type\":\"ReadAction\",\"target\":[\"https:\/\/stavebninynikol.cz\/index.php\/product\/buldok-mechstop-cistic\/\"]}]},{\"@type\":\"ImageObject\",\"inLanguage\":\"cs\",\"@id\":\"https:\/\/stavebninynikol.cz\/index.php\/product\/buldok-mechstop-cistic\/#primaryimage\",\"url\":\"https:\/\/stavebninynikol.cz\/wp-content\/uploads\/2025\/09\/www_product_images_esh0001738_20_800x800-q100.webp\",\"contentUrl\":\"https:\/\/stavebninynikol.cz\/wp-content\/uploads\/2025\/09\/www_product_images_esh0001738_20_800x800-q100.webp\",\"width\":800,\"height\":800},{\"@type\":\"BreadcrumbList\",\"@id\":\"https:\/\/stavebninynikol.cz\/index.php\/product\/buldok-mechstop-cistic\/#breadcrumb\",\"itemListElement\":[{\"@type\":\"ListItem\",\"position\":1,\"name\":\"Dom\u016f\",\"item\":\"https:\/\/stavebninynikol.cz\/\"},{\"@type\":\"ListItem\",\"position\":2,\"name\":\"Take Your Adventure To The Next Level\",\"item\":\"https:\/\/stavebninynikol.cz\/index.php\/shop\/\"},{\"@type\":\"ListItem\",\"position\":3,\"name\":\"Buldok mechstop \u010disti\u010d\"}]},{\"@type\":\"WebSite\",\"@id\":\"https:\/\/stavebninynikol.cz\/#website\",\"url\":\"https:\/\/stavebninynikol.cz\/\",\"name\":\"StavebninyNikol\",\"description\":\"stavebniny nikol\",\"publisher\":{\"@id\":\"https:\/\/stavebninynikol.cz\/#organization\"},\"potentialAction\":[{\"@type\":\"SearchAction\",\"target\":{\"@type\":\"EntryPoint\",\"urlTemplate\":\"https:\/\/stavebninynikol.cz\/?s={search_term_string}\"},\"query-input\":{\"@type\":\"PropertyValueSpecification\",\"valueRequired\":true,\"valueName\":\"search_term_string\"}}],\"inLanguage\":\"cs\"},{\"@type\":\"Organization\",\"@id\":\"https:\/\/stavebninynikol.cz\/#organization\",\"name\":\"StavebninyNikol\",\"url\":\"https:\/\/stavebninynikol.cz\/\",\"logo\":{\"@type\":\"ImageObject\",\"inLanguage\":\"cs\",\"@id\":\"https:\/\/stavebninynikol.cz\/#\/schema\/logo\/image\/\",\"url\":\"https:\/\/stavebninynikol.cz\/wp-content\/uploads\/2025\/07\/NIKOL_logo.eps-1-e1757927564347.webp\",\"contentUrl\":\"https:\/\/stavebninynikol.cz\/wp-content\/uploads\/2025\/07\/NIKOL_logo.eps-1-e1757927564347.webp\",\"width\":512,\"height\":132,\"caption\":\"StavebninyNikol\"},\"image\":{\"@id\":\"https:\/\/stavebninynikol.cz\/#\/schema\/logo\/image\/\"},\"sameAs\":[\"https:\/\/www.facebook.com\/profile.php?id=100057375402895&mibextid=wwXIfr&rdid=6fQOqALSBiK69Ovq&share_url=httpswww.facebook.comshare1AicpAHGFPmibextidwwXIfr\"]}]}<\/script>\n<!-- \/ Yoast SEO plugin. -->","yoast_head_json":{"title":"Buldok mechstop \u010disti\u010d - StavebninyNikol","description":"Buldok mechstop \u010disti\u010d StavebninyNikol","robots":{"index":"index","follow":"follow","max-snippet":"max-snippet:-1","max-image-preview":"max-image-preview:large","max-video-preview":"max-video-preview:-1"},"canonical":"https:\/\/stavebninynikol.cz\/index.php\/product\/buldok-mechstop-cistic\/","og_locale":"cs_CZ","og_type":"article","og_title":"Buldok mechstop \u010disti\u010d - StavebninyNikol","og_description":"Buldok mechstop \u010disti\u010d StavebninyNikol","og_url":"https:\/\/stavebninynikol.cz\/index.php\/product\/buldok-mechstop-cistic\/","og_site_name":"StavebninyNikol","article_publisher":"https:\/\/www.facebook.com\/profile.php?id=100057375402895&mibextid=wwXIfr&rdid=6fQOqALSBiK69Ovq&share_url=httpswww.facebook.comshare1AicpAHGFPmibextidwwXIfr","og_image":[{"width":800,"height":800,"url":"https:\/\/stavebninynikol.cz\/wp-content\/uploads\/2025\/09\/www_product_images_esh0001738_20_800x800-q100.webp","type":"image\/webp"}],"twitter_card":"summary_large_image","twitter_misc":{"Odhadovan\u00e1 doba \u010dten\u00ed":"3 minuty"},"schema":{"@context":"https:\/\/schema.org","@graph":[{"@type":"WebPage","@id":"https:\/\/stavebninynikol.cz\/index.php\/product\/buldok-mechstop-cistic\/","url":"https:\/\/stavebninynikol.cz\/index.php\/product\/buldok-mechstop-cistic\/","name":"Buldok mechstop \u010disti\u010d - StavebninyNikol","isPartOf":{"@id":"https:\/\/stavebninynikol.cz\/#website"},"primaryImageOfPage":{"@id":"https:\/\/stavebninynikol.cz\/index.php\/product\/buldok-mechstop-cistic\/#primaryimage"},"image":{"@id":"https:\/\/stavebninynikol.cz\/index.php\/product\/buldok-mechstop-cistic\/#primaryimage"},"thumbnailUrl":"https:\/\/stavebninynikol.cz\/wp-content\/uploads\/2025\/09\/www_product_images_esh0001738_20_800x800-q100.webp","datePublished":"2025-09-09T08:00:10+00:00","description":"Buldok mechstop \u010disti\u010d StavebninyNikol","breadcrumb":{"@id":"https:\/\/stavebninynikol.cz\/index.php\/product\/buldok-mechstop-cistic\/#breadcrumb"},"inLanguage":"cs","potentialAction":[{"@type":"ReadAction","target":["https:\/\/stavebninynikol.cz\/index.php\/product\/buldok-mechstop-cistic\/"]}]},{"@type":"ImageObject","inLanguage":"cs","@id":"https:\/\/stavebninynikol.cz\/index.php\/product\/buldok-mechstop-cistic\/#primaryimage","url":"https:\/\/stavebninynikol.cz\/wp-content\/uploads\/2025\/09\/www_product_images_esh0001738_20_800x800-q100.webp","contentUrl":"https:\/\/stavebninynikol.cz\/wp-content\/uploads\/2025\/09\/www_product_images_esh0001738_20_800x800-q100.webp","width":800,"height":800},{"@type":"BreadcrumbList","@id":"https:\/\/stavebninynikol.cz\/index.php\/product\/buldok-mechstop-cistic\/#breadcrumb","itemListElement":[{"@type":"ListItem","position":1,"name":"Dom\u016f","item":"https:\/\/stavebninynikol.cz\/"},{"@type":"ListItem","position":2,"name":"Take Your Adventure To The Next Level","item":"https:\/\/stavebninynikol.cz\/index.php\/shop\/"},{"@type":"ListItem","position":3,"name":"Buldok mechstop \u010disti\u010d"}]},{"@type":"WebSite","@id":"https:\/\/stavebninynikol.cz\/#website","url":"https:\/\/stavebninynikol.cz\/","name":"StavebninyNikol","description":"stavebniny nikol","publisher":{"@id":"https:\/\/stavebninynikol.cz\/#organization"},"potentialAction":[{"@type":"SearchAction","target":{"@type":"EntryPoint","urlTemplate":"https:\/\/stavebninynikol.cz\/?s={search_term_string}"},"query-input":{"@type":"PropertyValueSpecification","valueRequired":true,"valueName":"search_term_string"}}],"inLanguage":"cs"},{"@type":"Organization","@id":"https:\/\/stavebninynikol.cz\/#organization","name":"StavebninyNikol","url":"https:\/\/stavebninynikol.cz\/","logo":{"@type":"ImageObject","inLanguage":"cs","@id":"https:\/\/stavebninynikol.cz\/#\/schema\/logo\/image\/","url":"https:\/\/stavebninynikol.cz\/wp-content\/uploads\/2025\/07\/NIKOL_logo.eps-1-e1757927564347.webp","contentUrl":"https:\/\/stavebninynikol.cz\/wp-content\/uploads\/2025\/07\/NIKOL_logo.eps-1-e1757927564347.webp","width":512,"height":132,"caption":"StavebninyNikol"},"image":{"@id":"https:\/\/stavebninynikol.cz\/#\/schema\/logo\/image\/"},"sameAs":["https:\/\/www.facebook.com\/profile.php?id=100057375402895&mibextid=wwXIfr&rdid=6fQOqALSBiK69Ovq&share_url=httpswww.facebook.comshare1AicpAHGFPmibextidwwXIfr"]}]}},"_links":{"self":[{"href":"https:\/\/stavebninynikol.cz\/index.php\/wp-json\/wp\/v2\/product\/2596","targetHints":{"allow":["GET"]}}],"collection":[{"href":"https:\/\/stavebninynikol.cz\/index.php\/wp-json\/wp\/v2\/product"}],"about":[{"href":"https:\/\/stavebninynikol.cz\/index.php\/wp-json\/wp\/v2\/types\/product"}],"replies":[{"embeddable":true,"href":"https:\/\/stavebninynikol.cz\/index.php\/wp-json\/wp\/v2\/comments?post=2596"}],"wp:featuredmedia":[{"embeddable":true,"href":"https:\/\/stavebninynikol.cz\/index.php\/wp-json\/wp\/v2\/media\/2597"}],"wp:attachment":[{"href":"https:\/\/stavebninynikol.cz\/index.php\/wp-json\/wp\/v2\/media?parent=2596"}],"wp:term":[{"taxonomy":"product_brand","embeddable":true,"href":"https:\/\/stavebninynikol.cz\/index.php\/wp-json\/wp\/v2\/product_brand?post=2596"},{"taxonomy":"product_cat","embeddable":true,"href":"https:\/\/stavebninynikol.cz\/index.php\/wp-json\/wp\/v2\/product_cat?post=2596"},{"taxonomy":"product_tag","embeddable":true,"href":"https:\/\/stavebninynikol.cz\/index.php\/wp-json\/wp\/v2\/product_tag?post=2596"}],"curies":[{"name":"wp","href":"https:\/\/api.w.org\/{rel}","templated":true}]}}