{"id":2601,"date":"2025-09-09T08:03:17","date_gmt":"2025-09-09T08:03:17","guid":{"rendered":"https:\/\/stavebninynikol.cz\/?post_type=product&#038;p=2601"},"modified":"2025-09-09T08:03:18","modified_gmt":"2025-09-09T08:03:18","slug":"buldok-odstranovac-vodniho-kamene-075kg","status":"publish","type":"product","link":"https:\/\/stavebninynikol.cz\/index.php\/product\/buldok-odstranovac-vodniho-kamene-075kg\/","title":{"rendered":"Buldok odstra\u0148ova\u010d vodn\u00edho kamene 0,75kg"},"content":{"rendered":"<p>P\u0159\u00edpravek dok\u00e1\u017ee spolehliv\u011b odstranit vodn\u00ed k\u00e1men a v\u00e1penat\u00e9 usazeniny ve varn\u00fdch konvic\u00edch, varn\u00fdch n\u00e1dob\u00e1ch, k\u00e1vovarech, p\u0159ekap\u00e1va\u010d\u00edch, pra\u010dk\u00e1ch, my\u010dk\u00e1ch n\u00e1dob\u00ed nebo tak\u00e9 v\u00a0dom\u00e1c\u00edch spot\u0159ebi\u010d\u00edch, jen\u017e p\u0159ich\u00e1z\u00ed do styku s potravinami. Z\u00e1rove\u0148 umo\u017e\u0148uje \u010di\u0161t\u011bn\u00ed sprchov\u00fdch kout\u016f, van, umyvadel, d\u0159ez\u016f. Jeho sou\u010d\u00e1st\u00ed nejsou organick\u00e1 rozpou\u0161t\u011bdla ani miner\u00e1ln\u00ed kyseliny. Nezp\u016fsobuje korozi a je snadno pou\u017eiteln\u00fd.<\/p>\n<p><b>BULDOK Odstra\u0148ova\u010d vodn\u00edho kamene<\/b>\u00a0je krystalick\u00fd p\u0159\u00edpravek, kter\u00fd odstra\u0148uje vodn\u00ed k\u00e1men a v\u00e1penat\u00e9 usazeniny ve varn\u00fdch dom\u00e1c\u00edch spot\u0159ebi\u010d\u00edch.<\/p>\n<p>\u2022 Efektivn\u00ed odstran\u011bn\u00ed vodn\u00edho kamene a v\u00e1penat\u00fdch usazenin.<br \/>\n\u2022 Neobsahuje organick\u00e1 rozpou\u0161t\u011bdla ani miner\u00e1ln\u00ed kyseliny.<br \/>\n\u2022 Nezp\u016fsobuje korozi.<\/p>\n<p><b>Charakteristika:<\/b><br \/>\n\u2022 snadno pou\u017eiteln\u00fd<br \/>\n\u2022 lze pou\u017e\u00edt i na spot\u0159ebi\u010de, kter\u00e9 budou ve styku s potravinami<br \/>\n\u2022 neobsahuje organick\u00e1 rozpou\u0161t\u011bdla ani miner\u00e1ln\u00ed kyseliny<br \/>\n\u2022 nezp\u016fsobuje korozi<br \/>\n\u2022 vyr\u00e1b\u011bn v syst\u00e9mu \u0159\u00edzen\u00ed jakosti ISO 9001 v \u010cR<\/p>\n<p><b>P\u0159\u00edklady pou\u017eit\u00ed:<\/b><br \/>\n\u2022 odstra\u0148ov\u00e1n\u00ed vodn\u00edho kamene a usazenin v my\u010dk\u00e1ch n\u00e1dob\u00ed, pra\u010dk\u00e1ch, k\u00e1vovarech, p\u0159ekap\u00e1va\u010d\u00edch a varn\u00fdch n\u00e1dob\u00e1ch<br \/>\n\u2022 odstra\u0148ov\u00e1n\u00ed vodn\u00edho kamene ze sprchov\u00fdch kout\u016f, van, um\u00fdvadel, d\u0159ez\u016f apod.<\/p>\n<p><b>Technick\u00e1 data:<\/b><br \/>\n\u2022 \u00da\u010dinn\u00e1 l\u00e1tka: kyselina citronov\u00e1<br \/>\n\u2022 Konzistence: b\u00edl\u00e9 krystalky<br \/>\n\u2022 \u0158ed\u011bn\u00ed: ne\u0159ed\u00ed se<br \/>\n\u2022 D\u00e1vkov\u00e1n\u00ed: dle spot\u0159ebi\u010de viz n\u00e1vod<br \/>\n\u2022 Hodnota pH: 1,8 (50 g\/l; 20 \u00b0C)<br \/>\n\u2022 Rozpustnost ve vod\u011b: 676 g\/l (25 \u00b0C)<br \/>\n\u2022 Doba pou\u017eitelnosti: 3 roky od data na obale<br \/>\n\u2022 Skladov\u00e1n\u00ed: v p\u016fvodn\u00edm balen\u00ed, na such\u00fdch m\u00edstech<\/p>\n<p><b>Pracovn\u00ed postup:<\/b><br \/>\n\u2022 Pra\u010dka \u2013 do bubnu pra\u010dky nas\u00fdpejte 100 g p\u0159\u00edpravku (8 pol\u00e9vkov\u00fdch l\u017eic), zapn\u011bte prac\u00ed program na +90 \u00b0C a nechejte ho prob\u011bhnout v\u010detn\u011b proplachu.<br \/>\n\u2022 My\u010dka n\u00e1dob\u00ed \u2013 do d\u00e1vkovac\u00edho z\u00e1sobn\u00edku nas\u00fdpejte p\u0159\u00edpravek po rysku MAX, zapn\u011bte myc\u00ed program na nejvy\u0161\u0161\u00ed teplotu a nechejte prob\u011bhnout v\u010detn\u011b proplachu.<br \/>\n\u2022 Varn\u00e1 konvice &#8211; napl\u0148te konvici vodou na maximum, p\u0159idejte pol\u00e9vkovou l\u017e\u00edci p\u0159\u00edpravku, oh\u0159ejte do varu a nechejte p\u016fsobit bez dal\u0161\u00edho oh\u0159evu asi hodinu. Po \u010di\u0161t\u011bn\u00ed konvici vylijte a opakovan\u011b vyva\u0159te \u010distou vodou.<br \/>\n\u2022 K\u00e1vovar \u2013 ve vod\u011b (mno\u017estv\u00ed podle max. n\u00e1pln\u011b dan\u00e9ho p\u0159\u00edstroje) rozpus\u0165te pol\u00e9vkovou l\u017e\u00edci p\u0159\u00edpravku a vlijte do k\u00e1vovaru. Nechejte proj\u00edt zapnut\u00fdm k\u00e1vovarem a nakonec postup zopakujte s \u010distou vodou. Pokud jsou n\u00e1nosy vodn\u00edho kamene siln\u00e9, v\u00fd\u0161e u veden\u00e9 postupy opakujte do odstran\u011bn\u00ed. P\u0159i \u010di\u0161t\u011bn\u00ed van, um\u00fdvadel, \u2026 rozpus\u0165te pol\u00e9vkovou l\u017e\u00edci a \u00bd deci vody, naneste houbi\u010dkou a nechejte p\u016fsobit, pot\u00e9 opl\u00e1chn\u011bte vodou.<\/p>\n","protected":false},"excerpt":{"rendered":"<p>Granule d\u016fkladn\u011b odstra\u0148uj\u00edc\u00ed vodn\u00ed k\u00e1men a v\u00e1penat\u00e9 usazeniny ve varn\u00fdch dom\u00e1c\u00edch spot\u0159ebi\u010d\u00edch.<\/p>\n","protected":false},"featured_media":2602,"comment_status":"open","ping_status":"closed","template":"","meta":[],"product_brand":[],"product_cat":[234,224],"product_tag":[],"class_list":{"0":"post-2601","1":"product","2":"type-product","3":"status-publish","4":"has-post-thumbnail","6":"product_cat-cistici-a-udrzbova-chemie","7":"product_cat-stavebni-chemie","9":"first","10":"instock","11":"shipping-taxable","12":"product-type-simple"},"yoast_head":"<!-- This site is optimized with the Yoast SEO plugin v26.9 - https:\/\/yoast.com\/product\/yoast-seo-wordpress\/ -->\n<title>Buldok odstra\u0148ova\u010d vodn\u00edho kamene 0,75kg - StavebninyNikol<\/title>\n<meta name=\"description\" content=\"Buldok odstra\u0148ova\u010d vodn\u00edho kamene 0,75kg StavebninyNikol\" \/>\n<meta name=\"robots\" content=\"index, follow, max-snippet:-1, max-image-preview:large, max-video-preview:-1\" \/>\n<link rel=\"canonical\" href=\"https:\/\/stavebninynikol.cz\/index.php\/product\/buldok-odstranovac-vodniho-kamene-075kg\/\" \/>\n<meta property=\"og:locale\" content=\"cs_CZ\" \/>\n<meta property=\"og:type\" content=\"article\" \/>\n<meta property=\"og:title\" content=\"Buldok odstra\u0148ova\u010d vodn\u00edho kamene 0,75kg - StavebninyNikol\" \/>\n<meta property=\"og:description\" content=\"Buldok odstra\u0148ova\u010d vodn\u00edho kamene 0,75kg StavebninyNikol\" \/>\n<meta property=\"og:url\" content=\"https:\/\/stavebninynikol.cz\/index.php\/product\/buldok-odstranovac-vodniho-kamene-075kg\/\" \/>\n<meta property=\"og:site_name\" content=\"StavebninyNikol\" \/>\n<meta property=\"article:publisher\" content=\"https:\/\/www.facebook.com\/profile.php?id=100057375402895&amp;mibextid=wwXIfr&amp;rdid=6fQOqALSBiK69Ovq&amp;share_url=httpswww.facebook.comshare1AicpAHGFPmibextidwwXIfr\" \/>\n<meta property=\"article:modified_time\" content=\"2025-09-09T08:03:18+00:00\" \/>\n<meta property=\"og:image\" content=\"https:\/\/stavebninynikol.cz\/wp-content\/uploads\/2025\/09\/www_product_images_esh0000092_20_800x800-q100-1.webp\" \/>\n\t<meta property=\"og:image:width\" content=\"800\" \/>\n\t<meta property=\"og:image:height\" content=\"800\" \/>\n\t<meta property=\"og:image:type\" content=\"image\/webp\" \/>\n<meta name=\"twitter:card\" content=\"summary_large_image\" \/>\n<meta name=\"twitter:label1\" content=\"Odhadovan\u00e1 doba \u010dten\u00ed\" \/>\n\t<meta name=\"twitter:data1\" content=\"2 minuty\" \/>\n<script type=\"application\/ld+json\" class=\"yoast-schema-graph\">{\"@context\":\"https:\/\/schema.org\",\"@graph\":[{\"@type\":\"WebPage\",\"@id\":\"https:\/\/stavebninynikol.cz\/index.php\/product\/buldok-odstranovac-vodniho-kamene-075kg\/\",\"url\":\"https:\/\/stavebninynikol.cz\/index.php\/product\/buldok-odstranovac-vodniho-kamene-075kg\/\",\"name\":\"Buldok odstra\u0148ova\u010d vodn\u00edho kamene 0,75kg - StavebninyNikol\",\"isPartOf\":{\"@id\":\"https:\/\/stavebninynikol.cz\/#website\"},\"primaryImageOfPage\":{\"@id\":\"https:\/\/stavebninynikol.cz\/index.php\/product\/buldok-odstranovac-vodniho-kamene-075kg\/#primaryimage\"},\"image\":{\"@id\":\"https:\/\/stavebninynikol.cz\/index.php\/product\/buldok-odstranovac-vodniho-kamene-075kg\/#primaryimage\"},\"thumbnailUrl\":\"https:\/\/stavebninynikol.cz\/wp-content\/uploads\/2025\/09\/www_product_images_esh0000092_20_800x800-q100-1.webp\",\"datePublished\":\"2025-09-09T08:03:17+00:00\",\"dateModified\":\"2025-09-09T08:03:18+00:00\",\"description\":\"Buldok odstra\u0148ova\u010d vodn\u00edho kamene 0,75kg StavebninyNikol\",\"breadcrumb\":{\"@id\":\"https:\/\/stavebninynikol.cz\/index.php\/product\/buldok-odstranovac-vodniho-kamene-075kg\/#breadcrumb\"},\"inLanguage\":\"cs\",\"potentialAction\":[{\"@type\":\"ReadAction\",\"target\":[\"https:\/\/stavebninynikol.cz\/index.php\/product\/buldok-odstranovac-vodniho-kamene-075kg\/\"]}]},{\"@type\":\"ImageObject\",\"inLanguage\":\"cs\",\"@id\":\"https:\/\/stavebninynikol.cz\/index.php\/product\/buldok-odstranovac-vodniho-kamene-075kg\/#primaryimage\",\"url\":\"https:\/\/stavebninynikol.cz\/wp-content\/uploads\/2025\/09\/www_product_images_esh0000092_20_800x800-q100-1.webp\",\"contentUrl\":\"https:\/\/stavebninynikol.cz\/wp-content\/uploads\/2025\/09\/www_product_images_esh0000092_20_800x800-q100-1.webp\",\"width\":800,\"height\":800},{\"@type\":\"BreadcrumbList\",\"@id\":\"https:\/\/stavebninynikol.cz\/index.php\/product\/buldok-odstranovac-vodniho-kamene-075kg\/#breadcrumb\",\"itemListElement\":[{\"@type\":\"ListItem\",\"position\":1,\"name\":\"Dom\u016f\",\"item\":\"https:\/\/stavebninynikol.cz\/\"},{\"@type\":\"ListItem\",\"position\":2,\"name\":\"Take Your Adventure To The Next Level\",\"item\":\"https:\/\/stavebninynikol.cz\/index.php\/shop\/\"},{\"@type\":\"ListItem\",\"position\":3,\"name\":\"Buldok odstra\u0148ova\u010d vodn\u00edho kamene 0,75kg\"}]},{\"@type\":\"WebSite\",\"@id\":\"https:\/\/stavebninynikol.cz\/#website\",\"url\":\"https:\/\/stavebninynikol.cz\/\",\"name\":\"StavebninyNikol\",\"description\":\"stavebniny nikol\",\"publisher\":{\"@id\":\"https:\/\/stavebninynikol.cz\/#organization\"},\"potentialAction\":[{\"@type\":\"SearchAction\",\"target\":{\"@type\":\"EntryPoint\",\"urlTemplate\":\"https:\/\/stavebninynikol.cz\/?s={search_term_string}\"},\"query-input\":{\"@type\":\"PropertyValueSpecification\",\"valueRequired\":true,\"valueName\":\"search_term_string\"}}],\"inLanguage\":\"cs\"},{\"@type\":\"Organization\",\"@id\":\"https:\/\/stavebninynikol.cz\/#organization\",\"name\":\"StavebninyNikol\",\"url\":\"https:\/\/stavebninynikol.cz\/\",\"logo\":{\"@type\":\"ImageObject\",\"inLanguage\":\"cs\",\"@id\":\"https:\/\/stavebninynikol.cz\/#\/schema\/logo\/image\/\",\"url\":\"https:\/\/stavebninynikol.cz\/wp-content\/uploads\/2025\/07\/NIKOL_logo.eps-1-e1757927564347.webp\",\"contentUrl\":\"https:\/\/stavebninynikol.cz\/wp-content\/uploads\/2025\/07\/NIKOL_logo.eps-1-e1757927564347.webp\",\"width\":512,\"height\":132,\"caption\":\"StavebninyNikol\"},\"image\":{\"@id\":\"https:\/\/stavebninynikol.cz\/#\/schema\/logo\/image\/\"},\"sameAs\":[\"https:\/\/www.facebook.com\/profile.php?id=100057375402895&mibextid=wwXIfr&rdid=6fQOqALSBiK69Ovq&share_url=httpswww.facebook.comshare1AicpAHGFPmibextidwwXIfr\"]}]}<\/script>\n<!-- \/ Yoast SEO plugin. -->","yoast_head_json":{"title":"Buldok odstra\u0148ova\u010d vodn\u00edho kamene 0,75kg - StavebninyNikol","description":"Buldok odstra\u0148ova\u010d vodn\u00edho kamene 0,75kg StavebninyNikol","robots":{"index":"index","follow":"follow","max-snippet":"max-snippet:-1","max-image-preview":"max-image-preview:large","max-video-preview":"max-video-preview:-1"},"canonical":"https:\/\/stavebninynikol.cz\/index.php\/product\/buldok-odstranovac-vodniho-kamene-075kg\/","og_locale":"cs_CZ","og_type":"article","og_title":"Buldok odstra\u0148ova\u010d vodn\u00edho kamene 0,75kg - StavebninyNikol","og_description":"Buldok odstra\u0148ova\u010d vodn\u00edho kamene 0,75kg StavebninyNikol","og_url":"https:\/\/stavebninynikol.cz\/index.php\/product\/buldok-odstranovac-vodniho-kamene-075kg\/","og_site_name":"StavebninyNikol","article_publisher":"https:\/\/www.facebook.com\/profile.php?id=100057375402895&mibextid=wwXIfr&rdid=6fQOqALSBiK69Ovq&share_url=httpswww.facebook.comshare1AicpAHGFPmibextidwwXIfr","article_modified_time":"2025-09-09T08:03:18+00:00","og_image":[{"width":800,"height":800,"url":"https:\/\/stavebninynikol.cz\/wp-content\/uploads\/2025\/09\/www_product_images_esh0000092_20_800x800-q100-1.webp","type":"image\/webp"}],"twitter_card":"summary_large_image","twitter_misc":{"Odhadovan\u00e1 doba \u010dten\u00ed":"2 minuty"},"schema":{"@context":"https:\/\/schema.org","@graph":[{"@type":"WebPage","@id":"https:\/\/stavebninynikol.cz\/index.php\/product\/buldok-odstranovac-vodniho-kamene-075kg\/","url":"https:\/\/stavebninynikol.cz\/index.php\/product\/buldok-odstranovac-vodniho-kamene-075kg\/","name":"Buldok odstra\u0148ova\u010d vodn\u00edho kamene 0,75kg - StavebninyNikol","isPartOf":{"@id":"https:\/\/stavebninynikol.cz\/#website"},"primaryImageOfPage":{"@id":"https:\/\/stavebninynikol.cz\/index.php\/product\/buldok-odstranovac-vodniho-kamene-075kg\/#primaryimage"},"image":{"@id":"https:\/\/stavebninynikol.cz\/index.php\/product\/buldok-odstranovac-vodniho-kamene-075kg\/#primaryimage"},"thumbnailUrl":"https:\/\/stavebninynikol.cz\/wp-content\/uploads\/2025\/09\/www_product_images_esh0000092_20_800x800-q100-1.webp","datePublished":"2025-09-09T08:03:17+00:00","dateModified":"2025-09-09T08:03:18+00:00","description":"Buldok odstra\u0148ova\u010d vodn\u00edho kamene 0,75kg StavebninyNikol","breadcrumb":{"@id":"https:\/\/stavebninynikol.cz\/index.php\/product\/buldok-odstranovac-vodniho-kamene-075kg\/#breadcrumb"},"inLanguage":"cs","potentialAction":[{"@type":"ReadAction","target":["https:\/\/stavebninynikol.cz\/index.php\/product\/buldok-odstranovac-vodniho-kamene-075kg\/"]}]},{"@type":"ImageObject","inLanguage":"cs","@id":"https:\/\/stavebninynikol.cz\/index.php\/product\/buldok-odstranovac-vodniho-kamene-075kg\/#primaryimage","url":"https:\/\/stavebninynikol.cz\/wp-content\/uploads\/2025\/09\/www_product_images_esh0000092_20_800x800-q100-1.webp","contentUrl":"https:\/\/stavebninynikol.cz\/wp-content\/uploads\/2025\/09\/www_product_images_esh0000092_20_800x800-q100-1.webp","width":800,"height":800},{"@type":"BreadcrumbList","@id":"https:\/\/stavebninynikol.cz\/index.php\/product\/buldok-odstranovac-vodniho-kamene-075kg\/#breadcrumb","itemListElement":[{"@type":"ListItem","position":1,"name":"Dom\u016f","item":"https:\/\/stavebninynikol.cz\/"},{"@type":"ListItem","position":2,"name":"Take Your Adventure To The Next Level","item":"https:\/\/stavebninynikol.cz\/index.php\/shop\/"},{"@type":"ListItem","position":3,"name":"Buldok odstra\u0148ova\u010d vodn\u00edho kamene 0,75kg"}]},{"@type":"WebSite","@id":"https:\/\/stavebninynikol.cz\/#website","url":"https:\/\/stavebninynikol.cz\/","name":"StavebninyNikol","description":"stavebniny nikol","publisher":{"@id":"https:\/\/stavebninynikol.cz\/#organization"},"potentialAction":[{"@type":"SearchAction","target":{"@type":"EntryPoint","urlTemplate":"https:\/\/stavebninynikol.cz\/?s={search_term_string}"},"query-input":{"@type":"PropertyValueSpecification","valueRequired":true,"valueName":"search_term_string"}}],"inLanguage":"cs"},{"@type":"Organization","@id":"https:\/\/stavebninynikol.cz\/#organization","name":"StavebninyNikol","url":"https:\/\/stavebninynikol.cz\/","logo":{"@type":"ImageObject","inLanguage":"cs","@id":"https:\/\/stavebninynikol.cz\/#\/schema\/logo\/image\/","url":"https:\/\/stavebninynikol.cz\/wp-content\/uploads\/2025\/07\/NIKOL_logo.eps-1-e1757927564347.webp","contentUrl":"https:\/\/stavebninynikol.cz\/wp-content\/uploads\/2025\/07\/NIKOL_logo.eps-1-e1757927564347.webp","width":512,"height":132,"caption":"StavebninyNikol"},"image":{"@id":"https:\/\/stavebninynikol.cz\/#\/schema\/logo\/image\/"},"sameAs":["https:\/\/www.facebook.com\/profile.php?id=100057375402895&mibextid=wwXIfr&rdid=6fQOqALSBiK69Ovq&share_url=httpswww.facebook.comshare1AicpAHGFPmibextidwwXIfr"]}]}},"_links":{"self":[{"href":"https:\/\/stavebninynikol.cz\/index.php\/wp-json\/wp\/v2\/product\/2601","targetHints":{"allow":["GET"]}}],"collection":[{"href":"https:\/\/stavebninynikol.cz\/index.php\/wp-json\/wp\/v2\/product"}],"about":[{"href":"https:\/\/stavebninynikol.cz\/index.php\/wp-json\/wp\/v2\/types\/product"}],"replies":[{"embeddable":true,"href":"https:\/\/stavebninynikol.cz\/index.php\/wp-json\/wp\/v2\/comments?post=2601"}],"wp:featuredmedia":[{"embeddable":true,"href":"https:\/\/stavebninynikol.cz\/index.php\/wp-json\/wp\/v2\/media\/2602"}],"wp:attachment":[{"href":"https:\/\/stavebninynikol.cz\/index.php\/wp-json\/wp\/v2\/media?parent=2601"}],"wp:term":[{"taxonomy":"product_brand","embeddable":true,"href":"https:\/\/stavebninynikol.cz\/index.php\/wp-json\/wp\/v2\/product_brand?post=2601"},{"taxonomy":"product_cat","embeddable":true,"href":"https:\/\/stavebninynikol.cz\/index.php\/wp-json\/wp\/v2\/product_cat?post=2601"},{"taxonomy":"product_tag","embeddable":true,"href":"https:\/\/stavebninynikol.cz\/index.php\/wp-json\/wp\/v2\/product_tag?post=2601"}],"curies":[{"name":"wp","href":"https:\/\/api.w.org\/{rel}","templated":true}]}}