{"id":2605,"date":"2025-09-09T08:09:11","date_gmt":"2025-09-09T08:09:11","guid":{"rendered":"https:\/\/stavebninynikol.cz\/?post_type=product&#038;p=2605"},"modified":"2025-09-09T08:09:11","modified_gmt":"2025-09-09T08:09:11","slug":"buldok-ciste-septiky","status":"publish","type":"product","link":"https:\/\/stavebninynikol.cz\/index.php\/product\/buldok-ciste-septiky\/","title":{"rendered":"Buldok \u010dist\u00e9 septiky"},"content":{"rendered":"<p>Buldok pro \u010dist\u00e9 septiky je sm\u011bs na p\u0159\u00edrodn\u00ed b\u00e1zi, kter\u00e1 obsahuje slo\u017eky, jen\u017e nastartuj\u00ed biologick\u00fd proces, odstran\u00ed nep\u0159\u00edjemn\u00fd z\u00e1pach, eliminuj\u00ed tvorbu kal\u016f, usazenin a zcela zpr\u016fchodn\u00ed domovn\u00ed odpady. Pravideln\u00e9 pou\u017e\u00edv\u00e1n\u00ed tohoto p\u0159\u00edpravku zajist\u00ed nep\u0159etr\u017eit\u00e9 \u010di\u0161t\u011bn\u00ed syst\u00e9mu.<\/p>\n<p>\u2022 Spolehliv\u00e1 eliminace tvorby nep\u0159\u00edjemn\u00fdch z\u00e1pach\u016f, kal\u016f a organick\u00fdch usazenin.<br \/>\n\u2022 \u0160et\u0159\u00ed pen\u00edze za v\u00fdvoz septiku nebo \u017eumpy.<br \/>\n\u2022 Bezpe\u010dn\u00e9, jednoduch\u00e9 a ekologick\u00e9 pou\u017eit\u00ed.<\/p>\n<p><b>BULDOK \u010cist\u00e9 septiky<\/b>\u00a0je sypk\u00fd, bakteri\u00e1ln\u011b-enzymatick\u00fd p\u0159\u00edpravek pro \u010dist\u00e9 septiky, \u017eumpy, domovn\u00ed \u010cOV, sifony, odpady a such\u00e9 z\u00e1chody bez z\u00e1pachu.<\/p>\n<p><b>Charakteristika<\/b><br \/>\n\u2022 sm\u011bs p\u0159\u00edrodn\u00edch bakteri\u00e1ln\u00edch spora a enzym\u016f<br \/>\n\u2022 p\u0159\u00edtomn\u00e9 slo\u017eky nastartuj\u00ed biologick\u00fd rozkladn\u00fd proces, kter\u00fd nevytv\u00e1\u0159\u00ed usazeninu ani krustu<br \/>\n\u2022 biodegrada\u010dn\u00ed proces \u00fapln\u011b eliminuje z\u00e1pach a hromad\u011bn\u00ed kal\u016f v septic\u00edch, \u017eump\u00e1ch, domovn\u00edch \u010disti\u010dk\u00e1ch odpadn\u00edch vod a jin\u00fdch odpadn\u00edch n\u00e1dr\u017e\u00edch<\/p>\n<p><b>V\u00fdhody<\/b><br \/>\n\u2022 odstra\u0148uje nep\u0159\u00edjemn\u00fd z\u00e1pach<br \/>\n\u2022 eliminuje tvorbu kal\u016f a usazenin (m\u011bn\u00ed tuh\u00fd organick\u00fd odpad na vodu a rozpustn\u00e9 slo\u017eky), rozlo\u017e\u00ed i toaletn\u00ed pap\u00edr;<br \/>\n\u2022 zcela zpr\u016fchodn\u00ed domovn\u00ed odpady<br \/>\n\u2022 \u0161et\u0159\u00ed pen\u00edze za v\u00fdvoz septiku nebo \u017eumpy<br \/>\n\u2022 p\u0159i pravideln\u00e9m pou\u017e\u00edv\u00e1n\u00ed bakteri\u00e1ln\u00ed sm\u011bsi doch\u00e1z\u00ed k nep\u0159etr\u017eit\u00e9mu \u010di\u0161t\u011bn\u00ed<br \/>\n\u2022 bezpe\u010dn\u00e9 a jednoduch\u00e9 pou\u017eit\u00ed<\/p>\n<p><b>Pracovn\u00ed postup<\/b><br \/>\nSypk\u00fd p\u0159\u00edpravek se d\u00e1vkuje pomoc\u00ed p\u0159ilo\u017een\u00e9 odm\u011brky v pom\u011bru jedna odm\u011brka bakteri\u00e1ln\u00ed sm\u011bsi k min. 2 litr\u016fm vla\u017en\u00e9 vody. Sm\u011bs nechejte asi 45 minut aktivovat. V pr\u016fb\u011bhu aktivace roztok alespo\u0148 dvakr\u00e1t prom\u00edchejte. P\u0159ipravenou sm\u011bs okam\u017eit\u011b aplikuje p\u0159es soci\u00e1ln\u00ed za\u0159\u00edzen\u00ed v budov\u011b nebo p\u0159\u00edmo do \u017eumpy, septiku nebo domovn\u00ed \u010disti\u010dky odpadn\u00edch vod.<br \/>\n\u2022 D\u00e1vkov\u00e1n\u00ed pro \u017eumpy a septiky: Jednou m\u011bs\u00ed\u010dn\u011b 100 gramov\u00e9 balen\u00ed nebo osm odm\u011brek na 8 m\u00b3 objemu \u017eumpy (septiku). Prvn\u00ed startovac\u00ed d\u00e1vku je pot\u0159eba ztrojn\u00e1sobit (3 odm\u011brky na 1 m\u00b3 odpadn\u00edho roztoku). P\u0159i pou\u017e\u00edv\u00e1n\u00ed mus\u00ed b\u00fdt septik napln\u011bn\u00fd alespo\u0148 do 1\/3 objemu. Po d\u00e1vkov\u00e1n\u00ed se nedoporu\u010duje vyv\u00e1\u017eet septik po dobu cca t\u0159\u00ed t\u00fddn\u016f.<br \/>\n\u2022 D\u00e1vkov\u00e1n\u00ed pro domovn\u00ed \u010disti\u010dky odpadn\u00edch vod: Jedenou t\u00fddn\u011b dv\u011b odm\u011brky nebo \u00bc 100 g balen\u00ed pro rodinn\u00fd domek se 4 \u2013 6 obyvateli. Prvn\u00ed d\u00e1vku je pot\u0159eba zdvojn\u00e1sobit na \u010dty\u0159i odm\u011brky.<br \/>\n\u2022 D\u00e1vkov\u00e1n\u00ed pro sifony, odpady: U \u0161patn\u011b odt\u00e9kaj\u00edc\u00edho odpadu dv\u011b odm\u011brky nebo \u00bc 100 g balen\u00ed denn\u011b po dobu, ne\u017e nastane viditeln\u00e9 zlep\u0161en\u00ed. Pozd\u011bji preventivn\u011b jednu odm\u011brku t\u00fddn\u011b. P\u0159i pou\u017e\u00edv\u00e1n\u00ed, domovn\u00ed odpadn\u00ed potrub\u00ed propl\u00e1chn\u011bte mal\u00fdm mno\u017estv\u00edm vody, aby bakteri\u00e1ln\u00ed p\u0159\u00edpravek nez\u016fst\u00e1val v sifonu.<br \/>\n\u2022 D\u00e1vkov\u00e1n\u00ed pro such\u00e9 z\u00e1chody (latr\u00edny): Jednou t\u00fddn\u011b \u010dty\u0159i odm\u011brky. Prvn\u00ed d\u00e1vku je pot\u0159eba zdvojn\u00e1sobit na osm odm\u011brek.<\/p>\n<p><b>Technick\u00e9 \u00fadaje<\/b><br \/>\n\u2022 Aktivn\u00ed slo\u017eky bakteri\u00e1ln\u011b enzymatick\u00e1 sm\u011bs<br \/>\n\u2022 Konzistence pr\u00e1\u0161ek<br \/>\n\u2022 Vydatnost 1 kg na 12 m\u00b3 \u017eumpy \u010di septiku nebo 100 g balen\u00ed na 8 m\u00b3 septiku<br \/>\n\u2022 Hustota cca 1,0 g\/cm\u00b3<br \/>\n\u2022 Hodnota pH 6,5 \u2013 7,5<br \/>\n\u2022 Aktiva\u010dn\u00ed teplota cca 30 \u00b0C<br \/>\n\u2022 Barva nahn\u011bdl\u00e1<\/p>\n<p>P\u0159i dodr\u017een\u00ed spr\u00e1vn\u00e9ho d\u00e1vkov\u00e1n\u00ed lze kombinovat s p\u0159\u00edpravkem BULDOK Rozpou\u0161t\u011b\u010d tuk\u016f v odpadech<\/p>\n","protected":false},"excerpt":{"rendered":"<p>P\u0159\u00edrodn\u00ed bakteri\u00e1ln\u00ed sm\u011bs, kter\u00e1 zbavuje \u017eumpy, \u010cOV a septiky z\u00e1pachu a organick\u00fdch usazenin.<\/p>\n","protected":false},"featured_media":2606,"comment_status":"open","ping_status":"closed","template":"","meta":[],"product_brand":[],"product_cat":[234,224],"product_tag":[],"class_list":{"0":"post-2605","1":"product","2":"type-product","3":"status-publish","4":"has-post-thumbnail","6":"product_cat-cistici-a-udrzbova-chemie","7":"product_cat-stavebni-chemie","9":"first","10":"instock","11":"shipping-taxable","12":"product-type-simple"},"yoast_head":"<!-- This site is optimized with the Yoast SEO plugin v26.9 - https:\/\/yoast.com\/product\/yoast-seo-wordpress\/ -->\n<title>Buldok \u010dist\u00e9 septiky - StavebninyNikol<\/title>\n<meta name=\"description\" content=\"Buldok \u010dist\u00e9 septiky StavebninyNikol\" \/>\n<meta name=\"robots\" content=\"index, follow, max-snippet:-1, max-image-preview:large, max-video-preview:-1\" \/>\n<link rel=\"canonical\" href=\"https:\/\/stavebninynikol.cz\/index.php\/product\/buldok-ciste-septiky\/\" \/>\n<meta property=\"og:locale\" content=\"cs_CZ\" \/>\n<meta property=\"og:type\" content=\"article\" \/>\n<meta property=\"og:title\" content=\"Buldok \u010dist\u00e9 septiky - StavebninyNikol\" \/>\n<meta property=\"og:description\" content=\"Buldok \u010dist\u00e9 septiky StavebninyNikol\" \/>\n<meta property=\"og:url\" content=\"https:\/\/stavebninynikol.cz\/index.php\/product\/buldok-ciste-septiky\/\" \/>\n<meta property=\"og:site_name\" content=\"StavebninyNikol\" \/>\n<meta property=\"article:publisher\" content=\"https:\/\/www.facebook.com\/profile.php?id=100057375402895&amp;mibextid=wwXIfr&amp;rdid=6fQOqALSBiK69Ovq&amp;share_url=httpswww.facebook.comshare1AicpAHGFPmibextidwwXIfr\" \/>\n<meta property=\"og:image\" content=\"https:\/\/stavebninynikol.cz\/wp-content\/uploads\/2025\/09\/www_product_images_esh0000096_02_692x1037-q100.webp\" \/>\n\t<meta property=\"og:image:width\" content=\"692\" \/>\n\t<meta property=\"og:image:height\" content=\"1037\" \/>\n\t<meta property=\"og:image:type\" content=\"image\/webp\" \/>\n<meta name=\"twitter:card\" content=\"summary_large_image\" \/>\n<meta name=\"twitter:label1\" content=\"Odhadovan\u00e1 doba \u010dten\u00ed\" \/>\n\t<meta name=\"twitter:data1\" content=\"3 minuty\" \/>\n<script type=\"application\/ld+json\" class=\"yoast-schema-graph\">{\"@context\":\"https:\/\/schema.org\",\"@graph\":[{\"@type\":\"WebPage\",\"@id\":\"https:\/\/stavebninynikol.cz\/index.php\/product\/buldok-ciste-septiky\/\",\"url\":\"https:\/\/stavebninynikol.cz\/index.php\/product\/buldok-ciste-septiky\/\",\"name\":\"Buldok \u010dist\u00e9 septiky - StavebninyNikol\",\"isPartOf\":{\"@id\":\"https:\/\/stavebninynikol.cz\/#website\"},\"primaryImageOfPage\":{\"@id\":\"https:\/\/stavebninynikol.cz\/index.php\/product\/buldok-ciste-septiky\/#primaryimage\"},\"image\":{\"@id\":\"https:\/\/stavebninynikol.cz\/index.php\/product\/buldok-ciste-septiky\/#primaryimage\"},\"thumbnailUrl\":\"https:\/\/stavebninynikol.cz\/wp-content\/uploads\/2025\/09\/www_product_images_esh0000096_02_692x1037-q100.webp\",\"datePublished\":\"2025-09-09T08:09:11+00:00\",\"description\":\"Buldok \u010dist\u00e9 septiky StavebninyNikol\",\"breadcrumb\":{\"@id\":\"https:\/\/stavebninynikol.cz\/index.php\/product\/buldok-ciste-septiky\/#breadcrumb\"},\"inLanguage\":\"cs\",\"potentialAction\":[{\"@type\":\"ReadAction\",\"target\":[\"https:\/\/stavebninynikol.cz\/index.php\/product\/buldok-ciste-septiky\/\"]}]},{\"@type\":\"ImageObject\",\"inLanguage\":\"cs\",\"@id\":\"https:\/\/stavebninynikol.cz\/index.php\/product\/buldok-ciste-septiky\/#primaryimage\",\"url\":\"https:\/\/stavebninynikol.cz\/wp-content\/uploads\/2025\/09\/www_product_images_esh0000096_02_692x1037-q100.webp\",\"contentUrl\":\"https:\/\/stavebninynikol.cz\/wp-content\/uploads\/2025\/09\/www_product_images_esh0000096_02_692x1037-q100.webp\",\"width\":692,\"height\":1037},{\"@type\":\"BreadcrumbList\",\"@id\":\"https:\/\/stavebninynikol.cz\/index.php\/product\/buldok-ciste-septiky\/#breadcrumb\",\"itemListElement\":[{\"@type\":\"ListItem\",\"position\":1,\"name\":\"Dom\u016f\",\"item\":\"https:\/\/stavebninynikol.cz\/\"},{\"@type\":\"ListItem\",\"position\":2,\"name\":\"Take Your Adventure To The Next Level\",\"item\":\"https:\/\/stavebninynikol.cz\/index.php\/shop\/\"},{\"@type\":\"ListItem\",\"position\":3,\"name\":\"Buldok \u010dist\u00e9 septiky\"}]},{\"@type\":\"WebSite\",\"@id\":\"https:\/\/stavebninynikol.cz\/#website\",\"url\":\"https:\/\/stavebninynikol.cz\/\",\"name\":\"StavebninyNikol\",\"description\":\"stavebniny nikol\",\"publisher\":{\"@id\":\"https:\/\/stavebninynikol.cz\/#organization\"},\"potentialAction\":[{\"@type\":\"SearchAction\",\"target\":{\"@type\":\"EntryPoint\",\"urlTemplate\":\"https:\/\/stavebninynikol.cz\/?s={search_term_string}\"},\"query-input\":{\"@type\":\"PropertyValueSpecification\",\"valueRequired\":true,\"valueName\":\"search_term_string\"}}],\"inLanguage\":\"cs\"},{\"@type\":\"Organization\",\"@id\":\"https:\/\/stavebninynikol.cz\/#organization\",\"name\":\"StavebninyNikol\",\"url\":\"https:\/\/stavebninynikol.cz\/\",\"logo\":{\"@type\":\"ImageObject\",\"inLanguage\":\"cs\",\"@id\":\"https:\/\/stavebninynikol.cz\/#\/schema\/logo\/image\/\",\"url\":\"https:\/\/stavebninynikol.cz\/wp-content\/uploads\/2025\/07\/NIKOL_logo.eps-1-e1757927564347.webp\",\"contentUrl\":\"https:\/\/stavebninynikol.cz\/wp-content\/uploads\/2025\/07\/NIKOL_logo.eps-1-e1757927564347.webp\",\"width\":512,\"height\":132,\"caption\":\"StavebninyNikol\"},\"image\":{\"@id\":\"https:\/\/stavebninynikol.cz\/#\/schema\/logo\/image\/\"},\"sameAs\":[\"https:\/\/www.facebook.com\/profile.php?id=100057375402895&mibextid=wwXIfr&rdid=6fQOqALSBiK69Ovq&share_url=httpswww.facebook.comshare1AicpAHGFPmibextidwwXIfr\"]}]}<\/script>\n<!-- \/ Yoast SEO plugin. -->","yoast_head_json":{"title":"Buldok \u010dist\u00e9 septiky - StavebninyNikol","description":"Buldok \u010dist\u00e9 septiky StavebninyNikol","robots":{"index":"index","follow":"follow","max-snippet":"max-snippet:-1","max-image-preview":"max-image-preview:large","max-video-preview":"max-video-preview:-1"},"canonical":"https:\/\/stavebninynikol.cz\/index.php\/product\/buldok-ciste-septiky\/","og_locale":"cs_CZ","og_type":"article","og_title":"Buldok \u010dist\u00e9 septiky - StavebninyNikol","og_description":"Buldok \u010dist\u00e9 septiky StavebninyNikol","og_url":"https:\/\/stavebninynikol.cz\/index.php\/product\/buldok-ciste-septiky\/","og_site_name":"StavebninyNikol","article_publisher":"https:\/\/www.facebook.com\/profile.php?id=100057375402895&mibextid=wwXIfr&rdid=6fQOqALSBiK69Ovq&share_url=httpswww.facebook.comshare1AicpAHGFPmibextidwwXIfr","og_image":[{"width":692,"height":1037,"url":"https:\/\/stavebninynikol.cz\/wp-content\/uploads\/2025\/09\/www_product_images_esh0000096_02_692x1037-q100.webp","type":"image\/webp"}],"twitter_card":"summary_large_image","twitter_misc":{"Odhadovan\u00e1 doba \u010dten\u00ed":"3 minuty"},"schema":{"@context":"https:\/\/schema.org","@graph":[{"@type":"WebPage","@id":"https:\/\/stavebninynikol.cz\/index.php\/product\/buldok-ciste-septiky\/","url":"https:\/\/stavebninynikol.cz\/index.php\/product\/buldok-ciste-septiky\/","name":"Buldok \u010dist\u00e9 septiky - StavebninyNikol","isPartOf":{"@id":"https:\/\/stavebninynikol.cz\/#website"},"primaryImageOfPage":{"@id":"https:\/\/stavebninynikol.cz\/index.php\/product\/buldok-ciste-septiky\/#primaryimage"},"image":{"@id":"https:\/\/stavebninynikol.cz\/index.php\/product\/buldok-ciste-septiky\/#primaryimage"},"thumbnailUrl":"https:\/\/stavebninynikol.cz\/wp-content\/uploads\/2025\/09\/www_product_images_esh0000096_02_692x1037-q100.webp","datePublished":"2025-09-09T08:09:11+00:00","description":"Buldok \u010dist\u00e9 septiky StavebninyNikol","breadcrumb":{"@id":"https:\/\/stavebninynikol.cz\/index.php\/product\/buldok-ciste-septiky\/#breadcrumb"},"inLanguage":"cs","potentialAction":[{"@type":"ReadAction","target":["https:\/\/stavebninynikol.cz\/index.php\/product\/buldok-ciste-septiky\/"]}]},{"@type":"ImageObject","inLanguage":"cs","@id":"https:\/\/stavebninynikol.cz\/index.php\/product\/buldok-ciste-septiky\/#primaryimage","url":"https:\/\/stavebninynikol.cz\/wp-content\/uploads\/2025\/09\/www_product_images_esh0000096_02_692x1037-q100.webp","contentUrl":"https:\/\/stavebninynikol.cz\/wp-content\/uploads\/2025\/09\/www_product_images_esh0000096_02_692x1037-q100.webp","width":692,"height":1037},{"@type":"BreadcrumbList","@id":"https:\/\/stavebninynikol.cz\/index.php\/product\/buldok-ciste-septiky\/#breadcrumb","itemListElement":[{"@type":"ListItem","position":1,"name":"Dom\u016f","item":"https:\/\/stavebninynikol.cz\/"},{"@type":"ListItem","position":2,"name":"Take Your Adventure To The Next Level","item":"https:\/\/stavebninynikol.cz\/index.php\/shop\/"},{"@type":"ListItem","position":3,"name":"Buldok \u010dist\u00e9 septiky"}]},{"@type":"WebSite","@id":"https:\/\/stavebninynikol.cz\/#website","url":"https:\/\/stavebninynikol.cz\/","name":"StavebninyNikol","description":"stavebniny nikol","publisher":{"@id":"https:\/\/stavebninynikol.cz\/#organization"},"potentialAction":[{"@type":"SearchAction","target":{"@type":"EntryPoint","urlTemplate":"https:\/\/stavebninynikol.cz\/?s={search_term_string}"},"query-input":{"@type":"PropertyValueSpecification","valueRequired":true,"valueName":"search_term_string"}}],"inLanguage":"cs"},{"@type":"Organization","@id":"https:\/\/stavebninynikol.cz\/#organization","name":"StavebninyNikol","url":"https:\/\/stavebninynikol.cz\/","logo":{"@type":"ImageObject","inLanguage":"cs","@id":"https:\/\/stavebninynikol.cz\/#\/schema\/logo\/image\/","url":"https:\/\/stavebninynikol.cz\/wp-content\/uploads\/2025\/07\/NIKOL_logo.eps-1-e1757927564347.webp","contentUrl":"https:\/\/stavebninynikol.cz\/wp-content\/uploads\/2025\/07\/NIKOL_logo.eps-1-e1757927564347.webp","width":512,"height":132,"caption":"StavebninyNikol"},"image":{"@id":"https:\/\/stavebninynikol.cz\/#\/schema\/logo\/image\/"},"sameAs":["https:\/\/www.facebook.com\/profile.php?id=100057375402895&mibextid=wwXIfr&rdid=6fQOqALSBiK69Ovq&share_url=httpswww.facebook.comshare1AicpAHGFPmibextidwwXIfr"]}]}},"_links":{"self":[{"href":"https:\/\/stavebninynikol.cz\/index.php\/wp-json\/wp\/v2\/product\/2605","targetHints":{"allow":["GET"]}}],"collection":[{"href":"https:\/\/stavebninynikol.cz\/index.php\/wp-json\/wp\/v2\/product"}],"about":[{"href":"https:\/\/stavebninynikol.cz\/index.php\/wp-json\/wp\/v2\/types\/product"}],"replies":[{"embeddable":true,"href":"https:\/\/stavebninynikol.cz\/index.php\/wp-json\/wp\/v2\/comments?post=2605"}],"wp:featuredmedia":[{"embeddable":true,"href":"https:\/\/stavebninynikol.cz\/index.php\/wp-json\/wp\/v2\/media\/2606"}],"wp:attachment":[{"href":"https:\/\/stavebninynikol.cz\/index.php\/wp-json\/wp\/v2\/media?parent=2605"}],"wp:term":[{"taxonomy":"product_brand","embeddable":true,"href":"https:\/\/stavebninynikol.cz\/index.php\/wp-json\/wp\/v2\/product_brand?post=2605"},{"taxonomy":"product_cat","embeddable":true,"href":"https:\/\/stavebninynikol.cz\/index.php\/wp-json\/wp\/v2\/product_cat?post=2605"},{"taxonomy":"product_tag","embeddable":true,"href":"https:\/\/stavebninynikol.cz\/index.php\/wp-json\/wp\/v2\/product_tag?post=2605"}],"curies":[{"name":"wp","href":"https:\/\/api.w.org\/{rel}","templated":true}]}}