{"id":2613,"date":"2025-09-09T08:19:35","date_gmt":"2025-09-09T08:19:35","guid":{"rendered":"https:\/\/stavebninynikol.cz\/?post_type=product&#038;p=2613"},"modified":"2025-09-09T08:19:35","modified_gmt":"2025-09-09T08:19:35","slug":"buldok-maltocistic","status":"publish","type":"product","link":"https:\/\/stavebninynikol.cz\/index.php\/product\/buldok-maltocistic\/","title":{"rendered":"Buldok Malto\u010disti\u010d"},"content":{"rendered":"<p>Malto\u010disti\u010d je ur\u010den pro profesion\u00e1ln\u00ed pou\u017eit\u00ed. O\u017eivuje vzhled za\u0161l\u00fdch povrch\u016f. Sni\u017euje pracnost p\u0159i \u00faklidu po obkl\u00e1d\u00e1n\u00ed a sp\u00e1rov\u00e1n\u00ed. Vhodn\u00e9 i pro \u010di\u0161t\u011bn\u00ed v\u00fdkv\u011bt\u016f. Malto\u010disti\u010d nen\u00ed ur\u010den pro pou\u017eit\u00ed na le\u0161t\u011bn\u00e9 teraso a mramory.<\/p>\n<p><b>Malto\u010disti\u010d\u00a0<\/b>je kapaln\u00fd, kysel\u00fd prost\u0159edek na \u010di\u0161t\u011bn\u00ed ve stavebnictv\u00ed na b\u00e1zi aktivn\u00edch kyselin. Je ur\u010den pro profesion\u00e1ln\u00ed i spot\u0159ebitelsk\u00e9 pou\u017eit\u00ed.<\/p>\n<p><b>Charakteristika:<\/b><br \/>\n\u2022 \u00fa\u010dinn\u00fd na cement a v\u00e1pno<br \/>\n\u2022 o\u017eivuje vhled za\u0161l\u00fdch povrch\u016f<br \/>\n\u2022 vyr\u00e1b\u011bn v syst\u00e9mu \u0159\u00edzen\u00ed jakosti ISO 9001<br \/>\n\u2022 vyrobeno v \u010cR<\/p>\n<p><b>P\u0159\u00edklady pou\u017eit\u00ed:<\/b><br \/>\n\u2022 \u010di\u0161t\u011bn\u00ed podklad\u016f a povrch\u016f od v\u00e1pna, cementu a v\u00fdkv\u011bt\u016f<br \/>\n\u2022 \u010di\u0161t\u011bn\u00ed betonu, kamene, ciheln\u00e9ho zdiva, obklad\u016f, dla\u017eby a keramiky<\/p>\n<p><b>Podklad:<\/b><br \/>\n\u010ci\u0161t\u011bn\u00fd podklad se nejd\u0159\u00edve d\u016fkladn\u011b navlh\u010d\u00ed vodou \u2013 do nasycen\u00ed, p\u0159ebyte\u010dn\u00e1 voda se odstran\u00ed.<\/p>\n<p><b>Pracovn\u00ed postup:<\/b><br \/>\nP\u0159\u00edpravek se nap\u0159ed na\u0159ed\u00ed podle druhu materi\u00e1lu a stupn\u011b zne\u010di\u0161t\u011bn\u00ed (viz D\u00e1vkov\u00e1n\u00ed). P\u0159ed vlastn\u00edm \u010di\u0161t\u011bn\u00edm je nutn\u00e9 na mal\u00e9 zku\u0161ebn\u00ed plo\u0161e prov\u00e9st ov\u011b\u0159ovac\u00ed praktickou zkou\u0161ku, \u017ee roztok nepo\u0161kozuje \u010di\u0161t\u011bn\u00fd podklad. Pokud je jak\u00e1koliv zn\u00e1mka, \u017ee je zku\u0161ebn\u00ed povrch roztokem napaden, omyje se velk\u00fdm mno\u017estv\u00edm vody a vyzkou\u0161\u00ed se slab\u0161\u00ed roztok. Zvl\u00e1\u0161tn\u00ed pozornost je pot\u0159eba v\u011bnovat materi\u00e1l\u016fm z terasa, mramoru, v\u00e1penop\u00edskov\u00fdch cihel apod., u kter\u00fdch doch\u00e1z\u00ed k napaden\u00ed povrchu kyselinou. P\u0159ipraven\u00fd a odzkou\u0161en\u00fd roztok se d\u016fkladn\u011b vet\u0159e \u0161t\u011btcem do \u010di\u0161t\u011bn\u00e9ho podkladu a po n\u011bkolika minut\u00e1ch p\u016fsoben\u00ed se mechanicky odstran\u00ed houbou, kart\u00e1\u010dem nebo had\u0159\u00edkem. Povrch nesm\u00ed zaschnout. Nakonec se \u010di\u0161t\u011bn\u00fd povrch d\u016fkladn\u011b opl\u00e1chne\/omyje vodou. Pokud se nepoda\u0159\u00ed odstranit v\u0161echny skvrny, postup se opakuje.<\/p>\n","protected":false},"excerpt":{"rendered":"<p>Prost\u0159edek na \u010di\u0161t\u011bn\u00ed skvrn od v\u00e1pna a cementu z betonu, kamene, ciheln\u00e9ho zdiva, dla\u017eby, dla\u017edic a keramiky.<\/p>\n","protected":false},"featured_media":2614,"comment_status":"open","ping_status":"closed","template":"","meta":[],"product_brand":[],"product_cat":[234,224],"product_tag":[],"class_list":{"0":"post-2613","1":"product","2":"type-product","3":"status-publish","4":"has-post-thumbnail","6":"product_cat-cistici-a-udrzbova-chemie","7":"product_cat-stavebni-chemie","9":"first","10":"instock","11":"shipping-taxable","12":"product-type-variable","13":"has-default-attributes"},"yoast_head":"<!-- This site is optimized with the Yoast SEO plugin v26.9 - https:\/\/yoast.com\/product\/yoast-seo-wordpress\/ -->\n<title>Buldok Malto\u010disti\u010d - StavebninyNikol<\/title>\n<meta name=\"description\" content=\"Buldok Malto\u010disti\u010d StavebninyNikol\" \/>\n<meta name=\"robots\" content=\"index, follow, max-snippet:-1, max-image-preview:large, max-video-preview:-1\" \/>\n<link rel=\"canonical\" href=\"https:\/\/stavebninynikol.cz\/index.php\/product\/buldok-maltocistic\/\" \/>\n<meta property=\"og:locale\" content=\"cs_CZ\" \/>\n<meta property=\"og:type\" content=\"article\" \/>\n<meta property=\"og:title\" content=\"Buldok Malto\u010disti\u010d - StavebninyNikol\" \/>\n<meta property=\"og:description\" content=\"Buldok Malto\u010disti\u010d StavebninyNikol\" \/>\n<meta property=\"og:url\" content=\"https:\/\/stavebninynikol.cz\/index.php\/product\/buldok-maltocistic\/\" \/>\n<meta property=\"og:site_name\" content=\"StavebninyNikol\" \/>\n<meta property=\"article:publisher\" content=\"https:\/\/www.facebook.com\/profile.php?id=100057375402895&amp;mibextid=wwXIfr&amp;rdid=6fQOqALSBiK69Ovq&amp;share_url=httpswww.facebook.comshare1AicpAHGFPmibextidwwXIfr\" \/>\n<meta property=\"og:image\" content=\"https:\/\/stavebninynikol.cz\/wp-content\/uploads\/2025\/09\/www_product_images_esh0000505_20_800x800-q100.webp\" \/>\n\t<meta property=\"og:image:width\" content=\"800\" \/>\n\t<meta property=\"og:image:height\" content=\"800\" \/>\n\t<meta property=\"og:image:type\" content=\"image\/webp\" \/>\n<meta name=\"twitter:card\" content=\"summary_large_image\" \/>\n<meta name=\"twitter:label1\" content=\"Odhadovan\u00e1 doba \u010dten\u00ed\" \/>\n\t<meta name=\"twitter:data1\" content=\"2 minuty\" \/>\n<script type=\"application\/ld+json\" class=\"yoast-schema-graph\">{\"@context\":\"https:\/\/schema.org\",\"@graph\":[{\"@type\":\"WebPage\",\"@id\":\"https:\/\/stavebninynikol.cz\/index.php\/product\/buldok-maltocistic\/\",\"url\":\"https:\/\/stavebninynikol.cz\/index.php\/product\/buldok-maltocistic\/\",\"name\":\"Buldok Malto\u010disti\u010d - StavebninyNikol\",\"isPartOf\":{\"@id\":\"https:\/\/stavebninynikol.cz\/#website\"},\"primaryImageOfPage\":{\"@id\":\"https:\/\/stavebninynikol.cz\/index.php\/product\/buldok-maltocistic\/#primaryimage\"},\"image\":{\"@id\":\"https:\/\/stavebninynikol.cz\/index.php\/product\/buldok-maltocistic\/#primaryimage\"},\"thumbnailUrl\":\"https:\/\/stavebninynikol.cz\/wp-content\/uploads\/2025\/09\/www_product_images_esh0000505_20_800x800-q100.webp\",\"datePublished\":\"2025-09-09T08:19:35+00:00\",\"description\":\"Buldok Malto\u010disti\u010d StavebninyNikol\",\"breadcrumb\":{\"@id\":\"https:\/\/stavebninynikol.cz\/index.php\/product\/buldok-maltocistic\/#breadcrumb\"},\"inLanguage\":\"cs\",\"potentialAction\":[{\"@type\":\"ReadAction\",\"target\":[\"https:\/\/stavebninynikol.cz\/index.php\/product\/buldok-maltocistic\/\"]}]},{\"@type\":\"ImageObject\",\"inLanguage\":\"cs\",\"@id\":\"https:\/\/stavebninynikol.cz\/index.php\/product\/buldok-maltocistic\/#primaryimage\",\"url\":\"https:\/\/stavebninynikol.cz\/wp-content\/uploads\/2025\/09\/www_product_images_esh0000505_20_800x800-q100.webp\",\"contentUrl\":\"https:\/\/stavebninynikol.cz\/wp-content\/uploads\/2025\/09\/www_product_images_esh0000505_20_800x800-q100.webp\",\"width\":800,\"height\":800},{\"@type\":\"BreadcrumbList\",\"@id\":\"https:\/\/stavebninynikol.cz\/index.php\/product\/buldok-maltocistic\/#breadcrumb\",\"itemListElement\":[{\"@type\":\"ListItem\",\"position\":1,\"name\":\"Dom\u016f\",\"item\":\"https:\/\/stavebninynikol.cz\/\"},{\"@type\":\"ListItem\",\"position\":2,\"name\":\"Take Your Adventure To The Next Level\",\"item\":\"https:\/\/stavebninynikol.cz\/index.php\/shop\/\"},{\"@type\":\"ListItem\",\"position\":3,\"name\":\"Buldok Malto\u010disti\u010d\"}]},{\"@type\":\"WebSite\",\"@id\":\"https:\/\/stavebninynikol.cz\/#website\",\"url\":\"https:\/\/stavebninynikol.cz\/\",\"name\":\"StavebninyNikol\",\"description\":\"stavebniny nikol\",\"publisher\":{\"@id\":\"https:\/\/stavebninynikol.cz\/#organization\"},\"potentialAction\":[{\"@type\":\"SearchAction\",\"target\":{\"@type\":\"EntryPoint\",\"urlTemplate\":\"https:\/\/stavebninynikol.cz\/?s={search_term_string}\"},\"query-input\":{\"@type\":\"PropertyValueSpecification\",\"valueRequired\":true,\"valueName\":\"search_term_string\"}}],\"inLanguage\":\"cs\"},{\"@type\":\"Organization\",\"@id\":\"https:\/\/stavebninynikol.cz\/#organization\",\"name\":\"StavebninyNikol\",\"url\":\"https:\/\/stavebninynikol.cz\/\",\"logo\":{\"@type\":\"ImageObject\",\"inLanguage\":\"cs\",\"@id\":\"https:\/\/stavebninynikol.cz\/#\/schema\/logo\/image\/\",\"url\":\"https:\/\/stavebninynikol.cz\/wp-content\/uploads\/2025\/07\/NIKOL_logo.eps-1-e1757927564347.webp\",\"contentUrl\":\"https:\/\/stavebninynikol.cz\/wp-content\/uploads\/2025\/07\/NIKOL_logo.eps-1-e1757927564347.webp\",\"width\":512,\"height\":132,\"caption\":\"StavebninyNikol\"},\"image\":{\"@id\":\"https:\/\/stavebninynikol.cz\/#\/schema\/logo\/image\/\"},\"sameAs\":[\"https:\/\/www.facebook.com\/profile.php?id=100057375402895&mibextid=wwXIfr&rdid=6fQOqALSBiK69Ovq&share_url=httpswww.facebook.comshare1AicpAHGFPmibextidwwXIfr\"]}]}<\/script>\n<!-- \/ Yoast SEO plugin. -->","yoast_head_json":{"title":"Buldok Malto\u010disti\u010d - StavebninyNikol","description":"Buldok Malto\u010disti\u010d StavebninyNikol","robots":{"index":"index","follow":"follow","max-snippet":"max-snippet:-1","max-image-preview":"max-image-preview:large","max-video-preview":"max-video-preview:-1"},"canonical":"https:\/\/stavebninynikol.cz\/index.php\/product\/buldok-maltocistic\/","og_locale":"cs_CZ","og_type":"article","og_title":"Buldok Malto\u010disti\u010d - StavebninyNikol","og_description":"Buldok Malto\u010disti\u010d StavebninyNikol","og_url":"https:\/\/stavebninynikol.cz\/index.php\/product\/buldok-maltocistic\/","og_site_name":"StavebninyNikol","article_publisher":"https:\/\/www.facebook.com\/profile.php?id=100057375402895&mibextid=wwXIfr&rdid=6fQOqALSBiK69Ovq&share_url=httpswww.facebook.comshare1AicpAHGFPmibextidwwXIfr","og_image":[{"width":800,"height":800,"url":"https:\/\/stavebninynikol.cz\/wp-content\/uploads\/2025\/09\/www_product_images_esh0000505_20_800x800-q100.webp","type":"image\/webp"}],"twitter_card":"summary_large_image","twitter_misc":{"Odhadovan\u00e1 doba \u010dten\u00ed":"2 minuty"},"schema":{"@context":"https:\/\/schema.org","@graph":[{"@type":"WebPage","@id":"https:\/\/stavebninynikol.cz\/index.php\/product\/buldok-maltocistic\/","url":"https:\/\/stavebninynikol.cz\/index.php\/product\/buldok-maltocistic\/","name":"Buldok Malto\u010disti\u010d - StavebninyNikol","isPartOf":{"@id":"https:\/\/stavebninynikol.cz\/#website"},"primaryImageOfPage":{"@id":"https:\/\/stavebninynikol.cz\/index.php\/product\/buldok-maltocistic\/#primaryimage"},"image":{"@id":"https:\/\/stavebninynikol.cz\/index.php\/product\/buldok-maltocistic\/#primaryimage"},"thumbnailUrl":"https:\/\/stavebninynikol.cz\/wp-content\/uploads\/2025\/09\/www_product_images_esh0000505_20_800x800-q100.webp","datePublished":"2025-09-09T08:19:35+00:00","description":"Buldok Malto\u010disti\u010d StavebninyNikol","breadcrumb":{"@id":"https:\/\/stavebninynikol.cz\/index.php\/product\/buldok-maltocistic\/#breadcrumb"},"inLanguage":"cs","potentialAction":[{"@type":"ReadAction","target":["https:\/\/stavebninynikol.cz\/index.php\/product\/buldok-maltocistic\/"]}]},{"@type":"ImageObject","inLanguage":"cs","@id":"https:\/\/stavebninynikol.cz\/index.php\/product\/buldok-maltocistic\/#primaryimage","url":"https:\/\/stavebninynikol.cz\/wp-content\/uploads\/2025\/09\/www_product_images_esh0000505_20_800x800-q100.webp","contentUrl":"https:\/\/stavebninynikol.cz\/wp-content\/uploads\/2025\/09\/www_product_images_esh0000505_20_800x800-q100.webp","width":800,"height":800},{"@type":"BreadcrumbList","@id":"https:\/\/stavebninynikol.cz\/index.php\/product\/buldok-maltocistic\/#breadcrumb","itemListElement":[{"@type":"ListItem","position":1,"name":"Dom\u016f","item":"https:\/\/stavebninynikol.cz\/"},{"@type":"ListItem","position":2,"name":"Take Your Adventure To The Next Level","item":"https:\/\/stavebninynikol.cz\/index.php\/shop\/"},{"@type":"ListItem","position":3,"name":"Buldok Malto\u010disti\u010d"}]},{"@type":"WebSite","@id":"https:\/\/stavebninynikol.cz\/#website","url":"https:\/\/stavebninynikol.cz\/","name":"StavebninyNikol","description":"stavebniny nikol","publisher":{"@id":"https:\/\/stavebninynikol.cz\/#organization"},"potentialAction":[{"@type":"SearchAction","target":{"@type":"EntryPoint","urlTemplate":"https:\/\/stavebninynikol.cz\/?s={search_term_string}"},"query-input":{"@type":"PropertyValueSpecification","valueRequired":true,"valueName":"search_term_string"}}],"inLanguage":"cs"},{"@type":"Organization","@id":"https:\/\/stavebninynikol.cz\/#organization","name":"StavebninyNikol","url":"https:\/\/stavebninynikol.cz\/","logo":{"@type":"ImageObject","inLanguage":"cs","@id":"https:\/\/stavebninynikol.cz\/#\/schema\/logo\/image\/","url":"https:\/\/stavebninynikol.cz\/wp-content\/uploads\/2025\/07\/NIKOL_logo.eps-1-e1757927564347.webp","contentUrl":"https:\/\/stavebninynikol.cz\/wp-content\/uploads\/2025\/07\/NIKOL_logo.eps-1-e1757927564347.webp","width":512,"height":132,"caption":"StavebninyNikol"},"image":{"@id":"https:\/\/stavebninynikol.cz\/#\/schema\/logo\/image\/"},"sameAs":["https:\/\/www.facebook.com\/profile.php?id=100057375402895&mibextid=wwXIfr&rdid=6fQOqALSBiK69Ovq&share_url=httpswww.facebook.comshare1AicpAHGFPmibextidwwXIfr"]}]}},"_links":{"self":[{"href":"https:\/\/stavebninynikol.cz\/index.php\/wp-json\/wp\/v2\/product\/2613","targetHints":{"allow":["GET"]}}],"collection":[{"href":"https:\/\/stavebninynikol.cz\/index.php\/wp-json\/wp\/v2\/product"}],"about":[{"href":"https:\/\/stavebninynikol.cz\/index.php\/wp-json\/wp\/v2\/types\/product"}],"replies":[{"embeddable":true,"href":"https:\/\/stavebninynikol.cz\/index.php\/wp-json\/wp\/v2\/comments?post=2613"}],"wp:featuredmedia":[{"embeddable":true,"href":"https:\/\/stavebninynikol.cz\/index.php\/wp-json\/wp\/v2\/media\/2614"}],"wp:attachment":[{"href":"https:\/\/stavebninynikol.cz\/index.php\/wp-json\/wp\/v2\/media?parent=2613"}],"wp:term":[{"taxonomy":"product_brand","embeddable":true,"href":"https:\/\/stavebninynikol.cz\/index.php\/wp-json\/wp\/v2\/product_brand?post=2613"},{"taxonomy":"product_cat","embeddable":true,"href":"https:\/\/stavebninynikol.cz\/index.php\/wp-json\/wp\/v2\/product_cat?post=2613"},{"taxonomy":"product_tag","embeddable":true,"href":"https:\/\/stavebninynikol.cz\/index.php\/wp-json\/wp\/v2\/product_tag?post=2613"}],"curies":[{"name":"wp","href":"https:\/\/api.w.org\/{rel}","templated":true}]}}