{"id":2623,"date":"2025-09-09T11:53:56","date_gmt":"2025-09-09T11:53:56","guid":{"rendered":"https:\/\/stavebninynikol.cz\/?post_type=product&#038;p=2623"},"modified":"2025-09-09T11:53:56","modified_gmt":"2025-09-09T11:53:56","slug":"pas-fleeceband-butylovy-pas-s-textilii","status":"publish","type":"product","link":"https:\/\/stavebninynikol.cz\/index.php\/product\/pas-fleeceband-butylovy-pas-s-textilii\/","title":{"rendered":"P\u00e1s FLEECEBAND (butylov\u00fd p\u00e1s s textili\u00ed)"},"content":{"rendered":"","protected":false},"excerpt":{"rendered":"<p>Pro vytvo\u0159en\u00ed vysoce \u00fa\u010dinn\u00fdch vodot\u011bsn\u00fdch a parot\u011bsn\u00fdch spoj\u016f mezi okenn\u00edmi a dve\u0159n\u00edmi r\u00e1my a zdivem, ide\u00e1ln\u00ed pro pou\u017eit\u00ed v t\u011bsnic\u00edm a izola\u010dn\u00edm syst\u00e9mu Den Braven 3D. K t\u011bsn\u011bn\u00ed trubek veden\u00fdch v m\u00edstech pr\u016fchod\u016f skrze konstrukce. Lepic\u00ed butylov\u00fd p\u00e1sek je opat\u0159en ze spodn\u00ed strany voskov\u00fdm pap\u00edrem (kryc\u00ed f\u00f3lie) a na l\u00edcn\u00ed stran\u011b m\u00e1 vrstvu netkan\u00e9 textilie, kter\u00e1 umo\u017e\u0148uje snadn\u00e9 zaom\u00edt\u00e1n\u00ed nebo p\u0159et\u0159en\u00ed. P\u00e1ska vynik\u00e1 p\u0159ilnavost\u00ed na PVC, PC, d\u0159evo, zdivo, sklo a kovy. Odoln\u00e1 je v\u016f\u010di UV z\u00e1\u0159en\u00ed, slab\u00fdm kyselin\u00e1m z\u00e1sad\u00e1m. 10bm v balen\u00ed.<\/p>\n","protected":false},"featured_media":2624,"comment_status":"open","ping_status":"closed","template":"","meta":[],"product_brand":[],"product_cat":[233,224],"product_tag":[],"class_list":{"0":"post-2623","1":"product","2":"type-product","3":"status-publish","4":"has-post-thumbnail","6":"product_cat-hydroizolacni-natery-a-sterky","7":"product_cat-stavebni-chemie","9":"first","10":"instock","11":"shipping-taxable","12":"product-type-simple"},"yoast_head":"<!-- This site is optimized with the Yoast SEO plugin v26.9 - https:\/\/yoast.com\/product\/yoast-seo-wordpress\/ -->\n<title>P\u00e1s FLEECEBAND (butylov\u00fd p\u00e1s s textili\u00ed) - StavebninyNikol<\/title>\n<meta name=\"description\" content=\"P\u00e1s FLEECEBAND (butylov\u00fd p\u00e1s s textili\u00ed) StavebninyNikol\" \/>\n<meta name=\"robots\" content=\"index, follow, max-snippet:-1, max-image-preview:large, max-video-preview:-1\" \/>\n<link rel=\"canonical\" href=\"https:\/\/stavebninynikol.cz\/index.php\/product\/pas-fleeceband-butylovy-pas-s-textilii\/\" \/>\n<meta property=\"og:locale\" content=\"cs_CZ\" \/>\n<meta property=\"og:type\" content=\"article\" \/>\n<meta property=\"og:title\" content=\"P\u00e1s FLEECEBAND (butylov\u00fd p\u00e1s s textili\u00ed) - StavebninyNikol\" \/>\n<meta property=\"og:description\" content=\"P\u00e1s FLEECEBAND (butylov\u00fd p\u00e1s s textili\u00ed) StavebninyNikol\" \/>\n<meta property=\"og:url\" content=\"https:\/\/stavebninynikol.cz\/index.php\/product\/pas-fleeceband-butylovy-pas-s-textilii\/\" \/>\n<meta property=\"og:site_name\" content=\"StavebninyNikol\" \/>\n<meta property=\"article:publisher\" content=\"https:\/\/www.facebook.com\/profile.php?id=100057375402895&amp;mibextid=wwXIfr&amp;rdid=6fQOqALSBiK69Ovq&amp;share_url=httpswww.facebook.comshare1AicpAHGFPmibextidwwXIfr\" \/>\n<meta property=\"og:image\" content=\"https:\/\/stavebninynikol.cz\/wp-content\/uploads\/2025\/09\/paska_fleeceband_butylovy_pas_s_textilii_web.webp\" \/>\n\t<meta property=\"og:image:width\" content=\"600\" \/>\n\t<meta property=\"og:image:height\" content=\"600\" \/>\n\t<meta property=\"og:image:type\" content=\"image\/webp\" \/>\n<meta name=\"twitter:card\" content=\"summary_large_image\" \/>\n<script type=\"application\/ld+json\" class=\"yoast-schema-graph\">{\"@context\":\"https:\/\/schema.org\",\"@graph\":[{\"@type\":\"WebPage\",\"@id\":\"https:\/\/stavebninynikol.cz\/index.php\/product\/pas-fleeceband-butylovy-pas-s-textilii\/\",\"url\":\"https:\/\/stavebninynikol.cz\/index.php\/product\/pas-fleeceband-butylovy-pas-s-textilii\/\",\"name\":\"P\u00e1s FLEECEBAND (butylov\u00fd p\u00e1s s textili\u00ed) - StavebninyNikol\",\"isPartOf\":{\"@id\":\"https:\/\/stavebninynikol.cz\/#website\"},\"primaryImageOfPage\":{\"@id\":\"https:\/\/stavebninynikol.cz\/index.php\/product\/pas-fleeceband-butylovy-pas-s-textilii\/#primaryimage\"},\"image\":{\"@id\":\"https:\/\/stavebninynikol.cz\/index.php\/product\/pas-fleeceband-butylovy-pas-s-textilii\/#primaryimage\"},\"thumbnailUrl\":\"https:\/\/stavebninynikol.cz\/wp-content\/uploads\/2025\/09\/paska_fleeceband_butylovy_pas_s_textilii_web.webp\",\"datePublished\":\"2025-09-09T11:53:56+00:00\",\"description\":\"P\u00e1s FLEECEBAND (butylov\u00fd p\u00e1s s textili\u00ed) StavebninyNikol\",\"breadcrumb\":{\"@id\":\"https:\/\/stavebninynikol.cz\/index.php\/product\/pas-fleeceband-butylovy-pas-s-textilii\/#breadcrumb\"},\"inLanguage\":\"cs\",\"potentialAction\":[{\"@type\":\"ReadAction\",\"target\":[\"https:\/\/stavebninynikol.cz\/index.php\/product\/pas-fleeceband-butylovy-pas-s-textilii\/\"]}]},{\"@type\":\"ImageObject\",\"inLanguage\":\"cs\",\"@id\":\"https:\/\/stavebninynikol.cz\/index.php\/product\/pas-fleeceband-butylovy-pas-s-textilii\/#primaryimage\",\"url\":\"https:\/\/stavebninynikol.cz\/wp-content\/uploads\/2025\/09\/paska_fleeceband_butylovy_pas_s_textilii_web.webp\",\"contentUrl\":\"https:\/\/stavebninynikol.cz\/wp-content\/uploads\/2025\/09\/paska_fleeceband_butylovy_pas_s_textilii_web.webp\",\"width\":600,\"height\":600},{\"@type\":\"BreadcrumbList\",\"@id\":\"https:\/\/stavebninynikol.cz\/index.php\/product\/pas-fleeceband-butylovy-pas-s-textilii\/#breadcrumb\",\"itemListElement\":[{\"@type\":\"ListItem\",\"position\":1,\"name\":\"Dom\u016f\",\"item\":\"https:\/\/stavebninynikol.cz\/\"},{\"@type\":\"ListItem\",\"position\":2,\"name\":\"Take Your Adventure To The Next Level\",\"item\":\"https:\/\/stavebninynikol.cz\/index.php\/shop\/\"},{\"@type\":\"ListItem\",\"position\":3,\"name\":\"P\u00e1s FLEECEBAND (butylov\u00fd p\u00e1s s textili\u00ed)\"}]},{\"@type\":\"WebSite\",\"@id\":\"https:\/\/stavebninynikol.cz\/#website\",\"url\":\"https:\/\/stavebninynikol.cz\/\",\"name\":\"StavebninyNikol\",\"description\":\"stavebniny nikol\",\"publisher\":{\"@id\":\"https:\/\/stavebninynikol.cz\/#organization\"},\"potentialAction\":[{\"@type\":\"SearchAction\",\"target\":{\"@type\":\"EntryPoint\",\"urlTemplate\":\"https:\/\/stavebninynikol.cz\/?s={search_term_string}\"},\"query-input\":{\"@type\":\"PropertyValueSpecification\",\"valueRequired\":true,\"valueName\":\"search_term_string\"}}],\"inLanguage\":\"cs\"},{\"@type\":\"Organization\",\"@id\":\"https:\/\/stavebninynikol.cz\/#organization\",\"name\":\"StavebninyNikol\",\"url\":\"https:\/\/stavebninynikol.cz\/\",\"logo\":{\"@type\":\"ImageObject\",\"inLanguage\":\"cs\",\"@id\":\"https:\/\/stavebninynikol.cz\/#\/schema\/logo\/image\/\",\"url\":\"https:\/\/stavebninynikol.cz\/wp-content\/uploads\/2025\/07\/NIKOL_logo.eps-1-e1757927564347.webp\",\"contentUrl\":\"https:\/\/stavebninynikol.cz\/wp-content\/uploads\/2025\/07\/NIKOL_logo.eps-1-e1757927564347.webp\",\"width\":512,\"height\":132,\"caption\":\"StavebninyNikol\"},\"image\":{\"@id\":\"https:\/\/stavebninynikol.cz\/#\/schema\/logo\/image\/\"},\"sameAs\":[\"https:\/\/www.facebook.com\/profile.php?id=100057375402895&mibextid=wwXIfr&rdid=6fQOqALSBiK69Ovq&share_url=httpswww.facebook.comshare1AicpAHGFPmibextidwwXIfr\"]}]}<\/script>\n<!-- \/ Yoast SEO plugin. -->","yoast_head_json":{"title":"P\u00e1s FLEECEBAND (butylov\u00fd p\u00e1s s textili\u00ed) - StavebninyNikol","description":"P\u00e1s FLEECEBAND (butylov\u00fd p\u00e1s s textili\u00ed) StavebninyNikol","robots":{"index":"index","follow":"follow","max-snippet":"max-snippet:-1","max-image-preview":"max-image-preview:large","max-video-preview":"max-video-preview:-1"},"canonical":"https:\/\/stavebninynikol.cz\/index.php\/product\/pas-fleeceband-butylovy-pas-s-textilii\/","og_locale":"cs_CZ","og_type":"article","og_title":"P\u00e1s FLEECEBAND (butylov\u00fd p\u00e1s s textili\u00ed) - StavebninyNikol","og_description":"P\u00e1s FLEECEBAND (butylov\u00fd p\u00e1s s textili\u00ed) StavebninyNikol","og_url":"https:\/\/stavebninynikol.cz\/index.php\/product\/pas-fleeceband-butylovy-pas-s-textilii\/","og_site_name":"StavebninyNikol","article_publisher":"https:\/\/www.facebook.com\/profile.php?id=100057375402895&mibextid=wwXIfr&rdid=6fQOqALSBiK69Ovq&share_url=httpswww.facebook.comshare1AicpAHGFPmibextidwwXIfr","og_image":[{"width":600,"height":600,"url":"https:\/\/stavebninynikol.cz\/wp-content\/uploads\/2025\/09\/paska_fleeceband_butylovy_pas_s_textilii_web.webp","type":"image\/webp"}],"twitter_card":"summary_large_image","schema":{"@context":"https:\/\/schema.org","@graph":[{"@type":"WebPage","@id":"https:\/\/stavebninynikol.cz\/index.php\/product\/pas-fleeceband-butylovy-pas-s-textilii\/","url":"https:\/\/stavebninynikol.cz\/index.php\/product\/pas-fleeceband-butylovy-pas-s-textilii\/","name":"P\u00e1s FLEECEBAND (butylov\u00fd p\u00e1s s textili\u00ed) - StavebninyNikol","isPartOf":{"@id":"https:\/\/stavebninynikol.cz\/#website"},"primaryImageOfPage":{"@id":"https:\/\/stavebninynikol.cz\/index.php\/product\/pas-fleeceband-butylovy-pas-s-textilii\/#primaryimage"},"image":{"@id":"https:\/\/stavebninynikol.cz\/index.php\/product\/pas-fleeceband-butylovy-pas-s-textilii\/#primaryimage"},"thumbnailUrl":"https:\/\/stavebninynikol.cz\/wp-content\/uploads\/2025\/09\/paska_fleeceband_butylovy_pas_s_textilii_web.webp","datePublished":"2025-09-09T11:53:56+00:00","description":"P\u00e1s FLEECEBAND (butylov\u00fd p\u00e1s s textili\u00ed) StavebninyNikol","breadcrumb":{"@id":"https:\/\/stavebninynikol.cz\/index.php\/product\/pas-fleeceband-butylovy-pas-s-textilii\/#breadcrumb"},"inLanguage":"cs","potentialAction":[{"@type":"ReadAction","target":["https:\/\/stavebninynikol.cz\/index.php\/product\/pas-fleeceband-butylovy-pas-s-textilii\/"]}]},{"@type":"ImageObject","inLanguage":"cs","@id":"https:\/\/stavebninynikol.cz\/index.php\/product\/pas-fleeceband-butylovy-pas-s-textilii\/#primaryimage","url":"https:\/\/stavebninynikol.cz\/wp-content\/uploads\/2025\/09\/paska_fleeceband_butylovy_pas_s_textilii_web.webp","contentUrl":"https:\/\/stavebninynikol.cz\/wp-content\/uploads\/2025\/09\/paska_fleeceband_butylovy_pas_s_textilii_web.webp","width":600,"height":600},{"@type":"BreadcrumbList","@id":"https:\/\/stavebninynikol.cz\/index.php\/product\/pas-fleeceband-butylovy-pas-s-textilii\/#breadcrumb","itemListElement":[{"@type":"ListItem","position":1,"name":"Dom\u016f","item":"https:\/\/stavebninynikol.cz\/"},{"@type":"ListItem","position":2,"name":"Take Your Adventure To The Next Level","item":"https:\/\/stavebninynikol.cz\/index.php\/shop\/"},{"@type":"ListItem","position":3,"name":"P\u00e1s FLEECEBAND (butylov\u00fd p\u00e1s s textili\u00ed)"}]},{"@type":"WebSite","@id":"https:\/\/stavebninynikol.cz\/#website","url":"https:\/\/stavebninynikol.cz\/","name":"StavebninyNikol","description":"stavebniny nikol","publisher":{"@id":"https:\/\/stavebninynikol.cz\/#organization"},"potentialAction":[{"@type":"SearchAction","target":{"@type":"EntryPoint","urlTemplate":"https:\/\/stavebninynikol.cz\/?s={search_term_string}"},"query-input":{"@type":"PropertyValueSpecification","valueRequired":true,"valueName":"search_term_string"}}],"inLanguage":"cs"},{"@type":"Organization","@id":"https:\/\/stavebninynikol.cz\/#organization","name":"StavebninyNikol","url":"https:\/\/stavebninynikol.cz\/","logo":{"@type":"ImageObject","inLanguage":"cs","@id":"https:\/\/stavebninynikol.cz\/#\/schema\/logo\/image\/","url":"https:\/\/stavebninynikol.cz\/wp-content\/uploads\/2025\/07\/NIKOL_logo.eps-1-e1757927564347.webp","contentUrl":"https:\/\/stavebninynikol.cz\/wp-content\/uploads\/2025\/07\/NIKOL_logo.eps-1-e1757927564347.webp","width":512,"height":132,"caption":"StavebninyNikol"},"image":{"@id":"https:\/\/stavebninynikol.cz\/#\/schema\/logo\/image\/"},"sameAs":["https:\/\/www.facebook.com\/profile.php?id=100057375402895&mibextid=wwXIfr&rdid=6fQOqALSBiK69Ovq&share_url=httpswww.facebook.comshare1AicpAHGFPmibextidwwXIfr"]}]}},"_links":{"self":[{"href":"https:\/\/stavebninynikol.cz\/index.php\/wp-json\/wp\/v2\/product\/2623","targetHints":{"allow":["GET"]}}],"collection":[{"href":"https:\/\/stavebninynikol.cz\/index.php\/wp-json\/wp\/v2\/product"}],"about":[{"href":"https:\/\/stavebninynikol.cz\/index.php\/wp-json\/wp\/v2\/types\/product"}],"replies":[{"embeddable":true,"href":"https:\/\/stavebninynikol.cz\/index.php\/wp-json\/wp\/v2\/comments?post=2623"}],"wp:featuredmedia":[{"embeddable":true,"href":"https:\/\/stavebninynikol.cz\/index.php\/wp-json\/wp\/v2\/media\/2624"}],"wp:attachment":[{"href":"https:\/\/stavebninynikol.cz\/index.php\/wp-json\/wp\/v2\/media?parent=2623"}],"wp:term":[{"taxonomy":"product_brand","embeddable":true,"href":"https:\/\/stavebninynikol.cz\/index.php\/wp-json\/wp\/v2\/product_brand?post=2623"},{"taxonomy":"product_cat","embeddable":true,"href":"https:\/\/stavebninynikol.cz\/index.php\/wp-json\/wp\/v2\/product_cat?post=2623"},{"taxonomy":"product_tag","embeddable":true,"href":"https:\/\/stavebninynikol.cz\/index.php\/wp-json\/wp\/v2\/product_tag?post=2623"}],"curies":[{"name":"wp","href":"https:\/\/api.w.org\/{rel}","templated":true}]}}