{"id":2631,"date":"2025-09-09T12:07:12","date_gmt":"2025-09-09T12:07:12","guid":{"rendered":"https:\/\/stavebninynikol.cz\/?post_type=product&#038;p=2631"},"modified":"2025-09-09T12:07:12","modified_gmt":"2025-09-09T12:07:12","slug":"asfaltovy-hydroizolacni-nater-buldok-10kg","status":"publish","type":"product","link":"https:\/\/stavebninynikol.cz\/index.php\/product\/asfaltovy-hydroizolacni-nater-buldok-10kg\/","title":{"rendered":"Asfaltov\u00fd hydroizola\u010dn\u00ed n\u00e1t\u011br BULDOK  10kg"},"content":{"rendered":"<p>Tento produkt je navr\u017een pro hydroizolace stavebn\u00edch konstrukc\u00ed, kde je vy\u017eadov\u00e1na trval\u00e1 pru\u017enost hydroizola\u010dn\u00edho povlaku. V\u00fdrobek vytv\u00e1\u0159\u00ed vysoce \u00fa\u010dinn\u00fd silnovrstv\u00fd n\u00e1t\u011br, kter\u00fd z\u016fst\u00e1v\u00e1 pru\u017en\u00fd i za n\u00edzk\u00fdch teplot. Br\u00e1n\u00ed prosakov\u00e1n\u00ed tlakov\u00e9 vody. Pou\u017e\u00edv\u00e1 se jako n\u00e1t\u011brov\u00e1 hmota pro plo\u0161nou aplikaci na betony, pot\u011bry, j\u00e1drov\u00e9 om\u00edtky, zdivo, asfaltov\u00e9 p\u00e1sy, pro p\u0159emost\u011bn\u00ed vlasov\u00fdch trhlin, jako protikorozn\u00ed a protikarbonata\u010dn\u00ed n\u00e1t\u011br na ochranu stavebn\u00edch materi\u00e1l\u016f p\u0159ed p\u016fsoben\u00edm chemick\u00fdch vliv\u016f &#8211; prodlou\u017een\u00ed \u017eivotnosti. N\u00e1t\u011br je vhodn\u00fd pro hydroizolace nov\u00fdch i st\u00e1vaj\u00edc\u00edch konstrukc\u00ed, jako jsou z\u00e1klady, z\u00e1kladov\u00e9 desky, st\u0159echy, balkony, terasy, podlahy, n\u00e1dr\u017ee, j\u00edmky apod. N\u00e1t\u011br m\u016f\u017ee b\u00fdt pou\u017eit jako podklad pod pot\u011bry, obklady a dla\u017ebu. Neobsahuje organick\u00e1 rozpou\u0161t\u011bdla.<\/p>\n<p><b>Charakteristika:<\/b><br \/>\n\u2022 na such\u00e9 a m\u00edrn\u011b vlhk\u00e9 podklady<br \/>\n\u2022 tixotropn\u00ed \u2013 lze nan\u00e1\u0161et na podklad s libovoln\u00fdm sklonem (nest\u00e9k\u00e1 ani p\u0159i +100 \u00b0C)<br \/>\n\u2022 zachov\u00e1v\u00e1 si elasticitu i p\u0159i n\u00edzk\u00fdch teplot\u00e1ch<br \/>\n\u2022 odoln\u00fd v\u016f\u010di p\u016fsoben\u00ed atmosf\u00e9rick\u00fdch vliv\u016f, slab\u00fdm kyselin\u00e1m a z\u00e1sad\u00e1m, agresivn\u00edm l\u00e1tk\u00e1m v p\u016fd\u011b<br \/>\n\u2022 lze pou\u017e\u00edvat i pro bezprost\u0159edn\u00ed kontakt s\u00a0<u>polystyrenem<\/u><br \/>\n\u2022 rychle schne<br \/>\n\u2022 neobsahuje rozpou\u0161t\u011bdla<\/p>\n","protected":false},"excerpt":{"rendered":"<p>Pru\u017en\u00e1 n\u00e1t\u011brov\u00e1 izola\u010dn\u00ed hmota na b\u00e1zi asfaltov\u00e9 disperze modifikovan\u00e9 syntetick\u00fdm kau\u010dukem pro hydroizolace stavebn\u00edch konstrukc\u00ed.<\/p>\n","protected":false},"featured_media":2632,"comment_status":"open","ping_status":"closed","template":"","meta":[],"product_brand":[],"product_cat":[388,233,224],"product_tag":[],"class_list":{"0":"post-2631","1":"product","2":"type-product","3":"status-publish","4":"has-post-thumbnail","6":"product_cat-asfaltove-hmoty","7":"product_cat-hydroizolacni-natery-a-sterky","8":"product_cat-stavebni-chemie","10":"first","11":"instock","12":"shipping-taxable","13":"product-type-simple"},"yoast_head":"<!-- This site is optimized with the Yoast SEO plugin v26.9 - https:\/\/yoast.com\/product\/yoast-seo-wordpress\/ -->\n<title>Asfaltov\u00fd hydroizola\u010dn\u00ed n\u00e1t\u011br BULDOK 10kg - StavebninyNikol<\/title>\n<meta name=\"description\" content=\"Asfaltov\u00fd hydroizola\u010dn\u00ed n\u00e1t\u011br BULDOK 10kg StavebninyNikol\" \/>\n<meta name=\"robots\" content=\"index, follow, max-snippet:-1, max-image-preview:large, max-video-preview:-1\" \/>\n<link rel=\"canonical\" href=\"https:\/\/stavebninynikol.cz\/index.php\/product\/asfaltovy-hydroizolacni-nater-buldok-10kg\/\" \/>\n<meta property=\"og:locale\" content=\"cs_CZ\" \/>\n<meta property=\"og:type\" content=\"article\" \/>\n<meta property=\"og:title\" content=\"Asfaltov\u00fd hydroizola\u010dn\u00ed n\u00e1t\u011br BULDOK 10kg - StavebninyNikol\" \/>\n<meta property=\"og:description\" content=\"Asfaltov\u00fd hydroizola\u010dn\u00ed n\u00e1t\u011br BULDOK 10kg StavebninyNikol\" \/>\n<meta property=\"og:url\" content=\"https:\/\/stavebninynikol.cz\/index.php\/product\/asfaltovy-hydroizolacni-nater-buldok-10kg\/\" \/>\n<meta property=\"og:site_name\" content=\"StavebninyNikol\" \/>\n<meta property=\"article:publisher\" content=\"https:\/\/www.facebook.com\/profile.php?id=100057375402895&amp;mibextid=wwXIfr&amp;rdid=6fQOqALSBiK69Ovq&amp;share_url=httpswww.facebook.comshare1AicpAHGFPmibextidwwXIfr\" \/>\n<meta property=\"og:image\" content=\"https:\/\/stavebninynikol.cz\/wp-content\/uploads\/2025\/09\/www_product_images_esh0000046_20_800x800-q100.webp\" \/>\n\t<meta property=\"og:image:width\" content=\"800\" \/>\n\t<meta property=\"og:image:height\" content=\"800\" \/>\n\t<meta property=\"og:image:type\" content=\"image\/webp\" \/>\n<meta name=\"twitter:card\" content=\"summary_large_image\" \/>\n<meta name=\"twitter:label1\" content=\"Odhadovan\u00e1 doba \u010dten\u00ed\" \/>\n\t<meta name=\"twitter:data1\" content=\"1 minuta\" \/>\n<script type=\"application\/ld+json\" class=\"yoast-schema-graph\">{\"@context\":\"https:\/\/schema.org\",\"@graph\":[{\"@type\":\"WebPage\",\"@id\":\"https:\/\/stavebninynikol.cz\/index.php\/product\/asfaltovy-hydroizolacni-nater-buldok-10kg\/\",\"url\":\"https:\/\/stavebninynikol.cz\/index.php\/product\/asfaltovy-hydroizolacni-nater-buldok-10kg\/\",\"name\":\"Asfaltov\u00fd hydroizola\u010dn\u00ed n\u00e1t\u011br BULDOK 10kg - StavebninyNikol\",\"isPartOf\":{\"@id\":\"https:\/\/stavebninynikol.cz\/#website\"},\"primaryImageOfPage\":{\"@id\":\"https:\/\/stavebninynikol.cz\/index.php\/product\/asfaltovy-hydroizolacni-nater-buldok-10kg\/#primaryimage\"},\"image\":{\"@id\":\"https:\/\/stavebninynikol.cz\/index.php\/product\/asfaltovy-hydroizolacni-nater-buldok-10kg\/#primaryimage\"},\"thumbnailUrl\":\"https:\/\/stavebninynikol.cz\/wp-content\/uploads\/2025\/09\/www_product_images_esh0000046_20_800x800-q100.webp\",\"datePublished\":\"2025-09-09T12:07:12+00:00\",\"description\":\"Asfaltov\u00fd hydroizola\u010dn\u00ed n\u00e1t\u011br BULDOK 10kg StavebninyNikol\",\"breadcrumb\":{\"@id\":\"https:\/\/stavebninynikol.cz\/index.php\/product\/asfaltovy-hydroizolacni-nater-buldok-10kg\/#breadcrumb\"},\"inLanguage\":\"cs\",\"potentialAction\":[{\"@type\":\"ReadAction\",\"target\":[\"https:\/\/stavebninynikol.cz\/index.php\/product\/asfaltovy-hydroizolacni-nater-buldok-10kg\/\"]}]},{\"@type\":\"ImageObject\",\"inLanguage\":\"cs\",\"@id\":\"https:\/\/stavebninynikol.cz\/index.php\/product\/asfaltovy-hydroizolacni-nater-buldok-10kg\/#primaryimage\",\"url\":\"https:\/\/stavebninynikol.cz\/wp-content\/uploads\/2025\/09\/www_product_images_esh0000046_20_800x800-q100.webp\",\"contentUrl\":\"https:\/\/stavebninynikol.cz\/wp-content\/uploads\/2025\/09\/www_product_images_esh0000046_20_800x800-q100.webp\",\"width\":800,\"height\":800},{\"@type\":\"BreadcrumbList\",\"@id\":\"https:\/\/stavebninynikol.cz\/index.php\/product\/asfaltovy-hydroizolacni-nater-buldok-10kg\/#breadcrumb\",\"itemListElement\":[{\"@type\":\"ListItem\",\"position\":1,\"name\":\"Dom\u016f\",\"item\":\"https:\/\/stavebninynikol.cz\/\"},{\"@type\":\"ListItem\",\"position\":2,\"name\":\"Take Your Adventure To The Next Level\",\"item\":\"https:\/\/stavebninynikol.cz\/index.php\/shop\/\"},{\"@type\":\"ListItem\",\"position\":3,\"name\":\"Asfaltov\u00fd hydroizola\u010dn\u00ed n\u00e1t\u011br BULDOK 10kg\"}]},{\"@type\":\"WebSite\",\"@id\":\"https:\/\/stavebninynikol.cz\/#website\",\"url\":\"https:\/\/stavebninynikol.cz\/\",\"name\":\"StavebninyNikol\",\"description\":\"stavebniny nikol\",\"publisher\":{\"@id\":\"https:\/\/stavebninynikol.cz\/#organization\"},\"potentialAction\":[{\"@type\":\"SearchAction\",\"target\":{\"@type\":\"EntryPoint\",\"urlTemplate\":\"https:\/\/stavebninynikol.cz\/?s={search_term_string}\"},\"query-input\":{\"@type\":\"PropertyValueSpecification\",\"valueRequired\":true,\"valueName\":\"search_term_string\"}}],\"inLanguage\":\"cs\"},{\"@type\":\"Organization\",\"@id\":\"https:\/\/stavebninynikol.cz\/#organization\",\"name\":\"StavebninyNikol\",\"url\":\"https:\/\/stavebninynikol.cz\/\",\"logo\":{\"@type\":\"ImageObject\",\"inLanguage\":\"cs\",\"@id\":\"https:\/\/stavebninynikol.cz\/#\/schema\/logo\/image\/\",\"url\":\"https:\/\/stavebninynikol.cz\/wp-content\/uploads\/2025\/07\/NIKOL_logo.eps-1-e1757927564347.webp\",\"contentUrl\":\"https:\/\/stavebninynikol.cz\/wp-content\/uploads\/2025\/07\/NIKOL_logo.eps-1-e1757927564347.webp\",\"width\":512,\"height\":132,\"caption\":\"StavebninyNikol\"},\"image\":{\"@id\":\"https:\/\/stavebninynikol.cz\/#\/schema\/logo\/image\/\"},\"sameAs\":[\"https:\/\/www.facebook.com\/profile.php?id=100057375402895&mibextid=wwXIfr&rdid=6fQOqALSBiK69Ovq&share_url=httpswww.facebook.comshare1AicpAHGFPmibextidwwXIfr\"]}]}<\/script>\n<!-- \/ Yoast SEO plugin. -->","yoast_head_json":{"title":"Asfaltov\u00fd hydroizola\u010dn\u00ed n\u00e1t\u011br BULDOK 10kg - StavebninyNikol","description":"Asfaltov\u00fd hydroizola\u010dn\u00ed n\u00e1t\u011br BULDOK 10kg StavebninyNikol","robots":{"index":"index","follow":"follow","max-snippet":"max-snippet:-1","max-image-preview":"max-image-preview:large","max-video-preview":"max-video-preview:-1"},"canonical":"https:\/\/stavebninynikol.cz\/index.php\/product\/asfaltovy-hydroizolacni-nater-buldok-10kg\/","og_locale":"cs_CZ","og_type":"article","og_title":"Asfaltov\u00fd hydroizola\u010dn\u00ed n\u00e1t\u011br BULDOK 10kg - StavebninyNikol","og_description":"Asfaltov\u00fd hydroizola\u010dn\u00ed n\u00e1t\u011br BULDOK 10kg StavebninyNikol","og_url":"https:\/\/stavebninynikol.cz\/index.php\/product\/asfaltovy-hydroizolacni-nater-buldok-10kg\/","og_site_name":"StavebninyNikol","article_publisher":"https:\/\/www.facebook.com\/profile.php?id=100057375402895&mibextid=wwXIfr&rdid=6fQOqALSBiK69Ovq&share_url=httpswww.facebook.comshare1AicpAHGFPmibextidwwXIfr","og_image":[{"width":800,"height":800,"url":"https:\/\/stavebninynikol.cz\/wp-content\/uploads\/2025\/09\/www_product_images_esh0000046_20_800x800-q100.webp","type":"image\/webp"}],"twitter_card":"summary_large_image","twitter_misc":{"Odhadovan\u00e1 doba \u010dten\u00ed":"1 minuta"},"schema":{"@context":"https:\/\/schema.org","@graph":[{"@type":"WebPage","@id":"https:\/\/stavebninynikol.cz\/index.php\/product\/asfaltovy-hydroizolacni-nater-buldok-10kg\/","url":"https:\/\/stavebninynikol.cz\/index.php\/product\/asfaltovy-hydroizolacni-nater-buldok-10kg\/","name":"Asfaltov\u00fd hydroizola\u010dn\u00ed n\u00e1t\u011br BULDOK 10kg - StavebninyNikol","isPartOf":{"@id":"https:\/\/stavebninynikol.cz\/#website"},"primaryImageOfPage":{"@id":"https:\/\/stavebninynikol.cz\/index.php\/product\/asfaltovy-hydroizolacni-nater-buldok-10kg\/#primaryimage"},"image":{"@id":"https:\/\/stavebninynikol.cz\/index.php\/product\/asfaltovy-hydroizolacni-nater-buldok-10kg\/#primaryimage"},"thumbnailUrl":"https:\/\/stavebninynikol.cz\/wp-content\/uploads\/2025\/09\/www_product_images_esh0000046_20_800x800-q100.webp","datePublished":"2025-09-09T12:07:12+00:00","description":"Asfaltov\u00fd hydroizola\u010dn\u00ed n\u00e1t\u011br BULDOK 10kg StavebninyNikol","breadcrumb":{"@id":"https:\/\/stavebninynikol.cz\/index.php\/product\/asfaltovy-hydroizolacni-nater-buldok-10kg\/#breadcrumb"},"inLanguage":"cs","potentialAction":[{"@type":"ReadAction","target":["https:\/\/stavebninynikol.cz\/index.php\/product\/asfaltovy-hydroizolacni-nater-buldok-10kg\/"]}]},{"@type":"ImageObject","inLanguage":"cs","@id":"https:\/\/stavebninynikol.cz\/index.php\/product\/asfaltovy-hydroizolacni-nater-buldok-10kg\/#primaryimage","url":"https:\/\/stavebninynikol.cz\/wp-content\/uploads\/2025\/09\/www_product_images_esh0000046_20_800x800-q100.webp","contentUrl":"https:\/\/stavebninynikol.cz\/wp-content\/uploads\/2025\/09\/www_product_images_esh0000046_20_800x800-q100.webp","width":800,"height":800},{"@type":"BreadcrumbList","@id":"https:\/\/stavebninynikol.cz\/index.php\/product\/asfaltovy-hydroizolacni-nater-buldok-10kg\/#breadcrumb","itemListElement":[{"@type":"ListItem","position":1,"name":"Dom\u016f","item":"https:\/\/stavebninynikol.cz\/"},{"@type":"ListItem","position":2,"name":"Take Your Adventure To The Next Level","item":"https:\/\/stavebninynikol.cz\/index.php\/shop\/"},{"@type":"ListItem","position":3,"name":"Asfaltov\u00fd hydroizola\u010dn\u00ed n\u00e1t\u011br BULDOK 10kg"}]},{"@type":"WebSite","@id":"https:\/\/stavebninynikol.cz\/#website","url":"https:\/\/stavebninynikol.cz\/","name":"StavebninyNikol","description":"stavebniny nikol","publisher":{"@id":"https:\/\/stavebninynikol.cz\/#organization"},"potentialAction":[{"@type":"SearchAction","target":{"@type":"EntryPoint","urlTemplate":"https:\/\/stavebninynikol.cz\/?s={search_term_string}"},"query-input":{"@type":"PropertyValueSpecification","valueRequired":true,"valueName":"search_term_string"}}],"inLanguage":"cs"},{"@type":"Organization","@id":"https:\/\/stavebninynikol.cz\/#organization","name":"StavebninyNikol","url":"https:\/\/stavebninynikol.cz\/","logo":{"@type":"ImageObject","inLanguage":"cs","@id":"https:\/\/stavebninynikol.cz\/#\/schema\/logo\/image\/","url":"https:\/\/stavebninynikol.cz\/wp-content\/uploads\/2025\/07\/NIKOL_logo.eps-1-e1757927564347.webp","contentUrl":"https:\/\/stavebninynikol.cz\/wp-content\/uploads\/2025\/07\/NIKOL_logo.eps-1-e1757927564347.webp","width":512,"height":132,"caption":"StavebninyNikol"},"image":{"@id":"https:\/\/stavebninynikol.cz\/#\/schema\/logo\/image\/"},"sameAs":["https:\/\/www.facebook.com\/profile.php?id=100057375402895&mibextid=wwXIfr&rdid=6fQOqALSBiK69Ovq&share_url=httpswww.facebook.comshare1AicpAHGFPmibextidwwXIfr"]}]}},"_links":{"self":[{"href":"https:\/\/stavebninynikol.cz\/index.php\/wp-json\/wp\/v2\/product\/2631","targetHints":{"allow":["GET"]}}],"collection":[{"href":"https:\/\/stavebninynikol.cz\/index.php\/wp-json\/wp\/v2\/product"}],"about":[{"href":"https:\/\/stavebninynikol.cz\/index.php\/wp-json\/wp\/v2\/types\/product"}],"replies":[{"embeddable":true,"href":"https:\/\/stavebninynikol.cz\/index.php\/wp-json\/wp\/v2\/comments?post=2631"}],"wp:featuredmedia":[{"embeddable":true,"href":"https:\/\/stavebninynikol.cz\/index.php\/wp-json\/wp\/v2\/media\/2632"}],"wp:attachment":[{"href":"https:\/\/stavebninynikol.cz\/index.php\/wp-json\/wp\/v2\/media?parent=2631"}],"wp:term":[{"taxonomy":"product_brand","embeddable":true,"href":"https:\/\/stavebninynikol.cz\/index.php\/wp-json\/wp\/v2\/product_brand?post=2631"},{"taxonomy":"product_cat","embeddable":true,"href":"https:\/\/stavebninynikol.cz\/index.php\/wp-json\/wp\/v2\/product_cat?post=2631"},{"taxonomy":"product_tag","embeddable":true,"href":"https:\/\/stavebninynikol.cz\/index.php\/wp-json\/wp\/v2\/product_tag?post=2631"}],"curies":[{"name":"wp","href":"https:\/\/api.w.org\/{rel}","templated":true}]}}