{"id":2633,"date":"2025-09-09T12:16:07","date_gmt":"2025-09-09T12:16:07","guid":{"rendered":"https:\/\/stavebninynikol.cz\/?post_type=product&#038;p=2633"},"modified":"2025-09-09T12:16:07","modified_gmt":"2025-09-09T12:16:07","slug":"denbit-br-alp-asfaltovy-penetracni-lak","status":"publish","type":"product","link":"https:\/\/stavebninynikol.cz\/index.php\/product\/denbit-br-alp-asfaltovy-penetracni-lak\/","title":{"rendered":"DenBit BR-ALP \u2013 Asfaltov\u00fd penetra\u010dn\u00ed lak"},"content":{"rendered":"<h3>Druh podkladu<\/h3>\n<ul>\n<li>beton, om\u00edtky, zdivo, ocelov\u00e9 a\u00a0plechov\u00e9 prvky (oplechov\u00e1n\u00ed, chr\u00e1ni\u010dky a\u00a0prostupy)<\/li>\n<li>lepenky a\u00a0podobn\u00e9 materi\u00e1ly<\/li>\n<li>d\u0159ev\u011bn\u00e9 podklady a\u00a0podklady na b\u00e1zi d\u0159evn\u00ed hmoty (cementovl\u00e1knit\u00e9 a\u00a0s\u00e1drovl\u00e1knit\u00e9 desky, OSB desky aj.)<\/li>\n<\/ul>\n<h3>Charakteristika<\/h3>\n<ul>\n<li>v\u00fdborn\u00e1 hloubkov\u00e1 penetra\u010dn\u00ed schopnost<\/li>\n<li>je schopen nivelovat mikrotrhliny v\u00a0podkladu<\/li>\n<li>odoln\u00fd v\u016f\u010di\u00a0slab\u00fdm kyselin\u00e1m a\u00a0z\u00e1sad\u00e1m<\/li>\n<li>na such\u00fd i\u00a0vlhk\u00fd podklad<\/li>\n<\/ul>\n<h3>Pou\u017eit\u00ed<\/h3>\n<p>Jako penetrace z\u00e1kladov\u00fdch konstrukc\u00ed a\u00a0ploch\u00e1ch st\u0159ech p\u0159ed pokl\u00e1dkou v\u0161ech druh\u016f asfaltov\u00fdch p\u00e1s\u016f nebo hydroizola\u010dn\u00edho n\u00e1t\u011bru Denbit DK-ATN a\u00a0jin\u00fdch n\u00e1t\u011brov\u00fdch hmot na rozpou\u0161t\u011bdlov\u00e9 b\u00e1zi.<\/p>\n","protected":false},"excerpt":{"rendered":"<p>Je elastick\u00e1 bitumenov\u00e1 hmota m\u00edrn\u011b modifikovan\u00e1 syntetick\u00fdm kau\u010dukem, obsahuje chemick\u00e9 p\u0159\u00edsady umo\u017e\u0148uj\u00edc\u00ed hlubokou penetraci a pou\u017eit\u00ed u m\u00edrn\u011b vlhk\u00fdch podklad\u016f. Tento penetra\u010dn\u00ed lak je schopen nivelovat mikrotrhliny v podkladu.<\/p>\n","protected":false},"featured_media":2634,"comment_status":"open","ping_status":"closed","template":"","meta":[],"product_brand":[],"product_cat":[388,224],"product_tag":[],"class_list":{"0":"post-2633","1":"product","2":"type-product","3":"status-publish","4":"has-post-thumbnail","6":"product_cat-asfaltove-hmoty","7":"product_cat-stavebni-chemie","9":"first","10":"instock","11":"shipping-taxable","12":"product-type-variable","13":"has-default-attributes"},"yoast_head":"<!-- This site is optimized with the Yoast SEO plugin v26.9 - https:\/\/yoast.com\/product\/yoast-seo-wordpress\/ -->\n<title>DenBit BR-ALP \u2013 Asfaltov\u00fd penetra\u010dn\u00ed lak - StavebninyNikol<\/title>\n<meta name=\"description\" content=\"DenBit BR-ALP \u2013 Asfaltov\u00fd penetra\u010dn\u00ed lak StavebninyNikol\" \/>\n<meta name=\"robots\" content=\"index, follow, max-snippet:-1, max-image-preview:large, max-video-preview:-1\" \/>\n<link rel=\"canonical\" href=\"https:\/\/stavebninynikol.cz\/index.php\/product\/denbit-br-alp-asfaltovy-penetracni-lak\/\" \/>\n<meta property=\"og:locale\" content=\"cs_CZ\" \/>\n<meta property=\"og:type\" content=\"article\" \/>\n<meta property=\"og:title\" content=\"DenBit BR-ALP \u2013 Asfaltov\u00fd penetra\u010dn\u00ed lak - StavebninyNikol\" \/>\n<meta property=\"og:description\" content=\"DenBit BR-ALP \u2013 Asfaltov\u00fd penetra\u010dn\u00ed lak StavebninyNikol\" \/>\n<meta property=\"og:url\" content=\"https:\/\/stavebninynikol.cz\/index.php\/product\/denbit-br-alp-asfaltovy-penetracni-lak\/\" \/>\n<meta property=\"og:site_name\" content=\"StavebninyNikol\" \/>\n<meta property=\"article:publisher\" content=\"https:\/\/www.facebook.com\/profile.php?id=100057375402895&amp;mibextid=wwXIfr&amp;rdid=6fQOqALSBiK69Ovq&amp;share_url=httpswww.facebook.comshare1AicpAHGFPmibextidwwXIfr\" \/>\n<meta property=\"og:image\" content=\"https:\/\/stavebninynikol.cz\/wp-content\/uploads\/2025\/09\/asfaltovy_penetracni_lak_denbit_br-alp_web.webp\" \/>\n\t<meta property=\"og:image:width\" content=\"600\" \/>\n\t<meta property=\"og:image:height\" content=\"600\" \/>\n\t<meta property=\"og:image:type\" content=\"image\/webp\" \/>\n<meta name=\"twitter:card\" content=\"summary_large_image\" \/>\n<meta name=\"twitter:label1\" content=\"Odhadovan\u00e1 doba \u010dten\u00ed\" \/>\n\t<meta name=\"twitter:data1\" content=\"1 minuta\" \/>\n<script type=\"application\/ld+json\" class=\"yoast-schema-graph\">{\"@context\":\"https:\/\/schema.org\",\"@graph\":[{\"@type\":\"WebPage\",\"@id\":\"https:\/\/stavebninynikol.cz\/index.php\/product\/denbit-br-alp-asfaltovy-penetracni-lak\/\",\"url\":\"https:\/\/stavebninynikol.cz\/index.php\/product\/denbit-br-alp-asfaltovy-penetracni-lak\/\",\"name\":\"DenBit BR-ALP \u2013 Asfaltov\u00fd penetra\u010dn\u00ed lak - StavebninyNikol\",\"isPartOf\":{\"@id\":\"https:\/\/stavebninynikol.cz\/#website\"},\"primaryImageOfPage\":{\"@id\":\"https:\/\/stavebninynikol.cz\/index.php\/product\/denbit-br-alp-asfaltovy-penetracni-lak\/#primaryimage\"},\"image\":{\"@id\":\"https:\/\/stavebninynikol.cz\/index.php\/product\/denbit-br-alp-asfaltovy-penetracni-lak\/#primaryimage\"},\"thumbnailUrl\":\"https:\/\/stavebninynikol.cz\/wp-content\/uploads\/2025\/09\/asfaltovy_penetracni_lak_denbit_br-alp_web.webp\",\"datePublished\":\"2025-09-09T12:16:07+00:00\",\"description\":\"DenBit BR-ALP \u2013 Asfaltov\u00fd penetra\u010dn\u00ed lak StavebninyNikol\",\"breadcrumb\":{\"@id\":\"https:\/\/stavebninynikol.cz\/index.php\/product\/denbit-br-alp-asfaltovy-penetracni-lak\/#breadcrumb\"},\"inLanguage\":\"cs\",\"potentialAction\":[{\"@type\":\"ReadAction\",\"target\":[\"https:\/\/stavebninynikol.cz\/index.php\/product\/denbit-br-alp-asfaltovy-penetracni-lak\/\"]}]},{\"@type\":\"ImageObject\",\"inLanguage\":\"cs\",\"@id\":\"https:\/\/stavebninynikol.cz\/index.php\/product\/denbit-br-alp-asfaltovy-penetracni-lak\/#primaryimage\",\"url\":\"https:\/\/stavebninynikol.cz\/wp-content\/uploads\/2025\/09\/asfaltovy_penetracni_lak_denbit_br-alp_web.webp\",\"contentUrl\":\"https:\/\/stavebninynikol.cz\/wp-content\/uploads\/2025\/09\/asfaltovy_penetracni_lak_denbit_br-alp_web.webp\",\"width\":600,\"height\":600},{\"@type\":\"BreadcrumbList\",\"@id\":\"https:\/\/stavebninynikol.cz\/index.php\/product\/denbit-br-alp-asfaltovy-penetracni-lak\/#breadcrumb\",\"itemListElement\":[{\"@type\":\"ListItem\",\"position\":1,\"name\":\"Dom\u016f\",\"item\":\"https:\/\/stavebninynikol.cz\/\"},{\"@type\":\"ListItem\",\"position\":2,\"name\":\"Take Your Adventure To The Next Level\",\"item\":\"https:\/\/stavebninynikol.cz\/index.php\/shop\/\"},{\"@type\":\"ListItem\",\"position\":3,\"name\":\"DenBit BR-ALP \u2013 Asfaltov\u00fd penetra\u010dn\u00ed lak\"}]},{\"@type\":\"WebSite\",\"@id\":\"https:\/\/stavebninynikol.cz\/#website\",\"url\":\"https:\/\/stavebninynikol.cz\/\",\"name\":\"StavebninyNikol\",\"description\":\"stavebniny nikol\",\"publisher\":{\"@id\":\"https:\/\/stavebninynikol.cz\/#organization\"},\"potentialAction\":[{\"@type\":\"SearchAction\",\"target\":{\"@type\":\"EntryPoint\",\"urlTemplate\":\"https:\/\/stavebninynikol.cz\/?s={search_term_string}\"},\"query-input\":{\"@type\":\"PropertyValueSpecification\",\"valueRequired\":true,\"valueName\":\"search_term_string\"}}],\"inLanguage\":\"cs\"},{\"@type\":\"Organization\",\"@id\":\"https:\/\/stavebninynikol.cz\/#organization\",\"name\":\"StavebninyNikol\",\"url\":\"https:\/\/stavebninynikol.cz\/\",\"logo\":{\"@type\":\"ImageObject\",\"inLanguage\":\"cs\",\"@id\":\"https:\/\/stavebninynikol.cz\/#\/schema\/logo\/image\/\",\"url\":\"https:\/\/stavebninynikol.cz\/wp-content\/uploads\/2025\/07\/NIKOL_logo.eps-1-e1757927564347.webp\",\"contentUrl\":\"https:\/\/stavebninynikol.cz\/wp-content\/uploads\/2025\/07\/NIKOL_logo.eps-1-e1757927564347.webp\",\"width\":512,\"height\":132,\"caption\":\"StavebninyNikol\"},\"image\":{\"@id\":\"https:\/\/stavebninynikol.cz\/#\/schema\/logo\/image\/\"},\"sameAs\":[\"https:\/\/www.facebook.com\/profile.php?id=100057375402895&mibextid=wwXIfr&rdid=6fQOqALSBiK69Ovq&share_url=httpswww.facebook.comshare1AicpAHGFPmibextidwwXIfr\"]}]}<\/script>\n<!-- \/ Yoast SEO plugin. -->","yoast_head_json":{"title":"DenBit BR-ALP \u2013 Asfaltov\u00fd penetra\u010dn\u00ed lak - StavebninyNikol","description":"DenBit BR-ALP \u2013 Asfaltov\u00fd penetra\u010dn\u00ed lak StavebninyNikol","robots":{"index":"index","follow":"follow","max-snippet":"max-snippet:-1","max-image-preview":"max-image-preview:large","max-video-preview":"max-video-preview:-1"},"canonical":"https:\/\/stavebninynikol.cz\/index.php\/product\/denbit-br-alp-asfaltovy-penetracni-lak\/","og_locale":"cs_CZ","og_type":"article","og_title":"DenBit BR-ALP \u2013 Asfaltov\u00fd penetra\u010dn\u00ed lak - StavebninyNikol","og_description":"DenBit BR-ALP \u2013 Asfaltov\u00fd penetra\u010dn\u00ed lak StavebninyNikol","og_url":"https:\/\/stavebninynikol.cz\/index.php\/product\/denbit-br-alp-asfaltovy-penetracni-lak\/","og_site_name":"StavebninyNikol","article_publisher":"https:\/\/www.facebook.com\/profile.php?id=100057375402895&mibextid=wwXIfr&rdid=6fQOqALSBiK69Ovq&share_url=httpswww.facebook.comshare1AicpAHGFPmibextidwwXIfr","og_image":[{"width":600,"height":600,"url":"https:\/\/stavebninynikol.cz\/wp-content\/uploads\/2025\/09\/asfaltovy_penetracni_lak_denbit_br-alp_web.webp","type":"image\/webp"}],"twitter_card":"summary_large_image","twitter_misc":{"Odhadovan\u00e1 doba \u010dten\u00ed":"1 minuta"},"schema":{"@context":"https:\/\/schema.org","@graph":[{"@type":"WebPage","@id":"https:\/\/stavebninynikol.cz\/index.php\/product\/denbit-br-alp-asfaltovy-penetracni-lak\/","url":"https:\/\/stavebninynikol.cz\/index.php\/product\/denbit-br-alp-asfaltovy-penetracni-lak\/","name":"DenBit BR-ALP \u2013 Asfaltov\u00fd penetra\u010dn\u00ed lak - StavebninyNikol","isPartOf":{"@id":"https:\/\/stavebninynikol.cz\/#website"},"primaryImageOfPage":{"@id":"https:\/\/stavebninynikol.cz\/index.php\/product\/denbit-br-alp-asfaltovy-penetracni-lak\/#primaryimage"},"image":{"@id":"https:\/\/stavebninynikol.cz\/index.php\/product\/denbit-br-alp-asfaltovy-penetracni-lak\/#primaryimage"},"thumbnailUrl":"https:\/\/stavebninynikol.cz\/wp-content\/uploads\/2025\/09\/asfaltovy_penetracni_lak_denbit_br-alp_web.webp","datePublished":"2025-09-09T12:16:07+00:00","description":"DenBit BR-ALP \u2013 Asfaltov\u00fd penetra\u010dn\u00ed lak StavebninyNikol","breadcrumb":{"@id":"https:\/\/stavebninynikol.cz\/index.php\/product\/denbit-br-alp-asfaltovy-penetracni-lak\/#breadcrumb"},"inLanguage":"cs","potentialAction":[{"@type":"ReadAction","target":["https:\/\/stavebninynikol.cz\/index.php\/product\/denbit-br-alp-asfaltovy-penetracni-lak\/"]}]},{"@type":"ImageObject","inLanguage":"cs","@id":"https:\/\/stavebninynikol.cz\/index.php\/product\/denbit-br-alp-asfaltovy-penetracni-lak\/#primaryimage","url":"https:\/\/stavebninynikol.cz\/wp-content\/uploads\/2025\/09\/asfaltovy_penetracni_lak_denbit_br-alp_web.webp","contentUrl":"https:\/\/stavebninynikol.cz\/wp-content\/uploads\/2025\/09\/asfaltovy_penetracni_lak_denbit_br-alp_web.webp","width":600,"height":600},{"@type":"BreadcrumbList","@id":"https:\/\/stavebninynikol.cz\/index.php\/product\/denbit-br-alp-asfaltovy-penetracni-lak\/#breadcrumb","itemListElement":[{"@type":"ListItem","position":1,"name":"Dom\u016f","item":"https:\/\/stavebninynikol.cz\/"},{"@type":"ListItem","position":2,"name":"Take Your Adventure To The Next Level","item":"https:\/\/stavebninynikol.cz\/index.php\/shop\/"},{"@type":"ListItem","position":3,"name":"DenBit BR-ALP \u2013 Asfaltov\u00fd penetra\u010dn\u00ed lak"}]},{"@type":"WebSite","@id":"https:\/\/stavebninynikol.cz\/#website","url":"https:\/\/stavebninynikol.cz\/","name":"StavebninyNikol","description":"stavebniny nikol","publisher":{"@id":"https:\/\/stavebninynikol.cz\/#organization"},"potentialAction":[{"@type":"SearchAction","target":{"@type":"EntryPoint","urlTemplate":"https:\/\/stavebninynikol.cz\/?s={search_term_string}"},"query-input":{"@type":"PropertyValueSpecification","valueRequired":true,"valueName":"search_term_string"}}],"inLanguage":"cs"},{"@type":"Organization","@id":"https:\/\/stavebninynikol.cz\/#organization","name":"StavebninyNikol","url":"https:\/\/stavebninynikol.cz\/","logo":{"@type":"ImageObject","inLanguage":"cs","@id":"https:\/\/stavebninynikol.cz\/#\/schema\/logo\/image\/","url":"https:\/\/stavebninynikol.cz\/wp-content\/uploads\/2025\/07\/NIKOL_logo.eps-1-e1757927564347.webp","contentUrl":"https:\/\/stavebninynikol.cz\/wp-content\/uploads\/2025\/07\/NIKOL_logo.eps-1-e1757927564347.webp","width":512,"height":132,"caption":"StavebninyNikol"},"image":{"@id":"https:\/\/stavebninynikol.cz\/#\/schema\/logo\/image\/"},"sameAs":["https:\/\/www.facebook.com\/profile.php?id=100057375402895&mibextid=wwXIfr&rdid=6fQOqALSBiK69Ovq&share_url=httpswww.facebook.comshare1AicpAHGFPmibextidwwXIfr"]}]}},"_links":{"self":[{"href":"https:\/\/stavebninynikol.cz\/index.php\/wp-json\/wp\/v2\/product\/2633","targetHints":{"allow":["GET"]}}],"collection":[{"href":"https:\/\/stavebninynikol.cz\/index.php\/wp-json\/wp\/v2\/product"}],"about":[{"href":"https:\/\/stavebninynikol.cz\/index.php\/wp-json\/wp\/v2\/types\/product"}],"replies":[{"embeddable":true,"href":"https:\/\/stavebninynikol.cz\/index.php\/wp-json\/wp\/v2\/comments?post=2633"}],"wp:featuredmedia":[{"embeddable":true,"href":"https:\/\/stavebninynikol.cz\/index.php\/wp-json\/wp\/v2\/media\/2634"}],"wp:attachment":[{"href":"https:\/\/stavebninynikol.cz\/index.php\/wp-json\/wp\/v2\/media?parent=2633"}],"wp:term":[{"taxonomy":"product_brand","embeddable":true,"href":"https:\/\/stavebninynikol.cz\/index.php\/wp-json\/wp\/v2\/product_brand?post=2633"},{"taxonomy":"product_cat","embeddable":true,"href":"https:\/\/stavebninynikol.cz\/index.php\/wp-json\/wp\/v2\/product_cat?post=2633"},{"taxonomy":"product_tag","embeddable":true,"href":"https:\/\/stavebninynikol.cz\/index.php\/wp-json\/wp\/v2\/product_tag?post=2633"}],"curies":[{"name":"wp","href":"https:\/\/api.w.org\/{rel}","templated":true}]}}