{"id":2637,"date":"2025-09-09T12:19:59","date_gmt":"2025-09-09T12:19:59","guid":{"rendered":"https:\/\/stavebninynikol.cz\/?post_type=product&#038;p=2637"},"modified":"2025-09-09T12:19:59","modified_gmt":"2025-09-09T12:19:59","slug":"buldok-asfaltovy-penetrak","status":"publish","type":"product","link":"https:\/\/stavebninynikol.cz\/index.php\/product\/buldok-asfaltovy-penetrak\/","title":{"rendered":"Buldok Asfaltov\u00fd penetr\u00e1k"},"content":{"rendered":"<p>Tento p\u0159\u00edpravek je ur\u010den\u00fd pro penetra\u010dn\u00ed n\u00e1t\u011bry stavebn\u00edch materi\u00e1l\u016f pod \u017eivi\u010dn\u00e9 izola\u010dn\u00ed krytiny a n\u00e1t\u011bry. Vhodn\u00fd k penetraci podklad\u016f pro zv\u00fd\u0161en\u00ed p\u0159ilnavosti n\u00e1sledn\u00fdch vrstev, penetraci z\u00e1kladn\u00edch betonov\u00fdch desek podlah, teras a balkon\u016f, penetraci betonov\u00fdch st\u0159ech p\u0159ed aplikac\u00ed hydroizola\u010dn\u00edch asfaltov\u00fdch p\u00e1s\u016f, penetraci septik\u016f a vodn\u00edch j\u00edmek p\u0159ed n\u00e1slednou \u017eivi\u010dnou asfaltovou izola\u010dn\u00ed vrstvou.<\/p>\n<p><b>ASFALTOV\u00dd PENETR\u00c1K<\/b>\u00a0je jednoslo\u017ekov\u00fd p\u0159\u00edpravek na b\u00e1zi asfaltov\u00e9 disperze modifikovan\u00e9 syntetick\u00fdm kau\u010dukem, speci\u00e1ln\u011b vyvinut\u00fd pro penetrace stavebn\u00edch konstrukc\u00ed.<\/p>\n<p><b>Pou\u017eit\u00ed<\/b><br \/>\n\u2022 hloubkov\u00e1 penetrace betonov\u00fdch podklad\u016f, eternit\u016f, z\u00e1klad\u016f, podzemn\u00edch \u010d\u00e1st\u00ed staveb<br \/>\n\u2022 penetrace stavebn\u00ed oceli, plechov\u00fdch a lepenkov\u00fdch krytin<br \/>\n\u2022 podklad pro tepeln\u011b sva\u0159ovan\u00e9 bitumenov\u00e9 p\u00e1sy<br \/>\n\u2022 penetrace pod Asfaltov\u00fd hydroizola\u010dn\u00ed n\u00e1t\u011br \u010cS, nap\u0159. u p\u0159\u00edzemn\u00edch izolac\u00ed teras<br \/>\n\u2022 lehk\u00e1 izolace proti vlhkosti<\/p>\n<p><b>V\u00fdhody<\/b><br \/>\n\u2022 hlubok\u00e1 penetra\u010dn\u00ed schopnost<br \/>\n\u2022 niveluje mikrotrhliny<br \/>\n\u2022 odoln\u00fd v\u016f\u010di vod\u011b, slab\u00fdm kyselin\u00e1m a z\u00e1sad\u00e1m<br \/>\n\u2022 na such\u00e9 a m\u00edrn\u011b vlhk\u00e9 podklady<br \/>\n\u2022 velmi snadn\u00e9 pou\u017eit<\/p>\n","protected":false},"excerpt":{"rendered":"<p>Jednoslo\u017ekov\u00fd elastick\u00fd asfaltov\u00fd penetruj\u00edc\u00ed n\u00e1t\u011br. Speci\u00e1ln\u011b vyvinut\u00fd pro penetrace stavebn\u00edch konstrukc\u00ed nap\u0159. pod asfaltov\u00e9 hydroizola\u010dn\u00ed p\u00e1sy (lepenky).<\/p>\n","protected":false},"featured_media":2638,"comment_status":"open","ping_status":"closed","template":"","meta":[],"product_brand":[],"product_cat":[388,224],"product_tag":[],"class_list":{"0":"post-2637","1":"product","2":"type-product","3":"status-publish","4":"has-post-thumbnail","6":"product_cat-asfaltove-hmoty","7":"product_cat-stavebni-chemie","9":"first","10":"instock","11":"shipping-taxable","12":"product-type-variable","13":"has-default-attributes"},"yoast_head":"<!-- This site is optimized with the Yoast SEO plugin v26.9 - https:\/\/yoast.com\/product\/yoast-seo-wordpress\/ -->\n<title>Buldok Asfaltov\u00fd penetr\u00e1k - StavebninyNikol<\/title>\n<meta name=\"description\" content=\"Buldok Asfaltov\u00fd penetr\u00e1k StavebninyNikol\" \/>\n<meta name=\"robots\" content=\"index, follow, max-snippet:-1, max-image-preview:large, max-video-preview:-1\" \/>\n<link rel=\"canonical\" href=\"https:\/\/stavebninynikol.cz\/index.php\/product\/buldok-asfaltovy-penetrak\/\" \/>\n<meta property=\"og:locale\" content=\"cs_CZ\" \/>\n<meta property=\"og:type\" content=\"article\" \/>\n<meta property=\"og:title\" content=\"Buldok Asfaltov\u00fd penetr\u00e1k - StavebninyNikol\" \/>\n<meta property=\"og:description\" content=\"Buldok Asfaltov\u00fd penetr\u00e1k StavebninyNikol\" \/>\n<meta property=\"og:url\" content=\"https:\/\/stavebninynikol.cz\/index.php\/product\/buldok-asfaltovy-penetrak\/\" \/>\n<meta property=\"og:site_name\" content=\"StavebninyNikol\" \/>\n<meta property=\"article:publisher\" content=\"https:\/\/www.facebook.com\/profile.php?id=100057375402895&amp;mibextid=wwXIfr&amp;rdid=6fQOqALSBiK69Ovq&amp;share_url=httpswww.facebook.comshare1AicpAHGFPmibextidwwXIfr\" \/>\n<meta property=\"og:image\" content=\"https:\/\/stavebninynikol.cz\/wp-content\/uploads\/2025\/09\/www_product_images_esh0000050_20_800x800-q100.webp\" \/>\n\t<meta property=\"og:image:width\" content=\"800\" \/>\n\t<meta property=\"og:image:height\" content=\"800\" \/>\n\t<meta property=\"og:image:type\" content=\"image\/webp\" \/>\n<meta name=\"twitter:card\" content=\"summary_large_image\" \/>\n<meta name=\"twitter:label1\" content=\"Odhadovan\u00e1 doba \u010dten\u00ed\" \/>\n\t<meta name=\"twitter:data1\" content=\"1 minuta\" \/>\n<script type=\"application\/ld+json\" class=\"yoast-schema-graph\">{\"@context\":\"https:\/\/schema.org\",\"@graph\":[{\"@type\":\"WebPage\",\"@id\":\"https:\/\/stavebninynikol.cz\/index.php\/product\/buldok-asfaltovy-penetrak\/\",\"url\":\"https:\/\/stavebninynikol.cz\/index.php\/product\/buldok-asfaltovy-penetrak\/\",\"name\":\"Buldok Asfaltov\u00fd penetr\u00e1k - StavebninyNikol\",\"isPartOf\":{\"@id\":\"https:\/\/stavebninynikol.cz\/#website\"},\"primaryImageOfPage\":{\"@id\":\"https:\/\/stavebninynikol.cz\/index.php\/product\/buldok-asfaltovy-penetrak\/#primaryimage\"},\"image\":{\"@id\":\"https:\/\/stavebninynikol.cz\/index.php\/product\/buldok-asfaltovy-penetrak\/#primaryimage\"},\"thumbnailUrl\":\"https:\/\/stavebninynikol.cz\/wp-content\/uploads\/2025\/09\/www_product_images_esh0000050_20_800x800-q100.webp\",\"datePublished\":\"2025-09-09T12:19:59+00:00\",\"description\":\"Buldok Asfaltov\u00fd penetr\u00e1k StavebninyNikol\",\"breadcrumb\":{\"@id\":\"https:\/\/stavebninynikol.cz\/index.php\/product\/buldok-asfaltovy-penetrak\/#breadcrumb\"},\"inLanguage\":\"cs\",\"potentialAction\":[{\"@type\":\"ReadAction\",\"target\":[\"https:\/\/stavebninynikol.cz\/index.php\/product\/buldok-asfaltovy-penetrak\/\"]}]},{\"@type\":\"ImageObject\",\"inLanguage\":\"cs\",\"@id\":\"https:\/\/stavebninynikol.cz\/index.php\/product\/buldok-asfaltovy-penetrak\/#primaryimage\",\"url\":\"https:\/\/stavebninynikol.cz\/wp-content\/uploads\/2025\/09\/www_product_images_esh0000050_20_800x800-q100.webp\",\"contentUrl\":\"https:\/\/stavebninynikol.cz\/wp-content\/uploads\/2025\/09\/www_product_images_esh0000050_20_800x800-q100.webp\",\"width\":800,\"height\":800},{\"@type\":\"BreadcrumbList\",\"@id\":\"https:\/\/stavebninynikol.cz\/index.php\/product\/buldok-asfaltovy-penetrak\/#breadcrumb\",\"itemListElement\":[{\"@type\":\"ListItem\",\"position\":1,\"name\":\"Dom\u016f\",\"item\":\"https:\/\/stavebninynikol.cz\/\"},{\"@type\":\"ListItem\",\"position\":2,\"name\":\"Take Your Adventure To The Next Level\",\"item\":\"https:\/\/stavebninynikol.cz\/index.php\/shop\/\"},{\"@type\":\"ListItem\",\"position\":3,\"name\":\"Buldok Asfaltov\u00fd penetr\u00e1k\"}]},{\"@type\":\"WebSite\",\"@id\":\"https:\/\/stavebninynikol.cz\/#website\",\"url\":\"https:\/\/stavebninynikol.cz\/\",\"name\":\"StavebninyNikol\",\"description\":\"stavebniny nikol\",\"publisher\":{\"@id\":\"https:\/\/stavebninynikol.cz\/#organization\"},\"potentialAction\":[{\"@type\":\"SearchAction\",\"target\":{\"@type\":\"EntryPoint\",\"urlTemplate\":\"https:\/\/stavebninynikol.cz\/?s={search_term_string}\"},\"query-input\":{\"@type\":\"PropertyValueSpecification\",\"valueRequired\":true,\"valueName\":\"search_term_string\"}}],\"inLanguage\":\"cs\"},{\"@type\":\"Organization\",\"@id\":\"https:\/\/stavebninynikol.cz\/#organization\",\"name\":\"StavebninyNikol\",\"url\":\"https:\/\/stavebninynikol.cz\/\",\"logo\":{\"@type\":\"ImageObject\",\"inLanguage\":\"cs\",\"@id\":\"https:\/\/stavebninynikol.cz\/#\/schema\/logo\/image\/\",\"url\":\"https:\/\/stavebninynikol.cz\/wp-content\/uploads\/2025\/07\/NIKOL_logo.eps-1-e1757927564347.webp\",\"contentUrl\":\"https:\/\/stavebninynikol.cz\/wp-content\/uploads\/2025\/07\/NIKOL_logo.eps-1-e1757927564347.webp\",\"width\":512,\"height\":132,\"caption\":\"StavebninyNikol\"},\"image\":{\"@id\":\"https:\/\/stavebninynikol.cz\/#\/schema\/logo\/image\/\"},\"sameAs\":[\"https:\/\/www.facebook.com\/profile.php?id=100057375402895&mibextid=wwXIfr&rdid=6fQOqALSBiK69Ovq&share_url=httpswww.facebook.comshare1AicpAHGFPmibextidwwXIfr\"]}]}<\/script>\n<!-- \/ Yoast SEO plugin. -->","yoast_head_json":{"title":"Buldok Asfaltov\u00fd penetr\u00e1k - StavebninyNikol","description":"Buldok Asfaltov\u00fd penetr\u00e1k StavebninyNikol","robots":{"index":"index","follow":"follow","max-snippet":"max-snippet:-1","max-image-preview":"max-image-preview:large","max-video-preview":"max-video-preview:-1"},"canonical":"https:\/\/stavebninynikol.cz\/index.php\/product\/buldok-asfaltovy-penetrak\/","og_locale":"cs_CZ","og_type":"article","og_title":"Buldok Asfaltov\u00fd penetr\u00e1k - StavebninyNikol","og_description":"Buldok Asfaltov\u00fd penetr\u00e1k StavebninyNikol","og_url":"https:\/\/stavebninynikol.cz\/index.php\/product\/buldok-asfaltovy-penetrak\/","og_site_name":"StavebninyNikol","article_publisher":"https:\/\/www.facebook.com\/profile.php?id=100057375402895&mibextid=wwXIfr&rdid=6fQOqALSBiK69Ovq&share_url=httpswww.facebook.comshare1AicpAHGFPmibextidwwXIfr","og_image":[{"width":800,"height":800,"url":"https:\/\/stavebninynikol.cz\/wp-content\/uploads\/2025\/09\/www_product_images_esh0000050_20_800x800-q100.webp","type":"image\/webp"}],"twitter_card":"summary_large_image","twitter_misc":{"Odhadovan\u00e1 doba \u010dten\u00ed":"1 minuta"},"schema":{"@context":"https:\/\/schema.org","@graph":[{"@type":"WebPage","@id":"https:\/\/stavebninynikol.cz\/index.php\/product\/buldok-asfaltovy-penetrak\/","url":"https:\/\/stavebninynikol.cz\/index.php\/product\/buldok-asfaltovy-penetrak\/","name":"Buldok Asfaltov\u00fd penetr\u00e1k - StavebninyNikol","isPartOf":{"@id":"https:\/\/stavebninynikol.cz\/#website"},"primaryImageOfPage":{"@id":"https:\/\/stavebninynikol.cz\/index.php\/product\/buldok-asfaltovy-penetrak\/#primaryimage"},"image":{"@id":"https:\/\/stavebninynikol.cz\/index.php\/product\/buldok-asfaltovy-penetrak\/#primaryimage"},"thumbnailUrl":"https:\/\/stavebninynikol.cz\/wp-content\/uploads\/2025\/09\/www_product_images_esh0000050_20_800x800-q100.webp","datePublished":"2025-09-09T12:19:59+00:00","description":"Buldok Asfaltov\u00fd penetr\u00e1k StavebninyNikol","breadcrumb":{"@id":"https:\/\/stavebninynikol.cz\/index.php\/product\/buldok-asfaltovy-penetrak\/#breadcrumb"},"inLanguage":"cs","potentialAction":[{"@type":"ReadAction","target":["https:\/\/stavebninynikol.cz\/index.php\/product\/buldok-asfaltovy-penetrak\/"]}]},{"@type":"ImageObject","inLanguage":"cs","@id":"https:\/\/stavebninynikol.cz\/index.php\/product\/buldok-asfaltovy-penetrak\/#primaryimage","url":"https:\/\/stavebninynikol.cz\/wp-content\/uploads\/2025\/09\/www_product_images_esh0000050_20_800x800-q100.webp","contentUrl":"https:\/\/stavebninynikol.cz\/wp-content\/uploads\/2025\/09\/www_product_images_esh0000050_20_800x800-q100.webp","width":800,"height":800},{"@type":"BreadcrumbList","@id":"https:\/\/stavebninynikol.cz\/index.php\/product\/buldok-asfaltovy-penetrak\/#breadcrumb","itemListElement":[{"@type":"ListItem","position":1,"name":"Dom\u016f","item":"https:\/\/stavebninynikol.cz\/"},{"@type":"ListItem","position":2,"name":"Take Your Adventure To The Next Level","item":"https:\/\/stavebninynikol.cz\/index.php\/shop\/"},{"@type":"ListItem","position":3,"name":"Buldok Asfaltov\u00fd penetr\u00e1k"}]},{"@type":"WebSite","@id":"https:\/\/stavebninynikol.cz\/#website","url":"https:\/\/stavebninynikol.cz\/","name":"StavebninyNikol","description":"stavebniny nikol","publisher":{"@id":"https:\/\/stavebninynikol.cz\/#organization"},"potentialAction":[{"@type":"SearchAction","target":{"@type":"EntryPoint","urlTemplate":"https:\/\/stavebninynikol.cz\/?s={search_term_string}"},"query-input":{"@type":"PropertyValueSpecification","valueRequired":true,"valueName":"search_term_string"}}],"inLanguage":"cs"},{"@type":"Organization","@id":"https:\/\/stavebninynikol.cz\/#organization","name":"StavebninyNikol","url":"https:\/\/stavebninynikol.cz\/","logo":{"@type":"ImageObject","inLanguage":"cs","@id":"https:\/\/stavebninynikol.cz\/#\/schema\/logo\/image\/","url":"https:\/\/stavebninynikol.cz\/wp-content\/uploads\/2025\/07\/NIKOL_logo.eps-1-e1757927564347.webp","contentUrl":"https:\/\/stavebninynikol.cz\/wp-content\/uploads\/2025\/07\/NIKOL_logo.eps-1-e1757927564347.webp","width":512,"height":132,"caption":"StavebninyNikol"},"image":{"@id":"https:\/\/stavebninynikol.cz\/#\/schema\/logo\/image\/"},"sameAs":["https:\/\/www.facebook.com\/profile.php?id=100057375402895&mibextid=wwXIfr&rdid=6fQOqALSBiK69Ovq&share_url=httpswww.facebook.comshare1AicpAHGFPmibextidwwXIfr"]}]}},"_links":{"self":[{"href":"https:\/\/stavebninynikol.cz\/index.php\/wp-json\/wp\/v2\/product\/2637","targetHints":{"allow":["GET"]}}],"collection":[{"href":"https:\/\/stavebninynikol.cz\/index.php\/wp-json\/wp\/v2\/product"}],"about":[{"href":"https:\/\/stavebninynikol.cz\/index.php\/wp-json\/wp\/v2\/types\/product"}],"replies":[{"embeddable":true,"href":"https:\/\/stavebninynikol.cz\/index.php\/wp-json\/wp\/v2\/comments?post=2637"}],"wp:featuredmedia":[{"embeddable":true,"href":"https:\/\/stavebninynikol.cz\/index.php\/wp-json\/wp\/v2\/media\/2638"}],"wp:attachment":[{"href":"https:\/\/stavebninynikol.cz\/index.php\/wp-json\/wp\/v2\/media?parent=2637"}],"wp:term":[{"taxonomy":"product_brand","embeddable":true,"href":"https:\/\/stavebninynikol.cz\/index.php\/wp-json\/wp\/v2\/product_brand?post=2637"},{"taxonomy":"product_cat","embeddable":true,"href":"https:\/\/stavebninynikol.cz\/index.php\/wp-json\/wp\/v2\/product_cat?post=2637"},{"taxonomy":"product_tag","embeddable":true,"href":"https:\/\/stavebninynikol.cz\/index.php\/wp-json\/wp\/v2\/product_tag?post=2637"}],"curies":[{"name":"wp","href":"https:\/\/api.w.org\/{rel}","templated":true}]}}