{"id":2645,"date":"2025-09-09T12:38:30","date_gmt":"2025-09-09T12:38:30","guid":{"rendered":"https:\/\/stavebninynikol.cz\/?post_type=product&#038;p=2645"},"modified":"2025-09-09T12:38:30","modified_gmt":"2025-09-09T12:38:30","slug":"jednoslozkova-hydroizolace-buldok","status":"publish","type":"product","link":"https:\/\/stavebninynikol.cz\/index.php\/product\/jednoslozkova-hydroizolace-buldok\/","title":{"rendered":"Jednoslo\u017ekov\u00e1 hydroizolace BULDOK"},"content":{"rendered":"<p>Pou\u017e\u00edv\u00e1 se k plo\u0161n\u00e9 hydroizolaci stavebn\u00edch konstrukc\u00ed v interi\u00e9ru i exteri\u00e9ru. Vhodn\u00e1 do vlhk\u00fdch prostor (koupelny, sprchy, terasy, apod.) V kombinaci s cementov\u00fdmi flexibiln\u00edmi lepidly pod pokl\u00e1dku keramick\u00fdch obklad\u016f a prvk\u016f z um\u011bl\u00e9ho i p\u0159\u00edrodn\u00edho kamene. Jako pru\u017en\u00e1 t\u011bsn\u00edc\u00ed f\u00f3lie pod samonivela\u010dn\u00ed podlahov\u00e9 st\u011brky, betonov\u00e9 pot\u011bry. Vhodn\u00e1 pro podlahov\u00e1 vyt\u00e1p\u011bn\u00ed. Pou\u017e\u00edv\u00e1 se spolu s T\u011bsn\u00edc\u00edmi p\u00e1sy, rohy a pr\u016fchodkami \u010cesk\u00fd stavitel.<\/p>\n<p>Elastick\u00e1\u00a0<b>Jednoslo\u017ekov\u00e1 hydroizolace<\/b>\u00a0je tekut\u00e1 t\u011bsn\u00edc\u00ed f\u00f3lie \u2013 st\u011brka. Je ur\u010den\u00e1 p\u0159edev\u0161\u00edm pro vytvo\u0159en\u00ed bezesp\u00e1r\u00e9 hydroizola\u010dn\u00ed vrstvy na miner\u00e1ln\u00edch podkladech v exteri\u00e9rech i interi\u00e9rech.<\/p>\n<p><b>Charakteristika:<\/b><br \/>\n\u2022 hmota p\u0159ipraven\u00e1 k p\u0159\u00edm\u00e9mu pou\u017eit\u00ed<br \/>\n\u2022 vytv\u00e1\u0159\u00ed trvale pru\u017enou, vysoce p\u0159ilnavou pro vodu nepropustnou membr\u00e1nu<br \/>\n\u2022 m\u00e1 vynikaj\u00edc\u00ed p\u0159ilnavost k sav\u00fdm miner\u00e1ln\u00edm podklad\u016fm jako beton, cementov\u00e9 a v\u00e1pnocementov\u00e9 om\u00edtky, anhydrit, s\u00e1drokarton i k nesav\u00fdm podklad\u016fm<br \/>\n\u2022 rychle tuhnouc\u00ed<br \/>\n\u2022 vysok\u00e1 schopnost p\u0159ekryt\u00ed trhlin<br \/>\n\u2022 snadno se nan\u00e1\u0161\u00ed<br \/>\n\u2022 mrazuvzdorn\u00e1, vhodn\u00e1 i do exteri\u00e9ru<\/p>\n","protected":false},"excerpt":{"rendered":"<div class=\"d_header_desc\">Tekut\u00e1 jednoslo\u017ekov\u00e1 elastick\u00e1 hydroizolace ur\u010den\u00e1 p\u0159edev\u0161\u00edm pro vytvo\u0159en\u00ed bezespar\u00e9 hydroizola\u010dn\u00ed vrstvy na miner\u00e1ln\u00edch podkladech v interi\u00e9ru i exteri\u00e9ru. Ihned aplikovateln\u00e1.<\/div>\n","protected":false},"featured_media":2648,"comment_status":"open","ping_status":"closed","template":"","meta":[],"product_brand":[],"product_cat":[233,224],"product_tag":[],"class_list":{"0":"post-2645","1":"product","2":"type-product","3":"status-publish","4":"has-post-thumbnail","6":"product_cat-hydroizolacni-natery-a-sterky","7":"product_cat-stavebni-chemie","9":"first","10":"instock","11":"shipping-taxable","12":"product-type-variable","13":"has-default-attributes"},"yoast_head":"<!-- This site is optimized with the Yoast SEO plugin v26.9 - https:\/\/yoast.com\/product\/yoast-seo-wordpress\/ -->\n<title>Jednoslo\u017ekov\u00e1 hydroizolace BULDOK - StavebninyNikol<\/title>\n<meta name=\"description\" content=\"Jednoslo\u017ekov\u00e1 hydroizolace BULDOK StavebninyNikol\" \/>\n<meta name=\"robots\" content=\"index, follow, max-snippet:-1, max-image-preview:large, max-video-preview:-1\" \/>\n<link rel=\"canonical\" href=\"https:\/\/stavebninynikol.cz\/index.php\/product\/jednoslozkova-hydroizolace-buldok\/\" \/>\n<meta property=\"og:locale\" content=\"cs_CZ\" \/>\n<meta property=\"og:type\" content=\"article\" \/>\n<meta property=\"og:title\" content=\"Jednoslo\u017ekov\u00e1 hydroizolace BULDOK - StavebninyNikol\" \/>\n<meta property=\"og:description\" content=\"Jednoslo\u017ekov\u00e1 hydroizolace BULDOK StavebninyNikol\" \/>\n<meta property=\"og:url\" content=\"https:\/\/stavebninynikol.cz\/index.php\/product\/jednoslozkova-hydroizolace-buldok\/\" \/>\n<meta property=\"og:site_name\" content=\"StavebninyNikol\" \/>\n<meta property=\"article:publisher\" content=\"https:\/\/www.facebook.com\/profile.php?id=100057375402895&amp;mibextid=wwXIfr&amp;rdid=6fQOqALSBiK69Ovq&amp;share_url=httpswww.facebook.comshare1AicpAHGFPmibextidwwXIfr\" \/>\n<meta property=\"og:image\" content=\"https:\/\/stavebninynikol.cz\/wp-content\/uploads\/2025\/09\/www_product_images_esh0001094_20_800x800-q100.webp\" \/>\n\t<meta property=\"og:image:width\" content=\"800\" \/>\n\t<meta property=\"og:image:height\" content=\"800\" \/>\n\t<meta property=\"og:image:type\" content=\"image\/webp\" \/>\n<meta name=\"twitter:card\" content=\"summary_large_image\" \/>\n<meta name=\"twitter:label1\" content=\"Odhadovan\u00e1 doba \u010dten\u00ed\" \/>\n\t<meta name=\"twitter:data1\" content=\"1 minuta\" \/>\n<script type=\"application\/ld+json\" class=\"yoast-schema-graph\">{\"@context\":\"https:\/\/schema.org\",\"@graph\":[{\"@type\":\"WebPage\",\"@id\":\"https:\/\/stavebninynikol.cz\/index.php\/product\/jednoslozkova-hydroizolace-buldok\/\",\"url\":\"https:\/\/stavebninynikol.cz\/index.php\/product\/jednoslozkova-hydroizolace-buldok\/\",\"name\":\"Jednoslo\u017ekov\u00e1 hydroizolace BULDOK - StavebninyNikol\",\"isPartOf\":{\"@id\":\"https:\/\/stavebninynikol.cz\/#website\"},\"primaryImageOfPage\":{\"@id\":\"https:\/\/stavebninynikol.cz\/index.php\/product\/jednoslozkova-hydroizolace-buldok\/#primaryimage\"},\"image\":{\"@id\":\"https:\/\/stavebninynikol.cz\/index.php\/product\/jednoslozkova-hydroizolace-buldok\/#primaryimage\"},\"thumbnailUrl\":\"https:\/\/stavebninynikol.cz\/wp-content\/uploads\/2025\/09\/www_product_images_esh0001094_20_800x800-q100.webp\",\"datePublished\":\"2025-09-09T12:38:30+00:00\",\"description\":\"Jednoslo\u017ekov\u00e1 hydroizolace BULDOK StavebninyNikol\",\"breadcrumb\":{\"@id\":\"https:\/\/stavebninynikol.cz\/index.php\/product\/jednoslozkova-hydroizolace-buldok\/#breadcrumb\"},\"inLanguage\":\"cs\",\"potentialAction\":[{\"@type\":\"ReadAction\",\"target\":[\"https:\/\/stavebninynikol.cz\/index.php\/product\/jednoslozkova-hydroizolace-buldok\/\"]}]},{\"@type\":\"ImageObject\",\"inLanguage\":\"cs\",\"@id\":\"https:\/\/stavebninynikol.cz\/index.php\/product\/jednoslozkova-hydroizolace-buldok\/#primaryimage\",\"url\":\"https:\/\/stavebninynikol.cz\/wp-content\/uploads\/2025\/09\/www_product_images_esh0001094_20_800x800-q100.webp\",\"contentUrl\":\"https:\/\/stavebninynikol.cz\/wp-content\/uploads\/2025\/09\/www_product_images_esh0001094_20_800x800-q100.webp\",\"width\":800,\"height\":800},{\"@type\":\"BreadcrumbList\",\"@id\":\"https:\/\/stavebninynikol.cz\/index.php\/product\/jednoslozkova-hydroizolace-buldok\/#breadcrumb\",\"itemListElement\":[{\"@type\":\"ListItem\",\"position\":1,\"name\":\"Dom\u016f\",\"item\":\"https:\/\/stavebninynikol.cz\/\"},{\"@type\":\"ListItem\",\"position\":2,\"name\":\"Take Your Adventure To The Next Level\",\"item\":\"https:\/\/stavebninynikol.cz\/index.php\/shop\/\"},{\"@type\":\"ListItem\",\"position\":3,\"name\":\"Jednoslo\u017ekov\u00e1 hydroizolace BULDOK\"}]},{\"@type\":\"WebSite\",\"@id\":\"https:\/\/stavebninynikol.cz\/#website\",\"url\":\"https:\/\/stavebninynikol.cz\/\",\"name\":\"StavebninyNikol\",\"description\":\"stavebniny nikol\",\"publisher\":{\"@id\":\"https:\/\/stavebninynikol.cz\/#organization\"},\"potentialAction\":[{\"@type\":\"SearchAction\",\"target\":{\"@type\":\"EntryPoint\",\"urlTemplate\":\"https:\/\/stavebninynikol.cz\/?s={search_term_string}\"},\"query-input\":{\"@type\":\"PropertyValueSpecification\",\"valueRequired\":true,\"valueName\":\"search_term_string\"}}],\"inLanguage\":\"cs\"},{\"@type\":\"Organization\",\"@id\":\"https:\/\/stavebninynikol.cz\/#organization\",\"name\":\"StavebninyNikol\",\"url\":\"https:\/\/stavebninynikol.cz\/\",\"logo\":{\"@type\":\"ImageObject\",\"inLanguage\":\"cs\",\"@id\":\"https:\/\/stavebninynikol.cz\/#\/schema\/logo\/image\/\",\"url\":\"https:\/\/stavebninynikol.cz\/wp-content\/uploads\/2025\/07\/NIKOL_logo.eps-1-e1757927564347.webp\",\"contentUrl\":\"https:\/\/stavebninynikol.cz\/wp-content\/uploads\/2025\/07\/NIKOL_logo.eps-1-e1757927564347.webp\",\"width\":512,\"height\":132,\"caption\":\"StavebninyNikol\"},\"image\":{\"@id\":\"https:\/\/stavebninynikol.cz\/#\/schema\/logo\/image\/\"},\"sameAs\":[\"https:\/\/www.facebook.com\/profile.php?id=100057375402895&mibextid=wwXIfr&rdid=6fQOqALSBiK69Ovq&share_url=httpswww.facebook.comshare1AicpAHGFPmibextidwwXIfr\"]}]}<\/script>\n<!-- \/ Yoast SEO plugin. -->","yoast_head_json":{"title":"Jednoslo\u017ekov\u00e1 hydroizolace BULDOK - StavebninyNikol","description":"Jednoslo\u017ekov\u00e1 hydroizolace BULDOK StavebninyNikol","robots":{"index":"index","follow":"follow","max-snippet":"max-snippet:-1","max-image-preview":"max-image-preview:large","max-video-preview":"max-video-preview:-1"},"canonical":"https:\/\/stavebninynikol.cz\/index.php\/product\/jednoslozkova-hydroizolace-buldok\/","og_locale":"cs_CZ","og_type":"article","og_title":"Jednoslo\u017ekov\u00e1 hydroizolace BULDOK - StavebninyNikol","og_description":"Jednoslo\u017ekov\u00e1 hydroizolace BULDOK StavebninyNikol","og_url":"https:\/\/stavebninynikol.cz\/index.php\/product\/jednoslozkova-hydroizolace-buldok\/","og_site_name":"StavebninyNikol","article_publisher":"https:\/\/www.facebook.com\/profile.php?id=100057375402895&mibextid=wwXIfr&rdid=6fQOqALSBiK69Ovq&share_url=httpswww.facebook.comshare1AicpAHGFPmibextidwwXIfr","og_image":[{"width":800,"height":800,"url":"https:\/\/stavebninynikol.cz\/wp-content\/uploads\/2025\/09\/www_product_images_esh0001094_20_800x800-q100.webp","type":"image\/webp"}],"twitter_card":"summary_large_image","twitter_misc":{"Odhadovan\u00e1 doba \u010dten\u00ed":"1 minuta"},"schema":{"@context":"https:\/\/schema.org","@graph":[{"@type":"WebPage","@id":"https:\/\/stavebninynikol.cz\/index.php\/product\/jednoslozkova-hydroizolace-buldok\/","url":"https:\/\/stavebninynikol.cz\/index.php\/product\/jednoslozkova-hydroizolace-buldok\/","name":"Jednoslo\u017ekov\u00e1 hydroizolace BULDOK - StavebninyNikol","isPartOf":{"@id":"https:\/\/stavebninynikol.cz\/#website"},"primaryImageOfPage":{"@id":"https:\/\/stavebninynikol.cz\/index.php\/product\/jednoslozkova-hydroizolace-buldok\/#primaryimage"},"image":{"@id":"https:\/\/stavebninynikol.cz\/index.php\/product\/jednoslozkova-hydroizolace-buldok\/#primaryimage"},"thumbnailUrl":"https:\/\/stavebninynikol.cz\/wp-content\/uploads\/2025\/09\/www_product_images_esh0001094_20_800x800-q100.webp","datePublished":"2025-09-09T12:38:30+00:00","description":"Jednoslo\u017ekov\u00e1 hydroizolace BULDOK StavebninyNikol","breadcrumb":{"@id":"https:\/\/stavebninynikol.cz\/index.php\/product\/jednoslozkova-hydroizolace-buldok\/#breadcrumb"},"inLanguage":"cs","potentialAction":[{"@type":"ReadAction","target":["https:\/\/stavebninynikol.cz\/index.php\/product\/jednoslozkova-hydroizolace-buldok\/"]}]},{"@type":"ImageObject","inLanguage":"cs","@id":"https:\/\/stavebninynikol.cz\/index.php\/product\/jednoslozkova-hydroizolace-buldok\/#primaryimage","url":"https:\/\/stavebninynikol.cz\/wp-content\/uploads\/2025\/09\/www_product_images_esh0001094_20_800x800-q100.webp","contentUrl":"https:\/\/stavebninynikol.cz\/wp-content\/uploads\/2025\/09\/www_product_images_esh0001094_20_800x800-q100.webp","width":800,"height":800},{"@type":"BreadcrumbList","@id":"https:\/\/stavebninynikol.cz\/index.php\/product\/jednoslozkova-hydroizolace-buldok\/#breadcrumb","itemListElement":[{"@type":"ListItem","position":1,"name":"Dom\u016f","item":"https:\/\/stavebninynikol.cz\/"},{"@type":"ListItem","position":2,"name":"Take Your Adventure To The Next Level","item":"https:\/\/stavebninynikol.cz\/index.php\/shop\/"},{"@type":"ListItem","position":3,"name":"Jednoslo\u017ekov\u00e1 hydroizolace BULDOK"}]},{"@type":"WebSite","@id":"https:\/\/stavebninynikol.cz\/#website","url":"https:\/\/stavebninynikol.cz\/","name":"StavebninyNikol","description":"stavebniny nikol","publisher":{"@id":"https:\/\/stavebninynikol.cz\/#organization"},"potentialAction":[{"@type":"SearchAction","target":{"@type":"EntryPoint","urlTemplate":"https:\/\/stavebninynikol.cz\/?s={search_term_string}"},"query-input":{"@type":"PropertyValueSpecification","valueRequired":true,"valueName":"search_term_string"}}],"inLanguage":"cs"},{"@type":"Organization","@id":"https:\/\/stavebninynikol.cz\/#organization","name":"StavebninyNikol","url":"https:\/\/stavebninynikol.cz\/","logo":{"@type":"ImageObject","inLanguage":"cs","@id":"https:\/\/stavebninynikol.cz\/#\/schema\/logo\/image\/","url":"https:\/\/stavebninynikol.cz\/wp-content\/uploads\/2025\/07\/NIKOL_logo.eps-1-e1757927564347.webp","contentUrl":"https:\/\/stavebninynikol.cz\/wp-content\/uploads\/2025\/07\/NIKOL_logo.eps-1-e1757927564347.webp","width":512,"height":132,"caption":"StavebninyNikol"},"image":{"@id":"https:\/\/stavebninynikol.cz\/#\/schema\/logo\/image\/"},"sameAs":["https:\/\/www.facebook.com\/profile.php?id=100057375402895&mibextid=wwXIfr&rdid=6fQOqALSBiK69Ovq&share_url=httpswww.facebook.comshare1AicpAHGFPmibextidwwXIfr"]}]}},"_links":{"self":[{"href":"https:\/\/stavebninynikol.cz\/index.php\/wp-json\/wp\/v2\/product\/2645","targetHints":{"allow":["GET"]}}],"collection":[{"href":"https:\/\/stavebninynikol.cz\/index.php\/wp-json\/wp\/v2\/product"}],"about":[{"href":"https:\/\/stavebninynikol.cz\/index.php\/wp-json\/wp\/v2\/types\/product"}],"replies":[{"embeddable":true,"href":"https:\/\/stavebninynikol.cz\/index.php\/wp-json\/wp\/v2\/comments?post=2645"}],"wp:featuredmedia":[{"embeddable":true,"href":"https:\/\/stavebninynikol.cz\/index.php\/wp-json\/wp\/v2\/media\/2648"}],"wp:attachment":[{"href":"https:\/\/stavebninynikol.cz\/index.php\/wp-json\/wp\/v2\/media?parent=2645"}],"wp:term":[{"taxonomy":"product_brand","embeddable":true,"href":"https:\/\/stavebninynikol.cz\/index.php\/wp-json\/wp\/v2\/product_brand?post=2645"},{"taxonomy":"product_cat","embeddable":true,"href":"https:\/\/stavebninynikol.cz\/index.php\/wp-json\/wp\/v2\/product_cat?post=2645"},{"taxonomy":"product_tag","embeddable":true,"href":"https:\/\/stavebninynikol.cz\/index.php\/wp-json\/wp\/v2\/product_tag?post=2645"}],"curies":[{"name":"wp","href":"https:\/\/api.w.org\/{rel}","templated":true}]}}