{"id":2649,"date":"2025-09-09T12:44:52","date_gmt":"2025-09-09T12:44:52","guid":{"rendered":"https:\/\/stavebninynikol.cz\/?post_type=product&#038;p=2649"},"modified":"2025-09-09T12:44:52","modified_gmt":"2025-09-09T12:44:52","slug":"drevosan","status":"publish","type":"product","link":"https:\/\/stavebninynikol.cz\/index.php\/product\/drevosan\/","title":{"rendered":"D\u0159evosan"},"content":{"rendered":"<p>Spolehliv\u011b chr\u00e1n\u00ed d\u0159evo p\u0159ed napaden\u00edm d\u0159evokazn\u00fdmi houbami (d\u0159evomorka), hmyzem (\u010dervoto\u010d, tesa\u0159\u00edk) i pl\u00edsn\u011bmi. V\u00fdrobek je ur\u010den\u00fd p\u0159edev\u0161\u00edm pro o\u0161et\u0159ov\u00e1n\u00ed d\u0159eva p\u0159\u00edmo na stavb\u011b.<\/p>\n<p>Vodou \u0159editeln\u00fd tekut\u00fd impregna\u010dn\u00ed p\u0159\u00edpravek ur\u010den\u00fd pro preventivn\u00ed ochranu stavebn\u00edho d\u0159eva proti d\u0159evokazn\u00e9mu hmyzu, houb\u00e1m a pl\u00edsn\u00edm v interi\u00e9ru i exteri\u00e9ru.<\/p>\n<p>CHARAKTERISTIKA PRODUKTU:<br \/>\n\u203a dlouhodob\u00e1 preventivn\u00ed ochrana d\u0159eva<br \/>\n\u203a vodou \u0159editeln\u00fd<br \/>\n\u203a ur\u010den\u00fd pro interi\u00e9ry i exteri\u00e9ry<br \/>\n\u203a preventivn\u011b \u00fa\u010dinn\u00fd pro d\u0159evo v t\u0159\u00edd\u00e1ch pou\u017eit\u00ed 1, 2 a 3 (\u010cSN EN 335)<br \/>\n\u203a testov\u00e1n podle evropsk\u00fdch technick\u00fdch norem (EN 113, EN 839, EN 46, EN 73, EN 84)<br \/>\n\u203a vyr\u00e1b\u011bn podle syst\u00e9mu \u0159\u00edzen\u00ed jakosti ISO 9001 a 14001<\/p>\n<p>OBLASTI POU\u017dIT\u00cd:<br \/>\n\u203a preventivn\u00ed ochrana stavebn\u00edho d\u0159eva proti d\u0159evokazn\u00e9mu hmyzu a houb\u00e1m jako jsou d\u0159evomorka dom\u00e1c\u00ed, tesa\u0159\u00edk krovov\u00fd, \u010dervoto\u010d a proti pl\u00edsn\u00edm<br \/>\n\u203a povrchov\u00e9 o\u0161et\u0159en\u00ed d\u0159ev\u011bn\u00fdch st\u0159e\u0161n\u00edch konstrukc\u00ed, obklad\u016f, podlah, konstruk\u010dn\u00edch d\u0159ev\u011bn\u00fdch d\u00edl\u016f, \u0161t\u00edt\u016f, venkovn\u00edch podhled\u016f, zahradn\u00edch staveb<\/p>\n<p>VLASTNOSTI A VZHLED O\u0160ET\u0158EN\u00c9HO D\u0158EVA:<br \/>\nV\u00fdrobek po na\u0159ed\u011bn\u00ed vsakuje do d\u0159eva, na povrchu o\u0161et\u0159en\u00e9ho d\u0159eva netvo\u0159\u00ed vrstvu, o\u0161et\u0159en\u00e9 d\u0159evo nezap\u00e1ch\u00e1. Bezbarv\u00e1 varianta nem\u011bn\u00ed vzhled o\u0161et\u0159en\u00e9ho d\u0159eva.<\/p>\n","protected":false},"excerpt":{"rendered":"<p>Impregna\u010dn\u00ed p\u0159\u00edpravek na ochranu stavebn\u00edho d\u0159eva v interi\u00e9ru i exteri\u00e9ru. 1 kg p\u0159\u00edpravku o\u0161et\u0159\u00ed a\u017e 25m\u00b2<\/p>\n","protected":false},"featured_media":2652,"comment_status":"open","ping_status":"closed","template":"","meta":[],"product_brand":[],"product_cat":[392,224],"product_tag":[],"class_list":{"0":"post-2649","1":"product","2":"type-product","3":"status-publish","4":"has-post-thumbnail","6":"product_cat-ochrana-dreva","7":"product_cat-stavebni-chemie","9":"first","10":"instock","11":"shipping-taxable","12":"product-type-variable","13":"has-default-attributes"},"yoast_head":"<!-- This site is optimized with the Yoast SEO plugin v26.9 - https:\/\/yoast.com\/product\/yoast-seo-wordpress\/ -->\n<title>D\u0159evosan - StavebninyNikol<\/title>\n<meta name=\"description\" content=\"D\u0159evosan StavebninyNikol\" \/>\n<meta name=\"robots\" content=\"index, follow, max-snippet:-1, max-image-preview:large, max-video-preview:-1\" \/>\n<link rel=\"canonical\" href=\"https:\/\/stavebninynikol.cz\/index.php\/product\/drevosan\/\" \/>\n<meta property=\"og:locale\" content=\"cs_CZ\" \/>\n<meta property=\"og:type\" content=\"article\" \/>\n<meta property=\"og:title\" content=\"D\u0159evosan - StavebninyNikol\" \/>\n<meta property=\"og:description\" content=\"D\u0159evosan StavebninyNikol\" \/>\n<meta property=\"og:url\" content=\"https:\/\/stavebninynikol.cz\/index.php\/product\/drevosan\/\" \/>\n<meta property=\"og:site_name\" content=\"StavebninyNikol\" \/>\n<meta property=\"article:publisher\" content=\"https:\/\/www.facebook.com\/profile.php?id=100057375402895&amp;mibextid=wwXIfr&amp;rdid=6fQOqALSBiK69Ovq&amp;share_url=httpswww.facebook.comshare1AicpAHGFPmibextidwwXIfr\" \/>\n<meta property=\"og:image\" content=\"https:\/\/stavebninynikol.cz\/wp-content\/uploads\/2025\/09\/www_product_images_esh0000172_v1_4199x4737-q100-scaled.webp\" \/>\n\t<meta property=\"og:image:width\" content=\"2269\" \/>\n\t<meta property=\"og:image:height\" content=\"2560\" \/>\n\t<meta property=\"og:image:type\" content=\"image\/webp\" \/>\n<meta name=\"twitter:card\" content=\"summary_large_image\" \/>\n<meta name=\"twitter:label1\" content=\"Odhadovan\u00e1 doba \u010dten\u00ed\" \/>\n\t<meta name=\"twitter:data1\" content=\"1 minuta\" \/>\n<script type=\"application\/ld+json\" class=\"yoast-schema-graph\">{\"@context\":\"https:\/\/schema.org\",\"@graph\":[{\"@type\":\"WebPage\",\"@id\":\"https:\/\/stavebninynikol.cz\/index.php\/product\/drevosan\/\",\"url\":\"https:\/\/stavebninynikol.cz\/index.php\/product\/drevosan\/\",\"name\":\"D\u0159evosan - StavebninyNikol\",\"isPartOf\":{\"@id\":\"https:\/\/stavebninynikol.cz\/#website\"},\"primaryImageOfPage\":{\"@id\":\"https:\/\/stavebninynikol.cz\/index.php\/product\/drevosan\/#primaryimage\"},\"image\":{\"@id\":\"https:\/\/stavebninynikol.cz\/index.php\/product\/drevosan\/#primaryimage\"},\"thumbnailUrl\":\"https:\/\/stavebninynikol.cz\/wp-content\/uploads\/2025\/09\/www_product_images_esh0000172_v1_4199x4737-q100-scaled.webp\",\"datePublished\":\"2025-09-09T12:44:52+00:00\",\"description\":\"D\u0159evosan StavebninyNikol\",\"breadcrumb\":{\"@id\":\"https:\/\/stavebninynikol.cz\/index.php\/product\/drevosan\/#breadcrumb\"},\"inLanguage\":\"cs\",\"potentialAction\":[{\"@type\":\"ReadAction\",\"target\":[\"https:\/\/stavebninynikol.cz\/index.php\/product\/drevosan\/\"]}]},{\"@type\":\"ImageObject\",\"inLanguage\":\"cs\",\"@id\":\"https:\/\/stavebninynikol.cz\/index.php\/product\/drevosan\/#primaryimage\",\"url\":\"https:\/\/stavebninynikol.cz\/wp-content\/uploads\/2025\/09\/www_product_images_esh0000172_v1_4199x4737-q100-scaled.webp\",\"contentUrl\":\"https:\/\/stavebninynikol.cz\/wp-content\/uploads\/2025\/09\/www_product_images_esh0000172_v1_4199x4737-q100-scaled.webp\",\"width\":2269,\"height\":2560},{\"@type\":\"BreadcrumbList\",\"@id\":\"https:\/\/stavebninynikol.cz\/index.php\/product\/drevosan\/#breadcrumb\",\"itemListElement\":[{\"@type\":\"ListItem\",\"position\":1,\"name\":\"Dom\u016f\",\"item\":\"https:\/\/stavebninynikol.cz\/\"},{\"@type\":\"ListItem\",\"position\":2,\"name\":\"Take Your Adventure To The Next Level\",\"item\":\"https:\/\/stavebninynikol.cz\/index.php\/shop\/\"},{\"@type\":\"ListItem\",\"position\":3,\"name\":\"D\u0159evosan\"}]},{\"@type\":\"WebSite\",\"@id\":\"https:\/\/stavebninynikol.cz\/#website\",\"url\":\"https:\/\/stavebninynikol.cz\/\",\"name\":\"StavebninyNikol\",\"description\":\"stavebniny nikol\",\"publisher\":{\"@id\":\"https:\/\/stavebninynikol.cz\/#organization\"},\"potentialAction\":[{\"@type\":\"SearchAction\",\"target\":{\"@type\":\"EntryPoint\",\"urlTemplate\":\"https:\/\/stavebninynikol.cz\/?s={search_term_string}\"},\"query-input\":{\"@type\":\"PropertyValueSpecification\",\"valueRequired\":true,\"valueName\":\"search_term_string\"}}],\"inLanguage\":\"cs\"},{\"@type\":\"Organization\",\"@id\":\"https:\/\/stavebninynikol.cz\/#organization\",\"name\":\"StavebninyNikol\",\"url\":\"https:\/\/stavebninynikol.cz\/\",\"logo\":{\"@type\":\"ImageObject\",\"inLanguage\":\"cs\",\"@id\":\"https:\/\/stavebninynikol.cz\/#\/schema\/logo\/image\/\",\"url\":\"https:\/\/stavebninynikol.cz\/wp-content\/uploads\/2025\/07\/NIKOL_logo.eps-1-e1757927564347.webp\",\"contentUrl\":\"https:\/\/stavebninynikol.cz\/wp-content\/uploads\/2025\/07\/NIKOL_logo.eps-1-e1757927564347.webp\",\"width\":512,\"height\":132,\"caption\":\"StavebninyNikol\"},\"image\":{\"@id\":\"https:\/\/stavebninynikol.cz\/#\/schema\/logo\/image\/\"},\"sameAs\":[\"https:\/\/www.facebook.com\/profile.php?id=100057375402895&mibextid=wwXIfr&rdid=6fQOqALSBiK69Ovq&share_url=httpswww.facebook.comshare1AicpAHGFPmibextidwwXIfr\"]}]}<\/script>\n<!-- \/ Yoast SEO plugin. -->","yoast_head_json":{"title":"D\u0159evosan - StavebninyNikol","description":"D\u0159evosan StavebninyNikol","robots":{"index":"index","follow":"follow","max-snippet":"max-snippet:-1","max-image-preview":"max-image-preview:large","max-video-preview":"max-video-preview:-1"},"canonical":"https:\/\/stavebninynikol.cz\/index.php\/product\/drevosan\/","og_locale":"cs_CZ","og_type":"article","og_title":"D\u0159evosan - StavebninyNikol","og_description":"D\u0159evosan StavebninyNikol","og_url":"https:\/\/stavebninynikol.cz\/index.php\/product\/drevosan\/","og_site_name":"StavebninyNikol","article_publisher":"https:\/\/www.facebook.com\/profile.php?id=100057375402895&mibextid=wwXIfr&rdid=6fQOqALSBiK69Ovq&share_url=httpswww.facebook.comshare1AicpAHGFPmibextidwwXIfr","og_image":[{"width":2269,"height":2560,"url":"https:\/\/stavebninynikol.cz\/wp-content\/uploads\/2025\/09\/www_product_images_esh0000172_v1_4199x4737-q100-scaled.webp","type":"image\/webp"}],"twitter_card":"summary_large_image","twitter_misc":{"Odhadovan\u00e1 doba \u010dten\u00ed":"1 minuta"},"schema":{"@context":"https:\/\/schema.org","@graph":[{"@type":"WebPage","@id":"https:\/\/stavebninynikol.cz\/index.php\/product\/drevosan\/","url":"https:\/\/stavebninynikol.cz\/index.php\/product\/drevosan\/","name":"D\u0159evosan - StavebninyNikol","isPartOf":{"@id":"https:\/\/stavebninynikol.cz\/#website"},"primaryImageOfPage":{"@id":"https:\/\/stavebninynikol.cz\/index.php\/product\/drevosan\/#primaryimage"},"image":{"@id":"https:\/\/stavebninynikol.cz\/index.php\/product\/drevosan\/#primaryimage"},"thumbnailUrl":"https:\/\/stavebninynikol.cz\/wp-content\/uploads\/2025\/09\/www_product_images_esh0000172_v1_4199x4737-q100-scaled.webp","datePublished":"2025-09-09T12:44:52+00:00","description":"D\u0159evosan StavebninyNikol","breadcrumb":{"@id":"https:\/\/stavebninynikol.cz\/index.php\/product\/drevosan\/#breadcrumb"},"inLanguage":"cs","potentialAction":[{"@type":"ReadAction","target":["https:\/\/stavebninynikol.cz\/index.php\/product\/drevosan\/"]}]},{"@type":"ImageObject","inLanguage":"cs","@id":"https:\/\/stavebninynikol.cz\/index.php\/product\/drevosan\/#primaryimage","url":"https:\/\/stavebninynikol.cz\/wp-content\/uploads\/2025\/09\/www_product_images_esh0000172_v1_4199x4737-q100-scaled.webp","contentUrl":"https:\/\/stavebninynikol.cz\/wp-content\/uploads\/2025\/09\/www_product_images_esh0000172_v1_4199x4737-q100-scaled.webp","width":2269,"height":2560},{"@type":"BreadcrumbList","@id":"https:\/\/stavebninynikol.cz\/index.php\/product\/drevosan\/#breadcrumb","itemListElement":[{"@type":"ListItem","position":1,"name":"Dom\u016f","item":"https:\/\/stavebninynikol.cz\/"},{"@type":"ListItem","position":2,"name":"Take Your Adventure To The Next Level","item":"https:\/\/stavebninynikol.cz\/index.php\/shop\/"},{"@type":"ListItem","position":3,"name":"D\u0159evosan"}]},{"@type":"WebSite","@id":"https:\/\/stavebninynikol.cz\/#website","url":"https:\/\/stavebninynikol.cz\/","name":"StavebninyNikol","description":"stavebniny nikol","publisher":{"@id":"https:\/\/stavebninynikol.cz\/#organization"},"potentialAction":[{"@type":"SearchAction","target":{"@type":"EntryPoint","urlTemplate":"https:\/\/stavebninynikol.cz\/?s={search_term_string}"},"query-input":{"@type":"PropertyValueSpecification","valueRequired":true,"valueName":"search_term_string"}}],"inLanguage":"cs"},{"@type":"Organization","@id":"https:\/\/stavebninynikol.cz\/#organization","name":"StavebninyNikol","url":"https:\/\/stavebninynikol.cz\/","logo":{"@type":"ImageObject","inLanguage":"cs","@id":"https:\/\/stavebninynikol.cz\/#\/schema\/logo\/image\/","url":"https:\/\/stavebninynikol.cz\/wp-content\/uploads\/2025\/07\/NIKOL_logo.eps-1-e1757927564347.webp","contentUrl":"https:\/\/stavebninynikol.cz\/wp-content\/uploads\/2025\/07\/NIKOL_logo.eps-1-e1757927564347.webp","width":512,"height":132,"caption":"StavebninyNikol"},"image":{"@id":"https:\/\/stavebninynikol.cz\/#\/schema\/logo\/image\/"},"sameAs":["https:\/\/www.facebook.com\/profile.php?id=100057375402895&mibextid=wwXIfr&rdid=6fQOqALSBiK69Ovq&share_url=httpswww.facebook.comshare1AicpAHGFPmibextidwwXIfr"]}]}},"_links":{"self":[{"href":"https:\/\/stavebninynikol.cz\/index.php\/wp-json\/wp\/v2\/product\/2649","targetHints":{"allow":["GET"]}}],"collection":[{"href":"https:\/\/stavebninynikol.cz\/index.php\/wp-json\/wp\/v2\/product"}],"about":[{"href":"https:\/\/stavebninynikol.cz\/index.php\/wp-json\/wp\/v2\/types\/product"}],"replies":[{"embeddable":true,"href":"https:\/\/stavebninynikol.cz\/index.php\/wp-json\/wp\/v2\/comments?post=2649"}],"wp:featuredmedia":[{"embeddable":true,"href":"https:\/\/stavebninynikol.cz\/index.php\/wp-json\/wp\/v2\/media\/2652"}],"wp:attachment":[{"href":"https:\/\/stavebninynikol.cz\/index.php\/wp-json\/wp\/v2\/media?parent=2649"}],"wp:term":[{"taxonomy":"product_brand","embeddable":true,"href":"https:\/\/stavebninynikol.cz\/index.php\/wp-json\/wp\/v2\/product_brand?post=2649"},{"taxonomy":"product_cat","embeddable":true,"href":"https:\/\/stavebninynikol.cz\/index.php\/wp-json\/wp\/v2\/product_cat?post=2649"},{"taxonomy":"product_tag","embeddable":true,"href":"https:\/\/stavebninynikol.cz\/index.php\/wp-json\/wp\/v2\/product_tag?post=2649"}],"curies":[{"name":"wp","href":"https:\/\/api.w.org\/{rel}","templated":true}]}}