{"id":2762,"date":"2025-10-02T11:45:08","date_gmt":"2025-10-02T11:45:08","guid":{"rendered":"https:\/\/stavebninynikol.cz\/?post_type=product&#038;p=2762"},"modified":"2025-10-02T11:45:09","modified_gmt":"2025-10-02T11:45:09","slug":"44u-plastifikacni-prisada-do-betonu-a-malt-betomix-xp","status":"publish","type":"product","link":"https:\/\/stavebninynikol.cz\/index.php\/product\/44u-plastifikacni-prisada-do-betonu-a-malt-betomix-xp\/","title":{"rendered":"44u Plastifika\u010dn\u00ed p\u0159\u00edsada do beton\u016f a malt (BETOMIX XP)"},"content":{"rendered":"<p>Pracovn\u00ed postup:<br \/>\nP\u0159ed vlastn\u00edm pou\u017eit\u00edm nutno d\u016fkladn\u011b prom\u00edchat. 44u PLASTIFIKA\u010cN\u00cd P\u0158\u00cdSADU DO BETON\u016e A MALT d\u00e1vkujeme do z\u00e1m\u011bsov\u00e9 vody v mno\u017estv\u00ed 280 ml \u2013 500 ml\/100 kg cementu pro betony (400 ml \u2013 800 ml\/100 kg cementu pro podlahov\u00e9 pot\u011bry a pr\u00e1ce za horka) a pot\u00e9 se p\u0159id\u00e1 do vlhk\u00e9 maltov\u00e9 sm\u011bsi (1 kg v\u00fdrobku odpov\u00edd\u00e1 p\u0159ibli\u017en\u011b 1 l). Nelze aplikovat do such\u00e9 sm\u011bsi! P\u0159i pou\u017eit\u00ed 44u PLASTIFIKA\u010cN\u00cd P\u0158\u00cdSADY DO BETON\u016e A MALT dos\u00e1hneme dle d\u00e1vkov\u00e1n\u00ed a\u017e 10 % \u00faspory vody. \u010cerstvou sm\u011bs na stavb\u011b chra\u0148te p\u0159ed mrazem, p\u0159\u00edm\u00fdm slune\u010dn\u00edm z\u00e1\u0159en\u00edm a s\u00e1lav\u00fdm teplem.<\/p>\n<p>Nelze aplikovat p\u0159i teplot\u00e1ch pod +5\u00b0C, chra\u0148te p\u0159ed p\u0159\u00edm\u00fdm slune\u010dn\u00edm z\u00e1\u0159en\u00edm a s\u00e1lav\u00fdm teplem.<br \/>\nNepou\u017e\u00edvejte spolu s jin\u00fdmi p\u0159\u00edsadami.<\/p>\n<p>Spot\u0159eba:<\/p>\n<p>betony &#8211; 280 ml &#8211; 500 ml \/ 100 kg cementu<\/p>\n<p>podlahov\u00e9 pot\u011bry &#8211; 400 ml &#8211; 800 ml \/ 100 kg cementu<\/p>\n","protected":false},"excerpt":{"rendered":"<p>Superplastifika\u010dn\u00ed a ztekucovac\u00ed p\u0159\u00edpravek ur\u010deny jako p\u0159\u00edsada do v\u0161ech druh\u016f beton\u016f cementov\u00fdch malt, st\u011brek a pot\u011br\u016f. 44u PLASTIFIKA\u010cN\u00cd P\u0158\u00cdSADA DO BETON\u016e A MALT je ur\u010dena pro v\u00fdrobu beton\u016f p\u0159\u00edmo na staveni\u0161ti, lit\u00fdch beton\u016f, v\u00fdrobu transport betonu, prefabrikovan\u00fdch beton\u016f, injekt\u00e1\u017en\u00edch hmot, architektonick\u00e9 a podlahov\u00e9 betony, v\u00fdrobu um\u011bl\u00e9ho kamene a cementov\u00fdch malt. Je vhodn\u00e1 na betony ur\u010den\u00e9 pro podlahov\u00e9 vyt\u00e1p\u011bn\u00ed.<\/p>\n","protected":false},"featured_media":2763,"comment_status":"open","ping_status":"closed","template":"","meta":[],"product_brand":[],"product_cat":[386,224],"product_tag":[],"class_list":{"0":"post-2762","1":"product","2":"type-product","3":"status-publish","4":"has-post-thumbnail","6":"product_cat-prisady-do-betonu-a-malt","7":"product_cat-stavebni-chemie","9":"first","10":"instock","11":"shipping-taxable","12":"product-type-variable","13":"has-default-attributes"},"yoast_head":"<!-- This site is optimized with the Yoast SEO plugin v26.9 - https:\/\/yoast.com\/product\/yoast-seo-wordpress\/ -->\n<title>44u Plastifika\u010dn\u00ed p\u0159\u00edsada do beton\u016f a malt (BETOMIX XP) - StavebninyNikol<\/title>\n<meta name=\"description\" content=\"44u Plastifika\u010dn\u00ed p\u0159\u00edsada do beton\u016f a malt (BETOMIX XP) StavebninyNikol\" \/>\n<meta name=\"robots\" content=\"index, follow, max-snippet:-1, max-image-preview:large, max-video-preview:-1\" \/>\n<link rel=\"canonical\" href=\"https:\/\/stavebninynikol.cz\/index.php\/product\/44u-plastifikacni-prisada-do-betonu-a-malt-betomix-xp\/\" \/>\n<meta property=\"og:locale\" content=\"cs_CZ\" \/>\n<meta property=\"og:type\" content=\"article\" \/>\n<meta property=\"og:title\" content=\"44u Plastifika\u010dn\u00ed p\u0159\u00edsada do beton\u016f a malt (BETOMIX XP) - StavebninyNikol\" \/>\n<meta property=\"og:description\" content=\"44u Plastifika\u010dn\u00ed p\u0159\u00edsada do beton\u016f a malt (BETOMIX XP) StavebninyNikol\" \/>\n<meta property=\"og:url\" content=\"https:\/\/stavebninynikol.cz\/index.php\/product\/44u-plastifikacni-prisada-do-betonu-a-malt-betomix-xp\/\" \/>\n<meta property=\"og:site_name\" content=\"StavebninyNikol\" \/>\n<meta property=\"article:publisher\" content=\"https:\/\/www.facebook.com\/profile.php?id=100057375402895&amp;mibextid=wwXIfr&amp;rdid=6fQOqALSBiK69Ovq&amp;share_url=httpswww.facebook.comshare1AicpAHGFPmibextidwwXIfr\" \/>\n<meta property=\"article:modified_time\" content=\"2025-10-02T11:45:09+00:00\" \/>\n<meta property=\"og:image\" content=\"https:\/\/stavebninynikol.cz\/wp-content\/uploads\/2025\/10\/vyr_89119-44u_Plastifikacni_prisada_do_betonu_a_malt_Betomix_XP.jpg\" \/>\n\t<meta property=\"og:image:width\" content=\"800\" \/>\n\t<meta property=\"og:image:height\" content=\"800\" \/>\n\t<meta property=\"og:image:type\" content=\"image\/jpeg\" \/>\n<meta name=\"twitter:card\" content=\"summary_large_image\" \/>\n<meta name=\"twitter:label1\" content=\"Odhadovan\u00e1 doba \u010dten\u00ed\" \/>\n\t<meta name=\"twitter:data1\" content=\"1 minuta\" \/>\n<script type=\"application\/ld+json\" class=\"yoast-schema-graph\">{\"@context\":\"https:\/\/schema.org\",\"@graph\":[{\"@type\":\"WebPage\",\"@id\":\"https:\/\/stavebninynikol.cz\/index.php\/product\/44u-plastifikacni-prisada-do-betonu-a-malt-betomix-xp\/\",\"url\":\"https:\/\/stavebninynikol.cz\/index.php\/product\/44u-plastifikacni-prisada-do-betonu-a-malt-betomix-xp\/\",\"name\":\"44u Plastifika\u010dn\u00ed p\u0159\u00edsada do beton\u016f a malt (BETOMIX XP) - StavebninyNikol\",\"isPartOf\":{\"@id\":\"https:\/\/stavebninynikol.cz\/#website\"},\"primaryImageOfPage\":{\"@id\":\"https:\/\/stavebninynikol.cz\/index.php\/product\/44u-plastifikacni-prisada-do-betonu-a-malt-betomix-xp\/#primaryimage\"},\"image\":{\"@id\":\"https:\/\/stavebninynikol.cz\/index.php\/product\/44u-plastifikacni-prisada-do-betonu-a-malt-betomix-xp\/#primaryimage\"},\"thumbnailUrl\":\"https:\/\/stavebninynikol.cz\/wp-content\/uploads\/2025\/10\/vyr_89119-44u_Plastifikacni_prisada_do_betonu_a_malt_Betomix_XP.jpg\",\"datePublished\":\"2025-10-02T11:45:08+00:00\",\"dateModified\":\"2025-10-02T11:45:09+00:00\",\"description\":\"44u Plastifika\u010dn\u00ed p\u0159\u00edsada do beton\u016f a malt (BETOMIX XP) StavebninyNikol\",\"breadcrumb\":{\"@id\":\"https:\/\/stavebninynikol.cz\/index.php\/product\/44u-plastifikacni-prisada-do-betonu-a-malt-betomix-xp\/#breadcrumb\"},\"inLanguage\":\"cs\",\"potentialAction\":[{\"@type\":\"ReadAction\",\"target\":[\"https:\/\/stavebninynikol.cz\/index.php\/product\/44u-plastifikacni-prisada-do-betonu-a-malt-betomix-xp\/\"]}]},{\"@type\":\"ImageObject\",\"inLanguage\":\"cs\",\"@id\":\"https:\/\/stavebninynikol.cz\/index.php\/product\/44u-plastifikacni-prisada-do-betonu-a-malt-betomix-xp\/#primaryimage\",\"url\":\"https:\/\/stavebninynikol.cz\/wp-content\/uploads\/2025\/10\/vyr_89119-44u_Plastifikacni_prisada_do_betonu_a_malt_Betomix_XP.jpg\",\"contentUrl\":\"https:\/\/stavebninynikol.cz\/wp-content\/uploads\/2025\/10\/vyr_89119-44u_Plastifikacni_prisada_do_betonu_a_malt_Betomix_XP.jpg\",\"width\":800,\"height\":800},{\"@type\":\"BreadcrumbList\",\"@id\":\"https:\/\/stavebninynikol.cz\/index.php\/product\/44u-plastifikacni-prisada-do-betonu-a-malt-betomix-xp\/#breadcrumb\",\"itemListElement\":[{\"@type\":\"ListItem\",\"position\":1,\"name\":\"Dom\u016f\",\"item\":\"https:\/\/stavebninynikol.cz\/\"},{\"@type\":\"ListItem\",\"position\":2,\"name\":\"Take Your Adventure To The Next Level\",\"item\":\"https:\/\/stavebninynikol.cz\/index.php\/shop\/\"},{\"@type\":\"ListItem\",\"position\":3,\"name\":\"44u Plastifika\u010dn\u00ed p\u0159\u00edsada do beton\u016f a malt (BETOMIX XP)\"}]},{\"@type\":\"WebSite\",\"@id\":\"https:\/\/stavebninynikol.cz\/#website\",\"url\":\"https:\/\/stavebninynikol.cz\/\",\"name\":\"StavebninyNikol\",\"description\":\"stavebniny nikol\",\"publisher\":{\"@id\":\"https:\/\/stavebninynikol.cz\/#organization\"},\"potentialAction\":[{\"@type\":\"SearchAction\",\"target\":{\"@type\":\"EntryPoint\",\"urlTemplate\":\"https:\/\/stavebninynikol.cz\/?s={search_term_string}\"},\"query-input\":{\"@type\":\"PropertyValueSpecification\",\"valueRequired\":true,\"valueName\":\"search_term_string\"}}],\"inLanguage\":\"cs\"},{\"@type\":\"Organization\",\"@id\":\"https:\/\/stavebninynikol.cz\/#organization\",\"name\":\"StavebninyNikol\",\"url\":\"https:\/\/stavebninynikol.cz\/\",\"logo\":{\"@type\":\"ImageObject\",\"inLanguage\":\"cs\",\"@id\":\"https:\/\/stavebninynikol.cz\/#\/schema\/logo\/image\/\",\"url\":\"https:\/\/stavebninynikol.cz\/wp-content\/uploads\/2025\/07\/NIKOL_logo.eps-1-e1757927564347.webp\",\"contentUrl\":\"https:\/\/stavebninynikol.cz\/wp-content\/uploads\/2025\/07\/NIKOL_logo.eps-1-e1757927564347.webp\",\"width\":512,\"height\":132,\"caption\":\"StavebninyNikol\"},\"image\":{\"@id\":\"https:\/\/stavebninynikol.cz\/#\/schema\/logo\/image\/\"},\"sameAs\":[\"https:\/\/www.facebook.com\/profile.php?id=100057375402895&mibextid=wwXIfr&rdid=6fQOqALSBiK69Ovq&share_url=httpswww.facebook.comshare1AicpAHGFPmibextidwwXIfr\"]}]}<\/script>\n<!-- \/ Yoast SEO plugin. -->","yoast_head_json":{"title":"44u Plastifika\u010dn\u00ed p\u0159\u00edsada do beton\u016f a malt (BETOMIX XP) - StavebninyNikol","description":"44u Plastifika\u010dn\u00ed p\u0159\u00edsada do beton\u016f a malt (BETOMIX XP) StavebninyNikol","robots":{"index":"index","follow":"follow","max-snippet":"max-snippet:-1","max-image-preview":"max-image-preview:large","max-video-preview":"max-video-preview:-1"},"canonical":"https:\/\/stavebninynikol.cz\/index.php\/product\/44u-plastifikacni-prisada-do-betonu-a-malt-betomix-xp\/","og_locale":"cs_CZ","og_type":"article","og_title":"44u Plastifika\u010dn\u00ed p\u0159\u00edsada do beton\u016f a malt (BETOMIX XP) - StavebninyNikol","og_description":"44u Plastifika\u010dn\u00ed p\u0159\u00edsada do beton\u016f a malt (BETOMIX XP) StavebninyNikol","og_url":"https:\/\/stavebninynikol.cz\/index.php\/product\/44u-plastifikacni-prisada-do-betonu-a-malt-betomix-xp\/","og_site_name":"StavebninyNikol","article_publisher":"https:\/\/www.facebook.com\/profile.php?id=100057375402895&mibextid=wwXIfr&rdid=6fQOqALSBiK69Ovq&share_url=httpswww.facebook.comshare1AicpAHGFPmibextidwwXIfr","article_modified_time":"2025-10-02T11:45:09+00:00","og_image":[{"width":800,"height":800,"url":"https:\/\/stavebninynikol.cz\/wp-content\/uploads\/2025\/10\/vyr_89119-44u_Plastifikacni_prisada_do_betonu_a_malt_Betomix_XP.jpg","type":"image\/jpeg"}],"twitter_card":"summary_large_image","twitter_misc":{"Odhadovan\u00e1 doba \u010dten\u00ed":"1 minuta"},"schema":{"@context":"https:\/\/schema.org","@graph":[{"@type":"WebPage","@id":"https:\/\/stavebninynikol.cz\/index.php\/product\/44u-plastifikacni-prisada-do-betonu-a-malt-betomix-xp\/","url":"https:\/\/stavebninynikol.cz\/index.php\/product\/44u-plastifikacni-prisada-do-betonu-a-malt-betomix-xp\/","name":"44u Plastifika\u010dn\u00ed p\u0159\u00edsada do beton\u016f a malt (BETOMIX XP) - StavebninyNikol","isPartOf":{"@id":"https:\/\/stavebninynikol.cz\/#website"},"primaryImageOfPage":{"@id":"https:\/\/stavebninynikol.cz\/index.php\/product\/44u-plastifikacni-prisada-do-betonu-a-malt-betomix-xp\/#primaryimage"},"image":{"@id":"https:\/\/stavebninynikol.cz\/index.php\/product\/44u-plastifikacni-prisada-do-betonu-a-malt-betomix-xp\/#primaryimage"},"thumbnailUrl":"https:\/\/stavebninynikol.cz\/wp-content\/uploads\/2025\/10\/vyr_89119-44u_Plastifikacni_prisada_do_betonu_a_malt_Betomix_XP.jpg","datePublished":"2025-10-02T11:45:08+00:00","dateModified":"2025-10-02T11:45:09+00:00","description":"44u Plastifika\u010dn\u00ed p\u0159\u00edsada do beton\u016f a malt (BETOMIX XP) StavebninyNikol","breadcrumb":{"@id":"https:\/\/stavebninynikol.cz\/index.php\/product\/44u-plastifikacni-prisada-do-betonu-a-malt-betomix-xp\/#breadcrumb"},"inLanguage":"cs","potentialAction":[{"@type":"ReadAction","target":["https:\/\/stavebninynikol.cz\/index.php\/product\/44u-plastifikacni-prisada-do-betonu-a-malt-betomix-xp\/"]}]},{"@type":"ImageObject","inLanguage":"cs","@id":"https:\/\/stavebninynikol.cz\/index.php\/product\/44u-plastifikacni-prisada-do-betonu-a-malt-betomix-xp\/#primaryimage","url":"https:\/\/stavebninynikol.cz\/wp-content\/uploads\/2025\/10\/vyr_89119-44u_Plastifikacni_prisada_do_betonu_a_malt_Betomix_XP.jpg","contentUrl":"https:\/\/stavebninynikol.cz\/wp-content\/uploads\/2025\/10\/vyr_89119-44u_Plastifikacni_prisada_do_betonu_a_malt_Betomix_XP.jpg","width":800,"height":800},{"@type":"BreadcrumbList","@id":"https:\/\/stavebninynikol.cz\/index.php\/product\/44u-plastifikacni-prisada-do-betonu-a-malt-betomix-xp\/#breadcrumb","itemListElement":[{"@type":"ListItem","position":1,"name":"Dom\u016f","item":"https:\/\/stavebninynikol.cz\/"},{"@type":"ListItem","position":2,"name":"Take Your Adventure To The Next Level","item":"https:\/\/stavebninynikol.cz\/index.php\/shop\/"},{"@type":"ListItem","position":3,"name":"44u Plastifika\u010dn\u00ed p\u0159\u00edsada do beton\u016f a malt (BETOMIX XP)"}]},{"@type":"WebSite","@id":"https:\/\/stavebninynikol.cz\/#website","url":"https:\/\/stavebninynikol.cz\/","name":"StavebninyNikol","description":"stavebniny nikol","publisher":{"@id":"https:\/\/stavebninynikol.cz\/#organization"},"potentialAction":[{"@type":"SearchAction","target":{"@type":"EntryPoint","urlTemplate":"https:\/\/stavebninynikol.cz\/?s={search_term_string}"},"query-input":{"@type":"PropertyValueSpecification","valueRequired":true,"valueName":"search_term_string"}}],"inLanguage":"cs"},{"@type":"Organization","@id":"https:\/\/stavebninynikol.cz\/#organization","name":"StavebninyNikol","url":"https:\/\/stavebninynikol.cz\/","logo":{"@type":"ImageObject","inLanguage":"cs","@id":"https:\/\/stavebninynikol.cz\/#\/schema\/logo\/image\/","url":"https:\/\/stavebninynikol.cz\/wp-content\/uploads\/2025\/07\/NIKOL_logo.eps-1-e1757927564347.webp","contentUrl":"https:\/\/stavebninynikol.cz\/wp-content\/uploads\/2025\/07\/NIKOL_logo.eps-1-e1757927564347.webp","width":512,"height":132,"caption":"StavebninyNikol"},"image":{"@id":"https:\/\/stavebninynikol.cz\/#\/schema\/logo\/image\/"},"sameAs":["https:\/\/www.facebook.com\/profile.php?id=100057375402895&mibextid=wwXIfr&rdid=6fQOqALSBiK69Ovq&share_url=httpswww.facebook.comshare1AicpAHGFPmibextidwwXIfr"]}]}},"_links":{"self":[{"href":"https:\/\/stavebninynikol.cz\/index.php\/wp-json\/wp\/v2\/product\/2762","targetHints":{"allow":["GET"]}}],"collection":[{"href":"https:\/\/stavebninynikol.cz\/index.php\/wp-json\/wp\/v2\/product"}],"about":[{"href":"https:\/\/stavebninynikol.cz\/index.php\/wp-json\/wp\/v2\/types\/product"}],"replies":[{"embeddable":true,"href":"https:\/\/stavebninynikol.cz\/index.php\/wp-json\/wp\/v2\/comments?post=2762"}],"wp:featuredmedia":[{"embeddable":true,"href":"https:\/\/stavebninynikol.cz\/index.php\/wp-json\/wp\/v2\/media\/2763"}],"wp:attachment":[{"href":"https:\/\/stavebninynikol.cz\/index.php\/wp-json\/wp\/v2\/media?parent=2762"}],"wp:term":[{"taxonomy":"product_brand","embeddable":true,"href":"https:\/\/stavebninynikol.cz\/index.php\/wp-json\/wp\/v2\/product_brand?post=2762"},{"taxonomy":"product_cat","embeddable":true,"href":"https:\/\/stavebninynikol.cz\/index.php\/wp-json\/wp\/v2\/product_cat?post=2762"},{"taxonomy":"product_tag","embeddable":true,"href":"https:\/\/stavebninynikol.cz\/index.php\/wp-json\/wp\/v2\/product_tag?post=2762"}],"curies":[{"name":"wp","href":"https:\/\/api.w.org\/{rel}","templated":true}]}}