{"id":2770,"date":"2025-10-02T12:04:15","date_gmt":"2025-10-02T12:04:15","guid":{"rendered":"https:\/\/stavebninynikol.cz\/?post_type=product&#038;p=2770"},"modified":"2025-10-02T12:05:46","modified_gmt":"2025-10-02T12:05:46","slug":"lepici-paska-s-48-x-66m-hneda","status":"publish","type":"product","link":"https:\/\/stavebninynikol.cz\/index.php\/product\/lepici-paska-s-48-x-66m-hneda\/","title":{"rendered":"Lep\u00edc\u00ed p\u00e1ska \u0161.48 x 66m Hn\u011bd\u00e1"},"content":{"rendered":"","protected":false},"excerpt":{"rendered":"<p>P\u00e1ska je univerz\u00e1ln\u011b pou\u017eiteln\u00e1 pro lepen\u00ed v\u0161ech b\u011b\u017en\u00fdch obalov\u00fdch materi\u00e1l\u016f\u00a0od kartonov\u00fdch krabic, stre\u010dov\u00fdch a bublinkov\u00fdch f\u00f3li\u00ed a\u017e po ob\u00e1lky a pytle. Je vhodn\u00e1 k p\u0159elepov\u00e1n\u00ed leh\u010d\u00edch a st\u0159edn\u00edch kart\u00f3nov\u00fdch krabic o v\u00e1ze do 35 kg. Dob\u0159e ji vyu\u017eijete i p\u0159i b\u011b\u017en\u00e9m lepen\u00ed v dom\u00e1cnosti \u010di kancel\u00e1\u0159i. Pro urychlen\u00ed a usnadn\u011bn\u00ed pr\u00e1ce m\u016f\u017eete pou\u017e\u00edt ru\u010dn\u00ed odvinova\u010d p\u00e1sky, d\u00edky kter\u00e9mu uspo\u0159\u00edte spoustu \u010dasu p\u0159i opakovan\u00e9m balen\u00ed p\u0159i expedici z\u00e1silek.<\/p>\n","protected":false},"featured_media":2771,"comment_status":"open","ping_status":"closed","template":"","meta":[],"product_brand":[],"product_cat":[399,398],"product_tag":[],"class_list":{"0":"post-2770","1":"product","2":"type-product","3":"status-publish","4":"has-post-thumbnail","6":"product_cat-balici-pasky","7":"product_cat-lepici-pasky-folie-pytle","9":"first","10":"instock","11":"shipping-taxable","12":"product-type-simple"},"yoast_head":"<!-- This site is optimized with the Yoast SEO plugin v26.9 - https:\/\/yoast.com\/product\/yoast-seo-wordpress\/ -->\n<title>Lep\u00edc\u00ed p\u00e1ska \u0161.48 x 66m Hn\u011bd\u00e1 - StavebninyNikol<\/title>\n<meta name=\"description\" content=\"Lep\u00edc\u00ed p\u00e1ska \u0161.48 x 66m Hn\u011bd\u00e1 StavebninyNikol\" \/>\n<meta name=\"robots\" content=\"index, follow, max-snippet:-1, max-image-preview:large, max-video-preview:-1\" \/>\n<link rel=\"canonical\" href=\"https:\/\/stavebninynikol.cz\/index.php\/product\/lepici-paska-s-48-x-66m-hneda\/\" \/>\n<meta property=\"og:locale\" content=\"cs_CZ\" \/>\n<meta property=\"og:type\" content=\"article\" \/>\n<meta property=\"og:title\" content=\"Lep\u00edc\u00ed p\u00e1ska \u0161.48 x 66m Hn\u011bd\u00e1 - StavebninyNikol\" \/>\n<meta property=\"og:description\" content=\"Lep\u00edc\u00ed p\u00e1ska \u0161.48 x 66m Hn\u011bd\u00e1 StavebninyNikol\" \/>\n<meta property=\"og:url\" content=\"https:\/\/stavebninynikol.cz\/index.php\/product\/lepici-paska-s-48-x-66m-hneda\/\" \/>\n<meta property=\"og:site_name\" content=\"StavebninyNikol\" \/>\n<meta property=\"article:publisher\" content=\"https:\/\/www.facebook.com\/profile.php?id=100057375402895&amp;mibextid=wwXIfr&amp;rdid=6fQOqALSBiK69Ovq&amp;share_url=httpswww.facebook.comshare1AicpAHGFPmibextidwwXIfr\" \/>\n<meta property=\"article:modified_time\" content=\"2025-10-02T12:05:46+00:00\" \/>\n<meta property=\"og:image\" content=\"https:\/\/stavebninynikol.cz\/wp-content\/uploads\/2025\/10\/560044_2137_1.webp\" \/>\n\t<meta property=\"og:image:width\" content=\"1500\" \/>\n\t<meta property=\"og:image:height\" content=\"1500\" \/>\n\t<meta property=\"og:image:type\" content=\"image\/webp\" \/>\n<meta name=\"twitter:card\" content=\"summary_large_image\" \/>\n<meta name=\"twitter:label1\" content=\"Odhadovan\u00e1 doba \u010dten\u00ed\" \/>\n\t<meta name=\"twitter:data1\" content=\"1 minuta\" \/>\n<script type=\"application\/ld+json\" class=\"yoast-schema-graph\">{\"@context\":\"https:\/\/schema.org\",\"@graph\":[{\"@type\":\"WebPage\",\"@id\":\"https:\/\/stavebninynikol.cz\/index.php\/product\/lepici-paska-s-48-x-66m-hneda\/\",\"url\":\"https:\/\/stavebninynikol.cz\/index.php\/product\/lepici-paska-s-48-x-66m-hneda\/\",\"name\":\"Lep\u00edc\u00ed p\u00e1ska \u0161.48 x 66m Hn\u011bd\u00e1 - StavebninyNikol\",\"isPartOf\":{\"@id\":\"https:\/\/stavebninynikol.cz\/#website\"},\"primaryImageOfPage\":{\"@id\":\"https:\/\/stavebninynikol.cz\/index.php\/product\/lepici-paska-s-48-x-66m-hneda\/#primaryimage\"},\"image\":{\"@id\":\"https:\/\/stavebninynikol.cz\/index.php\/product\/lepici-paska-s-48-x-66m-hneda\/#primaryimage\"},\"thumbnailUrl\":\"https:\/\/stavebninynikol.cz\/wp-content\/uploads\/2025\/10\/560044_2137_1.webp\",\"datePublished\":\"2025-10-02T12:04:15+00:00\",\"dateModified\":\"2025-10-02T12:05:46+00:00\",\"description\":\"Lep\u00edc\u00ed p\u00e1ska \u0161.48 x 66m Hn\u011bd\u00e1 StavebninyNikol\",\"breadcrumb\":{\"@id\":\"https:\/\/stavebninynikol.cz\/index.php\/product\/lepici-paska-s-48-x-66m-hneda\/#breadcrumb\"},\"inLanguage\":\"cs\",\"potentialAction\":[{\"@type\":\"ReadAction\",\"target\":[\"https:\/\/stavebninynikol.cz\/index.php\/product\/lepici-paska-s-48-x-66m-hneda\/\"]}]},{\"@type\":\"ImageObject\",\"inLanguage\":\"cs\",\"@id\":\"https:\/\/stavebninynikol.cz\/index.php\/product\/lepici-paska-s-48-x-66m-hneda\/#primaryimage\",\"url\":\"https:\/\/stavebninynikol.cz\/wp-content\/uploads\/2025\/10\/560044_2137_1.webp\",\"contentUrl\":\"https:\/\/stavebninynikol.cz\/wp-content\/uploads\/2025\/10\/560044_2137_1.webp\",\"width\":1500,\"height\":1500},{\"@type\":\"BreadcrumbList\",\"@id\":\"https:\/\/stavebninynikol.cz\/index.php\/product\/lepici-paska-s-48-x-66m-hneda\/#breadcrumb\",\"itemListElement\":[{\"@type\":\"ListItem\",\"position\":1,\"name\":\"Dom\u016f\",\"item\":\"https:\/\/stavebninynikol.cz\/\"},{\"@type\":\"ListItem\",\"position\":2,\"name\":\"Take Your Adventure To The Next Level\",\"item\":\"https:\/\/stavebninynikol.cz\/index.php\/shop\/\"},{\"@type\":\"ListItem\",\"position\":3,\"name\":\"Lep\u00edc\u00ed p\u00e1ska \u0161.48 x 66m Hn\u011bd\u00e1\"}]},{\"@type\":\"WebSite\",\"@id\":\"https:\/\/stavebninynikol.cz\/#website\",\"url\":\"https:\/\/stavebninynikol.cz\/\",\"name\":\"StavebninyNikol\",\"description\":\"stavebniny nikol\",\"publisher\":{\"@id\":\"https:\/\/stavebninynikol.cz\/#organization\"},\"potentialAction\":[{\"@type\":\"SearchAction\",\"target\":{\"@type\":\"EntryPoint\",\"urlTemplate\":\"https:\/\/stavebninynikol.cz\/?s={search_term_string}\"},\"query-input\":{\"@type\":\"PropertyValueSpecification\",\"valueRequired\":true,\"valueName\":\"search_term_string\"}}],\"inLanguage\":\"cs\"},{\"@type\":\"Organization\",\"@id\":\"https:\/\/stavebninynikol.cz\/#organization\",\"name\":\"StavebninyNikol\",\"url\":\"https:\/\/stavebninynikol.cz\/\",\"logo\":{\"@type\":\"ImageObject\",\"inLanguage\":\"cs\",\"@id\":\"https:\/\/stavebninynikol.cz\/#\/schema\/logo\/image\/\",\"url\":\"https:\/\/stavebninynikol.cz\/wp-content\/uploads\/2025\/07\/NIKOL_logo.eps-1-e1757927564347.webp\",\"contentUrl\":\"https:\/\/stavebninynikol.cz\/wp-content\/uploads\/2025\/07\/NIKOL_logo.eps-1-e1757927564347.webp\",\"width\":512,\"height\":132,\"caption\":\"StavebninyNikol\"},\"image\":{\"@id\":\"https:\/\/stavebninynikol.cz\/#\/schema\/logo\/image\/\"},\"sameAs\":[\"https:\/\/www.facebook.com\/profile.php?id=100057375402895&mibextid=wwXIfr&rdid=6fQOqALSBiK69Ovq&share_url=httpswww.facebook.comshare1AicpAHGFPmibextidwwXIfr\"]}]}<\/script>\n<!-- \/ Yoast SEO plugin. -->","yoast_head_json":{"title":"Lep\u00edc\u00ed p\u00e1ska \u0161.48 x 66m Hn\u011bd\u00e1 - StavebninyNikol","description":"Lep\u00edc\u00ed p\u00e1ska \u0161.48 x 66m Hn\u011bd\u00e1 StavebninyNikol","robots":{"index":"index","follow":"follow","max-snippet":"max-snippet:-1","max-image-preview":"max-image-preview:large","max-video-preview":"max-video-preview:-1"},"canonical":"https:\/\/stavebninynikol.cz\/index.php\/product\/lepici-paska-s-48-x-66m-hneda\/","og_locale":"cs_CZ","og_type":"article","og_title":"Lep\u00edc\u00ed p\u00e1ska \u0161.48 x 66m Hn\u011bd\u00e1 - StavebninyNikol","og_description":"Lep\u00edc\u00ed p\u00e1ska \u0161.48 x 66m Hn\u011bd\u00e1 StavebninyNikol","og_url":"https:\/\/stavebninynikol.cz\/index.php\/product\/lepici-paska-s-48-x-66m-hneda\/","og_site_name":"StavebninyNikol","article_publisher":"https:\/\/www.facebook.com\/profile.php?id=100057375402895&mibextid=wwXIfr&rdid=6fQOqALSBiK69Ovq&share_url=httpswww.facebook.comshare1AicpAHGFPmibextidwwXIfr","article_modified_time":"2025-10-02T12:05:46+00:00","og_image":[{"width":1500,"height":1500,"url":"https:\/\/stavebninynikol.cz\/wp-content\/uploads\/2025\/10\/560044_2137_1.webp","type":"image\/webp"}],"twitter_card":"summary_large_image","twitter_misc":{"Odhadovan\u00e1 doba \u010dten\u00ed":"1 minuta"},"schema":{"@context":"https:\/\/schema.org","@graph":[{"@type":"WebPage","@id":"https:\/\/stavebninynikol.cz\/index.php\/product\/lepici-paska-s-48-x-66m-hneda\/","url":"https:\/\/stavebninynikol.cz\/index.php\/product\/lepici-paska-s-48-x-66m-hneda\/","name":"Lep\u00edc\u00ed p\u00e1ska \u0161.48 x 66m Hn\u011bd\u00e1 - StavebninyNikol","isPartOf":{"@id":"https:\/\/stavebninynikol.cz\/#website"},"primaryImageOfPage":{"@id":"https:\/\/stavebninynikol.cz\/index.php\/product\/lepici-paska-s-48-x-66m-hneda\/#primaryimage"},"image":{"@id":"https:\/\/stavebninynikol.cz\/index.php\/product\/lepici-paska-s-48-x-66m-hneda\/#primaryimage"},"thumbnailUrl":"https:\/\/stavebninynikol.cz\/wp-content\/uploads\/2025\/10\/560044_2137_1.webp","datePublished":"2025-10-02T12:04:15+00:00","dateModified":"2025-10-02T12:05:46+00:00","description":"Lep\u00edc\u00ed p\u00e1ska \u0161.48 x 66m Hn\u011bd\u00e1 StavebninyNikol","breadcrumb":{"@id":"https:\/\/stavebninynikol.cz\/index.php\/product\/lepici-paska-s-48-x-66m-hneda\/#breadcrumb"},"inLanguage":"cs","potentialAction":[{"@type":"ReadAction","target":["https:\/\/stavebninynikol.cz\/index.php\/product\/lepici-paska-s-48-x-66m-hneda\/"]}]},{"@type":"ImageObject","inLanguage":"cs","@id":"https:\/\/stavebninynikol.cz\/index.php\/product\/lepici-paska-s-48-x-66m-hneda\/#primaryimage","url":"https:\/\/stavebninynikol.cz\/wp-content\/uploads\/2025\/10\/560044_2137_1.webp","contentUrl":"https:\/\/stavebninynikol.cz\/wp-content\/uploads\/2025\/10\/560044_2137_1.webp","width":1500,"height":1500},{"@type":"BreadcrumbList","@id":"https:\/\/stavebninynikol.cz\/index.php\/product\/lepici-paska-s-48-x-66m-hneda\/#breadcrumb","itemListElement":[{"@type":"ListItem","position":1,"name":"Dom\u016f","item":"https:\/\/stavebninynikol.cz\/"},{"@type":"ListItem","position":2,"name":"Take Your Adventure To The Next Level","item":"https:\/\/stavebninynikol.cz\/index.php\/shop\/"},{"@type":"ListItem","position":3,"name":"Lep\u00edc\u00ed p\u00e1ska \u0161.48 x 66m Hn\u011bd\u00e1"}]},{"@type":"WebSite","@id":"https:\/\/stavebninynikol.cz\/#website","url":"https:\/\/stavebninynikol.cz\/","name":"StavebninyNikol","description":"stavebniny nikol","publisher":{"@id":"https:\/\/stavebninynikol.cz\/#organization"},"potentialAction":[{"@type":"SearchAction","target":{"@type":"EntryPoint","urlTemplate":"https:\/\/stavebninynikol.cz\/?s={search_term_string}"},"query-input":{"@type":"PropertyValueSpecification","valueRequired":true,"valueName":"search_term_string"}}],"inLanguage":"cs"},{"@type":"Organization","@id":"https:\/\/stavebninynikol.cz\/#organization","name":"StavebninyNikol","url":"https:\/\/stavebninynikol.cz\/","logo":{"@type":"ImageObject","inLanguage":"cs","@id":"https:\/\/stavebninynikol.cz\/#\/schema\/logo\/image\/","url":"https:\/\/stavebninynikol.cz\/wp-content\/uploads\/2025\/07\/NIKOL_logo.eps-1-e1757927564347.webp","contentUrl":"https:\/\/stavebninynikol.cz\/wp-content\/uploads\/2025\/07\/NIKOL_logo.eps-1-e1757927564347.webp","width":512,"height":132,"caption":"StavebninyNikol"},"image":{"@id":"https:\/\/stavebninynikol.cz\/#\/schema\/logo\/image\/"},"sameAs":["https:\/\/www.facebook.com\/profile.php?id=100057375402895&mibextid=wwXIfr&rdid=6fQOqALSBiK69Ovq&share_url=httpswww.facebook.comshare1AicpAHGFPmibextidwwXIfr"]}]}},"_links":{"self":[{"href":"https:\/\/stavebninynikol.cz\/index.php\/wp-json\/wp\/v2\/product\/2770","targetHints":{"allow":["GET"]}}],"collection":[{"href":"https:\/\/stavebninynikol.cz\/index.php\/wp-json\/wp\/v2\/product"}],"about":[{"href":"https:\/\/stavebninynikol.cz\/index.php\/wp-json\/wp\/v2\/types\/product"}],"replies":[{"embeddable":true,"href":"https:\/\/stavebninynikol.cz\/index.php\/wp-json\/wp\/v2\/comments?post=2770"}],"wp:featuredmedia":[{"embeddable":true,"href":"https:\/\/stavebninynikol.cz\/index.php\/wp-json\/wp\/v2\/media\/2771"}],"wp:attachment":[{"href":"https:\/\/stavebninynikol.cz\/index.php\/wp-json\/wp\/v2\/media?parent=2770"}],"wp:term":[{"taxonomy":"product_brand","embeddable":true,"href":"https:\/\/stavebninynikol.cz\/index.php\/wp-json\/wp\/v2\/product_brand?post=2770"},{"taxonomy":"product_cat","embeddable":true,"href":"https:\/\/stavebninynikol.cz\/index.php\/wp-json\/wp\/v2\/product_cat?post=2770"},{"taxonomy":"product_tag","embeddable":true,"href":"https:\/\/stavebninynikol.cz\/index.php\/wp-json\/wp\/v2\/product_tag?post=2770"}],"curies":[{"name":"wp","href":"https:\/\/api.w.org\/{rel}","templated":true}]}}