{"id":2799,"date":"2025-10-02T12:57:46","date_gmt":"2025-10-02T12:57:46","guid":{"rendered":"https:\/\/stavebninynikol.cz\/?post_type=product&#038;p=2799"},"modified":"2025-10-02T12:57:46","modified_gmt":"2025-10-02T12:57:46","slug":"univerzalni-oboustranna-nano-paska","status":"publish","type":"product","link":"https:\/\/stavebninynikol.cz\/index.php\/product\/univerzalni-oboustranna-nano-paska\/","title":{"rendered":"Univerz\u00e1ln\u00ed oboustrann\u00e1 NANO p\u00e1ska"},"content":{"rendered":"<p>D\u00edky speci\u00e1ln\u00edmu povrchu je tato oboustrann\u00e1 p\u00e1ska vysoce lepiv\u00e1 a z\u00e1rove\u0148 snadno odn\u00edmateln\u00e1 bez po\u0161kozen\u00ed a zanech\u00e1n\u00ed zbytk\u016f lepidla. Takov\u00fd mal\u00fd z\u00e1zrak. P\u00e1ska je opakovateln\u011b pou\u017eiteln\u00e1, lehce omyvateln\u00e1. Ide\u00e1ln\u00ed pomocn\u00edk pro kuchyni, koupelnu, kancel\u00e1\u0159, d\u00edlnu. P\u0159izp\u016fsob\u00ed se t\u00e9m\u011b\u0159 ka\u017ed\u00e9mu povrchu. P\u00e1ska je vysoce transparentn\u00ed, ide\u00e1ln\u00ed pro vnit\u0159n\u00ed i venkovn\u00ed prostory.<\/p>\n<p>P\u00e1ska je odoln\u00e1 vlhkosti, chemik\u00e1li\u00edm a UV z\u00e1\u0159en\u00ed<\/p>\n","protected":false},"excerpt":{"rendered":"<p>Oboustran\u00e1 vysoce lepiv\u00e1 a z\u00e1rove\u0148 snadno odn\u00edmateln\u00e1 transparentn\u00ed p\u00e1ska. Ide\u00e1ln\u00ed do ka\u017ed\u00e9 dom\u00e1cnosti, kuchyn\u011b, koupelny, d\u00edlny.<\/p>\n","protected":false},"featured_media":2800,"comment_status":"open","ping_status":"closed","template":"","meta":[],"product_brand":[],"product_cat":[398,402],"product_tag":[],"class_list":{"0":"post-2799","1":"product","2":"type-product","3":"status-publish","4":"has-post-thumbnail","6":"product_cat-lepici-pasky-folie-pytle","7":"product_cat-oboustranne-pasky","9":"first","10":"instock","11":"shipping-taxable","12":"product-type-simple"},"yoast_head":"<!-- This site is optimized with the Yoast SEO plugin v26.9 - https:\/\/yoast.com\/product\/yoast-seo-wordpress\/ -->\n<title>Univerz\u00e1ln\u00ed oboustrann\u00e1 NANO p\u00e1ska - StavebninyNikol<\/title>\n<meta name=\"description\" content=\"Univerz\u00e1ln\u00ed oboustrann\u00e1 NANO p\u00e1ska StavebninyNikol\" \/>\n<meta name=\"robots\" content=\"index, follow, max-snippet:-1, max-image-preview:large, max-video-preview:-1\" \/>\n<link rel=\"canonical\" href=\"https:\/\/stavebninynikol.cz\/index.php\/product\/univerzalni-oboustranna-nano-paska\/\" \/>\n<meta property=\"og:locale\" content=\"cs_CZ\" \/>\n<meta property=\"og:type\" content=\"article\" \/>\n<meta property=\"og:title\" content=\"Univerz\u00e1ln\u00ed oboustrann\u00e1 NANO p\u00e1ska - StavebninyNikol\" \/>\n<meta property=\"og:description\" content=\"Univerz\u00e1ln\u00ed oboustrann\u00e1 NANO p\u00e1ska StavebninyNikol\" \/>\n<meta property=\"og:url\" content=\"https:\/\/stavebninynikol.cz\/index.php\/product\/univerzalni-oboustranna-nano-paska\/\" \/>\n<meta property=\"og:site_name\" content=\"StavebninyNikol\" \/>\n<meta property=\"article:publisher\" content=\"https:\/\/www.facebook.com\/profile.php?id=100057375402895&amp;mibextid=wwXIfr&amp;rdid=6fQOqALSBiK69Ovq&amp;share_url=httpswww.facebook.comshare1AicpAHGFPmibextidwwXIfr\" \/>\n<meta property=\"og:image\" content=\"https:\/\/stavebninynikol.cz\/wp-content\/uploads\/2025\/10\/www_product_images_esh0001851_0_1029x783-q100.webp\" \/>\n\t<meta property=\"og:image:width\" content=\"1029\" \/>\n\t<meta property=\"og:image:height\" content=\"783\" \/>\n\t<meta property=\"og:image:type\" content=\"image\/webp\" \/>\n<meta name=\"twitter:card\" content=\"summary_large_image\" \/>\n<meta name=\"twitter:label1\" content=\"Odhadovan\u00e1 doba \u010dten\u00ed\" \/>\n\t<meta name=\"twitter:data1\" content=\"1 minuta\" \/>\n<script type=\"application\/ld+json\" class=\"yoast-schema-graph\">{\"@context\":\"https:\/\/schema.org\",\"@graph\":[{\"@type\":\"WebPage\",\"@id\":\"https:\/\/stavebninynikol.cz\/index.php\/product\/univerzalni-oboustranna-nano-paska\/\",\"url\":\"https:\/\/stavebninynikol.cz\/index.php\/product\/univerzalni-oboustranna-nano-paska\/\",\"name\":\"Univerz\u00e1ln\u00ed oboustrann\u00e1 NANO p\u00e1ska - StavebninyNikol\",\"isPartOf\":{\"@id\":\"https:\/\/stavebninynikol.cz\/#website\"},\"primaryImageOfPage\":{\"@id\":\"https:\/\/stavebninynikol.cz\/index.php\/product\/univerzalni-oboustranna-nano-paska\/#primaryimage\"},\"image\":{\"@id\":\"https:\/\/stavebninynikol.cz\/index.php\/product\/univerzalni-oboustranna-nano-paska\/#primaryimage\"},\"thumbnailUrl\":\"https:\/\/stavebninynikol.cz\/wp-content\/uploads\/2025\/10\/www_product_images_esh0001851_0_1029x783-q100.webp\",\"datePublished\":\"2025-10-02T12:57:46+00:00\",\"description\":\"Univerz\u00e1ln\u00ed oboustrann\u00e1 NANO p\u00e1ska StavebninyNikol\",\"breadcrumb\":{\"@id\":\"https:\/\/stavebninynikol.cz\/index.php\/product\/univerzalni-oboustranna-nano-paska\/#breadcrumb\"},\"inLanguage\":\"cs\",\"potentialAction\":[{\"@type\":\"ReadAction\",\"target\":[\"https:\/\/stavebninynikol.cz\/index.php\/product\/univerzalni-oboustranna-nano-paska\/\"]}]},{\"@type\":\"ImageObject\",\"inLanguage\":\"cs\",\"@id\":\"https:\/\/stavebninynikol.cz\/index.php\/product\/univerzalni-oboustranna-nano-paska\/#primaryimage\",\"url\":\"https:\/\/stavebninynikol.cz\/wp-content\/uploads\/2025\/10\/www_product_images_esh0001851_0_1029x783-q100.webp\",\"contentUrl\":\"https:\/\/stavebninynikol.cz\/wp-content\/uploads\/2025\/10\/www_product_images_esh0001851_0_1029x783-q100.webp\",\"width\":1029,\"height\":783},{\"@type\":\"BreadcrumbList\",\"@id\":\"https:\/\/stavebninynikol.cz\/index.php\/product\/univerzalni-oboustranna-nano-paska\/#breadcrumb\",\"itemListElement\":[{\"@type\":\"ListItem\",\"position\":1,\"name\":\"Dom\u016f\",\"item\":\"https:\/\/stavebninynikol.cz\/\"},{\"@type\":\"ListItem\",\"position\":2,\"name\":\"Take Your Adventure To The Next Level\",\"item\":\"https:\/\/stavebninynikol.cz\/index.php\/shop\/\"},{\"@type\":\"ListItem\",\"position\":3,\"name\":\"Univerz\u00e1ln\u00ed oboustrann\u00e1 NANO p\u00e1ska\"}]},{\"@type\":\"WebSite\",\"@id\":\"https:\/\/stavebninynikol.cz\/#website\",\"url\":\"https:\/\/stavebninynikol.cz\/\",\"name\":\"StavebninyNikol\",\"description\":\"stavebniny nikol\",\"publisher\":{\"@id\":\"https:\/\/stavebninynikol.cz\/#organization\"},\"potentialAction\":[{\"@type\":\"SearchAction\",\"target\":{\"@type\":\"EntryPoint\",\"urlTemplate\":\"https:\/\/stavebninynikol.cz\/?s={search_term_string}\"},\"query-input\":{\"@type\":\"PropertyValueSpecification\",\"valueRequired\":true,\"valueName\":\"search_term_string\"}}],\"inLanguage\":\"cs\"},{\"@type\":\"Organization\",\"@id\":\"https:\/\/stavebninynikol.cz\/#organization\",\"name\":\"StavebninyNikol\",\"url\":\"https:\/\/stavebninynikol.cz\/\",\"logo\":{\"@type\":\"ImageObject\",\"inLanguage\":\"cs\",\"@id\":\"https:\/\/stavebninynikol.cz\/#\/schema\/logo\/image\/\",\"url\":\"https:\/\/stavebninynikol.cz\/wp-content\/uploads\/2025\/07\/NIKOL_logo.eps-1-e1757927564347.webp\",\"contentUrl\":\"https:\/\/stavebninynikol.cz\/wp-content\/uploads\/2025\/07\/NIKOL_logo.eps-1-e1757927564347.webp\",\"width\":512,\"height\":132,\"caption\":\"StavebninyNikol\"},\"image\":{\"@id\":\"https:\/\/stavebninynikol.cz\/#\/schema\/logo\/image\/\"},\"sameAs\":[\"https:\/\/www.facebook.com\/profile.php?id=100057375402895&mibextid=wwXIfr&rdid=6fQOqALSBiK69Ovq&share_url=httpswww.facebook.comshare1AicpAHGFPmibextidwwXIfr\"]}]}<\/script>\n<!-- \/ Yoast SEO plugin. -->","yoast_head_json":{"title":"Univerz\u00e1ln\u00ed oboustrann\u00e1 NANO p\u00e1ska - StavebninyNikol","description":"Univerz\u00e1ln\u00ed oboustrann\u00e1 NANO p\u00e1ska StavebninyNikol","robots":{"index":"index","follow":"follow","max-snippet":"max-snippet:-1","max-image-preview":"max-image-preview:large","max-video-preview":"max-video-preview:-1"},"canonical":"https:\/\/stavebninynikol.cz\/index.php\/product\/univerzalni-oboustranna-nano-paska\/","og_locale":"cs_CZ","og_type":"article","og_title":"Univerz\u00e1ln\u00ed oboustrann\u00e1 NANO p\u00e1ska - StavebninyNikol","og_description":"Univerz\u00e1ln\u00ed oboustrann\u00e1 NANO p\u00e1ska StavebninyNikol","og_url":"https:\/\/stavebninynikol.cz\/index.php\/product\/univerzalni-oboustranna-nano-paska\/","og_site_name":"StavebninyNikol","article_publisher":"https:\/\/www.facebook.com\/profile.php?id=100057375402895&mibextid=wwXIfr&rdid=6fQOqALSBiK69Ovq&share_url=httpswww.facebook.comshare1AicpAHGFPmibextidwwXIfr","og_image":[{"width":1029,"height":783,"url":"https:\/\/stavebninynikol.cz\/wp-content\/uploads\/2025\/10\/www_product_images_esh0001851_0_1029x783-q100.webp","type":"image\/webp"}],"twitter_card":"summary_large_image","twitter_misc":{"Odhadovan\u00e1 doba \u010dten\u00ed":"1 minuta"},"schema":{"@context":"https:\/\/schema.org","@graph":[{"@type":"WebPage","@id":"https:\/\/stavebninynikol.cz\/index.php\/product\/univerzalni-oboustranna-nano-paska\/","url":"https:\/\/stavebninynikol.cz\/index.php\/product\/univerzalni-oboustranna-nano-paska\/","name":"Univerz\u00e1ln\u00ed oboustrann\u00e1 NANO p\u00e1ska - StavebninyNikol","isPartOf":{"@id":"https:\/\/stavebninynikol.cz\/#website"},"primaryImageOfPage":{"@id":"https:\/\/stavebninynikol.cz\/index.php\/product\/univerzalni-oboustranna-nano-paska\/#primaryimage"},"image":{"@id":"https:\/\/stavebninynikol.cz\/index.php\/product\/univerzalni-oboustranna-nano-paska\/#primaryimage"},"thumbnailUrl":"https:\/\/stavebninynikol.cz\/wp-content\/uploads\/2025\/10\/www_product_images_esh0001851_0_1029x783-q100.webp","datePublished":"2025-10-02T12:57:46+00:00","description":"Univerz\u00e1ln\u00ed oboustrann\u00e1 NANO p\u00e1ska StavebninyNikol","breadcrumb":{"@id":"https:\/\/stavebninynikol.cz\/index.php\/product\/univerzalni-oboustranna-nano-paska\/#breadcrumb"},"inLanguage":"cs","potentialAction":[{"@type":"ReadAction","target":["https:\/\/stavebninynikol.cz\/index.php\/product\/univerzalni-oboustranna-nano-paska\/"]}]},{"@type":"ImageObject","inLanguage":"cs","@id":"https:\/\/stavebninynikol.cz\/index.php\/product\/univerzalni-oboustranna-nano-paska\/#primaryimage","url":"https:\/\/stavebninynikol.cz\/wp-content\/uploads\/2025\/10\/www_product_images_esh0001851_0_1029x783-q100.webp","contentUrl":"https:\/\/stavebninynikol.cz\/wp-content\/uploads\/2025\/10\/www_product_images_esh0001851_0_1029x783-q100.webp","width":1029,"height":783},{"@type":"BreadcrumbList","@id":"https:\/\/stavebninynikol.cz\/index.php\/product\/univerzalni-oboustranna-nano-paska\/#breadcrumb","itemListElement":[{"@type":"ListItem","position":1,"name":"Dom\u016f","item":"https:\/\/stavebninynikol.cz\/"},{"@type":"ListItem","position":2,"name":"Take Your Adventure To The Next Level","item":"https:\/\/stavebninynikol.cz\/index.php\/shop\/"},{"@type":"ListItem","position":3,"name":"Univerz\u00e1ln\u00ed oboustrann\u00e1 NANO p\u00e1ska"}]},{"@type":"WebSite","@id":"https:\/\/stavebninynikol.cz\/#website","url":"https:\/\/stavebninynikol.cz\/","name":"StavebninyNikol","description":"stavebniny nikol","publisher":{"@id":"https:\/\/stavebninynikol.cz\/#organization"},"potentialAction":[{"@type":"SearchAction","target":{"@type":"EntryPoint","urlTemplate":"https:\/\/stavebninynikol.cz\/?s={search_term_string}"},"query-input":{"@type":"PropertyValueSpecification","valueRequired":true,"valueName":"search_term_string"}}],"inLanguage":"cs"},{"@type":"Organization","@id":"https:\/\/stavebninynikol.cz\/#organization","name":"StavebninyNikol","url":"https:\/\/stavebninynikol.cz\/","logo":{"@type":"ImageObject","inLanguage":"cs","@id":"https:\/\/stavebninynikol.cz\/#\/schema\/logo\/image\/","url":"https:\/\/stavebninynikol.cz\/wp-content\/uploads\/2025\/07\/NIKOL_logo.eps-1-e1757927564347.webp","contentUrl":"https:\/\/stavebninynikol.cz\/wp-content\/uploads\/2025\/07\/NIKOL_logo.eps-1-e1757927564347.webp","width":512,"height":132,"caption":"StavebninyNikol"},"image":{"@id":"https:\/\/stavebninynikol.cz\/#\/schema\/logo\/image\/"},"sameAs":["https:\/\/www.facebook.com\/profile.php?id=100057375402895&mibextid=wwXIfr&rdid=6fQOqALSBiK69Ovq&share_url=httpswww.facebook.comshare1AicpAHGFPmibextidwwXIfr"]}]}},"_links":{"self":[{"href":"https:\/\/stavebninynikol.cz\/index.php\/wp-json\/wp\/v2\/product\/2799","targetHints":{"allow":["GET"]}}],"collection":[{"href":"https:\/\/stavebninynikol.cz\/index.php\/wp-json\/wp\/v2\/product"}],"about":[{"href":"https:\/\/stavebninynikol.cz\/index.php\/wp-json\/wp\/v2\/types\/product"}],"replies":[{"embeddable":true,"href":"https:\/\/stavebninynikol.cz\/index.php\/wp-json\/wp\/v2\/comments?post=2799"}],"wp:featuredmedia":[{"embeddable":true,"href":"https:\/\/stavebninynikol.cz\/index.php\/wp-json\/wp\/v2\/media\/2800"}],"wp:attachment":[{"href":"https:\/\/stavebninynikol.cz\/index.php\/wp-json\/wp\/v2\/media?parent=2799"}],"wp:term":[{"taxonomy":"product_brand","embeddable":true,"href":"https:\/\/stavebninynikol.cz\/index.php\/wp-json\/wp\/v2\/product_brand?post=2799"},{"taxonomy":"product_cat","embeddable":true,"href":"https:\/\/stavebninynikol.cz\/index.php\/wp-json\/wp\/v2\/product_cat?post=2799"},{"taxonomy":"product_tag","embeddable":true,"href":"https:\/\/stavebninynikol.cz\/index.php\/wp-json\/wp\/v2\/product_tag?post=2799"}],"curies":[{"name":"wp","href":"https:\/\/api.w.org\/{rel}","templated":true}]}}