{"id":2801,"date":"2025-10-02T13:02:11","date_gmt":"2025-10-02T13:02:11","guid":{"rendered":"https:\/\/stavebninynikol.cz\/?post_type=product&#038;p=2801"},"modified":"2025-10-02T13:02:11","modified_gmt":"2025-10-02T13:02:11","slug":"oboustranne-lepici-upevnovaci-paska-v-krabicce","status":"publish","type":"product","link":"https:\/\/stavebninynikol.cz\/index.php\/product\/oboustranne-lepici-upevnovaci-paska-v-krabicce\/","title":{"rendered":"Oboustrann\u011b lepic\u00ed upev\u0148ovac\u00ed p\u00e1ska v krabi\u010dce"},"content":{"rendered":"","protected":false},"excerpt":{"rendered":"<p>Pro mnohostrann\u00e9 upev\u0148ovac\u00ed pr\u00e1ce v dom\u00e1cnosti i v profi sf\u00e9\u0159e. Ide\u00e1ln\u00ed pro upev\u0148ov\u00e1n\u00ed v\u00fdstra\u017en\u00fdch a informativn\u00edch cedul\u00ed a dekorativn\u00edch p\u0159edm\u011bt\u016f. Okam\u017eit\u00e9 upev\u0148ov\u00e1n\u00ed firemn\u00edch tabul\u00ed na prezentac\u00edch, v\u00fdstav\u00e1ch a veletrz\u00edch. Fixace lepen\u00fdch p\u0159edm\u011bt\u016f p\u0159i mont\u00e1\u017e\u00edch jako lepen\u00ed zrcadlov\u00fdch st\u011bn, men\u0161\u00edch zrcadel do sk\u0159\u00edn\u00ed a koupelen apod. Vysokou lepivost a p\u0159ilnavost k podkladu obstar\u00e1v\u00e1 speci\u00e1ln\u00ed oboustrann\u00fd n\u00e1nos kau\u010dukov\u00e9ho lepidla na p\u011bnov\u00e9 PE p\u00e1sce. Hobby balen\u00ed v krabi\u010dce.<\/p>\n","protected":false},"featured_media":2802,"comment_status":"open","ping_status":"closed","template":"","meta":[],"product_brand":[],"product_cat":[398,402],"product_tag":[],"class_list":{"0":"post-2801","1":"product","2":"type-product","3":"status-publish","4":"has-post-thumbnail","6":"product_cat-lepici-pasky-folie-pytle","7":"product_cat-oboustranne-pasky","9":"first","10":"instock","11":"shipping-taxable","12":"product-type-simple"},"yoast_head":"<!-- This site is optimized with the Yoast SEO plugin v26.9 - https:\/\/yoast.com\/product\/yoast-seo-wordpress\/ -->\n<title>Oboustrann\u011b lepic\u00ed upev\u0148ovac\u00ed p\u00e1ska v krabi\u010dce - StavebninyNikol<\/title>\n<meta name=\"description\" content=\"Oboustrann\u011b lepic\u00ed upev\u0148ovac\u00ed p\u00e1ska v krabi\u010dce StavebninyNikol\" \/>\n<meta name=\"robots\" content=\"index, follow, max-snippet:-1, max-image-preview:large, max-video-preview:-1\" \/>\n<link rel=\"canonical\" href=\"https:\/\/stavebninynikol.cz\/index.php\/product\/oboustranne-lepici-upevnovaci-paska-v-krabicce\/\" \/>\n<meta property=\"og:locale\" content=\"cs_CZ\" \/>\n<meta property=\"og:type\" content=\"article\" \/>\n<meta property=\"og:title\" content=\"Oboustrann\u011b lepic\u00ed upev\u0148ovac\u00ed p\u00e1ska v krabi\u010dce - StavebninyNikol\" \/>\n<meta property=\"og:description\" content=\"Oboustrann\u011b lepic\u00ed upev\u0148ovac\u00ed p\u00e1ska v krabi\u010dce StavebninyNikol\" \/>\n<meta property=\"og:url\" content=\"https:\/\/stavebninynikol.cz\/index.php\/product\/oboustranne-lepici-upevnovaci-paska-v-krabicce\/\" \/>\n<meta property=\"og:site_name\" content=\"StavebninyNikol\" \/>\n<meta property=\"article:publisher\" content=\"https:\/\/www.facebook.com\/profile.php?id=100057375402895&amp;mibextid=wwXIfr&amp;rdid=6fQOqALSBiK69Ovq&amp;share_url=httpswww.facebook.comshare1AicpAHGFPmibextidwwXIfr\" \/>\n<meta property=\"og:image\" content=\"https:\/\/stavebninynikol.cz\/wp-content\/uploads\/2025\/10\/lepici-upevnovaci-paska-v-krabicce.webp\" \/>\n\t<meta property=\"og:image:width\" content=\"500\" \/>\n\t<meta property=\"og:image:height\" content=\"500\" \/>\n\t<meta property=\"og:image:type\" content=\"image\/webp\" \/>\n<meta name=\"twitter:card\" content=\"summary_large_image\" \/>\n<meta name=\"twitter:label1\" content=\"Odhadovan\u00e1 doba \u010dten\u00ed\" \/>\n\t<meta name=\"twitter:data1\" content=\"1 minuta\" \/>\n<script type=\"application\/ld+json\" class=\"yoast-schema-graph\">{\"@context\":\"https:\/\/schema.org\",\"@graph\":[{\"@type\":\"WebPage\",\"@id\":\"https:\/\/stavebninynikol.cz\/index.php\/product\/oboustranne-lepici-upevnovaci-paska-v-krabicce\/\",\"url\":\"https:\/\/stavebninynikol.cz\/index.php\/product\/oboustranne-lepici-upevnovaci-paska-v-krabicce\/\",\"name\":\"Oboustrann\u011b lepic\u00ed upev\u0148ovac\u00ed p\u00e1ska v krabi\u010dce - StavebninyNikol\",\"isPartOf\":{\"@id\":\"https:\/\/stavebninynikol.cz\/#website\"},\"primaryImageOfPage\":{\"@id\":\"https:\/\/stavebninynikol.cz\/index.php\/product\/oboustranne-lepici-upevnovaci-paska-v-krabicce\/#primaryimage\"},\"image\":{\"@id\":\"https:\/\/stavebninynikol.cz\/index.php\/product\/oboustranne-lepici-upevnovaci-paska-v-krabicce\/#primaryimage\"},\"thumbnailUrl\":\"https:\/\/stavebninynikol.cz\/wp-content\/uploads\/2025\/10\/lepici-upevnovaci-paska-v-krabicce.webp\",\"datePublished\":\"2025-10-02T13:02:11+00:00\",\"description\":\"Oboustrann\u011b lepic\u00ed upev\u0148ovac\u00ed p\u00e1ska v krabi\u010dce StavebninyNikol\",\"breadcrumb\":{\"@id\":\"https:\/\/stavebninynikol.cz\/index.php\/product\/oboustranne-lepici-upevnovaci-paska-v-krabicce\/#breadcrumb\"},\"inLanguage\":\"cs\",\"potentialAction\":[{\"@type\":\"ReadAction\",\"target\":[\"https:\/\/stavebninynikol.cz\/index.php\/product\/oboustranne-lepici-upevnovaci-paska-v-krabicce\/\"]}]},{\"@type\":\"ImageObject\",\"inLanguage\":\"cs\",\"@id\":\"https:\/\/stavebninynikol.cz\/index.php\/product\/oboustranne-lepici-upevnovaci-paska-v-krabicce\/#primaryimage\",\"url\":\"https:\/\/stavebninynikol.cz\/wp-content\/uploads\/2025\/10\/lepici-upevnovaci-paska-v-krabicce.webp\",\"contentUrl\":\"https:\/\/stavebninynikol.cz\/wp-content\/uploads\/2025\/10\/lepici-upevnovaci-paska-v-krabicce.webp\",\"width\":500,\"height\":500},{\"@type\":\"BreadcrumbList\",\"@id\":\"https:\/\/stavebninynikol.cz\/index.php\/product\/oboustranne-lepici-upevnovaci-paska-v-krabicce\/#breadcrumb\",\"itemListElement\":[{\"@type\":\"ListItem\",\"position\":1,\"name\":\"Dom\u016f\",\"item\":\"https:\/\/stavebninynikol.cz\/\"},{\"@type\":\"ListItem\",\"position\":2,\"name\":\"Take Your Adventure To The Next Level\",\"item\":\"https:\/\/stavebninynikol.cz\/index.php\/shop\/\"},{\"@type\":\"ListItem\",\"position\":3,\"name\":\"Oboustrann\u011b lepic\u00ed upev\u0148ovac\u00ed p\u00e1ska v krabi\u010dce\"}]},{\"@type\":\"WebSite\",\"@id\":\"https:\/\/stavebninynikol.cz\/#website\",\"url\":\"https:\/\/stavebninynikol.cz\/\",\"name\":\"StavebninyNikol\",\"description\":\"stavebniny nikol\",\"publisher\":{\"@id\":\"https:\/\/stavebninynikol.cz\/#organization\"},\"potentialAction\":[{\"@type\":\"SearchAction\",\"target\":{\"@type\":\"EntryPoint\",\"urlTemplate\":\"https:\/\/stavebninynikol.cz\/?s={search_term_string}\"},\"query-input\":{\"@type\":\"PropertyValueSpecification\",\"valueRequired\":true,\"valueName\":\"search_term_string\"}}],\"inLanguage\":\"cs\"},{\"@type\":\"Organization\",\"@id\":\"https:\/\/stavebninynikol.cz\/#organization\",\"name\":\"StavebninyNikol\",\"url\":\"https:\/\/stavebninynikol.cz\/\",\"logo\":{\"@type\":\"ImageObject\",\"inLanguage\":\"cs\",\"@id\":\"https:\/\/stavebninynikol.cz\/#\/schema\/logo\/image\/\",\"url\":\"https:\/\/stavebninynikol.cz\/wp-content\/uploads\/2025\/07\/NIKOL_logo.eps-1-e1757927564347.webp\",\"contentUrl\":\"https:\/\/stavebninynikol.cz\/wp-content\/uploads\/2025\/07\/NIKOL_logo.eps-1-e1757927564347.webp\",\"width\":512,\"height\":132,\"caption\":\"StavebninyNikol\"},\"image\":{\"@id\":\"https:\/\/stavebninynikol.cz\/#\/schema\/logo\/image\/\"},\"sameAs\":[\"https:\/\/www.facebook.com\/profile.php?id=100057375402895&mibextid=wwXIfr&rdid=6fQOqALSBiK69Ovq&share_url=httpswww.facebook.comshare1AicpAHGFPmibextidwwXIfr\"]}]}<\/script>\n<!-- \/ Yoast SEO plugin. -->","yoast_head_json":{"title":"Oboustrann\u011b lepic\u00ed upev\u0148ovac\u00ed p\u00e1ska v krabi\u010dce - StavebninyNikol","description":"Oboustrann\u011b lepic\u00ed upev\u0148ovac\u00ed p\u00e1ska v krabi\u010dce StavebninyNikol","robots":{"index":"index","follow":"follow","max-snippet":"max-snippet:-1","max-image-preview":"max-image-preview:large","max-video-preview":"max-video-preview:-1"},"canonical":"https:\/\/stavebninynikol.cz\/index.php\/product\/oboustranne-lepici-upevnovaci-paska-v-krabicce\/","og_locale":"cs_CZ","og_type":"article","og_title":"Oboustrann\u011b lepic\u00ed upev\u0148ovac\u00ed p\u00e1ska v krabi\u010dce - StavebninyNikol","og_description":"Oboustrann\u011b lepic\u00ed upev\u0148ovac\u00ed p\u00e1ska v krabi\u010dce StavebninyNikol","og_url":"https:\/\/stavebninynikol.cz\/index.php\/product\/oboustranne-lepici-upevnovaci-paska-v-krabicce\/","og_site_name":"StavebninyNikol","article_publisher":"https:\/\/www.facebook.com\/profile.php?id=100057375402895&mibextid=wwXIfr&rdid=6fQOqALSBiK69Ovq&share_url=httpswww.facebook.comshare1AicpAHGFPmibextidwwXIfr","og_image":[{"width":500,"height":500,"url":"https:\/\/stavebninynikol.cz\/wp-content\/uploads\/2025\/10\/lepici-upevnovaci-paska-v-krabicce.webp","type":"image\/webp"}],"twitter_card":"summary_large_image","twitter_misc":{"Odhadovan\u00e1 doba \u010dten\u00ed":"1 minuta"},"schema":{"@context":"https:\/\/schema.org","@graph":[{"@type":"WebPage","@id":"https:\/\/stavebninynikol.cz\/index.php\/product\/oboustranne-lepici-upevnovaci-paska-v-krabicce\/","url":"https:\/\/stavebninynikol.cz\/index.php\/product\/oboustranne-lepici-upevnovaci-paska-v-krabicce\/","name":"Oboustrann\u011b lepic\u00ed upev\u0148ovac\u00ed p\u00e1ska v krabi\u010dce - StavebninyNikol","isPartOf":{"@id":"https:\/\/stavebninynikol.cz\/#website"},"primaryImageOfPage":{"@id":"https:\/\/stavebninynikol.cz\/index.php\/product\/oboustranne-lepici-upevnovaci-paska-v-krabicce\/#primaryimage"},"image":{"@id":"https:\/\/stavebninynikol.cz\/index.php\/product\/oboustranne-lepici-upevnovaci-paska-v-krabicce\/#primaryimage"},"thumbnailUrl":"https:\/\/stavebninynikol.cz\/wp-content\/uploads\/2025\/10\/lepici-upevnovaci-paska-v-krabicce.webp","datePublished":"2025-10-02T13:02:11+00:00","description":"Oboustrann\u011b lepic\u00ed upev\u0148ovac\u00ed p\u00e1ska v krabi\u010dce StavebninyNikol","breadcrumb":{"@id":"https:\/\/stavebninynikol.cz\/index.php\/product\/oboustranne-lepici-upevnovaci-paska-v-krabicce\/#breadcrumb"},"inLanguage":"cs","potentialAction":[{"@type":"ReadAction","target":["https:\/\/stavebninynikol.cz\/index.php\/product\/oboustranne-lepici-upevnovaci-paska-v-krabicce\/"]}]},{"@type":"ImageObject","inLanguage":"cs","@id":"https:\/\/stavebninynikol.cz\/index.php\/product\/oboustranne-lepici-upevnovaci-paska-v-krabicce\/#primaryimage","url":"https:\/\/stavebninynikol.cz\/wp-content\/uploads\/2025\/10\/lepici-upevnovaci-paska-v-krabicce.webp","contentUrl":"https:\/\/stavebninynikol.cz\/wp-content\/uploads\/2025\/10\/lepici-upevnovaci-paska-v-krabicce.webp","width":500,"height":500},{"@type":"BreadcrumbList","@id":"https:\/\/stavebninynikol.cz\/index.php\/product\/oboustranne-lepici-upevnovaci-paska-v-krabicce\/#breadcrumb","itemListElement":[{"@type":"ListItem","position":1,"name":"Dom\u016f","item":"https:\/\/stavebninynikol.cz\/"},{"@type":"ListItem","position":2,"name":"Take Your Adventure To The Next Level","item":"https:\/\/stavebninynikol.cz\/index.php\/shop\/"},{"@type":"ListItem","position":3,"name":"Oboustrann\u011b lepic\u00ed upev\u0148ovac\u00ed p\u00e1ska v krabi\u010dce"}]},{"@type":"WebSite","@id":"https:\/\/stavebninynikol.cz\/#website","url":"https:\/\/stavebninynikol.cz\/","name":"StavebninyNikol","description":"stavebniny nikol","publisher":{"@id":"https:\/\/stavebninynikol.cz\/#organization"},"potentialAction":[{"@type":"SearchAction","target":{"@type":"EntryPoint","urlTemplate":"https:\/\/stavebninynikol.cz\/?s={search_term_string}"},"query-input":{"@type":"PropertyValueSpecification","valueRequired":true,"valueName":"search_term_string"}}],"inLanguage":"cs"},{"@type":"Organization","@id":"https:\/\/stavebninynikol.cz\/#organization","name":"StavebninyNikol","url":"https:\/\/stavebninynikol.cz\/","logo":{"@type":"ImageObject","inLanguage":"cs","@id":"https:\/\/stavebninynikol.cz\/#\/schema\/logo\/image\/","url":"https:\/\/stavebninynikol.cz\/wp-content\/uploads\/2025\/07\/NIKOL_logo.eps-1-e1757927564347.webp","contentUrl":"https:\/\/stavebninynikol.cz\/wp-content\/uploads\/2025\/07\/NIKOL_logo.eps-1-e1757927564347.webp","width":512,"height":132,"caption":"StavebninyNikol"},"image":{"@id":"https:\/\/stavebninynikol.cz\/#\/schema\/logo\/image\/"},"sameAs":["https:\/\/www.facebook.com\/profile.php?id=100057375402895&mibextid=wwXIfr&rdid=6fQOqALSBiK69Ovq&share_url=httpswww.facebook.comshare1AicpAHGFPmibextidwwXIfr"]}]}},"_links":{"self":[{"href":"https:\/\/stavebninynikol.cz\/index.php\/wp-json\/wp\/v2\/product\/2801","targetHints":{"allow":["GET"]}}],"collection":[{"href":"https:\/\/stavebninynikol.cz\/index.php\/wp-json\/wp\/v2\/product"}],"about":[{"href":"https:\/\/stavebninynikol.cz\/index.php\/wp-json\/wp\/v2\/types\/product"}],"replies":[{"embeddable":true,"href":"https:\/\/stavebninynikol.cz\/index.php\/wp-json\/wp\/v2\/comments?post=2801"}],"wp:featuredmedia":[{"embeddable":true,"href":"https:\/\/stavebninynikol.cz\/index.php\/wp-json\/wp\/v2\/media\/2802"}],"wp:attachment":[{"href":"https:\/\/stavebninynikol.cz\/index.php\/wp-json\/wp\/v2\/media?parent=2801"}],"wp:term":[{"taxonomy":"product_brand","embeddable":true,"href":"https:\/\/stavebninynikol.cz\/index.php\/wp-json\/wp\/v2\/product_brand?post=2801"},{"taxonomy":"product_cat","embeddable":true,"href":"https:\/\/stavebninynikol.cz\/index.php\/wp-json\/wp\/v2\/product_cat?post=2801"},{"taxonomy":"product_tag","embeddable":true,"href":"https:\/\/stavebninynikol.cz\/index.php\/wp-json\/wp\/v2\/product_tag?post=2801"}],"curies":[{"name":"wp","href":"https:\/\/api.w.org\/{rel}","templated":true}]}}