{"id":2805,"date":"2025-10-02T13:30:34","date_gmt":"2025-10-02T13:30:34","guid":{"rendered":"https:\/\/stavebninynikol.cz\/?post_type=product&#038;p=2805"},"modified":"2025-10-02T13:30:34","modified_gmt":"2025-10-02T13:30:34","slug":"paska-paropropustna-corotop-band","status":"publish","type":"product","link":"https:\/\/stavebninynikol.cz\/index.php\/product\/paska-paropropustna-corotop-band\/","title":{"rendered":"P\u00e1ska paropropustn\u00e1 Corotop BAND"},"content":{"rendered":"<p><b>Pou\u017eit\u00ed:<\/b><br \/>\n\u2022 pro lepen\u00ed v\u00fdrobk\u016f na b\u00e1zi polypropylenu<br \/>\n\u2022 pro opravy membr\u00e1n na b\u00e1zi polypropylenu<\/p>\n<p><b>V\u00fdhody:<\/b><br \/>\n\u2022 vysok\u00e1 paropropustnost<br \/>\n\u2022 efektivn\u011b opravuje a lep\u00ed mechanick\u00e9 po\u0161kozen\u00ed<br \/>\n\u2022 univerz\u00e1ln\u00ed, lep\u00ed na hladk\u00e9m i drsn\u00e9m povrchu<br \/>\n\u2022 odoln\u00e1 proti r\u016fzn\u00fdm pov\u011btrnostn\u00edm podm\u00ednk\u00e1m<\/p>\n","protected":false},"excerpt":{"rendered":"<p>Vysoce paropropustn\u00e1 p\u00e1ska na polypropylenov\u00e9m nosi\u010di s akryl\u00e1tovou disperz\u00ed o s\u00edle 0,5 a\u017e 0,53 mm. Jednostrann\u00e1 p\u00e1ska vyroben\u00e1 z vysoce paropropustn\u00e9ho polypropyl\u00e9nu s akryl\u00e1tovou disperz\u00ed. Zachov\u00e1v\u00e1 vysokou paropropustnost membr\u00e1ny, dokonce na opravovan\u00e9m po\u0161kozen\u00e9m m\u00edst\u011b. Je odoln\u00e1 UV z\u00e1\u0159en\u00ed. Pou\u017e\u00edv\u00e1 se p\u0159edev\u0161\u00edm k trval\u00e9mu prody\u0161n\u00e9mu spojov\u00e1n\u00ed membr\u00e1n, tzv. pojistn\u00fdch dif\u00fazn\u00edch f\u00f3li\u00ed a podobn\u00fdch materi\u00e1l\u016f, proti zat\u00e9kaj\u00edc\u00ed vod\u011b do podst\u0159e\u0161\u00ed vznikaj\u00edc\u00ed p\u0159i t\u00e1n\u00ed zafoukan\u00e9ho prachov\u00e9ho sn\u011bhu.<\/p>\n","protected":false},"featured_media":2806,"comment_status":"open","ping_status":"closed","template":"","meta":[],"product_brand":[],"product_cat":[398,403],"product_tag":[],"class_list":{"0":"post-2805","1":"product","2":"type-product","3":"status-publish","4":"has-post-thumbnail","6":"product_cat-lepici-pasky-folie-pytle","7":"product_cat-stresni-pasky","9":"first","10":"instock","11":"shipping-taxable","12":"product-type-simple"},"yoast_head":"<!-- This site is optimized with the Yoast SEO plugin v26.9 - https:\/\/yoast.com\/product\/yoast-seo-wordpress\/ -->\n<title>P\u00e1ska paropropustn\u00e1 Corotop BAND - StavebninyNikol<\/title>\n<meta name=\"description\" content=\"P\u00e1ska paropropustn\u00e1 Corotop BAND StavebninyNikol\" \/>\n<meta name=\"robots\" content=\"index, follow, max-snippet:-1, max-image-preview:large, max-video-preview:-1\" \/>\n<link rel=\"canonical\" href=\"https:\/\/stavebninynikol.cz\/index.php\/product\/paska-paropropustna-corotop-band\/\" \/>\n<meta property=\"og:locale\" content=\"cs_CZ\" \/>\n<meta property=\"og:type\" content=\"article\" \/>\n<meta property=\"og:title\" content=\"P\u00e1ska paropropustn\u00e1 Corotop BAND - StavebninyNikol\" \/>\n<meta property=\"og:description\" content=\"P\u00e1ska paropropustn\u00e1 Corotop BAND StavebninyNikol\" \/>\n<meta property=\"og:url\" content=\"https:\/\/stavebninynikol.cz\/index.php\/product\/paska-paropropustna-corotop-band\/\" \/>\n<meta property=\"og:site_name\" content=\"StavebninyNikol\" \/>\n<meta property=\"article:publisher\" content=\"https:\/\/www.facebook.com\/profile.php?id=100057375402895&amp;mibextid=wwXIfr&amp;rdid=6fQOqALSBiK69Ovq&amp;share_url=httpswww.facebook.comshare1AicpAHGFPmibextidwwXIfr\" \/>\n<meta property=\"og:image\" content=\"https:\/\/stavebninynikol.cz\/wp-content\/uploads\/2025\/10\/www_product_images_esh0001199_2000x2000-q100.webp\" \/>\n\t<meta property=\"og:image:width\" content=\"2000\" \/>\n\t<meta property=\"og:image:height\" content=\"2000\" \/>\n\t<meta property=\"og:image:type\" content=\"image\/webp\" \/>\n<meta name=\"twitter:card\" content=\"summary_large_image\" \/>\n<meta name=\"twitter:label1\" content=\"Odhadovan\u00e1 doba \u010dten\u00ed\" \/>\n\t<meta name=\"twitter:data1\" content=\"1 minuta\" \/>\n<script type=\"application\/ld+json\" class=\"yoast-schema-graph\">{\"@context\":\"https:\/\/schema.org\",\"@graph\":[{\"@type\":\"WebPage\",\"@id\":\"https:\/\/stavebninynikol.cz\/index.php\/product\/paska-paropropustna-corotop-band\/\",\"url\":\"https:\/\/stavebninynikol.cz\/index.php\/product\/paska-paropropustna-corotop-band\/\",\"name\":\"P\u00e1ska paropropustn\u00e1 Corotop BAND - StavebninyNikol\",\"isPartOf\":{\"@id\":\"https:\/\/stavebninynikol.cz\/#website\"},\"primaryImageOfPage\":{\"@id\":\"https:\/\/stavebninynikol.cz\/index.php\/product\/paska-paropropustna-corotop-band\/#primaryimage\"},\"image\":{\"@id\":\"https:\/\/stavebninynikol.cz\/index.php\/product\/paska-paropropustna-corotop-band\/#primaryimage\"},\"thumbnailUrl\":\"https:\/\/stavebninynikol.cz\/wp-content\/uploads\/2025\/10\/www_product_images_esh0001199_2000x2000-q100.webp\",\"datePublished\":\"2025-10-02T13:30:34+00:00\",\"description\":\"P\u00e1ska paropropustn\u00e1 Corotop BAND StavebninyNikol\",\"breadcrumb\":{\"@id\":\"https:\/\/stavebninynikol.cz\/index.php\/product\/paska-paropropustna-corotop-band\/#breadcrumb\"},\"inLanguage\":\"cs\",\"potentialAction\":[{\"@type\":\"ReadAction\",\"target\":[\"https:\/\/stavebninynikol.cz\/index.php\/product\/paska-paropropustna-corotop-band\/\"]}]},{\"@type\":\"ImageObject\",\"inLanguage\":\"cs\",\"@id\":\"https:\/\/stavebninynikol.cz\/index.php\/product\/paska-paropropustna-corotop-band\/#primaryimage\",\"url\":\"https:\/\/stavebninynikol.cz\/wp-content\/uploads\/2025\/10\/www_product_images_esh0001199_2000x2000-q100.webp\",\"contentUrl\":\"https:\/\/stavebninynikol.cz\/wp-content\/uploads\/2025\/10\/www_product_images_esh0001199_2000x2000-q100.webp\",\"width\":2000,\"height\":2000},{\"@type\":\"BreadcrumbList\",\"@id\":\"https:\/\/stavebninynikol.cz\/index.php\/product\/paska-paropropustna-corotop-band\/#breadcrumb\",\"itemListElement\":[{\"@type\":\"ListItem\",\"position\":1,\"name\":\"Dom\u016f\",\"item\":\"https:\/\/stavebninynikol.cz\/\"},{\"@type\":\"ListItem\",\"position\":2,\"name\":\"Take Your Adventure To The Next Level\",\"item\":\"https:\/\/stavebninynikol.cz\/index.php\/shop\/\"},{\"@type\":\"ListItem\",\"position\":3,\"name\":\"P\u00e1ska paropropustn\u00e1 Corotop BAND\"}]},{\"@type\":\"WebSite\",\"@id\":\"https:\/\/stavebninynikol.cz\/#website\",\"url\":\"https:\/\/stavebninynikol.cz\/\",\"name\":\"StavebninyNikol\",\"description\":\"stavebniny nikol\",\"publisher\":{\"@id\":\"https:\/\/stavebninynikol.cz\/#organization\"},\"potentialAction\":[{\"@type\":\"SearchAction\",\"target\":{\"@type\":\"EntryPoint\",\"urlTemplate\":\"https:\/\/stavebninynikol.cz\/?s={search_term_string}\"},\"query-input\":{\"@type\":\"PropertyValueSpecification\",\"valueRequired\":true,\"valueName\":\"search_term_string\"}}],\"inLanguage\":\"cs\"},{\"@type\":\"Organization\",\"@id\":\"https:\/\/stavebninynikol.cz\/#organization\",\"name\":\"StavebninyNikol\",\"url\":\"https:\/\/stavebninynikol.cz\/\",\"logo\":{\"@type\":\"ImageObject\",\"inLanguage\":\"cs\",\"@id\":\"https:\/\/stavebninynikol.cz\/#\/schema\/logo\/image\/\",\"url\":\"https:\/\/stavebninynikol.cz\/wp-content\/uploads\/2025\/07\/NIKOL_logo.eps-1-e1757927564347.webp\",\"contentUrl\":\"https:\/\/stavebninynikol.cz\/wp-content\/uploads\/2025\/07\/NIKOL_logo.eps-1-e1757927564347.webp\",\"width\":512,\"height\":132,\"caption\":\"StavebninyNikol\"},\"image\":{\"@id\":\"https:\/\/stavebninynikol.cz\/#\/schema\/logo\/image\/\"},\"sameAs\":[\"https:\/\/www.facebook.com\/profile.php?id=100057375402895&mibextid=wwXIfr&rdid=6fQOqALSBiK69Ovq&share_url=httpswww.facebook.comshare1AicpAHGFPmibextidwwXIfr\"]}]}<\/script>\n<!-- \/ Yoast SEO plugin. -->","yoast_head_json":{"title":"P\u00e1ska paropropustn\u00e1 Corotop BAND - StavebninyNikol","description":"P\u00e1ska paropropustn\u00e1 Corotop BAND StavebninyNikol","robots":{"index":"index","follow":"follow","max-snippet":"max-snippet:-1","max-image-preview":"max-image-preview:large","max-video-preview":"max-video-preview:-1"},"canonical":"https:\/\/stavebninynikol.cz\/index.php\/product\/paska-paropropustna-corotop-band\/","og_locale":"cs_CZ","og_type":"article","og_title":"P\u00e1ska paropropustn\u00e1 Corotop BAND - StavebninyNikol","og_description":"P\u00e1ska paropropustn\u00e1 Corotop BAND StavebninyNikol","og_url":"https:\/\/stavebninynikol.cz\/index.php\/product\/paska-paropropustna-corotop-band\/","og_site_name":"StavebninyNikol","article_publisher":"https:\/\/www.facebook.com\/profile.php?id=100057375402895&mibextid=wwXIfr&rdid=6fQOqALSBiK69Ovq&share_url=httpswww.facebook.comshare1AicpAHGFPmibextidwwXIfr","og_image":[{"width":2000,"height":2000,"url":"https:\/\/stavebninynikol.cz\/wp-content\/uploads\/2025\/10\/www_product_images_esh0001199_2000x2000-q100.webp","type":"image\/webp"}],"twitter_card":"summary_large_image","twitter_misc":{"Odhadovan\u00e1 doba \u010dten\u00ed":"1 minuta"},"schema":{"@context":"https:\/\/schema.org","@graph":[{"@type":"WebPage","@id":"https:\/\/stavebninynikol.cz\/index.php\/product\/paska-paropropustna-corotop-band\/","url":"https:\/\/stavebninynikol.cz\/index.php\/product\/paska-paropropustna-corotop-band\/","name":"P\u00e1ska paropropustn\u00e1 Corotop BAND - StavebninyNikol","isPartOf":{"@id":"https:\/\/stavebninynikol.cz\/#website"},"primaryImageOfPage":{"@id":"https:\/\/stavebninynikol.cz\/index.php\/product\/paska-paropropustna-corotop-band\/#primaryimage"},"image":{"@id":"https:\/\/stavebninynikol.cz\/index.php\/product\/paska-paropropustna-corotop-band\/#primaryimage"},"thumbnailUrl":"https:\/\/stavebninynikol.cz\/wp-content\/uploads\/2025\/10\/www_product_images_esh0001199_2000x2000-q100.webp","datePublished":"2025-10-02T13:30:34+00:00","description":"P\u00e1ska paropropustn\u00e1 Corotop BAND StavebninyNikol","breadcrumb":{"@id":"https:\/\/stavebninynikol.cz\/index.php\/product\/paska-paropropustna-corotop-band\/#breadcrumb"},"inLanguage":"cs","potentialAction":[{"@type":"ReadAction","target":["https:\/\/stavebninynikol.cz\/index.php\/product\/paska-paropropustna-corotop-band\/"]}]},{"@type":"ImageObject","inLanguage":"cs","@id":"https:\/\/stavebninynikol.cz\/index.php\/product\/paska-paropropustna-corotop-band\/#primaryimage","url":"https:\/\/stavebninynikol.cz\/wp-content\/uploads\/2025\/10\/www_product_images_esh0001199_2000x2000-q100.webp","contentUrl":"https:\/\/stavebninynikol.cz\/wp-content\/uploads\/2025\/10\/www_product_images_esh0001199_2000x2000-q100.webp","width":2000,"height":2000},{"@type":"BreadcrumbList","@id":"https:\/\/stavebninynikol.cz\/index.php\/product\/paska-paropropustna-corotop-band\/#breadcrumb","itemListElement":[{"@type":"ListItem","position":1,"name":"Dom\u016f","item":"https:\/\/stavebninynikol.cz\/"},{"@type":"ListItem","position":2,"name":"Take Your Adventure To The Next Level","item":"https:\/\/stavebninynikol.cz\/index.php\/shop\/"},{"@type":"ListItem","position":3,"name":"P\u00e1ska paropropustn\u00e1 Corotop BAND"}]},{"@type":"WebSite","@id":"https:\/\/stavebninynikol.cz\/#website","url":"https:\/\/stavebninynikol.cz\/","name":"StavebninyNikol","description":"stavebniny nikol","publisher":{"@id":"https:\/\/stavebninynikol.cz\/#organization"},"potentialAction":[{"@type":"SearchAction","target":{"@type":"EntryPoint","urlTemplate":"https:\/\/stavebninynikol.cz\/?s={search_term_string}"},"query-input":{"@type":"PropertyValueSpecification","valueRequired":true,"valueName":"search_term_string"}}],"inLanguage":"cs"},{"@type":"Organization","@id":"https:\/\/stavebninynikol.cz\/#organization","name":"StavebninyNikol","url":"https:\/\/stavebninynikol.cz\/","logo":{"@type":"ImageObject","inLanguage":"cs","@id":"https:\/\/stavebninynikol.cz\/#\/schema\/logo\/image\/","url":"https:\/\/stavebninynikol.cz\/wp-content\/uploads\/2025\/07\/NIKOL_logo.eps-1-e1757927564347.webp","contentUrl":"https:\/\/stavebninynikol.cz\/wp-content\/uploads\/2025\/07\/NIKOL_logo.eps-1-e1757927564347.webp","width":512,"height":132,"caption":"StavebninyNikol"},"image":{"@id":"https:\/\/stavebninynikol.cz\/#\/schema\/logo\/image\/"},"sameAs":["https:\/\/www.facebook.com\/profile.php?id=100057375402895&mibextid=wwXIfr&rdid=6fQOqALSBiK69Ovq&share_url=httpswww.facebook.comshare1AicpAHGFPmibextidwwXIfr"]}]}},"_links":{"self":[{"href":"https:\/\/stavebninynikol.cz\/index.php\/wp-json\/wp\/v2\/product\/2805","targetHints":{"allow":["GET"]}}],"collection":[{"href":"https:\/\/stavebninynikol.cz\/index.php\/wp-json\/wp\/v2\/product"}],"about":[{"href":"https:\/\/stavebninynikol.cz\/index.php\/wp-json\/wp\/v2\/types\/product"}],"replies":[{"embeddable":true,"href":"https:\/\/stavebninynikol.cz\/index.php\/wp-json\/wp\/v2\/comments?post=2805"}],"wp:featuredmedia":[{"embeddable":true,"href":"https:\/\/stavebninynikol.cz\/index.php\/wp-json\/wp\/v2\/media\/2806"}],"wp:attachment":[{"href":"https:\/\/stavebninynikol.cz\/index.php\/wp-json\/wp\/v2\/media?parent=2805"}],"wp:term":[{"taxonomy":"product_brand","embeddable":true,"href":"https:\/\/stavebninynikol.cz\/index.php\/wp-json\/wp\/v2\/product_brand?post=2805"},{"taxonomy":"product_cat","embeddable":true,"href":"https:\/\/stavebninynikol.cz\/index.php\/wp-json\/wp\/v2\/product_cat?post=2805"},{"taxonomy":"product_tag","embeddable":true,"href":"https:\/\/stavebninynikol.cz\/index.php\/wp-json\/wp\/v2\/product_tag?post=2805"}],"curies":[{"name":"wp","href":"https:\/\/api.w.org\/{rel}","templated":true}]}}