{"id":2816,"date":"2025-10-03T08:49:28","date_gmt":"2025-10-03T08:49:28","guid":{"rendered":"https:\/\/stavebninynikol.cz\/?post_type=product&#038;p=2816"},"modified":"2025-10-03T08:49:28","modified_gmt":"2025-10-03T08:49:28","slug":"pytel-na-odpad-70cm-x-120cm-modry-25-ks","status":"publish","type":"product","link":"https:\/\/stavebninynikol.cz\/index.php\/product\/pytel-na-odpad-70cm-x-120cm-modry-25-ks\/","title":{"rendered":"Pytel na odpad 70cm x 120cm modr\u00fd 25 ks"},"content":{"rendered":"","protected":false},"excerpt":{"rendered":"<p>PE pytel na od\u0159ezky PUR p\u011bn, polystyrenu, zbytk\u016f\u00a0izolac\u00ed apod. D\u00e1 se pou\u017e\u00edt pro dom\u00e1cnost i p\u0159i \u00fadr\u017eb\u011b\u00a0zahrady apod.<\/p>\n","protected":false},"featured_media":2817,"comment_status":"open","ping_status":"closed","template":"","meta":[],"product_brand":[],"product_cat":[398,406],"product_tag":[],"class_list":{"0":"post-2816","1":"product","2":"type-product","3":"status-publish","4":"has-post-thumbnail","6":"product_cat-lepici-pasky-folie-pytle","7":"product_cat-pytle-na-sut","9":"first","10":"instock","11":"shipping-taxable","12":"product-type-simple"},"yoast_head":"<!-- This site is optimized with the Yoast SEO plugin v26.9 - https:\/\/yoast.com\/product\/yoast-seo-wordpress\/ -->\n<title>Pytel na odpad 70cm x 120cm modr\u00fd 25 ks - StavebninyNikol<\/title>\n<meta name=\"description\" content=\"Pytel na odpad 70cm x 120cm modr\u00fd 25 ks StavebninyNikol\" \/>\n<meta name=\"robots\" content=\"index, follow, max-snippet:-1, max-image-preview:large, max-video-preview:-1\" \/>\n<link rel=\"canonical\" href=\"https:\/\/stavebninynikol.cz\/index.php\/product\/pytel-na-odpad-70cm-x-120cm-modry-25-ks\/\" \/>\n<meta property=\"og:locale\" content=\"cs_CZ\" \/>\n<meta property=\"og:type\" content=\"article\" \/>\n<meta property=\"og:title\" content=\"Pytel na odpad 70cm x 120cm modr\u00fd 25 ks - StavebninyNikol\" \/>\n<meta property=\"og:description\" content=\"Pytel na odpad 70cm x 120cm modr\u00fd 25 ks StavebninyNikol\" \/>\n<meta property=\"og:url\" content=\"https:\/\/stavebninynikol.cz\/index.php\/product\/pytel-na-odpad-70cm-x-120cm-modry-25-ks\/\" \/>\n<meta property=\"og:site_name\" content=\"StavebninyNikol\" \/>\n<meta property=\"article:publisher\" content=\"https:\/\/www.facebook.com\/profile.php?id=100057375402895&amp;mibextid=wwXIfr&amp;rdid=6fQOqALSBiK69Ovq&amp;share_url=httpswww.facebook.comshare1AicpAHGFPmibextidwwXIfr\" \/>\n<meta property=\"og:image\" content=\"https:\/\/stavebninynikol.cz\/wp-content\/uploads\/2025\/10\/vyr_307172-44u_pytel_na_odpad.jpg\" \/>\n\t<meta property=\"og:image:width\" content=\"800\" \/>\n\t<meta property=\"og:image:height\" content=\"800\" \/>\n\t<meta property=\"og:image:type\" content=\"image\/jpeg\" \/>\n<meta name=\"twitter:card\" content=\"summary_large_image\" \/>\n<meta name=\"twitter:label1\" content=\"Odhadovan\u00e1 doba \u010dten\u00ed\" \/>\n\t<meta name=\"twitter:data1\" content=\"1 minuta\" \/>\n<script type=\"application\/ld+json\" class=\"yoast-schema-graph\">{\"@context\":\"https:\/\/schema.org\",\"@graph\":[{\"@type\":\"WebPage\",\"@id\":\"https:\/\/stavebninynikol.cz\/index.php\/product\/pytel-na-odpad-70cm-x-120cm-modry-25-ks\/\",\"url\":\"https:\/\/stavebninynikol.cz\/index.php\/product\/pytel-na-odpad-70cm-x-120cm-modry-25-ks\/\",\"name\":\"Pytel na odpad 70cm x 120cm modr\u00fd 25 ks - StavebninyNikol\",\"isPartOf\":{\"@id\":\"https:\/\/stavebninynikol.cz\/#website\"},\"primaryImageOfPage\":{\"@id\":\"https:\/\/stavebninynikol.cz\/index.php\/product\/pytel-na-odpad-70cm-x-120cm-modry-25-ks\/#primaryimage\"},\"image\":{\"@id\":\"https:\/\/stavebninynikol.cz\/index.php\/product\/pytel-na-odpad-70cm-x-120cm-modry-25-ks\/#primaryimage\"},\"thumbnailUrl\":\"https:\/\/stavebninynikol.cz\/wp-content\/uploads\/2025\/10\/vyr_307172-44u_pytel_na_odpad.jpg\",\"datePublished\":\"2025-10-03T08:49:28+00:00\",\"description\":\"Pytel na odpad 70cm x 120cm modr\u00fd 25 ks StavebninyNikol\",\"breadcrumb\":{\"@id\":\"https:\/\/stavebninynikol.cz\/index.php\/product\/pytel-na-odpad-70cm-x-120cm-modry-25-ks\/#breadcrumb\"},\"inLanguage\":\"cs\",\"potentialAction\":[{\"@type\":\"ReadAction\",\"target\":[\"https:\/\/stavebninynikol.cz\/index.php\/product\/pytel-na-odpad-70cm-x-120cm-modry-25-ks\/\"]}]},{\"@type\":\"ImageObject\",\"inLanguage\":\"cs\",\"@id\":\"https:\/\/stavebninynikol.cz\/index.php\/product\/pytel-na-odpad-70cm-x-120cm-modry-25-ks\/#primaryimage\",\"url\":\"https:\/\/stavebninynikol.cz\/wp-content\/uploads\/2025\/10\/vyr_307172-44u_pytel_na_odpad.jpg\",\"contentUrl\":\"https:\/\/stavebninynikol.cz\/wp-content\/uploads\/2025\/10\/vyr_307172-44u_pytel_na_odpad.jpg\",\"width\":800,\"height\":800},{\"@type\":\"BreadcrumbList\",\"@id\":\"https:\/\/stavebninynikol.cz\/index.php\/product\/pytel-na-odpad-70cm-x-120cm-modry-25-ks\/#breadcrumb\",\"itemListElement\":[{\"@type\":\"ListItem\",\"position\":1,\"name\":\"Dom\u016f\",\"item\":\"https:\/\/stavebninynikol.cz\/\"},{\"@type\":\"ListItem\",\"position\":2,\"name\":\"Take Your Adventure To The Next Level\",\"item\":\"https:\/\/stavebninynikol.cz\/index.php\/shop\/\"},{\"@type\":\"ListItem\",\"position\":3,\"name\":\"Pytel na odpad 70cm x 120cm modr\u00fd 25 ks\"}]},{\"@type\":\"WebSite\",\"@id\":\"https:\/\/stavebninynikol.cz\/#website\",\"url\":\"https:\/\/stavebninynikol.cz\/\",\"name\":\"StavebninyNikol\",\"description\":\"stavebniny nikol\",\"publisher\":{\"@id\":\"https:\/\/stavebninynikol.cz\/#organization\"},\"potentialAction\":[{\"@type\":\"SearchAction\",\"target\":{\"@type\":\"EntryPoint\",\"urlTemplate\":\"https:\/\/stavebninynikol.cz\/?s={search_term_string}\"},\"query-input\":{\"@type\":\"PropertyValueSpecification\",\"valueRequired\":true,\"valueName\":\"search_term_string\"}}],\"inLanguage\":\"cs\"},{\"@type\":\"Organization\",\"@id\":\"https:\/\/stavebninynikol.cz\/#organization\",\"name\":\"StavebninyNikol\",\"url\":\"https:\/\/stavebninynikol.cz\/\",\"logo\":{\"@type\":\"ImageObject\",\"inLanguage\":\"cs\",\"@id\":\"https:\/\/stavebninynikol.cz\/#\/schema\/logo\/image\/\",\"url\":\"https:\/\/stavebninynikol.cz\/wp-content\/uploads\/2025\/07\/NIKOL_logo.eps-1-e1757927564347.webp\",\"contentUrl\":\"https:\/\/stavebninynikol.cz\/wp-content\/uploads\/2025\/07\/NIKOL_logo.eps-1-e1757927564347.webp\",\"width\":512,\"height\":132,\"caption\":\"StavebninyNikol\"},\"image\":{\"@id\":\"https:\/\/stavebninynikol.cz\/#\/schema\/logo\/image\/\"},\"sameAs\":[\"https:\/\/www.facebook.com\/profile.php?id=100057375402895&mibextid=wwXIfr&rdid=6fQOqALSBiK69Ovq&share_url=httpswww.facebook.comshare1AicpAHGFPmibextidwwXIfr\"]}]}<\/script>\n<!-- \/ Yoast SEO plugin. -->","yoast_head_json":{"title":"Pytel na odpad 70cm x 120cm modr\u00fd 25 ks - StavebninyNikol","description":"Pytel na odpad 70cm x 120cm modr\u00fd 25 ks StavebninyNikol","robots":{"index":"index","follow":"follow","max-snippet":"max-snippet:-1","max-image-preview":"max-image-preview:large","max-video-preview":"max-video-preview:-1"},"canonical":"https:\/\/stavebninynikol.cz\/index.php\/product\/pytel-na-odpad-70cm-x-120cm-modry-25-ks\/","og_locale":"cs_CZ","og_type":"article","og_title":"Pytel na odpad 70cm x 120cm modr\u00fd 25 ks - StavebninyNikol","og_description":"Pytel na odpad 70cm x 120cm modr\u00fd 25 ks StavebninyNikol","og_url":"https:\/\/stavebninynikol.cz\/index.php\/product\/pytel-na-odpad-70cm-x-120cm-modry-25-ks\/","og_site_name":"StavebninyNikol","article_publisher":"https:\/\/www.facebook.com\/profile.php?id=100057375402895&mibextid=wwXIfr&rdid=6fQOqALSBiK69Ovq&share_url=httpswww.facebook.comshare1AicpAHGFPmibextidwwXIfr","og_image":[{"width":800,"height":800,"url":"https:\/\/stavebninynikol.cz\/wp-content\/uploads\/2025\/10\/vyr_307172-44u_pytel_na_odpad.jpg","type":"image\/jpeg"}],"twitter_card":"summary_large_image","twitter_misc":{"Odhadovan\u00e1 doba \u010dten\u00ed":"1 minuta"},"schema":{"@context":"https:\/\/schema.org","@graph":[{"@type":"WebPage","@id":"https:\/\/stavebninynikol.cz\/index.php\/product\/pytel-na-odpad-70cm-x-120cm-modry-25-ks\/","url":"https:\/\/stavebninynikol.cz\/index.php\/product\/pytel-na-odpad-70cm-x-120cm-modry-25-ks\/","name":"Pytel na odpad 70cm x 120cm modr\u00fd 25 ks - StavebninyNikol","isPartOf":{"@id":"https:\/\/stavebninynikol.cz\/#website"},"primaryImageOfPage":{"@id":"https:\/\/stavebninynikol.cz\/index.php\/product\/pytel-na-odpad-70cm-x-120cm-modry-25-ks\/#primaryimage"},"image":{"@id":"https:\/\/stavebninynikol.cz\/index.php\/product\/pytel-na-odpad-70cm-x-120cm-modry-25-ks\/#primaryimage"},"thumbnailUrl":"https:\/\/stavebninynikol.cz\/wp-content\/uploads\/2025\/10\/vyr_307172-44u_pytel_na_odpad.jpg","datePublished":"2025-10-03T08:49:28+00:00","description":"Pytel na odpad 70cm x 120cm modr\u00fd 25 ks StavebninyNikol","breadcrumb":{"@id":"https:\/\/stavebninynikol.cz\/index.php\/product\/pytel-na-odpad-70cm-x-120cm-modry-25-ks\/#breadcrumb"},"inLanguage":"cs","potentialAction":[{"@type":"ReadAction","target":["https:\/\/stavebninynikol.cz\/index.php\/product\/pytel-na-odpad-70cm-x-120cm-modry-25-ks\/"]}]},{"@type":"ImageObject","inLanguage":"cs","@id":"https:\/\/stavebninynikol.cz\/index.php\/product\/pytel-na-odpad-70cm-x-120cm-modry-25-ks\/#primaryimage","url":"https:\/\/stavebninynikol.cz\/wp-content\/uploads\/2025\/10\/vyr_307172-44u_pytel_na_odpad.jpg","contentUrl":"https:\/\/stavebninynikol.cz\/wp-content\/uploads\/2025\/10\/vyr_307172-44u_pytel_na_odpad.jpg","width":800,"height":800},{"@type":"BreadcrumbList","@id":"https:\/\/stavebninynikol.cz\/index.php\/product\/pytel-na-odpad-70cm-x-120cm-modry-25-ks\/#breadcrumb","itemListElement":[{"@type":"ListItem","position":1,"name":"Dom\u016f","item":"https:\/\/stavebninynikol.cz\/"},{"@type":"ListItem","position":2,"name":"Take Your Adventure To The Next Level","item":"https:\/\/stavebninynikol.cz\/index.php\/shop\/"},{"@type":"ListItem","position":3,"name":"Pytel na odpad 70cm x 120cm modr\u00fd 25 ks"}]},{"@type":"WebSite","@id":"https:\/\/stavebninynikol.cz\/#website","url":"https:\/\/stavebninynikol.cz\/","name":"StavebninyNikol","description":"stavebniny nikol","publisher":{"@id":"https:\/\/stavebninynikol.cz\/#organization"},"potentialAction":[{"@type":"SearchAction","target":{"@type":"EntryPoint","urlTemplate":"https:\/\/stavebninynikol.cz\/?s={search_term_string}"},"query-input":{"@type":"PropertyValueSpecification","valueRequired":true,"valueName":"search_term_string"}}],"inLanguage":"cs"},{"@type":"Organization","@id":"https:\/\/stavebninynikol.cz\/#organization","name":"StavebninyNikol","url":"https:\/\/stavebninynikol.cz\/","logo":{"@type":"ImageObject","inLanguage":"cs","@id":"https:\/\/stavebninynikol.cz\/#\/schema\/logo\/image\/","url":"https:\/\/stavebninynikol.cz\/wp-content\/uploads\/2025\/07\/NIKOL_logo.eps-1-e1757927564347.webp","contentUrl":"https:\/\/stavebninynikol.cz\/wp-content\/uploads\/2025\/07\/NIKOL_logo.eps-1-e1757927564347.webp","width":512,"height":132,"caption":"StavebninyNikol"},"image":{"@id":"https:\/\/stavebninynikol.cz\/#\/schema\/logo\/image\/"},"sameAs":["https:\/\/www.facebook.com\/profile.php?id=100057375402895&mibextid=wwXIfr&rdid=6fQOqALSBiK69Ovq&share_url=httpswww.facebook.comshare1AicpAHGFPmibextidwwXIfr"]}]}},"_links":{"self":[{"href":"https:\/\/stavebninynikol.cz\/index.php\/wp-json\/wp\/v2\/product\/2816","targetHints":{"allow":["GET"]}}],"collection":[{"href":"https:\/\/stavebninynikol.cz\/index.php\/wp-json\/wp\/v2\/product"}],"about":[{"href":"https:\/\/stavebninynikol.cz\/index.php\/wp-json\/wp\/v2\/types\/product"}],"replies":[{"embeddable":true,"href":"https:\/\/stavebninynikol.cz\/index.php\/wp-json\/wp\/v2\/comments?post=2816"}],"wp:featuredmedia":[{"embeddable":true,"href":"https:\/\/stavebninynikol.cz\/index.php\/wp-json\/wp\/v2\/media\/2817"}],"wp:attachment":[{"href":"https:\/\/stavebninynikol.cz\/index.php\/wp-json\/wp\/v2\/media?parent=2816"}],"wp:term":[{"taxonomy":"product_brand","embeddable":true,"href":"https:\/\/stavebninynikol.cz\/index.php\/wp-json\/wp\/v2\/product_brand?post=2816"},{"taxonomy":"product_cat","embeddable":true,"href":"https:\/\/stavebninynikol.cz\/index.php\/wp-json\/wp\/v2\/product_cat?post=2816"},{"taxonomy":"product_tag","embeddable":true,"href":"https:\/\/stavebninynikol.cz\/index.php\/wp-json\/wp\/v2\/product_tag?post=2816"}],"curies":[{"name":"wp","href":"https:\/\/api.w.org\/{rel}","templated":true}]}}