{"id":2844,"date":"2025-10-03T12:30:26","date_gmt":"2025-10-03T12:30:26","guid":{"rendered":"https:\/\/stavebninynikol.cz\/?post_type=product&#038;p=2844"},"modified":"2025-10-03T12:30:26","modified_gmt":"2025-10-03T12:30:26","slug":"pasky-vazaci-250x4-8mm-50ks-bila","status":"publish","type":"product","link":"https:\/\/stavebninynikol.cz\/index.php\/product\/pasky-vazaci-250x4-8mm-50ks-bila\/","title":{"rendered":"P\u00e1sky v\u00e1zac\u00ed 250&#215;4.8mm 50ks b\u00edl\u00e1"},"content":{"rendered":"","protected":false},"excerpt":{"rendered":"<div class=\"row\">\n<div class=\"col-12 col-lg-8 margin-top-1\">\n<div class=\"product__description\">\n<ul>\n<li type=\"square\">p\u00e1ska nylonov\u00e1 v\u00e1zac\u00ed &#8211; stahovac\u00ed<\/li>\n<li type=\"square\">p\u00e1sky spl\u0148uj\u00ed normu EN 50146 (Kabelov\u00e9 v\u00e1zac\u00ed spony pro elektrick\u00e9 instalace)<\/li>\n<li type=\"square\">minim\u00e1ln\u00ed pracovn\u00ed teplota 0\u00b0C, teplotn\u00ed rozsah -40 a\u017e 85 \u00b0C, UV stabiln\u00ed<\/li>\n<li type=\"square\">pevnost v tahu 22 kg, pr\u016fm\u011br sta\u017een\u00ed od 5 a\u017e do 65 mm<\/li>\n<\/ul>\n<\/div>\n<\/div>\n<\/div>\n<div class=\"row margin-bottom-3\">\n<div class=\"col-12\">\n<div class=\"detail-another-products js-slider-group pos-r\">\n<div class=\"d-flex align-items-center justify-content-center h--margin-0 txt-c h--black margin-bottom-1\">\n<div class=\"swiper-arrow-group--side-line\">\n<div class=\"swiper-arrow swiper-arrow-prev js-swiper-arrow-prev swiper-button-disabled\" tabindex=\"0\" role=\"button\" aria-label=\"Previous slide\" aria-disabled=\"true\">\n<div class=\"swiper-arrow-content\"><\/div>\n<\/div>\n<\/div>\n<\/div>\n<\/div>\n<\/div>\n<\/div>\n","protected":false},"featured_media":2845,"comment_status":"open","ping_status":"closed","template":"","meta":[],"product_brand":[],"product_cat":[398,408],"product_tag":[],"class_list":{"0":"post-2844","1":"product","2":"type-product","3":"status-publish","4":"has-post-thumbnail","6":"product_cat-lepici-pasky-folie-pytle","7":"product_cat-stahovaci-pasky","9":"first","10":"instock","11":"shipping-taxable","12":"product-type-simple"},"yoast_head":"<!-- This site is optimized with the Yoast SEO plugin v26.9 - https:\/\/yoast.com\/product\/yoast-seo-wordpress\/ -->\n<title>P\u00e1sky v\u00e1zac\u00ed 250x4.8mm 50ks b\u00edl\u00e1 - StavebninyNikol<\/title>\n<meta name=\"description\" content=\"P\u00e1sky v\u00e1zac\u00ed 250x4.8mm 50ks b\u00edl\u00e1 StavebninyNikol\" \/>\n<meta name=\"robots\" content=\"index, follow, max-snippet:-1, max-image-preview:large, max-video-preview:-1\" \/>\n<link rel=\"canonical\" href=\"https:\/\/stavebninynikol.cz\/index.php\/product\/pasky-vazaci-250x4-8mm-50ks-bila\/\" \/>\n<meta property=\"og:locale\" content=\"cs_CZ\" \/>\n<meta property=\"og:type\" content=\"article\" \/>\n<meta property=\"og:title\" content=\"P\u00e1sky v\u00e1zac\u00ed 250x4.8mm 50ks b\u00edl\u00e1 - StavebninyNikol\" \/>\n<meta property=\"og:description\" content=\"P\u00e1sky v\u00e1zac\u00ed 250x4.8mm 50ks b\u00edl\u00e1 StavebninyNikol\" \/>\n<meta property=\"og:url\" content=\"https:\/\/stavebninynikol.cz\/index.php\/product\/pasky-vazaci-250x4-8mm-50ks-bila\/\" \/>\n<meta property=\"og:site_name\" content=\"StavebninyNikol\" \/>\n<meta property=\"article:publisher\" content=\"https:\/\/www.facebook.com\/profile.php?id=100057375402895&amp;mibextid=wwXIfr&amp;rdid=6fQOqALSBiK69Ovq&amp;share_url=httpswww.facebook.comshare1AicpAHGFPmibextidwwXIfr\" \/>\n<meta property=\"og:image\" content=\"https:\/\/stavebninynikol.cz\/wp-content\/uploads\/2025\/10\/250-1.jpg\" \/>\n\t<meta property=\"og:image:width\" content=\"800\" \/>\n\t<meta property=\"og:image:height\" content=\"534\" \/>\n\t<meta property=\"og:image:type\" content=\"image\/jpeg\" \/>\n<meta name=\"twitter:card\" content=\"summary_large_image\" \/>\n<meta name=\"twitter:label1\" content=\"Odhadovan\u00e1 doba \u010dten\u00ed\" \/>\n\t<meta name=\"twitter:data1\" content=\"1 minuta\" \/>\n<script type=\"application\/ld+json\" class=\"yoast-schema-graph\">{\"@context\":\"https:\/\/schema.org\",\"@graph\":[{\"@type\":\"WebPage\",\"@id\":\"https:\/\/stavebninynikol.cz\/index.php\/product\/pasky-vazaci-250x4-8mm-50ks-bila\/\",\"url\":\"https:\/\/stavebninynikol.cz\/index.php\/product\/pasky-vazaci-250x4-8mm-50ks-bila\/\",\"name\":\"P\u00e1sky v\u00e1zac\u00ed 250x4.8mm 50ks b\u00edl\u00e1 - StavebninyNikol\",\"isPartOf\":{\"@id\":\"https:\/\/stavebninynikol.cz\/#website\"},\"primaryImageOfPage\":{\"@id\":\"https:\/\/stavebninynikol.cz\/index.php\/product\/pasky-vazaci-250x4-8mm-50ks-bila\/#primaryimage\"},\"image\":{\"@id\":\"https:\/\/stavebninynikol.cz\/index.php\/product\/pasky-vazaci-250x4-8mm-50ks-bila\/#primaryimage\"},\"thumbnailUrl\":\"https:\/\/stavebninynikol.cz\/wp-content\/uploads\/2025\/10\/250-1.jpg\",\"datePublished\":\"2025-10-03T12:30:26+00:00\",\"description\":\"P\u00e1sky v\u00e1zac\u00ed 250x4.8mm 50ks b\u00edl\u00e1 StavebninyNikol\",\"breadcrumb\":{\"@id\":\"https:\/\/stavebninynikol.cz\/index.php\/product\/pasky-vazaci-250x4-8mm-50ks-bila\/#breadcrumb\"},\"inLanguage\":\"cs\",\"potentialAction\":[{\"@type\":\"ReadAction\",\"target\":[\"https:\/\/stavebninynikol.cz\/index.php\/product\/pasky-vazaci-250x4-8mm-50ks-bila\/\"]}]},{\"@type\":\"ImageObject\",\"inLanguage\":\"cs\",\"@id\":\"https:\/\/stavebninynikol.cz\/index.php\/product\/pasky-vazaci-250x4-8mm-50ks-bila\/#primaryimage\",\"url\":\"https:\/\/stavebninynikol.cz\/wp-content\/uploads\/2025\/10\/250-1.jpg\",\"contentUrl\":\"https:\/\/stavebninynikol.cz\/wp-content\/uploads\/2025\/10\/250-1.jpg\",\"width\":800,\"height\":534},{\"@type\":\"BreadcrumbList\",\"@id\":\"https:\/\/stavebninynikol.cz\/index.php\/product\/pasky-vazaci-250x4-8mm-50ks-bila\/#breadcrumb\",\"itemListElement\":[{\"@type\":\"ListItem\",\"position\":1,\"name\":\"Dom\u016f\",\"item\":\"https:\/\/stavebninynikol.cz\/\"},{\"@type\":\"ListItem\",\"position\":2,\"name\":\"Take Your Adventure To The Next Level\",\"item\":\"https:\/\/stavebninynikol.cz\/index.php\/shop\/\"},{\"@type\":\"ListItem\",\"position\":3,\"name\":\"P\u00e1sky v\u00e1zac\u00ed 250&#215;4.8mm 50ks b\u00edl\u00e1\"}]},{\"@type\":\"WebSite\",\"@id\":\"https:\/\/stavebninynikol.cz\/#website\",\"url\":\"https:\/\/stavebninynikol.cz\/\",\"name\":\"StavebninyNikol\",\"description\":\"stavebniny nikol\",\"publisher\":{\"@id\":\"https:\/\/stavebninynikol.cz\/#organization\"},\"potentialAction\":[{\"@type\":\"SearchAction\",\"target\":{\"@type\":\"EntryPoint\",\"urlTemplate\":\"https:\/\/stavebninynikol.cz\/?s={search_term_string}\"},\"query-input\":{\"@type\":\"PropertyValueSpecification\",\"valueRequired\":true,\"valueName\":\"search_term_string\"}}],\"inLanguage\":\"cs\"},{\"@type\":\"Organization\",\"@id\":\"https:\/\/stavebninynikol.cz\/#organization\",\"name\":\"StavebninyNikol\",\"url\":\"https:\/\/stavebninynikol.cz\/\",\"logo\":{\"@type\":\"ImageObject\",\"inLanguage\":\"cs\",\"@id\":\"https:\/\/stavebninynikol.cz\/#\/schema\/logo\/image\/\",\"url\":\"https:\/\/stavebninynikol.cz\/wp-content\/uploads\/2025\/07\/NIKOL_logo.eps-1-e1757927564347.webp\",\"contentUrl\":\"https:\/\/stavebninynikol.cz\/wp-content\/uploads\/2025\/07\/NIKOL_logo.eps-1-e1757927564347.webp\",\"width\":512,\"height\":132,\"caption\":\"StavebninyNikol\"},\"image\":{\"@id\":\"https:\/\/stavebninynikol.cz\/#\/schema\/logo\/image\/\"},\"sameAs\":[\"https:\/\/www.facebook.com\/profile.php?id=100057375402895&mibextid=wwXIfr&rdid=6fQOqALSBiK69Ovq&share_url=httpswww.facebook.comshare1AicpAHGFPmibextidwwXIfr\"]}]}<\/script>\n<!-- \/ Yoast SEO plugin. -->","yoast_head_json":{"title":"P\u00e1sky v\u00e1zac\u00ed 250x4.8mm 50ks b\u00edl\u00e1 - StavebninyNikol","description":"P\u00e1sky v\u00e1zac\u00ed 250x4.8mm 50ks b\u00edl\u00e1 StavebninyNikol","robots":{"index":"index","follow":"follow","max-snippet":"max-snippet:-1","max-image-preview":"max-image-preview:large","max-video-preview":"max-video-preview:-1"},"canonical":"https:\/\/stavebninynikol.cz\/index.php\/product\/pasky-vazaci-250x4-8mm-50ks-bila\/","og_locale":"cs_CZ","og_type":"article","og_title":"P\u00e1sky v\u00e1zac\u00ed 250x4.8mm 50ks b\u00edl\u00e1 - StavebninyNikol","og_description":"P\u00e1sky v\u00e1zac\u00ed 250x4.8mm 50ks b\u00edl\u00e1 StavebninyNikol","og_url":"https:\/\/stavebninynikol.cz\/index.php\/product\/pasky-vazaci-250x4-8mm-50ks-bila\/","og_site_name":"StavebninyNikol","article_publisher":"https:\/\/www.facebook.com\/profile.php?id=100057375402895&mibextid=wwXIfr&rdid=6fQOqALSBiK69Ovq&share_url=httpswww.facebook.comshare1AicpAHGFPmibextidwwXIfr","og_image":[{"width":800,"height":534,"url":"https:\/\/stavebninynikol.cz\/wp-content\/uploads\/2025\/10\/250-1.jpg","type":"image\/jpeg"}],"twitter_card":"summary_large_image","twitter_misc":{"Odhadovan\u00e1 doba \u010dten\u00ed":"1 minuta"},"schema":{"@context":"https:\/\/schema.org","@graph":[{"@type":"WebPage","@id":"https:\/\/stavebninynikol.cz\/index.php\/product\/pasky-vazaci-250x4-8mm-50ks-bila\/","url":"https:\/\/stavebninynikol.cz\/index.php\/product\/pasky-vazaci-250x4-8mm-50ks-bila\/","name":"P\u00e1sky v\u00e1zac\u00ed 250x4.8mm 50ks b\u00edl\u00e1 - StavebninyNikol","isPartOf":{"@id":"https:\/\/stavebninynikol.cz\/#website"},"primaryImageOfPage":{"@id":"https:\/\/stavebninynikol.cz\/index.php\/product\/pasky-vazaci-250x4-8mm-50ks-bila\/#primaryimage"},"image":{"@id":"https:\/\/stavebninynikol.cz\/index.php\/product\/pasky-vazaci-250x4-8mm-50ks-bila\/#primaryimage"},"thumbnailUrl":"https:\/\/stavebninynikol.cz\/wp-content\/uploads\/2025\/10\/250-1.jpg","datePublished":"2025-10-03T12:30:26+00:00","description":"P\u00e1sky v\u00e1zac\u00ed 250x4.8mm 50ks b\u00edl\u00e1 StavebninyNikol","breadcrumb":{"@id":"https:\/\/stavebninynikol.cz\/index.php\/product\/pasky-vazaci-250x4-8mm-50ks-bila\/#breadcrumb"},"inLanguage":"cs","potentialAction":[{"@type":"ReadAction","target":["https:\/\/stavebninynikol.cz\/index.php\/product\/pasky-vazaci-250x4-8mm-50ks-bila\/"]}]},{"@type":"ImageObject","inLanguage":"cs","@id":"https:\/\/stavebninynikol.cz\/index.php\/product\/pasky-vazaci-250x4-8mm-50ks-bila\/#primaryimage","url":"https:\/\/stavebninynikol.cz\/wp-content\/uploads\/2025\/10\/250-1.jpg","contentUrl":"https:\/\/stavebninynikol.cz\/wp-content\/uploads\/2025\/10\/250-1.jpg","width":800,"height":534},{"@type":"BreadcrumbList","@id":"https:\/\/stavebninynikol.cz\/index.php\/product\/pasky-vazaci-250x4-8mm-50ks-bila\/#breadcrumb","itemListElement":[{"@type":"ListItem","position":1,"name":"Dom\u016f","item":"https:\/\/stavebninynikol.cz\/"},{"@type":"ListItem","position":2,"name":"Take Your Adventure To The Next Level","item":"https:\/\/stavebninynikol.cz\/index.php\/shop\/"},{"@type":"ListItem","position":3,"name":"P\u00e1sky v\u00e1zac\u00ed 250&#215;4.8mm 50ks b\u00edl\u00e1"}]},{"@type":"WebSite","@id":"https:\/\/stavebninynikol.cz\/#website","url":"https:\/\/stavebninynikol.cz\/","name":"StavebninyNikol","description":"stavebniny nikol","publisher":{"@id":"https:\/\/stavebninynikol.cz\/#organization"},"potentialAction":[{"@type":"SearchAction","target":{"@type":"EntryPoint","urlTemplate":"https:\/\/stavebninynikol.cz\/?s={search_term_string}"},"query-input":{"@type":"PropertyValueSpecification","valueRequired":true,"valueName":"search_term_string"}}],"inLanguage":"cs"},{"@type":"Organization","@id":"https:\/\/stavebninynikol.cz\/#organization","name":"StavebninyNikol","url":"https:\/\/stavebninynikol.cz\/","logo":{"@type":"ImageObject","inLanguage":"cs","@id":"https:\/\/stavebninynikol.cz\/#\/schema\/logo\/image\/","url":"https:\/\/stavebninynikol.cz\/wp-content\/uploads\/2025\/07\/NIKOL_logo.eps-1-e1757927564347.webp","contentUrl":"https:\/\/stavebninynikol.cz\/wp-content\/uploads\/2025\/07\/NIKOL_logo.eps-1-e1757927564347.webp","width":512,"height":132,"caption":"StavebninyNikol"},"image":{"@id":"https:\/\/stavebninynikol.cz\/#\/schema\/logo\/image\/"},"sameAs":["https:\/\/www.facebook.com\/profile.php?id=100057375402895&mibextid=wwXIfr&rdid=6fQOqALSBiK69Ovq&share_url=httpswww.facebook.comshare1AicpAHGFPmibextidwwXIfr"]}]}},"_links":{"self":[{"href":"https:\/\/stavebninynikol.cz\/index.php\/wp-json\/wp\/v2\/product\/2844","targetHints":{"allow":["GET"]}}],"collection":[{"href":"https:\/\/stavebninynikol.cz\/index.php\/wp-json\/wp\/v2\/product"}],"about":[{"href":"https:\/\/stavebninynikol.cz\/index.php\/wp-json\/wp\/v2\/types\/product"}],"replies":[{"embeddable":true,"href":"https:\/\/stavebninynikol.cz\/index.php\/wp-json\/wp\/v2\/comments?post=2844"}],"wp:featuredmedia":[{"embeddable":true,"href":"https:\/\/stavebninynikol.cz\/index.php\/wp-json\/wp\/v2\/media\/2845"}],"wp:attachment":[{"href":"https:\/\/stavebninynikol.cz\/index.php\/wp-json\/wp\/v2\/media?parent=2844"}],"wp:term":[{"taxonomy":"product_brand","embeddable":true,"href":"https:\/\/stavebninynikol.cz\/index.php\/wp-json\/wp\/v2\/product_brand?post=2844"},{"taxonomy":"product_cat","embeddable":true,"href":"https:\/\/stavebninynikol.cz\/index.php\/wp-json\/wp\/v2\/product_cat?post=2844"},{"taxonomy":"product_tag","embeddable":true,"href":"https:\/\/stavebninynikol.cz\/index.php\/wp-json\/wp\/v2\/product_tag?post=2844"}],"curies":[{"name":"wp","href":"https:\/\/api.w.org\/{rel}","templated":true}]}}