{"id":2863,"date":"2025-10-06T06:51:24","date_gmt":"2025-10-06T06:51:24","guid":{"rendered":"https:\/\/stavebninynikol.cz\/?post_type=product&#038;p=2863"},"modified":"2025-10-06T06:51:24","modified_gmt":"2025-10-06T06:51:24","slug":"denbit-aluband-plus-stresni-bitumenovy-pas","status":"publish","type":"product","link":"https:\/\/stavebninynikol.cz\/index.php\/product\/denbit-aluband-plus-stresni-bitumenovy-pas\/","title":{"rendered":"DenBit Aluband PLUS \u2013 St\u0159e\u0161n\u00ed bitumenov\u00fd p\u00e1s"},"content":{"rendered":"","protected":false},"excerpt":{"rendered":"<p>Pro lemov\u00e1n\u00ed n\u00e1ro\u017e\u00ed a \u00fa\u017elab\u00ed plechov\u00fdch st\u0159ech. Lemov\u00e1n\u00ed p\u0159echodu lepenkov\u00e9 hydroizolace a atiky, vyztu\u017een\u00ed rohov\u00fdch \u010d\u00e1st\u00ed hydroizolac\u00ed proti mechanick\u00e9mu po\u0161kozen\u00ed, opravy po\u0161kozen\u00fdch oplechov\u00e1n\u00ed a \u017elab\u016f \u2013 r\u00fdn z d\u016fvodu koroze. D\u00e1le pro ut\u011bs\u0148ov\u00e1n\u00ed d\u011bl\u00edc\u00edch prvk\u016f okenn\u00edch ploch, lemov\u00e1n\u00ed oplechov\u00e1n\u00ed kom\u00edn\u016f, ochrana izolace sv\u011btl\u00edk\u016f, lemov\u00e1n\u00ed okraj\u016f trap\u00e9zov\u00fdch plech\u016f u skladov\u00fdch hal, podklad k prosklen\u00fdm konstrukc\u00edm. Tepeln\u00e1 odolnost p\u00e1sky -20 \u00b0C a\u017e +70 \u00b0C. Aplikovat p\u00e1sku je mo\u017en\u00e9 v rozsahu +5 \u00b0C a\u017e +35 \u00b0C.<\/p>\n","protected":false},"featured_media":2864,"comment_status":"open","ping_status":"closed","template":"","meta":[],"product_brand":[],"product_cat":[398,403],"product_tag":[],"class_list":{"0":"post-2863","1":"product","2":"type-product","3":"status-publish","4":"has-post-thumbnail","6":"product_cat-lepici-pasky-folie-pytle","7":"product_cat-stresni-pasky","9":"first","10":"instock","11":"shipping-taxable","12":"product-type-simple"},"yoast_head":"<!-- This site is optimized with the Yoast SEO plugin v26.9 - https:\/\/yoast.com\/product\/yoast-seo-wordpress\/ -->\n<title>DenBit Aluband PLUS \u2013 St\u0159e\u0161n\u00ed bitumenov\u00fd p\u00e1s - StavebninyNikol<\/title>\n<meta name=\"description\" content=\"DenBit Aluband PLUS \u2013 St\u0159e\u0161n\u00ed bitumenov\u00fd p\u00e1s StavebninyNikol\" \/>\n<meta name=\"robots\" content=\"index, follow, max-snippet:-1, max-image-preview:large, max-video-preview:-1\" \/>\n<link rel=\"canonical\" href=\"https:\/\/stavebninynikol.cz\/index.php\/product\/denbit-aluband-plus-stresni-bitumenovy-pas\/\" \/>\n<meta property=\"og:locale\" content=\"cs_CZ\" \/>\n<meta property=\"og:type\" content=\"article\" \/>\n<meta property=\"og:title\" content=\"DenBit Aluband PLUS \u2013 St\u0159e\u0161n\u00ed bitumenov\u00fd p\u00e1s - StavebninyNikol\" \/>\n<meta property=\"og:description\" content=\"DenBit Aluband PLUS \u2013 St\u0159e\u0161n\u00ed bitumenov\u00fd p\u00e1s StavebninyNikol\" \/>\n<meta property=\"og:url\" content=\"https:\/\/stavebninynikol.cz\/index.php\/product\/denbit-aluband-plus-stresni-bitumenovy-pas\/\" \/>\n<meta property=\"og:site_name\" content=\"StavebninyNikol\" \/>\n<meta property=\"article:publisher\" content=\"https:\/\/www.facebook.com\/profile.php?id=100057375402895&amp;mibextid=wwXIfr&amp;rdid=6fQOqALSBiK69Ovq&amp;share_url=httpswww.facebook.comshare1AicpAHGFPmibextidwwXIfr\" \/>\n<meta property=\"og:image\" content=\"https:\/\/stavebninynikol.cz\/wp-content\/uploads\/2025\/10\/stresni_bitumenovy_pas_denbit_aluband_plus_2023_web.webp\" \/>\n\t<meta property=\"og:image:width\" content=\"600\" \/>\n\t<meta property=\"og:image:height\" content=\"600\" \/>\n\t<meta property=\"og:image:type\" content=\"image\/webp\" \/>\n<meta name=\"twitter:card\" content=\"summary_large_image\" \/>\n<meta name=\"twitter:label1\" content=\"Odhadovan\u00e1 doba \u010dten\u00ed\" \/>\n\t<meta name=\"twitter:data1\" content=\"1 minuta\" \/>\n<script type=\"application\/ld+json\" class=\"yoast-schema-graph\">{\"@context\":\"https:\/\/schema.org\",\"@graph\":[{\"@type\":\"WebPage\",\"@id\":\"https:\/\/stavebninynikol.cz\/index.php\/product\/denbit-aluband-plus-stresni-bitumenovy-pas\/\",\"url\":\"https:\/\/stavebninynikol.cz\/index.php\/product\/denbit-aluband-plus-stresni-bitumenovy-pas\/\",\"name\":\"DenBit Aluband PLUS \u2013 St\u0159e\u0161n\u00ed bitumenov\u00fd p\u00e1s - StavebninyNikol\",\"isPartOf\":{\"@id\":\"https:\/\/stavebninynikol.cz\/#website\"},\"primaryImageOfPage\":{\"@id\":\"https:\/\/stavebninynikol.cz\/index.php\/product\/denbit-aluband-plus-stresni-bitumenovy-pas\/#primaryimage\"},\"image\":{\"@id\":\"https:\/\/stavebninynikol.cz\/index.php\/product\/denbit-aluband-plus-stresni-bitumenovy-pas\/#primaryimage\"},\"thumbnailUrl\":\"https:\/\/stavebninynikol.cz\/wp-content\/uploads\/2025\/10\/stresni_bitumenovy_pas_denbit_aluband_plus_2023_web.webp\",\"datePublished\":\"2025-10-06T06:51:24+00:00\",\"description\":\"DenBit Aluband PLUS \u2013 St\u0159e\u0161n\u00ed bitumenov\u00fd p\u00e1s StavebninyNikol\",\"breadcrumb\":{\"@id\":\"https:\/\/stavebninynikol.cz\/index.php\/product\/denbit-aluband-plus-stresni-bitumenovy-pas\/#breadcrumb\"},\"inLanguage\":\"cs\",\"potentialAction\":[{\"@type\":\"ReadAction\",\"target\":[\"https:\/\/stavebninynikol.cz\/index.php\/product\/denbit-aluband-plus-stresni-bitumenovy-pas\/\"]}]},{\"@type\":\"ImageObject\",\"inLanguage\":\"cs\",\"@id\":\"https:\/\/stavebninynikol.cz\/index.php\/product\/denbit-aluband-plus-stresni-bitumenovy-pas\/#primaryimage\",\"url\":\"https:\/\/stavebninynikol.cz\/wp-content\/uploads\/2025\/10\/stresni_bitumenovy_pas_denbit_aluband_plus_2023_web.webp\",\"contentUrl\":\"https:\/\/stavebninynikol.cz\/wp-content\/uploads\/2025\/10\/stresni_bitumenovy_pas_denbit_aluband_plus_2023_web.webp\",\"width\":600,\"height\":600},{\"@type\":\"BreadcrumbList\",\"@id\":\"https:\/\/stavebninynikol.cz\/index.php\/product\/denbit-aluband-plus-stresni-bitumenovy-pas\/#breadcrumb\",\"itemListElement\":[{\"@type\":\"ListItem\",\"position\":1,\"name\":\"Dom\u016f\",\"item\":\"https:\/\/stavebninynikol.cz\/\"},{\"@type\":\"ListItem\",\"position\":2,\"name\":\"Take Your Adventure To The Next Level\",\"item\":\"https:\/\/stavebninynikol.cz\/index.php\/shop\/\"},{\"@type\":\"ListItem\",\"position\":3,\"name\":\"DenBit Aluband PLUS \u2013 St\u0159e\u0161n\u00ed bitumenov\u00fd p\u00e1s\"}]},{\"@type\":\"WebSite\",\"@id\":\"https:\/\/stavebninynikol.cz\/#website\",\"url\":\"https:\/\/stavebninynikol.cz\/\",\"name\":\"StavebninyNikol\",\"description\":\"stavebniny nikol\",\"publisher\":{\"@id\":\"https:\/\/stavebninynikol.cz\/#organization\"},\"potentialAction\":[{\"@type\":\"SearchAction\",\"target\":{\"@type\":\"EntryPoint\",\"urlTemplate\":\"https:\/\/stavebninynikol.cz\/?s={search_term_string}\"},\"query-input\":{\"@type\":\"PropertyValueSpecification\",\"valueRequired\":true,\"valueName\":\"search_term_string\"}}],\"inLanguage\":\"cs\"},{\"@type\":\"Organization\",\"@id\":\"https:\/\/stavebninynikol.cz\/#organization\",\"name\":\"StavebninyNikol\",\"url\":\"https:\/\/stavebninynikol.cz\/\",\"logo\":{\"@type\":\"ImageObject\",\"inLanguage\":\"cs\",\"@id\":\"https:\/\/stavebninynikol.cz\/#\/schema\/logo\/image\/\",\"url\":\"https:\/\/stavebninynikol.cz\/wp-content\/uploads\/2025\/07\/NIKOL_logo.eps-1-e1757927564347.webp\",\"contentUrl\":\"https:\/\/stavebninynikol.cz\/wp-content\/uploads\/2025\/07\/NIKOL_logo.eps-1-e1757927564347.webp\",\"width\":512,\"height\":132,\"caption\":\"StavebninyNikol\"},\"image\":{\"@id\":\"https:\/\/stavebninynikol.cz\/#\/schema\/logo\/image\/\"},\"sameAs\":[\"https:\/\/www.facebook.com\/profile.php?id=100057375402895&mibextid=wwXIfr&rdid=6fQOqALSBiK69Ovq&share_url=httpswww.facebook.comshare1AicpAHGFPmibextidwwXIfr\"]}]}<\/script>\n<!-- \/ Yoast SEO plugin. -->","yoast_head_json":{"title":"DenBit Aluband PLUS \u2013 St\u0159e\u0161n\u00ed bitumenov\u00fd p\u00e1s - StavebninyNikol","description":"DenBit Aluband PLUS \u2013 St\u0159e\u0161n\u00ed bitumenov\u00fd p\u00e1s StavebninyNikol","robots":{"index":"index","follow":"follow","max-snippet":"max-snippet:-1","max-image-preview":"max-image-preview:large","max-video-preview":"max-video-preview:-1"},"canonical":"https:\/\/stavebninynikol.cz\/index.php\/product\/denbit-aluband-plus-stresni-bitumenovy-pas\/","og_locale":"cs_CZ","og_type":"article","og_title":"DenBit Aluband PLUS \u2013 St\u0159e\u0161n\u00ed bitumenov\u00fd p\u00e1s - StavebninyNikol","og_description":"DenBit Aluband PLUS \u2013 St\u0159e\u0161n\u00ed bitumenov\u00fd p\u00e1s StavebninyNikol","og_url":"https:\/\/stavebninynikol.cz\/index.php\/product\/denbit-aluband-plus-stresni-bitumenovy-pas\/","og_site_name":"StavebninyNikol","article_publisher":"https:\/\/www.facebook.com\/profile.php?id=100057375402895&mibextid=wwXIfr&rdid=6fQOqALSBiK69Ovq&share_url=httpswww.facebook.comshare1AicpAHGFPmibextidwwXIfr","og_image":[{"width":600,"height":600,"url":"https:\/\/stavebninynikol.cz\/wp-content\/uploads\/2025\/10\/stresni_bitumenovy_pas_denbit_aluband_plus_2023_web.webp","type":"image\/webp"}],"twitter_card":"summary_large_image","twitter_misc":{"Odhadovan\u00e1 doba \u010dten\u00ed":"1 minuta"},"schema":{"@context":"https:\/\/schema.org","@graph":[{"@type":"WebPage","@id":"https:\/\/stavebninynikol.cz\/index.php\/product\/denbit-aluband-plus-stresni-bitumenovy-pas\/","url":"https:\/\/stavebninynikol.cz\/index.php\/product\/denbit-aluband-plus-stresni-bitumenovy-pas\/","name":"DenBit Aluband PLUS \u2013 St\u0159e\u0161n\u00ed bitumenov\u00fd p\u00e1s - StavebninyNikol","isPartOf":{"@id":"https:\/\/stavebninynikol.cz\/#website"},"primaryImageOfPage":{"@id":"https:\/\/stavebninynikol.cz\/index.php\/product\/denbit-aluband-plus-stresni-bitumenovy-pas\/#primaryimage"},"image":{"@id":"https:\/\/stavebninynikol.cz\/index.php\/product\/denbit-aluband-plus-stresni-bitumenovy-pas\/#primaryimage"},"thumbnailUrl":"https:\/\/stavebninynikol.cz\/wp-content\/uploads\/2025\/10\/stresni_bitumenovy_pas_denbit_aluband_plus_2023_web.webp","datePublished":"2025-10-06T06:51:24+00:00","description":"DenBit Aluband PLUS \u2013 St\u0159e\u0161n\u00ed bitumenov\u00fd p\u00e1s StavebninyNikol","breadcrumb":{"@id":"https:\/\/stavebninynikol.cz\/index.php\/product\/denbit-aluband-plus-stresni-bitumenovy-pas\/#breadcrumb"},"inLanguage":"cs","potentialAction":[{"@type":"ReadAction","target":["https:\/\/stavebninynikol.cz\/index.php\/product\/denbit-aluband-plus-stresni-bitumenovy-pas\/"]}]},{"@type":"ImageObject","inLanguage":"cs","@id":"https:\/\/stavebninynikol.cz\/index.php\/product\/denbit-aluband-plus-stresni-bitumenovy-pas\/#primaryimage","url":"https:\/\/stavebninynikol.cz\/wp-content\/uploads\/2025\/10\/stresni_bitumenovy_pas_denbit_aluband_plus_2023_web.webp","contentUrl":"https:\/\/stavebninynikol.cz\/wp-content\/uploads\/2025\/10\/stresni_bitumenovy_pas_denbit_aluband_plus_2023_web.webp","width":600,"height":600},{"@type":"BreadcrumbList","@id":"https:\/\/stavebninynikol.cz\/index.php\/product\/denbit-aluband-plus-stresni-bitumenovy-pas\/#breadcrumb","itemListElement":[{"@type":"ListItem","position":1,"name":"Dom\u016f","item":"https:\/\/stavebninynikol.cz\/"},{"@type":"ListItem","position":2,"name":"Take Your Adventure To The Next Level","item":"https:\/\/stavebninynikol.cz\/index.php\/shop\/"},{"@type":"ListItem","position":3,"name":"DenBit Aluband PLUS \u2013 St\u0159e\u0161n\u00ed bitumenov\u00fd p\u00e1s"}]},{"@type":"WebSite","@id":"https:\/\/stavebninynikol.cz\/#website","url":"https:\/\/stavebninynikol.cz\/","name":"StavebninyNikol","description":"stavebniny nikol","publisher":{"@id":"https:\/\/stavebninynikol.cz\/#organization"},"potentialAction":[{"@type":"SearchAction","target":{"@type":"EntryPoint","urlTemplate":"https:\/\/stavebninynikol.cz\/?s={search_term_string}"},"query-input":{"@type":"PropertyValueSpecification","valueRequired":true,"valueName":"search_term_string"}}],"inLanguage":"cs"},{"@type":"Organization","@id":"https:\/\/stavebninynikol.cz\/#organization","name":"StavebninyNikol","url":"https:\/\/stavebninynikol.cz\/","logo":{"@type":"ImageObject","inLanguage":"cs","@id":"https:\/\/stavebninynikol.cz\/#\/schema\/logo\/image\/","url":"https:\/\/stavebninynikol.cz\/wp-content\/uploads\/2025\/07\/NIKOL_logo.eps-1-e1757927564347.webp","contentUrl":"https:\/\/stavebninynikol.cz\/wp-content\/uploads\/2025\/07\/NIKOL_logo.eps-1-e1757927564347.webp","width":512,"height":132,"caption":"StavebninyNikol"},"image":{"@id":"https:\/\/stavebninynikol.cz\/#\/schema\/logo\/image\/"},"sameAs":["https:\/\/www.facebook.com\/profile.php?id=100057375402895&mibextid=wwXIfr&rdid=6fQOqALSBiK69Ovq&share_url=httpswww.facebook.comshare1AicpAHGFPmibextidwwXIfr"]}]}},"_links":{"self":[{"href":"https:\/\/stavebninynikol.cz\/index.php\/wp-json\/wp\/v2\/product\/2863","targetHints":{"allow":["GET"]}}],"collection":[{"href":"https:\/\/stavebninynikol.cz\/index.php\/wp-json\/wp\/v2\/product"}],"about":[{"href":"https:\/\/stavebninynikol.cz\/index.php\/wp-json\/wp\/v2\/types\/product"}],"replies":[{"embeddable":true,"href":"https:\/\/stavebninynikol.cz\/index.php\/wp-json\/wp\/v2\/comments?post=2863"}],"wp:featuredmedia":[{"embeddable":true,"href":"https:\/\/stavebninynikol.cz\/index.php\/wp-json\/wp\/v2\/media\/2864"}],"wp:attachment":[{"href":"https:\/\/stavebninynikol.cz\/index.php\/wp-json\/wp\/v2\/media?parent=2863"}],"wp:term":[{"taxonomy":"product_brand","embeddable":true,"href":"https:\/\/stavebninynikol.cz\/index.php\/wp-json\/wp\/v2\/product_brand?post=2863"},{"taxonomy":"product_cat","embeddable":true,"href":"https:\/\/stavebninynikol.cz\/index.php\/wp-json\/wp\/v2\/product_cat?post=2863"},{"taxonomy":"product_tag","embeddable":true,"href":"https:\/\/stavebninynikol.cz\/index.php\/wp-json\/wp\/v2\/product_tag?post=2863"}],"curies":[{"name":"wp","href":"https:\/\/api.w.org\/{rel}","templated":true}]}}