{"id":3007,"date":"2025-10-14T10:57:14","date_gmt":"2025-10-14T10:57:14","guid":{"rendered":"https:\/\/stavebninynikol.cz\/?post_type=product&#038;p=3007"},"modified":"2025-10-14T10:57:14","modified_gmt":"2025-10-14T10:57:14","slug":"folie-do-dveri-se-zipem-1-2x2-2m-maskovaci-paska-westberg","status":"publish","type":"product","link":"https:\/\/stavebninynikol.cz\/index.php\/product\/folie-do-dveri-se-zipem-1-2x2-2m-maskovaci-paska-westberg\/","title":{"rendered":"Folie do dve\u0159\u00ed se zipem 1.2&#215;2.2m, maskovac\u00ed p\u00e1ska WESTBERG"},"content":{"rendered":"","protected":false},"excerpt":{"rendered":"<p>Velice \u00fa\u010dinn\u00e1 a praktick\u00e1 uz\u00e1v\u011bra, vyhnete se zne\u010di\u0161t\u011bn\u00ed p\u0159ilehl\u00fdch m\u00edstnost\u00ed. Rozm\u011br f\u00f3lie 120 cm x 220 cm. Dod\u00e1v\u00e1na se zipem a samolepic\u00ed p\u00e1skou 45 mm x 25m. Opakovan\u011b pou\u017eiteln\u00e1. Snadn\u00e1 mont\u00e1\u017e. Omyvateln\u00e1.<\/p>\n","protected":false},"featured_media":3008,"comment_status":"open","ping_status":"closed","template":"","meta":[],"product_brand":[],"product_cat":[421,413],"product_tag":[],"class_list":{"0":"post-3007","1":"product","2":"type-product","3":"status-publish","4":"has-post-thumbnail","6":"product_cat-kryci-folie-pasky-kbeliky-drzaky","7":"product_cat-malirske-potreby","9":"first","10":"instock","11":"shipping-taxable","12":"product-type-simple"},"yoast_head":"<!-- This site is optimized with the Yoast SEO plugin v26.9 - https:\/\/yoast.com\/product\/yoast-seo-wordpress\/ -->\n<title>Folie do dve\u0159\u00ed se zipem 1.2x2.2m, maskovac\u00ed p\u00e1ska WESTBERG - StavebninyNikol<\/title>\n<meta name=\"description\" content=\"Folie do dve\u0159\u00ed se zipem 1.2x2.2m, maskovac\u00ed p\u00e1ska WESTBERG StavebninyNikol\" \/>\n<meta name=\"robots\" content=\"index, follow, max-snippet:-1, max-image-preview:large, max-video-preview:-1\" \/>\n<link rel=\"canonical\" href=\"https:\/\/stavebninynikol.cz\/index.php\/product\/folie-do-dveri-se-zipem-1-2x2-2m-maskovaci-paska-westberg\/\" \/>\n<meta property=\"og:locale\" content=\"cs_CZ\" \/>\n<meta property=\"og:type\" content=\"article\" \/>\n<meta property=\"og:title\" content=\"Folie do dve\u0159\u00ed se zipem 1.2x2.2m, maskovac\u00ed p\u00e1ska WESTBERG - StavebninyNikol\" \/>\n<meta property=\"og:description\" content=\"Folie do dve\u0159\u00ed se zipem 1.2x2.2m, maskovac\u00ed p\u00e1ska WESTBERG StavebninyNikol\" \/>\n<meta property=\"og:url\" content=\"https:\/\/stavebninynikol.cz\/index.php\/product\/folie-do-dveri-se-zipem-1-2x2-2m-maskovaci-paska-westberg\/\" \/>\n<meta property=\"og:site_name\" content=\"StavebninyNikol\" \/>\n<meta property=\"article:publisher\" content=\"https:\/\/www.facebook.com\/profile.php?id=100057375402895&amp;mibextid=wwXIfr&amp;rdid=6fQOqALSBiK69Ovq&amp;share_url=httpswww.facebook.comshare1AicpAHGFPmibextidwwXIfr\" \/>\n<meta property=\"og:image\" content=\"https:\/\/stavebninynikol.cz\/wp-content\/uploads\/2025\/10\/37248.jpg\" \/>\n\t<meta property=\"og:image:width\" content=\"800\" \/>\n\t<meta property=\"og:image:height\" content=\"534\" \/>\n\t<meta property=\"og:image:type\" content=\"image\/jpeg\" \/>\n<meta name=\"twitter:card\" content=\"summary_large_image\" \/>\n<meta name=\"twitter:label1\" content=\"Odhadovan\u00e1 doba \u010dten\u00ed\" \/>\n\t<meta name=\"twitter:data1\" content=\"1 minuta\" \/>\n<script type=\"application\/ld+json\" class=\"yoast-schema-graph\">{\"@context\":\"https:\/\/schema.org\",\"@graph\":[{\"@type\":\"WebPage\",\"@id\":\"https:\/\/stavebninynikol.cz\/index.php\/product\/folie-do-dveri-se-zipem-1-2x2-2m-maskovaci-paska-westberg\/\",\"url\":\"https:\/\/stavebninynikol.cz\/index.php\/product\/folie-do-dveri-se-zipem-1-2x2-2m-maskovaci-paska-westberg\/\",\"name\":\"Folie do dve\u0159\u00ed se zipem 1.2x2.2m, maskovac\u00ed p\u00e1ska WESTBERG - StavebninyNikol\",\"isPartOf\":{\"@id\":\"https:\/\/stavebninynikol.cz\/#website\"},\"primaryImageOfPage\":{\"@id\":\"https:\/\/stavebninynikol.cz\/index.php\/product\/folie-do-dveri-se-zipem-1-2x2-2m-maskovaci-paska-westberg\/#primaryimage\"},\"image\":{\"@id\":\"https:\/\/stavebninynikol.cz\/index.php\/product\/folie-do-dveri-se-zipem-1-2x2-2m-maskovaci-paska-westberg\/#primaryimage\"},\"thumbnailUrl\":\"https:\/\/stavebninynikol.cz\/wp-content\/uploads\/2025\/10\/37248.jpg\",\"datePublished\":\"2025-10-14T10:57:14+00:00\",\"description\":\"Folie do dve\u0159\u00ed se zipem 1.2x2.2m, maskovac\u00ed p\u00e1ska WESTBERG StavebninyNikol\",\"breadcrumb\":{\"@id\":\"https:\/\/stavebninynikol.cz\/index.php\/product\/folie-do-dveri-se-zipem-1-2x2-2m-maskovaci-paska-westberg\/#breadcrumb\"},\"inLanguage\":\"cs\",\"potentialAction\":[{\"@type\":\"ReadAction\",\"target\":[\"https:\/\/stavebninynikol.cz\/index.php\/product\/folie-do-dveri-se-zipem-1-2x2-2m-maskovaci-paska-westberg\/\"]}]},{\"@type\":\"ImageObject\",\"inLanguage\":\"cs\",\"@id\":\"https:\/\/stavebninynikol.cz\/index.php\/product\/folie-do-dveri-se-zipem-1-2x2-2m-maskovaci-paska-westberg\/#primaryimage\",\"url\":\"https:\/\/stavebninynikol.cz\/wp-content\/uploads\/2025\/10\/37248.jpg\",\"contentUrl\":\"https:\/\/stavebninynikol.cz\/wp-content\/uploads\/2025\/10\/37248.jpg\",\"width\":800,\"height\":534},{\"@type\":\"BreadcrumbList\",\"@id\":\"https:\/\/stavebninynikol.cz\/index.php\/product\/folie-do-dveri-se-zipem-1-2x2-2m-maskovaci-paska-westberg\/#breadcrumb\",\"itemListElement\":[{\"@type\":\"ListItem\",\"position\":1,\"name\":\"Dom\u016f\",\"item\":\"https:\/\/stavebninynikol.cz\/\"},{\"@type\":\"ListItem\",\"position\":2,\"name\":\"Take Your Adventure To The Next Level\",\"item\":\"https:\/\/stavebninynikol.cz\/index.php\/shop\/\"},{\"@type\":\"ListItem\",\"position\":3,\"name\":\"Folie do dve\u0159\u00ed se zipem 1.2&#215;2.2m, maskovac\u00ed p\u00e1ska WESTBERG\"}]},{\"@type\":\"WebSite\",\"@id\":\"https:\/\/stavebninynikol.cz\/#website\",\"url\":\"https:\/\/stavebninynikol.cz\/\",\"name\":\"StavebninyNikol\",\"description\":\"stavebniny nikol\",\"publisher\":{\"@id\":\"https:\/\/stavebninynikol.cz\/#organization\"},\"potentialAction\":[{\"@type\":\"SearchAction\",\"target\":{\"@type\":\"EntryPoint\",\"urlTemplate\":\"https:\/\/stavebninynikol.cz\/?s={search_term_string}\"},\"query-input\":{\"@type\":\"PropertyValueSpecification\",\"valueRequired\":true,\"valueName\":\"search_term_string\"}}],\"inLanguage\":\"cs\"},{\"@type\":\"Organization\",\"@id\":\"https:\/\/stavebninynikol.cz\/#organization\",\"name\":\"StavebninyNikol\",\"url\":\"https:\/\/stavebninynikol.cz\/\",\"logo\":{\"@type\":\"ImageObject\",\"inLanguage\":\"cs\",\"@id\":\"https:\/\/stavebninynikol.cz\/#\/schema\/logo\/image\/\",\"url\":\"https:\/\/stavebninynikol.cz\/wp-content\/uploads\/2025\/07\/NIKOL_logo.eps-1-e1757927564347.webp\",\"contentUrl\":\"https:\/\/stavebninynikol.cz\/wp-content\/uploads\/2025\/07\/NIKOL_logo.eps-1-e1757927564347.webp\",\"width\":512,\"height\":132,\"caption\":\"StavebninyNikol\"},\"image\":{\"@id\":\"https:\/\/stavebninynikol.cz\/#\/schema\/logo\/image\/\"},\"sameAs\":[\"https:\/\/www.facebook.com\/profile.php?id=100057375402895&mibextid=wwXIfr&rdid=6fQOqALSBiK69Ovq&share_url=httpswww.facebook.comshare1AicpAHGFPmibextidwwXIfr\"]}]}<\/script>\n<!-- \/ Yoast SEO plugin. -->","yoast_head_json":{"title":"Folie do dve\u0159\u00ed se zipem 1.2x2.2m, maskovac\u00ed p\u00e1ska WESTBERG - StavebninyNikol","description":"Folie do dve\u0159\u00ed se zipem 1.2x2.2m, maskovac\u00ed p\u00e1ska WESTBERG StavebninyNikol","robots":{"index":"index","follow":"follow","max-snippet":"max-snippet:-1","max-image-preview":"max-image-preview:large","max-video-preview":"max-video-preview:-1"},"canonical":"https:\/\/stavebninynikol.cz\/index.php\/product\/folie-do-dveri-se-zipem-1-2x2-2m-maskovaci-paska-westberg\/","og_locale":"cs_CZ","og_type":"article","og_title":"Folie do dve\u0159\u00ed se zipem 1.2x2.2m, maskovac\u00ed p\u00e1ska WESTBERG - StavebninyNikol","og_description":"Folie do dve\u0159\u00ed se zipem 1.2x2.2m, maskovac\u00ed p\u00e1ska WESTBERG StavebninyNikol","og_url":"https:\/\/stavebninynikol.cz\/index.php\/product\/folie-do-dveri-se-zipem-1-2x2-2m-maskovaci-paska-westberg\/","og_site_name":"StavebninyNikol","article_publisher":"https:\/\/www.facebook.com\/profile.php?id=100057375402895&mibextid=wwXIfr&rdid=6fQOqALSBiK69Ovq&share_url=httpswww.facebook.comshare1AicpAHGFPmibextidwwXIfr","og_image":[{"width":800,"height":534,"url":"https:\/\/stavebninynikol.cz\/wp-content\/uploads\/2025\/10\/37248.jpg","type":"image\/jpeg"}],"twitter_card":"summary_large_image","twitter_misc":{"Odhadovan\u00e1 doba \u010dten\u00ed":"1 minuta"},"schema":{"@context":"https:\/\/schema.org","@graph":[{"@type":"WebPage","@id":"https:\/\/stavebninynikol.cz\/index.php\/product\/folie-do-dveri-se-zipem-1-2x2-2m-maskovaci-paska-westberg\/","url":"https:\/\/stavebninynikol.cz\/index.php\/product\/folie-do-dveri-se-zipem-1-2x2-2m-maskovaci-paska-westberg\/","name":"Folie do dve\u0159\u00ed se zipem 1.2x2.2m, maskovac\u00ed p\u00e1ska WESTBERG - StavebninyNikol","isPartOf":{"@id":"https:\/\/stavebninynikol.cz\/#website"},"primaryImageOfPage":{"@id":"https:\/\/stavebninynikol.cz\/index.php\/product\/folie-do-dveri-se-zipem-1-2x2-2m-maskovaci-paska-westberg\/#primaryimage"},"image":{"@id":"https:\/\/stavebninynikol.cz\/index.php\/product\/folie-do-dveri-se-zipem-1-2x2-2m-maskovaci-paska-westberg\/#primaryimage"},"thumbnailUrl":"https:\/\/stavebninynikol.cz\/wp-content\/uploads\/2025\/10\/37248.jpg","datePublished":"2025-10-14T10:57:14+00:00","description":"Folie do dve\u0159\u00ed se zipem 1.2x2.2m, maskovac\u00ed p\u00e1ska WESTBERG StavebninyNikol","breadcrumb":{"@id":"https:\/\/stavebninynikol.cz\/index.php\/product\/folie-do-dveri-se-zipem-1-2x2-2m-maskovaci-paska-westberg\/#breadcrumb"},"inLanguage":"cs","potentialAction":[{"@type":"ReadAction","target":["https:\/\/stavebninynikol.cz\/index.php\/product\/folie-do-dveri-se-zipem-1-2x2-2m-maskovaci-paska-westberg\/"]}]},{"@type":"ImageObject","inLanguage":"cs","@id":"https:\/\/stavebninynikol.cz\/index.php\/product\/folie-do-dveri-se-zipem-1-2x2-2m-maskovaci-paska-westberg\/#primaryimage","url":"https:\/\/stavebninynikol.cz\/wp-content\/uploads\/2025\/10\/37248.jpg","contentUrl":"https:\/\/stavebninynikol.cz\/wp-content\/uploads\/2025\/10\/37248.jpg","width":800,"height":534},{"@type":"BreadcrumbList","@id":"https:\/\/stavebninynikol.cz\/index.php\/product\/folie-do-dveri-se-zipem-1-2x2-2m-maskovaci-paska-westberg\/#breadcrumb","itemListElement":[{"@type":"ListItem","position":1,"name":"Dom\u016f","item":"https:\/\/stavebninynikol.cz\/"},{"@type":"ListItem","position":2,"name":"Take Your Adventure To The Next Level","item":"https:\/\/stavebninynikol.cz\/index.php\/shop\/"},{"@type":"ListItem","position":3,"name":"Folie do dve\u0159\u00ed se zipem 1.2&#215;2.2m, maskovac\u00ed p\u00e1ska WESTBERG"}]},{"@type":"WebSite","@id":"https:\/\/stavebninynikol.cz\/#website","url":"https:\/\/stavebninynikol.cz\/","name":"StavebninyNikol","description":"stavebniny nikol","publisher":{"@id":"https:\/\/stavebninynikol.cz\/#organization"},"potentialAction":[{"@type":"SearchAction","target":{"@type":"EntryPoint","urlTemplate":"https:\/\/stavebninynikol.cz\/?s={search_term_string}"},"query-input":{"@type":"PropertyValueSpecification","valueRequired":true,"valueName":"search_term_string"}}],"inLanguage":"cs"},{"@type":"Organization","@id":"https:\/\/stavebninynikol.cz\/#organization","name":"StavebninyNikol","url":"https:\/\/stavebninynikol.cz\/","logo":{"@type":"ImageObject","inLanguage":"cs","@id":"https:\/\/stavebninynikol.cz\/#\/schema\/logo\/image\/","url":"https:\/\/stavebninynikol.cz\/wp-content\/uploads\/2025\/07\/NIKOL_logo.eps-1-e1757927564347.webp","contentUrl":"https:\/\/stavebninynikol.cz\/wp-content\/uploads\/2025\/07\/NIKOL_logo.eps-1-e1757927564347.webp","width":512,"height":132,"caption":"StavebninyNikol"},"image":{"@id":"https:\/\/stavebninynikol.cz\/#\/schema\/logo\/image\/"},"sameAs":["https:\/\/www.facebook.com\/profile.php?id=100057375402895&mibextid=wwXIfr&rdid=6fQOqALSBiK69Ovq&share_url=httpswww.facebook.comshare1AicpAHGFPmibextidwwXIfr"]}]}},"_links":{"self":[{"href":"https:\/\/stavebninynikol.cz\/index.php\/wp-json\/wp\/v2\/product\/3007","targetHints":{"allow":["GET"]}}],"collection":[{"href":"https:\/\/stavebninynikol.cz\/index.php\/wp-json\/wp\/v2\/product"}],"about":[{"href":"https:\/\/stavebninynikol.cz\/index.php\/wp-json\/wp\/v2\/types\/product"}],"replies":[{"embeddable":true,"href":"https:\/\/stavebninynikol.cz\/index.php\/wp-json\/wp\/v2\/comments?post=3007"}],"wp:featuredmedia":[{"embeddable":true,"href":"https:\/\/stavebninynikol.cz\/index.php\/wp-json\/wp\/v2\/media\/3008"}],"wp:attachment":[{"href":"https:\/\/stavebninynikol.cz\/index.php\/wp-json\/wp\/v2\/media?parent=3007"}],"wp:term":[{"taxonomy":"product_brand","embeddable":true,"href":"https:\/\/stavebninynikol.cz\/index.php\/wp-json\/wp\/v2\/product_brand?post=3007"},{"taxonomy":"product_cat","embeddable":true,"href":"https:\/\/stavebninynikol.cz\/index.php\/wp-json\/wp\/v2\/product_cat?post=3007"},{"taxonomy":"product_tag","embeddable":true,"href":"https:\/\/stavebninynikol.cz\/index.php\/wp-json\/wp\/v2\/product_tag?post=3007"}],"curies":[{"name":"wp","href":"https:\/\/api.w.org\/{rel}","templated":true}]}}