{"id":3047,"date":"2025-10-14T12:16:07","date_gmt":"2025-10-14T12:16:07","guid":{"rendered":"https:\/\/stavebninynikol.cz\/?post_type=product&#038;p=3047"},"modified":"2025-10-14T12:16:07","modified_gmt":"2025-10-14T12:16:07","slug":"metr-svinovaci-johnney-kds-5m","status":"publish","type":"product","link":"https:\/\/stavebninynikol.cz\/index.php\/product\/metr-svinovaci-johnney-kds-5m\/","title":{"rendered":"Metr svinovac\u00ed JOHNNEY KDS 5m"},"content":{"rendered":"","protected":false},"excerpt":{"rendered":"<ul>\n<li type=\"square\">kvalitn\u00ed svinovac\u00ed metr s kalenou p\u00e1skou<\/li>\n<li type=\"square\">EEC certifik\u00e1t &#8211; metr vhodn\u00fd ke kalibraci<\/li>\n<li type=\"square\">dob\u0159e \u010diteln\u00e1 stupnice s lakovou ochranou\u00a0matn\u00e1 \u00faprava &#8211; proti odlesk\u016fm, voln\u011b ulo\u017een\u00e1 zar\u00e1\u017eka pro vnit\u0159n\u00ed i vn\u011bj\u0161\u00ed m\u011b\u0159en\u00ed<\/li>\n<li type=\"square\">t\u011blo metru z odoln\u00e9ho ABS plastu, doraz p\u00e1sky z m\u011bk\u010den\u00e9 gumy, klip na opasek<\/li>\n<\/ul>\n","protected":false},"featured_media":3048,"comment_status":"open","ping_status":"closed","template":"","meta":[],"product_brand":[],"product_cat":[424,425],"product_tag":[],"class_list":{"0":"post-3047","1":"product","2":"type-product","3":"status-publish","4":"has-post-thumbnail","6":"product_cat-rucni-stavebni-naradi-a-prislusenstvi","7":"product_cat-svinovaci-metry-pasma","9":"first","10":"instock","11":"shipping-taxable","12":"product-type-simple"},"yoast_head":"<!-- This site is optimized with the Yoast SEO plugin v26.9 - https:\/\/yoast.com\/product\/yoast-seo-wordpress\/ -->\n<title>Metr svinovac\u00ed JOHNNEY KDS 5m - StavebninyNikol<\/title>\n<meta name=\"description\" content=\"Metr svinovac\u00ed JOHNNEY KDS 5m StavebninyNikol\" \/>\n<meta name=\"robots\" content=\"index, follow, max-snippet:-1, max-image-preview:large, max-video-preview:-1\" \/>\n<link rel=\"canonical\" href=\"https:\/\/stavebninynikol.cz\/index.php\/product\/metr-svinovaci-johnney-kds-5m\/\" \/>\n<meta property=\"og:locale\" content=\"cs_CZ\" \/>\n<meta property=\"og:type\" content=\"article\" \/>\n<meta property=\"og:title\" content=\"Metr svinovac\u00ed JOHNNEY KDS 5m - StavebninyNikol\" \/>\n<meta property=\"og:description\" content=\"Metr svinovac\u00ed JOHNNEY KDS 5m StavebninyNikol\" \/>\n<meta property=\"og:url\" content=\"https:\/\/stavebninynikol.cz\/index.php\/product\/metr-svinovaci-johnney-kds-5m\/\" \/>\n<meta property=\"og:site_name\" content=\"StavebninyNikol\" \/>\n<meta property=\"article:publisher\" content=\"https:\/\/www.facebook.com\/profile.php?id=100057375402895&amp;mibextid=wwXIfr&amp;rdid=6fQOqALSBiK69Ovq&amp;share_url=httpswww.facebook.comshare1AicpAHGFPmibextidwwXIfr\" \/>\n<meta property=\"og:image\" content=\"https:\/\/stavebninynikol.cz\/wp-content\/uploads\/2025\/10\/11006.jpg\" \/>\n\t<meta property=\"og:image:width\" content=\"800\" \/>\n\t<meta property=\"og:image:height\" content=\"533\" \/>\n\t<meta property=\"og:image:type\" content=\"image\/jpeg\" \/>\n<meta name=\"twitter:card\" content=\"summary_large_image\" \/>\n<meta name=\"twitter:label1\" content=\"Odhadovan\u00e1 doba \u010dten\u00ed\" \/>\n\t<meta name=\"twitter:data1\" content=\"1 minuta\" \/>\n<script type=\"application\/ld+json\" class=\"yoast-schema-graph\">{\"@context\":\"https:\/\/schema.org\",\"@graph\":[{\"@type\":\"WebPage\",\"@id\":\"https:\/\/stavebninynikol.cz\/index.php\/product\/metr-svinovaci-johnney-kds-5m\/\",\"url\":\"https:\/\/stavebninynikol.cz\/index.php\/product\/metr-svinovaci-johnney-kds-5m\/\",\"name\":\"Metr svinovac\u00ed JOHNNEY KDS 5m - StavebninyNikol\",\"isPartOf\":{\"@id\":\"https:\/\/stavebninynikol.cz\/#website\"},\"primaryImageOfPage\":{\"@id\":\"https:\/\/stavebninynikol.cz\/index.php\/product\/metr-svinovaci-johnney-kds-5m\/#primaryimage\"},\"image\":{\"@id\":\"https:\/\/stavebninynikol.cz\/index.php\/product\/metr-svinovaci-johnney-kds-5m\/#primaryimage\"},\"thumbnailUrl\":\"https:\/\/stavebninynikol.cz\/wp-content\/uploads\/2025\/10\/11006.jpg\",\"datePublished\":\"2025-10-14T12:16:07+00:00\",\"description\":\"Metr svinovac\u00ed JOHNNEY KDS 5m StavebninyNikol\",\"breadcrumb\":{\"@id\":\"https:\/\/stavebninynikol.cz\/index.php\/product\/metr-svinovaci-johnney-kds-5m\/#breadcrumb\"},\"inLanguage\":\"cs\",\"potentialAction\":[{\"@type\":\"ReadAction\",\"target\":[\"https:\/\/stavebninynikol.cz\/index.php\/product\/metr-svinovaci-johnney-kds-5m\/\"]}]},{\"@type\":\"ImageObject\",\"inLanguage\":\"cs\",\"@id\":\"https:\/\/stavebninynikol.cz\/index.php\/product\/metr-svinovaci-johnney-kds-5m\/#primaryimage\",\"url\":\"https:\/\/stavebninynikol.cz\/wp-content\/uploads\/2025\/10\/11006.jpg\",\"contentUrl\":\"https:\/\/stavebninynikol.cz\/wp-content\/uploads\/2025\/10\/11006.jpg\",\"width\":800,\"height\":533},{\"@type\":\"BreadcrumbList\",\"@id\":\"https:\/\/stavebninynikol.cz\/index.php\/product\/metr-svinovaci-johnney-kds-5m\/#breadcrumb\",\"itemListElement\":[{\"@type\":\"ListItem\",\"position\":1,\"name\":\"Dom\u016f\",\"item\":\"https:\/\/stavebninynikol.cz\/\"},{\"@type\":\"ListItem\",\"position\":2,\"name\":\"Take Your Adventure To The Next Level\",\"item\":\"https:\/\/stavebninynikol.cz\/index.php\/shop\/\"},{\"@type\":\"ListItem\",\"position\":3,\"name\":\"Metr svinovac\u00ed JOHNNEY KDS 5m\"}]},{\"@type\":\"WebSite\",\"@id\":\"https:\/\/stavebninynikol.cz\/#website\",\"url\":\"https:\/\/stavebninynikol.cz\/\",\"name\":\"StavebninyNikol\",\"description\":\"stavebniny nikol\",\"publisher\":{\"@id\":\"https:\/\/stavebninynikol.cz\/#organization\"},\"potentialAction\":[{\"@type\":\"SearchAction\",\"target\":{\"@type\":\"EntryPoint\",\"urlTemplate\":\"https:\/\/stavebninynikol.cz\/?s={search_term_string}\"},\"query-input\":{\"@type\":\"PropertyValueSpecification\",\"valueRequired\":true,\"valueName\":\"search_term_string\"}}],\"inLanguage\":\"cs\"},{\"@type\":\"Organization\",\"@id\":\"https:\/\/stavebninynikol.cz\/#organization\",\"name\":\"StavebninyNikol\",\"url\":\"https:\/\/stavebninynikol.cz\/\",\"logo\":{\"@type\":\"ImageObject\",\"inLanguage\":\"cs\",\"@id\":\"https:\/\/stavebninynikol.cz\/#\/schema\/logo\/image\/\",\"url\":\"https:\/\/stavebninynikol.cz\/wp-content\/uploads\/2025\/07\/NIKOL_logo.eps-1-e1757927564347.webp\",\"contentUrl\":\"https:\/\/stavebninynikol.cz\/wp-content\/uploads\/2025\/07\/NIKOL_logo.eps-1-e1757927564347.webp\",\"width\":512,\"height\":132,\"caption\":\"StavebninyNikol\"},\"image\":{\"@id\":\"https:\/\/stavebninynikol.cz\/#\/schema\/logo\/image\/\"},\"sameAs\":[\"https:\/\/www.facebook.com\/profile.php?id=100057375402895&mibextid=wwXIfr&rdid=6fQOqALSBiK69Ovq&share_url=httpswww.facebook.comshare1AicpAHGFPmibextidwwXIfr\"]}]}<\/script>\n<!-- \/ Yoast SEO plugin. -->","yoast_head_json":{"title":"Metr svinovac\u00ed JOHNNEY KDS 5m - StavebninyNikol","description":"Metr svinovac\u00ed JOHNNEY KDS 5m StavebninyNikol","robots":{"index":"index","follow":"follow","max-snippet":"max-snippet:-1","max-image-preview":"max-image-preview:large","max-video-preview":"max-video-preview:-1"},"canonical":"https:\/\/stavebninynikol.cz\/index.php\/product\/metr-svinovaci-johnney-kds-5m\/","og_locale":"cs_CZ","og_type":"article","og_title":"Metr svinovac\u00ed JOHNNEY KDS 5m - StavebninyNikol","og_description":"Metr svinovac\u00ed JOHNNEY KDS 5m StavebninyNikol","og_url":"https:\/\/stavebninynikol.cz\/index.php\/product\/metr-svinovaci-johnney-kds-5m\/","og_site_name":"StavebninyNikol","article_publisher":"https:\/\/www.facebook.com\/profile.php?id=100057375402895&mibextid=wwXIfr&rdid=6fQOqALSBiK69Ovq&share_url=httpswww.facebook.comshare1AicpAHGFPmibextidwwXIfr","og_image":[{"width":800,"height":533,"url":"https:\/\/stavebninynikol.cz\/wp-content\/uploads\/2025\/10\/11006.jpg","type":"image\/jpeg"}],"twitter_card":"summary_large_image","twitter_misc":{"Odhadovan\u00e1 doba \u010dten\u00ed":"1 minuta"},"schema":{"@context":"https:\/\/schema.org","@graph":[{"@type":"WebPage","@id":"https:\/\/stavebninynikol.cz\/index.php\/product\/metr-svinovaci-johnney-kds-5m\/","url":"https:\/\/stavebninynikol.cz\/index.php\/product\/metr-svinovaci-johnney-kds-5m\/","name":"Metr svinovac\u00ed JOHNNEY KDS 5m - StavebninyNikol","isPartOf":{"@id":"https:\/\/stavebninynikol.cz\/#website"},"primaryImageOfPage":{"@id":"https:\/\/stavebninynikol.cz\/index.php\/product\/metr-svinovaci-johnney-kds-5m\/#primaryimage"},"image":{"@id":"https:\/\/stavebninynikol.cz\/index.php\/product\/metr-svinovaci-johnney-kds-5m\/#primaryimage"},"thumbnailUrl":"https:\/\/stavebninynikol.cz\/wp-content\/uploads\/2025\/10\/11006.jpg","datePublished":"2025-10-14T12:16:07+00:00","description":"Metr svinovac\u00ed JOHNNEY KDS 5m StavebninyNikol","breadcrumb":{"@id":"https:\/\/stavebninynikol.cz\/index.php\/product\/metr-svinovaci-johnney-kds-5m\/#breadcrumb"},"inLanguage":"cs","potentialAction":[{"@type":"ReadAction","target":["https:\/\/stavebninynikol.cz\/index.php\/product\/metr-svinovaci-johnney-kds-5m\/"]}]},{"@type":"ImageObject","inLanguage":"cs","@id":"https:\/\/stavebninynikol.cz\/index.php\/product\/metr-svinovaci-johnney-kds-5m\/#primaryimage","url":"https:\/\/stavebninynikol.cz\/wp-content\/uploads\/2025\/10\/11006.jpg","contentUrl":"https:\/\/stavebninynikol.cz\/wp-content\/uploads\/2025\/10\/11006.jpg","width":800,"height":533},{"@type":"BreadcrumbList","@id":"https:\/\/stavebninynikol.cz\/index.php\/product\/metr-svinovaci-johnney-kds-5m\/#breadcrumb","itemListElement":[{"@type":"ListItem","position":1,"name":"Dom\u016f","item":"https:\/\/stavebninynikol.cz\/"},{"@type":"ListItem","position":2,"name":"Take Your Adventure To The Next Level","item":"https:\/\/stavebninynikol.cz\/index.php\/shop\/"},{"@type":"ListItem","position":3,"name":"Metr svinovac\u00ed JOHNNEY KDS 5m"}]},{"@type":"WebSite","@id":"https:\/\/stavebninynikol.cz\/#website","url":"https:\/\/stavebninynikol.cz\/","name":"StavebninyNikol","description":"stavebniny nikol","publisher":{"@id":"https:\/\/stavebninynikol.cz\/#organization"},"potentialAction":[{"@type":"SearchAction","target":{"@type":"EntryPoint","urlTemplate":"https:\/\/stavebninynikol.cz\/?s={search_term_string}"},"query-input":{"@type":"PropertyValueSpecification","valueRequired":true,"valueName":"search_term_string"}}],"inLanguage":"cs"},{"@type":"Organization","@id":"https:\/\/stavebninynikol.cz\/#organization","name":"StavebninyNikol","url":"https:\/\/stavebninynikol.cz\/","logo":{"@type":"ImageObject","inLanguage":"cs","@id":"https:\/\/stavebninynikol.cz\/#\/schema\/logo\/image\/","url":"https:\/\/stavebninynikol.cz\/wp-content\/uploads\/2025\/07\/NIKOL_logo.eps-1-e1757927564347.webp","contentUrl":"https:\/\/stavebninynikol.cz\/wp-content\/uploads\/2025\/07\/NIKOL_logo.eps-1-e1757927564347.webp","width":512,"height":132,"caption":"StavebninyNikol"},"image":{"@id":"https:\/\/stavebninynikol.cz\/#\/schema\/logo\/image\/"},"sameAs":["https:\/\/www.facebook.com\/profile.php?id=100057375402895&mibextid=wwXIfr&rdid=6fQOqALSBiK69Ovq&share_url=httpswww.facebook.comshare1AicpAHGFPmibextidwwXIfr"]}]}},"_links":{"self":[{"href":"https:\/\/stavebninynikol.cz\/index.php\/wp-json\/wp\/v2\/product\/3047","targetHints":{"allow":["GET"]}}],"collection":[{"href":"https:\/\/stavebninynikol.cz\/index.php\/wp-json\/wp\/v2\/product"}],"about":[{"href":"https:\/\/stavebninynikol.cz\/index.php\/wp-json\/wp\/v2\/types\/product"}],"replies":[{"embeddable":true,"href":"https:\/\/stavebninynikol.cz\/index.php\/wp-json\/wp\/v2\/comments?post=3047"}],"wp:featuredmedia":[{"embeddable":true,"href":"https:\/\/stavebninynikol.cz\/index.php\/wp-json\/wp\/v2\/media\/3048"}],"wp:attachment":[{"href":"https:\/\/stavebninynikol.cz\/index.php\/wp-json\/wp\/v2\/media?parent=3047"}],"wp:term":[{"taxonomy":"product_brand","embeddable":true,"href":"https:\/\/stavebninynikol.cz\/index.php\/wp-json\/wp\/v2\/product_brand?post=3047"},{"taxonomy":"product_cat","embeddable":true,"href":"https:\/\/stavebninynikol.cz\/index.php\/wp-json\/wp\/v2\/product_cat?post=3047"},{"taxonomy":"product_tag","embeddable":true,"href":"https:\/\/stavebninynikol.cz\/index.php\/wp-json\/wp\/v2\/product_tag?post=3047"}],"curies":[{"name":"wp","href":"https:\/\/api.w.org\/{rel}","templated":true}]}}