{"id":3098,"date":"2025-10-14T13:52:37","date_gmt":"2025-10-14T13:52:37","guid":{"rendered":"https:\/\/stavebninynikol.cz\/?post_type=product&#038;p=3098"},"modified":"2025-11-13T08:59:38","modified_gmt":"2025-11-13T08:59:38","slug":"kladivo-pokryvacske-festa-600g-34cm-monolit","status":"publish","type":"product","link":"https:\/\/stavebninynikol.cz\/index.php\/product\/kladivo-pokryvacske-festa-600g-34cm-monolit\/","title":{"rendered":"Kladivo pokr\u00fdva\u010dsk\u00e9 FESTA 600g 34cm MONOLIT"},"content":{"rendered":"","protected":false},"excerpt":{"rendered":"<ul>\n<li type=\"square\">profesion\u00e1ln\u00ed tesa\u0159sk\u00e9 &#8211; pokr\u00fdva\u010dsk\u00e9 kladivo\u00a0&#8220;MONOLIT&#8221;\u00a0&#8211; hlava kladiva a n\u00e1sada je z jednoho kusu<\/li>\n<li type=\"square\">kladivo je z kvalitn\u00ed uhl\u00edkov\u00e9 oceli, vykovan\u00e9 s brou\u0161enou hlavou<\/li>\n<li type=\"square\">speci\u00e1ln\u00ed patentovan\u00e1 konstrukce kladiva ve spojen\u00ed s dvoukomponentn\u00ed rukojet\u00ed\u00a0v\u00fdrazn\u011b sni\u017euje vibrace, ot\u0159esy a r\u00e1zy\u00a0vznikaj\u00edc\u00ed p\u0159i pr\u00e1ci<\/li>\n<li type=\"square\">dvoukomponentn\u00ed pogumovan\u00e1 protiskluzn\u00e1 rukoje\u0165<\/li>\n<li type=\"square\">siln\u00fd integrovan\u00fd magnet v hlav\u011b kladiva pro &#8220;n\u00e1klep&#8221; spojovac\u00edho materi\u00e1lu, r\u00fdhovan\u00e1 \u00fadern\u00e1 \u010d\u00e1st hlavy kladiva &#8211; proti sesmeknut\u00ed p\u0159i \u00faderu<\/li>\n<li type=\"square\">monolitick\u00e1 konstrukce zaji\u0161\u0165uje v\u011bt\u0161\u00ed odolnost p\u0159i p\u00e1\u010den\u00ed<\/li>\n<\/ul>\n","protected":false},"featured_media":3266,"comment_status":"open","ping_status":"closed","template":"","meta":[],"product_brand":[],"product_cat":[428,424],"product_tag":[],"class_list":{"0":"post-3098","1":"product","2":"type-product","3":"status-publish","4":"has-post-thumbnail","6":"product_cat-kladiva-palice-a-sekery","7":"product_cat-rucni-stavebni-naradi-a-prislusenstvi","9":"first","10":"instock","11":"shipping-taxable","12":"product-type-simple"},"yoast_head":"<!-- This site is optimized with the Yoast SEO plugin v26.9 - https:\/\/yoast.com\/product\/yoast-seo-wordpress\/ -->\n<title>Kladivo pokr\u00fdva\u010dsk\u00e9 FESTA 600g 34cm MONOLIT - StavebninyNikol<\/title>\n<meta name=\"description\" content=\"Kladivo pokr\u00fdva\u010dsk\u00e9 FESTA 600g 34cm MONOLIT StavebninyNikol\" \/>\n<meta name=\"robots\" content=\"index, follow, max-snippet:-1, max-image-preview:large, max-video-preview:-1\" \/>\n<link rel=\"canonical\" href=\"https:\/\/stavebninynikol.cz\/index.php\/product\/kladivo-pokryvacske-festa-600g-34cm-monolit\/\" \/>\n<meta property=\"og:locale\" content=\"cs_CZ\" \/>\n<meta property=\"og:type\" content=\"article\" \/>\n<meta property=\"og:title\" content=\"Kladivo pokr\u00fdva\u010dsk\u00e9 FESTA 600g 34cm MONOLIT - StavebninyNikol\" \/>\n<meta property=\"og:description\" content=\"Kladivo pokr\u00fdva\u010dsk\u00e9 FESTA 600g 34cm MONOLIT StavebninyNikol\" \/>\n<meta property=\"og:url\" content=\"https:\/\/stavebninynikol.cz\/index.php\/product\/kladivo-pokryvacske-festa-600g-34cm-monolit\/\" \/>\n<meta property=\"og:site_name\" content=\"StavebninyNikol\" \/>\n<meta property=\"article:publisher\" content=\"https:\/\/www.facebook.com\/profile.php?id=100057375402895&amp;mibextid=wwXIfr&amp;rdid=6fQOqALSBiK69Ovq&amp;share_url=httpswww.facebook.comshare1AicpAHGFPmibextidwwXIfr\" \/>\n<meta property=\"article:modified_time\" content=\"2025-11-13T08:59:38+00:00\" \/>\n<meta property=\"og:image\" content=\"https:\/\/stavebninynikol.cz\/wp-content\/uploads\/2025\/10\/15035-3_kladivo-pokryvacske-festa-600g-34cm-monolit.webp\" \/>\n\t<meta property=\"og:image:width\" content=\"1024\" \/>\n\t<meta property=\"og:image:height\" content=\"768\" \/>\n\t<meta property=\"og:image:type\" content=\"image\/webp\" \/>\n<meta name=\"twitter:card\" content=\"summary_large_image\" \/>\n<meta name=\"twitter:label1\" content=\"Odhadovan\u00e1 doba \u010dten\u00ed\" \/>\n\t<meta name=\"twitter:data1\" content=\"1 minuta\" \/>\n<script type=\"application\/ld+json\" class=\"yoast-schema-graph\">{\"@context\":\"https:\/\/schema.org\",\"@graph\":[{\"@type\":\"WebPage\",\"@id\":\"https:\/\/stavebninynikol.cz\/index.php\/product\/kladivo-pokryvacske-festa-600g-34cm-monolit\/\",\"url\":\"https:\/\/stavebninynikol.cz\/index.php\/product\/kladivo-pokryvacske-festa-600g-34cm-monolit\/\",\"name\":\"Kladivo pokr\u00fdva\u010dsk\u00e9 FESTA 600g 34cm MONOLIT - StavebninyNikol\",\"isPartOf\":{\"@id\":\"https:\/\/stavebninynikol.cz\/#website\"},\"primaryImageOfPage\":{\"@id\":\"https:\/\/stavebninynikol.cz\/index.php\/product\/kladivo-pokryvacske-festa-600g-34cm-monolit\/#primaryimage\"},\"image\":{\"@id\":\"https:\/\/stavebninynikol.cz\/index.php\/product\/kladivo-pokryvacske-festa-600g-34cm-monolit\/#primaryimage\"},\"thumbnailUrl\":\"https:\/\/stavebninynikol.cz\/wp-content\/uploads\/2025\/10\/15035-3_kladivo-pokryvacske-festa-600g-34cm-monolit.webp\",\"datePublished\":\"2025-10-14T13:52:37+00:00\",\"dateModified\":\"2025-11-13T08:59:38+00:00\",\"description\":\"Kladivo pokr\u00fdva\u010dsk\u00e9 FESTA 600g 34cm MONOLIT StavebninyNikol\",\"breadcrumb\":{\"@id\":\"https:\/\/stavebninynikol.cz\/index.php\/product\/kladivo-pokryvacske-festa-600g-34cm-monolit\/#breadcrumb\"},\"inLanguage\":\"cs\",\"potentialAction\":[{\"@type\":\"ReadAction\",\"target\":[\"https:\/\/stavebninynikol.cz\/index.php\/product\/kladivo-pokryvacske-festa-600g-34cm-monolit\/\"]}]},{\"@type\":\"ImageObject\",\"inLanguage\":\"cs\",\"@id\":\"https:\/\/stavebninynikol.cz\/index.php\/product\/kladivo-pokryvacske-festa-600g-34cm-monolit\/#primaryimage\",\"url\":\"https:\/\/stavebninynikol.cz\/wp-content\/uploads\/2025\/10\/15035-3_kladivo-pokryvacske-festa-600g-34cm-monolit.webp\",\"contentUrl\":\"https:\/\/stavebninynikol.cz\/wp-content\/uploads\/2025\/10\/15035-3_kladivo-pokryvacske-festa-600g-34cm-monolit.webp\",\"width\":1024,\"height\":768},{\"@type\":\"BreadcrumbList\",\"@id\":\"https:\/\/stavebninynikol.cz\/index.php\/product\/kladivo-pokryvacske-festa-600g-34cm-monolit\/#breadcrumb\",\"itemListElement\":[{\"@type\":\"ListItem\",\"position\":1,\"name\":\"Dom\u016f\",\"item\":\"https:\/\/stavebninynikol.cz\/\"},{\"@type\":\"ListItem\",\"position\":2,\"name\":\"Take Your Adventure To The Next Level\",\"item\":\"https:\/\/stavebninynikol.cz\/index.php\/shop\/\"},{\"@type\":\"ListItem\",\"position\":3,\"name\":\"Kladivo pokr\u00fdva\u010dsk\u00e9 FESTA 600g 34cm MONOLIT\"}]},{\"@type\":\"WebSite\",\"@id\":\"https:\/\/stavebninynikol.cz\/#website\",\"url\":\"https:\/\/stavebninynikol.cz\/\",\"name\":\"StavebninyNikol\",\"description\":\"stavebniny nikol\",\"publisher\":{\"@id\":\"https:\/\/stavebninynikol.cz\/#organization\"},\"potentialAction\":[{\"@type\":\"SearchAction\",\"target\":{\"@type\":\"EntryPoint\",\"urlTemplate\":\"https:\/\/stavebninynikol.cz\/?s={search_term_string}\"},\"query-input\":{\"@type\":\"PropertyValueSpecification\",\"valueRequired\":true,\"valueName\":\"search_term_string\"}}],\"inLanguage\":\"cs\"},{\"@type\":\"Organization\",\"@id\":\"https:\/\/stavebninynikol.cz\/#organization\",\"name\":\"StavebninyNikol\",\"url\":\"https:\/\/stavebninynikol.cz\/\",\"logo\":{\"@type\":\"ImageObject\",\"inLanguage\":\"cs\",\"@id\":\"https:\/\/stavebninynikol.cz\/#\/schema\/logo\/image\/\",\"url\":\"https:\/\/stavebninynikol.cz\/wp-content\/uploads\/2025\/07\/NIKOL_logo.eps-1-e1757927564347.webp\",\"contentUrl\":\"https:\/\/stavebninynikol.cz\/wp-content\/uploads\/2025\/07\/NIKOL_logo.eps-1-e1757927564347.webp\",\"width\":512,\"height\":132,\"caption\":\"StavebninyNikol\"},\"image\":{\"@id\":\"https:\/\/stavebninynikol.cz\/#\/schema\/logo\/image\/\"},\"sameAs\":[\"https:\/\/www.facebook.com\/profile.php?id=100057375402895&mibextid=wwXIfr&rdid=6fQOqALSBiK69Ovq&share_url=httpswww.facebook.comshare1AicpAHGFPmibextidwwXIfr\"]}]}<\/script>\n<!-- \/ Yoast SEO plugin. -->","yoast_head_json":{"title":"Kladivo pokr\u00fdva\u010dsk\u00e9 FESTA 600g 34cm MONOLIT - StavebninyNikol","description":"Kladivo pokr\u00fdva\u010dsk\u00e9 FESTA 600g 34cm MONOLIT StavebninyNikol","robots":{"index":"index","follow":"follow","max-snippet":"max-snippet:-1","max-image-preview":"max-image-preview:large","max-video-preview":"max-video-preview:-1"},"canonical":"https:\/\/stavebninynikol.cz\/index.php\/product\/kladivo-pokryvacske-festa-600g-34cm-monolit\/","og_locale":"cs_CZ","og_type":"article","og_title":"Kladivo pokr\u00fdva\u010dsk\u00e9 FESTA 600g 34cm MONOLIT - StavebninyNikol","og_description":"Kladivo pokr\u00fdva\u010dsk\u00e9 FESTA 600g 34cm MONOLIT StavebninyNikol","og_url":"https:\/\/stavebninynikol.cz\/index.php\/product\/kladivo-pokryvacske-festa-600g-34cm-monolit\/","og_site_name":"StavebninyNikol","article_publisher":"https:\/\/www.facebook.com\/profile.php?id=100057375402895&mibextid=wwXIfr&rdid=6fQOqALSBiK69Ovq&share_url=httpswww.facebook.comshare1AicpAHGFPmibextidwwXIfr","article_modified_time":"2025-11-13T08:59:38+00:00","og_image":[{"width":1024,"height":768,"url":"https:\/\/stavebninynikol.cz\/wp-content\/uploads\/2025\/10\/15035-3_kladivo-pokryvacske-festa-600g-34cm-monolit.webp","type":"image\/webp"}],"twitter_card":"summary_large_image","twitter_misc":{"Odhadovan\u00e1 doba \u010dten\u00ed":"1 minuta"},"schema":{"@context":"https:\/\/schema.org","@graph":[{"@type":"WebPage","@id":"https:\/\/stavebninynikol.cz\/index.php\/product\/kladivo-pokryvacske-festa-600g-34cm-monolit\/","url":"https:\/\/stavebninynikol.cz\/index.php\/product\/kladivo-pokryvacske-festa-600g-34cm-monolit\/","name":"Kladivo pokr\u00fdva\u010dsk\u00e9 FESTA 600g 34cm MONOLIT - StavebninyNikol","isPartOf":{"@id":"https:\/\/stavebninynikol.cz\/#website"},"primaryImageOfPage":{"@id":"https:\/\/stavebninynikol.cz\/index.php\/product\/kladivo-pokryvacske-festa-600g-34cm-monolit\/#primaryimage"},"image":{"@id":"https:\/\/stavebninynikol.cz\/index.php\/product\/kladivo-pokryvacske-festa-600g-34cm-monolit\/#primaryimage"},"thumbnailUrl":"https:\/\/stavebninynikol.cz\/wp-content\/uploads\/2025\/10\/15035-3_kladivo-pokryvacske-festa-600g-34cm-monolit.webp","datePublished":"2025-10-14T13:52:37+00:00","dateModified":"2025-11-13T08:59:38+00:00","description":"Kladivo pokr\u00fdva\u010dsk\u00e9 FESTA 600g 34cm MONOLIT StavebninyNikol","breadcrumb":{"@id":"https:\/\/stavebninynikol.cz\/index.php\/product\/kladivo-pokryvacske-festa-600g-34cm-monolit\/#breadcrumb"},"inLanguage":"cs","potentialAction":[{"@type":"ReadAction","target":["https:\/\/stavebninynikol.cz\/index.php\/product\/kladivo-pokryvacske-festa-600g-34cm-monolit\/"]}]},{"@type":"ImageObject","inLanguage":"cs","@id":"https:\/\/stavebninynikol.cz\/index.php\/product\/kladivo-pokryvacske-festa-600g-34cm-monolit\/#primaryimage","url":"https:\/\/stavebninynikol.cz\/wp-content\/uploads\/2025\/10\/15035-3_kladivo-pokryvacske-festa-600g-34cm-monolit.webp","contentUrl":"https:\/\/stavebninynikol.cz\/wp-content\/uploads\/2025\/10\/15035-3_kladivo-pokryvacske-festa-600g-34cm-monolit.webp","width":1024,"height":768},{"@type":"BreadcrumbList","@id":"https:\/\/stavebninynikol.cz\/index.php\/product\/kladivo-pokryvacske-festa-600g-34cm-monolit\/#breadcrumb","itemListElement":[{"@type":"ListItem","position":1,"name":"Dom\u016f","item":"https:\/\/stavebninynikol.cz\/"},{"@type":"ListItem","position":2,"name":"Take Your Adventure To The Next Level","item":"https:\/\/stavebninynikol.cz\/index.php\/shop\/"},{"@type":"ListItem","position":3,"name":"Kladivo pokr\u00fdva\u010dsk\u00e9 FESTA 600g 34cm MONOLIT"}]},{"@type":"WebSite","@id":"https:\/\/stavebninynikol.cz\/#website","url":"https:\/\/stavebninynikol.cz\/","name":"StavebninyNikol","description":"stavebniny nikol","publisher":{"@id":"https:\/\/stavebninynikol.cz\/#organization"},"potentialAction":[{"@type":"SearchAction","target":{"@type":"EntryPoint","urlTemplate":"https:\/\/stavebninynikol.cz\/?s={search_term_string}"},"query-input":{"@type":"PropertyValueSpecification","valueRequired":true,"valueName":"search_term_string"}}],"inLanguage":"cs"},{"@type":"Organization","@id":"https:\/\/stavebninynikol.cz\/#organization","name":"StavebninyNikol","url":"https:\/\/stavebninynikol.cz\/","logo":{"@type":"ImageObject","inLanguage":"cs","@id":"https:\/\/stavebninynikol.cz\/#\/schema\/logo\/image\/","url":"https:\/\/stavebninynikol.cz\/wp-content\/uploads\/2025\/07\/NIKOL_logo.eps-1-e1757927564347.webp","contentUrl":"https:\/\/stavebninynikol.cz\/wp-content\/uploads\/2025\/07\/NIKOL_logo.eps-1-e1757927564347.webp","width":512,"height":132,"caption":"StavebninyNikol"},"image":{"@id":"https:\/\/stavebninynikol.cz\/#\/schema\/logo\/image\/"},"sameAs":["https:\/\/www.facebook.com\/profile.php?id=100057375402895&mibextid=wwXIfr&rdid=6fQOqALSBiK69Ovq&share_url=httpswww.facebook.comshare1AicpAHGFPmibextidwwXIfr"]}]}},"_links":{"self":[{"href":"https:\/\/stavebninynikol.cz\/index.php\/wp-json\/wp\/v2\/product\/3098","targetHints":{"allow":["GET"]}}],"collection":[{"href":"https:\/\/stavebninynikol.cz\/index.php\/wp-json\/wp\/v2\/product"}],"about":[{"href":"https:\/\/stavebninynikol.cz\/index.php\/wp-json\/wp\/v2\/types\/product"}],"replies":[{"embeddable":true,"href":"https:\/\/stavebninynikol.cz\/index.php\/wp-json\/wp\/v2\/comments?post=3098"}],"wp:featuredmedia":[{"embeddable":true,"href":"https:\/\/stavebninynikol.cz\/index.php\/wp-json\/wp\/v2\/media\/3266"}],"wp:attachment":[{"href":"https:\/\/stavebninynikol.cz\/index.php\/wp-json\/wp\/v2\/media?parent=3098"}],"wp:term":[{"taxonomy":"product_brand","embeddable":true,"href":"https:\/\/stavebninynikol.cz\/index.php\/wp-json\/wp\/v2\/product_brand?post=3098"},{"taxonomy":"product_cat","embeddable":true,"href":"https:\/\/stavebninynikol.cz\/index.php\/wp-json\/wp\/v2\/product_cat?post=3098"},{"taxonomy":"product_tag","embeddable":true,"href":"https:\/\/stavebninynikol.cz\/index.php\/wp-json\/wp\/v2\/product_tag?post=3098"}],"curies":[{"name":"wp","href":"https:\/\/api.w.org\/{rel}","templated":true}]}}