{"id":3451,"date":"2026-02-09T09:04:03","date_gmt":"2026-02-09T09:04:03","guid":{"rendered":"https:\/\/stavebninynikol.cz\/?post_type=product&#038;p=3451"},"modified":"2026-02-09T09:04:41","modified_gmt":"2026-02-09T09:04:41","slug":"nopova-folie-1m","status":"publish","type":"product","link":"https:\/\/stavebninynikol.cz\/index.php\/product\/nopova-folie-1m\/","title":{"rendered":"Nopov\u00e1 folie 1m"},"content":{"rendered":"<p>Nopov\u00e1 f\u00f3lie je vyrobena z vysokohustotn\u00edho polyetylenu. Profil f\u00f3lie je tvo\u0159en polo ku\u017eelov\u00fdmi v\u00fdstupky. Pou\u017eit\u00fd materi\u00e1l a profil d\u00e1vaj\u00ed f\u00f3lii unik\u00e1tn\u00ed vlastnosti, kter\u00e9 je mo\u017eno v\u00fdhodn\u011b vyu\u017e\u00edt v \u0159ad\u011b konstrukc\u00ed staveb. Vysokohustotn\u00ed polyetylen se vyzna\u010duje dobr\u00fdmi mechanick\u00fdmi vlastnostmi a vysokou odolnost\u00ed v\u016f\u010di v\u0161em b\u011b\u017en\u00fdm chemik\u00e1li\u00edm. Materi\u00e1l odol\u00e1v\u00e1 pl\u00edsn\u00edm a bakteri\u00edm a je odoln\u00fd proti pror\u016fst\u00e1n\u00ed ko\u0159eny. F\u00f3lii je mo\u017eno spojovat lepen\u00edm nebo sva\u0159ov\u00e1n\u00edm.<\/p>\n<p>Tlou\u0161\u0165ka folie 0,5mm.<br \/>\nV roli 20bm.<\/p>\n<p>Z\u00e1kladn\u00edm principem funkce nopov\u00e9 f\u00f3lie je odd\u011blen\u00ed stavby od vlhk\u00e9ho okoln\u00edho prost\u0159ed\u00ed. Nopy tak zaji\u0161\u0165uj\u00ed vytvo\u0159en\u00ed plo\u0161n\u00e9ho dren\u00e1\u017en\u00edho syst\u00e9mu.<\/p>\n<p><strong>Pou\u017eit\u00ed:\u00a0<\/strong>chr\u00e1n\u00ed spodn\u00ed konstrukci stavby proti vlhkosti a t\u00edm zvy\u0161uje jej\u00ed \u017eivotnost, chr\u00e1n\u00ed svislou i vodorovnou izolaci, nezbytn\u00e1 sou\u010d\u00e1st dren\u00e1\u017en\u00edch syst\u00e9m\u016f, chr\u00e1n\u00ed podlahy p\u0159ed zemn\u00ed vlhkost\u00ed, nahrazuje izola\u010dn\u00ed p\u0159izd\u00edvku, ochrana podzemn\u00edch staveb a tunel\u016f.<\/p>\n","protected":false},"excerpt":{"rendered":"<p>Nopov\u00e1 f\u00f3lie je vyrobena z vysokohustotn\u00edho polyetylenu. Profil f\u00f3lie je tvo\u0159en polo ku\u017eelov\u00fdmi v\u00fdstupky. Pou\u017eit\u00fd materi\u00e1l a profil d\u00e1vaj\u00ed f\u00f3lii unik\u00e1tn\u00ed vlastnosti, kter\u00e9 je mo\u017eno v\u00fdhodn\u011b vyu\u017e\u00edt v \u0159ad\u011b konstrukc\u00ed staveb. Vysokohustotn\u00ed polyetylen se vyzna\u010duje dobr\u00fdmi mechanick\u00fdmi vlastnostmi a vysokou odolnost\u00ed v\u016f\u010di v\u0161em b\u011b\u017en\u00fdm chemik\u00e1li\u00edm. Materi\u00e1l odol\u00e1v\u00e1 pl\u00edsn\u00edm a bakteri\u00edm a je odoln\u00fd proti pror\u016fst\u00e1n\u00ed [&hellip;]<\/p>\n","protected":false},"featured_media":3447,"comment_status":"open","ping_status":"closed","template":"","meta":[],"product_brand":[],"product_cat":[455,456],"product_tag":[],"class_list":{"0":"post-3451","1":"product","2":"type-product","3":"status-publish","4":"has-post-thumbnail","6":"product_cat-drenaze-a-odvodeni","7":"product_cat-nopove-folie","9":"first","10":"instock","11":"shipping-taxable","12":"product-type-simple"},"yoast_head":"<!-- This site is optimized with the Yoast SEO plugin v26.9 - https:\/\/yoast.com\/product\/yoast-seo-wordpress\/ -->\n<title>Nopov\u00e1 folie 1m - StavebninyNikol<\/title>\n<meta name=\"description\" content=\"Nopov\u00e1 folie 1m StavebninyNikol\" \/>\n<meta name=\"robots\" content=\"index, follow, max-snippet:-1, max-image-preview:large, max-video-preview:-1\" \/>\n<link rel=\"canonical\" href=\"https:\/\/stavebninynikol.cz\/index.php\/product\/nopova-folie-1m\/\" \/>\n<meta property=\"og:locale\" content=\"cs_CZ\" \/>\n<meta property=\"og:type\" content=\"article\" \/>\n<meta property=\"og:title\" content=\"Nopov\u00e1 folie 1m - StavebninyNikol\" \/>\n<meta property=\"og:description\" content=\"Nopov\u00e1 folie 1m StavebninyNikol\" \/>\n<meta property=\"og:url\" content=\"https:\/\/stavebninynikol.cz\/index.php\/product\/nopova-folie-1m\/\" \/>\n<meta property=\"og:site_name\" content=\"StavebninyNikol\" \/>\n<meta property=\"article:publisher\" content=\"https:\/\/www.facebook.com\/profile.php?id=100057375402895&amp;mibextid=wwXIfr&amp;rdid=6fQOqALSBiK69Ovq&amp;share_url=httpswww.facebook.comshare1AicpAHGFPmibextidwwXIfr\" \/>\n<meta property=\"article:modified_time\" content=\"2026-02-09T09:04:41+00:00\" \/>\n<meta property=\"og:image\" content=\"https:\/\/stavebninynikol.cz\/wp-content\/uploads\/2026\/02\/nopova-folie-05-m-x-20-m-500-g-m-cerna.jpg\" \/>\n\t<meta property=\"og:image:width\" content=\"700\" \/>\n\t<meta property=\"og:image:height\" content=\"700\" \/>\n\t<meta property=\"og:image:type\" content=\"image\/jpeg\" \/>\n<meta name=\"twitter:card\" content=\"summary_large_image\" \/>\n<meta name=\"twitter:label1\" content=\"Odhadovan\u00e1 doba \u010dten\u00ed\" \/>\n\t<meta name=\"twitter:data1\" content=\"1 minuta\" \/>\n<script type=\"application\/ld+json\" class=\"yoast-schema-graph\">{\"@context\":\"https:\/\/schema.org\",\"@graph\":[{\"@type\":\"WebPage\",\"@id\":\"https:\/\/stavebninynikol.cz\/index.php\/product\/nopova-folie-1m\/\",\"url\":\"https:\/\/stavebninynikol.cz\/index.php\/product\/nopova-folie-1m\/\",\"name\":\"Nopov\u00e1 folie 1m - StavebninyNikol\",\"isPartOf\":{\"@id\":\"https:\/\/stavebninynikol.cz\/#website\"},\"primaryImageOfPage\":{\"@id\":\"https:\/\/stavebninynikol.cz\/index.php\/product\/nopova-folie-1m\/#primaryimage\"},\"image\":{\"@id\":\"https:\/\/stavebninynikol.cz\/index.php\/product\/nopova-folie-1m\/#primaryimage\"},\"thumbnailUrl\":\"https:\/\/stavebninynikol.cz\/wp-content\/uploads\/2026\/02\/nopova-folie-05-m-x-20-m-500-g-m-cerna.jpg\",\"datePublished\":\"2026-02-09T09:04:03+00:00\",\"dateModified\":\"2026-02-09T09:04:41+00:00\",\"description\":\"Nopov\u00e1 folie 1m StavebninyNikol\",\"breadcrumb\":{\"@id\":\"https:\/\/stavebninynikol.cz\/index.php\/product\/nopova-folie-1m\/#breadcrumb\"},\"inLanguage\":\"cs\",\"potentialAction\":[{\"@type\":\"ReadAction\",\"target\":[\"https:\/\/stavebninynikol.cz\/index.php\/product\/nopova-folie-1m\/\"]}]},{\"@type\":\"ImageObject\",\"inLanguage\":\"cs\",\"@id\":\"https:\/\/stavebninynikol.cz\/index.php\/product\/nopova-folie-1m\/#primaryimage\",\"url\":\"https:\/\/stavebninynikol.cz\/wp-content\/uploads\/2026\/02\/nopova-folie-05-m-x-20-m-500-g-m-cerna.jpg\",\"contentUrl\":\"https:\/\/stavebninynikol.cz\/wp-content\/uploads\/2026\/02\/nopova-folie-05-m-x-20-m-500-g-m-cerna.jpg\",\"width\":700,\"height\":700},{\"@type\":\"BreadcrumbList\",\"@id\":\"https:\/\/stavebninynikol.cz\/index.php\/product\/nopova-folie-1m\/#breadcrumb\",\"itemListElement\":[{\"@type\":\"ListItem\",\"position\":1,\"name\":\"Dom\u016f\",\"item\":\"https:\/\/stavebninynikol.cz\/\"},{\"@type\":\"ListItem\",\"position\":2,\"name\":\"Take Your Adventure To The Next Level\",\"item\":\"https:\/\/stavebninynikol.cz\/index.php\/shop\/\"},{\"@type\":\"ListItem\",\"position\":3,\"name\":\"Nopov\u00e1 folie 1m\"}]},{\"@type\":\"WebSite\",\"@id\":\"https:\/\/stavebninynikol.cz\/#website\",\"url\":\"https:\/\/stavebninynikol.cz\/\",\"name\":\"StavebninyNikol\",\"description\":\"stavebniny nikol\",\"publisher\":{\"@id\":\"https:\/\/stavebninynikol.cz\/#organization\"},\"potentialAction\":[{\"@type\":\"SearchAction\",\"target\":{\"@type\":\"EntryPoint\",\"urlTemplate\":\"https:\/\/stavebninynikol.cz\/?s={search_term_string}\"},\"query-input\":{\"@type\":\"PropertyValueSpecification\",\"valueRequired\":true,\"valueName\":\"search_term_string\"}}],\"inLanguage\":\"cs\"},{\"@type\":\"Organization\",\"@id\":\"https:\/\/stavebninynikol.cz\/#organization\",\"name\":\"StavebninyNikol\",\"url\":\"https:\/\/stavebninynikol.cz\/\",\"logo\":{\"@type\":\"ImageObject\",\"inLanguage\":\"cs\",\"@id\":\"https:\/\/stavebninynikol.cz\/#\/schema\/logo\/image\/\",\"url\":\"https:\/\/stavebninynikol.cz\/wp-content\/uploads\/2025\/07\/NIKOL_logo.eps-1-e1757927564347.webp\",\"contentUrl\":\"https:\/\/stavebninynikol.cz\/wp-content\/uploads\/2025\/07\/NIKOL_logo.eps-1-e1757927564347.webp\",\"width\":512,\"height\":132,\"caption\":\"StavebninyNikol\"},\"image\":{\"@id\":\"https:\/\/stavebninynikol.cz\/#\/schema\/logo\/image\/\"},\"sameAs\":[\"https:\/\/www.facebook.com\/profile.php?id=100057375402895&mibextid=wwXIfr&rdid=6fQOqALSBiK69Ovq&share_url=httpswww.facebook.comshare1AicpAHGFPmibextidwwXIfr\"]}]}<\/script>\n<!-- \/ Yoast SEO plugin. -->","yoast_head_json":{"title":"Nopov\u00e1 folie 1m - StavebninyNikol","description":"Nopov\u00e1 folie 1m StavebninyNikol","robots":{"index":"index","follow":"follow","max-snippet":"max-snippet:-1","max-image-preview":"max-image-preview:large","max-video-preview":"max-video-preview:-1"},"canonical":"https:\/\/stavebninynikol.cz\/index.php\/product\/nopova-folie-1m\/","og_locale":"cs_CZ","og_type":"article","og_title":"Nopov\u00e1 folie 1m - StavebninyNikol","og_description":"Nopov\u00e1 folie 1m StavebninyNikol","og_url":"https:\/\/stavebninynikol.cz\/index.php\/product\/nopova-folie-1m\/","og_site_name":"StavebninyNikol","article_publisher":"https:\/\/www.facebook.com\/profile.php?id=100057375402895&mibextid=wwXIfr&rdid=6fQOqALSBiK69Ovq&share_url=httpswww.facebook.comshare1AicpAHGFPmibextidwwXIfr","article_modified_time":"2026-02-09T09:04:41+00:00","og_image":[{"width":700,"height":700,"url":"https:\/\/stavebninynikol.cz\/wp-content\/uploads\/2026\/02\/nopova-folie-05-m-x-20-m-500-g-m-cerna.jpg","type":"image\/jpeg"}],"twitter_card":"summary_large_image","twitter_misc":{"Odhadovan\u00e1 doba \u010dten\u00ed":"1 minuta"},"schema":{"@context":"https:\/\/schema.org","@graph":[{"@type":"WebPage","@id":"https:\/\/stavebninynikol.cz\/index.php\/product\/nopova-folie-1m\/","url":"https:\/\/stavebninynikol.cz\/index.php\/product\/nopova-folie-1m\/","name":"Nopov\u00e1 folie 1m - StavebninyNikol","isPartOf":{"@id":"https:\/\/stavebninynikol.cz\/#website"},"primaryImageOfPage":{"@id":"https:\/\/stavebninynikol.cz\/index.php\/product\/nopova-folie-1m\/#primaryimage"},"image":{"@id":"https:\/\/stavebninynikol.cz\/index.php\/product\/nopova-folie-1m\/#primaryimage"},"thumbnailUrl":"https:\/\/stavebninynikol.cz\/wp-content\/uploads\/2026\/02\/nopova-folie-05-m-x-20-m-500-g-m-cerna.jpg","datePublished":"2026-02-09T09:04:03+00:00","dateModified":"2026-02-09T09:04:41+00:00","description":"Nopov\u00e1 folie 1m StavebninyNikol","breadcrumb":{"@id":"https:\/\/stavebninynikol.cz\/index.php\/product\/nopova-folie-1m\/#breadcrumb"},"inLanguage":"cs","potentialAction":[{"@type":"ReadAction","target":["https:\/\/stavebninynikol.cz\/index.php\/product\/nopova-folie-1m\/"]}]},{"@type":"ImageObject","inLanguage":"cs","@id":"https:\/\/stavebninynikol.cz\/index.php\/product\/nopova-folie-1m\/#primaryimage","url":"https:\/\/stavebninynikol.cz\/wp-content\/uploads\/2026\/02\/nopova-folie-05-m-x-20-m-500-g-m-cerna.jpg","contentUrl":"https:\/\/stavebninynikol.cz\/wp-content\/uploads\/2026\/02\/nopova-folie-05-m-x-20-m-500-g-m-cerna.jpg","width":700,"height":700},{"@type":"BreadcrumbList","@id":"https:\/\/stavebninynikol.cz\/index.php\/product\/nopova-folie-1m\/#breadcrumb","itemListElement":[{"@type":"ListItem","position":1,"name":"Dom\u016f","item":"https:\/\/stavebninynikol.cz\/"},{"@type":"ListItem","position":2,"name":"Take Your Adventure To The Next Level","item":"https:\/\/stavebninynikol.cz\/index.php\/shop\/"},{"@type":"ListItem","position":3,"name":"Nopov\u00e1 folie 1m"}]},{"@type":"WebSite","@id":"https:\/\/stavebninynikol.cz\/#website","url":"https:\/\/stavebninynikol.cz\/","name":"StavebninyNikol","description":"stavebniny nikol","publisher":{"@id":"https:\/\/stavebninynikol.cz\/#organization"},"potentialAction":[{"@type":"SearchAction","target":{"@type":"EntryPoint","urlTemplate":"https:\/\/stavebninynikol.cz\/?s={search_term_string}"},"query-input":{"@type":"PropertyValueSpecification","valueRequired":true,"valueName":"search_term_string"}}],"inLanguage":"cs"},{"@type":"Organization","@id":"https:\/\/stavebninynikol.cz\/#organization","name":"StavebninyNikol","url":"https:\/\/stavebninynikol.cz\/","logo":{"@type":"ImageObject","inLanguage":"cs","@id":"https:\/\/stavebninynikol.cz\/#\/schema\/logo\/image\/","url":"https:\/\/stavebninynikol.cz\/wp-content\/uploads\/2025\/07\/NIKOL_logo.eps-1-e1757927564347.webp","contentUrl":"https:\/\/stavebninynikol.cz\/wp-content\/uploads\/2025\/07\/NIKOL_logo.eps-1-e1757927564347.webp","width":512,"height":132,"caption":"StavebninyNikol"},"image":{"@id":"https:\/\/stavebninynikol.cz\/#\/schema\/logo\/image\/"},"sameAs":["https:\/\/www.facebook.com\/profile.php?id=100057375402895&mibextid=wwXIfr&rdid=6fQOqALSBiK69Ovq&share_url=httpswww.facebook.comshare1AicpAHGFPmibextidwwXIfr"]}]}},"_links":{"self":[{"href":"https:\/\/stavebninynikol.cz\/index.php\/wp-json\/wp\/v2\/product\/3451","targetHints":{"allow":["GET"]}}],"collection":[{"href":"https:\/\/stavebninynikol.cz\/index.php\/wp-json\/wp\/v2\/product"}],"about":[{"href":"https:\/\/stavebninynikol.cz\/index.php\/wp-json\/wp\/v2\/types\/product"}],"replies":[{"embeddable":true,"href":"https:\/\/stavebninynikol.cz\/index.php\/wp-json\/wp\/v2\/comments?post=3451"}],"wp:featuredmedia":[{"embeddable":true,"href":"https:\/\/stavebninynikol.cz\/index.php\/wp-json\/wp\/v2\/media\/3447"}],"wp:attachment":[{"href":"https:\/\/stavebninynikol.cz\/index.php\/wp-json\/wp\/v2\/media?parent=3451"}],"wp:term":[{"taxonomy":"product_brand","embeddable":true,"href":"https:\/\/stavebninynikol.cz\/index.php\/wp-json\/wp\/v2\/product_brand?post=3451"},{"taxonomy":"product_cat","embeddable":true,"href":"https:\/\/stavebninynikol.cz\/index.php\/wp-json\/wp\/v2\/product_cat?post=3451"},{"taxonomy":"product_tag","embeddable":true,"href":"https:\/\/stavebninynikol.cz\/index.php\/wp-json\/wp\/v2\/product_tag?post=3451"}],"curies":[{"name":"wp","href":"https:\/\/api.w.org\/{rel}","templated":true}]}}