{"id":3460,"date":"2026-02-09T10:14:30","date_gmt":"2026-02-09T10:14:30","guid":{"rendered":"https:\/\/stavebninynikol.cz\/?post_type=product&#038;p=3460"},"modified":"2026-02-09T10:14:30","modified_gmt":"2026-02-09T10:14:30","slug":"lapac-stresnich-splavenin-primy-dn-o-110-mm-cerna","status":"publish","type":"product","link":"https:\/\/stavebninynikol.cz\/index.php\/product\/lapac-stresnich-splavenin-primy-dn-o-110-mm-cerna\/","title":{"rendered":"Lapa\u010d st\u0159e\u0161n\u00edch splavenin p\u0159\u00edm\u00fd DN \u00d8 110 mm, \u010dern\u00e1"},"content":{"rendered":"","protected":false},"excerpt":{"rendered":"<ul>\n<li>lapa\u010d st\u0159e\u0161n\u00edch splavenin DN 110<\/li>\n<li>materi\u00e1l: polypropyl\u00e9n s UV stabilizac\u00ed<\/li>\n<li>obsahuje t\u011bsn\u00edc\u00ed krou\u017eky pro p\u0159ipojen\u00ed de\u0161\u0165ov\u00fdch svod\u016f r\u016fzn\u00fdch pr\u016fm\u011br\u016f (80, 90, 110, 125 mm), v\u00edko okapov\u00e9ho svodu (lze nahradit m\u0159\u00ed\u017ekou<\/li>\n<li>odtok: pr\u016fm\u011br 110 mm<\/li>\n<li>t\u0159\u00edda zat\u00ed\u017een\u00ed K3 &#8211; 300 kg<\/li>\n<li>odolnost do 90 \u00b0C<\/li>\n<li>ur\u010dena pro sv\u00e1d\u011bn\u00ed de\u0161\u0165ov\u00fdch a povrchov\u00fdch vod<\/li>\n<li>balen\u00ed obsahuje suchou protiz\u00e1pachovou klapku , zabra\u0148uj\u00edc\u00ed zp\u011btn\u00e9mu z\u00e1pachu z kanaliza\u010dn\u00edho potrub\u00ed<\/li>\n<\/ul>\n","protected":false},"featured_media":3461,"comment_status":"open","ping_status":"closed","template":"","meta":[],"product_brand":[],"product_cat":[455,457,410],"product_tag":[],"class_list":{"0":"post-3460","1":"product","2":"type-product","3":"status-publish","4":"has-post-thumbnail","6":"product_cat-drenaze-a-odvodeni","7":"product_cat-odvodnovaci-zlaby-lapace","8":"product_cat-okapovy-system","10":"first","11":"instock","12":"shipping-taxable","13":"product-type-simple"},"yoast_head":"<!-- This site is optimized with the Yoast SEO plugin v26.9 - https:\/\/yoast.com\/product\/yoast-seo-wordpress\/ -->\n<title>Lapa\u010d st\u0159e\u0161n\u00edch splavenin p\u0159\u00edm\u00fd DN \u00d8 110 mm, \u010dern\u00e1 - StavebninyNikol<\/title>\n<meta name=\"description\" content=\"Lapa\u010d st\u0159e\u0161n\u00edch splavenin p\u0159\u00edm\u00fd DN \u00d8 110 mm, \u010dern\u00e1 StavebninyNikol\" \/>\n<meta name=\"robots\" content=\"index, follow, max-snippet:-1, max-image-preview:large, max-video-preview:-1\" \/>\n<link rel=\"canonical\" href=\"https:\/\/stavebninynikol.cz\/index.php\/product\/lapac-stresnich-splavenin-primy-dn-o-110-mm-cerna\/\" \/>\n<meta property=\"og:locale\" content=\"cs_CZ\" \/>\n<meta property=\"og:type\" content=\"article\" \/>\n<meta property=\"og:title\" content=\"Lapa\u010d st\u0159e\u0161n\u00edch splavenin p\u0159\u00edm\u00fd DN \u00d8 110 mm, \u010dern\u00e1 - StavebninyNikol\" \/>\n<meta property=\"og:description\" content=\"Lapa\u010d st\u0159e\u0161n\u00edch splavenin p\u0159\u00edm\u00fd DN \u00d8 110 mm, \u010dern\u00e1 StavebninyNikol\" \/>\n<meta property=\"og:url\" content=\"https:\/\/stavebninynikol.cz\/index.php\/product\/lapac-stresnich-splavenin-primy-dn-o-110-mm-cerna\/\" \/>\n<meta property=\"og:site_name\" content=\"StavebninyNikol\" \/>\n<meta property=\"article:publisher\" content=\"https:\/\/www.facebook.com\/profile.php?id=100057375402895&amp;mibextid=wwXIfr&amp;rdid=6fQOqALSBiK69Ovq&amp;share_url=httpswww.facebook.comshare1AicpAHGFPmibextidwwXIfr\" \/>\n<meta property=\"og:image\" content=\"https:\/\/stavebninynikol.cz\/wp-content\/uploads\/2026\/02\/149800_Lapac-stresnich-splavenin-primy-DN-110-mm-cerna-ENPRO_0z.jpg\" \/>\n\t<meta property=\"og:image:width\" content=\"1200\" \/>\n\t<meta property=\"og:image:height\" content=\"800\" \/>\n\t<meta property=\"og:image:type\" content=\"image\/jpeg\" \/>\n<meta name=\"twitter:card\" content=\"summary_large_image\" \/>\n<meta name=\"twitter:label1\" content=\"Odhadovan\u00e1 doba \u010dten\u00ed\" \/>\n\t<meta name=\"twitter:data1\" content=\"1 minuta\" \/>\n<script type=\"application\/ld+json\" class=\"yoast-schema-graph\">{\"@context\":\"https:\/\/schema.org\",\"@graph\":[{\"@type\":\"WebPage\",\"@id\":\"https:\/\/stavebninynikol.cz\/index.php\/product\/lapac-stresnich-splavenin-primy-dn-o-110-mm-cerna\/\",\"url\":\"https:\/\/stavebninynikol.cz\/index.php\/product\/lapac-stresnich-splavenin-primy-dn-o-110-mm-cerna\/\",\"name\":\"Lapa\u010d st\u0159e\u0161n\u00edch splavenin p\u0159\u00edm\u00fd DN \u00d8 110 mm, \u010dern\u00e1 - StavebninyNikol\",\"isPartOf\":{\"@id\":\"https:\/\/stavebninynikol.cz\/#website\"},\"primaryImageOfPage\":{\"@id\":\"https:\/\/stavebninynikol.cz\/index.php\/product\/lapac-stresnich-splavenin-primy-dn-o-110-mm-cerna\/#primaryimage\"},\"image\":{\"@id\":\"https:\/\/stavebninynikol.cz\/index.php\/product\/lapac-stresnich-splavenin-primy-dn-o-110-mm-cerna\/#primaryimage\"},\"thumbnailUrl\":\"https:\/\/stavebninynikol.cz\/wp-content\/uploads\/2026\/02\/149800_Lapac-stresnich-splavenin-primy-DN-110-mm-cerna-ENPRO_0z.jpg\",\"datePublished\":\"2026-02-09T10:14:30+00:00\",\"description\":\"Lapa\u010d st\u0159e\u0161n\u00edch splavenin p\u0159\u00edm\u00fd DN \u00d8 110 mm, \u010dern\u00e1 StavebninyNikol\",\"breadcrumb\":{\"@id\":\"https:\/\/stavebninynikol.cz\/index.php\/product\/lapac-stresnich-splavenin-primy-dn-o-110-mm-cerna\/#breadcrumb\"},\"inLanguage\":\"cs\",\"potentialAction\":[{\"@type\":\"ReadAction\",\"target\":[\"https:\/\/stavebninynikol.cz\/index.php\/product\/lapac-stresnich-splavenin-primy-dn-o-110-mm-cerna\/\"]}]},{\"@type\":\"ImageObject\",\"inLanguage\":\"cs\",\"@id\":\"https:\/\/stavebninynikol.cz\/index.php\/product\/lapac-stresnich-splavenin-primy-dn-o-110-mm-cerna\/#primaryimage\",\"url\":\"https:\/\/stavebninynikol.cz\/wp-content\/uploads\/2026\/02\/149800_Lapac-stresnich-splavenin-primy-DN-110-mm-cerna-ENPRO_0z.jpg\",\"contentUrl\":\"https:\/\/stavebninynikol.cz\/wp-content\/uploads\/2026\/02\/149800_Lapac-stresnich-splavenin-primy-DN-110-mm-cerna-ENPRO_0z.jpg\",\"width\":1200,\"height\":800},{\"@type\":\"BreadcrumbList\",\"@id\":\"https:\/\/stavebninynikol.cz\/index.php\/product\/lapac-stresnich-splavenin-primy-dn-o-110-mm-cerna\/#breadcrumb\",\"itemListElement\":[{\"@type\":\"ListItem\",\"position\":1,\"name\":\"Dom\u016f\",\"item\":\"https:\/\/stavebninynikol.cz\/\"},{\"@type\":\"ListItem\",\"position\":2,\"name\":\"Take Your Adventure To The Next Level\",\"item\":\"https:\/\/stavebninynikol.cz\/index.php\/shop\/\"},{\"@type\":\"ListItem\",\"position\":3,\"name\":\"Lapa\u010d st\u0159e\u0161n\u00edch splavenin p\u0159\u00edm\u00fd DN \u00d8 110 mm, \u010dern\u00e1\"}]},{\"@type\":\"WebSite\",\"@id\":\"https:\/\/stavebninynikol.cz\/#website\",\"url\":\"https:\/\/stavebninynikol.cz\/\",\"name\":\"StavebninyNikol\",\"description\":\"stavebniny nikol\",\"publisher\":{\"@id\":\"https:\/\/stavebninynikol.cz\/#organization\"},\"potentialAction\":[{\"@type\":\"SearchAction\",\"target\":{\"@type\":\"EntryPoint\",\"urlTemplate\":\"https:\/\/stavebninynikol.cz\/?s={search_term_string}\"},\"query-input\":{\"@type\":\"PropertyValueSpecification\",\"valueRequired\":true,\"valueName\":\"search_term_string\"}}],\"inLanguage\":\"cs\"},{\"@type\":\"Organization\",\"@id\":\"https:\/\/stavebninynikol.cz\/#organization\",\"name\":\"StavebninyNikol\",\"url\":\"https:\/\/stavebninynikol.cz\/\",\"logo\":{\"@type\":\"ImageObject\",\"inLanguage\":\"cs\",\"@id\":\"https:\/\/stavebninynikol.cz\/#\/schema\/logo\/image\/\",\"url\":\"https:\/\/stavebninynikol.cz\/wp-content\/uploads\/2025\/07\/NIKOL_logo.eps-1-e1757927564347.webp\",\"contentUrl\":\"https:\/\/stavebninynikol.cz\/wp-content\/uploads\/2025\/07\/NIKOL_logo.eps-1-e1757927564347.webp\",\"width\":512,\"height\":132,\"caption\":\"StavebninyNikol\"},\"image\":{\"@id\":\"https:\/\/stavebninynikol.cz\/#\/schema\/logo\/image\/\"},\"sameAs\":[\"https:\/\/www.facebook.com\/profile.php?id=100057375402895&mibextid=wwXIfr&rdid=6fQOqALSBiK69Ovq&share_url=httpswww.facebook.comshare1AicpAHGFPmibextidwwXIfr\"]}]}<\/script>\n<!-- \/ Yoast SEO plugin. -->","yoast_head_json":{"title":"Lapa\u010d st\u0159e\u0161n\u00edch splavenin p\u0159\u00edm\u00fd DN \u00d8 110 mm, \u010dern\u00e1 - StavebninyNikol","description":"Lapa\u010d st\u0159e\u0161n\u00edch splavenin p\u0159\u00edm\u00fd DN \u00d8 110 mm, \u010dern\u00e1 StavebninyNikol","robots":{"index":"index","follow":"follow","max-snippet":"max-snippet:-1","max-image-preview":"max-image-preview:large","max-video-preview":"max-video-preview:-1"},"canonical":"https:\/\/stavebninynikol.cz\/index.php\/product\/lapac-stresnich-splavenin-primy-dn-o-110-mm-cerna\/","og_locale":"cs_CZ","og_type":"article","og_title":"Lapa\u010d st\u0159e\u0161n\u00edch splavenin p\u0159\u00edm\u00fd DN \u00d8 110 mm, \u010dern\u00e1 - StavebninyNikol","og_description":"Lapa\u010d st\u0159e\u0161n\u00edch splavenin p\u0159\u00edm\u00fd DN \u00d8 110 mm, \u010dern\u00e1 StavebninyNikol","og_url":"https:\/\/stavebninynikol.cz\/index.php\/product\/lapac-stresnich-splavenin-primy-dn-o-110-mm-cerna\/","og_site_name":"StavebninyNikol","article_publisher":"https:\/\/www.facebook.com\/profile.php?id=100057375402895&mibextid=wwXIfr&rdid=6fQOqALSBiK69Ovq&share_url=httpswww.facebook.comshare1AicpAHGFPmibextidwwXIfr","og_image":[{"width":1200,"height":800,"url":"https:\/\/stavebninynikol.cz\/wp-content\/uploads\/2026\/02\/149800_Lapac-stresnich-splavenin-primy-DN-110-mm-cerna-ENPRO_0z.jpg","type":"image\/jpeg"}],"twitter_card":"summary_large_image","twitter_misc":{"Odhadovan\u00e1 doba \u010dten\u00ed":"1 minuta"},"schema":{"@context":"https:\/\/schema.org","@graph":[{"@type":"WebPage","@id":"https:\/\/stavebninynikol.cz\/index.php\/product\/lapac-stresnich-splavenin-primy-dn-o-110-mm-cerna\/","url":"https:\/\/stavebninynikol.cz\/index.php\/product\/lapac-stresnich-splavenin-primy-dn-o-110-mm-cerna\/","name":"Lapa\u010d st\u0159e\u0161n\u00edch splavenin p\u0159\u00edm\u00fd DN \u00d8 110 mm, \u010dern\u00e1 - StavebninyNikol","isPartOf":{"@id":"https:\/\/stavebninynikol.cz\/#website"},"primaryImageOfPage":{"@id":"https:\/\/stavebninynikol.cz\/index.php\/product\/lapac-stresnich-splavenin-primy-dn-o-110-mm-cerna\/#primaryimage"},"image":{"@id":"https:\/\/stavebninynikol.cz\/index.php\/product\/lapac-stresnich-splavenin-primy-dn-o-110-mm-cerna\/#primaryimage"},"thumbnailUrl":"https:\/\/stavebninynikol.cz\/wp-content\/uploads\/2026\/02\/149800_Lapac-stresnich-splavenin-primy-DN-110-mm-cerna-ENPRO_0z.jpg","datePublished":"2026-02-09T10:14:30+00:00","description":"Lapa\u010d st\u0159e\u0161n\u00edch splavenin p\u0159\u00edm\u00fd DN \u00d8 110 mm, \u010dern\u00e1 StavebninyNikol","breadcrumb":{"@id":"https:\/\/stavebninynikol.cz\/index.php\/product\/lapac-stresnich-splavenin-primy-dn-o-110-mm-cerna\/#breadcrumb"},"inLanguage":"cs","potentialAction":[{"@type":"ReadAction","target":["https:\/\/stavebninynikol.cz\/index.php\/product\/lapac-stresnich-splavenin-primy-dn-o-110-mm-cerna\/"]}]},{"@type":"ImageObject","inLanguage":"cs","@id":"https:\/\/stavebninynikol.cz\/index.php\/product\/lapac-stresnich-splavenin-primy-dn-o-110-mm-cerna\/#primaryimage","url":"https:\/\/stavebninynikol.cz\/wp-content\/uploads\/2026\/02\/149800_Lapac-stresnich-splavenin-primy-DN-110-mm-cerna-ENPRO_0z.jpg","contentUrl":"https:\/\/stavebninynikol.cz\/wp-content\/uploads\/2026\/02\/149800_Lapac-stresnich-splavenin-primy-DN-110-mm-cerna-ENPRO_0z.jpg","width":1200,"height":800},{"@type":"BreadcrumbList","@id":"https:\/\/stavebninynikol.cz\/index.php\/product\/lapac-stresnich-splavenin-primy-dn-o-110-mm-cerna\/#breadcrumb","itemListElement":[{"@type":"ListItem","position":1,"name":"Dom\u016f","item":"https:\/\/stavebninynikol.cz\/"},{"@type":"ListItem","position":2,"name":"Take Your Adventure To The Next Level","item":"https:\/\/stavebninynikol.cz\/index.php\/shop\/"},{"@type":"ListItem","position":3,"name":"Lapa\u010d st\u0159e\u0161n\u00edch splavenin p\u0159\u00edm\u00fd DN \u00d8 110 mm, \u010dern\u00e1"}]},{"@type":"WebSite","@id":"https:\/\/stavebninynikol.cz\/#website","url":"https:\/\/stavebninynikol.cz\/","name":"StavebninyNikol","description":"stavebniny nikol","publisher":{"@id":"https:\/\/stavebninynikol.cz\/#organization"},"potentialAction":[{"@type":"SearchAction","target":{"@type":"EntryPoint","urlTemplate":"https:\/\/stavebninynikol.cz\/?s={search_term_string}"},"query-input":{"@type":"PropertyValueSpecification","valueRequired":true,"valueName":"search_term_string"}}],"inLanguage":"cs"},{"@type":"Organization","@id":"https:\/\/stavebninynikol.cz\/#organization","name":"StavebninyNikol","url":"https:\/\/stavebninynikol.cz\/","logo":{"@type":"ImageObject","inLanguage":"cs","@id":"https:\/\/stavebninynikol.cz\/#\/schema\/logo\/image\/","url":"https:\/\/stavebninynikol.cz\/wp-content\/uploads\/2025\/07\/NIKOL_logo.eps-1-e1757927564347.webp","contentUrl":"https:\/\/stavebninynikol.cz\/wp-content\/uploads\/2025\/07\/NIKOL_logo.eps-1-e1757927564347.webp","width":512,"height":132,"caption":"StavebninyNikol"},"image":{"@id":"https:\/\/stavebninynikol.cz\/#\/schema\/logo\/image\/"},"sameAs":["https:\/\/www.facebook.com\/profile.php?id=100057375402895&mibextid=wwXIfr&rdid=6fQOqALSBiK69Ovq&share_url=httpswww.facebook.comshare1AicpAHGFPmibextidwwXIfr"]}]}},"_links":{"self":[{"href":"https:\/\/stavebninynikol.cz\/index.php\/wp-json\/wp\/v2\/product\/3460","targetHints":{"allow":["GET"]}}],"collection":[{"href":"https:\/\/stavebninynikol.cz\/index.php\/wp-json\/wp\/v2\/product"}],"about":[{"href":"https:\/\/stavebninynikol.cz\/index.php\/wp-json\/wp\/v2\/types\/product"}],"replies":[{"embeddable":true,"href":"https:\/\/stavebninynikol.cz\/index.php\/wp-json\/wp\/v2\/comments?post=3460"}],"wp:featuredmedia":[{"embeddable":true,"href":"https:\/\/stavebninynikol.cz\/index.php\/wp-json\/wp\/v2\/media\/3461"}],"wp:attachment":[{"href":"https:\/\/stavebninynikol.cz\/index.php\/wp-json\/wp\/v2\/media?parent=3460"}],"wp:term":[{"taxonomy":"product_brand","embeddable":true,"href":"https:\/\/stavebninynikol.cz\/index.php\/wp-json\/wp\/v2\/product_brand?post=3460"},{"taxonomy":"product_cat","embeddable":true,"href":"https:\/\/stavebninynikol.cz\/index.php\/wp-json\/wp\/v2\/product_cat?post=3460"},{"taxonomy":"product_tag","embeddable":true,"href":"https:\/\/stavebninynikol.cz\/index.php\/wp-json\/wp\/v2\/product_tag?post=3460"}],"curies":[{"name":"wp","href":"https:\/\/api.w.org\/{rel}","templated":true}]}}