{"id":3464,"date":"2026-02-09T10:27:40","date_gmt":"2026-02-09T10:27:40","guid":{"rendered":"https:\/\/stavebninynikol.cz\/?post_type=product&#038;p=3464"},"modified":"2026-02-09T10:27:40","modified_gmt":"2026-02-09T10:27:40","slug":"ukoncovaci-lista-k-nopove-folii-plastova-2m","status":"publish","type":"product","link":"https:\/\/stavebninynikol.cz\/index.php\/product\/ukoncovaci-lista-k-nopove-folii-plastova-2m\/","title":{"rendered":"Ukon\u010dovac\u00ed li\u0161ta k nopov\u00e9 folii Plastov\u00e1 2m"},"content":{"rendered":"","protected":false},"excerpt":{"rendered":"<p>Speci\u00e1ln\u00ed ukon\u010dovac\u00ed li\u0161ta zaji\u0161\u0165uje \u010dist\u00fd okraj nopov\u00e9 f\u00f3lie a bezpe\u010dn\u00e9 upevn\u011bn\u00ed. Li\u0161ta tak\u00e9 zabra\u0148uje vstupu ciz\u00edch materi\u00e1l\u016f do vzduchov\u00e9 mezery mezi nopy a z\u00e1kladn\u00ed zd\u00ed.<\/p>\n<p>Li\u0161ty doporu\u010dujeme kotvit v osov\u00e9 vzd\u00e1lenosti max. 200 mm.<\/p>\n","protected":false},"featured_media":3465,"comment_status":"open","ping_status":"closed","template":"","meta":[],"product_brand":[],"product_cat":[455,456],"product_tag":[],"class_list":{"0":"post-3464","1":"product","2":"type-product","3":"status-publish","4":"has-post-thumbnail","6":"product_cat-drenaze-a-odvodeni","7":"product_cat-nopove-folie","9":"first","10":"instock","11":"shipping-taxable","12":"product-type-simple"},"yoast_head":"<!-- This site is optimized with the Yoast SEO plugin v26.9 - https:\/\/yoast.com\/product\/yoast-seo-wordpress\/ -->\n<title>Ukon\u010dovac\u00ed li\u0161ta k nopov\u00e9 folii Plastov\u00e1 2m - StavebninyNikol<\/title>\n<meta name=\"description\" content=\"Ukon\u010dovac\u00ed li\u0161ta k nopov\u00e9 folii Plastov\u00e1 2m StavebninyNikol\" \/>\n<meta name=\"robots\" content=\"index, follow, max-snippet:-1, max-image-preview:large, max-video-preview:-1\" \/>\n<link rel=\"canonical\" href=\"https:\/\/stavebninynikol.cz\/index.php\/product\/ukoncovaci-lista-k-nopove-folii-plastova-2m\/\" \/>\n<meta property=\"og:locale\" content=\"cs_CZ\" \/>\n<meta property=\"og:type\" content=\"article\" \/>\n<meta property=\"og:title\" content=\"Ukon\u010dovac\u00ed li\u0161ta k nopov\u00e9 folii Plastov\u00e1 2m - StavebninyNikol\" \/>\n<meta property=\"og:description\" content=\"Ukon\u010dovac\u00ed li\u0161ta k nopov\u00e9 folii Plastov\u00e1 2m StavebninyNikol\" \/>\n<meta property=\"og:url\" content=\"https:\/\/stavebninynikol.cz\/index.php\/product\/ukoncovaci-lista-k-nopove-folii-plastova-2m\/\" \/>\n<meta property=\"og:site_name\" content=\"StavebninyNikol\" \/>\n<meta property=\"article:publisher\" content=\"https:\/\/www.facebook.com\/profile.php?id=100057375402895&amp;mibextid=wwXIfr&amp;rdid=6fQOqALSBiK69Ovq&amp;share_url=httpswww.facebook.comshare1AicpAHGFPmibextidwwXIfr\" \/>\n<meta property=\"og:image\" content=\"https:\/\/stavebninynikol.cz\/wp-content\/uploads\/2026\/02\/ukoncovaci-lista-venti-n-w478-h334-f1-fc27a8b362a2e7e81b16201bd3f442e4.jpg\" \/>\n\t<meta property=\"og:image:width\" content=\"445\" \/>\n\t<meta property=\"og:image:height\" content=\"334\" \/>\n\t<meta property=\"og:image:type\" content=\"image\/jpeg\" \/>\n<meta name=\"twitter:card\" content=\"summary_large_image\" \/>\n<meta name=\"twitter:label1\" content=\"Odhadovan\u00e1 doba \u010dten\u00ed\" \/>\n\t<meta name=\"twitter:data1\" content=\"1 minuta\" \/>\n<script type=\"application\/ld+json\" class=\"yoast-schema-graph\">{\"@context\":\"https:\/\/schema.org\",\"@graph\":[{\"@type\":\"WebPage\",\"@id\":\"https:\/\/stavebninynikol.cz\/index.php\/product\/ukoncovaci-lista-k-nopove-folii-plastova-2m\/\",\"url\":\"https:\/\/stavebninynikol.cz\/index.php\/product\/ukoncovaci-lista-k-nopove-folii-plastova-2m\/\",\"name\":\"Ukon\u010dovac\u00ed li\u0161ta k nopov\u00e9 folii Plastov\u00e1 2m - StavebninyNikol\",\"isPartOf\":{\"@id\":\"https:\/\/stavebninynikol.cz\/#website\"},\"primaryImageOfPage\":{\"@id\":\"https:\/\/stavebninynikol.cz\/index.php\/product\/ukoncovaci-lista-k-nopove-folii-plastova-2m\/#primaryimage\"},\"image\":{\"@id\":\"https:\/\/stavebninynikol.cz\/index.php\/product\/ukoncovaci-lista-k-nopove-folii-plastova-2m\/#primaryimage\"},\"thumbnailUrl\":\"https:\/\/stavebninynikol.cz\/wp-content\/uploads\/2026\/02\/ukoncovaci-lista-venti-n-w478-h334-f1-fc27a8b362a2e7e81b16201bd3f442e4.jpg\",\"datePublished\":\"2026-02-09T10:27:40+00:00\",\"description\":\"Ukon\u010dovac\u00ed li\u0161ta k nopov\u00e9 folii Plastov\u00e1 2m StavebninyNikol\",\"breadcrumb\":{\"@id\":\"https:\/\/stavebninynikol.cz\/index.php\/product\/ukoncovaci-lista-k-nopove-folii-plastova-2m\/#breadcrumb\"},\"inLanguage\":\"cs\",\"potentialAction\":[{\"@type\":\"ReadAction\",\"target\":[\"https:\/\/stavebninynikol.cz\/index.php\/product\/ukoncovaci-lista-k-nopove-folii-plastova-2m\/\"]}]},{\"@type\":\"ImageObject\",\"inLanguage\":\"cs\",\"@id\":\"https:\/\/stavebninynikol.cz\/index.php\/product\/ukoncovaci-lista-k-nopove-folii-plastova-2m\/#primaryimage\",\"url\":\"https:\/\/stavebninynikol.cz\/wp-content\/uploads\/2026\/02\/ukoncovaci-lista-venti-n-w478-h334-f1-fc27a8b362a2e7e81b16201bd3f442e4.jpg\",\"contentUrl\":\"https:\/\/stavebninynikol.cz\/wp-content\/uploads\/2026\/02\/ukoncovaci-lista-venti-n-w478-h334-f1-fc27a8b362a2e7e81b16201bd3f442e4.jpg\",\"width\":445,\"height\":334},{\"@type\":\"BreadcrumbList\",\"@id\":\"https:\/\/stavebninynikol.cz\/index.php\/product\/ukoncovaci-lista-k-nopove-folii-plastova-2m\/#breadcrumb\",\"itemListElement\":[{\"@type\":\"ListItem\",\"position\":1,\"name\":\"Dom\u016f\",\"item\":\"https:\/\/stavebninynikol.cz\/\"},{\"@type\":\"ListItem\",\"position\":2,\"name\":\"Take Your Adventure To The Next Level\",\"item\":\"https:\/\/stavebninynikol.cz\/index.php\/shop\/\"},{\"@type\":\"ListItem\",\"position\":3,\"name\":\"Ukon\u010dovac\u00ed li\u0161ta k nopov\u00e9 folii Plastov\u00e1 2m\"}]},{\"@type\":\"WebSite\",\"@id\":\"https:\/\/stavebninynikol.cz\/#website\",\"url\":\"https:\/\/stavebninynikol.cz\/\",\"name\":\"StavebninyNikol\",\"description\":\"stavebniny nikol\",\"publisher\":{\"@id\":\"https:\/\/stavebninynikol.cz\/#organization\"},\"potentialAction\":[{\"@type\":\"SearchAction\",\"target\":{\"@type\":\"EntryPoint\",\"urlTemplate\":\"https:\/\/stavebninynikol.cz\/?s={search_term_string}\"},\"query-input\":{\"@type\":\"PropertyValueSpecification\",\"valueRequired\":true,\"valueName\":\"search_term_string\"}}],\"inLanguage\":\"cs\"},{\"@type\":\"Organization\",\"@id\":\"https:\/\/stavebninynikol.cz\/#organization\",\"name\":\"StavebninyNikol\",\"url\":\"https:\/\/stavebninynikol.cz\/\",\"logo\":{\"@type\":\"ImageObject\",\"inLanguage\":\"cs\",\"@id\":\"https:\/\/stavebninynikol.cz\/#\/schema\/logo\/image\/\",\"url\":\"https:\/\/stavebninynikol.cz\/wp-content\/uploads\/2025\/07\/NIKOL_logo.eps-1-e1757927564347.webp\",\"contentUrl\":\"https:\/\/stavebninynikol.cz\/wp-content\/uploads\/2025\/07\/NIKOL_logo.eps-1-e1757927564347.webp\",\"width\":512,\"height\":132,\"caption\":\"StavebninyNikol\"},\"image\":{\"@id\":\"https:\/\/stavebninynikol.cz\/#\/schema\/logo\/image\/\"},\"sameAs\":[\"https:\/\/www.facebook.com\/profile.php?id=100057375402895&mibextid=wwXIfr&rdid=6fQOqALSBiK69Ovq&share_url=httpswww.facebook.comshare1AicpAHGFPmibextidwwXIfr\"]}]}<\/script>\n<!-- \/ Yoast SEO plugin. -->","yoast_head_json":{"title":"Ukon\u010dovac\u00ed li\u0161ta k nopov\u00e9 folii Plastov\u00e1 2m - StavebninyNikol","description":"Ukon\u010dovac\u00ed li\u0161ta k nopov\u00e9 folii Plastov\u00e1 2m StavebninyNikol","robots":{"index":"index","follow":"follow","max-snippet":"max-snippet:-1","max-image-preview":"max-image-preview:large","max-video-preview":"max-video-preview:-1"},"canonical":"https:\/\/stavebninynikol.cz\/index.php\/product\/ukoncovaci-lista-k-nopove-folii-plastova-2m\/","og_locale":"cs_CZ","og_type":"article","og_title":"Ukon\u010dovac\u00ed li\u0161ta k nopov\u00e9 folii Plastov\u00e1 2m - StavebninyNikol","og_description":"Ukon\u010dovac\u00ed li\u0161ta k nopov\u00e9 folii Plastov\u00e1 2m StavebninyNikol","og_url":"https:\/\/stavebninynikol.cz\/index.php\/product\/ukoncovaci-lista-k-nopove-folii-plastova-2m\/","og_site_name":"StavebninyNikol","article_publisher":"https:\/\/www.facebook.com\/profile.php?id=100057375402895&mibextid=wwXIfr&rdid=6fQOqALSBiK69Ovq&share_url=httpswww.facebook.comshare1AicpAHGFPmibextidwwXIfr","og_image":[{"width":445,"height":334,"url":"https:\/\/stavebninynikol.cz\/wp-content\/uploads\/2026\/02\/ukoncovaci-lista-venti-n-w478-h334-f1-fc27a8b362a2e7e81b16201bd3f442e4.jpg","type":"image\/jpeg"}],"twitter_card":"summary_large_image","twitter_misc":{"Odhadovan\u00e1 doba \u010dten\u00ed":"1 minuta"},"schema":{"@context":"https:\/\/schema.org","@graph":[{"@type":"WebPage","@id":"https:\/\/stavebninynikol.cz\/index.php\/product\/ukoncovaci-lista-k-nopove-folii-plastova-2m\/","url":"https:\/\/stavebninynikol.cz\/index.php\/product\/ukoncovaci-lista-k-nopove-folii-plastova-2m\/","name":"Ukon\u010dovac\u00ed li\u0161ta k nopov\u00e9 folii Plastov\u00e1 2m - StavebninyNikol","isPartOf":{"@id":"https:\/\/stavebninynikol.cz\/#website"},"primaryImageOfPage":{"@id":"https:\/\/stavebninynikol.cz\/index.php\/product\/ukoncovaci-lista-k-nopove-folii-plastova-2m\/#primaryimage"},"image":{"@id":"https:\/\/stavebninynikol.cz\/index.php\/product\/ukoncovaci-lista-k-nopove-folii-plastova-2m\/#primaryimage"},"thumbnailUrl":"https:\/\/stavebninynikol.cz\/wp-content\/uploads\/2026\/02\/ukoncovaci-lista-venti-n-w478-h334-f1-fc27a8b362a2e7e81b16201bd3f442e4.jpg","datePublished":"2026-02-09T10:27:40+00:00","description":"Ukon\u010dovac\u00ed li\u0161ta k nopov\u00e9 folii Plastov\u00e1 2m StavebninyNikol","breadcrumb":{"@id":"https:\/\/stavebninynikol.cz\/index.php\/product\/ukoncovaci-lista-k-nopove-folii-plastova-2m\/#breadcrumb"},"inLanguage":"cs","potentialAction":[{"@type":"ReadAction","target":["https:\/\/stavebninynikol.cz\/index.php\/product\/ukoncovaci-lista-k-nopove-folii-plastova-2m\/"]}]},{"@type":"ImageObject","inLanguage":"cs","@id":"https:\/\/stavebninynikol.cz\/index.php\/product\/ukoncovaci-lista-k-nopove-folii-plastova-2m\/#primaryimage","url":"https:\/\/stavebninynikol.cz\/wp-content\/uploads\/2026\/02\/ukoncovaci-lista-venti-n-w478-h334-f1-fc27a8b362a2e7e81b16201bd3f442e4.jpg","contentUrl":"https:\/\/stavebninynikol.cz\/wp-content\/uploads\/2026\/02\/ukoncovaci-lista-venti-n-w478-h334-f1-fc27a8b362a2e7e81b16201bd3f442e4.jpg","width":445,"height":334},{"@type":"BreadcrumbList","@id":"https:\/\/stavebninynikol.cz\/index.php\/product\/ukoncovaci-lista-k-nopove-folii-plastova-2m\/#breadcrumb","itemListElement":[{"@type":"ListItem","position":1,"name":"Dom\u016f","item":"https:\/\/stavebninynikol.cz\/"},{"@type":"ListItem","position":2,"name":"Take Your Adventure To The Next Level","item":"https:\/\/stavebninynikol.cz\/index.php\/shop\/"},{"@type":"ListItem","position":3,"name":"Ukon\u010dovac\u00ed li\u0161ta k nopov\u00e9 folii Plastov\u00e1 2m"}]},{"@type":"WebSite","@id":"https:\/\/stavebninynikol.cz\/#website","url":"https:\/\/stavebninynikol.cz\/","name":"StavebninyNikol","description":"stavebniny nikol","publisher":{"@id":"https:\/\/stavebninynikol.cz\/#organization"},"potentialAction":[{"@type":"SearchAction","target":{"@type":"EntryPoint","urlTemplate":"https:\/\/stavebninynikol.cz\/?s={search_term_string}"},"query-input":{"@type":"PropertyValueSpecification","valueRequired":true,"valueName":"search_term_string"}}],"inLanguage":"cs"},{"@type":"Organization","@id":"https:\/\/stavebninynikol.cz\/#organization","name":"StavebninyNikol","url":"https:\/\/stavebninynikol.cz\/","logo":{"@type":"ImageObject","inLanguage":"cs","@id":"https:\/\/stavebninynikol.cz\/#\/schema\/logo\/image\/","url":"https:\/\/stavebninynikol.cz\/wp-content\/uploads\/2025\/07\/NIKOL_logo.eps-1-e1757927564347.webp","contentUrl":"https:\/\/stavebninynikol.cz\/wp-content\/uploads\/2025\/07\/NIKOL_logo.eps-1-e1757927564347.webp","width":512,"height":132,"caption":"StavebninyNikol"},"image":{"@id":"https:\/\/stavebninynikol.cz\/#\/schema\/logo\/image\/"},"sameAs":["https:\/\/www.facebook.com\/profile.php?id=100057375402895&mibextid=wwXIfr&rdid=6fQOqALSBiK69Ovq&share_url=httpswww.facebook.comshare1AicpAHGFPmibextidwwXIfr"]}]}},"_links":{"self":[{"href":"https:\/\/stavebninynikol.cz\/index.php\/wp-json\/wp\/v2\/product\/3464","targetHints":{"allow":["GET"]}}],"collection":[{"href":"https:\/\/stavebninynikol.cz\/index.php\/wp-json\/wp\/v2\/product"}],"about":[{"href":"https:\/\/stavebninynikol.cz\/index.php\/wp-json\/wp\/v2\/types\/product"}],"replies":[{"embeddable":true,"href":"https:\/\/stavebninynikol.cz\/index.php\/wp-json\/wp\/v2\/comments?post=3464"}],"wp:featuredmedia":[{"embeddable":true,"href":"https:\/\/stavebninynikol.cz\/index.php\/wp-json\/wp\/v2\/media\/3465"}],"wp:attachment":[{"href":"https:\/\/stavebninynikol.cz\/index.php\/wp-json\/wp\/v2\/media?parent=3464"}],"wp:term":[{"taxonomy":"product_brand","embeddable":true,"href":"https:\/\/stavebninynikol.cz\/index.php\/wp-json\/wp\/v2\/product_brand?post=3464"},{"taxonomy":"product_cat","embeddable":true,"href":"https:\/\/stavebninynikol.cz\/index.php\/wp-json\/wp\/v2\/product_cat?post=3464"},{"taxonomy":"product_tag","embeddable":true,"href":"https:\/\/stavebninynikol.cz\/index.php\/wp-json\/wp\/v2\/product_tag?post=3464"}],"curies":[{"name":"wp","href":"https:\/\/api.w.org\/{rel}","templated":true}]}}