{"id":3493,"date":"2026-02-10T09:39:33","date_gmt":"2026-02-10T09:39:33","guid":{"rendered":"https:\/\/stavebninynikol.cz\/?post_type=product&#038;p=3493"},"modified":"2026-02-10T09:39:33","modified_gmt":"2026-02-10T09:39:33","slug":"permanentni-popisovac-velky-centropen-kulaty-hrot-cerny","status":"publish","type":"product","link":"https:\/\/stavebninynikol.cz\/index.php\/product\/permanentni-popisovac-velky-centropen-kulaty-hrot-cerny\/","title":{"rendered":"Permanentn\u00ed popisova\u010d Velk\u00fd Centropen &#8211; kulat\u00fd hrot, \u010dern\u00fd"},"content":{"rendered":"","protected":false},"excerpt":{"rendered":"<ul>\n<li>Permanentn\u00ed popisova\u010d na nepor\u00e9zn\u00ed materi\u00e1ly<\/li>\n<li>Po zaschnut\u00ed je fix velmi odoln\u00fd proti vod\u011b, od\u011bru i teplot\u011b 100\u00b0C<\/li>\n<li>Popisova\u010d Centropen pou\u017eijte na popis kartonov\u00fdch krabic, pap\u00edr, skla, gumy, porcel\u00e1nu, f\u00f3lie nebo betonu<\/li>\n<\/ul>\n","protected":false},"featured_media":3494,"comment_status":"open","ping_status":"closed","template":"","meta":[],"product_brand":[],"product_cat":[424,460],"product_tag":[],"class_list":{"0":"post-3493","1":"product","2":"type-product","3":"status-publish","4":"has-post-thumbnail","6":"product_cat-rucni-stavebni-naradi-a-prislusenstvi","7":"product_cat-tuzky-popisovace-a-znackovaci-spreje","9":"first","10":"instock","11":"shipping-taxable","12":"product-type-simple"},"yoast_head":"<!-- This site is optimized with the Yoast SEO plugin v26.9 - https:\/\/yoast.com\/product\/yoast-seo-wordpress\/ -->\n<title>Permanentn\u00ed popisova\u010d Velk\u00fd Centropen - kulat\u00fd hrot, \u010dern\u00fd - StavebninyNikol<\/title>\n<meta name=\"description\" content=\"Permanentn\u00ed popisova\u010d Velk\u00fd Centropen - kulat\u00fd hrot, \u010dern\u00fd StavebninyNikol\" \/>\n<meta name=\"robots\" content=\"index, follow, max-snippet:-1, max-image-preview:large, max-video-preview:-1\" \/>\n<link rel=\"canonical\" href=\"https:\/\/stavebninynikol.cz\/index.php\/product\/permanentni-popisovac-velky-centropen-kulaty-hrot-cerny\/\" \/>\n<meta property=\"og:locale\" content=\"cs_CZ\" \/>\n<meta property=\"og:type\" content=\"article\" \/>\n<meta property=\"og:title\" content=\"Permanentn\u00ed popisova\u010d Velk\u00fd Centropen - kulat\u00fd hrot, \u010dern\u00fd - StavebninyNikol\" \/>\n<meta property=\"og:description\" content=\"Permanentn\u00ed popisova\u010d Velk\u00fd Centropen - kulat\u00fd hrot, \u010dern\u00fd StavebninyNikol\" \/>\n<meta property=\"og:url\" content=\"https:\/\/stavebninynikol.cz\/index.php\/product\/permanentni-popisovac-velky-centropen-kulaty-hrot-cerny\/\" \/>\n<meta property=\"og:site_name\" content=\"StavebninyNikol\" \/>\n<meta property=\"article:publisher\" content=\"https:\/\/www.facebook.com\/profile.php?id=100057375402895&amp;mibextid=wwXIfr&amp;rdid=6fQOqALSBiK69Ovq&amp;share_url=httpswww.facebook.comshare1AicpAHGFPmibextidwwXIfr\" \/>\n<meta property=\"og:image\" content=\"https:\/\/stavebninynikol.cz\/wp-content\/uploads\/2026\/02\/permanentni-popisovac-centropen-8566-kulaty-hrot-cerny-original.webp\" \/>\n\t<meta property=\"og:image:width\" content=\"696\" \/>\n\t<meta property=\"og:image:height\" content=\"700\" \/>\n\t<meta property=\"og:image:type\" content=\"image\/webp\" \/>\n<meta name=\"twitter:card\" content=\"summary_large_image\" \/>\n<meta name=\"twitter:label1\" content=\"Odhadovan\u00e1 doba \u010dten\u00ed\" \/>\n\t<meta name=\"twitter:data1\" content=\"1 minuta\" \/>\n<script type=\"application\/ld+json\" class=\"yoast-schema-graph\">{\"@context\":\"https:\/\/schema.org\",\"@graph\":[{\"@type\":\"WebPage\",\"@id\":\"https:\/\/stavebninynikol.cz\/index.php\/product\/permanentni-popisovac-velky-centropen-kulaty-hrot-cerny\/\",\"url\":\"https:\/\/stavebninynikol.cz\/index.php\/product\/permanentni-popisovac-velky-centropen-kulaty-hrot-cerny\/\",\"name\":\"Permanentn\u00ed popisova\u010d Velk\u00fd Centropen - kulat\u00fd hrot, \u010dern\u00fd - StavebninyNikol\",\"isPartOf\":{\"@id\":\"https:\/\/stavebninynikol.cz\/#website\"},\"primaryImageOfPage\":{\"@id\":\"https:\/\/stavebninynikol.cz\/index.php\/product\/permanentni-popisovac-velky-centropen-kulaty-hrot-cerny\/#primaryimage\"},\"image\":{\"@id\":\"https:\/\/stavebninynikol.cz\/index.php\/product\/permanentni-popisovac-velky-centropen-kulaty-hrot-cerny\/#primaryimage\"},\"thumbnailUrl\":\"https:\/\/stavebninynikol.cz\/wp-content\/uploads\/2026\/02\/permanentni-popisovac-centropen-8566-kulaty-hrot-cerny-original.webp\",\"datePublished\":\"2026-02-10T09:39:33+00:00\",\"description\":\"Permanentn\u00ed popisova\u010d Velk\u00fd Centropen - kulat\u00fd hrot, \u010dern\u00fd StavebninyNikol\",\"breadcrumb\":{\"@id\":\"https:\/\/stavebninynikol.cz\/index.php\/product\/permanentni-popisovac-velky-centropen-kulaty-hrot-cerny\/#breadcrumb\"},\"inLanguage\":\"cs\",\"potentialAction\":[{\"@type\":\"ReadAction\",\"target\":[\"https:\/\/stavebninynikol.cz\/index.php\/product\/permanentni-popisovac-velky-centropen-kulaty-hrot-cerny\/\"]}]},{\"@type\":\"ImageObject\",\"inLanguage\":\"cs\",\"@id\":\"https:\/\/stavebninynikol.cz\/index.php\/product\/permanentni-popisovac-velky-centropen-kulaty-hrot-cerny\/#primaryimage\",\"url\":\"https:\/\/stavebninynikol.cz\/wp-content\/uploads\/2026\/02\/permanentni-popisovac-centropen-8566-kulaty-hrot-cerny-original.webp\",\"contentUrl\":\"https:\/\/stavebninynikol.cz\/wp-content\/uploads\/2026\/02\/permanentni-popisovac-centropen-8566-kulaty-hrot-cerny-original.webp\",\"width\":696,\"height\":700},{\"@type\":\"BreadcrumbList\",\"@id\":\"https:\/\/stavebninynikol.cz\/index.php\/product\/permanentni-popisovac-velky-centropen-kulaty-hrot-cerny\/#breadcrumb\",\"itemListElement\":[{\"@type\":\"ListItem\",\"position\":1,\"name\":\"Dom\u016f\",\"item\":\"https:\/\/stavebninynikol.cz\/\"},{\"@type\":\"ListItem\",\"position\":2,\"name\":\"Take Your Adventure To The Next Level\",\"item\":\"https:\/\/stavebninynikol.cz\/index.php\/shop\/\"},{\"@type\":\"ListItem\",\"position\":3,\"name\":\"Permanentn\u00ed popisova\u010d Velk\u00fd Centropen &#8211; kulat\u00fd hrot, \u010dern\u00fd\"}]},{\"@type\":\"WebSite\",\"@id\":\"https:\/\/stavebninynikol.cz\/#website\",\"url\":\"https:\/\/stavebninynikol.cz\/\",\"name\":\"StavebninyNikol\",\"description\":\"stavebniny nikol\",\"publisher\":{\"@id\":\"https:\/\/stavebninynikol.cz\/#organization\"},\"potentialAction\":[{\"@type\":\"SearchAction\",\"target\":{\"@type\":\"EntryPoint\",\"urlTemplate\":\"https:\/\/stavebninynikol.cz\/?s={search_term_string}\"},\"query-input\":{\"@type\":\"PropertyValueSpecification\",\"valueRequired\":true,\"valueName\":\"search_term_string\"}}],\"inLanguage\":\"cs\"},{\"@type\":\"Organization\",\"@id\":\"https:\/\/stavebninynikol.cz\/#organization\",\"name\":\"StavebninyNikol\",\"url\":\"https:\/\/stavebninynikol.cz\/\",\"logo\":{\"@type\":\"ImageObject\",\"inLanguage\":\"cs\",\"@id\":\"https:\/\/stavebninynikol.cz\/#\/schema\/logo\/image\/\",\"url\":\"https:\/\/stavebninynikol.cz\/wp-content\/uploads\/2025\/07\/NIKOL_logo.eps-1-e1757927564347.webp\",\"contentUrl\":\"https:\/\/stavebninynikol.cz\/wp-content\/uploads\/2025\/07\/NIKOL_logo.eps-1-e1757927564347.webp\",\"width\":512,\"height\":132,\"caption\":\"StavebninyNikol\"},\"image\":{\"@id\":\"https:\/\/stavebninynikol.cz\/#\/schema\/logo\/image\/\"},\"sameAs\":[\"https:\/\/www.facebook.com\/profile.php?id=100057375402895&mibextid=wwXIfr&rdid=6fQOqALSBiK69Ovq&share_url=httpswww.facebook.comshare1AicpAHGFPmibextidwwXIfr\"]}]}<\/script>\n<!-- \/ Yoast SEO plugin. -->","yoast_head_json":{"title":"Permanentn\u00ed popisova\u010d Velk\u00fd Centropen - kulat\u00fd hrot, \u010dern\u00fd - StavebninyNikol","description":"Permanentn\u00ed popisova\u010d Velk\u00fd Centropen - kulat\u00fd hrot, \u010dern\u00fd StavebninyNikol","robots":{"index":"index","follow":"follow","max-snippet":"max-snippet:-1","max-image-preview":"max-image-preview:large","max-video-preview":"max-video-preview:-1"},"canonical":"https:\/\/stavebninynikol.cz\/index.php\/product\/permanentni-popisovac-velky-centropen-kulaty-hrot-cerny\/","og_locale":"cs_CZ","og_type":"article","og_title":"Permanentn\u00ed popisova\u010d Velk\u00fd Centropen - kulat\u00fd hrot, \u010dern\u00fd - StavebninyNikol","og_description":"Permanentn\u00ed popisova\u010d Velk\u00fd Centropen - kulat\u00fd hrot, \u010dern\u00fd StavebninyNikol","og_url":"https:\/\/stavebninynikol.cz\/index.php\/product\/permanentni-popisovac-velky-centropen-kulaty-hrot-cerny\/","og_site_name":"StavebninyNikol","article_publisher":"https:\/\/www.facebook.com\/profile.php?id=100057375402895&mibextid=wwXIfr&rdid=6fQOqALSBiK69Ovq&share_url=httpswww.facebook.comshare1AicpAHGFPmibextidwwXIfr","og_image":[{"width":696,"height":700,"url":"https:\/\/stavebninynikol.cz\/wp-content\/uploads\/2026\/02\/permanentni-popisovac-centropen-8566-kulaty-hrot-cerny-original.webp","type":"image\/webp"}],"twitter_card":"summary_large_image","twitter_misc":{"Odhadovan\u00e1 doba \u010dten\u00ed":"1 minuta"},"schema":{"@context":"https:\/\/schema.org","@graph":[{"@type":"WebPage","@id":"https:\/\/stavebninynikol.cz\/index.php\/product\/permanentni-popisovac-velky-centropen-kulaty-hrot-cerny\/","url":"https:\/\/stavebninynikol.cz\/index.php\/product\/permanentni-popisovac-velky-centropen-kulaty-hrot-cerny\/","name":"Permanentn\u00ed popisova\u010d Velk\u00fd Centropen - kulat\u00fd hrot, \u010dern\u00fd - StavebninyNikol","isPartOf":{"@id":"https:\/\/stavebninynikol.cz\/#website"},"primaryImageOfPage":{"@id":"https:\/\/stavebninynikol.cz\/index.php\/product\/permanentni-popisovac-velky-centropen-kulaty-hrot-cerny\/#primaryimage"},"image":{"@id":"https:\/\/stavebninynikol.cz\/index.php\/product\/permanentni-popisovac-velky-centropen-kulaty-hrot-cerny\/#primaryimage"},"thumbnailUrl":"https:\/\/stavebninynikol.cz\/wp-content\/uploads\/2026\/02\/permanentni-popisovac-centropen-8566-kulaty-hrot-cerny-original.webp","datePublished":"2026-02-10T09:39:33+00:00","description":"Permanentn\u00ed popisova\u010d Velk\u00fd Centropen - kulat\u00fd hrot, \u010dern\u00fd StavebninyNikol","breadcrumb":{"@id":"https:\/\/stavebninynikol.cz\/index.php\/product\/permanentni-popisovac-velky-centropen-kulaty-hrot-cerny\/#breadcrumb"},"inLanguage":"cs","potentialAction":[{"@type":"ReadAction","target":["https:\/\/stavebninynikol.cz\/index.php\/product\/permanentni-popisovac-velky-centropen-kulaty-hrot-cerny\/"]}]},{"@type":"ImageObject","inLanguage":"cs","@id":"https:\/\/stavebninynikol.cz\/index.php\/product\/permanentni-popisovac-velky-centropen-kulaty-hrot-cerny\/#primaryimage","url":"https:\/\/stavebninynikol.cz\/wp-content\/uploads\/2026\/02\/permanentni-popisovac-centropen-8566-kulaty-hrot-cerny-original.webp","contentUrl":"https:\/\/stavebninynikol.cz\/wp-content\/uploads\/2026\/02\/permanentni-popisovac-centropen-8566-kulaty-hrot-cerny-original.webp","width":696,"height":700},{"@type":"BreadcrumbList","@id":"https:\/\/stavebninynikol.cz\/index.php\/product\/permanentni-popisovac-velky-centropen-kulaty-hrot-cerny\/#breadcrumb","itemListElement":[{"@type":"ListItem","position":1,"name":"Dom\u016f","item":"https:\/\/stavebninynikol.cz\/"},{"@type":"ListItem","position":2,"name":"Take Your Adventure To The Next Level","item":"https:\/\/stavebninynikol.cz\/index.php\/shop\/"},{"@type":"ListItem","position":3,"name":"Permanentn\u00ed popisova\u010d Velk\u00fd Centropen &#8211; kulat\u00fd hrot, \u010dern\u00fd"}]},{"@type":"WebSite","@id":"https:\/\/stavebninynikol.cz\/#website","url":"https:\/\/stavebninynikol.cz\/","name":"StavebninyNikol","description":"stavebniny nikol","publisher":{"@id":"https:\/\/stavebninynikol.cz\/#organization"},"potentialAction":[{"@type":"SearchAction","target":{"@type":"EntryPoint","urlTemplate":"https:\/\/stavebninynikol.cz\/?s={search_term_string}"},"query-input":{"@type":"PropertyValueSpecification","valueRequired":true,"valueName":"search_term_string"}}],"inLanguage":"cs"},{"@type":"Organization","@id":"https:\/\/stavebninynikol.cz\/#organization","name":"StavebninyNikol","url":"https:\/\/stavebninynikol.cz\/","logo":{"@type":"ImageObject","inLanguage":"cs","@id":"https:\/\/stavebninynikol.cz\/#\/schema\/logo\/image\/","url":"https:\/\/stavebninynikol.cz\/wp-content\/uploads\/2025\/07\/NIKOL_logo.eps-1-e1757927564347.webp","contentUrl":"https:\/\/stavebninynikol.cz\/wp-content\/uploads\/2025\/07\/NIKOL_logo.eps-1-e1757927564347.webp","width":512,"height":132,"caption":"StavebninyNikol"},"image":{"@id":"https:\/\/stavebninynikol.cz\/#\/schema\/logo\/image\/"},"sameAs":["https:\/\/www.facebook.com\/profile.php?id=100057375402895&mibextid=wwXIfr&rdid=6fQOqALSBiK69Ovq&share_url=httpswww.facebook.comshare1AicpAHGFPmibextidwwXIfr"]}]}},"_links":{"self":[{"href":"https:\/\/stavebninynikol.cz\/index.php\/wp-json\/wp\/v2\/product\/3493","targetHints":{"allow":["GET"]}}],"collection":[{"href":"https:\/\/stavebninynikol.cz\/index.php\/wp-json\/wp\/v2\/product"}],"about":[{"href":"https:\/\/stavebninynikol.cz\/index.php\/wp-json\/wp\/v2\/types\/product"}],"replies":[{"embeddable":true,"href":"https:\/\/stavebninynikol.cz\/index.php\/wp-json\/wp\/v2\/comments?post=3493"}],"wp:featuredmedia":[{"embeddable":true,"href":"https:\/\/stavebninynikol.cz\/index.php\/wp-json\/wp\/v2\/media\/3494"}],"wp:attachment":[{"href":"https:\/\/stavebninynikol.cz\/index.php\/wp-json\/wp\/v2\/media?parent=3493"}],"wp:term":[{"taxonomy":"product_brand","embeddable":true,"href":"https:\/\/stavebninynikol.cz\/index.php\/wp-json\/wp\/v2\/product_brand?post=3493"},{"taxonomy":"product_cat","embeddable":true,"href":"https:\/\/stavebninynikol.cz\/index.php\/wp-json\/wp\/v2\/product_cat?post=3493"},{"taxonomy":"product_tag","embeddable":true,"href":"https:\/\/stavebninynikol.cz\/index.php\/wp-json\/wp\/v2\/product_tag?post=3493"}],"curies":[{"name":"wp","href":"https:\/\/api.w.org\/{rel}","templated":true}]}}