{"id":3511,"date":"2026-02-10T10:11:00","date_gmt":"2026-02-10T10:11:00","guid":{"rendered":"https:\/\/stavebninynikol.cz\/?post_type=product&#038;p=3511"},"modified":"2026-02-10T10:11:00","modified_gmt":"2026-02-10T10:11:00","slug":"lzice-nerez-160-mm-gumova-rukojet","status":"publish","type":"product","link":"https:\/\/stavebninynikol.cz\/index.php\/product\/lzice-nerez-160-mm-gumova-rukojet\/","title":{"rendered":"L\u017e\u00edce nerez, 160 mm, gumov\u00e1 rukoje\u0165"},"content":{"rendered":"","protected":false},"excerpt":{"rendered":"<ul>\n<li>l\u017e\u00edce zednick\u00e1 nerezov\u00e1<\/li>\n<li>l\u017e\u00edce vyrobena z kvalitn\u00ed nerezov\u00e9 oceli<\/li>\n<li>rukoje\u0165 ergonomick\u00e1 gumov\u00e1 KG1<\/li>\n<li>slou\u017e\u00ed k om\u00edt\u00e1n\u00ed a zd\u011bn\u00ed<\/li>\n<li>pro odokon\u010dovac\u00ed a \u0161tukat\u00e9rsk\u00e9 pr\u00e1ce<\/li>\n<\/ul>\n","protected":false},"featured_media":3509,"comment_status":"open","ping_status":"closed","template":"","meta":[],"product_brand":[],"product_cat":[424,461],"product_tag":[],"class_list":{"0":"post-3511","1":"product","2":"type-product","3":"status-publish","4":"has-post-thumbnail","6":"product_cat-rucni-stavebni-naradi-a-prislusenstvi","7":"product_cat-zednicke-lzice","9":"first","10":"instock","11":"shipping-taxable","12":"product-type-simple"},"yoast_head":"<!-- This site is optimized with the Yoast SEO plugin v26.9 - https:\/\/yoast.com\/product\/yoast-seo-wordpress\/ -->\n<title>L\u017e\u00edce nerez, 160 mm, gumov\u00e1 rukoje\u0165 - StavebninyNikol<\/title>\n<meta name=\"description\" content=\"L\u017e\u00edce nerez, 160 mm, gumov\u00e1 rukoje\u0165 StavebninyNikol\" \/>\n<meta name=\"robots\" content=\"index, follow, max-snippet:-1, max-image-preview:large, max-video-preview:-1\" \/>\n<link rel=\"canonical\" href=\"https:\/\/stavebninynikol.cz\/index.php\/product\/lzice-nerez-160-mm-gumova-rukojet\/\" \/>\n<meta property=\"og:locale\" content=\"cs_CZ\" \/>\n<meta property=\"og:type\" content=\"article\" \/>\n<meta property=\"og:title\" content=\"L\u017e\u00edce nerez, 160 mm, gumov\u00e1 rukoje\u0165 - StavebninyNikol\" \/>\n<meta property=\"og:description\" content=\"L\u017e\u00edce nerez, 160 mm, gumov\u00e1 rukoje\u0165 StavebninyNikol\" \/>\n<meta property=\"og:url\" content=\"https:\/\/stavebninynikol.cz\/index.php\/product\/lzice-nerez-160-mm-gumova-rukojet\/\" \/>\n<meta property=\"og:site_name\" content=\"StavebninyNikol\" \/>\n<meta property=\"article:publisher\" content=\"https:\/\/www.facebook.com\/profile.php?id=100057375402895&amp;mibextid=wwXIfr&amp;rdid=6fQOqALSBiK69Ovq&amp;share_url=httpswww.facebook.comshare1AicpAHGFPmibextidwwXIfr\" \/>\n<meta property=\"og:image\" content=\"https:\/\/stavebninynikol.cz\/wp-content\/uploads\/2026\/02\/131232Q_Lzice-nerez-120-mm-rukojet-gumova_0a.jpg\" \/>\n\t<meta property=\"og:image:width\" content=\"1200\" \/>\n\t<meta property=\"og:image:height\" content=\"800\" \/>\n\t<meta property=\"og:image:type\" content=\"image\/jpeg\" \/>\n<meta name=\"twitter:card\" content=\"summary_large_image\" \/>\n<meta name=\"twitter:label1\" content=\"Odhadovan\u00e1 doba \u010dten\u00ed\" \/>\n\t<meta name=\"twitter:data1\" content=\"1 minuta\" \/>\n<script type=\"application\/ld+json\" class=\"yoast-schema-graph\">{\"@context\":\"https:\/\/schema.org\",\"@graph\":[{\"@type\":\"WebPage\",\"@id\":\"https:\/\/stavebninynikol.cz\/index.php\/product\/lzice-nerez-160-mm-gumova-rukojet\/\",\"url\":\"https:\/\/stavebninynikol.cz\/index.php\/product\/lzice-nerez-160-mm-gumova-rukojet\/\",\"name\":\"L\u017e\u00edce nerez, 160 mm, gumov\u00e1 rukoje\u0165 - StavebninyNikol\",\"isPartOf\":{\"@id\":\"https:\/\/stavebninynikol.cz\/#website\"},\"primaryImageOfPage\":{\"@id\":\"https:\/\/stavebninynikol.cz\/index.php\/product\/lzice-nerez-160-mm-gumova-rukojet\/#primaryimage\"},\"image\":{\"@id\":\"https:\/\/stavebninynikol.cz\/index.php\/product\/lzice-nerez-160-mm-gumova-rukojet\/#primaryimage\"},\"thumbnailUrl\":\"https:\/\/stavebninynikol.cz\/wp-content\/uploads\/2026\/02\/131232Q_Lzice-nerez-120-mm-rukojet-gumova_0a.jpg\",\"datePublished\":\"2026-02-10T10:11:00+00:00\",\"description\":\"L\u017e\u00edce nerez, 160 mm, gumov\u00e1 rukoje\u0165 StavebninyNikol\",\"breadcrumb\":{\"@id\":\"https:\/\/stavebninynikol.cz\/index.php\/product\/lzice-nerez-160-mm-gumova-rukojet\/#breadcrumb\"},\"inLanguage\":\"cs\",\"potentialAction\":[{\"@type\":\"ReadAction\",\"target\":[\"https:\/\/stavebninynikol.cz\/index.php\/product\/lzice-nerez-160-mm-gumova-rukojet\/\"]}]},{\"@type\":\"ImageObject\",\"inLanguage\":\"cs\",\"@id\":\"https:\/\/stavebninynikol.cz\/index.php\/product\/lzice-nerez-160-mm-gumova-rukojet\/#primaryimage\",\"url\":\"https:\/\/stavebninynikol.cz\/wp-content\/uploads\/2026\/02\/131232Q_Lzice-nerez-120-mm-rukojet-gumova_0a.jpg\",\"contentUrl\":\"https:\/\/stavebninynikol.cz\/wp-content\/uploads\/2026\/02\/131232Q_Lzice-nerez-120-mm-rukojet-gumova_0a.jpg\",\"width\":1200,\"height\":800},{\"@type\":\"BreadcrumbList\",\"@id\":\"https:\/\/stavebninynikol.cz\/index.php\/product\/lzice-nerez-160-mm-gumova-rukojet\/#breadcrumb\",\"itemListElement\":[{\"@type\":\"ListItem\",\"position\":1,\"name\":\"Dom\u016f\",\"item\":\"https:\/\/stavebninynikol.cz\/\"},{\"@type\":\"ListItem\",\"position\":2,\"name\":\"Take Your Adventure To The Next Level\",\"item\":\"https:\/\/stavebninynikol.cz\/index.php\/shop\/\"},{\"@type\":\"ListItem\",\"position\":3,\"name\":\"L\u017e\u00edce nerez, 160 mm, gumov\u00e1 rukoje\u0165\"}]},{\"@type\":\"WebSite\",\"@id\":\"https:\/\/stavebninynikol.cz\/#website\",\"url\":\"https:\/\/stavebninynikol.cz\/\",\"name\":\"StavebninyNikol\",\"description\":\"stavebniny nikol\",\"publisher\":{\"@id\":\"https:\/\/stavebninynikol.cz\/#organization\"},\"potentialAction\":[{\"@type\":\"SearchAction\",\"target\":{\"@type\":\"EntryPoint\",\"urlTemplate\":\"https:\/\/stavebninynikol.cz\/?s={search_term_string}\"},\"query-input\":{\"@type\":\"PropertyValueSpecification\",\"valueRequired\":true,\"valueName\":\"search_term_string\"}}],\"inLanguage\":\"cs\"},{\"@type\":\"Organization\",\"@id\":\"https:\/\/stavebninynikol.cz\/#organization\",\"name\":\"StavebninyNikol\",\"url\":\"https:\/\/stavebninynikol.cz\/\",\"logo\":{\"@type\":\"ImageObject\",\"inLanguage\":\"cs\",\"@id\":\"https:\/\/stavebninynikol.cz\/#\/schema\/logo\/image\/\",\"url\":\"https:\/\/stavebninynikol.cz\/wp-content\/uploads\/2025\/07\/NIKOL_logo.eps-1-e1757927564347.webp\",\"contentUrl\":\"https:\/\/stavebninynikol.cz\/wp-content\/uploads\/2025\/07\/NIKOL_logo.eps-1-e1757927564347.webp\",\"width\":512,\"height\":132,\"caption\":\"StavebninyNikol\"},\"image\":{\"@id\":\"https:\/\/stavebninynikol.cz\/#\/schema\/logo\/image\/\"},\"sameAs\":[\"https:\/\/www.facebook.com\/profile.php?id=100057375402895&mibextid=wwXIfr&rdid=6fQOqALSBiK69Ovq&share_url=httpswww.facebook.comshare1AicpAHGFPmibextidwwXIfr\"]}]}<\/script>\n<!-- \/ Yoast SEO plugin. -->","yoast_head_json":{"title":"L\u017e\u00edce nerez, 160 mm, gumov\u00e1 rukoje\u0165 - StavebninyNikol","description":"L\u017e\u00edce nerez, 160 mm, gumov\u00e1 rukoje\u0165 StavebninyNikol","robots":{"index":"index","follow":"follow","max-snippet":"max-snippet:-1","max-image-preview":"max-image-preview:large","max-video-preview":"max-video-preview:-1"},"canonical":"https:\/\/stavebninynikol.cz\/index.php\/product\/lzice-nerez-160-mm-gumova-rukojet\/","og_locale":"cs_CZ","og_type":"article","og_title":"L\u017e\u00edce nerez, 160 mm, gumov\u00e1 rukoje\u0165 - StavebninyNikol","og_description":"L\u017e\u00edce nerez, 160 mm, gumov\u00e1 rukoje\u0165 StavebninyNikol","og_url":"https:\/\/stavebninynikol.cz\/index.php\/product\/lzice-nerez-160-mm-gumova-rukojet\/","og_site_name":"StavebninyNikol","article_publisher":"https:\/\/www.facebook.com\/profile.php?id=100057375402895&mibextid=wwXIfr&rdid=6fQOqALSBiK69Ovq&share_url=httpswww.facebook.comshare1AicpAHGFPmibextidwwXIfr","og_image":[{"width":1200,"height":800,"url":"https:\/\/stavebninynikol.cz\/wp-content\/uploads\/2026\/02\/131232Q_Lzice-nerez-120-mm-rukojet-gumova_0a.jpg","type":"image\/jpeg"}],"twitter_card":"summary_large_image","twitter_misc":{"Odhadovan\u00e1 doba \u010dten\u00ed":"1 minuta"},"schema":{"@context":"https:\/\/schema.org","@graph":[{"@type":"WebPage","@id":"https:\/\/stavebninynikol.cz\/index.php\/product\/lzice-nerez-160-mm-gumova-rukojet\/","url":"https:\/\/stavebninynikol.cz\/index.php\/product\/lzice-nerez-160-mm-gumova-rukojet\/","name":"L\u017e\u00edce nerez, 160 mm, gumov\u00e1 rukoje\u0165 - StavebninyNikol","isPartOf":{"@id":"https:\/\/stavebninynikol.cz\/#website"},"primaryImageOfPage":{"@id":"https:\/\/stavebninynikol.cz\/index.php\/product\/lzice-nerez-160-mm-gumova-rukojet\/#primaryimage"},"image":{"@id":"https:\/\/stavebninynikol.cz\/index.php\/product\/lzice-nerez-160-mm-gumova-rukojet\/#primaryimage"},"thumbnailUrl":"https:\/\/stavebninynikol.cz\/wp-content\/uploads\/2026\/02\/131232Q_Lzice-nerez-120-mm-rukojet-gumova_0a.jpg","datePublished":"2026-02-10T10:11:00+00:00","description":"L\u017e\u00edce nerez, 160 mm, gumov\u00e1 rukoje\u0165 StavebninyNikol","breadcrumb":{"@id":"https:\/\/stavebninynikol.cz\/index.php\/product\/lzice-nerez-160-mm-gumova-rukojet\/#breadcrumb"},"inLanguage":"cs","potentialAction":[{"@type":"ReadAction","target":["https:\/\/stavebninynikol.cz\/index.php\/product\/lzice-nerez-160-mm-gumova-rukojet\/"]}]},{"@type":"ImageObject","inLanguage":"cs","@id":"https:\/\/stavebninynikol.cz\/index.php\/product\/lzice-nerez-160-mm-gumova-rukojet\/#primaryimage","url":"https:\/\/stavebninynikol.cz\/wp-content\/uploads\/2026\/02\/131232Q_Lzice-nerez-120-mm-rukojet-gumova_0a.jpg","contentUrl":"https:\/\/stavebninynikol.cz\/wp-content\/uploads\/2026\/02\/131232Q_Lzice-nerez-120-mm-rukojet-gumova_0a.jpg","width":1200,"height":800},{"@type":"BreadcrumbList","@id":"https:\/\/stavebninynikol.cz\/index.php\/product\/lzice-nerez-160-mm-gumova-rukojet\/#breadcrumb","itemListElement":[{"@type":"ListItem","position":1,"name":"Dom\u016f","item":"https:\/\/stavebninynikol.cz\/"},{"@type":"ListItem","position":2,"name":"Take Your Adventure To The Next Level","item":"https:\/\/stavebninynikol.cz\/index.php\/shop\/"},{"@type":"ListItem","position":3,"name":"L\u017e\u00edce nerez, 160 mm, gumov\u00e1 rukoje\u0165"}]},{"@type":"WebSite","@id":"https:\/\/stavebninynikol.cz\/#website","url":"https:\/\/stavebninynikol.cz\/","name":"StavebninyNikol","description":"stavebniny nikol","publisher":{"@id":"https:\/\/stavebninynikol.cz\/#organization"},"potentialAction":[{"@type":"SearchAction","target":{"@type":"EntryPoint","urlTemplate":"https:\/\/stavebninynikol.cz\/?s={search_term_string}"},"query-input":{"@type":"PropertyValueSpecification","valueRequired":true,"valueName":"search_term_string"}}],"inLanguage":"cs"},{"@type":"Organization","@id":"https:\/\/stavebninynikol.cz\/#organization","name":"StavebninyNikol","url":"https:\/\/stavebninynikol.cz\/","logo":{"@type":"ImageObject","inLanguage":"cs","@id":"https:\/\/stavebninynikol.cz\/#\/schema\/logo\/image\/","url":"https:\/\/stavebninynikol.cz\/wp-content\/uploads\/2025\/07\/NIKOL_logo.eps-1-e1757927564347.webp","contentUrl":"https:\/\/stavebninynikol.cz\/wp-content\/uploads\/2025\/07\/NIKOL_logo.eps-1-e1757927564347.webp","width":512,"height":132,"caption":"StavebninyNikol"},"image":{"@id":"https:\/\/stavebninynikol.cz\/#\/schema\/logo\/image\/"},"sameAs":["https:\/\/www.facebook.com\/profile.php?id=100057375402895&mibextid=wwXIfr&rdid=6fQOqALSBiK69Ovq&share_url=httpswww.facebook.comshare1AicpAHGFPmibextidwwXIfr"]}]}},"_links":{"self":[{"href":"https:\/\/stavebninynikol.cz\/index.php\/wp-json\/wp\/v2\/product\/3511","targetHints":{"allow":["GET"]}}],"collection":[{"href":"https:\/\/stavebninynikol.cz\/index.php\/wp-json\/wp\/v2\/product"}],"about":[{"href":"https:\/\/stavebninynikol.cz\/index.php\/wp-json\/wp\/v2\/types\/product"}],"replies":[{"embeddable":true,"href":"https:\/\/stavebninynikol.cz\/index.php\/wp-json\/wp\/v2\/comments?post=3511"}],"wp:featuredmedia":[{"embeddable":true,"href":"https:\/\/stavebninynikol.cz\/index.php\/wp-json\/wp\/v2\/media\/3509"}],"wp:attachment":[{"href":"https:\/\/stavebninynikol.cz\/index.php\/wp-json\/wp\/v2\/media?parent=3511"}],"wp:term":[{"taxonomy":"product_brand","embeddable":true,"href":"https:\/\/stavebninynikol.cz\/index.php\/wp-json\/wp\/v2\/product_brand?post=3511"},{"taxonomy":"product_cat","embeddable":true,"href":"https:\/\/stavebninynikol.cz\/index.php\/wp-json\/wp\/v2\/product_cat?post=3511"},{"taxonomy":"product_tag","embeddable":true,"href":"https:\/\/stavebninynikol.cz\/index.php\/wp-json\/wp\/v2\/product_tag?post=3511"}],"curies":[{"name":"wp","href":"https:\/\/api.w.org\/{rel}","templated":true}]}}